{"id":57409,"date":"2026-03-17T01:48:09","date_gmt":"2026-03-16T22:48:09","guid":{"rendered":"https:\/\/ranoja.ee\/toode\/hudrauliline-horisontaalne-puulohkuja-hl760ls-jalgadel-7-t-scheppach\/"},"modified":"2026-03-17T15:44:50","modified_gmt":"2026-03-17T12:44:50","slug":"hudrauliline-horisontaalne-puulohkuja-hl760ls-jalgadel-7-t-scheppach","status":"publish","type":"product","link":"https:\/\/ranoja.ee\/en\/toode\/hudrauliline-horisontaalne-puulohkuja-hl760ls-jalgadel-7-t-scheppach\/","title":{"rendered":"H\u00fcdrauliline horisontaalne puul\u00f5hkuja HL760LS jalgadel, 7 t, Scheppach"},"content":{"rendered":"","protected":false},"excerpt":{"rendered":"<p>Tehnilised andmed:<br \/>\nM\u00f5\u00f5dud: 1160 x 425 x 610 mm<br \/>\nT\u00f5ukej\u00f5ud: 7 tonni<br \/>\nT\u00f6\u00f6deldava puidu l\u00e4bim\u00f5\u00f5t (Min -Max): 55 &#8211; 250 mm<br \/>\nMaksimaalne halu pikkus: 52 cm<br \/>\nL\u00f5hkumiskiirus 30,8mm\/sek<br \/>\nElektrimootori nimipinge: 230V \/ 50Hz<br \/>\nEl.mootori v\u00f5imsus: 2200 W<br \/>\nKaal: 59 kg.<\/p>\n<p>Lihtne ja turvaline puul\u00f5hkumismasin, millel on t\u00f6\u00f6silindri automaatne tagastus, j\u00e4ik nuga ja sujuv t\u00f6\u00f6k\u00e4ik.<br \/>\nPuul\u00f5hkuja on varustatud transportimiseks \u00fche rattapaariga.<br \/>\nL\u00f5hkumiskiirus kuni 100 halgu tunnis.<br \/>\nKomplektis olevad jalad tagavad mugava t\u00f6\u00f6asendi.<\/p>\n<p>*Pilt illustreeriv!<\/p>\n","protected":false},"featured_media":57410,"template":"","meta":{"inline_featured_image":false},"product_cat":[1087,1089],"product_tag":[],"class_list":{"0":"post-57409","1":"product","2":"type-product","3":"status-publish","4":"has-post-thumbnail","6":"product_brand-scheppach","7":"product_cat-metsatehnika","8":"product_cat-puulohkumismasinad","10":"first","11":"instock","12":"purchasable","13":"product-type-simple"},"yoast_head":"<!-- This site is optimized with the Yoast SEO plugin v27.4 - https:\/\/yoast.com\/product\/yoast-seo-wordpress\/ -->\n<title>H\u00fcdrauliline horisontaalne puul\u00f5hkuja HL760LS jalgadel, 7 t, Scheppach - Ranoja<\/title>\n<meta name=\"robots\" content=\"index, follow, max-snippet:-1, max-image-preview:large, max-video-preview:-1\" \/>\n<link rel=\"canonical\" href=\"https:\/\/ranoja.ee\/toode\/hudrauliline-horisontaalne-puulohkuja-hl760ls-jalgadel-7-t-scheppach\/\" \/>\n<meta property=\"og:locale\" content=\"en_US\" \/>\n<meta property=\"og:type\" content=\"article\" \/>\n<meta property=\"og:title\" content=\"H\u00fcdrauliline horisontaalne puul\u00f5hkuja HL760LS jalgadel, 7 t, Scheppach - Ranoja\" \/>\n<meta property=\"og:description\" content=\"Tehnilised andmed: M\u00f5\u00f5dud: 1160 x 425 x 610 mm T\u00f5ukej\u00f5ud: 7 tonni T\u00f6\u00f6deldava puidu l\u00e4bim\u00f5\u00f5t (Min -Max): 55 - 250 mm Maksimaalne halu pikkus: 52 cm L\u00f5hkumiskiirus 30,8mm\/sek Elektrimootori nimipinge: 230V \/ 50Hz El.mootori v\u00f5imsus: 2200 W Kaal: 59 kg. Lihtne ja turvaline puul\u00f5hkumismasin, millel on t\u00f6\u00f6silindri automaatne tagastus, j\u00e4ik nuga ja sujuv t\u00f6\u00f6k\u00e4ik. Puul\u00f5hkuja on varustatud transportimiseks \u00fche rattapaariga. L\u00f5hkumiskiirus kuni 100 halgu tunnis. Komplektis olevad jalad tagavad mugava t\u00f6\u00f6asendi. *Pilt illustreeriv!\" \/>\n<meta property=\"og:url\" content=\"https:\/\/ranoja.ee\/toode\/hudrauliline-horisontaalne-puulohkuja-hl760ls-jalgadel-7-t-scheppach\/\" \/>\n<meta property=\"og:site_name\" content=\"Ranoja\" \/>\n<meta property=\"article:publisher\" content=\"https:\/\/www.facebook.com\/ranoja.ee\" \/>\n<meta property=\"article:modified_time\" content=\"2026-03-17T12:44:50+00:00\" \/>\n<meta property=\"og:image\" content=\"https:\/\/ranoja.ee\/wp-content\/uploads\/2026\/03\/232023140.jpg\" \/>\n\t<meta property=\"og:image:width\" content=\"730\" \/>\n\t<meta property=\"og:image:height\" content=\"768\" \/>\n\t<meta property=\"og:image:type\" content=\"image\/jpeg\" \/>\n<meta name=\"twitter:card\" content=\"summary_large_image\" \/>\n<script type=\"application\/ld+json\" class=\"yoast-schema-graph\">{\"@context\":\"https:\\\/\\\/schema.org\",\"@graph\":[{\"@type\":\"WebPage\",\"@id\":\"https:\\\/\\\/ranoja.ee\\\/toode\\\/hudrauliline-horisontaalne-puulohkuja-hl760ls-jalgadel-7-t-scheppach\\\/\",\"url\":\"https:\\\/\\\/ranoja.ee\\\/toode\\\/hudrauliline-horisontaalne-puulohkuja-hl760ls-jalgadel-7-t-scheppach\\\/\",\"name\":\"H\u00fcdrauliline horisontaalne puul\u00f5hkuja HL760LS jalgadel, 7 t, Scheppach - Ranoja\",\"isPartOf\":{\"@id\":\"https:\\\/\\\/ranoja.ee\\\/#website\"},\"primaryImageOfPage\":{\"@id\":\"https:\\\/\\\/ranoja.ee\\\/toode\\\/hudrauliline-horisontaalne-puulohkuja-hl760ls-jalgadel-7-t-scheppach\\\/#primaryimage\"},\"image\":{\"@id\":\"https:\\\/\\\/ranoja.ee\\\/toode\\\/hudrauliline-horisontaalne-puulohkuja-hl760ls-jalgadel-7-t-scheppach\\\/#primaryimage\"},\"thumbnailUrl\":\"https:\\\/\\\/ranoja.ee\\\/wp-content\\\/uploads\\\/2026\\\/03\\\/232023140.jpg\",\"datePublished\":\"2026-03-16T22:48:09+00:00\",\"dateModified\":\"2026-03-17T12:44:50+00:00\",\"breadcrumb\":{\"@id\":\"https:\\\/\\\/ranoja.ee\\\/toode\\\/hudrauliline-horisontaalne-puulohkuja-hl760ls-jalgadel-7-t-scheppach\\\/#breadcrumb\"},\"inLanguage\":\"en-US\",\"potentialAction\":[{\"@type\":\"ReadAction\",\"target\":[\"https:\\\/\\\/ranoja.ee\\\/toode\\\/hudrauliline-horisontaalne-puulohkuja-hl760ls-jalgadel-7-t-scheppach\\\/\"]}]},{\"@type\":\"ImageObject\",\"inLanguage\":\"en-US\",\"@id\":\"https:\\\/\\\/ranoja.ee\\\/toode\\\/hudrauliline-horisontaalne-puulohkuja-hl760ls-jalgadel-7-t-scheppach\\\/#primaryimage\",\"url\":\"https:\\\/\\\/ranoja.ee\\\/wp-content\\\/uploads\\\/2026\\\/03\\\/232023140.jpg\",\"contentUrl\":\"https:\\\/\\\/ranoja.ee\\\/wp-content\\\/uploads\\\/2026\\\/03\\\/232023140.jpg\",\"width\":730,\"height\":768},{\"@type\":\"BreadcrumbList\",\"@id\":\"https:\\\/\\\/ranoja.ee\\\/toode\\\/hudrauliline-horisontaalne-puulohkuja-hl760ls-jalgadel-7-t-scheppach\\\/#breadcrumb\",\"itemListElement\":[{\"@type\":\"ListItem\",\"position\":1,\"name\":\"Home\",\"item\":\"https:\\\/\\\/ranoja.ee\\\/\"},{\"@type\":\"ListItem\",\"position\":2,\"name\":\"Shop\",\"item\":\"https:\\\/\\\/ranoja.ee\\\/en\\\/shop\\\/\"},{\"@type\":\"ListItem\",\"position\":3,\"name\":\"H\u00fcdrauliline horisontaalne puul\u00f5hkuja HL760LS jalgadel, 7 t, Scheppach\"}]},{\"@type\":\"WebSite\",\"@id\":\"https:\\\/\\\/ranoja.ee\\\/#website\",\"url\":\"https:\\\/\\\/ranoja.ee\\\/\",\"name\":\"Ranoja\",\"description\":\"Equipment Shop WooCommerce WordPress Theme for Machine &amp; Tools\",\"publisher\":{\"@id\":\"https:\\\/\\\/ranoja.ee\\\/#organization\"},\"potentialAction\":[{\"@type\":\"SearchAction\",\"target\":{\"@type\":\"EntryPoint\",\"urlTemplate\":\"https:\\\/\\\/ranoja.ee\\\/?s={search_term_string}\"},\"query-input\":{\"@type\":\"PropertyValueSpecification\",\"valueRequired\":true,\"valueName\":\"search_term_string\"}}],\"inLanguage\":\"en-US\"},{\"@type\":\"Organization\",\"@id\":\"https:\\\/\\\/ranoja.ee\\\/#organization\",\"name\":\"Ranoja O\u00dc\",\"url\":\"https:\\\/\\\/ranoja.ee\\\/\",\"logo\":{\"@type\":\"ImageObject\",\"inLanguage\":\"en-US\",\"@id\":\"https:\\\/\\\/ranoja.ee\\\/#\\\/schema\\\/logo\\\/image\\\/\",\"url\":\"https:\\\/\\\/ranoja.ee\\\/wp-content\\\/uploads\\\/2023\\\/11\\\/ranoja-Logo.png\",\"contentUrl\":\"https:\\\/\\\/ranoja.ee\\\/wp-content\\\/uploads\\\/2023\\\/11\\\/ranoja-Logo.png\",\"width\":207,\"height\":58,\"caption\":\"Ranoja O\u00dc\"},\"image\":{\"@id\":\"https:\\\/\\\/ranoja.ee\\\/#\\\/schema\\\/logo\\\/image\\\/\"},\"sameAs\":[\"https:\\\/\\\/www.facebook.com\\\/ranoja.ee\",\"https:\\\/\\\/www.instagram.com\\\/ranoja__\\\/\"]}]}<\/script>\n<!-- \/ Yoast SEO plugin. -->","yoast_head_json":{"title":"H\u00fcdrauliline horisontaalne puul\u00f5hkuja HL760LS jalgadel, 7 t, Scheppach - Ranoja","robots":{"index":"index","follow":"follow","max-snippet":"max-snippet:-1","max-image-preview":"max-image-preview:large","max-video-preview":"max-video-preview:-1"},"canonical":"https:\/\/ranoja.ee\/toode\/hudrauliline-horisontaalne-puulohkuja-hl760ls-jalgadel-7-t-scheppach\/","og_locale":"en_US","og_type":"article","og_title":"H\u00fcdrauliline horisontaalne puul\u00f5hkuja HL760LS jalgadel, 7 t, Scheppach - Ranoja","og_description":"Tehnilised andmed: M\u00f5\u00f5dud: 1160 x 425 x 610 mm T\u00f5ukej\u00f5ud: 7 tonni T\u00f6\u00f6deldava puidu l\u00e4bim\u00f5\u00f5t (Min -Max): 55 - 250 mm Maksimaalne halu pikkus: 52 cm L\u00f5hkumiskiirus 30,8mm\/sek Elektrimootori nimipinge: 230V \/ 50Hz El.mootori v\u00f5imsus: 2200 W Kaal: 59 kg. Lihtne ja turvaline puul\u00f5hkumismasin, millel on t\u00f6\u00f6silindri automaatne tagastus, j\u00e4ik nuga ja sujuv t\u00f6\u00f6k\u00e4ik. Puul\u00f5hkuja on varustatud transportimiseks \u00fche rattapaariga. L\u00f5hkumiskiirus kuni 100 halgu tunnis. Komplektis olevad jalad tagavad mugava t\u00f6\u00f6asendi. *Pilt illustreeriv!","og_url":"https:\/\/ranoja.ee\/toode\/hudrauliline-horisontaalne-puulohkuja-hl760ls-jalgadel-7-t-scheppach\/","og_site_name":"Ranoja","article_publisher":"https:\/\/www.facebook.com\/ranoja.ee","article_modified_time":"2026-03-17T12:44:50+00:00","og_image":[{"width":730,"height":768,"url":"https:\/\/ranoja.ee\/wp-content\/uploads\/2026\/03\/232023140.jpg","type":"image\/jpeg"}],"twitter_card":"summary_large_image","schema":{"@context":"https:\/\/schema.org","@graph":[{"@type":"WebPage","@id":"https:\/\/ranoja.ee\/toode\/hudrauliline-horisontaalne-puulohkuja-hl760ls-jalgadel-7-t-scheppach\/","url":"https:\/\/ranoja.ee\/toode\/hudrauliline-horisontaalne-puulohkuja-hl760ls-jalgadel-7-t-scheppach\/","name":"H\u00fcdrauliline horisontaalne puul\u00f5hkuja HL760LS jalgadel, 7 t, Scheppach - Ranoja","isPartOf":{"@id":"https:\/\/ranoja.ee\/#website"},"primaryImageOfPage":{"@id":"https:\/\/ranoja.ee\/toode\/hudrauliline-horisontaalne-puulohkuja-hl760ls-jalgadel-7-t-scheppach\/#primaryimage"},"image":{"@id":"https:\/\/ranoja.ee\/toode\/hudrauliline-horisontaalne-puulohkuja-hl760ls-jalgadel-7-t-scheppach\/#primaryimage"},"thumbnailUrl":"https:\/\/ranoja.ee\/wp-content\/uploads\/2026\/03\/232023140.jpg","datePublished":"2026-03-16T22:48:09+00:00","dateModified":"2026-03-17T12:44:50+00:00","breadcrumb":{"@id":"https:\/\/ranoja.ee\/toode\/hudrauliline-horisontaalne-puulohkuja-hl760ls-jalgadel-7-t-scheppach\/#breadcrumb"},"inLanguage":"en-US","potentialAction":[{"@type":"ReadAction","target":["https:\/\/ranoja.ee\/toode\/hudrauliline-horisontaalne-puulohkuja-hl760ls-jalgadel-7-t-scheppach\/"]}]},{"@type":"ImageObject","inLanguage":"en-US","@id":"https:\/\/ranoja.ee\/toode\/hudrauliline-horisontaalne-puulohkuja-hl760ls-jalgadel-7-t-scheppach\/#primaryimage","url":"https:\/\/ranoja.ee\/wp-content\/uploads\/2026\/03\/232023140.jpg","contentUrl":"https:\/\/ranoja.ee\/wp-content\/uploads\/2026\/03\/232023140.jpg","width":730,"height":768},{"@type":"BreadcrumbList","@id":"https:\/\/ranoja.ee\/toode\/hudrauliline-horisontaalne-puulohkuja-hl760ls-jalgadel-7-t-scheppach\/#breadcrumb","itemListElement":[{"@type":"ListItem","position":1,"name":"Home","item":"https:\/\/ranoja.ee\/"},{"@type":"ListItem","position":2,"name":"Shop","item":"https:\/\/ranoja.ee\/en\/shop\/"},{"@type":"ListItem","position":3,"name":"H\u00fcdrauliline horisontaalne puul\u00f5hkuja HL760LS jalgadel, 7 t, Scheppach"}]},{"@type":"WebSite","@id":"https:\/\/ranoja.ee\/#website","url":"https:\/\/ranoja.ee\/","name":"Ranoja","description":"Equipment Shop WooCommerce WordPress Theme for Machine &amp; Tools","publisher":{"@id":"https:\/\/ranoja.ee\/#organization"},"potentialAction":[{"@type":"SearchAction","target":{"@type":"EntryPoint","urlTemplate":"https:\/\/ranoja.ee\/?s={search_term_string}"},"query-input":{"@type":"PropertyValueSpecification","valueRequired":true,"valueName":"search_term_string"}}],"inLanguage":"en-US"},{"@type":"Organization","@id":"https:\/\/ranoja.ee\/#organization","name":"Ranoja O\u00dc","url":"https:\/\/ranoja.ee\/","logo":{"@type":"ImageObject","inLanguage":"en-US","@id":"https:\/\/ranoja.ee\/#\/schema\/logo\/image\/","url":"https:\/\/ranoja.ee\/wp-content\/uploads\/2023\/11\/ranoja-Logo.png","contentUrl":"https:\/\/ranoja.ee\/wp-content\/uploads\/2023\/11\/ranoja-Logo.png","width":207,"height":58,"caption":"Ranoja O\u00dc"},"image":{"@id":"https:\/\/ranoja.ee\/#\/schema\/logo\/image\/"},"sameAs":["https:\/\/www.facebook.com\/ranoja.ee","https:\/\/www.instagram.com\/ranoja__\/"]}]}},"_links":{"self":[{"href":"https:\/\/ranoja.ee\/en\/wp-json\/wp\/v2\/product\/57409","targetHints":{"allow":["GET"]}}],"collection":[{"href":"https:\/\/ranoja.ee\/en\/wp-json\/wp\/v2\/product"}],"about":[{"href":"https:\/\/ranoja.ee\/en\/wp-json\/wp\/v2\/types\/product"}],"wp:featuredmedia":[{"embeddable":true,"href":"https:\/\/ranoja.ee\/en\/wp-json\/wp\/v2\/media\/57410"}],"wp:attachment":[{"href":"https:\/\/ranoja.ee\/en\/wp-json\/wp\/v2\/media?parent=57409"}],"wp:term":[{"taxonomy":"product_cat","embeddable":true,"href":"https:\/\/ranoja.ee\/en\/wp-json\/wp\/v2\/product_cat?post=57409"},{"taxonomy":"product_tag","embeddable":true,"href":"https:\/\/ranoja.ee\/en\/wp-json\/wp\/v2\/product_tag?post=57409"}],"curies":[{"name":"wp","href":"https:\/\/api.w.org\/{rel}","templated":true}]}}