{"id":57381,"date":"2026-03-17T01:48:09","date_gmt":"2026-03-16T22:48:09","guid":{"rendered":"https:\/\/ranoja.ee\/toode\/saasepeletaja-taitekassett-40-tundi-thermacell\/"},"modified":"2026-03-17T15:44:51","modified_gmt":"2026-03-17T12:44:51","slug":"saasepeletaja-taitekassett-40-tundi-thermacell","status":"publish","type":"product","link":"https:\/\/ranoja.ee\/en\/toode\/saasepeletaja-taitekassett-40-tundi-thermacell\/","title":{"rendered":"S\u00e4\u00e4sepeletaja t\u00e4itekassett 40 tundi, Thermacell"},"content":{"rendered":"","protected":false},"excerpt":{"rendered":"<p>Need t\u00e4ielikult suletud vedelikt\u00e4itega kassetid kaitsevad 20 m\u00b2 suurust ala s\u00e4\u00e4skede eest. Kasutamiseks ainult akutoitega Thermacelli s\u00e4\u00e4sepeletajates. Koos Thermacelli akutoitel s\u00e4\u00e4sepeletajaga kasutamisel pakub see vedel t\u00f5rjeaine s\u00e4\u00e4sekaitset nii teile kui ka teid \u00fcmbritsevatele.<\/p>\n<p>* 40-tunnine t\u00e4itekassett kasutamiseks ainult akutoitega Thermacelli s\u00e4\u00e4sepeletajas.<br \/>\n* L\u00f5hnavaba, DEET-vaba ja lihtne.<br \/>\n* T\u00e4ielikult suletud ja lekkekindel. Reisis\u00f5bralik disain.<br \/>\n* Pakendis: \u00fcks t\u00e4itekassett 40 tunniks.<\/p>\n<p>Toimeainemetoflutriin\/pralletriin<br \/>\nKaitse kestus40 tundi<br \/>\nKaitsev\u00f6\u00f6ndi suurus20 m2<\/p>\n","protected":false},"featured_media":57382,"template":"","meta":{"inline_featured_image":false},"product_cat":[5020,5019],"product_tag":[],"class_list":{"0":"post-57381","1":"product","2":"type-product","3":"status-publish","4":"has-post-thumbnail","6":"product_brand-thermacell","7":"product_cat-putukatorjevahendid","8":"product_cat-varustus-ja-branditooted","10":"first","11":"outofstock","12":"purchasable","13":"product-type-simple"},"yoast_head":"<!-- This site is optimized with the Yoast SEO plugin v27.4 - https:\/\/yoast.com\/product\/yoast-seo-wordpress\/ -->\n<title>S\u00e4\u00e4sepeletaja t\u00e4itekassett 40 tundi, Thermacell - Ranoja<\/title>\n<meta name=\"robots\" content=\"index, follow, max-snippet:-1, max-image-preview:large, max-video-preview:-1\" \/>\n<link rel=\"canonical\" href=\"https:\/\/ranoja.ee\/toode\/saasepeletaja-taitekassett-40-tundi-thermacell\/\" \/>\n<meta property=\"og:locale\" content=\"en_US\" \/>\n<meta property=\"og:type\" content=\"article\" \/>\n<meta property=\"og:title\" content=\"S\u00e4\u00e4sepeletaja t\u00e4itekassett 40 tundi, Thermacell - Ranoja\" \/>\n<meta property=\"og:description\" content=\"Need t\u00e4ielikult suletud vedelikt\u00e4itega kassetid kaitsevad 20 m\u00b2 suurust ala s\u00e4\u00e4skede eest. Kasutamiseks ainult akutoitega Thermacelli s\u00e4\u00e4sepeletajates. Koos Thermacelli akutoitel s\u00e4\u00e4sepeletajaga kasutamisel pakub see vedel t\u00f5rjeaine s\u00e4\u00e4sekaitset nii teile kui ka teid \u00fcmbritsevatele. * 40-tunnine t\u00e4itekassett kasutamiseks ainult akutoitega Thermacelli s\u00e4\u00e4sepeletajas. * L\u00f5hnavaba, DEET-vaba ja lihtne. * T\u00e4ielikult suletud ja lekkekindel. Reisis\u00f5bralik disain. * Pakendis: \u00fcks t\u00e4itekassett 40 tunniks. Toimeainemetoflutriin\/pralletriin Kaitse kestus40 tundi Kaitsev\u00f6\u00f6ndi suurus20 m2\" \/>\n<meta property=\"og:url\" content=\"https:\/\/ranoja.ee\/toode\/saasepeletaja-taitekassett-40-tundi-thermacell\/\" \/>\n<meta property=\"og:site_name\" content=\"Ranoja\" \/>\n<meta property=\"article:publisher\" content=\"https:\/\/www.facebook.com\/ranoja.ee\" \/>\n<meta property=\"article:modified_time\" content=\"2026-03-17T12:44:51+00:00\" \/>\n<meta property=\"og:image\" content=\"https:\/\/ranoja.ee\/wp-content\/uploads\/2026\/03\/220233218.jpg\" \/>\n\t<meta property=\"og:image:width\" content=\"900\" \/>\n\t<meta property=\"og:image:height\" content=\"724\" \/>\n\t<meta property=\"og:image:type\" content=\"image\/jpeg\" \/>\n<meta name=\"twitter:card\" content=\"summary_large_image\" \/>\n<script type=\"application\/ld+json\" class=\"yoast-schema-graph\">{\"@context\":\"https:\\\/\\\/schema.org\",\"@graph\":[{\"@type\":\"WebPage\",\"@id\":\"https:\\\/\\\/ranoja.ee\\\/toode\\\/saasepeletaja-taitekassett-40-tundi-thermacell\\\/\",\"url\":\"https:\\\/\\\/ranoja.ee\\\/toode\\\/saasepeletaja-taitekassett-40-tundi-thermacell\\\/\",\"name\":\"S\u00e4\u00e4sepeletaja t\u00e4itekassett 40 tundi, Thermacell - Ranoja\",\"isPartOf\":{\"@id\":\"https:\\\/\\\/ranoja.ee\\\/#website\"},\"primaryImageOfPage\":{\"@id\":\"https:\\\/\\\/ranoja.ee\\\/toode\\\/saasepeletaja-taitekassett-40-tundi-thermacell\\\/#primaryimage\"},\"image\":{\"@id\":\"https:\\\/\\\/ranoja.ee\\\/toode\\\/saasepeletaja-taitekassett-40-tundi-thermacell\\\/#primaryimage\"},\"thumbnailUrl\":\"https:\\\/\\\/ranoja.ee\\\/wp-content\\\/uploads\\\/2026\\\/03\\\/220233218.jpg\",\"datePublished\":\"2026-03-16T22:48:09+00:00\",\"dateModified\":\"2026-03-17T12:44:51+00:00\",\"breadcrumb\":{\"@id\":\"https:\\\/\\\/ranoja.ee\\\/toode\\\/saasepeletaja-taitekassett-40-tundi-thermacell\\\/#breadcrumb\"},\"inLanguage\":\"en-US\",\"potentialAction\":[{\"@type\":\"ReadAction\",\"target\":[\"https:\\\/\\\/ranoja.ee\\\/toode\\\/saasepeletaja-taitekassett-40-tundi-thermacell\\\/\"]}]},{\"@type\":\"ImageObject\",\"inLanguage\":\"en-US\",\"@id\":\"https:\\\/\\\/ranoja.ee\\\/toode\\\/saasepeletaja-taitekassett-40-tundi-thermacell\\\/#primaryimage\",\"url\":\"https:\\\/\\\/ranoja.ee\\\/wp-content\\\/uploads\\\/2026\\\/03\\\/220233218.jpg\",\"contentUrl\":\"https:\\\/\\\/ranoja.ee\\\/wp-content\\\/uploads\\\/2026\\\/03\\\/220233218.jpg\",\"width\":900,\"height\":724},{\"@type\":\"BreadcrumbList\",\"@id\":\"https:\\\/\\\/ranoja.ee\\\/toode\\\/saasepeletaja-taitekassett-40-tundi-thermacell\\\/#breadcrumb\",\"itemListElement\":[{\"@type\":\"ListItem\",\"position\":1,\"name\":\"Home\",\"item\":\"https:\\\/\\\/ranoja.ee\\\/\"},{\"@type\":\"ListItem\",\"position\":2,\"name\":\"Shop\",\"item\":\"https:\\\/\\\/ranoja.ee\\\/en\\\/shop\\\/\"},{\"@type\":\"ListItem\",\"position\":3,\"name\":\"S\u00e4\u00e4sepeletaja t\u00e4itekassett 40 tundi, Thermacell\"}]},{\"@type\":\"WebSite\",\"@id\":\"https:\\\/\\\/ranoja.ee\\\/#website\",\"url\":\"https:\\\/\\\/ranoja.ee\\\/\",\"name\":\"Ranoja\",\"description\":\"Equipment Shop WooCommerce WordPress Theme for Machine &amp; Tools\",\"publisher\":{\"@id\":\"https:\\\/\\\/ranoja.ee\\\/#organization\"},\"potentialAction\":[{\"@type\":\"SearchAction\",\"target\":{\"@type\":\"EntryPoint\",\"urlTemplate\":\"https:\\\/\\\/ranoja.ee\\\/?s={search_term_string}\"},\"query-input\":{\"@type\":\"PropertyValueSpecification\",\"valueRequired\":true,\"valueName\":\"search_term_string\"}}],\"inLanguage\":\"en-US\"},{\"@type\":\"Organization\",\"@id\":\"https:\\\/\\\/ranoja.ee\\\/#organization\",\"name\":\"Ranoja O\u00dc\",\"url\":\"https:\\\/\\\/ranoja.ee\\\/\",\"logo\":{\"@type\":\"ImageObject\",\"inLanguage\":\"en-US\",\"@id\":\"https:\\\/\\\/ranoja.ee\\\/#\\\/schema\\\/logo\\\/image\\\/\",\"url\":\"https:\\\/\\\/ranoja.ee\\\/wp-content\\\/uploads\\\/2023\\\/11\\\/ranoja-Logo.png\",\"contentUrl\":\"https:\\\/\\\/ranoja.ee\\\/wp-content\\\/uploads\\\/2023\\\/11\\\/ranoja-Logo.png\",\"width\":207,\"height\":58,\"caption\":\"Ranoja O\u00dc\"},\"image\":{\"@id\":\"https:\\\/\\\/ranoja.ee\\\/#\\\/schema\\\/logo\\\/image\\\/\"},\"sameAs\":[\"https:\\\/\\\/www.facebook.com\\\/ranoja.ee\",\"https:\\\/\\\/www.instagram.com\\\/ranoja__\\\/\"]}]}<\/script>\n<!-- \/ Yoast SEO plugin. -->","yoast_head_json":{"title":"S\u00e4\u00e4sepeletaja t\u00e4itekassett 40 tundi, Thermacell - Ranoja","robots":{"index":"index","follow":"follow","max-snippet":"max-snippet:-1","max-image-preview":"max-image-preview:large","max-video-preview":"max-video-preview:-1"},"canonical":"https:\/\/ranoja.ee\/toode\/saasepeletaja-taitekassett-40-tundi-thermacell\/","og_locale":"en_US","og_type":"article","og_title":"S\u00e4\u00e4sepeletaja t\u00e4itekassett 40 tundi, Thermacell - Ranoja","og_description":"Need t\u00e4ielikult suletud vedelikt\u00e4itega kassetid kaitsevad 20 m\u00b2 suurust ala s\u00e4\u00e4skede eest. Kasutamiseks ainult akutoitega Thermacelli s\u00e4\u00e4sepeletajates. Koos Thermacelli akutoitel s\u00e4\u00e4sepeletajaga kasutamisel pakub see vedel t\u00f5rjeaine s\u00e4\u00e4sekaitset nii teile kui ka teid \u00fcmbritsevatele. * 40-tunnine t\u00e4itekassett kasutamiseks ainult akutoitega Thermacelli s\u00e4\u00e4sepeletajas. * L\u00f5hnavaba, DEET-vaba ja lihtne. * T\u00e4ielikult suletud ja lekkekindel. Reisis\u00f5bralik disain. * Pakendis: \u00fcks t\u00e4itekassett 40 tunniks. Toimeainemetoflutriin\/pralletriin Kaitse kestus40 tundi Kaitsev\u00f6\u00f6ndi suurus20 m2","og_url":"https:\/\/ranoja.ee\/toode\/saasepeletaja-taitekassett-40-tundi-thermacell\/","og_site_name":"Ranoja","article_publisher":"https:\/\/www.facebook.com\/ranoja.ee","article_modified_time":"2026-03-17T12:44:51+00:00","og_image":[{"width":900,"height":724,"url":"https:\/\/ranoja.ee\/wp-content\/uploads\/2026\/03\/220233218.jpg","type":"image\/jpeg"}],"twitter_card":"summary_large_image","schema":{"@context":"https:\/\/schema.org","@graph":[{"@type":"WebPage","@id":"https:\/\/ranoja.ee\/toode\/saasepeletaja-taitekassett-40-tundi-thermacell\/","url":"https:\/\/ranoja.ee\/toode\/saasepeletaja-taitekassett-40-tundi-thermacell\/","name":"S\u00e4\u00e4sepeletaja t\u00e4itekassett 40 tundi, Thermacell - Ranoja","isPartOf":{"@id":"https:\/\/ranoja.ee\/#website"},"primaryImageOfPage":{"@id":"https:\/\/ranoja.ee\/toode\/saasepeletaja-taitekassett-40-tundi-thermacell\/#primaryimage"},"image":{"@id":"https:\/\/ranoja.ee\/toode\/saasepeletaja-taitekassett-40-tundi-thermacell\/#primaryimage"},"thumbnailUrl":"https:\/\/ranoja.ee\/wp-content\/uploads\/2026\/03\/220233218.jpg","datePublished":"2026-03-16T22:48:09+00:00","dateModified":"2026-03-17T12:44:51+00:00","breadcrumb":{"@id":"https:\/\/ranoja.ee\/toode\/saasepeletaja-taitekassett-40-tundi-thermacell\/#breadcrumb"},"inLanguage":"en-US","potentialAction":[{"@type":"ReadAction","target":["https:\/\/ranoja.ee\/toode\/saasepeletaja-taitekassett-40-tundi-thermacell\/"]}]},{"@type":"ImageObject","inLanguage":"en-US","@id":"https:\/\/ranoja.ee\/toode\/saasepeletaja-taitekassett-40-tundi-thermacell\/#primaryimage","url":"https:\/\/ranoja.ee\/wp-content\/uploads\/2026\/03\/220233218.jpg","contentUrl":"https:\/\/ranoja.ee\/wp-content\/uploads\/2026\/03\/220233218.jpg","width":900,"height":724},{"@type":"BreadcrumbList","@id":"https:\/\/ranoja.ee\/toode\/saasepeletaja-taitekassett-40-tundi-thermacell\/#breadcrumb","itemListElement":[{"@type":"ListItem","position":1,"name":"Home","item":"https:\/\/ranoja.ee\/"},{"@type":"ListItem","position":2,"name":"Shop","item":"https:\/\/ranoja.ee\/en\/shop\/"},{"@type":"ListItem","position":3,"name":"S\u00e4\u00e4sepeletaja t\u00e4itekassett 40 tundi, Thermacell"}]},{"@type":"WebSite","@id":"https:\/\/ranoja.ee\/#website","url":"https:\/\/ranoja.ee\/","name":"Ranoja","description":"Equipment Shop WooCommerce WordPress Theme for Machine &amp; Tools","publisher":{"@id":"https:\/\/ranoja.ee\/#organization"},"potentialAction":[{"@type":"SearchAction","target":{"@type":"EntryPoint","urlTemplate":"https:\/\/ranoja.ee\/?s={search_term_string}"},"query-input":{"@type":"PropertyValueSpecification","valueRequired":true,"valueName":"search_term_string"}}],"inLanguage":"en-US"},{"@type":"Organization","@id":"https:\/\/ranoja.ee\/#organization","name":"Ranoja O\u00dc","url":"https:\/\/ranoja.ee\/","logo":{"@type":"ImageObject","inLanguage":"en-US","@id":"https:\/\/ranoja.ee\/#\/schema\/logo\/image\/","url":"https:\/\/ranoja.ee\/wp-content\/uploads\/2023\/11\/ranoja-Logo.png","contentUrl":"https:\/\/ranoja.ee\/wp-content\/uploads\/2023\/11\/ranoja-Logo.png","width":207,"height":58,"caption":"Ranoja O\u00dc"},"image":{"@id":"https:\/\/ranoja.ee\/#\/schema\/logo\/image\/"},"sameAs":["https:\/\/www.facebook.com\/ranoja.ee","https:\/\/www.instagram.com\/ranoja__\/"]}]}},"_links":{"self":[{"href":"https:\/\/ranoja.ee\/en\/wp-json\/wp\/v2\/product\/57381","targetHints":{"allow":["GET"]}}],"collection":[{"href":"https:\/\/ranoja.ee\/en\/wp-json\/wp\/v2\/product"}],"about":[{"href":"https:\/\/ranoja.ee\/en\/wp-json\/wp\/v2\/types\/product"}],"wp:featuredmedia":[{"embeddable":true,"href":"https:\/\/ranoja.ee\/en\/wp-json\/wp\/v2\/media\/57382"}],"wp:attachment":[{"href":"https:\/\/ranoja.ee\/en\/wp-json\/wp\/v2\/media?parent=57381"}],"wp:term":[{"taxonomy":"product_cat","embeddable":true,"href":"https:\/\/ranoja.ee\/en\/wp-json\/wp\/v2\/product_cat?post=57381"},{"taxonomy":"product_tag","embeddable":true,"href":"https:\/\/ranoja.ee\/en\/wp-json\/wp\/v2\/product_tag?post=57381"}],"curies":[{"name":"wp","href":"https:\/\/api.w.org\/{rel}","templated":true}]}}