{"id":57379,"date":"2026-03-17T01:48:09","date_gmt":"2026-03-16T22:48:09","guid":{"rendered":"https:\/\/ranoja.ee\/toode\/teflonoli-maare-ptfe-spray-500ml-motip\/"},"modified":"2026-03-17T15:44:52","modified_gmt":"2026-03-17T12:44:52","slug":"teflonoli-maare-ptfe-spray-500ml-motip","status":"publish","type":"product","link":"https:\/\/ranoja.ee\/en\/toode\/teflonoli-maare-ptfe-spray-500ml-motip\/","title":{"rendered":"Teflon\u00f5li\/m\u00e4\u00e4re PTFE Spray 500ml, Motip"},"content":{"rendered":"","protected":false},"excerpt":{"rendered":"<p>PTFE ehk teflon\u00f5li. Madala h\u00f5\u00f5rdeteguriga universaalne \u00f5li. Tefloniosakestega segatud \u00f5lide segu tungib h\u00e4sti igale poole vahele, nakkub h\u00e4sti erinevate pindadega ja j\u00e4tab neile \u00fcli\u00f5hukese v\u00e4ga libeda kihi. PTFE- \u00f5li on v\u00e4ga p\u00fcsiv ja talub suurt mehhaanilist survet ning temperatuurik\u00f5ikumisi -50`C kuni +250`C. <\/p>\n<p>KASUTUSVALDKOND:<br \/>\nM\u00f5eldud kasutamiseks nii koduses majapidamises kui t\u00f6\u00f6stustes kus tavalisest madalam koormus, tolmune keskond ja lai temperatuurivahemik. Sobib igasuguste plastist ja metallist detailide ja liidete m\u00e4\u00e4rimiseks nagu lukud, liugpinnad, peenmehhanismid, trossid, puksid, rulluisulaagrid, uksehinged. Samuti on ideaalne jalgrattakettide m\u00e4\u00e4rimiseks. Teflonm\u00e4\u00e4re poeb k\u00f5ikide ketil\u00fclide vahele ja m\u00e4\u00e4rib kogu ketti \u00fchtlaselt. Seob minimaalselt tolmu ja mustust. <\/p>\n<p>TEHNILINE INFO:<br \/>\nBaasained: mineraal\u00f5li ja PTFE<br \/>\nV\u00e4rvus: l\u00e4bipaistev valge<br \/>\nTihedus 20\u00b0C juures: 0,88g\/ml<br \/>\n4 Ball EP-test (AS TM D 2596): 3430 N<br \/>\n4 Ball Wear-test (AS TM D 266): < 0,4 mm<br \/>\nTemperatuuritaluvus -50C  kuni +250C<br \/>\npH v\u00e4\u00e4rtus: neutraalne<br \/>\nSilikoonivaba<\/p>\n<p>KASUTAMINE:<br \/>\nEnnem kasutamist hoiustada toodet toatemperatuuril ja loksutada<br \/>\nSoovitav kasutamistemperatuur +5\u00b0 kuni +30\u00b0C<br \/>\nEnnem kasutamist soovitav puhastada pinnad PRESTO universaalse t\u00f6\u00f6stuspuhastiga<br \/>\nPihusta vahendit \u00f5huke kiht k\u00f5igile m\u00e4\u00e4rimist vajavatele pindadele.<br \/>\nParimad m\u00e4\u00e4rdeomadused ja \u00f5ige toime tulevad v\u00e4lja m\u00f5nik\u00fcmmend minutit p\u00e4rast pihustamist, kui lahustid on aurustunud.<br \/>\nkulutama.<\/p>\n","protected":false},"featured_media":57380,"template":"","meta":{"inline_featured_image":false},"product_cat":[5010,5039,5009],"product_tag":[],"class_list":{"0":"post-57379","1":"product","2":"type-product","3":"status-publish","4":"has-post-thumbnail","6":"product_brand-motip","7":"product_cat-tehnilised-aerosoolid","8":"product_cat-tehnilised-maarded","9":"product_cat-toostus-ja-autokeemia","11":"first","12":"instock","13":"purchasable","14":"product-type-simple"},"yoast_head":"<!-- This site is optimized with the Yoast SEO plugin v27.4 - https:\/\/yoast.com\/product\/yoast-seo-wordpress\/ -->\n<title>Teflon\u00f5li\/m\u00e4\u00e4re PTFE Spray 500ml, Motip - Ranoja<\/title>\n<meta name=\"robots\" content=\"index, follow, max-snippet:-1, max-image-preview:large, max-video-preview:-1\" \/>\n<link rel=\"canonical\" href=\"https:\/\/ranoja.ee\/toode\/teflonoli-maare-ptfe-spray-500ml-motip\/\" \/>\n<meta property=\"og:locale\" content=\"en_US\" \/>\n<meta property=\"og:type\" content=\"article\" \/>\n<meta property=\"og:title\" content=\"Teflon\u00f5li\/m\u00e4\u00e4re PTFE Spray 500ml, Motip - Ranoja\" \/>\n<meta property=\"og:description\" content=\"PTFE ehk teflon\u00f5li. Madala h\u00f5\u00f5rdeteguriga universaalne \u00f5li. Tefloniosakestega segatud \u00f5lide segu tungib h\u00e4sti igale poole vahele, nakkub h\u00e4sti erinevate pindadega ja j\u00e4tab neile \u00fcli\u00f5hukese v\u00e4ga libeda kihi. PTFE- \u00f5li on v\u00e4ga p\u00fcsiv ja talub suurt mehhaanilist survet ning temperatuurik\u00f5ikumisi -50`C kuni +250`C.  KASUTUSVALDKOND: M\u00f5eldud kasutamiseks nii koduses majapidamises kui t\u00f6\u00f6stustes kus tavalisest madalam koormus, tolmune keskond ja lai temperatuurivahemik. Sobib igasuguste plastist ja metallist detailide ja liidete m\u00e4\u00e4rimiseks nagu lukud, liugpinnad, peenmehhanismid, trossid, puksid, rulluisulaagrid, uksehinged. Samuti on ideaalne jalgrattakettide m\u00e4\u00e4rimiseks. Teflonm\u00e4\u00e4re poeb k\u00f5ikide ketil\u00fclide vahele ja m\u00e4\u00e4rib kogu ketti \u00fchtlaselt. Seob minimaalselt tolmu ja mustust.  TEHNILINE INFO: Baasained: mineraal\u00f5li ja PTFE V\u00e4rvus: l\u00e4bipaistev valge Tihedus 20\u00b0C juures: 0,88g\/ml 4 Ball EP-test (AS TM D 2596): 3430 N 4 Ball Wear-test (AS TM D 266): &lt; 0,4 mm Temperatuuritaluvus -50C kuni +250C pH v\u00e4\u00e4rtus: neutraalne Silikoonivaba KASUTAMINE: Ennem kasutamist hoiustada toodet toatemperatuuril ja loksutada Soovitav kasutamistemperatuur +5\u00b0 kuni +30\u00b0C Ennem kasutamist soovitav puhastada pinnad PRESTO universaalse t\u00f6\u00f6stuspuhastiga Pihusta vahendit \u00f5huke kiht k\u00f5igile m\u00e4\u00e4rimist vajavatele pindadele. Parimad m\u00e4\u00e4rdeomadused ja \u00f5ige toime tulevad v\u00e4lja m\u00f5nik\u00fcmmend minutit p\u00e4rast pihustamist, kui lahustid on aurustunud. kulutama.\" \/>\n<meta property=\"og:url\" content=\"https:\/\/ranoja.ee\/toode\/teflonoli-maare-ptfe-spray-500ml-motip\/\" \/>\n<meta property=\"og:site_name\" content=\"Ranoja\" \/>\n<meta property=\"article:publisher\" content=\"https:\/\/www.facebook.com\/ranoja.ee\" \/>\n<meta property=\"article:modified_time\" content=\"2026-03-17T12:44:52+00:00\" \/>\n<meta property=\"og:image\" content=\"https:\/\/ranoja.ee\/wp-content\/uploads\/2026\/03\/123753258.jpg\" \/>\n\t<meta property=\"og:image:width\" content=\"500\" \/>\n\t<meta property=\"og:image:height\" content=\"500\" \/>\n\t<meta property=\"og:image:type\" content=\"image\/jpeg\" \/>\n<meta name=\"twitter:card\" content=\"summary_large_image\" \/>\n<script type=\"application\/ld+json\" class=\"yoast-schema-graph\">{\"@context\":\"https:\\\/\\\/schema.org\",\"@graph\":[{\"@type\":\"WebPage\",\"@id\":\"https:\\\/\\\/ranoja.ee\\\/toode\\\/teflonoli-maare-ptfe-spray-500ml-motip\\\/\",\"url\":\"https:\\\/\\\/ranoja.ee\\\/toode\\\/teflonoli-maare-ptfe-spray-500ml-motip\\\/\",\"name\":\"Teflon\u00f5li\\\/m\u00e4\u00e4re PTFE Spray 500ml, Motip - Ranoja\",\"isPartOf\":{\"@id\":\"https:\\\/\\\/ranoja.ee\\\/#website\"},\"primaryImageOfPage\":{\"@id\":\"https:\\\/\\\/ranoja.ee\\\/toode\\\/teflonoli-maare-ptfe-spray-500ml-motip\\\/#primaryimage\"},\"image\":{\"@id\":\"https:\\\/\\\/ranoja.ee\\\/toode\\\/teflonoli-maare-ptfe-spray-500ml-motip\\\/#primaryimage\"},\"thumbnailUrl\":\"https:\\\/\\\/ranoja.ee\\\/wp-content\\\/uploads\\\/2026\\\/03\\\/123753258.jpg\",\"datePublished\":\"2026-03-16T22:48:09+00:00\",\"dateModified\":\"2026-03-17T12:44:52+00:00\",\"breadcrumb\":{\"@id\":\"https:\\\/\\\/ranoja.ee\\\/toode\\\/teflonoli-maare-ptfe-spray-500ml-motip\\\/#breadcrumb\"},\"inLanguage\":\"en-US\",\"potentialAction\":[{\"@type\":\"ReadAction\",\"target\":[\"https:\\\/\\\/ranoja.ee\\\/toode\\\/teflonoli-maare-ptfe-spray-500ml-motip\\\/\"]}]},{\"@type\":\"ImageObject\",\"inLanguage\":\"en-US\",\"@id\":\"https:\\\/\\\/ranoja.ee\\\/toode\\\/teflonoli-maare-ptfe-spray-500ml-motip\\\/#primaryimage\",\"url\":\"https:\\\/\\\/ranoja.ee\\\/wp-content\\\/uploads\\\/2026\\\/03\\\/123753258.jpg\",\"contentUrl\":\"https:\\\/\\\/ranoja.ee\\\/wp-content\\\/uploads\\\/2026\\\/03\\\/123753258.jpg\",\"width\":500,\"height\":500},{\"@type\":\"BreadcrumbList\",\"@id\":\"https:\\\/\\\/ranoja.ee\\\/toode\\\/teflonoli-maare-ptfe-spray-500ml-motip\\\/#breadcrumb\",\"itemListElement\":[{\"@type\":\"ListItem\",\"position\":1,\"name\":\"Home\",\"item\":\"https:\\\/\\\/ranoja.ee\\\/\"},{\"@type\":\"ListItem\",\"position\":2,\"name\":\"Shop\",\"item\":\"https:\\\/\\\/ranoja.ee\\\/en\\\/shop\\\/\"},{\"@type\":\"ListItem\",\"position\":3,\"name\":\"Teflon\u00f5li\\\/m\u00e4\u00e4re PTFE Spray 500ml, Motip\"}]},{\"@type\":\"WebSite\",\"@id\":\"https:\\\/\\\/ranoja.ee\\\/#website\",\"url\":\"https:\\\/\\\/ranoja.ee\\\/\",\"name\":\"Ranoja\",\"description\":\"Equipment Shop WooCommerce WordPress Theme for Machine &amp; Tools\",\"publisher\":{\"@id\":\"https:\\\/\\\/ranoja.ee\\\/#organization\"},\"potentialAction\":[{\"@type\":\"SearchAction\",\"target\":{\"@type\":\"EntryPoint\",\"urlTemplate\":\"https:\\\/\\\/ranoja.ee\\\/?s={search_term_string}\"},\"query-input\":{\"@type\":\"PropertyValueSpecification\",\"valueRequired\":true,\"valueName\":\"search_term_string\"}}],\"inLanguage\":\"en-US\"},{\"@type\":\"Organization\",\"@id\":\"https:\\\/\\\/ranoja.ee\\\/#organization\",\"name\":\"Ranoja O\u00dc\",\"url\":\"https:\\\/\\\/ranoja.ee\\\/\",\"logo\":{\"@type\":\"ImageObject\",\"inLanguage\":\"en-US\",\"@id\":\"https:\\\/\\\/ranoja.ee\\\/#\\\/schema\\\/logo\\\/image\\\/\",\"url\":\"https:\\\/\\\/ranoja.ee\\\/wp-content\\\/uploads\\\/2023\\\/11\\\/ranoja-Logo.png\",\"contentUrl\":\"https:\\\/\\\/ranoja.ee\\\/wp-content\\\/uploads\\\/2023\\\/11\\\/ranoja-Logo.png\",\"width\":207,\"height\":58,\"caption\":\"Ranoja O\u00dc\"},\"image\":{\"@id\":\"https:\\\/\\\/ranoja.ee\\\/#\\\/schema\\\/logo\\\/image\\\/\"},\"sameAs\":[\"https:\\\/\\\/www.facebook.com\\\/ranoja.ee\",\"https:\\\/\\\/www.instagram.com\\\/ranoja__\\\/\"]}]}<\/script>\n<!-- \/ Yoast SEO plugin. -->","yoast_head_json":{"title":"Teflon\u00f5li\/m\u00e4\u00e4re PTFE Spray 500ml, Motip - Ranoja","robots":{"index":"index","follow":"follow","max-snippet":"max-snippet:-1","max-image-preview":"max-image-preview:large","max-video-preview":"max-video-preview:-1"},"canonical":"https:\/\/ranoja.ee\/toode\/teflonoli-maare-ptfe-spray-500ml-motip\/","og_locale":"en_US","og_type":"article","og_title":"Teflon\u00f5li\/m\u00e4\u00e4re PTFE Spray 500ml, Motip - Ranoja","og_description":"PTFE ehk teflon\u00f5li. Madala h\u00f5\u00f5rdeteguriga universaalne \u00f5li. Tefloniosakestega segatud \u00f5lide segu tungib h\u00e4sti igale poole vahele, nakkub h\u00e4sti erinevate pindadega ja j\u00e4tab neile \u00fcli\u00f5hukese v\u00e4ga libeda kihi. PTFE- \u00f5li on v\u00e4ga p\u00fcsiv ja talub suurt mehhaanilist survet ning temperatuurik\u00f5ikumisi -50`C kuni +250`C.  KASUTUSVALDKOND: M\u00f5eldud kasutamiseks nii koduses majapidamises kui t\u00f6\u00f6stustes kus tavalisest madalam koormus, tolmune keskond ja lai temperatuurivahemik. Sobib igasuguste plastist ja metallist detailide ja liidete m\u00e4\u00e4rimiseks nagu lukud, liugpinnad, peenmehhanismid, trossid, puksid, rulluisulaagrid, uksehinged. Samuti on ideaalne jalgrattakettide m\u00e4\u00e4rimiseks. Teflonm\u00e4\u00e4re poeb k\u00f5ikide ketil\u00fclide vahele ja m\u00e4\u00e4rib kogu ketti \u00fchtlaselt. Seob minimaalselt tolmu ja mustust.  TEHNILINE INFO: Baasained: mineraal\u00f5li ja PTFE V\u00e4rvus: l\u00e4bipaistev valge Tihedus 20\u00b0C juures: 0,88g\/ml 4 Ball EP-test (AS TM D 2596): 3430 N 4 Ball Wear-test (AS TM D 266): < 0,4 mm Temperatuuritaluvus -50C kuni +250C pH v\u00e4\u00e4rtus: neutraalne Silikoonivaba KASUTAMINE: Ennem kasutamist hoiustada toodet toatemperatuuril ja loksutada Soovitav kasutamistemperatuur +5\u00b0 kuni +30\u00b0C Ennem kasutamist soovitav puhastada pinnad PRESTO universaalse t\u00f6\u00f6stuspuhastiga Pihusta vahendit \u00f5huke kiht k\u00f5igile m\u00e4\u00e4rimist vajavatele pindadele. Parimad m\u00e4\u00e4rdeomadused ja \u00f5ige toime tulevad v\u00e4lja m\u00f5nik\u00fcmmend minutit p\u00e4rast pihustamist, kui lahustid on aurustunud. kulutama.","og_url":"https:\/\/ranoja.ee\/toode\/teflonoli-maare-ptfe-spray-500ml-motip\/","og_site_name":"Ranoja","article_publisher":"https:\/\/www.facebook.com\/ranoja.ee","article_modified_time":"2026-03-17T12:44:52+00:00","og_image":[{"width":500,"height":500,"url":"https:\/\/ranoja.ee\/wp-content\/uploads\/2026\/03\/123753258.jpg","type":"image\/jpeg"}],"twitter_card":"summary_large_image","schema":{"@context":"https:\/\/schema.org","@graph":[{"@type":"WebPage","@id":"https:\/\/ranoja.ee\/toode\/teflonoli-maare-ptfe-spray-500ml-motip\/","url":"https:\/\/ranoja.ee\/toode\/teflonoli-maare-ptfe-spray-500ml-motip\/","name":"Teflon\u00f5li\/m\u00e4\u00e4re PTFE Spray 500ml, Motip - Ranoja","isPartOf":{"@id":"https:\/\/ranoja.ee\/#website"},"primaryImageOfPage":{"@id":"https:\/\/ranoja.ee\/toode\/teflonoli-maare-ptfe-spray-500ml-motip\/#primaryimage"},"image":{"@id":"https:\/\/ranoja.ee\/toode\/teflonoli-maare-ptfe-spray-500ml-motip\/#primaryimage"},"thumbnailUrl":"https:\/\/ranoja.ee\/wp-content\/uploads\/2026\/03\/123753258.jpg","datePublished":"2026-03-16T22:48:09+00:00","dateModified":"2026-03-17T12:44:52+00:00","breadcrumb":{"@id":"https:\/\/ranoja.ee\/toode\/teflonoli-maare-ptfe-spray-500ml-motip\/#breadcrumb"},"inLanguage":"en-US","potentialAction":[{"@type":"ReadAction","target":["https:\/\/ranoja.ee\/toode\/teflonoli-maare-ptfe-spray-500ml-motip\/"]}]},{"@type":"ImageObject","inLanguage":"en-US","@id":"https:\/\/ranoja.ee\/toode\/teflonoli-maare-ptfe-spray-500ml-motip\/#primaryimage","url":"https:\/\/ranoja.ee\/wp-content\/uploads\/2026\/03\/123753258.jpg","contentUrl":"https:\/\/ranoja.ee\/wp-content\/uploads\/2026\/03\/123753258.jpg","width":500,"height":500},{"@type":"BreadcrumbList","@id":"https:\/\/ranoja.ee\/toode\/teflonoli-maare-ptfe-spray-500ml-motip\/#breadcrumb","itemListElement":[{"@type":"ListItem","position":1,"name":"Home","item":"https:\/\/ranoja.ee\/"},{"@type":"ListItem","position":2,"name":"Shop","item":"https:\/\/ranoja.ee\/en\/shop\/"},{"@type":"ListItem","position":3,"name":"Teflon\u00f5li\/m\u00e4\u00e4re PTFE Spray 500ml, Motip"}]},{"@type":"WebSite","@id":"https:\/\/ranoja.ee\/#website","url":"https:\/\/ranoja.ee\/","name":"Ranoja","description":"Equipment Shop WooCommerce WordPress Theme for Machine &amp; Tools","publisher":{"@id":"https:\/\/ranoja.ee\/#organization"},"potentialAction":[{"@type":"SearchAction","target":{"@type":"EntryPoint","urlTemplate":"https:\/\/ranoja.ee\/?s={search_term_string}"},"query-input":{"@type":"PropertyValueSpecification","valueRequired":true,"valueName":"search_term_string"}}],"inLanguage":"en-US"},{"@type":"Organization","@id":"https:\/\/ranoja.ee\/#organization","name":"Ranoja O\u00dc","url":"https:\/\/ranoja.ee\/","logo":{"@type":"ImageObject","inLanguage":"en-US","@id":"https:\/\/ranoja.ee\/#\/schema\/logo\/image\/","url":"https:\/\/ranoja.ee\/wp-content\/uploads\/2023\/11\/ranoja-Logo.png","contentUrl":"https:\/\/ranoja.ee\/wp-content\/uploads\/2023\/11\/ranoja-Logo.png","width":207,"height":58,"caption":"Ranoja O\u00dc"},"image":{"@id":"https:\/\/ranoja.ee\/#\/schema\/logo\/image\/"},"sameAs":["https:\/\/www.facebook.com\/ranoja.ee","https:\/\/www.instagram.com\/ranoja__\/"]}]}},"_links":{"self":[{"href":"https:\/\/ranoja.ee\/en\/wp-json\/wp\/v2\/product\/57379","targetHints":{"allow":["GET"]}}],"collection":[{"href":"https:\/\/ranoja.ee\/en\/wp-json\/wp\/v2\/product"}],"about":[{"href":"https:\/\/ranoja.ee\/en\/wp-json\/wp\/v2\/types\/product"}],"wp:featuredmedia":[{"embeddable":true,"href":"https:\/\/ranoja.ee\/en\/wp-json\/wp\/v2\/media\/57380"}],"wp:attachment":[{"href":"https:\/\/ranoja.ee\/en\/wp-json\/wp\/v2\/media?parent=57379"}],"wp:term":[{"taxonomy":"product_cat","embeddable":true,"href":"https:\/\/ranoja.ee\/en\/wp-json\/wp\/v2\/product_cat?post=57379"},{"taxonomy":"product_tag","embeddable":true,"href":"https:\/\/ranoja.ee\/en\/wp-json\/wp\/v2\/product_tag?post=57379"}],"curies":[{"name":"wp","href":"https:\/\/api.w.org\/{rel}","templated":true}]}}