{"id":57375,"date":"2026-03-17T01:48:09","date_gmt":"2026-03-16T22:48:09","guid":{"rendered":"https:\/\/ranoja.ee\/toode\/immutusoli-penetrating-oil-500ml-motip\/"},"modified":"2026-03-17T15:44:52","modified_gmt":"2026-03-17T12:44:52","slug":"immutusoli-penetrating-oil-500ml-motip","status":"publish","type":"product","link":"https:\/\/ranoja.ee\/en\/toode\/immutusoli-penetrating-oil-500ml-motip\/","title":{"rendered":"Immutus\u00f5li Penetrating Oil 500ml, Motip"},"content":{"rendered":"","protected":false},"excerpt":{"rendered":"<p>Grafiiti ja mol\u00fcbdeensulfiidi (MoS2) sisaldav v\u00e4ga hea imendumisv\u00f5imega t\u00f5hus abivahend kinniroostetanud poltide &#8211; mutrite ja muude detailide vabastamiseks.<\/p>\n<p>KASUTUSVALDKOND:<br \/>\nImbub k\u00f5ikide liideste vahele, lahustab roostet ja m\u00e4\u00e4rib pinnad libedaks. Sobib roostes\/kinnikiilunud kruvide, poltide, tikkpoltide, mutrite, silindrite, v\u00f5llide, hingede, lukkude, torude, kettide jm sarnaste detailide lahti leotamiseks. T\u00f5rjub niiskust ja v\u00e4ldib uue rooste teket. T\u00e4nu spetsiaalsele kuulklapile on aerosool 360kraadi p\u00f6\u00f6ratav ja kasutatav.<\/p>\n<p>TEHNILINE INFO:<br \/>\nBaasained: mineraal\u00f5li, grafiit ja molybdeen sulfiid.<br \/>\nV\u00e4rvus: must<br \/>\nL\u00f5hn: iseloomulik<br \/>\nTihedus 20\u00b0C juures: 0,86g\/ml<br \/>\nKulu: 2,33g\/sec.<\/p>\n<p>KASUTAMINE:<br \/>\nEnnem kasutamist hoiusta toodet toatemperatuuril ja loksuta<br \/>\nSoovitav kasutamistemperatuur +5\u00b0 kuni +30\u00b0C<br \/>\nEemalda v\u00f5imalusel lahtine rooste terasharjaga<br \/>\nPihusta immutus\u00f5li pinnale ja lase 5-15min. toimida.<\/p>\n","protected":false},"featured_media":57376,"template":"","meta":{"inline_featured_image":false},"product_cat":[5040,5010,5009],"product_tag":[],"class_list":{"0":"post-57375","1":"product","2":"type-product","3":"status-publish","4":"has-post-thumbnail","6":"product_brand-motip","7":"product_cat-montaazimaarded","8":"product_cat-tehnilised-aerosoolid","9":"product_cat-toostus-ja-autokeemia","11":"first","12":"instock","13":"purchasable","14":"product-type-simple"},"yoast_head":"<!-- This site is optimized with the Yoast SEO plugin v27.4 - https:\/\/yoast.com\/product\/yoast-seo-wordpress\/ -->\n<title>Immutus\u00f5li Penetrating Oil 500ml, Motip - Ranoja<\/title>\n<meta name=\"robots\" content=\"index, follow, max-snippet:-1, max-image-preview:large, max-video-preview:-1\" \/>\n<link rel=\"canonical\" href=\"https:\/\/ranoja.ee\/toode\/immutusoli-penetrating-oil-500ml-motip\/\" \/>\n<meta property=\"og:locale\" content=\"en_US\" \/>\n<meta property=\"og:type\" content=\"article\" \/>\n<meta property=\"og:title\" content=\"Immutus\u00f5li Penetrating Oil 500ml, Motip - Ranoja\" \/>\n<meta property=\"og:description\" content=\"Grafiiti ja mol\u00fcbdeensulfiidi (MoS2) sisaldav v\u00e4ga hea imendumisv\u00f5imega t\u00f5hus abivahend kinniroostetanud poltide - mutrite ja muude detailide vabastamiseks. KASUTUSVALDKOND: Imbub k\u00f5ikide liideste vahele, lahustab roostet ja m\u00e4\u00e4rib pinnad libedaks. Sobib roostes\/kinnikiilunud kruvide, poltide, tikkpoltide, mutrite, silindrite, v\u00f5llide, hingede, lukkude, torude, kettide jm sarnaste detailide lahti leotamiseks. T\u00f5rjub niiskust ja v\u00e4ldib uue rooste teket. T\u00e4nu spetsiaalsele kuulklapile on aerosool 360kraadi p\u00f6\u00f6ratav ja kasutatav. TEHNILINE INFO: Baasained: mineraal\u00f5li, grafiit ja molybdeen sulfiid. V\u00e4rvus: must L\u00f5hn: iseloomulik Tihedus 20\u00b0C juures: 0,86g\/ml Kulu: 2,33g\/sec. KASUTAMINE: Ennem kasutamist hoiusta toodet toatemperatuuril ja loksuta Soovitav kasutamistemperatuur +5\u00b0 kuni +30\u00b0C Eemalda v\u00f5imalusel lahtine rooste terasharjaga Pihusta immutus\u00f5li pinnale ja lase 5-15min. toimida.\" \/>\n<meta property=\"og:url\" content=\"https:\/\/ranoja.ee\/toode\/immutusoli-penetrating-oil-500ml-motip\/\" \/>\n<meta property=\"og:site_name\" content=\"Ranoja\" \/>\n<meta property=\"article:publisher\" content=\"https:\/\/www.facebook.com\/ranoja.ee\" \/>\n<meta property=\"article:modified_time\" content=\"2026-03-17T12:44:52+00:00\" \/>\n<meta property=\"og:image\" content=\"https:\/\/ranoja.ee\/wp-content\/uploads\/2026\/03\/124723819.jpg\" \/>\n\t<meta property=\"og:image:width\" content=\"171\" \/>\n\t<meta property=\"og:image:height\" content=\"486\" \/>\n\t<meta property=\"og:image:type\" content=\"image\/jpeg\" \/>\n<meta name=\"twitter:card\" content=\"summary_large_image\" \/>\n<script type=\"application\/ld+json\" class=\"yoast-schema-graph\">{\"@context\":\"https:\\\/\\\/schema.org\",\"@graph\":[{\"@type\":\"WebPage\",\"@id\":\"https:\\\/\\\/ranoja.ee\\\/toode\\\/immutusoli-penetrating-oil-500ml-motip\\\/\",\"url\":\"https:\\\/\\\/ranoja.ee\\\/toode\\\/immutusoli-penetrating-oil-500ml-motip\\\/\",\"name\":\"Immutus\u00f5li Penetrating Oil 500ml, Motip - Ranoja\",\"isPartOf\":{\"@id\":\"https:\\\/\\\/ranoja.ee\\\/#website\"},\"primaryImageOfPage\":{\"@id\":\"https:\\\/\\\/ranoja.ee\\\/toode\\\/immutusoli-penetrating-oil-500ml-motip\\\/#primaryimage\"},\"image\":{\"@id\":\"https:\\\/\\\/ranoja.ee\\\/toode\\\/immutusoli-penetrating-oil-500ml-motip\\\/#primaryimage\"},\"thumbnailUrl\":\"https:\\\/\\\/ranoja.ee\\\/wp-content\\\/uploads\\\/2026\\\/03\\\/124723819.jpg\",\"datePublished\":\"2026-03-16T22:48:09+00:00\",\"dateModified\":\"2026-03-17T12:44:52+00:00\",\"breadcrumb\":{\"@id\":\"https:\\\/\\\/ranoja.ee\\\/toode\\\/immutusoli-penetrating-oil-500ml-motip\\\/#breadcrumb\"},\"inLanguage\":\"en-US\",\"potentialAction\":[{\"@type\":\"ReadAction\",\"target\":[\"https:\\\/\\\/ranoja.ee\\\/toode\\\/immutusoli-penetrating-oil-500ml-motip\\\/\"]}]},{\"@type\":\"ImageObject\",\"inLanguage\":\"en-US\",\"@id\":\"https:\\\/\\\/ranoja.ee\\\/toode\\\/immutusoli-penetrating-oil-500ml-motip\\\/#primaryimage\",\"url\":\"https:\\\/\\\/ranoja.ee\\\/wp-content\\\/uploads\\\/2026\\\/03\\\/124723819.jpg\",\"contentUrl\":\"https:\\\/\\\/ranoja.ee\\\/wp-content\\\/uploads\\\/2026\\\/03\\\/124723819.jpg\",\"width\":171,\"height\":486},{\"@type\":\"BreadcrumbList\",\"@id\":\"https:\\\/\\\/ranoja.ee\\\/toode\\\/immutusoli-penetrating-oil-500ml-motip\\\/#breadcrumb\",\"itemListElement\":[{\"@type\":\"ListItem\",\"position\":1,\"name\":\"Home\",\"item\":\"https:\\\/\\\/ranoja.ee\\\/\"},{\"@type\":\"ListItem\",\"position\":2,\"name\":\"Shop\",\"item\":\"https:\\\/\\\/ranoja.ee\\\/en\\\/shop\\\/\"},{\"@type\":\"ListItem\",\"position\":3,\"name\":\"Immutus\u00f5li Penetrating Oil 500ml, Motip\"}]},{\"@type\":\"WebSite\",\"@id\":\"https:\\\/\\\/ranoja.ee\\\/#website\",\"url\":\"https:\\\/\\\/ranoja.ee\\\/\",\"name\":\"Ranoja\",\"description\":\"Equipment Shop WooCommerce WordPress Theme for Machine &amp; Tools\",\"publisher\":{\"@id\":\"https:\\\/\\\/ranoja.ee\\\/#organization\"},\"potentialAction\":[{\"@type\":\"SearchAction\",\"target\":{\"@type\":\"EntryPoint\",\"urlTemplate\":\"https:\\\/\\\/ranoja.ee\\\/?s={search_term_string}\"},\"query-input\":{\"@type\":\"PropertyValueSpecification\",\"valueRequired\":true,\"valueName\":\"search_term_string\"}}],\"inLanguage\":\"en-US\"},{\"@type\":\"Organization\",\"@id\":\"https:\\\/\\\/ranoja.ee\\\/#organization\",\"name\":\"Ranoja O\u00dc\",\"url\":\"https:\\\/\\\/ranoja.ee\\\/\",\"logo\":{\"@type\":\"ImageObject\",\"inLanguage\":\"en-US\",\"@id\":\"https:\\\/\\\/ranoja.ee\\\/#\\\/schema\\\/logo\\\/image\\\/\",\"url\":\"https:\\\/\\\/ranoja.ee\\\/wp-content\\\/uploads\\\/2023\\\/11\\\/ranoja-Logo.png\",\"contentUrl\":\"https:\\\/\\\/ranoja.ee\\\/wp-content\\\/uploads\\\/2023\\\/11\\\/ranoja-Logo.png\",\"width\":207,\"height\":58,\"caption\":\"Ranoja O\u00dc\"},\"image\":{\"@id\":\"https:\\\/\\\/ranoja.ee\\\/#\\\/schema\\\/logo\\\/image\\\/\"},\"sameAs\":[\"https:\\\/\\\/www.facebook.com\\\/ranoja.ee\",\"https:\\\/\\\/www.instagram.com\\\/ranoja__\\\/\"]}]}<\/script>\n<!-- \/ Yoast SEO plugin. -->","yoast_head_json":{"title":"Immutus\u00f5li Penetrating Oil 500ml, Motip - Ranoja","robots":{"index":"index","follow":"follow","max-snippet":"max-snippet:-1","max-image-preview":"max-image-preview:large","max-video-preview":"max-video-preview:-1"},"canonical":"https:\/\/ranoja.ee\/toode\/immutusoli-penetrating-oil-500ml-motip\/","og_locale":"en_US","og_type":"article","og_title":"Immutus\u00f5li Penetrating Oil 500ml, Motip - Ranoja","og_description":"Grafiiti ja mol\u00fcbdeensulfiidi (MoS2) sisaldav v\u00e4ga hea imendumisv\u00f5imega t\u00f5hus abivahend kinniroostetanud poltide - mutrite ja muude detailide vabastamiseks. KASUTUSVALDKOND: Imbub k\u00f5ikide liideste vahele, lahustab roostet ja m\u00e4\u00e4rib pinnad libedaks. Sobib roostes\/kinnikiilunud kruvide, poltide, tikkpoltide, mutrite, silindrite, v\u00f5llide, hingede, lukkude, torude, kettide jm sarnaste detailide lahti leotamiseks. T\u00f5rjub niiskust ja v\u00e4ldib uue rooste teket. T\u00e4nu spetsiaalsele kuulklapile on aerosool 360kraadi p\u00f6\u00f6ratav ja kasutatav. TEHNILINE INFO: Baasained: mineraal\u00f5li, grafiit ja molybdeen sulfiid. V\u00e4rvus: must L\u00f5hn: iseloomulik Tihedus 20\u00b0C juures: 0,86g\/ml Kulu: 2,33g\/sec. KASUTAMINE: Ennem kasutamist hoiusta toodet toatemperatuuril ja loksuta Soovitav kasutamistemperatuur +5\u00b0 kuni +30\u00b0C Eemalda v\u00f5imalusel lahtine rooste terasharjaga Pihusta immutus\u00f5li pinnale ja lase 5-15min. toimida.","og_url":"https:\/\/ranoja.ee\/toode\/immutusoli-penetrating-oil-500ml-motip\/","og_site_name":"Ranoja","article_publisher":"https:\/\/www.facebook.com\/ranoja.ee","article_modified_time":"2026-03-17T12:44:52+00:00","og_image":[{"width":171,"height":486,"url":"https:\/\/ranoja.ee\/wp-content\/uploads\/2026\/03\/124723819.jpg","type":"image\/jpeg"}],"twitter_card":"summary_large_image","schema":{"@context":"https:\/\/schema.org","@graph":[{"@type":"WebPage","@id":"https:\/\/ranoja.ee\/toode\/immutusoli-penetrating-oil-500ml-motip\/","url":"https:\/\/ranoja.ee\/toode\/immutusoli-penetrating-oil-500ml-motip\/","name":"Immutus\u00f5li Penetrating Oil 500ml, Motip - Ranoja","isPartOf":{"@id":"https:\/\/ranoja.ee\/#website"},"primaryImageOfPage":{"@id":"https:\/\/ranoja.ee\/toode\/immutusoli-penetrating-oil-500ml-motip\/#primaryimage"},"image":{"@id":"https:\/\/ranoja.ee\/toode\/immutusoli-penetrating-oil-500ml-motip\/#primaryimage"},"thumbnailUrl":"https:\/\/ranoja.ee\/wp-content\/uploads\/2026\/03\/124723819.jpg","datePublished":"2026-03-16T22:48:09+00:00","dateModified":"2026-03-17T12:44:52+00:00","breadcrumb":{"@id":"https:\/\/ranoja.ee\/toode\/immutusoli-penetrating-oil-500ml-motip\/#breadcrumb"},"inLanguage":"en-US","potentialAction":[{"@type":"ReadAction","target":["https:\/\/ranoja.ee\/toode\/immutusoli-penetrating-oil-500ml-motip\/"]}]},{"@type":"ImageObject","inLanguage":"en-US","@id":"https:\/\/ranoja.ee\/toode\/immutusoli-penetrating-oil-500ml-motip\/#primaryimage","url":"https:\/\/ranoja.ee\/wp-content\/uploads\/2026\/03\/124723819.jpg","contentUrl":"https:\/\/ranoja.ee\/wp-content\/uploads\/2026\/03\/124723819.jpg","width":171,"height":486},{"@type":"BreadcrumbList","@id":"https:\/\/ranoja.ee\/toode\/immutusoli-penetrating-oil-500ml-motip\/#breadcrumb","itemListElement":[{"@type":"ListItem","position":1,"name":"Home","item":"https:\/\/ranoja.ee\/"},{"@type":"ListItem","position":2,"name":"Shop","item":"https:\/\/ranoja.ee\/en\/shop\/"},{"@type":"ListItem","position":3,"name":"Immutus\u00f5li Penetrating Oil 500ml, Motip"}]},{"@type":"WebSite","@id":"https:\/\/ranoja.ee\/#website","url":"https:\/\/ranoja.ee\/","name":"Ranoja","description":"Equipment Shop WooCommerce WordPress Theme for Machine &amp; Tools","publisher":{"@id":"https:\/\/ranoja.ee\/#organization"},"potentialAction":[{"@type":"SearchAction","target":{"@type":"EntryPoint","urlTemplate":"https:\/\/ranoja.ee\/?s={search_term_string}"},"query-input":{"@type":"PropertyValueSpecification","valueRequired":true,"valueName":"search_term_string"}}],"inLanguage":"en-US"},{"@type":"Organization","@id":"https:\/\/ranoja.ee\/#organization","name":"Ranoja O\u00dc","url":"https:\/\/ranoja.ee\/","logo":{"@type":"ImageObject","inLanguage":"en-US","@id":"https:\/\/ranoja.ee\/#\/schema\/logo\/image\/","url":"https:\/\/ranoja.ee\/wp-content\/uploads\/2023\/11\/ranoja-Logo.png","contentUrl":"https:\/\/ranoja.ee\/wp-content\/uploads\/2023\/11\/ranoja-Logo.png","width":207,"height":58,"caption":"Ranoja O\u00dc"},"image":{"@id":"https:\/\/ranoja.ee\/#\/schema\/logo\/image\/"},"sameAs":["https:\/\/www.facebook.com\/ranoja.ee","https:\/\/www.instagram.com\/ranoja__\/"]}]}},"_links":{"self":[{"href":"https:\/\/ranoja.ee\/en\/wp-json\/wp\/v2\/product\/57375","targetHints":{"allow":["GET"]}}],"collection":[{"href":"https:\/\/ranoja.ee\/en\/wp-json\/wp\/v2\/product"}],"about":[{"href":"https:\/\/ranoja.ee\/en\/wp-json\/wp\/v2\/types\/product"}],"wp:featuredmedia":[{"embeddable":true,"href":"https:\/\/ranoja.ee\/en\/wp-json\/wp\/v2\/media\/57376"}],"wp:attachment":[{"href":"https:\/\/ranoja.ee\/en\/wp-json\/wp\/v2\/media?parent=57375"}],"wp:term":[{"taxonomy":"product_cat","embeddable":true,"href":"https:\/\/ranoja.ee\/en\/wp-json\/wp\/v2\/product_cat?post=57375"},{"taxonomy":"product_tag","embeddable":true,"href":"https:\/\/ranoja.ee\/en\/wp-json\/wp\/v2\/product_tag?post=57375"}],"curies":[{"name":"wp","href":"https:\/\/api.w.org\/{rel}","templated":true}]}}