{"id":57373,"date":"2026-03-17T01:47:42","date_gmt":"2026-03-16T22:47:42","guid":{"rendered":"https:\/\/ranoja.ee\/toode\/universaalne-toostuspuhasti-industrial-cleaner-500ml-motip\/"},"modified":"2026-03-17T15:44:52","modified_gmt":"2026-03-17T12:44:52","slug":"universaalne-toostuspuhasti-industrial-cleaner-500ml-motip","status":"publish","type":"product","link":"https:\/\/ranoja.ee\/en\/toode\/universaalne-toostuspuhasti-industrial-cleaner-500ml-motip\/","title":{"rendered":"Universaalne t\u00f6\u00f6stuspuhasti Industrial Cleaner 500ml, Motip"},"content":{"rendered":"","protected":false},"excerpt":{"rendered":"<p>INDUSTRIAL  CLEANER on hea lahustamisv\u00f5imega, atsetooni sisaldav, kiiresti aurustuv universaalne tehniline puhastusvahend k\u00f5ikide metallist detailide \u00f5list, rasvast ja muust mustusest puhastamiseks.<\/p>\n<p>KASUTUSVALDKOND:<br \/>\nSobib k\u00f5ikide mehhaaniliste detailide puhastamiseks kuivanud ja v\u00e4rskest \u00f5list, rasvast ja muust mustusest. Puhastab ka k\u00f5ik piduri\u00f5li ja silikoonij\u00e4\u00e4gid.<br \/>\nAtsetooni sisaldav kange lahustite segu v\u00f5ib kahjustada v\u00e4rvipindasid, kummidetaile ja teatud plastikuid! Enne kasutamist proovi toote sobivust mitten\u00e4hataval pinnal. <\/p>\n<p>TEHNILINE INFO:<br \/>\nBaasained: alifaatsed s\u00fcsivesikud<br \/>\nV\u00e4rvus: l\u00e4bipaistev<br \/>\nL\u00f5hn: atsetoon<br \/>\nTihedus 20\u00b0C  juures: 0,67g\/ml<br \/>\nKulu: 3-4g\/sec<br \/>\nR\u00f5hk 20\u00b0C juures: 5,5-6,0bar<br \/>\nKasutatav iga nurga all t\u00e4nu spetsiaalsele 360\u00b0 klapile<\/p>\n<p>KASUTAMINE:<br \/>\nEnnem kasutamist hoiusta toodet toatemperatuuril<br \/>\nSoovitav kasutamistemperatuur +5\u00b0 kuni +30\u00b0C<br \/>\nLoksuta aerosooli v\u00e4hemalt 2min. ennem kasutamist<br \/>\nKata v\u00e4rvitud ja plastikpinnad ennem kasutamist.<br \/>\nPihusta ohtralt vahendit t\u00f6\u00f6deldava<\/p>\n","protected":false},"featured_media":57374,"template":"","meta":{"inline_featured_image":false},"product_cat":[5011,5010,5009],"product_tag":[],"class_list":{"0":"post-57373","1":"product","2":"type-product","3":"status-publish","4":"has-post-thumbnail","6":"product_brand-motip","7":"product_cat-puhastusvahendid","8":"product_cat-tehnilised-aerosoolid","9":"product_cat-toostus-ja-autokeemia","11":"first","12":"instock","13":"purchasable","14":"product-type-simple"},"yoast_head":"<!-- This site is optimized with the Yoast SEO plugin v27.4 - https:\/\/yoast.com\/product\/yoast-seo-wordpress\/ -->\n<title>Universaalne t\u00f6\u00f6stuspuhasti Industrial Cleaner 500ml, Motip - Ranoja<\/title>\n<meta name=\"robots\" content=\"index, follow, max-snippet:-1, max-image-preview:large, max-video-preview:-1\" \/>\n<link rel=\"canonical\" href=\"https:\/\/ranoja.ee\/toode\/universaalne-toostuspuhasti-industrial-cleaner-500ml-motip\/\" \/>\n<meta property=\"og:locale\" content=\"en_US\" \/>\n<meta property=\"og:type\" content=\"article\" \/>\n<meta property=\"og:title\" content=\"Universaalne t\u00f6\u00f6stuspuhasti Industrial Cleaner 500ml, Motip - Ranoja\" \/>\n<meta property=\"og:description\" content=\"INDUSTRIAL CLEANER on hea lahustamisv\u00f5imega, atsetooni sisaldav, kiiresti aurustuv universaalne tehniline puhastusvahend k\u00f5ikide metallist detailide \u00f5list, rasvast ja muust mustusest puhastamiseks.  KASUTUSVALDKOND: Sobib k\u00f5ikide mehhaaniliste detailide puhastamiseks kuivanud ja v\u00e4rskest \u00f5list, rasvast ja muust mustusest. Puhastab ka k\u00f5ik piduri\u00f5li ja silikoonij\u00e4\u00e4gid. Atsetooni sisaldav kange lahustite segu v\u00f5ib kahjustada v\u00e4rvipindasid, kummidetaile ja teatud plastikuid! Enne kasutamist proovi toote sobivust mitten\u00e4hataval pinnal.  TEHNILINE INFO: Baasained: alifaatsed s\u00fcsivesikud V\u00e4rvus: l\u00e4bipaistev L\u00f5hn: atsetoon Tihedus 20\u00b0C juures: 0,67g\/ml Kulu: 3-4g\/sec R\u00f5hk 20\u00b0C juures: 5,5-6,0bar Kasutatav iga nurga all t\u00e4nu spetsiaalsele 360\u00b0 klapile KASUTAMINE: Ennem kasutamist hoiusta toodet toatemperatuuril Soovitav kasutamistemperatuur +5\u00b0 kuni +30\u00b0C Loksuta aerosooli v\u00e4hemalt 2min. ennem kasutamist Kata v\u00e4rvitud ja plastikpinnad ennem kasutamist. Pihusta ohtralt vahendit t\u00f6\u00f6deldava\" \/>\n<meta property=\"og:url\" content=\"https:\/\/ranoja.ee\/toode\/universaalne-toostuspuhasti-industrial-cleaner-500ml-motip\/\" \/>\n<meta property=\"og:site_name\" content=\"Ranoja\" \/>\n<meta property=\"article:publisher\" content=\"https:\/\/www.facebook.com\/ranoja.ee\" \/>\n<meta property=\"article:modified_time\" content=\"2026-03-17T12:44:52+00:00\" \/>\n<meta property=\"og:image\" content=\"https:\/\/ranoja.ee\/wp-content\/uploads\/2026\/03\/123752392.jpg\" \/>\n\t<meta property=\"og:image:width\" content=\"121\" \/>\n\t<meta property=\"og:image:height\" content=\"400\" \/>\n\t<meta property=\"og:image:type\" content=\"image\/jpeg\" \/>\n<meta name=\"twitter:card\" content=\"summary_large_image\" \/>\n<script type=\"application\/ld+json\" class=\"yoast-schema-graph\">{\"@context\":\"https:\\\/\\\/schema.org\",\"@graph\":[{\"@type\":\"WebPage\",\"@id\":\"https:\\\/\\\/ranoja.ee\\\/toode\\\/universaalne-toostuspuhasti-industrial-cleaner-500ml-motip\\\/\",\"url\":\"https:\\\/\\\/ranoja.ee\\\/toode\\\/universaalne-toostuspuhasti-industrial-cleaner-500ml-motip\\\/\",\"name\":\"Universaalne t\u00f6\u00f6stuspuhasti Industrial Cleaner 500ml, Motip - Ranoja\",\"isPartOf\":{\"@id\":\"https:\\\/\\\/ranoja.ee\\\/#website\"},\"primaryImageOfPage\":{\"@id\":\"https:\\\/\\\/ranoja.ee\\\/toode\\\/universaalne-toostuspuhasti-industrial-cleaner-500ml-motip\\\/#primaryimage\"},\"image\":{\"@id\":\"https:\\\/\\\/ranoja.ee\\\/toode\\\/universaalne-toostuspuhasti-industrial-cleaner-500ml-motip\\\/#primaryimage\"},\"thumbnailUrl\":\"https:\\\/\\\/ranoja.ee\\\/wp-content\\\/uploads\\\/2026\\\/03\\\/123752392.jpg\",\"datePublished\":\"2026-03-16T22:47:42+00:00\",\"dateModified\":\"2026-03-17T12:44:52+00:00\",\"breadcrumb\":{\"@id\":\"https:\\\/\\\/ranoja.ee\\\/toode\\\/universaalne-toostuspuhasti-industrial-cleaner-500ml-motip\\\/#breadcrumb\"},\"inLanguage\":\"en-US\",\"potentialAction\":[{\"@type\":\"ReadAction\",\"target\":[\"https:\\\/\\\/ranoja.ee\\\/toode\\\/universaalne-toostuspuhasti-industrial-cleaner-500ml-motip\\\/\"]}]},{\"@type\":\"ImageObject\",\"inLanguage\":\"en-US\",\"@id\":\"https:\\\/\\\/ranoja.ee\\\/toode\\\/universaalne-toostuspuhasti-industrial-cleaner-500ml-motip\\\/#primaryimage\",\"url\":\"https:\\\/\\\/ranoja.ee\\\/wp-content\\\/uploads\\\/2026\\\/03\\\/123752392.jpg\",\"contentUrl\":\"https:\\\/\\\/ranoja.ee\\\/wp-content\\\/uploads\\\/2026\\\/03\\\/123752392.jpg\",\"width\":121,\"height\":400},{\"@type\":\"BreadcrumbList\",\"@id\":\"https:\\\/\\\/ranoja.ee\\\/toode\\\/universaalne-toostuspuhasti-industrial-cleaner-500ml-motip\\\/#breadcrumb\",\"itemListElement\":[{\"@type\":\"ListItem\",\"position\":1,\"name\":\"Home\",\"item\":\"https:\\\/\\\/ranoja.ee\\\/\"},{\"@type\":\"ListItem\",\"position\":2,\"name\":\"Shop\",\"item\":\"https:\\\/\\\/ranoja.ee\\\/en\\\/shop\\\/\"},{\"@type\":\"ListItem\",\"position\":3,\"name\":\"Universaalne t\u00f6\u00f6stuspuhasti Industrial Cleaner 500ml, Motip\"}]},{\"@type\":\"WebSite\",\"@id\":\"https:\\\/\\\/ranoja.ee\\\/#website\",\"url\":\"https:\\\/\\\/ranoja.ee\\\/\",\"name\":\"Ranoja\",\"description\":\"Equipment Shop WooCommerce WordPress Theme for Machine &amp; Tools\",\"publisher\":{\"@id\":\"https:\\\/\\\/ranoja.ee\\\/#organization\"},\"potentialAction\":[{\"@type\":\"SearchAction\",\"target\":{\"@type\":\"EntryPoint\",\"urlTemplate\":\"https:\\\/\\\/ranoja.ee\\\/?s={search_term_string}\"},\"query-input\":{\"@type\":\"PropertyValueSpecification\",\"valueRequired\":true,\"valueName\":\"search_term_string\"}}],\"inLanguage\":\"en-US\"},{\"@type\":\"Organization\",\"@id\":\"https:\\\/\\\/ranoja.ee\\\/#organization\",\"name\":\"Ranoja O\u00dc\",\"url\":\"https:\\\/\\\/ranoja.ee\\\/\",\"logo\":{\"@type\":\"ImageObject\",\"inLanguage\":\"en-US\",\"@id\":\"https:\\\/\\\/ranoja.ee\\\/#\\\/schema\\\/logo\\\/image\\\/\",\"url\":\"https:\\\/\\\/ranoja.ee\\\/wp-content\\\/uploads\\\/2023\\\/11\\\/ranoja-Logo.png\",\"contentUrl\":\"https:\\\/\\\/ranoja.ee\\\/wp-content\\\/uploads\\\/2023\\\/11\\\/ranoja-Logo.png\",\"width\":207,\"height\":58,\"caption\":\"Ranoja O\u00dc\"},\"image\":{\"@id\":\"https:\\\/\\\/ranoja.ee\\\/#\\\/schema\\\/logo\\\/image\\\/\"},\"sameAs\":[\"https:\\\/\\\/www.facebook.com\\\/ranoja.ee\",\"https:\\\/\\\/www.instagram.com\\\/ranoja__\\\/\"]}]}<\/script>\n<!-- \/ Yoast SEO plugin. -->","yoast_head_json":{"title":"Universaalne t\u00f6\u00f6stuspuhasti Industrial Cleaner 500ml, Motip - Ranoja","robots":{"index":"index","follow":"follow","max-snippet":"max-snippet:-1","max-image-preview":"max-image-preview:large","max-video-preview":"max-video-preview:-1"},"canonical":"https:\/\/ranoja.ee\/toode\/universaalne-toostuspuhasti-industrial-cleaner-500ml-motip\/","og_locale":"en_US","og_type":"article","og_title":"Universaalne t\u00f6\u00f6stuspuhasti Industrial Cleaner 500ml, Motip - Ranoja","og_description":"INDUSTRIAL CLEANER on hea lahustamisv\u00f5imega, atsetooni sisaldav, kiiresti aurustuv universaalne tehniline puhastusvahend k\u00f5ikide metallist detailide \u00f5list, rasvast ja muust mustusest puhastamiseks.  KASUTUSVALDKOND: Sobib k\u00f5ikide mehhaaniliste detailide puhastamiseks kuivanud ja v\u00e4rskest \u00f5list, rasvast ja muust mustusest. Puhastab ka k\u00f5ik piduri\u00f5li ja silikoonij\u00e4\u00e4gid. Atsetooni sisaldav kange lahustite segu v\u00f5ib kahjustada v\u00e4rvipindasid, kummidetaile ja teatud plastikuid! Enne kasutamist proovi toote sobivust mitten\u00e4hataval pinnal.  TEHNILINE INFO: Baasained: alifaatsed s\u00fcsivesikud V\u00e4rvus: l\u00e4bipaistev L\u00f5hn: atsetoon Tihedus 20\u00b0C juures: 0,67g\/ml Kulu: 3-4g\/sec R\u00f5hk 20\u00b0C juures: 5,5-6,0bar Kasutatav iga nurga all t\u00e4nu spetsiaalsele 360\u00b0 klapile KASUTAMINE: Ennem kasutamist hoiusta toodet toatemperatuuril Soovitav kasutamistemperatuur +5\u00b0 kuni +30\u00b0C Loksuta aerosooli v\u00e4hemalt 2min. ennem kasutamist Kata v\u00e4rvitud ja plastikpinnad ennem kasutamist. Pihusta ohtralt vahendit t\u00f6\u00f6deldava","og_url":"https:\/\/ranoja.ee\/toode\/universaalne-toostuspuhasti-industrial-cleaner-500ml-motip\/","og_site_name":"Ranoja","article_publisher":"https:\/\/www.facebook.com\/ranoja.ee","article_modified_time":"2026-03-17T12:44:52+00:00","og_image":[{"width":121,"height":400,"url":"https:\/\/ranoja.ee\/wp-content\/uploads\/2026\/03\/123752392.jpg","type":"image\/jpeg"}],"twitter_card":"summary_large_image","schema":{"@context":"https:\/\/schema.org","@graph":[{"@type":"WebPage","@id":"https:\/\/ranoja.ee\/toode\/universaalne-toostuspuhasti-industrial-cleaner-500ml-motip\/","url":"https:\/\/ranoja.ee\/toode\/universaalne-toostuspuhasti-industrial-cleaner-500ml-motip\/","name":"Universaalne t\u00f6\u00f6stuspuhasti Industrial Cleaner 500ml, Motip - Ranoja","isPartOf":{"@id":"https:\/\/ranoja.ee\/#website"},"primaryImageOfPage":{"@id":"https:\/\/ranoja.ee\/toode\/universaalne-toostuspuhasti-industrial-cleaner-500ml-motip\/#primaryimage"},"image":{"@id":"https:\/\/ranoja.ee\/toode\/universaalne-toostuspuhasti-industrial-cleaner-500ml-motip\/#primaryimage"},"thumbnailUrl":"https:\/\/ranoja.ee\/wp-content\/uploads\/2026\/03\/123752392.jpg","datePublished":"2026-03-16T22:47:42+00:00","dateModified":"2026-03-17T12:44:52+00:00","breadcrumb":{"@id":"https:\/\/ranoja.ee\/toode\/universaalne-toostuspuhasti-industrial-cleaner-500ml-motip\/#breadcrumb"},"inLanguage":"en-US","potentialAction":[{"@type":"ReadAction","target":["https:\/\/ranoja.ee\/toode\/universaalne-toostuspuhasti-industrial-cleaner-500ml-motip\/"]}]},{"@type":"ImageObject","inLanguage":"en-US","@id":"https:\/\/ranoja.ee\/toode\/universaalne-toostuspuhasti-industrial-cleaner-500ml-motip\/#primaryimage","url":"https:\/\/ranoja.ee\/wp-content\/uploads\/2026\/03\/123752392.jpg","contentUrl":"https:\/\/ranoja.ee\/wp-content\/uploads\/2026\/03\/123752392.jpg","width":121,"height":400},{"@type":"BreadcrumbList","@id":"https:\/\/ranoja.ee\/toode\/universaalne-toostuspuhasti-industrial-cleaner-500ml-motip\/#breadcrumb","itemListElement":[{"@type":"ListItem","position":1,"name":"Home","item":"https:\/\/ranoja.ee\/"},{"@type":"ListItem","position":2,"name":"Shop","item":"https:\/\/ranoja.ee\/en\/shop\/"},{"@type":"ListItem","position":3,"name":"Universaalne t\u00f6\u00f6stuspuhasti Industrial Cleaner 500ml, Motip"}]},{"@type":"WebSite","@id":"https:\/\/ranoja.ee\/#website","url":"https:\/\/ranoja.ee\/","name":"Ranoja","description":"Equipment Shop WooCommerce WordPress Theme for Machine &amp; Tools","publisher":{"@id":"https:\/\/ranoja.ee\/#organization"},"potentialAction":[{"@type":"SearchAction","target":{"@type":"EntryPoint","urlTemplate":"https:\/\/ranoja.ee\/?s={search_term_string}"},"query-input":{"@type":"PropertyValueSpecification","valueRequired":true,"valueName":"search_term_string"}}],"inLanguage":"en-US"},{"@type":"Organization","@id":"https:\/\/ranoja.ee\/#organization","name":"Ranoja O\u00dc","url":"https:\/\/ranoja.ee\/","logo":{"@type":"ImageObject","inLanguage":"en-US","@id":"https:\/\/ranoja.ee\/#\/schema\/logo\/image\/","url":"https:\/\/ranoja.ee\/wp-content\/uploads\/2023\/11\/ranoja-Logo.png","contentUrl":"https:\/\/ranoja.ee\/wp-content\/uploads\/2023\/11\/ranoja-Logo.png","width":207,"height":58,"caption":"Ranoja O\u00dc"},"image":{"@id":"https:\/\/ranoja.ee\/#\/schema\/logo\/image\/"},"sameAs":["https:\/\/www.facebook.com\/ranoja.ee","https:\/\/www.instagram.com\/ranoja__\/"]}]}},"_links":{"self":[{"href":"https:\/\/ranoja.ee\/en\/wp-json\/wp\/v2\/product\/57373","targetHints":{"allow":["GET"]}}],"collection":[{"href":"https:\/\/ranoja.ee\/en\/wp-json\/wp\/v2\/product"}],"about":[{"href":"https:\/\/ranoja.ee\/en\/wp-json\/wp\/v2\/types\/product"}],"wp:featuredmedia":[{"embeddable":true,"href":"https:\/\/ranoja.ee\/en\/wp-json\/wp\/v2\/media\/57374"}],"wp:attachment":[{"href":"https:\/\/ranoja.ee\/en\/wp-json\/wp\/v2\/media?parent=57373"}],"wp:term":[{"taxonomy":"product_cat","embeddable":true,"href":"https:\/\/ranoja.ee\/en\/wp-json\/wp\/v2\/product_cat?post=57373"},{"taxonomy":"product_tag","embeddable":true,"href":"https:\/\/ranoja.ee\/en\/wp-json\/wp\/v2\/product_tag?post=57373"}],"curies":[{"name":"wp","href":"https:\/\/api.w.org\/{rel}","templated":true}]}}