{"id":57369,"date":"2026-03-17T01:47:42","date_gmt":"2026-03-16T22:47:42","guid":{"rendered":"https:\/\/ranoja.ee\/toode\/silikoonoli-silicone-spray-500ml-motip\/"},"modified":"2026-03-17T15:44:52","modified_gmt":"2026-03-17T12:44:52","slug":"silikoonoli-silicone-spray-500ml-motip","status":"publish","type":"product","link":"https:\/\/ranoja.ee\/en\/toode\/silikoonoli-silicone-spray-500ml-motip\/","title":{"rendered":"Silikoon\u00f5li Silicone Spray 500ml, Motip"},"content":{"rendered":"","protected":false},"excerpt":{"rendered":"<p>Silikoonaerosool tihendite, plast- v\u00f5i kummidetailide m\u00e4\u00e4rimiseks ja kaitsmiseks. <\/p>\n<p>KASUTUSVALDKOND:<br \/>\nSilikoon\u00f5li muudab uksetihendid ja muud kummidetailid pehmeks ja elastseks, kaitseb neid kuivamise ja pragunemise eest. V\u00e4ldib kriuksumist. Ilmastikukindel. Takistab j\u00e4\u00e4tumist ja kuivamist. Vett h\u00fclgava toimega &#8211; ei lase autoustel talvel kinni k\u00fclmuda. Sobib h\u00e4sti ka k\u00f5ikide pakettakende ja uste tihendite hooldamiseks. <br \/>\nSobib ka plastikdetailide l\u00e4ike taastamiseks ja kaitseks, kuid peab arvestama, et pinnad j\u00e4\u00e4vad \u00f5lised ja hakkavad tolmu koguma. <br \/>\nKasutatav ka universaalm\u00e4\u00e4rdena, mehaaniliselt tugev \u00f5likiht muudab pinnad libedaks ja kaitseb korrosiooni eest.<\/p>\n<p>TEHNILINE INFO:<br \/>\nBaasained: Polydimethylsiloxaane (k\u00f5rgekvaliteetsed silikoon\u00f5lid)<br \/>\nV\u00e4rvus: l\u00e4bipaistev<br \/>\nL\u00f5hn: iseloomulik<br \/>\nTihedus 20\u00b0C juures: 0,72g\/ml<br \/>\nTemperatuuritaluvus -50C kuni +200C.<br \/>\npH v\u00e4\u00e4rtus: neutraalne<br \/>\nKaasas spetsiaalne pikk pihustusots.<\/p>\n<p>KASUTAMINE:<br \/>\nEnnem kasutamist hoiustada toodet toatemperatuuril ja loksutada.<br \/>\nSoovitav kasutamistemperatuur +5\u00b0 kuni +30\u00b0C<br \/>\nPihusta \u00f5huke kiht kaitstavale pinnale.<br \/>\n\u00d5ige m\u00e4\u00e4rdekiht tekib alles peale lahusti aurustumist (ca. 10min)<\/p>\n","protected":false},"featured_media":57370,"template":"","meta":{"inline_featured_image":false},"product_cat":[5038,5010,5009],"product_tag":[],"class_list":{"0":"post-57369","1":"product","2":"type-product","3":"status-publish","4":"has-post-thumbnail","6":"product_brand-motip","7":"product_cat-pinnatootlusained","8":"product_cat-tehnilised-aerosoolid","9":"product_cat-toostus-ja-autokeemia","11":"first","12":"instock","13":"purchasable","14":"product-type-simple"},"yoast_head":"<!-- This site is optimized with the Yoast SEO plugin v27.4 - https:\/\/yoast.com\/product\/yoast-seo-wordpress\/ -->\n<title>Silikoon\u00f5li Silicone Spray 500ml, Motip - Ranoja<\/title>\n<meta name=\"robots\" content=\"index, follow, max-snippet:-1, max-image-preview:large, max-video-preview:-1\" \/>\n<link rel=\"canonical\" href=\"https:\/\/ranoja.ee\/toode\/silikoonoli-silicone-spray-500ml-motip\/\" \/>\n<meta property=\"og:locale\" content=\"en_US\" \/>\n<meta property=\"og:type\" content=\"article\" \/>\n<meta property=\"og:title\" content=\"Silikoon\u00f5li Silicone Spray 500ml, Motip - Ranoja\" \/>\n<meta property=\"og:description\" content=\"Silikoonaerosool tihendite, plast- v\u00f5i kummidetailide m\u00e4\u00e4rimiseks ja kaitsmiseks.  KASUTUSVALDKOND: Silikoon\u00f5li muudab uksetihendid ja muud kummidetailid pehmeks ja elastseks, kaitseb neid kuivamise ja pragunemise eest. V\u00e4ldib kriuksumist. Ilmastikukindel. Takistab j\u00e4\u00e4tumist ja kuivamist. Vett h\u00fclgava toimega - ei lase autoustel talvel kinni k\u00fclmuda. Sobib h\u00e4sti ka k\u00f5ikide pakettakende ja uste tihendite hooldamiseks. Sobib ka plastikdetailide l\u00e4ike taastamiseks ja kaitseks, kuid peab arvestama, et pinnad j\u00e4\u00e4vad \u00f5lised ja hakkavad tolmu koguma. Kasutatav ka universaalm\u00e4\u00e4rdena, mehaaniliselt tugev \u00f5likiht muudab pinnad libedaks ja kaitseb korrosiooni eest. TEHNILINE INFO: Baasained: Polydimethylsiloxaane (k\u00f5rgekvaliteetsed silikoon\u00f5lid) V\u00e4rvus: l\u00e4bipaistev L\u00f5hn: iseloomulik Tihedus 20\u00b0C juures: 0,72g\/ml Temperatuuritaluvus -50C kuni +200C. pH v\u00e4\u00e4rtus: neutraalne Kaasas spetsiaalne pikk pihustusots. KASUTAMINE: Ennem kasutamist hoiustada toodet toatemperatuuril ja loksutada. Soovitav kasutamistemperatuur +5\u00b0 kuni +30\u00b0C Pihusta \u00f5huke kiht kaitstavale pinnale. \u00d5ige m\u00e4\u00e4rdekiht tekib alles peale lahusti aurustumist (ca. 10min)\" \/>\n<meta property=\"og:url\" content=\"https:\/\/ranoja.ee\/toode\/silikoonoli-silicone-spray-500ml-motip\/\" \/>\n<meta property=\"og:site_name\" content=\"Ranoja\" \/>\n<meta property=\"article:publisher\" content=\"https:\/\/www.facebook.com\/ranoja.ee\" \/>\n<meta property=\"article:modified_time\" content=\"2026-03-17T12:44:52+00:00\" \/>\n<meta property=\"og:image\" content=\"https:\/\/ranoja.ee\/wp-content\/uploads\/2026\/03\/123740953.jpg\" \/>\n\t<meta property=\"og:image:width\" content=\"157\" \/>\n\t<meta property=\"og:image:height\" content=\"400\" \/>\n\t<meta property=\"og:image:type\" content=\"image\/jpeg\" \/>\n<meta name=\"twitter:card\" content=\"summary_large_image\" \/>\n<script type=\"application\/ld+json\" class=\"yoast-schema-graph\">{\"@context\":\"https:\\\/\\\/schema.org\",\"@graph\":[{\"@type\":\"WebPage\",\"@id\":\"https:\\\/\\\/ranoja.ee\\\/toode\\\/silikoonoli-silicone-spray-500ml-motip\\\/\",\"url\":\"https:\\\/\\\/ranoja.ee\\\/toode\\\/silikoonoli-silicone-spray-500ml-motip\\\/\",\"name\":\"Silikoon\u00f5li Silicone Spray 500ml, Motip - Ranoja\",\"isPartOf\":{\"@id\":\"https:\\\/\\\/ranoja.ee\\\/#website\"},\"primaryImageOfPage\":{\"@id\":\"https:\\\/\\\/ranoja.ee\\\/toode\\\/silikoonoli-silicone-spray-500ml-motip\\\/#primaryimage\"},\"image\":{\"@id\":\"https:\\\/\\\/ranoja.ee\\\/toode\\\/silikoonoli-silicone-spray-500ml-motip\\\/#primaryimage\"},\"thumbnailUrl\":\"https:\\\/\\\/ranoja.ee\\\/wp-content\\\/uploads\\\/2026\\\/03\\\/123740953.jpg\",\"datePublished\":\"2026-03-16T22:47:42+00:00\",\"dateModified\":\"2026-03-17T12:44:52+00:00\",\"breadcrumb\":{\"@id\":\"https:\\\/\\\/ranoja.ee\\\/toode\\\/silikoonoli-silicone-spray-500ml-motip\\\/#breadcrumb\"},\"inLanguage\":\"en-US\",\"potentialAction\":[{\"@type\":\"ReadAction\",\"target\":[\"https:\\\/\\\/ranoja.ee\\\/toode\\\/silikoonoli-silicone-spray-500ml-motip\\\/\"]}]},{\"@type\":\"ImageObject\",\"inLanguage\":\"en-US\",\"@id\":\"https:\\\/\\\/ranoja.ee\\\/toode\\\/silikoonoli-silicone-spray-500ml-motip\\\/#primaryimage\",\"url\":\"https:\\\/\\\/ranoja.ee\\\/wp-content\\\/uploads\\\/2026\\\/03\\\/123740953.jpg\",\"contentUrl\":\"https:\\\/\\\/ranoja.ee\\\/wp-content\\\/uploads\\\/2026\\\/03\\\/123740953.jpg\",\"width\":157,\"height\":400},{\"@type\":\"BreadcrumbList\",\"@id\":\"https:\\\/\\\/ranoja.ee\\\/toode\\\/silikoonoli-silicone-spray-500ml-motip\\\/#breadcrumb\",\"itemListElement\":[{\"@type\":\"ListItem\",\"position\":1,\"name\":\"Home\",\"item\":\"https:\\\/\\\/ranoja.ee\\\/\"},{\"@type\":\"ListItem\",\"position\":2,\"name\":\"Shop\",\"item\":\"https:\\\/\\\/ranoja.ee\\\/en\\\/shop\\\/\"},{\"@type\":\"ListItem\",\"position\":3,\"name\":\"Silikoon\u00f5li Silicone Spray 500ml, Motip\"}]},{\"@type\":\"WebSite\",\"@id\":\"https:\\\/\\\/ranoja.ee\\\/#website\",\"url\":\"https:\\\/\\\/ranoja.ee\\\/\",\"name\":\"Ranoja\",\"description\":\"Equipment Shop WooCommerce WordPress Theme for Machine &amp; Tools\",\"publisher\":{\"@id\":\"https:\\\/\\\/ranoja.ee\\\/#organization\"},\"potentialAction\":[{\"@type\":\"SearchAction\",\"target\":{\"@type\":\"EntryPoint\",\"urlTemplate\":\"https:\\\/\\\/ranoja.ee\\\/?s={search_term_string}\"},\"query-input\":{\"@type\":\"PropertyValueSpecification\",\"valueRequired\":true,\"valueName\":\"search_term_string\"}}],\"inLanguage\":\"en-US\"},{\"@type\":\"Organization\",\"@id\":\"https:\\\/\\\/ranoja.ee\\\/#organization\",\"name\":\"Ranoja O\u00dc\",\"url\":\"https:\\\/\\\/ranoja.ee\\\/\",\"logo\":{\"@type\":\"ImageObject\",\"inLanguage\":\"en-US\",\"@id\":\"https:\\\/\\\/ranoja.ee\\\/#\\\/schema\\\/logo\\\/image\\\/\",\"url\":\"https:\\\/\\\/ranoja.ee\\\/wp-content\\\/uploads\\\/2023\\\/11\\\/ranoja-Logo.png\",\"contentUrl\":\"https:\\\/\\\/ranoja.ee\\\/wp-content\\\/uploads\\\/2023\\\/11\\\/ranoja-Logo.png\",\"width\":207,\"height\":58,\"caption\":\"Ranoja O\u00dc\"},\"image\":{\"@id\":\"https:\\\/\\\/ranoja.ee\\\/#\\\/schema\\\/logo\\\/image\\\/\"},\"sameAs\":[\"https:\\\/\\\/www.facebook.com\\\/ranoja.ee\",\"https:\\\/\\\/www.instagram.com\\\/ranoja__\\\/\"]}]}<\/script>\n<!-- \/ Yoast SEO plugin. -->","yoast_head_json":{"title":"Silikoon\u00f5li Silicone Spray 500ml, Motip - Ranoja","robots":{"index":"index","follow":"follow","max-snippet":"max-snippet:-1","max-image-preview":"max-image-preview:large","max-video-preview":"max-video-preview:-1"},"canonical":"https:\/\/ranoja.ee\/toode\/silikoonoli-silicone-spray-500ml-motip\/","og_locale":"en_US","og_type":"article","og_title":"Silikoon\u00f5li Silicone Spray 500ml, Motip - Ranoja","og_description":"Silikoonaerosool tihendite, plast- v\u00f5i kummidetailide m\u00e4\u00e4rimiseks ja kaitsmiseks.  KASUTUSVALDKOND: Silikoon\u00f5li muudab uksetihendid ja muud kummidetailid pehmeks ja elastseks, kaitseb neid kuivamise ja pragunemise eest. V\u00e4ldib kriuksumist. Ilmastikukindel. Takistab j\u00e4\u00e4tumist ja kuivamist. Vett h\u00fclgava toimega - ei lase autoustel talvel kinni k\u00fclmuda. Sobib h\u00e4sti ka k\u00f5ikide pakettakende ja uste tihendite hooldamiseks. Sobib ka plastikdetailide l\u00e4ike taastamiseks ja kaitseks, kuid peab arvestama, et pinnad j\u00e4\u00e4vad \u00f5lised ja hakkavad tolmu koguma. Kasutatav ka universaalm\u00e4\u00e4rdena, mehaaniliselt tugev \u00f5likiht muudab pinnad libedaks ja kaitseb korrosiooni eest. TEHNILINE INFO: Baasained: Polydimethylsiloxaane (k\u00f5rgekvaliteetsed silikoon\u00f5lid) V\u00e4rvus: l\u00e4bipaistev L\u00f5hn: iseloomulik Tihedus 20\u00b0C juures: 0,72g\/ml Temperatuuritaluvus -50C kuni +200C. pH v\u00e4\u00e4rtus: neutraalne Kaasas spetsiaalne pikk pihustusots. KASUTAMINE: Ennem kasutamist hoiustada toodet toatemperatuuril ja loksutada. Soovitav kasutamistemperatuur +5\u00b0 kuni +30\u00b0C Pihusta \u00f5huke kiht kaitstavale pinnale. \u00d5ige m\u00e4\u00e4rdekiht tekib alles peale lahusti aurustumist (ca. 10min)","og_url":"https:\/\/ranoja.ee\/toode\/silikoonoli-silicone-spray-500ml-motip\/","og_site_name":"Ranoja","article_publisher":"https:\/\/www.facebook.com\/ranoja.ee","article_modified_time":"2026-03-17T12:44:52+00:00","og_image":[{"width":157,"height":400,"url":"https:\/\/ranoja.ee\/wp-content\/uploads\/2026\/03\/123740953.jpg","type":"image\/jpeg"}],"twitter_card":"summary_large_image","schema":{"@context":"https:\/\/schema.org","@graph":[{"@type":"WebPage","@id":"https:\/\/ranoja.ee\/toode\/silikoonoli-silicone-spray-500ml-motip\/","url":"https:\/\/ranoja.ee\/toode\/silikoonoli-silicone-spray-500ml-motip\/","name":"Silikoon\u00f5li Silicone Spray 500ml, Motip - Ranoja","isPartOf":{"@id":"https:\/\/ranoja.ee\/#website"},"primaryImageOfPage":{"@id":"https:\/\/ranoja.ee\/toode\/silikoonoli-silicone-spray-500ml-motip\/#primaryimage"},"image":{"@id":"https:\/\/ranoja.ee\/toode\/silikoonoli-silicone-spray-500ml-motip\/#primaryimage"},"thumbnailUrl":"https:\/\/ranoja.ee\/wp-content\/uploads\/2026\/03\/123740953.jpg","datePublished":"2026-03-16T22:47:42+00:00","dateModified":"2026-03-17T12:44:52+00:00","breadcrumb":{"@id":"https:\/\/ranoja.ee\/toode\/silikoonoli-silicone-spray-500ml-motip\/#breadcrumb"},"inLanguage":"en-US","potentialAction":[{"@type":"ReadAction","target":["https:\/\/ranoja.ee\/toode\/silikoonoli-silicone-spray-500ml-motip\/"]}]},{"@type":"ImageObject","inLanguage":"en-US","@id":"https:\/\/ranoja.ee\/toode\/silikoonoli-silicone-spray-500ml-motip\/#primaryimage","url":"https:\/\/ranoja.ee\/wp-content\/uploads\/2026\/03\/123740953.jpg","contentUrl":"https:\/\/ranoja.ee\/wp-content\/uploads\/2026\/03\/123740953.jpg","width":157,"height":400},{"@type":"BreadcrumbList","@id":"https:\/\/ranoja.ee\/toode\/silikoonoli-silicone-spray-500ml-motip\/#breadcrumb","itemListElement":[{"@type":"ListItem","position":1,"name":"Home","item":"https:\/\/ranoja.ee\/"},{"@type":"ListItem","position":2,"name":"Shop","item":"https:\/\/ranoja.ee\/en\/shop\/"},{"@type":"ListItem","position":3,"name":"Silikoon\u00f5li Silicone Spray 500ml, Motip"}]},{"@type":"WebSite","@id":"https:\/\/ranoja.ee\/#website","url":"https:\/\/ranoja.ee\/","name":"Ranoja","description":"Equipment Shop WooCommerce WordPress Theme for Machine &amp; Tools","publisher":{"@id":"https:\/\/ranoja.ee\/#organization"},"potentialAction":[{"@type":"SearchAction","target":{"@type":"EntryPoint","urlTemplate":"https:\/\/ranoja.ee\/?s={search_term_string}"},"query-input":{"@type":"PropertyValueSpecification","valueRequired":true,"valueName":"search_term_string"}}],"inLanguage":"en-US"},{"@type":"Organization","@id":"https:\/\/ranoja.ee\/#organization","name":"Ranoja O\u00dc","url":"https:\/\/ranoja.ee\/","logo":{"@type":"ImageObject","inLanguage":"en-US","@id":"https:\/\/ranoja.ee\/#\/schema\/logo\/image\/","url":"https:\/\/ranoja.ee\/wp-content\/uploads\/2023\/11\/ranoja-Logo.png","contentUrl":"https:\/\/ranoja.ee\/wp-content\/uploads\/2023\/11\/ranoja-Logo.png","width":207,"height":58,"caption":"Ranoja O\u00dc"},"image":{"@id":"https:\/\/ranoja.ee\/#\/schema\/logo\/image\/"},"sameAs":["https:\/\/www.facebook.com\/ranoja.ee","https:\/\/www.instagram.com\/ranoja__\/"]}]}},"_links":{"self":[{"href":"https:\/\/ranoja.ee\/en\/wp-json\/wp\/v2\/product\/57369","targetHints":{"allow":["GET"]}}],"collection":[{"href":"https:\/\/ranoja.ee\/en\/wp-json\/wp\/v2\/product"}],"about":[{"href":"https:\/\/ranoja.ee\/en\/wp-json\/wp\/v2\/types\/product"}],"wp:featuredmedia":[{"embeddable":true,"href":"https:\/\/ranoja.ee\/en\/wp-json\/wp\/v2\/media\/57370"}],"wp:attachment":[{"href":"https:\/\/ranoja.ee\/en\/wp-json\/wp\/v2\/media?parent=57369"}],"wp:term":[{"taxonomy":"product_cat","embeddable":true,"href":"https:\/\/ranoja.ee\/en\/wp-json\/wp\/v2\/product_cat?post=57369"},{"taxonomy":"product_tag","embeddable":true,"href":"https:\/\/ranoja.ee\/en\/wp-json\/wp\/v2\/product_tag?post=57369"}],"curies":[{"name":"wp","href":"https:\/\/api.w.org\/{rel}","templated":true}]}}