{"id":57353,"date":"2026-03-17T01:47:42","date_gmt":"2026-03-16T22:47:42","guid":{"rendered":"https:\/\/ranoja.ee\/toode\/seguoli-2-taktilisele-mootorile-garden-special-2t-doseeritav-1l-gudnord\/"},"modified":"2026-03-17T15:44:52","modified_gmt":"2026-03-17T12:44:52","slug":"seguoli-2-taktilisele-mootorile-garden-special-2t-doseeritav-1l-gudnord","status":"publish","type":"product","link":"https:\/\/ranoja.ee\/en\/toode\/seguoli-2-taktilisele-mootorile-garden-special-2t-doseeritav-1l-gudnord\/","title":{"rendered":"Segu\u00f5li 2-taktilisele mootorile Garden Special 2T doseeritav 1L, Gudnord"},"content":{"rendered":"","protected":false},"excerpt":{"rendered":"<p>Mootori\u00f5li metsas ja kodus t\u00f6\u00f6tavatele 2-taktilistele mootoritele. Eellsegatud ja sobib nii sissepritse kui eelsegamiss\u00fcsteemidele.<br \/>\n(Kasutage mootorsae v\u00f5i seadme tootja m\u00e4\u00e4ratud k\u00fctuse\/\u00f5li segu suhet maksimaalselt 50:1).<\/p>\n<p>Professionaalne t\u00f6\u00f6 metsas.<br \/>\nEra- ja hobit\u00f6\u00f6d aias.<br \/>\nTulet\u00f5rjebrigaadid<br \/>\nEhitust\u00f6\u00f6<br \/>\nLammutust\u00f6\u00f6d<\/p>\n<p>Suurep\u00e4rane kulumiskaitse<br \/>\nErakordsed m\u00e4\u00e4rdeomadused<br \/>\nHead korrosioonikaitse omadused<br \/>\nSuurep\u00e4rane termiline ja k\u00f5rge oks\u00fcdatsioonistabiilsus<br \/>\n\u00d5li seguneb h\u00e4sti k\u00fctusega, tagab puhta p\u00f5lemise<br \/>\nDoseerimine: vastavalt mootoritootja soovitustele 2% \u00f5li ja k\u00fctuse suhe \/1:50\/ kui mootoritootja ei soovita teisiti<br \/>\nVastab standarditele ja spetsifikatsioonidele:<br \/>\nAPI: TC<br \/>\nJASO: FD<br \/>\nISO: L-EGD<\/p>\n","protected":false},"featured_media":57354,"template":"","meta":{"inline_featured_image":false},"product_cat":[5015,5028,5012],"product_tag":[],"class_list":{"0":"post-57353","1":"product","2":"type-product","3":"status-publish","4":"has-post-thumbnail","6":"product_brand-gudnord","7":"product_cat-2t-ja-4t-vaikemootorite-olid","8":"product_cat-2t-ja-4t-vaikemootorite-sunteetilised-olid","9":"product_cat-olid-ja-maardeained","11":"first","12":"instock","13":"purchasable","14":"product-type-simple"},"yoast_head":"<!-- This site is optimized with the Yoast SEO plugin v27.4 - https:\/\/yoast.com\/product\/yoast-seo-wordpress\/ -->\n<title>Segu\u00f5li 2-taktilisele mootorile Garden Special 2T doseeritav 1L, Gudnord - Ranoja<\/title>\n<meta name=\"robots\" content=\"index, follow, max-snippet:-1, max-image-preview:large, max-video-preview:-1\" \/>\n<link rel=\"canonical\" href=\"https:\/\/ranoja.ee\/toode\/seguoli-2-taktilisele-mootorile-garden-special-2t-doseeritav-1l-gudnord\/\" \/>\n<meta property=\"og:locale\" content=\"en_US\" \/>\n<meta property=\"og:type\" content=\"article\" \/>\n<meta property=\"og:title\" content=\"Segu\u00f5li 2-taktilisele mootorile Garden Special 2T doseeritav 1L, Gudnord - Ranoja\" \/>\n<meta property=\"og:description\" content=\"Mootori\u00f5li metsas ja kodus t\u00f6\u00f6tavatele 2-taktilistele mootoritele. Eellsegatud ja sobib nii sissepritse kui eelsegamiss\u00fcsteemidele. (Kasutage mootorsae v\u00f5i seadme tootja m\u00e4\u00e4ratud k\u00fctuse\/\u00f5li segu suhet maksimaalselt 50:1). Professionaalne t\u00f6\u00f6 metsas. Era- ja hobit\u00f6\u00f6d aias. Tulet\u00f5rjebrigaadid Ehitust\u00f6\u00f6 Lammutust\u00f6\u00f6d Suurep\u00e4rane kulumiskaitse Erakordsed m\u00e4\u00e4rdeomadused Head korrosioonikaitse omadused Suurep\u00e4rane termiline ja k\u00f5rge oks\u00fcdatsioonistabiilsus \u00d5li seguneb h\u00e4sti k\u00fctusega, tagab puhta p\u00f5lemise Doseerimine: vastavalt mootoritootja soovitustele 2% \u00f5li ja k\u00fctuse suhe \/1:50\/ kui mootoritootja ei soovita teisiti Vastab standarditele ja spetsifikatsioonidele: API: TC JASO: FD ISO: L-EGD\" \/>\n<meta property=\"og:url\" content=\"https:\/\/ranoja.ee\/toode\/seguoli-2-taktilisele-mootorile-garden-special-2t-doseeritav-1l-gudnord\/\" \/>\n<meta property=\"og:site_name\" content=\"Ranoja\" \/>\n<meta property=\"article:publisher\" content=\"https:\/\/www.facebook.com\/ranoja.ee\" \/>\n<meta property=\"article:modified_time\" content=\"2026-03-17T12:44:52+00:00\" \/>\n<meta property=\"og:image\" content=\"https:\/\/ranoja.ee\/wp-content\/uploads\/2026\/03\/249845027.jpg\" \/>\n\t<meta property=\"og:image:width\" content=\"576\" \/>\n\t<meta property=\"og:image:height\" content=\"768\" \/>\n\t<meta property=\"og:image:type\" content=\"image\/jpeg\" \/>\n<meta name=\"twitter:card\" content=\"summary_large_image\" \/>\n<script type=\"application\/ld+json\" class=\"yoast-schema-graph\">{\"@context\":\"https:\\\/\\\/schema.org\",\"@graph\":[{\"@type\":\"WebPage\",\"@id\":\"https:\\\/\\\/ranoja.ee\\\/toode\\\/seguoli-2-taktilisele-mootorile-garden-special-2t-doseeritav-1l-gudnord\\\/\",\"url\":\"https:\\\/\\\/ranoja.ee\\\/toode\\\/seguoli-2-taktilisele-mootorile-garden-special-2t-doseeritav-1l-gudnord\\\/\",\"name\":\"Segu\u00f5li 2-taktilisele mootorile Garden Special 2T doseeritav 1L, Gudnord - Ranoja\",\"isPartOf\":{\"@id\":\"https:\\\/\\\/ranoja.ee\\\/#website\"},\"primaryImageOfPage\":{\"@id\":\"https:\\\/\\\/ranoja.ee\\\/toode\\\/seguoli-2-taktilisele-mootorile-garden-special-2t-doseeritav-1l-gudnord\\\/#primaryimage\"},\"image\":{\"@id\":\"https:\\\/\\\/ranoja.ee\\\/toode\\\/seguoli-2-taktilisele-mootorile-garden-special-2t-doseeritav-1l-gudnord\\\/#primaryimage\"},\"thumbnailUrl\":\"https:\\\/\\\/ranoja.ee\\\/wp-content\\\/uploads\\\/2026\\\/03\\\/249845027.jpg\",\"datePublished\":\"2026-03-16T22:47:42+00:00\",\"dateModified\":\"2026-03-17T12:44:52+00:00\",\"breadcrumb\":{\"@id\":\"https:\\\/\\\/ranoja.ee\\\/toode\\\/seguoli-2-taktilisele-mootorile-garden-special-2t-doseeritav-1l-gudnord\\\/#breadcrumb\"},\"inLanguage\":\"en-US\",\"potentialAction\":[{\"@type\":\"ReadAction\",\"target\":[\"https:\\\/\\\/ranoja.ee\\\/toode\\\/seguoli-2-taktilisele-mootorile-garden-special-2t-doseeritav-1l-gudnord\\\/\"]}]},{\"@type\":\"ImageObject\",\"inLanguage\":\"en-US\",\"@id\":\"https:\\\/\\\/ranoja.ee\\\/toode\\\/seguoli-2-taktilisele-mootorile-garden-special-2t-doseeritav-1l-gudnord\\\/#primaryimage\",\"url\":\"https:\\\/\\\/ranoja.ee\\\/wp-content\\\/uploads\\\/2026\\\/03\\\/249845027.jpg\",\"contentUrl\":\"https:\\\/\\\/ranoja.ee\\\/wp-content\\\/uploads\\\/2026\\\/03\\\/249845027.jpg\",\"width\":576,\"height\":768},{\"@type\":\"BreadcrumbList\",\"@id\":\"https:\\\/\\\/ranoja.ee\\\/toode\\\/seguoli-2-taktilisele-mootorile-garden-special-2t-doseeritav-1l-gudnord\\\/#breadcrumb\",\"itemListElement\":[{\"@type\":\"ListItem\",\"position\":1,\"name\":\"Home\",\"item\":\"https:\\\/\\\/ranoja.ee\\\/\"},{\"@type\":\"ListItem\",\"position\":2,\"name\":\"Shop\",\"item\":\"https:\\\/\\\/ranoja.ee\\\/en\\\/shop\\\/\"},{\"@type\":\"ListItem\",\"position\":3,\"name\":\"Segu\u00f5li 2-taktilisele mootorile Garden Special 2T doseeritav 1L, Gudnord\"}]},{\"@type\":\"WebSite\",\"@id\":\"https:\\\/\\\/ranoja.ee\\\/#website\",\"url\":\"https:\\\/\\\/ranoja.ee\\\/\",\"name\":\"Ranoja\",\"description\":\"Equipment Shop WooCommerce WordPress Theme for Machine &amp; Tools\",\"publisher\":{\"@id\":\"https:\\\/\\\/ranoja.ee\\\/#organization\"},\"potentialAction\":[{\"@type\":\"SearchAction\",\"target\":{\"@type\":\"EntryPoint\",\"urlTemplate\":\"https:\\\/\\\/ranoja.ee\\\/?s={search_term_string}\"},\"query-input\":{\"@type\":\"PropertyValueSpecification\",\"valueRequired\":true,\"valueName\":\"search_term_string\"}}],\"inLanguage\":\"en-US\"},{\"@type\":\"Organization\",\"@id\":\"https:\\\/\\\/ranoja.ee\\\/#organization\",\"name\":\"Ranoja O\u00dc\",\"url\":\"https:\\\/\\\/ranoja.ee\\\/\",\"logo\":{\"@type\":\"ImageObject\",\"inLanguage\":\"en-US\",\"@id\":\"https:\\\/\\\/ranoja.ee\\\/#\\\/schema\\\/logo\\\/image\\\/\",\"url\":\"https:\\\/\\\/ranoja.ee\\\/wp-content\\\/uploads\\\/2023\\\/11\\\/ranoja-Logo.png\",\"contentUrl\":\"https:\\\/\\\/ranoja.ee\\\/wp-content\\\/uploads\\\/2023\\\/11\\\/ranoja-Logo.png\",\"width\":207,\"height\":58,\"caption\":\"Ranoja O\u00dc\"},\"image\":{\"@id\":\"https:\\\/\\\/ranoja.ee\\\/#\\\/schema\\\/logo\\\/image\\\/\"},\"sameAs\":[\"https:\\\/\\\/www.facebook.com\\\/ranoja.ee\",\"https:\\\/\\\/www.instagram.com\\\/ranoja__\\\/\"]}]}<\/script>\n<!-- \/ Yoast SEO plugin. -->","yoast_head_json":{"title":"Segu\u00f5li 2-taktilisele mootorile Garden Special 2T doseeritav 1L, Gudnord - Ranoja","robots":{"index":"index","follow":"follow","max-snippet":"max-snippet:-1","max-image-preview":"max-image-preview:large","max-video-preview":"max-video-preview:-1"},"canonical":"https:\/\/ranoja.ee\/toode\/seguoli-2-taktilisele-mootorile-garden-special-2t-doseeritav-1l-gudnord\/","og_locale":"en_US","og_type":"article","og_title":"Segu\u00f5li 2-taktilisele mootorile Garden Special 2T doseeritav 1L, Gudnord - Ranoja","og_description":"Mootori\u00f5li metsas ja kodus t\u00f6\u00f6tavatele 2-taktilistele mootoritele. Eellsegatud ja sobib nii sissepritse kui eelsegamiss\u00fcsteemidele. (Kasutage mootorsae v\u00f5i seadme tootja m\u00e4\u00e4ratud k\u00fctuse\/\u00f5li segu suhet maksimaalselt 50:1). Professionaalne t\u00f6\u00f6 metsas. Era- ja hobit\u00f6\u00f6d aias. Tulet\u00f5rjebrigaadid Ehitust\u00f6\u00f6 Lammutust\u00f6\u00f6d Suurep\u00e4rane kulumiskaitse Erakordsed m\u00e4\u00e4rdeomadused Head korrosioonikaitse omadused Suurep\u00e4rane termiline ja k\u00f5rge oks\u00fcdatsioonistabiilsus \u00d5li seguneb h\u00e4sti k\u00fctusega, tagab puhta p\u00f5lemise Doseerimine: vastavalt mootoritootja soovitustele 2% \u00f5li ja k\u00fctuse suhe \/1:50\/ kui mootoritootja ei soovita teisiti Vastab standarditele ja spetsifikatsioonidele: API: TC JASO: FD ISO: L-EGD","og_url":"https:\/\/ranoja.ee\/toode\/seguoli-2-taktilisele-mootorile-garden-special-2t-doseeritav-1l-gudnord\/","og_site_name":"Ranoja","article_publisher":"https:\/\/www.facebook.com\/ranoja.ee","article_modified_time":"2026-03-17T12:44:52+00:00","og_image":[{"width":576,"height":768,"url":"https:\/\/ranoja.ee\/wp-content\/uploads\/2026\/03\/249845027.jpg","type":"image\/jpeg"}],"twitter_card":"summary_large_image","schema":{"@context":"https:\/\/schema.org","@graph":[{"@type":"WebPage","@id":"https:\/\/ranoja.ee\/toode\/seguoli-2-taktilisele-mootorile-garden-special-2t-doseeritav-1l-gudnord\/","url":"https:\/\/ranoja.ee\/toode\/seguoli-2-taktilisele-mootorile-garden-special-2t-doseeritav-1l-gudnord\/","name":"Segu\u00f5li 2-taktilisele mootorile Garden Special 2T doseeritav 1L, Gudnord - Ranoja","isPartOf":{"@id":"https:\/\/ranoja.ee\/#website"},"primaryImageOfPage":{"@id":"https:\/\/ranoja.ee\/toode\/seguoli-2-taktilisele-mootorile-garden-special-2t-doseeritav-1l-gudnord\/#primaryimage"},"image":{"@id":"https:\/\/ranoja.ee\/toode\/seguoli-2-taktilisele-mootorile-garden-special-2t-doseeritav-1l-gudnord\/#primaryimage"},"thumbnailUrl":"https:\/\/ranoja.ee\/wp-content\/uploads\/2026\/03\/249845027.jpg","datePublished":"2026-03-16T22:47:42+00:00","dateModified":"2026-03-17T12:44:52+00:00","breadcrumb":{"@id":"https:\/\/ranoja.ee\/toode\/seguoli-2-taktilisele-mootorile-garden-special-2t-doseeritav-1l-gudnord\/#breadcrumb"},"inLanguage":"en-US","potentialAction":[{"@type":"ReadAction","target":["https:\/\/ranoja.ee\/toode\/seguoli-2-taktilisele-mootorile-garden-special-2t-doseeritav-1l-gudnord\/"]}]},{"@type":"ImageObject","inLanguage":"en-US","@id":"https:\/\/ranoja.ee\/toode\/seguoli-2-taktilisele-mootorile-garden-special-2t-doseeritav-1l-gudnord\/#primaryimage","url":"https:\/\/ranoja.ee\/wp-content\/uploads\/2026\/03\/249845027.jpg","contentUrl":"https:\/\/ranoja.ee\/wp-content\/uploads\/2026\/03\/249845027.jpg","width":576,"height":768},{"@type":"BreadcrumbList","@id":"https:\/\/ranoja.ee\/toode\/seguoli-2-taktilisele-mootorile-garden-special-2t-doseeritav-1l-gudnord\/#breadcrumb","itemListElement":[{"@type":"ListItem","position":1,"name":"Home","item":"https:\/\/ranoja.ee\/"},{"@type":"ListItem","position":2,"name":"Shop","item":"https:\/\/ranoja.ee\/en\/shop\/"},{"@type":"ListItem","position":3,"name":"Segu\u00f5li 2-taktilisele mootorile Garden Special 2T doseeritav 1L, Gudnord"}]},{"@type":"WebSite","@id":"https:\/\/ranoja.ee\/#website","url":"https:\/\/ranoja.ee\/","name":"Ranoja","description":"Equipment Shop WooCommerce WordPress Theme for Machine &amp; Tools","publisher":{"@id":"https:\/\/ranoja.ee\/#organization"},"potentialAction":[{"@type":"SearchAction","target":{"@type":"EntryPoint","urlTemplate":"https:\/\/ranoja.ee\/?s={search_term_string}"},"query-input":{"@type":"PropertyValueSpecification","valueRequired":true,"valueName":"search_term_string"}}],"inLanguage":"en-US"},{"@type":"Organization","@id":"https:\/\/ranoja.ee\/#organization","name":"Ranoja O\u00dc","url":"https:\/\/ranoja.ee\/","logo":{"@type":"ImageObject","inLanguage":"en-US","@id":"https:\/\/ranoja.ee\/#\/schema\/logo\/image\/","url":"https:\/\/ranoja.ee\/wp-content\/uploads\/2023\/11\/ranoja-Logo.png","contentUrl":"https:\/\/ranoja.ee\/wp-content\/uploads\/2023\/11\/ranoja-Logo.png","width":207,"height":58,"caption":"Ranoja O\u00dc"},"image":{"@id":"https:\/\/ranoja.ee\/#\/schema\/logo\/image\/"},"sameAs":["https:\/\/www.facebook.com\/ranoja.ee","https:\/\/www.instagram.com\/ranoja__\/"]}]}},"_links":{"self":[{"href":"https:\/\/ranoja.ee\/en\/wp-json\/wp\/v2\/product\/57353","targetHints":{"allow":["GET"]}}],"collection":[{"href":"https:\/\/ranoja.ee\/en\/wp-json\/wp\/v2\/product"}],"about":[{"href":"https:\/\/ranoja.ee\/en\/wp-json\/wp\/v2\/types\/product"}],"wp:featuredmedia":[{"embeddable":true,"href":"https:\/\/ranoja.ee\/en\/wp-json\/wp\/v2\/media\/57354"}],"wp:attachment":[{"href":"https:\/\/ranoja.ee\/en\/wp-json\/wp\/v2\/media?parent=57353"}],"wp:term":[{"taxonomy":"product_cat","embeddable":true,"href":"https:\/\/ranoja.ee\/en\/wp-json\/wp\/v2\/product_cat?post=57353"},{"taxonomy":"product_tag","embeddable":true,"href":"https:\/\/ranoja.ee\/en\/wp-json\/wp\/v2\/product_tag?post=57353"}],"curies":[{"name":"wp","href":"https:\/\/api.w.org\/{rel}","templated":true}]}}