{"id":57335,"date":"2026-03-17T01:47:42","date_gmt":"2026-03-16T22:47:42","guid":{"rendered":"https:\/\/ranoja.ee\/toode\/piduripuhasti-puhastusaine-brake-cleaner-500ml-valvoline\/"},"modified":"2026-03-17T15:44:52","modified_gmt":"2026-03-17T12:44:52","slug":"piduripuhasti-puhastusaine-brake-cleaner-500ml-valvoline","status":"publish","type":"product","link":"https:\/\/ranoja.ee\/en\/toode\/piduripuhasti-puhastusaine-brake-cleaner-500ml-valvoline\/","title":{"rendered":"Piduripuhasti\/puhastusaine Brake Cleaner 500ml, Valvoline"},"content":{"rendered":"","protected":false},"excerpt":{"rendered":"<p>Eemaldab piduriklotside tolmu, \u00f5li, mustuse ja rasvained piduritorudelt, -ketastelt, -silindritelt, -klotsidelt ja -supportitelt. <br \/>\nEi kahjusta kummidetaile ja \u2013tihendeid.<br \/>\nSobib kasutamiseks ka universaalse tehnilise puhastusvahendina, k\u00f5ikide mehhaaniliste detailide \u00f5list ja muust mustusest puhastamiseks.<br \/>\nSobib ka kontakt ja muude elektriliste \u00fchenduste puhstamiseks.<br \/>\nRaskesti ligip\u00e4\u00e4setavate kohtade jaoks kasuta kaasasolevat pikendus otsikut.<br \/>\nPihusta ohtralt vahendit t\u00f6\u00f6deldavatele osadele, kuni n\u00e4htav mustus on kadunud.<br \/>\nPudelist tulev tugev surve puhastab juba ise pindadelt suurema osa mustusest.<br \/>\nLase \u00fcleliigsel ainel valguda ja oota kuni vahend lahustab \u00fclej\u00e4\u00e4nud mustuse. <br \/>\nSoovi korral pihusta veelkord loputamiseks ning puhasta ja kuivata pinnad l\u00f5plikult puhta kaltsuga. <br \/>\nNB! Enne puhastamist proovi v\u00e4rvi ja materjali p\u00fcsivust v\u00e4hen\u00e4htaval pinnal.<\/p>\n","protected":false},"featured_media":57336,"template":"","meta":{"inline_featured_image":false},"product_cat":[5011,5010,5009],"product_tag":[],"class_list":{"0":"post-57335","1":"product","2":"type-product","3":"status-publish","4":"has-post-thumbnail","6":"product_brand-valvoline","7":"product_cat-puhastusvahendid","8":"product_cat-tehnilised-aerosoolid","9":"product_cat-toostus-ja-autokeemia","11":"first","12":"instock","13":"purchasable","14":"product-type-simple"},"yoast_head":"<!-- This site is optimized with the Yoast SEO plugin v27.4 - https:\/\/yoast.com\/product\/yoast-seo-wordpress\/ -->\n<title>Piduripuhasti\/puhastusaine Brake Cleaner 500ml, Valvoline - Ranoja<\/title>\n<meta name=\"robots\" content=\"index, follow, max-snippet:-1, max-image-preview:large, max-video-preview:-1\" \/>\n<link rel=\"canonical\" href=\"https:\/\/ranoja.ee\/toode\/piduripuhasti-puhastusaine-brake-cleaner-500ml-valvoline\/\" \/>\n<meta property=\"og:locale\" content=\"en_US\" \/>\n<meta property=\"og:type\" content=\"article\" \/>\n<meta property=\"og:title\" content=\"Piduripuhasti\/puhastusaine Brake Cleaner 500ml, Valvoline - Ranoja\" \/>\n<meta property=\"og:description\" content=\"Eemaldab piduriklotside tolmu, \u00f5li, mustuse ja rasvained piduritorudelt, -ketastelt, -silindritelt, -klotsidelt ja -supportitelt. Ei kahjusta kummidetaile ja \u2013tihendeid. Sobib kasutamiseks ka universaalse tehnilise puhastusvahendina, k\u00f5ikide mehhaaniliste detailide \u00f5list ja muust mustusest puhastamiseks. Sobib ka kontakt ja muude elektriliste \u00fchenduste puhstamiseks. Raskesti ligip\u00e4\u00e4setavate kohtade jaoks kasuta kaasasolevat pikendus otsikut. Pihusta ohtralt vahendit t\u00f6\u00f6deldavatele osadele, kuni n\u00e4htav mustus on kadunud. Pudelist tulev tugev surve puhastab juba ise pindadelt suurema osa mustusest. Lase \u00fcleliigsel ainel valguda ja oota kuni vahend lahustab \u00fclej\u00e4\u00e4nud mustuse. Soovi korral pihusta veelkord loputamiseks ning puhasta ja kuivata pinnad l\u00f5plikult puhta kaltsuga. NB! Enne puhastamist proovi v\u00e4rvi ja materjali p\u00fcsivust v\u00e4hen\u00e4htaval pinnal.\" \/>\n<meta property=\"og:url\" content=\"https:\/\/ranoja.ee\/toode\/piduripuhasti-puhastusaine-brake-cleaner-500ml-valvoline\/\" \/>\n<meta property=\"og:site_name\" content=\"Ranoja\" \/>\n<meta property=\"article:publisher\" content=\"https:\/\/www.facebook.com\/ranoja.ee\" \/>\n<meta property=\"article:modified_time\" content=\"2026-03-17T12:44:52+00:00\" \/>\n<meta property=\"og:image\" content=\"https:\/\/ranoja.ee\/wp-content\/uploads\/2026\/03\/174656043.png\" \/>\n\t<meta property=\"og:image:width\" content=\"768\" \/>\n\t<meta property=\"og:image:height\" content=\"768\" \/>\n\t<meta property=\"og:image:type\" content=\"image\/jpeg\" \/>\n<meta name=\"twitter:card\" content=\"summary_large_image\" \/>\n<script type=\"application\/ld+json\" class=\"yoast-schema-graph\">{\"@context\":\"https:\\\/\\\/schema.org\",\"@graph\":[{\"@type\":\"WebPage\",\"@id\":\"https:\\\/\\\/ranoja.ee\\\/toode\\\/piduripuhasti-puhastusaine-brake-cleaner-500ml-valvoline\\\/\",\"url\":\"https:\\\/\\\/ranoja.ee\\\/toode\\\/piduripuhasti-puhastusaine-brake-cleaner-500ml-valvoline\\\/\",\"name\":\"Piduripuhasti\\\/puhastusaine Brake Cleaner 500ml, Valvoline - Ranoja\",\"isPartOf\":{\"@id\":\"https:\\\/\\\/ranoja.ee\\\/#website\"},\"primaryImageOfPage\":{\"@id\":\"https:\\\/\\\/ranoja.ee\\\/toode\\\/piduripuhasti-puhastusaine-brake-cleaner-500ml-valvoline\\\/#primaryimage\"},\"image\":{\"@id\":\"https:\\\/\\\/ranoja.ee\\\/toode\\\/piduripuhasti-puhastusaine-brake-cleaner-500ml-valvoline\\\/#primaryimage\"},\"thumbnailUrl\":\"https:\\\/\\\/ranoja.ee\\\/wp-content\\\/uploads\\\/2026\\\/03\\\/174656043.png\",\"datePublished\":\"2026-03-16T22:47:42+00:00\",\"dateModified\":\"2026-03-17T12:44:52+00:00\",\"breadcrumb\":{\"@id\":\"https:\\\/\\\/ranoja.ee\\\/toode\\\/piduripuhasti-puhastusaine-brake-cleaner-500ml-valvoline\\\/#breadcrumb\"},\"inLanguage\":\"en-US\",\"potentialAction\":[{\"@type\":\"ReadAction\",\"target\":[\"https:\\\/\\\/ranoja.ee\\\/toode\\\/piduripuhasti-puhastusaine-brake-cleaner-500ml-valvoline\\\/\"]}]},{\"@type\":\"ImageObject\",\"inLanguage\":\"en-US\",\"@id\":\"https:\\\/\\\/ranoja.ee\\\/toode\\\/piduripuhasti-puhastusaine-brake-cleaner-500ml-valvoline\\\/#primaryimage\",\"url\":\"https:\\\/\\\/ranoja.ee\\\/wp-content\\\/uploads\\\/2026\\\/03\\\/174656043.png\",\"contentUrl\":\"https:\\\/\\\/ranoja.ee\\\/wp-content\\\/uploads\\\/2026\\\/03\\\/174656043.png\",\"width\":768,\"height\":768},{\"@type\":\"BreadcrumbList\",\"@id\":\"https:\\\/\\\/ranoja.ee\\\/toode\\\/piduripuhasti-puhastusaine-brake-cleaner-500ml-valvoline\\\/#breadcrumb\",\"itemListElement\":[{\"@type\":\"ListItem\",\"position\":1,\"name\":\"Home\",\"item\":\"https:\\\/\\\/ranoja.ee\\\/\"},{\"@type\":\"ListItem\",\"position\":2,\"name\":\"Shop\",\"item\":\"https:\\\/\\\/ranoja.ee\\\/en\\\/shop\\\/\"},{\"@type\":\"ListItem\",\"position\":3,\"name\":\"Piduripuhasti\\\/puhastusaine Brake Cleaner 500ml, Valvoline\"}]},{\"@type\":\"WebSite\",\"@id\":\"https:\\\/\\\/ranoja.ee\\\/#website\",\"url\":\"https:\\\/\\\/ranoja.ee\\\/\",\"name\":\"Ranoja\",\"description\":\"Equipment Shop WooCommerce WordPress Theme for Machine &amp; Tools\",\"publisher\":{\"@id\":\"https:\\\/\\\/ranoja.ee\\\/#organization\"},\"potentialAction\":[{\"@type\":\"SearchAction\",\"target\":{\"@type\":\"EntryPoint\",\"urlTemplate\":\"https:\\\/\\\/ranoja.ee\\\/?s={search_term_string}\"},\"query-input\":{\"@type\":\"PropertyValueSpecification\",\"valueRequired\":true,\"valueName\":\"search_term_string\"}}],\"inLanguage\":\"en-US\"},{\"@type\":\"Organization\",\"@id\":\"https:\\\/\\\/ranoja.ee\\\/#organization\",\"name\":\"Ranoja O\u00dc\",\"url\":\"https:\\\/\\\/ranoja.ee\\\/\",\"logo\":{\"@type\":\"ImageObject\",\"inLanguage\":\"en-US\",\"@id\":\"https:\\\/\\\/ranoja.ee\\\/#\\\/schema\\\/logo\\\/image\\\/\",\"url\":\"https:\\\/\\\/ranoja.ee\\\/wp-content\\\/uploads\\\/2023\\\/11\\\/ranoja-Logo.png\",\"contentUrl\":\"https:\\\/\\\/ranoja.ee\\\/wp-content\\\/uploads\\\/2023\\\/11\\\/ranoja-Logo.png\",\"width\":207,\"height\":58,\"caption\":\"Ranoja O\u00dc\"},\"image\":{\"@id\":\"https:\\\/\\\/ranoja.ee\\\/#\\\/schema\\\/logo\\\/image\\\/\"},\"sameAs\":[\"https:\\\/\\\/www.facebook.com\\\/ranoja.ee\",\"https:\\\/\\\/www.instagram.com\\\/ranoja__\\\/\"]}]}<\/script>\n<!-- \/ Yoast SEO plugin. -->","yoast_head_json":{"title":"Piduripuhasti\/puhastusaine Brake Cleaner 500ml, Valvoline - Ranoja","robots":{"index":"index","follow":"follow","max-snippet":"max-snippet:-1","max-image-preview":"max-image-preview:large","max-video-preview":"max-video-preview:-1"},"canonical":"https:\/\/ranoja.ee\/toode\/piduripuhasti-puhastusaine-brake-cleaner-500ml-valvoline\/","og_locale":"en_US","og_type":"article","og_title":"Piduripuhasti\/puhastusaine Brake Cleaner 500ml, Valvoline - Ranoja","og_description":"Eemaldab piduriklotside tolmu, \u00f5li, mustuse ja rasvained piduritorudelt, -ketastelt, -silindritelt, -klotsidelt ja -supportitelt. Ei kahjusta kummidetaile ja \u2013tihendeid. Sobib kasutamiseks ka universaalse tehnilise puhastusvahendina, k\u00f5ikide mehhaaniliste detailide \u00f5list ja muust mustusest puhastamiseks. Sobib ka kontakt ja muude elektriliste \u00fchenduste puhstamiseks. Raskesti ligip\u00e4\u00e4setavate kohtade jaoks kasuta kaasasolevat pikendus otsikut. Pihusta ohtralt vahendit t\u00f6\u00f6deldavatele osadele, kuni n\u00e4htav mustus on kadunud. Pudelist tulev tugev surve puhastab juba ise pindadelt suurema osa mustusest. Lase \u00fcleliigsel ainel valguda ja oota kuni vahend lahustab \u00fclej\u00e4\u00e4nud mustuse. Soovi korral pihusta veelkord loputamiseks ning puhasta ja kuivata pinnad l\u00f5plikult puhta kaltsuga. NB! Enne puhastamist proovi v\u00e4rvi ja materjali p\u00fcsivust v\u00e4hen\u00e4htaval pinnal.","og_url":"https:\/\/ranoja.ee\/toode\/piduripuhasti-puhastusaine-brake-cleaner-500ml-valvoline\/","og_site_name":"Ranoja","article_publisher":"https:\/\/www.facebook.com\/ranoja.ee","article_modified_time":"2026-03-17T12:44:52+00:00","og_image":[{"width":768,"height":768,"url":"https:\/\/ranoja.ee\/wp-content\/uploads\/2026\/03\/174656043.png","type":"image\/jpeg"}],"twitter_card":"summary_large_image","schema":{"@context":"https:\/\/schema.org","@graph":[{"@type":"WebPage","@id":"https:\/\/ranoja.ee\/toode\/piduripuhasti-puhastusaine-brake-cleaner-500ml-valvoline\/","url":"https:\/\/ranoja.ee\/toode\/piduripuhasti-puhastusaine-brake-cleaner-500ml-valvoline\/","name":"Piduripuhasti\/puhastusaine Brake Cleaner 500ml, Valvoline - Ranoja","isPartOf":{"@id":"https:\/\/ranoja.ee\/#website"},"primaryImageOfPage":{"@id":"https:\/\/ranoja.ee\/toode\/piduripuhasti-puhastusaine-brake-cleaner-500ml-valvoline\/#primaryimage"},"image":{"@id":"https:\/\/ranoja.ee\/toode\/piduripuhasti-puhastusaine-brake-cleaner-500ml-valvoline\/#primaryimage"},"thumbnailUrl":"https:\/\/ranoja.ee\/wp-content\/uploads\/2026\/03\/174656043.png","datePublished":"2026-03-16T22:47:42+00:00","dateModified":"2026-03-17T12:44:52+00:00","breadcrumb":{"@id":"https:\/\/ranoja.ee\/toode\/piduripuhasti-puhastusaine-brake-cleaner-500ml-valvoline\/#breadcrumb"},"inLanguage":"en-US","potentialAction":[{"@type":"ReadAction","target":["https:\/\/ranoja.ee\/toode\/piduripuhasti-puhastusaine-brake-cleaner-500ml-valvoline\/"]}]},{"@type":"ImageObject","inLanguage":"en-US","@id":"https:\/\/ranoja.ee\/toode\/piduripuhasti-puhastusaine-brake-cleaner-500ml-valvoline\/#primaryimage","url":"https:\/\/ranoja.ee\/wp-content\/uploads\/2026\/03\/174656043.png","contentUrl":"https:\/\/ranoja.ee\/wp-content\/uploads\/2026\/03\/174656043.png","width":768,"height":768},{"@type":"BreadcrumbList","@id":"https:\/\/ranoja.ee\/toode\/piduripuhasti-puhastusaine-brake-cleaner-500ml-valvoline\/#breadcrumb","itemListElement":[{"@type":"ListItem","position":1,"name":"Home","item":"https:\/\/ranoja.ee\/"},{"@type":"ListItem","position":2,"name":"Shop","item":"https:\/\/ranoja.ee\/en\/shop\/"},{"@type":"ListItem","position":3,"name":"Piduripuhasti\/puhastusaine Brake Cleaner 500ml, Valvoline"}]},{"@type":"WebSite","@id":"https:\/\/ranoja.ee\/#website","url":"https:\/\/ranoja.ee\/","name":"Ranoja","description":"Equipment Shop WooCommerce WordPress Theme for Machine &amp; Tools","publisher":{"@id":"https:\/\/ranoja.ee\/#organization"},"potentialAction":[{"@type":"SearchAction","target":{"@type":"EntryPoint","urlTemplate":"https:\/\/ranoja.ee\/?s={search_term_string}"},"query-input":{"@type":"PropertyValueSpecification","valueRequired":true,"valueName":"search_term_string"}}],"inLanguage":"en-US"},{"@type":"Organization","@id":"https:\/\/ranoja.ee\/#organization","name":"Ranoja O\u00dc","url":"https:\/\/ranoja.ee\/","logo":{"@type":"ImageObject","inLanguage":"en-US","@id":"https:\/\/ranoja.ee\/#\/schema\/logo\/image\/","url":"https:\/\/ranoja.ee\/wp-content\/uploads\/2023\/11\/ranoja-Logo.png","contentUrl":"https:\/\/ranoja.ee\/wp-content\/uploads\/2023\/11\/ranoja-Logo.png","width":207,"height":58,"caption":"Ranoja O\u00dc"},"image":{"@id":"https:\/\/ranoja.ee\/#\/schema\/logo\/image\/"},"sameAs":["https:\/\/www.facebook.com\/ranoja.ee","https:\/\/www.instagram.com\/ranoja__\/"]}]}},"_links":{"self":[{"href":"https:\/\/ranoja.ee\/en\/wp-json\/wp\/v2\/product\/57335","targetHints":{"allow":["GET"]}}],"collection":[{"href":"https:\/\/ranoja.ee\/en\/wp-json\/wp\/v2\/product"}],"about":[{"href":"https:\/\/ranoja.ee\/en\/wp-json\/wp\/v2\/types\/product"}],"wp:featuredmedia":[{"embeddable":true,"href":"https:\/\/ranoja.ee\/en\/wp-json\/wp\/v2\/media\/57336"}],"wp:attachment":[{"href":"https:\/\/ranoja.ee\/en\/wp-json\/wp\/v2\/media?parent=57335"}],"wp:term":[{"taxonomy":"product_cat","embeddable":true,"href":"https:\/\/ranoja.ee\/en\/wp-json\/wp\/v2\/product_cat?post=57335"},{"taxonomy":"product_tag","embeddable":true,"href":"https:\/\/ranoja.ee\/en\/wp-json\/wp\/v2\/product_tag?post=57335"}],"curies":[{"name":"wp","href":"https:\/\/api.w.org\/{rel}","templated":true}]}}