{"id":5637,"date":"2023-08-10T10:13:00","date_gmt":"2023-08-10T07:13:00","guid":{"rendered":"https:\/\/www.ranoja.ee\/?post_type=product&#038;p=5637"},"modified":"2025-11-25T17:30:23","modified_gmt":"2025-11-25T14:30:23","slug":"cedrus-ketioli-10l","status":"publish","type":"product","link":"https:\/\/ranoja.ee\/en\/toode\/cedrus-ketioli-10l\/","title":{"rendered":"CEDRUS KETI\u00d5LI 1,0L"},"content":{"rendered":"<p>CEDRUS KETI\u00d5LI 1,0L on mootorsae jaoks h\u00e4davajalik, kuna see tagab saeketile vajaliku m\u00e4\u00e4rimise ja kaitse intensiivse t\u00f6\u00f6 ajal. Mootorsaag t\u00f6\u00f6tab k\u00f5rgetel kiirustel, kus saekett liigub m\u00f6\u00f6da juhtplaati suurel kiirusel, tekitades h\u00f5\u00f5rdumist ja kuumust. Kui kett j\u00e4\u00e4b m\u00e4\u00e4rimata, suureneb h\u00f5\u00f5rdumine m\u00e4rgatavalt, mis p\u00f5hjustab keti ja juhtplaadi kiiret kulumist ning v\u00f5ib p\u00f5hjustada ka sae \u00fclekuumenemist. Seega m\u00e4ngib keti\u00f5li kriitilist rolli sae t\u00f6\u00f6kindluse ja eluea pikendamisel.<\/p>\n<p>Keti\u00f5li peamine \u00fclesanne on luua kett ja juhtplaadi vahele \u00f5huke kaitsev \u00f5likiht, mis v\u00e4hendab h\u00f5\u00f5rdumist ja takistab metallide omavahelist kokkupuudet. See m\u00e4\u00e4rimiskiht aitab hoida sae temperatuuri kontrolli all ja v\u00e4hendab osade kuumenemist, mis on oluline sae j\u00f5udluse s\u00e4ilitamiseks. Lisaks tagab keti\u00f5li sujuva keti liikumise, mis muudab sae t\u00f6\u00f6 t\u00e4psemaks ja kergemaks.<\/p>\n<p>CEDRUS KETI\u00d5LI 1,0L omab ka korrosioonivastast kaitset, mis aitab ennetada sae metallosade roostetamist. Kuna saag t\u00f6\u00f6tab sageli niisketes ja karmides tingimustes, n\u00e4iteks vihma k\u00e4es v\u00f5i niiskes metsas, on korrosioonikaitse oluline sae pika eluea tagamiseks.<\/p>\n<p>Erinevalt mootori\u00f5list on keti\u00f5li spetsiaalselt v\u00e4lja t\u00f6\u00f6tatud kleepuva koostisega, et see p\u00fcsiks kindlalt keti k\u00fcljes ka suurel kiirusel ja raskete t\u00f6\u00f6de ajal. \u00d5igeaegne ja piisav keti\u00f5li kasutamine on h\u00e4davajalik, et hoida mootorsaag t\u00f6\u00f6korras, tagades nii efektiivse l\u00f5ikamise kui ka sae pikaajalise vastupidavuse.<\/p>\n<p>CEDRUS on \u00fcks suurimaid aiandusmasinate, t\u00f6\u00f6riistade ning metsandus tarvikute edasim\u00fc\u00fcjaid Poolas.<br \/>\nMeie eesm\u00e4rk on pakkuda klientidele k\u00f5rgeima kvaliteediga tooteid konkurentsiv\u00f5imeliste hindadega.<br \/>\nAlates 2016. aastast oleme arendanud ka oma kaubam\u00e4rgi all olevat tootesarja Cedrus.<br \/>\nHetkel pakume enam kui 100 t\u00fc\u00fcpi CEDRUS kaubam\u00e4rgi aia- ja ehitusmasinaid, samuti k\u00f5iki hooldustarvikuid ja varuosi.<br \/>\n<img decoding=\"async\" src=\"https:\/\/www.ranoja.ee\/wp-content\/uploads\/2023\/07\/cedrus-logo-vaike-1-300x99.png\" alt=\"\" width=\"300\" height=\"99\" class=\"alignnone size-medium wp-image-5896\" srcset=\"https:\/\/ranoja.ee\/wp-content\/uploads\/2023\/07\/cedrus-logo-vaike-1-300x99.png 300w, https:\/\/ranoja.ee\/wp-content\/uploads\/2023\/07\/cedrus-logo-vaike-1.png 431w\" sizes=\"(max-width: 300px) 100vw, 300px\" \/><\/p>\n","protected":false},"excerpt":{"rendered":"<p>CEDRUS KETI\u00d5LI 1,0L<br \/>\nTootekood: 050015<br \/>\nKvaliteetne mineraal\u00f5li saekettide ja lattide \u00f5litamiseks<br \/>\nKogus 1L<br \/>\nSobib kasutamiseks k\u00f5ikidel kettsaagidel<br \/>\n<strong>Toote eeldatav tarneaeg 1-7 t\u00f6\u00f6p\u00e4eva<\/strong><\/p>\n","protected":false},"featured_media":13258,"template":"","meta":{"inline_featured_image":false},"product_cat":[1128,1123],"product_tag":[865,869,867,866,868],"class_list":{"0":"post-5637","1":"product","2":"type-product","3":"status-publish","4":"has-post-thumbnail","6":"product_brand-cedrus","7":"product_cat-olid-ja-maarded","8":"product_cat-varuosad","9":"product_tag-865","10":"product_tag-1l","11":"product_tag-ketimaarimine","12":"product_tag-ketioli","13":"product_tag-ketiolitus","15":"first","16":"instock","17":"sale","18":"taxable","19":"shipping-taxable","20":"purchasable","21":"product-type-simple"},"yoast_head":"<!-- This site is optimized with the Yoast SEO plugin v27.4 - https:\/\/yoast.com\/product\/yoast-seo-wordpress\/ -->\n<title>CEDRUS KETI\u00d5LI 1,0L<\/title>\n<meta name=\"description\" content=\"CEDRUS KETI\u00d5LI 1,0L, Tootekood: 050015, Kvaliteetne mineraal\u00f5li saekettide ja lattide \u00f5litamiseks, sobib kasutamiseks k\u00f5ikidele kettsaagidele.\" \/>\n<meta name=\"robots\" content=\"index, follow, max-snippet:-1, max-image-preview:large, max-video-preview:-1\" \/>\n<link rel=\"canonical\" href=\"https:\/\/ranoja.ee\/toode\/cedrus-ketioli-10l\/\" \/>\n<meta property=\"og:locale\" content=\"en_US\" \/>\n<meta property=\"og:type\" content=\"article\" \/>\n<meta property=\"og:title\" content=\"CEDRUS KETI\u00d5LI 1,0L\" \/>\n<meta property=\"og:description\" content=\"CEDRUS KETI\u00d5LI 1,0L, Tootekood: 050015, Kvaliteetne mineraal\u00f5li saekettide ja lattide \u00f5litamiseks, sobib kasutamiseks k\u00f5ikidele kettsaagidele.\" \/>\n<meta property=\"og:url\" content=\"https:\/\/ranoja.ee\/toode\/cedrus-ketioli-10l\/\" \/>\n<meta property=\"og:site_name\" content=\"Ranoja\" \/>\n<meta property=\"article:publisher\" content=\"https:\/\/www.facebook.com\/ranoja.ee\" \/>\n<meta property=\"article:modified_time\" content=\"2025-11-25T14:30:23+00:00\" \/>\n<meta property=\"og:image\" content=\"https:\/\/ranoja.ee\/wp-content\/uploads\/2023\/08\/CEDRUS-KETIOLI-10L.jpg\" \/>\n\t<meta property=\"og:image:width\" content=\"663\" \/>\n\t<meta property=\"og:image:height\" content=\"1200\" \/>\n\t<meta property=\"og:image:type\" content=\"image\/jpeg\" \/>\n<meta name=\"twitter:card\" content=\"summary_large_image\" \/>\n<meta name=\"twitter:label1\" content=\"Est. reading time\" \/>\n\t<meta name=\"twitter:data1\" content=\"1 minute\" \/>\n<script type=\"application\/ld+json\" class=\"yoast-schema-graph\">{\"@context\":\"https:\\\/\\\/schema.org\",\"@graph\":[{\"@type\":\"WebPage\",\"@id\":\"https:\\\/\\\/ranoja.ee\\\/toode\\\/cedrus-ketioli-10l\\\/\",\"url\":\"https:\\\/\\\/ranoja.ee\\\/toode\\\/cedrus-ketioli-10l\\\/\",\"name\":\"CEDRUS KETI\u00d5LI 1,0L\",\"isPartOf\":{\"@id\":\"https:\\\/\\\/ranoja.ee\\\/#website\"},\"primaryImageOfPage\":{\"@id\":\"https:\\\/\\\/ranoja.ee\\\/toode\\\/cedrus-ketioli-10l\\\/#primaryimage\"},\"image\":{\"@id\":\"https:\\\/\\\/ranoja.ee\\\/toode\\\/cedrus-ketioli-10l\\\/#primaryimage\"},\"thumbnailUrl\":\"https:\\\/\\\/ranoja.ee\\\/wp-content\\\/uploads\\\/2023\\\/08\\\/CEDRUS-KETIOLI-10L.jpg\",\"datePublished\":\"2023-08-10T07:13:00+00:00\",\"dateModified\":\"2025-11-25T14:30:23+00:00\",\"description\":\"CEDRUS KETI\u00d5LI 1,0L, Tootekood: 050015, Kvaliteetne mineraal\u00f5li saekettide ja lattide \u00f5litamiseks, sobib kasutamiseks k\u00f5ikidele kettsaagidele.\",\"breadcrumb\":{\"@id\":\"https:\\\/\\\/ranoja.ee\\\/toode\\\/cedrus-ketioli-10l\\\/#breadcrumb\"},\"inLanguage\":\"en-US\",\"potentialAction\":[{\"@type\":\"ReadAction\",\"target\":[\"https:\\\/\\\/ranoja.ee\\\/toode\\\/cedrus-ketioli-10l\\\/\"]}]},{\"@type\":\"ImageObject\",\"inLanguage\":\"en-US\",\"@id\":\"https:\\\/\\\/ranoja.ee\\\/toode\\\/cedrus-ketioli-10l\\\/#primaryimage\",\"url\":\"https:\\\/\\\/ranoja.ee\\\/wp-content\\\/uploads\\\/2023\\\/08\\\/CEDRUS-KETIOLI-10L.jpg\",\"contentUrl\":\"https:\\\/\\\/ranoja.ee\\\/wp-content\\\/uploads\\\/2023\\\/08\\\/CEDRUS-KETIOLI-10L.jpg\",\"width\":663,\"height\":1200,\"caption\":\"CEDRUS KETI\u00d5LI 1,0L\"},{\"@type\":\"BreadcrumbList\",\"@id\":\"https:\\\/\\\/ranoja.ee\\\/toode\\\/cedrus-ketioli-10l\\\/#breadcrumb\",\"itemListElement\":[{\"@type\":\"ListItem\",\"position\":1,\"name\":\"Home\",\"item\":\"https:\\\/\\\/ranoja.ee\\\/\"},{\"@type\":\"ListItem\",\"position\":2,\"name\":\"Shop\",\"item\":\"https:\\\/\\\/ranoja.ee\\\/en\\\/shop\\\/\"},{\"@type\":\"ListItem\",\"position\":3,\"name\":\"CEDRUS KETI\u00d5LI 1,0L\"}]},{\"@type\":\"WebSite\",\"@id\":\"https:\\\/\\\/ranoja.ee\\\/#website\",\"url\":\"https:\\\/\\\/ranoja.ee\\\/\",\"name\":\"Ranoja\",\"description\":\"Equipment Shop WooCommerce WordPress Theme for Machine &amp; Tools\",\"publisher\":{\"@id\":\"https:\\\/\\\/ranoja.ee\\\/#organization\"},\"potentialAction\":[{\"@type\":\"SearchAction\",\"target\":{\"@type\":\"EntryPoint\",\"urlTemplate\":\"https:\\\/\\\/ranoja.ee\\\/?s={search_term_string}\"},\"query-input\":{\"@type\":\"PropertyValueSpecification\",\"valueRequired\":true,\"valueName\":\"search_term_string\"}}],\"inLanguage\":\"en-US\"},{\"@type\":\"Organization\",\"@id\":\"https:\\\/\\\/ranoja.ee\\\/#organization\",\"name\":\"Ranoja O\u00dc\",\"url\":\"https:\\\/\\\/ranoja.ee\\\/\",\"logo\":{\"@type\":\"ImageObject\",\"inLanguage\":\"en-US\",\"@id\":\"https:\\\/\\\/ranoja.ee\\\/#\\\/schema\\\/logo\\\/image\\\/\",\"url\":\"https:\\\/\\\/ranoja.ee\\\/wp-content\\\/uploads\\\/2023\\\/11\\\/ranoja-Logo.png\",\"contentUrl\":\"https:\\\/\\\/ranoja.ee\\\/wp-content\\\/uploads\\\/2023\\\/11\\\/ranoja-Logo.png\",\"width\":207,\"height\":58,\"caption\":\"Ranoja O\u00dc\"},\"image\":{\"@id\":\"https:\\\/\\\/ranoja.ee\\\/#\\\/schema\\\/logo\\\/image\\\/\"},\"sameAs\":[\"https:\\\/\\\/www.facebook.com\\\/ranoja.ee\",\"https:\\\/\\\/www.instagram.com\\\/ranoja__\\\/\"]}]}<\/script>\n<!-- \/ Yoast SEO plugin. -->","yoast_head_json":{"title":"CEDRUS KETI\u00d5LI 1,0L","description":"CEDRUS KETI\u00d5LI 1,0L, Tootekood: 050015, Kvaliteetne mineraal\u00f5li saekettide ja lattide \u00f5litamiseks, sobib kasutamiseks k\u00f5ikidele kettsaagidele.","robots":{"index":"index","follow":"follow","max-snippet":"max-snippet:-1","max-image-preview":"max-image-preview:large","max-video-preview":"max-video-preview:-1"},"canonical":"https:\/\/ranoja.ee\/toode\/cedrus-ketioli-10l\/","og_locale":"en_US","og_type":"article","og_title":"CEDRUS KETI\u00d5LI 1,0L","og_description":"CEDRUS KETI\u00d5LI 1,0L, Tootekood: 050015, Kvaliteetne mineraal\u00f5li saekettide ja lattide \u00f5litamiseks, sobib kasutamiseks k\u00f5ikidele kettsaagidele.","og_url":"https:\/\/ranoja.ee\/toode\/cedrus-ketioli-10l\/","og_site_name":"Ranoja","article_publisher":"https:\/\/www.facebook.com\/ranoja.ee","article_modified_time":"2025-11-25T14:30:23+00:00","og_image":[{"width":663,"height":1200,"url":"https:\/\/ranoja.ee\/wp-content\/uploads\/2023\/08\/CEDRUS-KETIOLI-10L.jpg","type":"image\/jpeg"}],"twitter_card":"summary_large_image","twitter_misc":{"Est. reading time":"1 minute"},"schema":{"@context":"https:\/\/schema.org","@graph":[{"@type":"WebPage","@id":"https:\/\/ranoja.ee\/toode\/cedrus-ketioli-10l\/","url":"https:\/\/ranoja.ee\/toode\/cedrus-ketioli-10l\/","name":"CEDRUS KETI\u00d5LI 1,0L","isPartOf":{"@id":"https:\/\/ranoja.ee\/#website"},"primaryImageOfPage":{"@id":"https:\/\/ranoja.ee\/toode\/cedrus-ketioli-10l\/#primaryimage"},"image":{"@id":"https:\/\/ranoja.ee\/toode\/cedrus-ketioli-10l\/#primaryimage"},"thumbnailUrl":"https:\/\/ranoja.ee\/wp-content\/uploads\/2023\/08\/CEDRUS-KETIOLI-10L.jpg","datePublished":"2023-08-10T07:13:00+00:00","dateModified":"2025-11-25T14:30:23+00:00","description":"CEDRUS KETI\u00d5LI 1,0L, Tootekood: 050015, Kvaliteetne mineraal\u00f5li saekettide ja lattide \u00f5litamiseks, sobib kasutamiseks k\u00f5ikidele kettsaagidele.","breadcrumb":{"@id":"https:\/\/ranoja.ee\/toode\/cedrus-ketioli-10l\/#breadcrumb"},"inLanguage":"en-US","potentialAction":[{"@type":"ReadAction","target":["https:\/\/ranoja.ee\/toode\/cedrus-ketioli-10l\/"]}]},{"@type":"ImageObject","inLanguage":"en-US","@id":"https:\/\/ranoja.ee\/toode\/cedrus-ketioli-10l\/#primaryimage","url":"https:\/\/ranoja.ee\/wp-content\/uploads\/2023\/08\/CEDRUS-KETIOLI-10L.jpg","contentUrl":"https:\/\/ranoja.ee\/wp-content\/uploads\/2023\/08\/CEDRUS-KETIOLI-10L.jpg","width":663,"height":1200,"caption":"CEDRUS KETI\u00d5LI 1,0L"},{"@type":"BreadcrumbList","@id":"https:\/\/ranoja.ee\/toode\/cedrus-ketioli-10l\/#breadcrumb","itemListElement":[{"@type":"ListItem","position":1,"name":"Home","item":"https:\/\/ranoja.ee\/"},{"@type":"ListItem","position":2,"name":"Shop","item":"https:\/\/ranoja.ee\/en\/shop\/"},{"@type":"ListItem","position":3,"name":"CEDRUS KETI\u00d5LI 1,0L"}]},{"@type":"WebSite","@id":"https:\/\/ranoja.ee\/#website","url":"https:\/\/ranoja.ee\/","name":"Ranoja","description":"Equipment Shop WooCommerce WordPress Theme for Machine &amp; Tools","publisher":{"@id":"https:\/\/ranoja.ee\/#organization"},"potentialAction":[{"@type":"SearchAction","target":{"@type":"EntryPoint","urlTemplate":"https:\/\/ranoja.ee\/?s={search_term_string}"},"query-input":{"@type":"PropertyValueSpecification","valueRequired":true,"valueName":"search_term_string"}}],"inLanguage":"en-US"},{"@type":"Organization","@id":"https:\/\/ranoja.ee\/#organization","name":"Ranoja O\u00dc","url":"https:\/\/ranoja.ee\/","logo":{"@type":"ImageObject","inLanguage":"en-US","@id":"https:\/\/ranoja.ee\/#\/schema\/logo\/image\/","url":"https:\/\/ranoja.ee\/wp-content\/uploads\/2023\/11\/ranoja-Logo.png","contentUrl":"https:\/\/ranoja.ee\/wp-content\/uploads\/2023\/11\/ranoja-Logo.png","width":207,"height":58,"caption":"Ranoja O\u00dc"},"image":{"@id":"https:\/\/ranoja.ee\/#\/schema\/logo\/image\/"},"sameAs":["https:\/\/www.facebook.com\/ranoja.ee","https:\/\/www.instagram.com\/ranoja__\/"]}]}},"_links":{"self":[{"href":"https:\/\/ranoja.ee\/en\/wp-json\/wp\/v2\/product\/5637","targetHints":{"allow":["GET"]}}],"collection":[{"href":"https:\/\/ranoja.ee\/en\/wp-json\/wp\/v2\/product"}],"about":[{"href":"https:\/\/ranoja.ee\/en\/wp-json\/wp\/v2\/types\/product"}],"wp:featuredmedia":[{"embeddable":true,"href":"https:\/\/ranoja.ee\/en\/wp-json\/wp\/v2\/media\/13258"}],"wp:attachment":[{"href":"https:\/\/ranoja.ee\/en\/wp-json\/wp\/v2\/media?parent=5637"}],"wp:term":[{"taxonomy":"product_cat","embeddable":true,"href":"https:\/\/ranoja.ee\/en\/wp-json\/wp\/v2\/product_cat?post=5637"},{"taxonomy":"product_tag","embeddable":true,"href":"https:\/\/ranoja.ee\/en\/wp-json\/wp\/v2\/product_tag?post=5637"}],"curies":[{"name":"wp","href":"https:\/\/api.w.org\/{rel}","templated":true}]}}