{"id":5549,"date":"2023-08-07T16:38:11","date_gmt":"2023-08-07T13:38:11","guid":{"rendered":"https:\/\/www.ranoja.ee\/?post_type=product&#038;p=5549"},"modified":"2025-12-10T13:20:24","modified_gmt":"2025-12-10T10:20:24","slug":"kasilamp-cedlli-ilma-aku-laadijata","status":"publish","type":"product","link":"https:\/\/ranoja.ee\/en\/toode\/kasilamp-cedlli-ilma-aku-laadijata\/","title":{"rendered":"K\u00e4silamp CEDLLI (ilma aku\/laadijata)"},"content":{"rendered":"<p>K\u00e4silamp CEDLLI (ilma aku\/laadijata)<br \/>\nAkudelt t\u00f6\u00f6tavad k\u00e4silambid ja valgustid on v\u00e4ga kasulikud t\u00f6\u00f6riistad, mis pakuvad valgustust erinevates olukordades, kus on vaja t\u00e4iendavat valgustust ja k\u00e4ttesaadavust. Siin on m\u00f5ned n\u00e4ited nende kasutamise kohta:<\/p>\n<p>V\u00e4litingimustes: K\u00e4silampe ja valgusteid saab kasutada v\u00e4litingimustes, nagu matkamine, telkimine, kalastamine ja jahipidamine. Need v\u00f5imaldavad teil liikuda \u00f6isel ajal v\u00f5i h\u00e4marates oludes ning tagavad ohutuse ja mugavuse tegevustes v\u00e4ljaspool.<\/p>\n<p>Remont ja ehitust\u00f6\u00f6d: K\u00e4silambid on kasulikud t\u00f6\u00f6riistad remont- ja ehitust\u00f6\u00f6del, kus on vaja t\u00e4iendavat valgustust piirkondades, kus elektrit pole v\u00f5i valgustus on puudulik. N\u00e4iteks v\u00f5ivad need olla kasulikud keldrites, p\u00f6\u00f6ningutel, katustel v\u00f5i muudes pimedates v\u00f5i h\u00e4marates kohtades.<\/p>\n<p>Auto remont: Auto remondit\u00f6\u00f6del v\u00f5ivad k\u00e4silambid ja valgustid olla kasulikud, v\u00f5imaldades teil n\u00e4ha ja t\u00f6\u00f6tada mootori- v\u00f5i autokere all olevates kitsastes ja pimedates kohtades. Need tagavad ohutu ja mugava t\u00f6\u00f6keskkonna remondit\u00f6\u00f6deks autoga.<\/p>\n<p>Koduhooldus: Kodus v\u00f5ivad k\u00e4silambid ja valgustid olla kasulikud t\u00f6\u00f6riistad koduhoolduse jaoks, n\u00e4iteks torustike parandamisel, elektrit\u00f6\u00f6del v\u00f5i muudes kodu remondi- ja hooldust\u00f6\u00f6des, kus on vaja t\u00e4iendavat valgustust.<\/p>\n<p>H\u00e4daseisundid: K\u00e4silambid v\u00f5ivad olla ka h\u00e4daseisundites kasulikud, n\u00e4iteks elektrikatkestuste korral, kui vaja on lisavalgustust, et n\u00e4ha ja liikuda ohutult pimedas.<br \/>\nK\u00e4silamp CEDLLI (ilma aku\/laadijata)<\/p>\n<p>CEDRUS on \u00fcks suurimaid aiandusmasinate, t\u00f6\u00f6riistade ning metsandus tarvikute edasim\u00fc\u00fcjaid Poolas.<br \/>\nMeie eesm\u00e4rk on pakkuda klientidele k\u00f5rgeima kvaliteediga tooteid konkurentsiv\u00f5imeliste hindadega.<br \/>\nAlates 2016. aastast oleme arendanud ka oma kaubam\u00e4rgi all olevat tootesarja Cedrus.<br \/>\nHetkel pakume enam kui 100 t\u00fc\u00fcpi CEDRUS kaubam\u00e4rgi aia- ja ehitusmasinaid, samuti k\u00f5iki hooldustarvikuid ja varuosi.<br \/>\n<img decoding=\"async\" class=\"alignnone size-medium wp-image-5896\" src=\"https:\/\/www.ranoja.ee\/wp-content\/uploads\/2023\/07\/cedrus-logo-vaike-1-300x99.png\" alt=\"\" width=\"300\" height=\"99\" srcset=\"https:\/\/ranoja.ee\/wp-content\/uploads\/2023\/07\/cedrus-logo-vaike-1-300x99.png 300w, https:\/\/ranoja.ee\/wp-content\/uploads\/2023\/07\/cedrus-logo-vaike-1.png 431w\" sizes=\"(max-width: 300px) 100vw, 300px\" \/><\/p>\n","protected":false},"excerpt":{"rendered":"<p>K\u00e4silamp CEDLLI (ilma aku\/laadijata)<br \/>\n20V<br \/>\nLED 3x3W<br \/>\n260 luumenit<br \/>\n90\u00b0 kraadi reguleeritav pea<br \/>\nKaal 0,4kg<br \/>\n<span style=\"color: #000000;\"><strong>Garantii 1 aasta (eraisikule 3 aastat)<\/strong><\/span><br \/>\n<strong><span style=\"color: #339966;\">ANTUD SEADMEGA SAAB TUTVUDA MEIE PAIDE ESINDUSES KOHAPEAL!<\/span><\/strong><\/p>\n<p><span style=\"color: #000000;\"><strong>KASUTA SEDA T\u00d6\u00d6RIISTA OMA <span style=\"color: #339966;\">18V &#8211; MAKITA<\/span>, <span style=\"color: #339966;\">BOSCH<\/span> V\u00d5I <span style=\"color: #339966;\">DEWALT<\/span> AKUGA!<\/strong><\/span><\/p>\n<p><a href=\"https:\/\/www.ranoja.ee\/tootekategooria\/akutooriistad\/vaheadapterid\/\"><img decoding=\"async\" class=\"alignnone wp-image-8608\" src=\"https:\/\/www.ranoja.ee\/wp-content\/uploads\/2024\/04\/Vaheadapter-makita-tooriistadele-300x200.jpg\" alt=\"Vaheadapter cedrus akut\u00f6\u00f6riistadele CEDRAD C-M (Makita)\" width=\"200\" height=\"133\" srcset=\"https:\/\/ranoja.ee\/wp-content\/uploads\/2024\/04\/Vaheadapter-makita-tooriistadele-300x200.jpg 300w, https:\/\/ranoja.ee\/wp-content\/uploads\/2024\/04\/Vaheadapter-makita-tooriistadele-1024x683.jpg 1024w, https:\/\/ranoja.ee\/wp-content\/uploads\/2024\/04\/Vaheadapter-makita-tooriistadele-768x512.jpg 768w, https:\/\/ranoja.ee\/wp-content\/uploads\/2024\/04\/Vaheadapter-makita-tooriistadele-800x533.jpg 800w, https:\/\/ranoja.ee\/wp-content\/uploads\/2024\/04\/Vaheadapter-makita-tooriistadele.jpg 1200w\" sizes=\"(max-width: 200px) 100vw, 200px\" \/><\/a><br \/>\n<span style=\"color: #000000;\"><strong><a style=\"color: #000000;\" href=\"https:\/\/www.ranoja.ee\/tootekategooria\/akutooriistad\/vaheadapterid\/\">Leia endale <span style=\"color: #339966;\">sobiv vaheadapter siit\u2192<\/span><\/a><\/strong><\/span><\/p>\n<p><strong><a href=\"https:\/\/www.ranoja.ee\/tootekategooria\/akutooriistad\/akud-ja-laadijad\/\">T\u00f6\u00f6riistale sobivad <span style=\"color: #339966;\">Cedrus Power + akud ja laadijad leiad siit\u2192<\/span><\/a><\/strong><\/p>\n","protected":false},"featured_media":5550,"template":"","meta":{"inline_featured_image":false},"product_cat":[1094,1110],"product_tag":[816,817,813,814,815],"class_list":{"0":"post-5549","1":"product","2":"type-product","3":"status-publish","4":"has-post-thumbnail","6":"product_brand-cedrus","7":"product_cat-akutooriistad","8":"product_cat-kasilambid-ja-valgustid","9":"product_tag-akulamp","10":"product_tag-cedlli","11":"product_tag-kasilamp","12":"product_tag-lamp","13":"product_tag-ledlamp","15":"first","16":"instock","17":"taxable","18":"shipping-taxable","19":"purchasable","20":"product-type-simple"},"yoast_head":"<!-- This site is optimized with the Yoast SEO plugin v27.4 - https:\/\/yoast.com\/product\/yoast-seo-wordpress\/ -->\n<title>K\u00e4silamp CEDLLI (ilma aku\/laadijata)<\/title>\n<meta name=\"description\" content=\"K\u00e4silamp CEDLLI (ilma aku\/laadijata) 20V LED 3x3W 260 luumenit 90\u00b0 kraadi K\u00e4silamp akutoitel. LED 3x3W260 luumenit90\u00b0 kraadi reguleeritav pea\" \/>\n<meta name=\"robots\" content=\"index, follow, max-snippet:-1, max-image-preview:large, max-video-preview:-1\" \/>\n<link rel=\"canonical\" href=\"https:\/\/ranoja.ee\/toode\/kasilamp-cedlli-ilma-aku-laadijata\/\" \/>\n<meta property=\"og:locale\" content=\"en_US\" \/>\n<meta property=\"og:type\" content=\"article\" \/>\n<meta property=\"og:title\" content=\"K\u00e4silamp CEDLLI (ilma aku\/laadijata)\" \/>\n<meta property=\"og:description\" content=\"K\u00e4silamp CEDLLI (ilma aku\/laadijata) 20V LED 3x3W 260 luumenit 90\u00b0 kraadi K\u00e4silamp akutoitel. LED 3x3W260 luumenit90\u00b0 kraadi reguleeritav pea\" \/>\n<meta property=\"og:url\" content=\"https:\/\/ranoja.ee\/toode\/kasilamp-cedlli-ilma-aku-laadijata\/\" \/>\n<meta property=\"og:site_name\" content=\"Ranoja\" \/>\n<meta property=\"article:publisher\" content=\"https:\/\/www.facebook.com\/ranoja.ee\" \/>\n<meta property=\"article:modified_time\" content=\"2025-12-10T10:20:24+00:00\" \/>\n<meta property=\"og:image\" content=\"https:\/\/ranoja.ee\/wp-content\/uploads\/2023\/08\/Kasilamp-CEDLLI-2.png\" \/>\n\t<meta property=\"og:image:width\" content=\"800\" \/>\n\t<meta property=\"og:image:height\" content=\"567\" \/>\n\t<meta property=\"og:image:type\" content=\"image\/png\" \/>\n<meta name=\"twitter:card\" content=\"summary_large_image\" \/>\n<meta name=\"twitter:label1\" content=\"Est. reading time\" \/>\n\t<meta name=\"twitter:data1\" content=\"2 minutes\" \/>\n<script type=\"application\/ld+json\" class=\"yoast-schema-graph\">{\"@context\":\"https:\\\/\\\/schema.org\",\"@graph\":[{\"@type\":\"WebPage\",\"@id\":\"https:\\\/\\\/ranoja.ee\\\/toode\\\/kasilamp-cedlli-ilma-aku-laadijata\\\/\",\"url\":\"https:\\\/\\\/ranoja.ee\\\/toode\\\/kasilamp-cedlli-ilma-aku-laadijata\\\/\",\"name\":\"K\u00e4silamp CEDLLI (ilma aku\\\/laadijata)\",\"isPartOf\":{\"@id\":\"https:\\\/\\\/ranoja.ee\\\/#website\"},\"primaryImageOfPage\":{\"@id\":\"https:\\\/\\\/ranoja.ee\\\/toode\\\/kasilamp-cedlli-ilma-aku-laadijata\\\/#primaryimage\"},\"image\":{\"@id\":\"https:\\\/\\\/ranoja.ee\\\/toode\\\/kasilamp-cedlli-ilma-aku-laadijata\\\/#primaryimage\"},\"thumbnailUrl\":\"https:\\\/\\\/ranoja.ee\\\/wp-content\\\/uploads\\\/2023\\\/08\\\/Kasilamp-CEDLLI-2.png\",\"datePublished\":\"2023-08-07T13:38:11+00:00\",\"dateModified\":\"2025-12-10T10:20:24+00:00\",\"description\":\"K\u00e4silamp CEDLLI (ilma aku\\\/laadijata) 20V LED 3x3W 260 luumenit 90\u00b0 kraadi K\u00e4silamp akutoitel. LED 3x3W260 luumenit90\u00b0 kraadi reguleeritav pea\",\"breadcrumb\":{\"@id\":\"https:\\\/\\\/ranoja.ee\\\/toode\\\/kasilamp-cedlli-ilma-aku-laadijata\\\/#breadcrumb\"},\"inLanguage\":\"en-US\",\"potentialAction\":[{\"@type\":\"ReadAction\",\"target\":[\"https:\\\/\\\/ranoja.ee\\\/toode\\\/kasilamp-cedlli-ilma-aku-laadijata\\\/\"]}]},{\"@type\":\"ImageObject\",\"inLanguage\":\"en-US\",\"@id\":\"https:\\\/\\\/ranoja.ee\\\/toode\\\/kasilamp-cedlli-ilma-aku-laadijata\\\/#primaryimage\",\"url\":\"https:\\\/\\\/ranoja.ee\\\/wp-content\\\/uploads\\\/2023\\\/08\\\/Kasilamp-CEDLLI-2.png\",\"contentUrl\":\"https:\\\/\\\/ranoja.ee\\\/wp-content\\\/uploads\\\/2023\\\/08\\\/Kasilamp-CEDLLI-2.png\",\"width\":800,\"height\":567,\"caption\":\"LED 3x3W 260 luumenit 90\u00b0 kraadi reguleeritav pea\"},{\"@type\":\"BreadcrumbList\",\"@id\":\"https:\\\/\\\/ranoja.ee\\\/toode\\\/kasilamp-cedlli-ilma-aku-laadijata\\\/#breadcrumb\",\"itemListElement\":[{\"@type\":\"ListItem\",\"position\":1,\"name\":\"Home\",\"item\":\"https:\\\/\\\/ranoja.ee\\\/\"},{\"@type\":\"ListItem\",\"position\":2,\"name\":\"Shop\",\"item\":\"https:\\\/\\\/ranoja.ee\\\/en\\\/shop\\\/\"},{\"@type\":\"ListItem\",\"position\":3,\"name\":\"K\u00e4silamp CEDLLI (ilma aku\\\/laadijata)\"}]},{\"@type\":\"WebSite\",\"@id\":\"https:\\\/\\\/ranoja.ee\\\/#website\",\"url\":\"https:\\\/\\\/ranoja.ee\\\/\",\"name\":\"Ranoja\",\"description\":\"Equipment Shop WooCommerce WordPress Theme for Machine &amp; Tools\",\"publisher\":{\"@id\":\"https:\\\/\\\/ranoja.ee\\\/#organization\"},\"potentialAction\":[{\"@type\":\"SearchAction\",\"target\":{\"@type\":\"EntryPoint\",\"urlTemplate\":\"https:\\\/\\\/ranoja.ee\\\/?s={search_term_string}\"},\"query-input\":{\"@type\":\"PropertyValueSpecification\",\"valueRequired\":true,\"valueName\":\"search_term_string\"}}],\"inLanguage\":\"en-US\"},{\"@type\":\"Organization\",\"@id\":\"https:\\\/\\\/ranoja.ee\\\/#organization\",\"name\":\"Ranoja O\u00dc\",\"url\":\"https:\\\/\\\/ranoja.ee\\\/\",\"logo\":{\"@type\":\"ImageObject\",\"inLanguage\":\"en-US\",\"@id\":\"https:\\\/\\\/ranoja.ee\\\/#\\\/schema\\\/logo\\\/image\\\/\",\"url\":\"https:\\\/\\\/ranoja.ee\\\/wp-content\\\/uploads\\\/2023\\\/11\\\/ranoja-Logo.png\",\"contentUrl\":\"https:\\\/\\\/ranoja.ee\\\/wp-content\\\/uploads\\\/2023\\\/11\\\/ranoja-Logo.png\",\"width\":207,\"height\":58,\"caption\":\"Ranoja O\u00dc\"},\"image\":{\"@id\":\"https:\\\/\\\/ranoja.ee\\\/#\\\/schema\\\/logo\\\/image\\\/\"},\"sameAs\":[\"https:\\\/\\\/www.facebook.com\\\/ranoja.ee\",\"https:\\\/\\\/www.instagram.com\\\/ranoja__\\\/\"]}]}<\/script>\n<!-- \/ Yoast SEO plugin. -->","yoast_head_json":{"title":"K\u00e4silamp CEDLLI (ilma aku\/laadijata)","description":"K\u00e4silamp CEDLLI (ilma aku\/laadijata) 20V LED 3x3W 260 luumenit 90\u00b0 kraadi K\u00e4silamp akutoitel. LED 3x3W260 luumenit90\u00b0 kraadi reguleeritav pea","robots":{"index":"index","follow":"follow","max-snippet":"max-snippet:-1","max-image-preview":"max-image-preview:large","max-video-preview":"max-video-preview:-1"},"canonical":"https:\/\/ranoja.ee\/toode\/kasilamp-cedlli-ilma-aku-laadijata\/","og_locale":"en_US","og_type":"article","og_title":"K\u00e4silamp CEDLLI (ilma aku\/laadijata)","og_description":"K\u00e4silamp CEDLLI (ilma aku\/laadijata) 20V LED 3x3W 260 luumenit 90\u00b0 kraadi K\u00e4silamp akutoitel. LED 3x3W260 luumenit90\u00b0 kraadi reguleeritav pea","og_url":"https:\/\/ranoja.ee\/toode\/kasilamp-cedlli-ilma-aku-laadijata\/","og_site_name":"Ranoja","article_publisher":"https:\/\/www.facebook.com\/ranoja.ee","article_modified_time":"2025-12-10T10:20:24+00:00","og_image":[{"width":800,"height":567,"url":"https:\/\/ranoja.ee\/wp-content\/uploads\/2023\/08\/Kasilamp-CEDLLI-2.png","type":"image\/png"}],"twitter_card":"summary_large_image","twitter_misc":{"Est. reading time":"2 minutes"},"schema":{"@context":"https:\/\/schema.org","@graph":[{"@type":"WebPage","@id":"https:\/\/ranoja.ee\/toode\/kasilamp-cedlli-ilma-aku-laadijata\/","url":"https:\/\/ranoja.ee\/toode\/kasilamp-cedlli-ilma-aku-laadijata\/","name":"K\u00e4silamp CEDLLI (ilma aku\/laadijata)","isPartOf":{"@id":"https:\/\/ranoja.ee\/#website"},"primaryImageOfPage":{"@id":"https:\/\/ranoja.ee\/toode\/kasilamp-cedlli-ilma-aku-laadijata\/#primaryimage"},"image":{"@id":"https:\/\/ranoja.ee\/toode\/kasilamp-cedlli-ilma-aku-laadijata\/#primaryimage"},"thumbnailUrl":"https:\/\/ranoja.ee\/wp-content\/uploads\/2023\/08\/Kasilamp-CEDLLI-2.png","datePublished":"2023-08-07T13:38:11+00:00","dateModified":"2025-12-10T10:20:24+00:00","description":"K\u00e4silamp CEDLLI (ilma aku\/laadijata) 20V LED 3x3W 260 luumenit 90\u00b0 kraadi K\u00e4silamp akutoitel. LED 3x3W260 luumenit90\u00b0 kraadi reguleeritav pea","breadcrumb":{"@id":"https:\/\/ranoja.ee\/toode\/kasilamp-cedlli-ilma-aku-laadijata\/#breadcrumb"},"inLanguage":"en-US","potentialAction":[{"@type":"ReadAction","target":["https:\/\/ranoja.ee\/toode\/kasilamp-cedlli-ilma-aku-laadijata\/"]}]},{"@type":"ImageObject","inLanguage":"en-US","@id":"https:\/\/ranoja.ee\/toode\/kasilamp-cedlli-ilma-aku-laadijata\/#primaryimage","url":"https:\/\/ranoja.ee\/wp-content\/uploads\/2023\/08\/Kasilamp-CEDLLI-2.png","contentUrl":"https:\/\/ranoja.ee\/wp-content\/uploads\/2023\/08\/Kasilamp-CEDLLI-2.png","width":800,"height":567,"caption":"LED 3x3W 260 luumenit 90\u00b0 kraadi reguleeritav pea"},{"@type":"BreadcrumbList","@id":"https:\/\/ranoja.ee\/toode\/kasilamp-cedlli-ilma-aku-laadijata\/#breadcrumb","itemListElement":[{"@type":"ListItem","position":1,"name":"Home","item":"https:\/\/ranoja.ee\/"},{"@type":"ListItem","position":2,"name":"Shop","item":"https:\/\/ranoja.ee\/en\/shop\/"},{"@type":"ListItem","position":3,"name":"K\u00e4silamp CEDLLI (ilma aku\/laadijata)"}]},{"@type":"WebSite","@id":"https:\/\/ranoja.ee\/#website","url":"https:\/\/ranoja.ee\/","name":"Ranoja","description":"Equipment Shop WooCommerce WordPress Theme for Machine &amp; Tools","publisher":{"@id":"https:\/\/ranoja.ee\/#organization"},"potentialAction":[{"@type":"SearchAction","target":{"@type":"EntryPoint","urlTemplate":"https:\/\/ranoja.ee\/?s={search_term_string}"},"query-input":{"@type":"PropertyValueSpecification","valueRequired":true,"valueName":"search_term_string"}}],"inLanguage":"en-US"},{"@type":"Organization","@id":"https:\/\/ranoja.ee\/#organization","name":"Ranoja O\u00dc","url":"https:\/\/ranoja.ee\/","logo":{"@type":"ImageObject","inLanguage":"en-US","@id":"https:\/\/ranoja.ee\/#\/schema\/logo\/image\/","url":"https:\/\/ranoja.ee\/wp-content\/uploads\/2023\/11\/ranoja-Logo.png","contentUrl":"https:\/\/ranoja.ee\/wp-content\/uploads\/2023\/11\/ranoja-Logo.png","width":207,"height":58,"caption":"Ranoja O\u00dc"},"image":{"@id":"https:\/\/ranoja.ee\/#\/schema\/logo\/image\/"},"sameAs":["https:\/\/www.facebook.com\/ranoja.ee","https:\/\/www.instagram.com\/ranoja__\/"]}]}},"_links":{"self":[{"href":"https:\/\/ranoja.ee\/en\/wp-json\/wp\/v2\/product\/5549","targetHints":{"allow":["GET"]}}],"collection":[{"href":"https:\/\/ranoja.ee\/en\/wp-json\/wp\/v2\/product"}],"about":[{"href":"https:\/\/ranoja.ee\/en\/wp-json\/wp\/v2\/types\/product"}],"wp:featuredmedia":[{"embeddable":true,"href":"https:\/\/ranoja.ee\/en\/wp-json\/wp\/v2\/media\/5550"}],"wp:attachment":[{"href":"https:\/\/ranoja.ee\/en\/wp-json\/wp\/v2\/media?parent=5549"}],"wp:term":[{"taxonomy":"product_cat","embeddable":true,"href":"https:\/\/ranoja.ee\/en\/wp-json\/wp\/v2\/product_cat?post=5549"},{"taxonomy":"product_tag","embeddable":true,"href":"https:\/\/ranoja.ee\/en\/wp-json\/wp\/v2\/product_tag?post=5549"}],"curies":[{"name":"wp","href":"https:\/\/api.w.org\/{rel}","templated":true}]}}