{"id":5423,"date":"2023-08-02T10:17:48","date_gmt":"2023-08-02T07:17:48","guid":{"rendered":"https:\/\/www.ranoja.ee\/?post_type=product&#038;p=5423"},"modified":"2025-12-12T15:13:13","modified_gmt":"2025-12-12T12:13:13","slug":"cedrus-mootorsaag-cedps25-10t","status":"publish","type":"product","link":"https:\/\/ranoja.ee\/en\/toode\/cedrus-mootorsaag-cedps25-10t\/","title":{"rendered":"Cedrus mootorsaag CEDPS25-10T"},"content":{"rendered":"<p>Cedrus mootorsaag CEDPS25-10T<br \/>\nMootorsaed on v\u00f5imsad t\u00f6\u00f6riistad, mida kasutatakse peamiselt puude langetamiseks, puitmaterjalide l\u00f5ikamiseks ja erinevateks metsat\u00f6\u00f6deks. Mootorsaed v\u00f5ivad olla erineva suuruse, v\u00f5imsuse ja otstarbega.<br \/>\nMootorsaagide p\u00f5hiliigid ja nende kasutamine:<br \/>\nBensiinimootoriga saed:<br \/>\nSobivad intensiivseks t\u00f6\u00f6ks, nagu puude langetamine ja puitmaterjalide l\u00f5ikamine suurtes kogustes.<br \/>\nV\u00f5imsamad ja liikuvamad, kuna ei vaja elektri\u00fchendust.<br \/>\nVajavad regulaarset hooldust ja k\u00fctust.<br \/>\nElektrilised saed:<br \/>\nKergemad ja vaiksemad kui bensiinimootoriga saed.<br \/>\nSobivad koduseks kasutamiseks ja v\u00e4iksemateks t\u00f6\u00f6deks.<br \/>\nVajavad pidevat elektri\u00fchendust, mis v\u00f5ib piirata nende kasutusala.<br \/>\nAku- ehk juhtmeta saed:<br \/>\nMugavad ja liikuvad, kuna ei vaja elektrijuhet.<br \/>\nSobivad koduseks ja kergeks t\u00f6\u00f6ks.<br \/>\nAku t\u00f6\u00f6aeg v\u00f5ib olla piiratud, mist\u00f5ttu ei pruugi sobida pikemaks t\u00f6\u00f6ks.<br \/>\nL\u00fchikese latiga mootorsaed on m\u00f5eldud spetsiifilisteks t\u00f6\u00f6deks, kus on vaja suuremat man\u00f6\u00f6verdusv\u00f5imet ja t\u00e4psust.<br \/>\nParema kontrolli ja t\u00e4psuse saavutamine:<br \/>\nL\u00fchikese latiga saag on kergem ja kergemini k\u00e4sitsetav, mis v\u00f5imaldab t\u00e4psemat l\u00f5ikamist.<br \/>\nSobib h\u00e4sti puude harvendamiseks, okste l\u00f5ikamiseks ja t\u00e4psemateks l\u00f5igete tegemiseks.<br \/>\nLiikuvus ja paindlikkus:<\/p>\n<p>L\u00fchike latt v\u00f5imaldab paremat man\u00f6\u00f6verdusv\u00f5imet kitsastes ja raskesti ligip\u00e4\u00e4setavates kohtades.<br \/>\nIdeaalne t\u00f6\u00f6riist aiat\u00f6\u00f6deks ja v\u00e4iksemateks l\u00f5ikamis\u00fclesanneteks, kus suurema sae kasutamine oleks ebamugav.<br \/>\nL\u00fchikese latiga saag on \u00fcldiselt kergem, mis muudab selle k\u00e4sitsemise lihtsamaks ja v\u00e4hendab kasutaja v\u00e4simust.<br \/>\nSobib paremini pikemaks ajaks kasutamiseks, kuna v\u00e4iksem kaal v\u00e4hendab f\u00fc\u00fcsilist koormust.<br \/>\nV\u00e4iksem latt v\u00e4hendab tagasi l\u00f6\u00f6gi ohtu, mis v\u00f5ib tekkida sae kasutamisel, eriti algajate jaoks.<br \/>\nCedrus mootorsaag CEDPS25-10T<\/p>\n<p>CEDRUS on \u00fcks suurimaid aiandusmasinate, t\u00f6\u00f6riistade ning metsandus tarvikute edasim\u00fc\u00fcjaid Poolas.<br \/>\nMeie eesm\u00e4rk on pakkuda klientidele k\u00f5rgeima kvaliteediga tooteid konkurentsiv\u00f5imeliste hindadega.<br \/>\nAlates 2016. aastast oleme arendanud ka oma kaubam\u00e4rgi all olevat tootesarja Cedrus.<br \/>\nHetkel pakume enam kui 100 t\u00fc\u00fcpi CEDRUS kaubam\u00e4rgi aia- ja ehitusmasinaid, samuti k\u00f5iki hooldustarvikuid ja varuosi.<br \/>\n<img decoding=\"async\" class=\"alignnone size-medium wp-image-5896\" src=\"https:\/\/www.ranoja.ee\/wp-content\/uploads\/2023\/07\/cedrus-logo-vaike-1-300x99.png\" alt=\"\" width=\"300\" height=\"99\" srcset=\"https:\/\/ranoja.ee\/wp-content\/uploads\/2023\/07\/cedrus-logo-vaike-1-300x99.png 300w, https:\/\/ranoja.ee\/wp-content\/uploads\/2023\/07\/cedrus-logo-vaike-1.png 431w\" sizes=\"(max-width: 300px) 100vw, 300px\" \/><\/p>\n","protected":false},"excerpt":{"rendered":"<p>Cedrus mootorsaag CEDPS25-10T<br \/>\nT\u00f6\u00f6maht: 25,4 cc3<br \/>\nMootori j\u00f5udlus: 1,2 hp<br \/>\nLatt: 10&#8243; Oregon<br \/>\nKett: 3\/8&#8243; 1,3mm Oregon<br \/>\nK\u00fctusepaak: 310ml<br \/>\n\u00d5lipaak: 210ml<br \/>\nKaal: 4,5 kg<br \/>\n<strong>Seadmele sobib:<br \/>\n*<a href=\"https:\/\/www.ranoja.ee\/toode\/cedrus-saekett-a1ft-dh-40e\/\">Cedrus saekett A1FT-DH-40E<\/a><\/strong><br \/>\n<strong>Seadme eeldatav tarneaeg 1-7 t\u00f6\u00f6p\u00e4eva<\/strong><\/p>\n[embed]https:\/\/www.youtube.com\/watch?v=frYEpFx8Ek0[\/embed]\n","protected":false},"featured_media":13845,"template":"","meta":{"inline_featured_image":false},"product_cat":[1079,793,895],"product_tag":[802,137,799,227,228,553,801],"class_list":{"0":"post-5423","1":"product","2":"type-product","3":"status-publish","4":"has-post-thumbnail","6":"product_brand-cedrus","7":"product_cat-aiatehnika-ja-niidutehnika","8":"product_cat-mootorsaed-ja-kettsaed","9":"product_cat-parimad-pakkumised-aiatehnikale-ja-ehitustehnikale","10":"product_tag-cedps25-10t","11":"product_tag-cedrus","12":"product_tag-kasi-mootorsaag","13":"product_tag-kettsaag","14":"product_tag-mootorsaag","15":"product_tag-saag","16":"product_tag-uhekae-mootorsaag","18":"first","19":"instock","20":"sale","21":"taxable","22":"shipping-taxable","23":"purchasable","24":"product-type-simple"},"yoast_head":"<!-- This site is optimized with the Yoast SEO plugin v27.4 - https:\/\/yoast.com\/product\/yoast-seo-wordpress\/ -->\n<title>Cedrus mootorsaag CEDPS25-10T - Ranoja<\/title>\n<meta name=\"description\" content=\"Cedrus mootorsaag CEDPS25-10T, T\u00f6\u00f6maht: 25,4cc, Mootori j\u00f5udlus: 1,2 hp, Latt: 10&quot; Oregon, Kett: 3\/8&quot; 1,3mm Cedrus mootorsaag CEDPS25-10T L\u00fchikese latiga!\" \/>\n<meta name=\"robots\" content=\"index, follow, max-snippet:-1, max-image-preview:large, max-video-preview:-1\" \/>\n<link rel=\"canonical\" href=\"https:\/\/ranoja.ee\/toode\/cedrus-mootorsaag-cedps25-10t\/\" \/>\n<meta property=\"og:locale\" content=\"en_US\" \/>\n<meta property=\"og:type\" content=\"article\" \/>\n<meta property=\"og:title\" content=\"Cedrus mootorsaag CEDPS25-10T - Ranoja\" \/>\n<meta property=\"og:description\" content=\"Cedrus mootorsaag CEDPS25-10T, T\u00f6\u00f6maht: 25,4cc, Mootori j\u00f5udlus: 1,2 hp, Latt: 10&quot; Oregon, Kett: 3\/8&quot; 1,3mm Cedrus mootorsaag CEDPS25-10T L\u00fchikese latiga!\" \/>\n<meta property=\"og:url\" content=\"https:\/\/ranoja.ee\/toode\/cedrus-mootorsaag-cedps25-10t\/\" \/>\n<meta property=\"og:site_name\" content=\"Ranoja\" \/>\n<meta property=\"article:publisher\" content=\"https:\/\/www.facebook.com\/ranoja.ee\" \/>\n<meta property=\"article:modified_time\" content=\"2025-12-12T12:13:13+00:00\" \/>\n<meta property=\"og:image\" content=\"https:\/\/ranoja.ee\/wp-content\/uploads\/2023\/08\/Cedrus-mootorsaag-CEDPS25-10T.jpg\" \/>\n\t<meta property=\"og:image:width\" content=\"1200\" \/>\n\t<meta property=\"og:image:height\" content=\"800\" \/>\n\t<meta property=\"og:image:type\" content=\"image\/jpeg\" \/>\n<meta name=\"twitter:card\" content=\"summary_large_image\" \/>\n<meta name=\"twitter:label1\" content=\"Est. reading time\" \/>\n\t<meta name=\"twitter:data1\" content=\"2 minutes\" \/>\n<script type=\"application\/ld+json\" class=\"yoast-schema-graph\">{\"@context\":\"https:\\\/\\\/schema.org\",\"@graph\":[{\"@type\":\"WebPage\",\"@id\":\"https:\\\/\\\/ranoja.ee\\\/toode\\\/cedrus-mootorsaag-cedps25-10t\\\/\",\"url\":\"https:\\\/\\\/ranoja.ee\\\/toode\\\/cedrus-mootorsaag-cedps25-10t\\\/\",\"name\":\"Cedrus mootorsaag CEDPS25-10T - Ranoja\",\"isPartOf\":{\"@id\":\"https:\\\/\\\/ranoja.ee\\\/#website\"},\"primaryImageOfPage\":{\"@id\":\"https:\\\/\\\/ranoja.ee\\\/toode\\\/cedrus-mootorsaag-cedps25-10t\\\/#primaryimage\"},\"image\":{\"@id\":\"https:\\\/\\\/ranoja.ee\\\/toode\\\/cedrus-mootorsaag-cedps25-10t\\\/#primaryimage\"},\"thumbnailUrl\":\"https:\\\/\\\/ranoja.ee\\\/wp-content\\\/uploads\\\/2023\\\/08\\\/Cedrus-mootorsaag-CEDPS25-10T.jpg\",\"datePublished\":\"2023-08-02T07:17:48+00:00\",\"dateModified\":\"2025-12-12T12:13:13+00:00\",\"description\":\"Cedrus mootorsaag CEDPS25-10T, T\u00f6\u00f6maht: 25,4cc, Mootori j\u00f5udlus: 1,2 hp, Latt: 10\\\" Oregon, Kett: 3\\\/8\\\" 1,3mm Cedrus mootorsaag CEDPS25-10T L\u00fchikese latiga!\",\"breadcrumb\":{\"@id\":\"https:\\\/\\\/ranoja.ee\\\/toode\\\/cedrus-mootorsaag-cedps25-10t\\\/#breadcrumb\"},\"inLanguage\":\"en-US\",\"potentialAction\":[{\"@type\":\"ReadAction\",\"target\":[\"https:\\\/\\\/ranoja.ee\\\/toode\\\/cedrus-mootorsaag-cedps25-10t\\\/\"]}]},{\"@type\":\"ImageObject\",\"inLanguage\":\"en-US\",\"@id\":\"https:\\\/\\\/ranoja.ee\\\/toode\\\/cedrus-mootorsaag-cedps25-10t\\\/#primaryimage\",\"url\":\"https:\\\/\\\/ranoja.ee\\\/wp-content\\\/uploads\\\/2023\\\/08\\\/Cedrus-mootorsaag-CEDPS25-10T.jpg\",\"contentUrl\":\"https:\\\/\\\/ranoja.ee\\\/wp-content\\\/uploads\\\/2023\\\/08\\\/Cedrus-mootorsaag-CEDPS25-10T.jpg\",\"width\":1200,\"height\":800},{\"@type\":\"BreadcrumbList\",\"@id\":\"https:\\\/\\\/ranoja.ee\\\/toode\\\/cedrus-mootorsaag-cedps25-10t\\\/#breadcrumb\",\"itemListElement\":[{\"@type\":\"ListItem\",\"position\":1,\"name\":\"Home\",\"item\":\"https:\\\/\\\/ranoja.ee\\\/\"},{\"@type\":\"ListItem\",\"position\":2,\"name\":\"Shop\",\"item\":\"https:\\\/\\\/ranoja.ee\\\/en\\\/shop\\\/\"},{\"@type\":\"ListItem\",\"position\":3,\"name\":\"Cedrus mootorsaag CEDPS25-10T\"}]},{\"@type\":\"WebSite\",\"@id\":\"https:\\\/\\\/ranoja.ee\\\/#website\",\"url\":\"https:\\\/\\\/ranoja.ee\\\/\",\"name\":\"Ranoja\",\"description\":\"Equipment Shop WooCommerce WordPress Theme for Machine &amp; Tools\",\"publisher\":{\"@id\":\"https:\\\/\\\/ranoja.ee\\\/#organization\"},\"potentialAction\":[{\"@type\":\"SearchAction\",\"target\":{\"@type\":\"EntryPoint\",\"urlTemplate\":\"https:\\\/\\\/ranoja.ee\\\/?s={search_term_string}\"},\"query-input\":{\"@type\":\"PropertyValueSpecification\",\"valueRequired\":true,\"valueName\":\"search_term_string\"}}],\"inLanguage\":\"en-US\"},{\"@type\":\"Organization\",\"@id\":\"https:\\\/\\\/ranoja.ee\\\/#organization\",\"name\":\"Ranoja O\u00dc\",\"url\":\"https:\\\/\\\/ranoja.ee\\\/\",\"logo\":{\"@type\":\"ImageObject\",\"inLanguage\":\"en-US\",\"@id\":\"https:\\\/\\\/ranoja.ee\\\/#\\\/schema\\\/logo\\\/image\\\/\",\"url\":\"https:\\\/\\\/ranoja.ee\\\/wp-content\\\/uploads\\\/2023\\\/11\\\/ranoja-Logo.png\",\"contentUrl\":\"https:\\\/\\\/ranoja.ee\\\/wp-content\\\/uploads\\\/2023\\\/11\\\/ranoja-Logo.png\",\"width\":207,\"height\":58,\"caption\":\"Ranoja O\u00dc\"},\"image\":{\"@id\":\"https:\\\/\\\/ranoja.ee\\\/#\\\/schema\\\/logo\\\/image\\\/\"},\"sameAs\":[\"https:\\\/\\\/www.facebook.com\\\/ranoja.ee\",\"https:\\\/\\\/www.instagram.com\\\/ranoja__\\\/\"]}]}<\/script>\n<!-- \/ Yoast SEO plugin. -->","yoast_head_json":{"title":"Cedrus mootorsaag CEDPS25-10T - Ranoja","description":"Cedrus mootorsaag CEDPS25-10T, T\u00f6\u00f6maht: 25,4cc, Mootori j\u00f5udlus: 1,2 hp, Latt: 10\" Oregon, Kett: 3\/8\" 1,3mm Cedrus mootorsaag CEDPS25-10T L\u00fchikese latiga!","robots":{"index":"index","follow":"follow","max-snippet":"max-snippet:-1","max-image-preview":"max-image-preview:large","max-video-preview":"max-video-preview:-1"},"canonical":"https:\/\/ranoja.ee\/toode\/cedrus-mootorsaag-cedps25-10t\/","og_locale":"en_US","og_type":"article","og_title":"Cedrus mootorsaag CEDPS25-10T - Ranoja","og_description":"Cedrus mootorsaag CEDPS25-10T, T\u00f6\u00f6maht: 25,4cc, Mootori j\u00f5udlus: 1,2 hp, Latt: 10\" Oregon, Kett: 3\/8\" 1,3mm Cedrus mootorsaag CEDPS25-10T L\u00fchikese latiga!","og_url":"https:\/\/ranoja.ee\/toode\/cedrus-mootorsaag-cedps25-10t\/","og_site_name":"Ranoja","article_publisher":"https:\/\/www.facebook.com\/ranoja.ee","article_modified_time":"2025-12-12T12:13:13+00:00","og_image":[{"width":1200,"height":800,"url":"https:\/\/ranoja.ee\/wp-content\/uploads\/2023\/08\/Cedrus-mootorsaag-CEDPS25-10T.jpg","type":"image\/jpeg"}],"twitter_card":"summary_large_image","twitter_misc":{"Est. reading time":"2 minutes"},"schema":{"@context":"https:\/\/schema.org","@graph":[{"@type":"WebPage","@id":"https:\/\/ranoja.ee\/toode\/cedrus-mootorsaag-cedps25-10t\/","url":"https:\/\/ranoja.ee\/toode\/cedrus-mootorsaag-cedps25-10t\/","name":"Cedrus mootorsaag CEDPS25-10T - Ranoja","isPartOf":{"@id":"https:\/\/ranoja.ee\/#website"},"primaryImageOfPage":{"@id":"https:\/\/ranoja.ee\/toode\/cedrus-mootorsaag-cedps25-10t\/#primaryimage"},"image":{"@id":"https:\/\/ranoja.ee\/toode\/cedrus-mootorsaag-cedps25-10t\/#primaryimage"},"thumbnailUrl":"https:\/\/ranoja.ee\/wp-content\/uploads\/2023\/08\/Cedrus-mootorsaag-CEDPS25-10T.jpg","datePublished":"2023-08-02T07:17:48+00:00","dateModified":"2025-12-12T12:13:13+00:00","description":"Cedrus mootorsaag CEDPS25-10T, T\u00f6\u00f6maht: 25,4cc, Mootori j\u00f5udlus: 1,2 hp, Latt: 10\" Oregon, Kett: 3\/8\" 1,3mm Cedrus mootorsaag CEDPS25-10T L\u00fchikese latiga!","breadcrumb":{"@id":"https:\/\/ranoja.ee\/toode\/cedrus-mootorsaag-cedps25-10t\/#breadcrumb"},"inLanguage":"en-US","potentialAction":[{"@type":"ReadAction","target":["https:\/\/ranoja.ee\/toode\/cedrus-mootorsaag-cedps25-10t\/"]}]},{"@type":"ImageObject","inLanguage":"en-US","@id":"https:\/\/ranoja.ee\/toode\/cedrus-mootorsaag-cedps25-10t\/#primaryimage","url":"https:\/\/ranoja.ee\/wp-content\/uploads\/2023\/08\/Cedrus-mootorsaag-CEDPS25-10T.jpg","contentUrl":"https:\/\/ranoja.ee\/wp-content\/uploads\/2023\/08\/Cedrus-mootorsaag-CEDPS25-10T.jpg","width":1200,"height":800},{"@type":"BreadcrumbList","@id":"https:\/\/ranoja.ee\/toode\/cedrus-mootorsaag-cedps25-10t\/#breadcrumb","itemListElement":[{"@type":"ListItem","position":1,"name":"Home","item":"https:\/\/ranoja.ee\/"},{"@type":"ListItem","position":2,"name":"Shop","item":"https:\/\/ranoja.ee\/en\/shop\/"},{"@type":"ListItem","position":3,"name":"Cedrus mootorsaag CEDPS25-10T"}]},{"@type":"WebSite","@id":"https:\/\/ranoja.ee\/#website","url":"https:\/\/ranoja.ee\/","name":"Ranoja","description":"Equipment Shop WooCommerce WordPress Theme for Machine &amp; Tools","publisher":{"@id":"https:\/\/ranoja.ee\/#organization"},"potentialAction":[{"@type":"SearchAction","target":{"@type":"EntryPoint","urlTemplate":"https:\/\/ranoja.ee\/?s={search_term_string}"},"query-input":{"@type":"PropertyValueSpecification","valueRequired":true,"valueName":"search_term_string"}}],"inLanguage":"en-US"},{"@type":"Organization","@id":"https:\/\/ranoja.ee\/#organization","name":"Ranoja O\u00dc","url":"https:\/\/ranoja.ee\/","logo":{"@type":"ImageObject","inLanguage":"en-US","@id":"https:\/\/ranoja.ee\/#\/schema\/logo\/image\/","url":"https:\/\/ranoja.ee\/wp-content\/uploads\/2023\/11\/ranoja-Logo.png","contentUrl":"https:\/\/ranoja.ee\/wp-content\/uploads\/2023\/11\/ranoja-Logo.png","width":207,"height":58,"caption":"Ranoja O\u00dc"},"image":{"@id":"https:\/\/ranoja.ee\/#\/schema\/logo\/image\/"},"sameAs":["https:\/\/www.facebook.com\/ranoja.ee","https:\/\/www.instagram.com\/ranoja__\/"]}]}},"_links":{"self":[{"href":"https:\/\/ranoja.ee\/en\/wp-json\/wp\/v2\/product\/5423","targetHints":{"allow":["GET"]}}],"collection":[{"href":"https:\/\/ranoja.ee\/en\/wp-json\/wp\/v2\/product"}],"about":[{"href":"https:\/\/ranoja.ee\/en\/wp-json\/wp\/v2\/types\/product"}],"wp:featuredmedia":[{"embeddable":true,"href":"https:\/\/ranoja.ee\/en\/wp-json\/wp\/v2\/media\/13845"}],"wp:attachment":[{"href":"https:\/\/ranoja.ee\/en\/wp-json\/wp\/v2\/media?parent=5423"}],"wp:term":[{"taxonomy":"product_cat","embeddable":true,"href":"https:\/\/ranoja.ee\/en\/wp-json\/wp\/v2\/product_cat?post=5423"},{"taxonomy":"product_tag","embeddable":true,"href":"https:\/\/ranoja.ee\/en\/wp-json\/wp\/v2\/product_tag?post=5423"}],"curies":[{"name":"wp","href":"https:\/\/api.w.org\/{rel}","templated":true}]}}