{"id":5411,"date":"2023-08-02T10:02:11","date_gmt":"2023-08-02T07:02:11","guid":{"rendered":"https:\/\/www.ranoja.ee\/?post_type=product&#038;p=5411"},"modified":"2025-12-12T15:16:48","modified_gmt":"2025-12-12T12:16:48","slug":"cedrus-mootorsaag-cedps38-14","status":"publish","type":"product","link":"https:\/\/ranoja.ee\/en\/toode\/cedrus-mootorsaag-cedps38-14\/","title":{"rendered":"Cedrus mootorsaag CEDPS38-14"},"content":{"rendered":"<p>CEDRUS on \u00fcks suurimaid aiandusmasinate, t\u00f6\u00f6riistade ning metsandus tarvikute edasim\u00fc\u00fcjaid Poolas.<br \/>\nMeie eesm\u00e4rk on pakkuda klientidele k\u00f5rgeima kvaliteediga tooteid konkurentsiv\u00f5imeliste hindadega.<br \/>\nAlates 2016. aastast oleme arendanud ka oma kaubam\u00e4rgi all olevat tootesarja Cedrus.<br \/>\nHetkel pakume enam kui 100 t\u00fc\u00fcpi CEDRUS kaubam\u00e4rgi aia- ja ehitusmasinaid, samuti k\u00f5iki hooldustarvikuid ja varuosi.<br \/>\n<img decoding=\"async\" class=\"alignnone size-medium wp-image-5896\" src=\"https:\/\/www.ranoja.ee\/wp-content\/uploads\/2023\/07\/cedrus-logo-vaike-1-300x99.png\" alt=\"\" width=\"300\" height=\"99\" srcset=\"https:\/\/ranoja.ee\/wp-content\/uploads\/2023\/07\/cedrus-logo-vaike-1-300x99.png 300w, https:\/\/ranoja.ee\/wp-content\/uploads\/2023\/07\/cedrus-logo-vaike-1.png 431w\" sizes=\"(max-width: 300px) 100vw, 300px\" \/><\/p>\n","protected":false},"excerpt":{"rendered":"<p>Cedrus mootorsaag CEDPS38-14<br \/>\nT\u00f6\u00f6maht: 37.2 cc3<br \/>\nMootori j\u00f5udlus: 1,6 hp<br \/>\nLatt: 14&#8243; Oregon<br \/>\nKett: 3\/8&#8243; 1,3mm Oregon<br \/>\nKarburaator: Walbro<br \/>\nKaal: 4,9 kg<br \/>\n<strong>Seadmele sobib:<br \/>\n*<a href=\"https:\/\/www.ranoja.ee\/toode\/cedrus-saekett-a1ft-dh-52e\/\">Cedrus saekett A1FT-DH-52E<\/a><\/strong><br \/>\nGarantii 1 aasta (eraisikule 2 aastat)<br \/>\n<strong><span style=\"color: #339966;\">ANTUD SEADMEGA SAAB TUTVUDA MEIE PAIDE ESINDUSES KOHAPEAL!<\/span><\/strong><\/p>\n","protected":false},"featured_media":5412,"template":"","meta":{"inline_featured_image":false},"product_cat":[1079,793,895],"product_tag":[796,227,228,797,553],"class_list":{"0":"post-5411","1":"product","2":"type-product","3":"status-publish","4":"has-post-thumbnail","6":"product_brand-cedrus","7":"product_cat-aiatehnika-ja-niidutehnika","8":"product_cat-mootorsaed-ja-kettsaed","9":"product_cat-parimad-pakkumised-aiatehnikale-ja-ehitustehnikale","10":"product_tag-cedps38-14","11":"product_tag-kettsaag","12":"product_tag-mootorsaag","13":"product_tag-oregon","14":"product_tag-saag","16":"first","17":"instock","18":"sale","19":"taxable","20":"shipping-taxable","21":"purchasable","22":"product-type-simple"},"yoast_head":"<!-- This site is optimized with the Yoast SEO plugin v27.4 - https:\/\/yoast.com\/product\/yoast-seo-wordpress\/ -->\n<title>- Ranoja cedrus-mootorsaag-cedps38-14<\/title>\n<meta name=\"description\" content=\"Cedrus mootorsaag CEDPS38-14T\u00f6\u00f6maht: 37.2 cc3Mootori j\u00f5udlus: 1,6 hpLatt: 14&quot; OregonKett: 3\/8&quot; 1,3mm Oregon cedrus-mootorsaag-cedps38-14\" \/>\n<meta name=\"robots\" content=\"index, follow, max-snippet:-1, max-image-preview:large, max-video-preview:-1\" \/>\n<link rel=\"canonical\" href=\"https:\/\/ranoja.ee\/toode\/cedrus-mootorsaag-cedps38-14\/\" \/>\n<meta property=\"og:locale\" content=\"en_US\" \/>\n<meta property=\"og:type\" content=\"article\" \/>\n<meta property=\"og:title\" content=\"- Ranoja cedrus-mootorsaag-cedps38-14\" \/>\n<meta property=\"og:description\" content=\"Cedrus mootorsaag CEDPS38-14T\u00f6\u00f6maht: 37.2 cc3Mootori j\u00f5udlus: 1,6 hpLatt: 14&quot; OregonKett: 3\/8&quot; 1,3mm Oregon cedrus-mootorsaag-cedps38-14\" \/>\n<meta property=\"og:url\" content=\"https:\/\/ranoja.ee\/toode\/cedrus-mootorsaag-cedps38-14\/\" \/>\n<meta property=\"og:site_name\" content=\"Ranoja\" \/>\n<meta property=\"article:publisher\" content=\"https:\/\/www.facebook.com\/ranoja.ee\" \/>\n<meta property=\"article:modified_time\" content=\"2025-12-12T12:16:48+00:00\" \/>\n<meta property=\"og:image\" content=\"https:\/\/ranoja.ee\/wp-content\/uploads\/2023\/08\/Cedrus-mootorsaag-CEDPS38-14.png\" \/>\n\t<meta property=\"og:image:width\" content=\"800\" \/>\n\t<meta property=\"og:image:height\" content=\"389\" \/>\n\t<meta property=\"og:image:type\" content=\"image\/png\" \/>\n<meta name=\"twitter:card\" content=\"summary_large_image\" \/>\n<meta name=\"twitter:label1\" content=\"Est. reading time\" \/>\n\t<meta name=\"twitter:data1\" content=\"1 minute\" \/>\n<script type=\"application\/ld+json\" class=\"yoast-schema-graph\">{\"@context\":\"https:\\\/\\\/schema.org\",\"@graph\":[{\"@type\":\"WebPage\",\"@id\":\"https:\\\/\\\/ranoja.ee\\\/toode\\\/cedrus-mootorsaag-cedps38-14\\\/\",\"url\":\"https:\\\/\\\/ranoja.ee\\\/toode\\\/cedrus-mootorsaag-cedps38-14\\\/\",\"name\":\"- Ranoja cedrus-mootorsaag-cedps38-14\",\"isPartOf\":{\"@id\":\"https:\\\/\\\/ranoja.ee\\\/#website\"},\"primaryImageOfPage\":{\"@id\":\"https:\\\/\\\/ranoja.ee\\\/toode\\\/cedrus-mootorsaag-cedps38-14\\\/#primaryimage\"},\"image\":{\"@id\":\"https:\\\/\\\/ranoja.ee\\\/toode\\\/cedrus-mootorsaag-cedps38-14\\\/#primaryimage\"},\"thumbnailUrl\":\"https:\\\/\\\/ranoja.ee\\\/wp-content\\\/uploads\\\/2023\\\/08\\\/Cedrus-mootorsaag-CEDPS38-14.png\",\"datePublished\":\"2023-08-02T07:02:11+00:00\",\"dateModified\":\"2025-12-12T12:16:48+00:00\",\"description\":\"Cedrus mootorsaag CEDPS38-14T\u00f6\u00f6maht: 37.2 cc3Mootori j\u00f5udlus: 1,6 hpLatt: 14\\\" OregonKett: 3\\\/8\\\" 1,3mm Oregon cedrus-mootorsaag-cedps38-14\",\"breadcrumb\":{\"@id\":\"https:\\\/\\\/ranoja.ee\\\/toode\\\/cedrus-mootorsaag-cedps38-14\\\/#breadcrumb\"},\"inLanguage\":\"en-US\",\"potentialAction\":[{\"@type\":\"ReadAction\",\"target\":[\"https:\\\/\\\/ranoja.ee\\\/toode\\\/cedrus-mootorsaag-cedps38-14\\\/\"]}]},{\"@type\":\"ImageObject\",\"inLanguage\":\"en-US\",\"@id\":\"https:\\\/\\\/ranoja.ee\\\/toode\\\/cedrus-mootorsaag-cedps38-14\\\/#primaryimage\",\"url\":\"https:\\\/\\\/ranoja.ee\\\/wp-content\\\/uploads\\\/2023\\\/08\\\/Cedrus-mootorsaag-CEDPS38-14.png\",\"contentUrl\":\"https:\\\/\\\/ranoja.ee\\\/wp-content\\\/uploads\\\/2023\\\/08\\\/Cedrus-mootorsaag-CEDPS38-14.png\",\"width\":800,\"height\":389},{\"@type\":\"BreadcrumbList\",\"@id\":\"https:\\\/\\\/ranoja.ee\\\/toode\\\/cedrus-mootorsaag-cedps38-14\\\/#breadcrumb\",\"itemListElement\":[{\"@type\":\"ListItem\",\"position\":1,\"name\":\"Home\",\"item\":\"https:\\\/\\\/ranoja.ee\\\/\"},{\"@type\":\"ListItem\",\"position\":2,\"name\":\"Shop\",\"item\":\"https:\\\/\\\/ranoja.ee\\\/en\\\/shop\\\/\"},{\"@type\":\"ListItem\",\"position\":3,\"name\":\"Cedrus mootorsaag CEDPS38-14\"}]},{\"@type\":\"WebSite\",\"@id\":\"https:\\\/\\\/ranoja.ee\\\/#website\",\"url\":\"https:\\\/\\\/ranoja.ee\\\/\",\"name\":\"Ranoja\",\"description\":\"Equipment Shop WooCommerce WordPress Theme for Machine &amp; Tools\",\"publisher\":{\"@id\":\"https:\\\/\\\/ranoja.ee\\\/#organization\"},\"potentialAction\":[{\"@type\":\"SearchAction\",\"target\":{\"@type\":\"EntryPoint\",\"urlTemplate\":\"https:\\\/\\\/ranoja.ee\\\/?s={search_term_string}\"},\"query-input\":{\"@type\":\"PropertyValueSpecification\",\"valueRequired\":true,\"valueName\":\"search_term_string\"}}],\"inLanguage\":\"en-US\"},{\"@type\":\"Organization\",\"@id\":\"https:\\\/\\\/ranoja.ee\\\/#organization\",\"name\":\"Ranoja O\u00dc\",\"url\":\"https:\\\/\\\/ranoja.ee\\\/\",\"logo\":{\"@type\":\"ImageObject\",\"inLanguage\":\"en-US\",\"@id\":\"https:\\\/\\\/ranoja.ee\\\/#\\\/schema\\\/logo\\\/image\\\/\",\"url\":\"https:\\\/\\\/ranoja.ee\\\/wp-content\\\/uploads\\\/2023\\\/11\\\/ranoja-Logo.png\",\"contentUrl\":\"https:\\\/\\\/ranoja.ee\\\/wp-content\\\/uploads\\\/2023\\\/11\\\/ranoja-Logo.png\",\"width\":207,\"height\":58,\"caption\":\"Ranoja O\u00dc\"},\"image\":{\"@id\":\"https:\\\/\\\/ranoja.ee\\\/#\\\/schema\\\/logo\\\/image\\\/\"},\"sameAs\":[\"https:\\\/\\\/www.facebook.com\\\/ranoja.ee\",\"https:\\\/\\\/www.instagram.com\\\/ranoja__\\\/\"]}]}<\/script>\n<!-- \/ Yoast SEO plugin. -->","yoast_head_json":{"title":"- Ranoja cedrus-mootorsaag-cedps38-14","description":"Cedrus mootorsaag CEDPS38-14T\u00f6\u00f6maht: 37.2 cc3Mootori j\u00f5udlus: 1,6 hpLatt: 14\" OregonKett: 3\/8\" 1,3mm Oregon cedrus-mootorsaag-cedps38-14","robots":{"index":"index","follow":"follow","max-snippet":"max-snippet:-1","max-image-preview":"max-image-preview:large","max-video-preview":"max-video-preview:-1"},"canonical":"https:\/\/ranoja.ee\/toode\/cedrus-mootorsaag-cedps38-14\/","og_locale":"en_US","og_type":"article","og_title":"- Ranoja cedrus-mootorsaag-cedps38-14","og_description":"Cedrus mootorsaag CEDPS38-14T\u00f6\u00f6maht: 37.2 cc3Mootori j\u00f5udlus: 1,6 hpLatt: 14\" OregonKett: 3\/8\" 1,3mm Oregon cedrus-mootorsaag-cedps38-14","og_url":"https:\/\/ranoja.ee\/toode\/cedrus-mootorsaag-cedps38-14\/","og_site_name":"Ranoja","article_publisher":"https:\/\/www.facebook.com\/ranoja.ee","article_modified_time":"2025-12-12T12:16:48+00:00","og_image":[{"width":800,"height":389,"url":"https:\/\/ranoja.ee\/wp-content\/uploads\/2023\/08\/Cedrus-mootorsaag-CEDPS38-14.png","type":"image\/png"}],"twitter_card":"summary_large_image","twitter_misc":{"Est. reading time":"1 minute"},"schema":{"@context":"https:\/\/schema.org","@graph":[{"@type":"WebPage","@id":"https:\/\/ranoja.ee\/toode\/cedrus-mootorsaag-cedps38-14\/","url":"https:\/\/ranoja.ee\/toode\/cedrus-mootorsaag-cedps38-14\/","name":"- Ranoja cedrus-mootorsaag-cedps38-14","isPartOf":{"@id":"https:\/\/ranoja.ee\/#website"},"primaryImageOfPage":{"@id":"https:\/\/ranoja.ee\/toode\/cedrus-mootorsaag-cedps38-14\/#primaryimage"},"image":{"@id":"https:\/\/ranoja.ee\/toode\/cedrus-mootorsaag-cedps38-14\/#primaryimage"},"thumbnailUrl":"https:\/\/ranoja.ee\/wp-content\/uploads\/2023\/08\/Cedrus-mootorsaag-CEDPS38-14.png","datePublished":"2023-08-02T07:02:11+00:00","dateModified":"2025-12-12T12:16:48+00:00","description":"Cedrus mootorsaag CEDPS38-14T\u00f6\u00f6maht: 37.2 cc3Mootori j\u00f5udlus: 1,6 hpLatt: 14\" OregonKett: 3\/8\" 1,3mm Oregon cedrus-mootorsaag-cedps38-14","breadcrumb":{"@id":"https:\/\/ranoja.ee\/toode\/cedrus-mootorsaag-cedps38-14\/#breadcrumb"},"inLanguage":"en-US","potentialAction":[{"@type":"ReadAction","target":["https:\/\/ranoja.ee\/toode\/cedrus-mootorsaag-cedps38-14\/"]}]},{"@type":"ImageObject","inLanguage":"en-US","@id":"https:\/\/ranoja.ee\/toode\/cedrus-mootorsaag-cedps38-14\/#primaryimage","url":"https:\/\/ranoja.ee\/wp-content\/uploads\/2023\/08\/Cedrus-mootorsaag-CEDPS38-14.png","contentUrl":"https:\/\/ranoja.ee\/wp-content\/uploads\/2023\/08\/Cedrus-mootorsaag-CEDPS38-14.png","width":800,"height":389},{"@type":"BreadcrumbList","@id":"https:\/\/ranoja.ee\/toode\/cedrus-mootorsaag-cedps38-14\/#breadcrumb","itemListElement":[{"@type":"ListItem","position":1,"name":"Home","item":"https:\/\/ranoja.ee\/"},{"@type":"ListItem","position":2,"name":"Shop","item":"https:\/\/ranoja.ee\/en\/shop\/"},{"@type":"ListItem","position":3,"name":"Cedrus mootorsaag CEDPS38-14"}]},{"@type":"WebSite","@id":"https:\/\/ranoja.ee\/#website","url":"https:\/\/ranoja.ee\/","name":"Ranoja","description":"Equipment Shop WooCommerce WordPress Theme for Machine &amp; Tools","publisher":{"@id":"https:\/\/ranoja.ee\/#organization"},"potentialAction":[{"@type":"SearchAction","target":{"@type":"EntryPoint","urlTemplate":"https:\/\/ranoja.ee\/?s={search_term_string}"},"query-input":{"@type":"PropertyValueSpecification","valueRequired":true,"valueName":"search_term_string"}}],"inLanguage":"en-US"},{"@type":"Organization","@id":"https:\/\/ranoja.ee\/#organization","name":"Ranoja O\u00dc","url":"https:\/\/ranoja.ee\/","logo":{"@type":"ImageObject","inLanguage":"en-US","@id":"https:\/\/ranoja.ee\/#\/schema\/logo\/image\/","url":"https:\/\/ranoja.ee\/wp-content\/uploads\/2023\/11\/ranoja-Logo.png","contentUrl":"https:\/\/ranoja.ee\/wp-content\/uploads\/2023\/11\/ranoja-Logo.png","width":207,"height":58,"caption":"Ranoja O\u00dc"},"image":{"@id":"https:\/\/ranoja.ee\/#\/schema\/logo\/image\/"},"sameAs":["https:\/\/www.facebook.com\/ranoja.ee","https:\/\/www.instagram.com\/ranoja__\/"]}]}},"_links":{"self":[{"href":"https:\/\/ranoja.ee\/en\/wp-json\/wp\/v2\/product\/5411","targetHints":{"allow":["GET"]}}],"collection":[{"href":"https:\/\/ranoja.ee\/en\/wp-json\/wp\/v2\/product"}],"about":[{"href":"https:\/\/ranoja.ee\/en\/wp-json\/wp\/v2\/types\/product"}],"wp:featuredmedia":[{"embeddable":true,"href":"https:\/\/ranoja.ee\/en\/wp-json\/wp\/v2\/media\/5412"}],"wp:attachment":[{"href":"https:\/\/ranoja.ee\/en\/wp-json\/wp\/v2\/media?parent=5411"}],"wp:term":[{"taxonomy":"product_cat","embeddable":true,"href":"https:\/\/ranoja.ee\/en\/wp-json\/wp\/v2\/product_cat?post=5411"},{"taxonomy":"product_tag","embeddable":true,"href":"https:\/\/ranoja.ee\/en\/wp-json\/wp\/v2\/product_tag?post=5411"}],"curies":[{"name":"wp","href":"https:\/\/api.w.org\/{rel}","templated":true}]}}