{"id":5325,"date":"2023-08-01T15:33:32","date_gmt":"2023-08-01T12:33:32","guid":{"rendered":"https:\/\/www.ranoja.ee\/?post_type=product&#038;p=5325"},"modified":"2025-12-10T16:10:38","modified_gmt":"2025-12-10T13:10:38","slug":"antenn-florida-s","status":"publish","type":"product","link":"https:\/\/ranoja.ee\/en\/toode\/antenn-florida-s\/","title":{"rendered":"ANTENN Florida-S"},"content":{"rendered":"<p>L\u00e4llari ehk raadiosaatja kasutamine on populaarne erinevates valdkondades, alates amat\u00f6\u00f6rraadio harrastusest kuni professionaalsete sidelahendusteni. \u00dcks olulisemaid komponente l\u00e4llari efektiivse toimimise tagamiseks on antenn. ANTENN Florida-S antenn on h\u00e4davajalik, sest see v\u00f5imaldab raadiosignaalide edastamist ja vastuv\u00f5tmist, m\u00e4\u00e4rates suurel m\u00e4\u00e4ral side kvaliteedi ja ulatuse.<\/p>\n<p>Esmalt on oluline m\u00f5ista, et raadiosignaalide edastamine ja vastuv\u00f5tmine toimub elektromagnetlainete abil, mis vajavad t\u00f5husat antenni, et neid laineid \u00f5igesti kiirgata ja p\u00fc\u00fcda. L\u00e4llari antenni peamine \u00fclesanne on muuta elektrilised signaalid elektromagnetlaineteks ja vastupidi. Ilma sobiva antennita on signaalide edastamine v\u00e4ga piiratud, mis v\u00e4hendab oluliselt sidekvaliteeti ja -ulatust.<\/p>\n<p>Hea antenn parandab raadioside ulatust. Mida parem on antenn, seda kaugemale signaal ulatub ja seda selgem on saadetav ja vastuv\u00f5etav heli. N\u00e4iteks maastikul, kus esineb palju takistusi, nagu m\u00e4ed ja metsad, v\u00f5ib tugev antenn aidata signaali levimist, \u00fcletades f\u00fc\u00fcsilised barj\u00e4\u00e4rid. Lisaks on k\u00f5rge kvaliteediga antenn eriti oluline h\u00e4daolukordades, kus t\u00f5rgeteta sidepidamine v\u00f5ib olla eluliselt t\u00e4htis.<\/p>\n<p>Antenn aitab v\u00e4hendada signaalikadu ja m\u00fcra, mis v\u00f5ib tekkida signaali edastamise ja vastuv\u00f5tmise k\u00e4igus. Signaalikadu v\u00f5ib p\u00f5hjustada katkestusi ja moonutusi, mis muudavad sidepidamise raskeks. \u00d5igesti valitud ja h\u00e4\u00e4lestatud antenn aitab minimeerida m\u00fcra ja kadu, tagades puhtama ja selgema side.<\/p>\n<p>Erinevates kasutusvaldkondades on vaja erinevat t\u00fc\u00fcpi antenne. N\u00e4iteks mobiilsetel l\u00e4llaritel kasutatakse sageli kompaktseid ja kergeid antenne, mis on h\u00f5lpsasti kaasaskantavad. Samas, statsionaarsete raadiosaatjate puhul, mida kasutatakse n\u00e4iteks raadioamat\u00f6\u00f6ride poolt, eelistatakse suuremaid ja v\u00f5imsamaid antenne, mis on v\u00f5imelised signaale pikemate vahemaade taha saatma.<\/p>\n<p>Kokkuv\u00f5ttes on l\u00e4llari antenn h\u00e4davajalik komponent, mis m\u00e4\u00e4rab seadme toimimise efektiivsuse. Ilma korraliku antennita on raadiosaatja kasutamine piiratud ja ebaefektiivne, mis v\u00f5ib oluliselt m\u00f5jutada side kvaliteeti ja ulatust. Seega on oluline valida ja paigaldada \u00f5ige antenn vastavalt konkreetsetele vajadustele ja kasutustingimustele.<\/p>\n","protected":false},"excerpt":{"rendered":"<p>ANTENN Florida-S<br \/>\nM\u00f5\u00f5tmed: 600mm , klaaskiud<br \/>\nMagnetiga kinnitus<br \/>\nV\u00f5imendus +3dBi, max 160W P.E.P<br \/>\nGarantii 1 aasta (eraisikule 2 aastat)<br \/>\n<strong><span style=\"color: #339966;\">Seadme eeldatav tarneaeg 3-4 t\u00f6\u00f6p\u00e4eva<\/span><\/strong><\/p>\n","protected":false},"featured_media":5326,"template":"","meta":{"inline_featured_image":false},"product_cat":[117,1116],"product_tag":[771,773,776,752],"class_list":{"0":"post-5325","1":"product","2":"type-product","3":"status-publish","4":"has-post-thumbnail","6":"product_brand-president","7":"product_cat-cb-raadiosaatjad-antennid-ja-tarvikud","8":"product_cat-lisaseadmed-ehitusseadmed-led-lisatuled-cb-raadiod-lallar","9":"product_tag-antenn","10":"product_tag-cb-raadio-antenn","11":"product_tag-florida-s","12":"product_tag-president","14":"first","15":"instock","16":"taxable","17":"shipping-taxable","18":"purchasable","19":"product-type-simple"},"yoast_head":"<!-- This site is optimized with the Yoast SEO plugin v27.4 - https:\/\/yoast.com\/product\/yoast-seo-wordpress\/ -->\n<title>ANTENN Florida-S<\/title>\n<meta name=\"description\" content=\"ANTENN Florida-S - \u00f5igesti valitud ja h\u00e4\u00e4lestatud antenn aitab minimeerida m\u00fcra ja kadu, tagades puhtama ning selgema side.\" \/>\n<meta name=\"robots\" content=\"index, follow, max-snippet:-1, max-image-preview:large, max-video-preview:-1\" \/>\n<link rel=\"canonical\" href=\"https:\/\/ranoja.ee\/toode\/antenn-florida-s\/\" \/>\n<meta property=\"og:locale\" content=\"en_US\" \/>\n<meta property=\"og:type\" content=\"article\" \/>\n<meta property=\"og:title\" content=\"ANTENN Florida-S\" \/>\n<meta property=\"og:description\" content=\"ANTENN Florida-S - \u00f5igesti valitud ja h\u00e4\u00e4lestatud antenn aitab minimeerida m\u00fcra ja kadu, tagades puhtama ning selgema side.\" \/>\n<meta property=\"og:url\" content=\"https:\/\/ranoja.ee\/toode\/antenn-florida-s\/\" \/>\n<meta property=\"og:site_name\" content=\"Ranoja\" \/>\n<meta property=\"article:publisher\" content=\"https:\/\/www.facebook.com\/ranoja.ee\" \/>\n<meta property=\"article:modified_time\" content=\"2025-12-10T13:10:38+00:00\" \/>\n<meta property=\"og:image\" content=\"https:\/\/ranoja.ee\/wp-content\/uploads\/2023\/08\/ANTENN-Florida-S.jpg\" \/>\n\t<meta property=\"og:image:width\" content=\"800\" \/>\n\t<meta property=\"og:image:height\" content=\"600\" \/>\n\t<meta property=\"og:image:type\" content=\"image\/jpeg\" \/>\n<meta name=\"twitter:card\" content=\"summary_large_image\" \/>\n<meta name=\"twitter:label1\" content=\"Est. reading time\" \/>\n\t<meta name=\"twitter:data1\" content=\"1 minute\" \/>\n<script type=\"application\/ld+json\" class=\"yoast-schema-graph\">{\"@context\":\"https:\\\/\\\/schema.org\",\"@graph\":[{\"@type\":\"WebPage\",\"@id\":\"https:\\\/\\\/ranoja.ee\\\/toode\\\/antenn-florida-s\\\/\",\"url\":\"https:\\\/\\\/ranoja.ee\\\/toode\\\/antenn-florida-s\\\/\",\"name\":\"ANTENN Florida-S\",\"isPartOf\":{\"@id\":\"https:\\\/\\\/ranoja.ee\\\/#website\"},\"primaryImageOfPage\":{\"@id\":\"https:\\\/\\\/ranoja.ee\\\/toode\\\/antenn-florida-s\\\/#primaryimage\"},\"image\":{\"@id\":\"https:\\\/\\\/ranoja.ee\\\/toode\\\/antenn-florida-s\\\/#primaryimage\"},\"thumbnailUrl\":\"https:\\\/\\\/ranoja.ee\\\/wp-content\\\/uploads\\\/2023\\\/08\\\/ANTENN-Florida-S.jpg\",\"datePublished\":\"2023-08-01T12:33:32+00:00\",\"dateModified\":\"2025-12-10T13:10:38+00:00\",\"description\":\"ANTENN Florida-S - \u00f5igesti valitud ja h\u00e4\u00e4lestatud antenn aitab minimeerida m\u00fcra ja kadu, tagades puhtama ning selgema side.\",\"breadcrumb\":{\"@id\":\"https:\\\/\\\/ranoja.ee\\\/toode\\\/antenn-florida-s\\\/#breadcrumb\"},\"inLanguage\":\"en-US\",\"potentialAction\":[{\"@type\":\"ReadAction\",\"target\":[\"https:\\\/\\\/ranoja.ee\\\/toode\\\/antenn-florida-s\\\/\"]}]},{\"@type\":\"ImageObject\",\"inLanguage\":\"en-US\",\"@id\":\"https:\\\/\\\/ranoja.ee\\\/toode\\\/antenn-florida-s\\\/#primaryimage\",\"url\":\"https:\\\/\\\/ranoja.ee\\\/wp-content\\\/uploads\\\/2023\\\/08\\\/ANTENN-Florida-S.jpg\",\"contentUrl\":\"https:\\\/\\\/ranoja.ee\\\/wp-content\\\/uploads\\\/2023\\\/08\\\/ANTENN-Florida-S.jpg\",\"width\":800,\"height\":600,\"caption\":\"ANTENN Florida-S\"},{\"@type\":\"BreadcrumbList\",\"@id\":\"https:\\\/\\\/ranoja.ee\\\/toode\\\/antenn-florida-s\\\/#breadcrumb\",\"itemListElement\":[{\"@type\":\"ListItem\",\"position\":1,\"name\":\"Home\",\"item\":\"https:\\\/\\\/ranoja.ee\\\/\"},{\"@type\":\"ListItem\",\"position\":2,\"name\":\"Shop\",\"item\":\"https:\\\/\\\/ranoja.ee\\\/en\\\/shop\\\/\"},{\"@type\":\"ListItem\",\"position\":3,\"name\":\"ANTENN Florida-S\"}]},{\"@type\":\"WebSite\",\"@id\":\"https:\\\/\\\/ranoja.ee\\\/#website\",\"url\":\"https:\\\/\\\/ranoja.ee\\\/\",\"name\":\"Ranoja\",\"description\":\"Equipment Shop WooCommerce WordPress Theme for Machine &amp; Tools\",\"publisher\":{\"@id\":\"https:\\\/\\\/ranoja.ee\\\/#organization\"},\"potentialAction\":[{\"@type\":\"SearchAction\",\"target\":{\"@type\":\"EntryPoint\",\"urlTemplate\":\"https:\\\/\\\/ranoja.ee\\\/?s={search_term_string}\"},\"query-input\":{\"@type\":\"PropertyValueSpecification\",\"valueRequired\":true,\"valueName\":\"search_term_string\"}}],\"inLanguage\":\"en-US\"},{\"@type\":\"Organization\",\"@id\":\"https:\\\/\\\/ranoja.ee\\\/#organization\",\"name\":\"Ranoja O\u00dc\",\"url\":\"https:\\\/\\\/ranoja.ee\\\/\",\"logo\":{\"@type\":\"ImageObject\",\"inLanguage\":\"en-US\",\"@id\":\"https:\\\/\\\/ranoja.ee\\\/#\\\/schema\\\/logo\\\/image\\\/\",\"url\":\"https:\\\/\\\/ranoja.ee\\\/wp-content\\\/uploads\\\/2023\\\/11\\\/ranoja-Logo.png\",\"contentUrl\":\"https:\\\/\\\/ranoja.ee\\\/wp-content\\\/uploads\\\/2023\\\/11\\\/ranoja-Logo.png\",\"width\":207,\"height\":58,\"caption\":\"Ranoja O\u00dc\"},\"image\":{\"@id\":\"https:\\\/\\\/ranoja.ee\\\/#\\\/schema\\\/logo\\\/image\\\/\"},\"sameAs\":[\"https:\\\/\\\/www.facebook.com\\\/ranoja.ee\",\"https:\\\/\\\/www.instagram.com\\\/ranoja__\\\/\"]}]}<\/script>\n<!-- \/ Yoast SEO plugin. -->","yoast_head_json":{"title":"ANTENN Florida-S","description":"ANTENN Florida-S - \u00f5igesti valitud ja h\u00e4\u00e4lestatud antenn aitab minimeerida m\u00fcra ja kadu, tagades puhtama ning selgema side.","robots":{"index":"index","follow":"follow","max-snippet":"max-snippet:-1","max-image-preview":"max-image-preview:large","max-video-preview":"max-video-preview:-1"},"canonical":"https:\/\/ranoja.ee\/toode\/antenn-florida-s\/","og_locale":"en_US","og_type":"article","og_title":"ANTENN Florida-S","og_description":"ANTENN Florida-S - \u00f5igesti valitud ja h\u00e4\u00e4lestatud antenn aitab minimeerida m\u00fcra ja kadu, tagades puhtama ning selgema side.","og_url":"https:\/\/ranoja.ee\/toode\/antenn-florida-s\/","og_site_name":"Ranoja","article_publisher":"https:\/\/www.facebook.com\/ranoja.ee","article_modified_time":"2025-12-10T13:10:38+00:00","og_image":[{"width":800,"height":600,"url":"https:\/\/ranoja.ee\/wp-content\/uploads\/2023\/08\/ANTENN-Florida-S.jpg","type":"image\/jpeg"}],"twitter_card":"summary_large_image","twitter_misc":{"Est. reading time":"1 minute"},"schema":{"@context":"https:\/\/schema.org","@graph":[{"@type":"WebPage","@id":"https:\/\/ranoja.ee\/toode\/antenn-florida-s\/","url":"https:\/\/ranoja.ee\/toode\/antenn-florida-s\/","name":"ANTENN Florida-S","isPartOf":{"@id":"https:\/\/ranoja.ee\/#website"},"primaryImageOfPage":{"@id":"https:\/\/ranoja.ee\/toode\/antenn-florida-s\/#primaryimage"},"image":{"@id":"https:\/\/ranoja.ee\/toode\/antenn-florida-s\/#primaryimage"},"thumbnailUrl":"https:\/\/ranoja.ee\/wp-content\/uploads\/2023\/08\/ANTENN-Florida-S.jpg","datePublished":"2023-08-01T12:33:32+00:00","dateModified":"2025-12-10T13:10:38+00:00","description":"ANTENN Florida-S - \u00f5igesti valitud ja h\u00e4\u00e4lestatud antenn aitab minimeerida m\u00fcra ja kadu, tagades puhtama ning selgema side.","breadcrumb":{"@id":"https:\/\/ranoja.ee\/toode\/antenn-florida-s\/#breadcrumb"},"inLanguage":"en-US","potentialAction":[{"@type":"ReadAction","target":["https:\/\/ranoja.ee\/toode\/antenn-florida-s\/"]}]},{"@type":"ImageObject","inLanguage":"en-US","@id":"https:\/\/ranoja.ee\/toode\/antenn-florida-s\/#primaryimage","url":"https:\/\/ranoja.ee\/wp-content\/uploads\/2023\/08\/ANTENN-Florida-S.jpg","contentUrl":"https:\/\/ranoja.ee\/wp-content\/uploads\/2023\/08\/ANTENN-Florida-S.jpg","width":800,"height":600,"caption":"ANTENN Florida-S"},{"@type":"BreadcrumbList","@id":"https:\/\/ranoja.ee\/toode\/antenn-florida-s\/#breadcrumb","itemListElement":[{"@type":"ListItem","position":1,"name":"Home","item":"https:\/\/ranoja.ee\/"},{"@type":"ListItem","position":2,"name":"Shop","item":"https:\/\/ranoja.ee\/en\/shop\/"},{"@type":"ListItem","position":3,"name":"ANTENN Florida-S"}]},{"@type":"WebSite","@id":"https:\/\/ranoja.ee\/#website","url":"https:\/\/ranoja.ee\/","name":"Ranoja","description":"Equipment Shop WooCommerce WordPress Theme for Machine &amp; Tools","publisher":{"@id":"https:\/\/ranoja.ee\/#organization"},"potentialAction":[{"@type":"SearchAction","target":{"@type":"EntryPoint","urlTemplate":"https:\/\/ranoja.ee\/?s={search_term_string}"},"query-input":{"@type":"PropertyValueSpecification","valueRequired":true,"valueName":"search_term_string"}}],"inLanguage":"en-US"},{"@type":"Organization","@id":"https:\/\/ranoja.ee\/#organization","name":"Ranoja O\u00dc","url":"https:\/\/ranoja.ee\/","logo":{"@type":"ImageObject","inLanguage":"en-US","@id":"https:\/\/ranoja.ee\/#\/schema\/logo\/image\/","url":"https:\/\/ranoja.ee\/wp-content\/uploads\/2023\/11\/ranoja-Logo.png","contentUrl":"https:\/\/ranoja.ee\/wp-content\/uploads\/2023\/11\/ranoja-Logo.png","width":207,"height":58,"caption":"Ranoja O\u00dc"},"image":{"@id":"https:\/\/ranoja.ee\/#\/schema\/logo\/image\/"},"sameAs":["https:\/\/www.facebook.com\/ranoja.ee","https:\/\/www.instagram.com\/ranoja__\/"]}]}},"_links":{"self":[{"href":"https:\/\/ranoja.ee\/en\/wp-json\/wp\/v2\/product\/5325","targetHints":{"allow":["GET"]}}],"collection":[{"href":"https:\/\/ranoja.ee\/en\/wp-json\/wp\/v2\/product"}],"about":[{"href":"https:\/\/ranoja.ee\/en\/wp-json\/wp\/v2\/types\/product"}],"wp:featuredmedia":[{"embeddable":true,"href":"https:\/\/ranoja.ee\/en\/wp-json\/wp\/v2\/media\/5326"}],"wp:attachment":[{"href":"https:\/\/ranoja.ee\/en\/wp-json\/wp\/v2\/media?parent=5325"}],"wp:term":[{"taxonomy":"product_cat","embeddable":true,"href":"https:\/\/ranoja.ee\/en\/wp-json\/wp\/v2\/product_cat?post=5325"},{"taxonomy":"product_tag","embeddable":true,"href":"https:\/\/ranoja.ee\/en\/wp-json\/wp\/v2\/product_tag?post=5325"}],"curies":[{"name":"wp","href":"https:\/\/api.w.org\/{rel}","templated":true}]}}