{"id":5275,"date":"2023-08-01T09:51:55","date_gmt":"2023-08-01T06:51:55","guid":{"rendered":"https:\/\/www.ranoja.ee\/?post_type=product&#038;p=5275"},"modified":"2026-01-12T16:48:35","modified_gmt":"2026-01-12T13:48:35","slug":"rock-poordejou-voimendi-9000-kg-2","status":"publish","type":"product","link":"https:\/\/ranoja.ee\/en\/toode\/rock-poordejou-voimendi-9000-kg-2\/","title":{"rendered":"ROCK p\u00f6\u00f6rdej\u00f5u v\u00f5imendi 9000 kg"},"content":{"rendered":"<p>ROCK p\u00f6\u00f6rdej\u00f5u v\u00f5imendi 9000 kg<\/p>\n<p>ROCK vintside p\u00f6\u00f6rdej\u00f5u v\u00f5imendi on oluline mehhaaniline komponent, mille \u00fclesanne on suurendada vintsi mootorilt saadavat p\u00f6\u00f6rdemomenti ning muuta see piisavaks suure koormuse liigutamiseks v\u00f5i t\u00f5mbamiseks. V\u00f5imendit kasutatakse eelk\u00f5ige elektri- ja h\u00fcdraulilistes vintsides, kus on vaja saavutada suur t\u00f5mbej\u00f5ud suhteliselt kompaktse mootori abil. T\u00e4nu p\u00f6\u00f6rdej\u00f5u v\u00f5imendile on v\u00f5imalik \u00fchendada hea j\u00f5udlus, t\u00f6\u00f6kindlus ja energiat\u00f5husus.<\/p>\n<p>V\u00f5imendi t\u00f6\u00f6p\u00f5him\u00f5te p\u00f5hineb tavaliselt planetaar- v\u00f5i tigu\u00fclekandel, mis v\u00e4hendab p\u00f6\u00f6rlemiskiirust ja suurendab samal ajal p\u00f6\u00f6rdemomenti. Mootor edastab j\u00f5u v\u00f5imendisse, kus see muundatakse aeglasemaks, kuid oluliselt tugevamaks p\u00f6\u00f6rlevaks liikumiseks, mis kantakse edasi vintsi trumlile. Selline lahendus v\u00f5imaldab vintsil t\u00f5mmata raskeid koormaid sujuvalt ja kontrollitult ka seisuasendist.<\/p>\n<p>ROCK vintside p\u00f6\u00f6rdej\u00f5u v\u00f5imendid on konstrueeritud t\u00f6\u00f6tama rasketes tingimustes. Korpus on valmistatud tugevast metallisulamist, mis talub l\u00f6\u00f6ke, vibratsiooni ja suuri koormusi. Tihendid ja m\u00e4\u00e4rdes\u00fcsteemid kaitsevad sisemisi hammasrattaid niiskuse, tolmu ja mustuse eest, tagades pika t\u00f6\u00f6ea ja stabiilse t\u00f6\u00f6. Konstruktsioonis on p\u00f6\u00f6ratud t\u00e4helepanu ka vaiksele ja sujuvale t\u00f6\u00f6le, mis v\u00e4hendab kulumist ning parandab kasutusmugavust.<\/p>\n<p>P\u00f6\u00f6rdej\u00f5u v\u00f5imendi roll vintsi t\u00f6\u00f6s on kriitiline, sest just see m\u00e4\u00e4rab vintsi t\u00f5mbej\u00f5u, t\u00f6\u00f6kindluse ja koormustaluvuse. ROCK lahendused pakuvad head tasakaalu j\u00f5u, vastupidavuse ja kompaktse ehituse vahel.<\/p>\n<p>ROCK p\u00f6\u00f6rdej\u00f5u v\u00f5imendi 9000 kg<\/p>\n","protected":false},"excerpt":{"rendered":"<p>Rock p\u00f6\u00f6rdej\u00f5u v\u00f5imendi 9000 kg<br \/>\nM\u00f5\u00f5tmed: 205 x 100 mm<br \/>\nSobib kaablile: \u00f817 mm<br \/>\nPlokk: \u00f8205 x 100 mm<br \/>\nAva: \u00f851 mm<br \/>\nP\u00f6\u00f6rdej\u00f5u v\u00f5imendi murdumispunkt: 9000 kg<br \/>\n<strong>Eeldatav tarneaeg 1-7 t\u00f6\u00f6p\u00e4eva<\/strong><\/p>\n","protected":false},"featured_media":5276,"template":"","meta":{"inline_featured_image":false},"product_cat":[1116,1122],"product_tag":[976,746,743,744,740],"class_list":{"0":"post-5275","1":"product","2":"type-product","3":"status-publish","4":"has-post-thumbnail","6":"product_brand-rock","7":"product_cat-lisaseadmed-ehitusseadmed-led-lisatuled-cb-raadiod-lallar","8":"product_cat-vintside-tarvikud","9":"product_tag-9201-10106","10":"product_tag-plokid","11":"product_tag-plokk","12":"product_tag-poordejou-voimendi","13":"product_tag-rock","15":"first","16":"instock","17":"taxable","18":"shipping-taxable","19":"purchasable","20":"product-type-simple"},"yoast_head":"<!-- This site is optimized with the Yoast SEO plugin v27.4 - https:\/\/yoast.com\/product\/yoast-seo-wordpress\/ -->\n<title>ROCK p\u00f6\u00f6rdej\u00f5u v\u00f5imendi 9000 kg<\/title>\n<meta name=\"description\" content=\"ROCK p\u00f6\u00f6rdej\u00f5u v\u00f5imendi 9000 kg P\u00f6\u00f6rdej\u00f5u v\u00f5imendi roll vintsi t\u00f6\u00f6s on kriitiline, sest just see m\u00e4\u00e4rab vintsi t\u00f5mbej\u00f5u, t\u00f6\u00f6kindluse ja koormustaluvuse.\" \/>\n<meta name=\"robots\" content=\"index, follow, max-snippet:-1, max-image-preview:large, max-video-preview:-1\" \/>\n<link rel=\"canonical\" href=\"https:\/\/ranoja.ee\/toode\/rock-poordejou-voimendi-9000-kg-2\/\" \/>\n<meta property=\"og:locale\" content=\"en_US\" \/>\n<meta property=\"og:type\" content=\"article\" \/>\n<meta property=\"og:title\" content=\"ROCK p\u00f6\u00f6rdej\u00f5u v\u00f5imendi 9000 kg\" \/>\n<meta property=\"og:description\" content=\"ROCK p\u00f6\u00f6rdej\u00f5u v\u00f5imendi 9000 kg P\u00f6\u00f6rdej\u00f5u v\u00f5imendi roll vintsi t\u00f6\u00f6s on kriitiline, sest just see m\u00e4\u00e4rab vintsi t\u00f5mbej\u00f5u, t\u00f6\u00f6kindluse ja koormustaluvuse.\" \/>\n<meta property=\"og:url\" content=\"https:\/\/ranoja.ee\/toode\/rock-poordejou-voimendi-9000-kg-2\/\" \/>\n<meta property=\"og:site_name\" content=\"Ranoja\" \/>\n<meta property=\"article:publisher\" content=\"https:\/\/www.facebook.com\/ranoja.ee\" \/>\n<meta property=\"article:modified_time\" content=\"2026-01-12T13:48:35+00:00\" \/>\n<meta property=\"og:image\" content=\"https:\/\/ranoja.ee\/wp-content\/uploads\/2023\/08\/Rock-poordejou-voimendi-9000kgR.jpg\" \/>\n\t<meta property=\"og:image:width\" content=\"400\" \/>\n\t<meta property=\"og:image:height\" content=\"300\" \/>\n\t<meta property=\"og:image:type\" content=\"image\/jpeg\" \/>\n<meta name=\"twitter:card\" content=\"summary_large_image\" \/>\n<meta name=\"twitter:label1\" content=\"Est. reading time\" \/>\n\t<meta name=\"twitter:data1\" content=\"1 minute\" \/>\n<script type=\"application\/ld+json\" class=\"yoast-schema-graph\">{\"@context\":\"https:\\\/\\\/schema.org\",\"@graph\":[{\"@type\":\"WebPage\",\"@id\":\"https:\\\/\\\/ranoja.ee\\\/toode\\\/rock-poordejou-voimendi-9000-kg-2\\\/\",\"url\":\"https:\\\/\\\/ranoja.ee\\\/toode\\\/rock-poordejou-voimendi-9000-kg-2\\\/\",\"name\":\"ROCK p\u00f6\u00f6rdej\u00f5u v\u00f5imendi 9000 kg\",\"isPartOf\":{\"@id\":\"https:\\\/\\\/ranoja.ee\\\/#website\"},\"primaryImageOfPage\":{\"@id\":\"https:\\\/\\\/ranoja.ee\\\/toode\\\/rock-poordejou-voimendi-9000-kg-2\\\/#primaryimage\"},\"image\":{\"@id\":\"https:\\\/\\\/ranoja.ee\\\/toode\\\/rock-poordejou-voimendi-9000-kg-2\\\/#primaryimage\"},\"thumbnailUrl\":\"https:\\\/\\\/ranoja.ee\\\/wp-content\\\/uploads\\\/2023\\\/08\\\/Rock-poordejou-voimendi-9000kgR.jpg\",\"datePublished\":\"2023-08-01T06:51:55+00:00\",\"dateModified\":\"2026-01-12T13:48:35+00:00\",\"description\":\"ROCK p\u00f6\u00f6rdej\u00f5u v\u00f5imendi 9000 kg P\u00f6\u00f6rdej\u00f5u v\u00f5imendi roll vintsi t\u00f6\u00f6s on kriitiline, sest just see m\u00e4\u00e4rab vintsi t\u00f5mbej\u00f5u, t\u00f6\u00f6kindluse ja koormustaluvuse.\",\"breadcrumb\":{\"@id\":\"https:\\\/\\\/ranoja.ee\\\/toode\\\/rock-poordejou-voimendi-9000-kg-2\\\/#breadcrumb\"},\"inLanguage\":\"en-US\",\"potentialAction\":[{\"@type\":\"ReadAction\",\"target\":[\"https:\\\/\\\/ranoja.ee\\\/toode\\\/rock-poordejou-voimendi-9000-kg-2\\\/\"]}]},{\"@type\":\"ImageObject\",\"inLanguage\":\"en-US\",\"@id\":\"https:\\\/\\\/ranoja.ee\\\/toode\\\/rock-poordejou-voimendi-9000-kg-2\\\/#primaryimage\",\"url\":\"https:\\\/\\\/ranoja.ee\\\/wp-content\\\/uploads\\\/2023\\\/08\\\/Rock-poordejou-voimendi-9000kgR.jpg\",\"contentUrl\":\"https:\\\/\\\/ranoja.ee\\\/wp-content\\\/uploads\\\/2023\\\/08\\\/Rock-poordejou-voimendi-9000kgR.jpg\",\"width\":400,\"height\":300},{\"@type\":\"BreadcrumbList\",\"@id\":\"https:\\\/\\\/ranoja.ee\\\/toode\\\/rock-poordejou-voimendi-9000-kg-2\\\/#breadcrumb\",\"itemListElement\":[{\"@type\":\"ListItem\",\"position\":1,\"name\":\"Home\",\"item\":\"https:\\\/\\\/ranoja.ee\\\/\"},{\"@type\":\"ListItem\",\"position\":2,\"name\":\"Shop\",\"item\":\"https:\\\/\\\/ranoja.ee\\\/en\\\/shop\\\/\"},{\"@type\":\"ListItem\",\"position\":3,\"name\":\"ROCK p\u00f6\u00f6rdej\u00f5u v\u00f5imendi 9000 kg\"}]},{\"@type\":\"WebSite\",\"@id\":\"https:\\\/\\\/ranoja.ee\\\/#website\",\"url\":\"https:\\\/\\\/ranoja.ee\\\/\",\"name\":\"Ranoja\",\"description\":\"Equipment Shop WooCommerce WordPress Theme for Machine &amp; Tools\",\"publisher\":{\"@id\":\"https:\\\/\\\/ranoja.ee\\\/#organization\"},\"potentialAction\":[{\"@type\":\"SearchAction\",\"target\":{\"@type\":\"EntryPoint\",\"urlTemplate\":\"https:\\\/\\\/ranoja.ee\\\/?s={search_term_string}\"},\"query-input\":{\"@type\":\"PropertyValueSpecification\",\"valueRequired\":true,\"valueName\":\"search_term_string\"}}],\"inLanguage\":\"en-US\"},{\"@type\":\"Organization\",\"@id\":\"https:\\\/\\\/ranoja.ee\\\/#organization\",\"name\":\"Ranoja O\u00dc\",\"url\":\"https:\\\/\\\/ranoja.ee\\\/\",\"logo\":{\"@type\":\"ImageObject\",\"inLanguage\":\"en-US\",\"@id\":\"https:\\\/\\\/ranoja.ee\\\/#\\\/schema\\\/logo\\\/image\\\/\",\"url\":\"https:\\\/\\\/ranoja.ee\\\/wp-content\\\/uploads\\\/2023\\\/11\\\/ranoja-Logo.png\",\"contentUrl\":\"https:\\\/\\\/ranoja.ee\\\/wp-content\\\/uploads\\\/2023\\\/11\\\/ranoja-Logo.png\",\"width\":207,\"height\":58,\"caption\":\"Ranoja O\u00dc\"},\"image\":{\"@id\":\"https:\\\/\\\/ranoja.ee\\\/#\\\/schema\\\/logo\\\/image\\\/\"},\"sameAs\":[\"https:\\\/\\\/www.facebook.com\\\/ranoja.ee\",\"https:\\\/\\\/www.instagram.com\\\/ranoja__\\\/\"]}]}<\/script>\n<!-- \/ Yoast SEO plugin. -->","yoast_head_json":{"title":"ROCK p\u00f6\u00f6rdej\u00f5u v\u00f5imendi 9000 kg","description":"ROCK p\u00f6\u00f6rdej\u00f5u v\u00f5imendi 9000 kg P\u00f6\u00f6rdej\u00f5u v\u00f5imendi roll vintsi t\u00f6\u00f6s on kriitiline, sest just see m\u00e4\u00e4rab vintsi t\u00f5mbej\u00f5u, t\u00f6\u00f6kindluse ja koormustaluvuse.","robots":{"index":"index","follow":"follow","max-snippet":"max-snippet:-1","max-image-preview":"max-image-preview:large","max-video-preview":"max-video-preview:-1"},"canonical":"https:\/\/ranoja.ee\/toode\/rock-poordejou-voimendi-9000-kg-2\/","og_locale":"en_US","og_type":"article","og_title":"ROCK p\u00f6\u00f6rdej\u00f5u v\u00f5imendi 9000 kg","og_description":"ROCK p\u00f6\u00f6rdej\u00f5u v\u00f5imendi 9000 kg P\u00f6\u00f6rdej\u00f5u v\u00f5imendi roll vintsi t\u00f6\u00f6s on kriitiline, sest just see m\u00e4\u00e4rab vintsi t\u00f5mbej\u00f5u, t\u00f6\u00f6kindluse ja koormustaluvuse.","og_url":"https:\/\/ranoja.ee\/toode\/rock-poordejou-voimendi-9000-kg-2\/","og_site_name":"Ranoja","article_publisher":"https:\/\/www.facebook.com\/ranoja.ee","article_modified_time":"2026-01-12T13:48:35+00:00","og_image":[{"width":400,"height":300,"url":"https:\/\/ranoja.ee\/wp-content\/uploads\/2023\/08\/Rock-poordejou-voimendi-9000kgR.jpg","type":"image\/jpeg"}],"twitter_card":"summary_large_image","twitter_misc":{"Est. reading time":"1 minute"},"schema":{"@context":"https:\/\/schema.org","@graph":[{"@type":"WebPage","@id":"https:\/\/ranoja.ee\/toode\/rock-poordejou-voimendi-9000-kg-2\/","url":"https:\/\/ranoja.ee\/toode\/rock-poordejou-voimendi-9000-kg-2\/","name":"ROCK p\u00f6\u00f6rdej\u00f5u v\u00f5imendi 9000 kg","isPartOf":{"@id":"https:\/\/ranoja.ee\/#website"},"primaryImageOfPage":{"@id":"https:\/\/ranoja.ee\/toode\/rock-poordejou-voimendi-9000-kg-2\/#primaryimage"},"image":{"@id":"https:\/\/ranoja.ee\/toode\/rock-poordejou-voimendi-9000-kg-2\/#primaryimage"},"thumbnailUrl":"https:\/\/ranoja.ee\/wp-content\/uploads\/2023\/08\/Rock-poordejou-voimendi-9000kgR.jpg","datePublished":"2023-08-01T06:51:55+00:00","dateModified":"2026-01-12T13:48:35+00:00","description":"ROCK p\u00f6\u00f6rdej\u00f5u v\u00f5imendi 9000 kg P\u00f6\u00f6rdej\u00f5u v\u00f5imendi roll vintsi t\u00f6\u00f6s on kriitiline, sest just see m\u00e4\u00e4rab vintsi t\u00f5mbej\u00f5u, t\u00f6\u00f6kindluse ja koormustaluvuse.","breadcrumb":{"@id":"https:\/\/ranoja.ee\/toode\/rock-poordejou-voimendi-9000-kg-2\/#breadcrumb"},"inLanguage":"en-US","potentialAction":[{"@type":"ReadAction","target":["https:\/\/ranoja.ee\/toode\/rock-poordejou-voimendi-9000-kg-2\/"]}]},{"@type":"ImageObject","inLanguage":"en-US","@id":"https:\/\/ranoja.ee\/toode\/rock-poordejou-voimendi-9000-kg-2\/#primaryimage","url":"https:\/\/ranoja.ee\/wp-content\/uploads\/2023\/08\/Rock-poordejou-voimendi-9000kgR.jpg","contentUrl":"https:\/\/ranoja.ee\/wp-content\/uploads\/2023\/08\/Rock-poordejou-voimendi-9000kgR.jpg","width":400,"height":300},{"@type":"BreadcrumbList","@id":"https:\/\/ranoja.ee\/toode\/rock-poordejou-voimendi-9000-kg-2\/#breadcrumb","itemListElement":[{"@type":"ListItem","position":1,"name":"Home","item":"https:\/\/ranoja.ee\/"},{"@type":"ListItem","position":2,"name":"Shop","item":"https:\/\/ranoja.ee\/en\/shop\/"},{"@type":"ListItem","position":3,"name":"ROCK p\u00f6\u00f6rdej\u00f5u v\u00f5imendi 9000 kg"}]},{"@type":"WebSite","@id":"https:\/\/ranoja.ee\/#website","url":"https:\/\/ranoja.ee\/","name":"Ranoja","description":"Equipment Shop WooCommerce WordPress Theme for Machine &amp; Tools","publisher":{"@id":"https:\/\/ranoja.ee\/#organization"},"potentialAction":[{"@type":"SearchAction","target":{"@type":"EntryPoint","urlTemplate":"https:\/\/ranoja.ee\/?s={search_term_string}"},"query-input":{"@type":"PropertyValueSpecification","valueRequired":true,"valueName":"search_term_string"}}],"inLanguage":"en-US"},{"@type":"Organization","@id":"https:\/\/ranoja.ee\/#organization","name":"Ranoja O\u00dc","url":"https:\/\/ranoja.ee\/","logo":{"@type":"ImageObject","inLanguage":"en-US","@id":"https:\/\/ranoja.ee\/#\/schema\/logo\/image\/","url":"https:\/\/ranoja.ee\/wp-content\/uploads\/2023\/11\/ranoja-Logo.png","contentUrl":"https:\/\/ranoja.ee\/wp-content\/uploads\/2023\/11\/ranoja-Logo.png","width":207,"height":58,"caption":"Ranoja O\u00dc"},"image":{"@id":"https:\/\/ranoja.ee\/#\/schema\/logo\/image\/"},"sameAs":["https:\/\/www.facebook.com\/ranoja.ee","https:\/\/www.instagram.com\/ranoja__\/"]}]}},"_links":{"self":[{"href":"https:\/\/ranoja.ee\/en\/wp-json\/wp\/v2\/product\/5275","targetHints":{"allow":["GET"]}}],"collection":[{"href":"https:\/\/ranoja.ee\/en\/wp-json\/wp\/v2\/product"}],"about":[{"href":"https:\/\/ranoja.ee\/en\/wp-json\/wp\/v2\/types\/product"}],"wp:featuredmedia":[{"embeddable":true,"href":"https:\/\/ranoja.ee\/en\/wp-json\/wp\/v2\/media\/5276"}],"wp:attachment":[{"href":"https:\/\/ranoja.ee\/en\/wp-json\/wp\/v2\/media?parent=5275"}],"wp:term":[{"taxonomy":"product_cat","embeddable":true,"href":"https:\/\/ranoja.ee\/en\/wp-json\/wp\/v2\/product_cat?post=5275"},{"taxonomy":"product_tag","embeddable":true,"href":"https:\/\/ranoja.ee\/en\/wp-json\/wp\/v2\/product_tag?post=5275"}],"curies":[{"name":"wp","href":"https:\/\/api.w.org\/{rel}","templated":true}]}}