{"id":5191,"date":"2023-08-01T09:26:09","date_gmt":"2023-08-01T06:26:09","guid":{"rendered":"https:\/\/www.ranoja.ee\/?post_type=product&#038;p=5191"},"modified":"2026-01-15T11:55:49","modified_gmt":"2026-01-15T08:55:49","slug":"rock-elektrivints-12v-907-kg-atv-mini-luliti-kinnitus","status":"publish","type":"product","link":"https:\/\/ranoja.ee\/en\/toode\/rock-elektrivints-12v-907-kg-atv-mini-luliti-kinnitus\/","title":{"rendered":"ROCK elektrivints 12V 907 KG ATV-mini l\u00fcliti kinnitus"},"content":{"rendered":"<p>ROCK elektrivints 12V 907 KG ATV-mini l\u00fcliti kinnitus<\/p>\n<p>Rock 12 V elektrivintsid on m\u00f5eldud eelk\u00f5ige s\u00f5idukitele ja t\u00f6\u00f6olukordadesse, kus on vaja usaldusv\u00e4\u00e4rset ja j\u00f5ulist abivahendit raskete koormate liigutamiseks. Tegemist on 12-voldise toites\u00fcsteemiga t\u00f6\u00f6tavate vintsidega, mis kasutavad energiaallikana enamasti auto akut, mist\u00f5ttu sobivad need h\u00e4sti maastikus\u00f5idukitele, ATV-dele, paatide haagistele ja t\u00f6\u00f6autodele. Rocki elektrivintsid on tuntud oma praktilise ehituse ja hea hinna-kvaliteedi suhte poolest.<\/p>\n<p>\u00dcldiselt iseloomustab Rock 12 V elektrivintse tugev konstruktsioon, vastupidav mootor ja piisav t\u00f5mbej\u00f5ud, et tulla toime keerukates tingimustes. Vintsid on loodud taluma pori, niiskust ja tolmu, mis teeb need sobivaks kasutamiseks nii metsas, ehitusplatsil kui ka p\u00e4\u00e4stet\u00f6\u00f6del. Paljud mudelid on varustatud terastrossi v\u00f5i s\u00fcnteetilise k\u00f6iega, mille valik s\u00f5ltub kasutaja eelistustest ja t\u00f6\u00f6 iseloomust. S\u00fcnteetiline k\u00f6is on kergem ja ohutum, samas kui terastross paistab silma suure kulumiskindluse poolest.<\/p>\n<p>Rocki elektrivintside kasutusmugavust suurendavad kaugjuhtimispuldid, automaatsed piduris\u00fcsteemid ja lihtne paigaldus. Need omadused v\u00f5imaldavad vintsi kasutada ka \u00fcksinda ning v\u00e4hendavad t\u00f6\u00f6ga seotud riske. Samas tuleb arvestada, et pidev ja intensiivne kasutus n\u00f5uab head aku seisukorda ning regulaarset hooldust.<\/p>\n<p>ROCK elektrivints 12V 907 KG ATV-mini l\u00fcliti kinnitus<\/p>\n","protected":false},"excerpt":{"rendered":"<p>ROCK elektrivints 12V 907 KG ATV-mini l\u00fcliti kinnitus<br \/>\nM\u00f5\u00f5tmed: 285.5 x 113 x 107.5 mm<br \/>\nATV-mini l\u00fcliti: Kinnitus \u00f8 20 mm raami v\u00f5i toru k\u00fclge<br \/>\nPaigaldusplaadi m\u00f5\u00f5tmed\/paigaldusavad: 48 x 76 mm<br \/>\nT\u00fc\u00fcp: 907 kg<br \/>\nPinge: 12V<br \/>\nV\u00f5imsus: 1.4kW\/ 1.9hp<br \/>\n\u00dclekandearv: 153:1<br \/>\nTerastross: 15m x \u00f84mm<br \/>\nKonks: 3\/16&#8243;<br \/>\nKiire liinikiirus<br \/>\nMadal elektrivool, vool sisse\/v\u00e4lja<br \/>\nAutomaatpidur, spoolivabastus<br \/>\nKaal: 6.50 kg<br \/>\n<strong>Eeldatav tarneaeg 1-7 t\u00f6\u00f6p\u00e4eva<\/strong><br \/>\n<strong><span style=\"color: #339966;\">ANTUD TOOTEGA SAAB TUTVUDA MEIE PAIDE ESINDUSES KOHAPEAL!<\/span><\/strong><\/p>\n","protected":false},"featured_media":6419,"template":"","meta":{"inline_featured_image":false},"product_cat":[1116,1121],"product_tag":[971,3010,735,736,2886,732,734],"class_list":{"0":"post-5191","1":"product","2":"type-product","3":"status-publish","4":"has-post-thumbnail","6":"product_brand-rock","7":"product_cat-lisaseadmed-ehitusseadmed-led-lisatuled-cb-raadiod-lallar","8":"product_cat-vintsid","9":"product_tag-9201-10000-t","10":"product_tag-9201-10113","11":"product_tag-elektrimootoriga-vints","12":"product_tag-juhtmevaba-vints","13":"product_tag-rock-elektrivints-12v-907-kg-atv-mini-luliti-kinnitus","14":"product_tag-rock-vints","15":"product_tag-vints","17":"first","18":"instock","19":"taxable","20":"shipping-taxable","21":"purchasable","22":"product-type-simple"},"yoast_head":"<!-- This site is optimized with the Yoast SEO plugin v27.4 - https:\/\/yoast.com\/product\/yoast-seo-wordpress\/ -->\n<title>ROCK elektrivints 12V 907 KG ATV-mini l\u00fcliti kinnitus<\/title>\n<meta name=\"description\" content=\"ROCK elektrivints 12V 907 KG ATV-mini l\u00fcliti kinnitus Loodud taluma pori ja niiskust, mis teeb selle sobivaks kasutamiseks nii metsas kui ka p\u00e4\u00e4stet\u00f6\u00f6del.\" \/>\n<meta name=\"robots\" content=\"index, follow, max-snippet:-1, max-image-preview:large, max-video-preview:-1\" \/>\n<link rel=\"canonical\" href=\"https:\/\/ranoja.ee\/toode\/rock-elektrivints-12v-907-kg-atv-mini-luliti-kinnitus\/\" \/>\n<meta property=\"og:locale\" content=\"en_US\" \/>\n<meta property=\"og:type\" content=\"article\" \/>\n<meta property=\"og:title\" content=\"ROCK elektrivints 12V 907 KG ATV-mini l\u00fcliti kinnitus\" \/>\n<meta property=\"og:description\" content=\"ROCK elektrivints 12V 907 KG ATV-mini l\u00fcliti kinnitus Loodud taluma pori ja niiskust, mis teeb selle sobivaks kasutamiseks nii metsas kui ka p\u00e4\u00e4stet\u00f6\u00f6del.\" \/>\n<meta property=\"og:url\" content=\"https:\/\/ranoja.ee\/toode\/rock-elektrivints-12v-907-kg-atv-mini-luliti-kinnitus\/\" \/>\n<meta property=\"og:site_name\" content=\"Ranoja\" \/>\n<meta property=\"article:publisher\" content=\"https:\/\/www.facebook.com\/ranoja.ee\" \/>\n<meta property=\"article:modified_time\" content=\"2026-01-15T08:55:49+00:00\" \/>\n<meta property=\"og:image\" content=\"https:\/\/ranoja.ee\/wp-content\/uploads\/2023\/08\/9201-10000-T_001.jpg\" \/>\n\t<meta property=\"og:image:width\" content=\"400\" \/>\n\t<meta property=\"og:image:height\" content=\"300\" \/>\n\t<meta property=\"og:image:type\" content=\"image\/jpeg\" \/>\n<meta name=\"twitter:card\" content=\"summary_large_image\" \/>\n<meta name=\"twitter:label1\" content=\"Est. reading time\" \/>\n\t<meta name=\"twitter:data1\" content=\"2 minutes\" \/>\n<script type=\"application\/ld+json\" class=\"yoast-schema-graph\">{\"@context\":\"https:\\\/\\\/schema.org\",\"@graph\":[{\"@type\":\"WebPage\",\"@id\":\"https:\\\/\\\/ranoja.ee\\\/toode\\\/rock-elektrivints-12v-907-kg-atv-mini-luliti-kinnitus\\\/\",\"url\":\"https:\\\/\\\/ranoja.ee\\\/toode\\\/rock-elektrivints-12v-907-kg-atv-mini-luliti-kinnitus\\\/\",\"name\":\"ROCK elektrivints 12V 907 KG ATV-mini l\u00fcliti kinnitus\",\"isPartOf\":{\"@id\":\"https:\\\/\\\/ranoja.ee\\\/#website\"},\"primaryImageOfPage\":{\"@id\":\"https:\\\/\\\/ranoja.ee\\\/toode\\\/rock-elektrivints-12v-907-kg-atv-mini-luliti-kinnitus\\\/#primaryimage\"},\"image\":{\"@id\":\"https:\\\/\\\/ranoja.ee\\\/toode\\\/rock-elektrivints-12v-907-kg-atv-mini-luliti-kinnitus\\\/#primaryimage\"},\"thumbnailUrl\":\"https:\\\/\\\/ranoja.ee\\\/wp-content\\\/uploads\\\/2023\\\/08\\\/9201-10000-T_001.jpg\",\"datePublished\":\"2023-08-01T06:26:09+00:00\",\"dateModified\":\"2026-01-15T08:55:49+00:00\",\"description\":\"ROCK elektrivints 12V 907 KG ATV-mini l\u00fcliti kinnitus Loodud taluma pori ja niiskust, mis teeb selle sobivaks kasutamiseks nii metsas kui ka p\u00e4\u00e4stet\u00f6\u00f6del.\",\"breadcrumb\":{\"@id\":\"https:\\\/\\\/ranoja.ee\\\/toode\\\/rock-elektrivints-12v-907-kg-atv-mini-luliti-kinnitus\\\/#breadcrumb\"},\"inLanguage\":\"en-US\",\"potentialAction\":[{\"@type\":\"ReadAction\",\"target\":[\"https:\\\/\\\/ranoja.ee\\\/toode\\\/rock-elektrivints-12v-907-kg-atv-mini-luliti-kinnitus\\\/\"]}]},{\"@type\":\"ImageObject\",\"inLanguage\":\"en-US\",\"@id\":\"https:\\\/\\\/ranoja.ee\\\/toode\\\/rock-elektrivints-12v-907-kg-atv-mini-luliti-kinnitus\\\/#primaryimage\",\"url\":\"https:\\\/\\\/ranoja.ee\\\/wp-content\\\/uploads\\\/2023\\\/08\\\/9201-10000-T_001.jpg\",\"contentUrl\":\"https:\\\/\\\/ranoja.ee\\\/wp-content\\\/uploads\\\/2023\\\/08\\\/9201-10000-T_001.jpg\",\"width\":400,\"height\":300,\"caption\":\"ROCK Elektrivints 12V 907 KG (ATV-MINI L\u00dcLITI)\"},{\"@type\":\"BreadcrumbList\",\"@id\":\"https:\\\/\\\/ranoja.ee\\\/toode\\\/rock-elektrivints-12v-907-kg-atv-mini-luliti-kinnitus\\\/#breadcrumb\",\"itemListElement\":[{\"@type\":\"ListItem\",\"position\":1,\"name\":\"Home\",\"item\":\"https:\\\/\\\/ranoja.ee\\\/\"},{\"@type\":\"ListItem\",\"position\":2,\"name\":\"Shop\",\"item\":\"https:\\\/\\\/ranoja.ee\\\/en\\\/shop\\\/\"},{\"@type\":\"ListItem\",\"position\":3,\"name\":\"ROCK elektrivints 12V 907 KG ATV-mini l\u00fcliti kinnitus\"}]},{\"@type\":\"WebSite\",\"@id\":\"https:\\\/\\\/ranoja.ee\\\/#website\",\"url\":\"https:\\\/\\\/ranoja.ee\\\/\",\"name\":\"Ranoja\",\"description\":\"Equipment Shop WooCommerce WordPress Theme for Machine &amp; Tools\",\"publisher\":{\"@id\":\"https:\\\/\\\/ranoja.ee\\\/#organization\"},\"potentialAction\":[{\"@type\":\"SearchAction\",\"target\":{\"@type\":\"EntryPoint\",\"urlTemplate\":\"https:\\\/\\\/ranoja.ee\\\/?s={search_term_string}\"},\"query-input\":{\"@type\":\"PropertyValueSpecification\",\"valueRequired\":true,\"valueName\":\"search_term_string\"}}],\"inLanguage\":\"en-US\"},{\"@type\":\"Organization\",\"@id\":\"https:\\\/\\\/ranoja.ee\\\/#organization\",\"name\":\"Ranoja O\u00dc\",\"url\":\"https:\\\/\\\/ranoja.ee\\\/\",\"logo\":{\"@type\":\"ImageObject\",\"inLanguage\":\"en-US\",\"@id\":\"https:\\\/\\\/ranoja.ee\\\/#\\\/schema\\\/logo\\\/image\\\/\",\"url\":\"https:\\\/\\\/ranoja.ee\\\/wp-content\\\/uploads\\\/2023\\\/11\\\/ranoja-Logo.png\",\"contentUrl\":\"https:\\\/\\\/ranoja.ee\\\/wp-content\\\/uploads\\\/2023\\\/11\\\/ranoja-Logo.png\",\"width\":207,\"height\":58,\"caption\":\"Ranoja O\u00dc\"},\"image\":{\"@id\":\"https:\\\/\\\/ranoja.ee\\\/#\\\/schema\\\/logo\\\/image\\\/\"},\"sameAs\":[\"https:\\\/\\\/www.facebook.com\\\/ranoja.ee\",\"https:\\\/\\\/www.instagram.com\\\/ranoja__\\\/\"]}]}<\/script>\n<!-- \/ Yoast SEO plugin. -->","yoast_head_json":{"title":"ROCK elektrivints 12V 907 KG ATV-mini l\u00fcliti kinnitus","description":"ROCK elektrivints 12V 907 KG ATV-mini l\u00fcliti kinnitus Loodud taluma pori ja niiskust, mis teeb selle sobivaks kasutamiseks nii metsas kui ka p\u00e4\u00e4stet\u00f6\u00f6del.","robots":{"index":"index","follow":"follow","max-snippet":"max-snippet:-1","max-image-preview":"max-image-preview:large","max-video-preview":"max-video-preview:-1"},"canonical":"https:\/\/ranoja.ee\/toode\/rock-elektrivints-12v-907-kg-atv-mini-luliti-kinnitus\/","og_locale":"en_US","og_type":"article","og_title":"ROCK elektrivints 12V 907 KG ATV-mini l\u00fcliti kinnitus","og_description":"ROCK elektrivints 12V 907 KG ATV-mini l\u00fcliti kinnitus Loodud taluma pori ja niiskust, mis teeb selle sobivaks kasutamiseks nii metsas kui ka p\u00e4\u00e4stet\u00f6\u00f6del.","og_url":"https:\/\/ranoja.ee\/toode\/rock-elektrivints-12v-907-kg-atv-mini-luliti-kinnitus\/","og_site_name":"Ranoja","article_publisher":"https:\/\/www.facebook.com\/ranoja.ee","article_modified_time":"2026-01-15T08:55:49+00:00","og_image":[{"width":400,"height":300,"url":"https:\/\/ranoja.ee\/wp-content\/uploads\/2023\/08\/9201-10000-T_001.jpg","type":"image\/jpeg"}],"twitter_card":"summary_large_image","twitter_misc":{"Est. reading time":"2 minutes"},"schema":{"@context":"https:\/\/schema.org","@graph":[{"@type":"WebPage","@id":"https:\/\/ranoja.ee\/toode\/rock-elektrivints-12v-907-kg-atv-mini-luliti-kinnitus\/","url":"https:\/\/ranoja.ee\/toode\/rock-elektrivints-12v-907-kg-atv-mini-luliti-kinnitus\/","name":"ROCK elektrivints 12V 907 KG ATV-mini l\u00fcliti kinnitus","isPartOf":{"@id":"https:\/\/ranoja.ee\/#website"},"primaryImageOfPage":{"@id":"https:\/\/ranoja.ee\/toode\/rock-elektrivints-12v-907-kg-atv-mini-luliti-kinnitus\/#primaryimage"},"image":{"@id":"https:\/\/ranoja.ee\/toode\/rock-elektrivints-12v-907-kg-atv-mini-luliti-kinnitus\/#primaryimage"},"thumbnailUrl":"https:\/\/ranoja.ee\/wp-content\/uploads\/2023\/08\/9201-10000-T_001.jpg","datePublished":"2023-08-01T06:26:09+00:00","dateModified":"2026-01-15T08:55:49+00:00","description":"ROCK elektrivints 12V 907 KG ATV-mini l\u00fcliti kinnitus Loodud taluma pori ja niiskust, mis teeb selle sobivaks kasutamiseks nii metsas kui ka p\u00e4\u00e4stet\u00f6\u00f6del.","breadcrumb":{"@id":"https:\/\/ranoja.ee\/toode\/rock-elektrivints-12v-907-kg-atv-mini-luliti-kinnitus\/#breadcrumb"},"inLanguage":"en-US","potentialAction":[{"@type":"ReadAction","target":["https:\/\/ranoja.ee\/toode\/rock-elektrivints-12v-907-kg-atv-mini-luliti-kinnitus\/"]}]},{"@type":"ImageObject","inLanguage":"en-US","@id":"https:\/\/ranoja.ee\/toode\/rock-elektrivints-12v-907-kg-atv-mini-luliti-kinnitus\/#primaryimage","url":"https:\/\/ranoja.ee\/wp-content\/uploads\/2023\/08\/9201-10000-T_001.jpg","contentUrl":"https:\/\/ranoja.ee\/wp-content\/uploads\/2023\/08\/9201-10000-T_001.jpg","width":400,"height":300,"caption":"ROCK Elektrivints 12V 907 KG (ATV-MINI L\u00dcLITI)"},{"@type":"BreadcrumbList","@id":"https:\/\/ranoja.ee\/toode\/rock-elektrivints-12v-907-kg-atv-mini-luliti-kinnitus\/#breadcrumb","itemListElement":[{"@type":"ListItem","position":1,"name":"Home","item":"https:\/\/ranoja.ee\/"},{"@type":"ListItem","position":2,"name":"Shop","item":"https:\/\/ranoja.ee\/en\/shop\/"},{"@type":"ListItem","position":3,"name":"ROCK elektrivints 12V 907 KG ATV-mini l\u00fcliti kinnitus"}]},{"@type":"WebSite","@id":"https:\/\/ranoja.ee\/#website","url":"https:\/\/ranoja.ee\/","name":"Ranoja","description":"Equipment Shop WooCommerce WordPress Theme for Machine &amp; Tools","publisher":{"@id":"https:\/\/ranoja.ee\/#organization"},"potentialAction":[{"@type":"SearchAction","target":{"@type":"EntryPoint","urlTemplate":"https:\/\/ranoja.ee\/?s={search_term_string}"},"query-input":{"@type":"PropertyValueSpecification","valueRequired":true,"valueName":"search_term_string"}}],"inLanguage":"en-US"},{"@type":"Organization","@id":"https:\/\/ranoja.ee\/#organization","name":"Ranoja O\u00dc","url":"https:\/\/ranoja.ee\/","logo":{"@type":"ImageObject","inLanguage":"en-US","@id":"https:\/\/ranoja.ee\/#\/schema\/logo\/image\/","url":"https:\/\/ranoja.ee\/wp-content\/uploads\/2023\/11\/ranoja-Logo.png","contentUrl":"https:\/\/ranoja.ee\/wp-content\/uploads\/2023\/11\/ranoja-Logo.png","width":207,"height":58,"caption":"Ranoja O\u00dc"},"image":{"@id":"https:\/\/ranoja.ee\/#\/schema\/logo\/image\/"},"sameAs":["https:\/\/www.facebook.com\/ranoja.ee","https:\/\/www.instagram.com\/ranoja__\/"]}]}},"_links":{"self":[{"href":"https:\/\/ranoja.ee\/en\/wp-json\/wp\/v2\/product\/5191","targetHints":{"allow":["GET"]}}],"collection":[{"href":"https:\/\/ranoja.ee\/en\/wp-json\/wp\/v2\/product"}],"about":[{"href":"https:\/\/ranoja.ee\/en\/wp-json\/wp\/v2\/types\/product"}],"wp:featuredmedia":[{"embeddable":true,"href":"https:\/\/ranoja.ee\/en\/wp-json\/wp\/v2\/media\/6419"}],"wp:attachment":[{"href":"https:\/\/ranoja.ee\/en\/wp-json\/wp\/v2\/media?parent=5191"}],"wp:term":[{"taxonomy":"product_cat","embeddable":true,"href":"https:\/\/ranoja.ee\/en\/wp-json\/wp\/v2\/product_cat?post=5191"},{"taxonomy":"product_tag","embeddable":true,"href":"https:\/\/ranoja.ee\/en\/wp-json\/wp\/v2\/product_tag?post=5191"}],"curies":[{"name":"wp","href":"https:\/\/api.w.org\/{rel}","templated":true}]}}