{"id":51801,"date":"2026-03-09T22:46:29","date_gmt":"2026-03-09T19:46:29","guid":{"rendered":"https:\/\/ranoja.ee\/toode\/air-filter-base-mitsubishi-tb50\/"},"modified":"2026-03-18T11:59:11","modified_gmt":"2026-03-18T08:59:11","slug":"ohufiltri-alus-mitsubishi-tb50","status":"publish","type":"product","link":"https:\/\/ranoja.ee\/en\/toode\/ohufiltri-alus-mitsubishi-tb50\/","title":{"rendered":"\u00d5hufiltri alus Mitsubishi TB50"},"content":{"rendered":"<p>\u00d5hufiltri alus Mitsubishi TB50<\/p>\n<p>\u00d5hufiltri alus on oluline komponent v\u00e4ikemootoritega seadmetes, nagu muruniidukid, trimmerid, mootorsaed ja generaatorid. Selle peamine \u00fclesanne on toimida \u00f5hufiltri kinnitusalusena ning tagada filtri kindel ja korrektne paigutus mootori juures. \u00d5hufiltri alus \u00fchendab filtri karburaatori v\u00f5i sisselaskes\u00fcsteemiga, v\u00f5imaldades puhastatud \u00f5hul sujuvalt mootorisse liikuda.<\/p>\n<p>Tavaliselt on \u00f5hufiltri alus valmistatud vastupidavast plastikust v\u00f5i metallist, mis talub h\u00e4sti vibratsiooni, temperatuuri muutusi ja mehaanilist koormust. Selle konstruktsioon on t\u00e4pselt sobitatud konkreetse seadme ja mootori mudeliga, et tagada tihe \u00fchendus ning v\u00e4ltida \u00f5hulekkeid. Kui alus ei ole korralikult paigaldatud v\u00f5i on kahjustunud, v\u00f5ib mustus p\u00e4\u00e4seda filtrist m\u00f6\u00f6da otse mootorisse, mis v\u00f5ib p\u00f5hjustada kulumist ja rikkeid.<\/p>\n<p>Lisaks filtri hoidmisele aitab \u00f5hufiltri alus suunata \u00f5hu \u00f5igesse kanalisse, et tagada mootori jaoks optimaalne \u00f5huvool. M\u00f5nel juhul on alusel ka tihendid v\u00f5i \u00fchenduskohad, mis aitavad parandada s\u00fcsteemi hermeetilisust ja t\u00f6\u00f6kindlust.<\/p>\n<p>\u00d5hufiltri alus m\u00e4ngib olulist rolli kogu \u00f5hufiltris\u00fcsteemi toimimises. Korralikult t\u00f6\u00f6tav alus tagab, et filter t\u00e4idab oma \u00fclesannet t\u00f5husalt ning mootor saab puhta \u00f5hu, mis on vajalik sujuvaks ja efektiivseks t\u00f6\u00f6ks. Seet\u00f5ttu on oluline hoida see detail heas seisukorras ning vajadusel see \u00f5igeaegselt v\u00e4lja vahetada.<\/p>\n<p>\u00d5hufiltri alus Mitsubishi TB50<\/p>\n","protected":false},"excerpt":{"rendered":"<p>\u00d5hufiltri alus Mitsubishi TB50<\/p>\n<table class=\"cedrus-specs\">\n<tbody>\n<tr>\n<td>Catalog Number<\/td>\n<td>KA01090AB<\/td>\n<\/tr>\n<tr>\n<td>EAN<\/td>\n<td>5906434180194<\/td>\n<\/tr>\n<tr>\n<td>Package Length<\/td>\n<td>93<\/td>\n<\/tr>\n<tr>\n<td>Package Width<\/td>\n<td>86<\/td>\n<\/tr>\n<tr>\n<td>Package Height<\/td>\n<td>40<\/td>\n<\/tr>\n<tr>\n<td>Weight<\/td>\n<td>0.040 Kg<\/td>\n<\/tr>\n<\/tbody>\n<\/table>\n","protected":false},"featured_media":51802,"template":"","meta":{"inline_featured_image":false},"product_cat":[1125,1123],"product_tag":[5696,1212,4792,5693,5672,1217,5695,5694,5692,1221],"class_list":{"0":"post-51801","1":"product","2":"type-product","3":"status-publish","4":"has-post-thumbnail","6":"product_cat-filtrid","7":"product_cat-varuosad","8":"product_tag-alus","9":"product_tag-filter","10":"product_tag-filtrid","11":"product_tag-ka01090ab","12":"product_tag-mitsubishi-tb50","13":"product_tag-ohufilter","14":"product_tag-ohufiltri-alus","15":"product_tag-ohufiltri-alus-mitsubishi-tb50","16":"product_tag-tb50","17":"product_tag-varuosad","19":"first","20":"instock","21":"taxable","22":"shipping-taxable","23":"purchasable","24":"product-type-simple"},"yoast_head":"<!-- This site is optimized with the Yoast SEO plugin v27.4 - https:\/\/yoast.com\/product\/yoast-seo-wordpress\/ -->\n<title>\u00d5hufiltri alus Mitsubishi TB50<\/title>\n<meta name=\"description\" content=\"\u00d5hufiltri alus Mitsubishi TB50 Selle peamine \u00fclesanne on toimida \u00f5hufiltri kinnitusalusena ning tagada filtri kindel ja korrektne paigutus mootori juures.\" \/>\n<meta name=\"robots\" content=\"index, follow, max-snippet:-1, max-image-preview:large, max-video-preview:-1\" \/>\n<link rel=\"canonical\" href=\"https:\/\/ranoja.ee\/toode\/ohufiltri-alus-mitsubishi-tb50\/\" \/>\n<meta property=\"og:locale\" content=\"en_US\" \/>\n<meta property=\"og:type\" content=\"article\" \/>\n<meta property=\"og:title\" content=\"\u00d5hufiltri alus Mitsubishi TB50\" \/>\n<meta property=\"og:description\" content=\"\u00d5hufiltri alus Mitsubishi TB50 Selle peamine \u00fclesanne on toimida \u00f5hufiltri kinnitusalusena ning tagada filtri kindel ja korrektne paigutus mootori juures.\" \/>\n<meta property=\"og:url\" content=\"https:\/\/ranoja.ee\/toode\/ohufiltri-alus-mitsubishi-tb50\/\" \/>\n<meta property=\"og:site_name\" content=\"Ranoja\" \/>\n<meta property=\"article:publisher\" content=\"https:\/\/www.facebook.com\/ranoja.ee\" \/>\n<meta property=\"article:modified_time\" content=\"2026-03-18T08:59:11+00:00\" \/>\n<meta property=\"og:image\" content=\"https:\/\/ranoja.ee\/wp-content\/uploads\/2026\/03\/KA01090AB_01.jpg\" \/>\n\t<meta property=\"og:image:width\" content=\"1200\" \/>\n\t<meta property=\"og:image:height\" content=\"1200\" \/>\n\t<meta property=\"og:image:type\" content=\"image\/jpeg\" \/>\n<meta name=\"twitter:card\" content=\"summary_large_image\" \/>\n<meta name=\"twitter:label1\" content=\"Est. reading time\" \/>\n\t<meta name=\"twitter:data1\" content=\"1 minute\" \/>\n<script type=\"application\/ld+json\" class=\"yoast-schema-graph\">{\"@context\":\"https:\\\/\\\/schema.org\",\"@graph\":[{\"@type\":\"WebPage\",\"@id\":\"https:\\\/\\\/ranoja.ee\\\/toode\\\/ohufiltri-alus-mitsubishi-tb50\\\/\",\"url\":\"https:\\\/\\\/ranoja.ee\\\/toode\\\/ohufiltri-alus-mitsubishi-tb50\\\/\",\"name\":\"\u00d5hufiltri alus Mitsubishi TB50\",\"isPartOf\":{\"@id\":\"https:\\\/\\\/ranoja.ee\\\/#website\"},\"primaryImageOfPage\":{\"@id\":\"https:\\\/\\\/ranoja.ee\\\/toode\\\/ohufiltri-alus-mitsubishi-tb50\\\/#primaryimage\"},\"image\":{\"@id\":\"https:\\\/\\\/ranoja.ee\\\/toode\\\/ohufiltri-alus-mitsubishi-tb50\\\/#primaryimage\"},\"thumbnailUrl\":\"https:\\\/\\\/ranoja.ee\\\/wp-content\\\/uploads\\\/2026\\\/03\\\/KA01090AB_01.jpg\",\"datePublished\":\"2026-03-09T19:46:29+00:00\",\"dateModified\":\"2026-03-18T08:59:11+00:00\",\"description\":\"\u00d5hufiltri alus Mitsubishi TB50 Selle peamine \u00fclesanne on toimida \u00f5hufiltri kinnitusalusena ning tagada filtri kindel ja korrektne paigutus mootori juures.\",\"breadcrumb\":{\"@id\":\"https:\\\/\\\/ranoja.ee\\\/toode\\\/ohufiltri-alus-mitsubishi-tb50\\\/#breadcrumb\"},\"inLanguage\":\"en-US\",\"potentialAction\":[{\"@type\":\"ReadAction\",\"target\":[\"https:\\\/\\\/ranoja.ee\\\/toode\\\/ohufiltri-alus-mitsubishi-tb50\\\/\"]}]},{\"@type\":\"ImageObject\",\"inLanguage\":\"en-US\",\"@id\":\"https:\\\/\\\/ranoja.ee\\\/toode\\\/ohufiltri-alus-mitsubishi-tb50\\\/#primaryimage\",\"url\":\"https:\\\/\\\/ranoja.ee\\\/wp-content\\\/uploads\\\/2026\\\/03\\\/KA01090AB_01.jpg\",\"contentUrl\":\"https:\\\/\\\/ranoja.ee\\\/wp-content\\\/uploads\\\/2026\\\/03\\\/KA01090AB_01.jpg\",\"width\":1200,\"height\":1200,\"caption\":\"\u00d5hufiltri alus Mitsubishi TB50\"},{\"@type\":\"BreadcrumbList\",\"@id\":\"https:\\\/\\\/ranoja.ee\\\/toode\\\/ohufiltri-alus-mitsubishi-tb50\\\/#breadcrumb\",\"itemListElement\":[{\"@type\":\"ListItem\",\"position\":1,\"name\":\"Home\",\"item\":\"https:\\\/\\\/ranoja.ee\\\/\"},{\"@type\":\"ListItem\",\"position\":2,\"name\":\"Shop\",\"item\":\"https:\\\/\\\/ranoja.ee\\\/en\\\/shop\\\/\"},{\"@type\":\"ListItem\",\"position\":3,\"name\":\"\u00d5hufiltri alus Mitsubishi TB50\"}]},{\"@type\":\"WebSite\",\"@id\":\"https:\\\/\\\/ranoja.ee\\\/#website\",\"url\":\"https:\\\/\\\/ranoja.ee\\\/\",\"name\":\"Ranoja\",\"description\":\"Equipment Shop WooCommerce WordPress Theme for Machine &amp; Tools\",\"publisher\":{\"@id\":\"https:\\\/\\\/ranoja.ee\\\/#organization\"},\"potentialAction\":[{\"@type\":\"SearchAction\",\"target\":{\"@type\":\"EntryPoint\",\"urlTemplate\":\"https:\\\/\\\/ranoja.ee\\\/?s={search_term_string}\"},\"query-input\":{\"@type\":\"PropertyValueSpecification\",\"valueRequired\":true,\"valueName\":\"search_term_string\"}}],\"inLanguage\":\"en-US\"},{\"@type\":\"Organization\",\"@id\":\"https:\\\/\\\/ranoja.ee\\\/#organization\",\"name\":\"Ranoja O\u00dc\",\"url\":\"https:\\\/\\\/ranoja.ee\\\/\",\"logo\":{\"@type\":\"ImageObject\",\"inLanguage\":\"en-US\",\"@id\":\"https:\\\/\\\/ranoja.ee\\\/#\\\/schema\\\/logo\\\/image\\\/\",\"url\":\"https:\\\/\\\/ranoja.ee\\\/wp-content\\\/uploads\\\/2023\\\/11\\\/ranoja-Logo.png\",\"contentUrl\":\"https:\\\/\\\/ranoja.ee\\\/wp-content\\\/uploads\\\/2023\\\/11\\\/ranoja-Logo.png\",\"width\":207,\"height\":58,\"caption\":\"Ranoja O\u00dc\"},\"image\":{\"@id\":\"https:\\\/\\\/ranoja.ee\\\/#\\\/schema\\\/logo\\\/image\\\/\"},\"sameAs\":[\"https:\\\/\\\/www.facebook.com\\\/ranoja.ee\",\"https:\\\/\\\/www.instagram.com\\\/ranoja__\\\/\"]}]}<\/script>\n<!-- \/ Yoast SEO plugin. -->","yoast_head_json":{"title":"\u00d5hufiltri alus Mitsubishi TB50","description":"\u00d5hufiltri alus Mitsubishi TB50 Selle peamine \u00fclesanne on toimida \u00f5hufiltri kinnitusalusena ning tagada filtri kindel ja korrektne paigutus mootori juures.","robots":{"index":"index","follow":"follow","max-snippet":"max-snippet:-1","max-image-preview":"max-image-preview:large","max-video-preview":"max-video-preview:-1"},"canonical":"https:\/\/ranoja.ee\/toode\/ohufiltri-alus-mitsubishi-tb50\/","og_locale":"en_US","og_type":"article","og_title":"\u00d5hufiltri alus Mitsubishi TB50","og_description":"\u00d5hufiltri alus Mitsubishi TB50 Selle peamine \u00fclesanne on toimida \u00f5hufiltri kinnitusalusena ning tagada filtri kindel ja korrektne paigutus mootori juures.","og_url":"https:\/\/ranoja.ee\/toode\/ohufiltri-alus-mitsubishi-tb50\/","og_site_name":"Ranoja","article_publisher":"https:\/\/www.facebook.com\/ranoja.ee","article_modified_time":"2026-03-18T08:59:11+00:00","og_image":[{"width":1200,"height":1200,"url":"https:\/\/ranoja.ee\/wp-content\/uploads\/2026\/03\/KA01090AB_01.jpg","type":"image\/jpeg"}],"twitter_card":"summary_large_image","twitter_misc":{"Est. reading time":"1 minute"},"schema":{"@context":"https:\/\/schema.org","@graph":[{"@type":"WebPage","@id":"https:\/\/ranoja.ee\/toode\/ohufiltri-alus-mitsubishi-tb50\/","url":"https:\/\/ranoja.ee\/toode\/ohufiltri-alus-mitsubishi-tb50\/","name":"\u00d5hufiltri alus Mitsubishi TB50","isPartOf":{"@id":"https:\/\/ranoja.ee\/#website"},"primaryImageOfPage":{"@id":"https:\/\/ranoja.ee\/toode\/ohufiltri-alus-mitsubishi-tb50\/#primaryimage"},"image":{"@id":"https:\/\/ranoja.ee\/toode\/ohufiltri-alus-mitsubishi-tb50\/#primaryimage"},"thumbnailUrl":"https:\/\/ranoja.ee\/wp-content\/uploads\/2026\/03\/KA01090AB_01.jpg","datePublished":"2026-03-09T19:46:29+00:00","dateModified":"2026-03-18T08:59:11+00:00","description":"\u00d5hufiltri alus Mitsubishi TB50 Selle peamine \u00fclesanne on toimida \u00f5hufiltri kinnitusalusena ning tagada filtri kindel ja korrektne paigutus mootori juures.","breadcrumb":{"@id":"https:\/\/ranoja.ee\/toode\/ohufiltri-alus-mitsubishi-tb50\/#breadcrumb"},"inLanguage":"en-US","potentialAction":[{"@type":"ReadAction","target":["https:\/\/ranoja.ee\/toode\/ohufiltri-alus-mitsubishi-tb50\/"]}]},{"@type":"ImageObject","inLanguage":"en-US","@id":"https:\/\/ranoja.ee\/toode\/ohufiltri-alus-mitsubishi-tb50\/#primaryimage","url":"https:\/\/ranoja.ee\/wp-content\/uploads\/2026\/03\/KA01090AB_01.jpg","contentUrl":"https:\/\/ranoja.ee\/wp-content\/uploads\/2026\/03\/KA01090AB_01.jpg","width":1200,"height":1200,"caption":"\u00d5hufiltri alus Mitsubishi TB50"},{"@type":"BreadcrumbList","@id":"https:\/\/ranoja.ee\/toode\/ohufiltri-alus-mitsubishi-tb50\/#breadcrumb","itemListElement":[{"@type":"ListItem","position":1,"name":"Home","item":"https:\/\/ranoja.ee\/"},{"@type":"ListItem","position":2,"name":"Shop","item":"https:\/\/ranoja.ee\/en\/shop\/"},{"@type":"ListItem","position":3,"name":"\u00d5hufiltri alus Mitsubishi TB50"}]},{"@type":"WebSite","@id":"https:\/\/ranoja.ee\/#website","url":"https:\/\/ranoja.ee\/","name":"Ranoja","description":"Equipment Shop WooCommerce WordPress Theme for Machine &amp; Tools","publisher":{"@id":"https:\/\/ranoja.ee\/#organization"},"potentialAction":[{"@type":"SearchAction","target":{"@type":"EntryPoint","urlTemplate":"https:\/\/ranoja.ee\/?s={search_term_string}"},"query-input":{"@type":"PropertyValueSpecification","valueRequired":true,"valueName":"search_term_string"}}],"inLanguage":"en-US"},{"@type":"Organization","@id":"https:\/\/ranoja.ee\/#organization","name":"Ranoja O\u00dc","url":"https:\/\/ranoja.ee\/","logo":{"@type":"ImageObject","inLanguage":"en-US","@id":"https:\/\/ranoja.ee\/#\/schema\/logo\/image\/","url":"https:\/\/ranoja.ee\/wp-content\/uploads\/2023\/11\/ranoja-Logo.png","contentUrl":"https:\/\/ranoja.ee\/wp-content\/uploads\/2023\/11\/ranoja-Logo.png","width":207,"height":58,"caption":"Ranoja O\u00dc"},"image":{"@id":"https:\/\/ranoja.ee\/#\/schema\/logo\/image\/"},"sameAs":["https:\/\/www.facebook.com\/ranoja.ee","https:\/\/www.instagram.com\/ranoja__\/"]}]}},"_links":{"self":[{"href":"https:\/\/ranoja.ee\/en\/wp-json\/wp\/v2\/product\/51801","targetHints":{"allow":["GET"]}}],"collection":[{"href":"https:\/\/ranoja.ee\/en\/wp-json\/wp\/v2\/product"}],"about":[{"href":"https:\/\/ranoja.ee\/en\/wp-json\/wp\/v2\/types\/product"}],"wp:featuredmedia":[{"embeddable":true,"href":"https:\/\/ranoja.ee\/en\/wp-json\/wp\/v2\/media\/51802"}],"wp:attachment":[{"href":"https:\/\/ranoja.ee\/en\/wp-json\/wp\/v2\/media?parent=51801"}],"wp:term":[{"taxonomy":"product_cat","embeddable":true,"href":"https:\/\/ranoja.ee\/en\/wp-json\/wp\/v2\/product_cat?post=51801"},{"taxonomy":"product_tag","embeddable":true,"href":"https:\/\/ranoja.ee\/en\/wp-json\/wp\/v2\/product_tag?post=51801"}],"curies":[{"name":"wp","href":"https:\/\/api.w.org\/{rel}","templated":true}]}}