{"id":5180,"date":"2023-08-01T09:24:16","date_gmt":"2023-08-01T06:24:16","guid":{"rendered":"https:\/\/www.ranoja.ee\/?post_type=product&#038;p=5180"},"modified":"2026-01-06T16:12:46","modified_gmt":"2026-01-06T13:12:46","slug":"rock-elektrivints-12v-907-kg-juhtmevaba-puldiga","status":"publish","type":"product","link":"https:\/\/ranoja.ee\/en\/toode\/rock-elektrivints-12v-907-kg-juhtmevaba-puldiga\/","title":{"rendered":"Rock elektrivints 12V 907 KG juhtmevaba puldiga"},"content":{"rendered":"<p>Rock elektrivints 12V 907 KG juhtmevaba puldiga<\/p>\n<p>Rock 12 V elektrivintsid on m\u00f5eldud eelk\u00f5ige s\u00f5idukitele ja t\u00f6\u00f6olukordadesse, kus on vaja usaldusv\u00e4\u00e4rset ja j\u00f5ulist abivahendit raskete koormate liigutamiseks. Tegemist on 12-voldise toites\u00fcsteemiga t\u00f6\u00f6tavate vintsidega, mis kasutavad energiaallikana enamasti auto akut, mist\u00f5ttu sobivad need h\u00e4sti maastikus\u00f5idukitele, ATV-dele, paatide haagistele ja t\u00f6\u00f6autodele. Rocki elektrivintsid on tuntud oma praktilise ehituse ja hea hinna-kvaliteedi suhte poolest.<\/p>\n<p>\u00dcldiselt iseloomustab Rock 12 V elektrivintse tugev konstruktsioon, vastupidav mootor ja piisav t\u00f5mbej\u00f5ud, et tulla toime keerukates tingimustes. Vintsid on loodud taluma pori, niiskust ja tolmu, mis teeb need sobivaks kasutamiseks nii metsas, ehitusplatsil kui ka p\u00e4\u00e4stet\u00f6\u00f6del. Paljud mudelid on varustatud terastrossi v\u00f5i s\u00fcnteetilise k\u00f6iega, mille valik s\u00f5ltub kasutaja eelistustest ja t\u00f6\u00f6 iseloomust. S\u00fcnteetiline k\u00f6is on kergem ja ohutum, samas kui terastross paistab silma suure kulumiskindluse poolest.<\/p>\n<p>Rocki elektrivintside kasutusmugavust suurendavad kaugjuhtimispuldid, automaatsed piduris\u00fcsteemid ja lihtne paigaldus. Need omadused v\u00f5imaldavad vintsi kasutada ka \u00fcksinda ning v\u00e4hendavad t\u00f6\u00f6ga seotud riske. Samas tuleb arvestada, et pidev ja intensiivne kasutus n\u00f5uab head aku seisukorda ning regulaarset hooldust.<\/p>\n<p>Rock elektrivints 12V 907 KG juhtmevaba puldiga<\/p>\n","protected":false},"excerpt":{"rendered":"<p>Rock elektrivints 12V 907 KG juhtmevaba puldiga<br \/>\nM\u00f5\u00f5tmed: 285.50 x 113 x 107.50 mm<br \/>\nT\u00fc\u00fcp: 907 kg<br \/>\nPinge: 12V<br \/>\nV\u00f5imsus: 1.4kW\/ 1.9hp<br \/>\nTerastross 15m x \u00f8 4mm<br \/>\nKonks 3\/16&#8243;<br \/>\nKiire liinikiirus<br \/>\nMadal elektrivool, vool sisse\/v\u00e4lja<br \/>\nAutomaatpidur, spoolivabastus<br \/>\n\u00dclekandearv 153:1<br \/>\nPaigaldusplaadi m\u00f5\u00f5tmed\/paigaldusavad: 48 x 76 mm<br \/>\nIP klassifikatsioon: IP65<br \/>\nSertifikaadid: CE<br \/>\nKaal: 6.50kg<br \/>\nGarantii 1 aasta (eraisikule 2 aastat)<br \/>\n<strong><span style=\"color: #339966;\">ANTUD TOOTEGA SAAB TUTVUDA MEIE PAIDE ESINDUSES KOHAPEAL!<\/span><\/strong><\/p>\n","protected":false},"featured_media":6422,"template":"","meta":{"inline_featured_image":false},"product_cat":[1116,1121],"product_tag":[961,733,736,2885,732,734],"class_list":{"0":"post-5180","1":"product","2":"type-product","3":"status-publish","4":"has-post-thumbnail","6":"product_brand-rock","7":"product_cat-lisaseadmed-ehitusseadmed-led-lisatuled-cb-raadiod-lallar","8":"product_cat-vintsid","9":"product_tag-9201-10000-l","10":"product_tag-elektrivints","11":"product_tag-juhtmevaba-vints","12":"product_tag-rock-elektrivints-12v-907-kg-juhtmevaba-puldiga","13":"product_tag-rock-vints","14":"product_tag-vints","16":"first","17":"instock","18":"taxable","19":"shipping-taxable","20":"purchasable","21":"product-type-simple"},"yoast_head":"<!-- This site is optimized with the Yoast SEO plugin v27.4 - https:\/\/yoast.com\/product\/yoast-seo-wordpress\/ -->\n<title>Rock elektrivints 12V 907 KG juhtmevaba puldiga<\/title>\n<meta name=\"description\" content=\"Rock elektrivints 12V 907 KG juhtmevaba puldiga Loodud taluma pori, niiskust ja tolmu, mis teeb need sobivaks kasutamiseks nii metsas kui ka p\u00e4\u00e4stet\u00f6\u00f6del.\" \/>\n<meta name=\"robots\" content=\"index, follow, max-snippet:-1, max-image-preview:large, max-video-preview:-1\" \/>\n<link rel=\"canonical\" href=\"https:\/\/ranoja.ee\/toode\/rock-elektrivints-12v-907-kg-juhtmevaba-puldiga\/\" \/>\n<meta property=\"og:locale\" content=\"en_US\" \/>\n<meta property=\"og:type\" content=\"article\" \/>\n<meta property=\"og:title\" content=\"Rock elektrivints 12V 907 KG juhtmevaba puldiga\" \/>\n<meta property=\"og:description\" content=\"Rock elektrivints 12V 907 KG juhtmevaba puldiga Loodud taluma pori, niiskust ja tolmu, mis teeb need sobivaks kasutamiseks nii metsas kui ka p\u00e4\u00e4stet\u00f6\u00f6del.\" \/>\n<meta property=\"og:url\" content=\"https:\/\/ranoja.ee\/toode\/rock-elektrivints-12v-907-kg-juhtmevaba-puldiga\/\" \/>\n<meta property=\"og:site_name\" content=\"Ranoja\" \/>\n<meta property=\"article:publisher\" content=\"https:\/\/www.facebook.com\/ranoja.ee\" \/>\n<meta property=\"article:modified_time\" content=\"2026-01-06T13:12:46+00:00\" \/>\n<meta property=\"og:image\" content=\"https:\/\/ranoja.ee\/wp-content\/uploads\/2023\/08\/9201-10000-L.jpg\" \/>\n\t<meta property=\"og:image:width\" content=\"400\" \/>\n\t<meta property=\"og:image:height\" content=\"300\" \/>\n\t<meta property=\"og:image:type\" content=\"image\/jpeg\" \/>\n<meta name=\"twitter:card\" content=\"summary_large_image\" \/>\n<meta name=\"twitter:label1\" content=\"Est. reading time\" \/>\n\t<meta name=\"twitter:data1\" content=\"2 minutes\" \/>\n<script type=\"application\/ld+json\" class=\"yoast-schema-graph\">{\"@context\":\"https:\\\/\\\/schema.org\",\"@graph\":[{\"@type\":\"WebPage\",\"@id\":\"https:\\\/\\\/ranoja.ee\\\/toode\\\/rock-elektrivints-12v-907-kg-juhtmevaba-puldiga\\\/\",\"url\":\"https:\\\/\\\/ranoja.ee\\\/toode\\\/rock-elektrivints-12v-907-kg-juhtmevaba-puldiga\\\/\",\"name\":\"Rock elektrivints 12V 907 KG juhtmevaba puldiga\",\"isPartOf\":{\"@id\":\"https:\\\/\\\/ranoja.ee\\\/#website\"},\"primaryImageOfPage\":{\"@id\":\"https:\\\/\\\/ranoja.ee\\\/toode\\\/rock-elektrivints-12v-907-kg-juhtmevaba-puldiga\\\/#primaryimage\"},\"image\":{\"@id\":\"https:\\\/\\\/ranoja.ee\\\/toode\\\/rock-elektrivints-12v-907-kg-juhtmevaba-puldiga\\\/#primaryimage\"},\"thumbnailUrl\":\"https:\\\/\\\/ranoja.ee\\\/wp-content\\\/uploads\\\/2023\\\/08\\\/9201-10000-L.jpg\",\"datePublished\":\"2023-08-01T06:24:16+00:00\",\"dateModified\":\"2026-01-06T13:12:46+00:00\",\"description\":\"Rock elektrivints 12V 907 KG juhtmevaba puldiga Loodud taluma pori, niiskust ja tolmu, mis teeb need sobivaks kasutamiseks nii metsas kui ka p\u00e4\u00e4stet\u00f6\u00f6del.\",\"breadcrumb\":{\"@id\":\"https:\\\/\\\/ranoja.ee\\\/toode\\\/rock-elektrivints-12v-907-kg-juhtmevaba-puldiga\\\/#breadcrumb\"},\"inLanguage\":\"en-US\",\"potentialAction\":[{\"@type\":\"ReadAction\",\"target\":[\"https:\\\/\\\/ranoja.ee\\\/toode\\\/rock-elektrivints-12v-907-kg-juhtmevaba-puldiga\\\/\"]}]},{\"@type\":\"ImageObject\",\"inLanguage\":\"en-US\",\"@id\":\"https:\\\/\\\/ranoja.ee\\\/toode\\\/rock-elektrivints-12v-907-kg-juhtmevaba-puldiga\\\/#primaryimage\",\"url\":\"https:\\\/\\\/ranoja.ee\\\/wp-content\\\/uploads\\\/2023\\\/08\\\/9201-10000-L.jpg\",\"contentUrl\":\"https:\\\/\\\/ranoja.ee\\\/wp-content\\\/uploads\\\/2023\\\/08\\\/9201-10000-L.jpg\",\"width\":400,\"height\":300,\"caption\":\"elektriline vints\"},{\"@type\":\"BreadcrumbList\",\"@id\":\"https:\\\/\\\/ranoja.ee\\\/toode\\\/rock-elektrivints-12v-907-kg-juhtmevaba-puldiga\\\/#breadcrumb\",\"itemListElement\":[{\"@type\":\"ListItem\",\"position\":1,\"name\":\"Home\",\"item\":\"https:\\\/\\\/ranoja.ee\\\/\"},{\"@type\":\"ListItem\",\"position\":2,\"name\":\"Shop\",\"item\":\"https:\\\/\\\/ranoja.ee\\\/en\\\/shop\\\/\"},{\"@type\":\"ListItem\",\"position\":3,\"name\":\"Rock elektrivints 12V 907 KG juhtmevaba puldiga\"}]},{\"@type\":\"WebSite\",\"@id\":\"https:\\\/\\\/ranoja.ee\\\/#website\",\"url\":\"https:\\\/\\\/ranoja.ee\\\/\",\"name\":\"Ranoja\",\"description\":\"Equipment Shop WooCommerce WordPress Theme for Machine &amp; Tools\",\"publisher\":{\"@id\":\"https:\\\/\\\/ranoja.ee\\\/#organization\"},\"potentialAction\":[{\"@type\":\"SearchAction\",\"target\":{\"@type\":\"EntryPoint\",\"urlTemplate\":\"https:\\\/\\\/ranoja.ee\\\/?s={search_term_string}\"},\"query-input\":{\"@type\":\"PropertyValueSpecification\",\"valueRequired\":true,\"valueName\":\"search_term_string\"}}],\"inLanguage\":\"en-US\"},{\"@type\":\"Organization\",\"@id\":\"https:\\\/\\\/ranoja.ee\\\/#organization\",\"name\":\"Ranoja O\u00dc\",\"url\":\"https:\\\/\\\/ranoja.ee\\\/\",\"logo\":{\"@type\":\"ImageObject\",\"inLanguage\":\"en-US\",\"@id\":\"https:\\\/\\\/ranoja.ee\\\/#\\\/schema\\\/logo\\\/image\\\/\",\"url\":\"https:\\\/\\\/ranoja.ee\\\/wp-content\\\/uploads\\\/2023\\\/11\\\/ranoja-Logo.png\",\"contentUrl\":\"https:\\\/\\\/ranoja.ee\\\/wp-content\\\/uploads\\\/2023\\\/11\\\/ranoja-Logo.png\",\"width\":207,\"height\":58,\"caption\":\"Ranoja O\u00dc\"},\"image\":{\"@id\":\"https:\\\/\\\/ranoja.ee\\\/#\\\/schema\\\/logo\\\/image\\\/\"},\"sameAs\":[\"https:\\\/\\\/www.facebook.com\\\/ranoja.ee\",\"https:\\\/\\\/www.instagram.com\\\/ranoja__\\\/\"]}]}<\/script>\n<!-- \/ Yoast SEO plugin. -->","yoast_head_json":{"title":"Rock elektrivints 12V 907 KG juhtmevaba puldiga","description":"Rock elektrivints 12V 907 KG juhtmevaba puldiga Loodud taluma pori, niiskust ja tolmu, mis teeb need sobivaks kasutamiseks nii metsas kui ka p\u00e4\u00e4stet\u00f6\u00f6del.","robots":{"index":"index","follow":"follow","max-snippet":"max-snippet:-1","max-image-preview":"max-image-preview:large","max-video-preview":"max-video-preview:-1"},"canonical":"https:\/\/ranoja.ee\/toode\/rock-elektrivints-12v-907-kg-juhtmevaba-puldiga\/","og_locale":"en_US","og_type":"article","og_title":"Rock elektrivints 12V 907 KG juhtmevaba puldiga","og_description":"Rock elektrivints 12V 907 KG juhtmevaba puldiga Loodud taluma pori, niiskust ja tolmu, mis teeb need sobivaks kasutamiseks nii metsas kui ka p\u00e4\u00e4stet\u00f6\u00f6del.","og_url":"https:\/\/ranoja.ee\/toode\/rock-elektrivints-12v-907-kg-juhtmevaba-puldiga\/","og_site_name":"Ranoja","article_publisher":"https:\/\/www.facebook.com\/ranoja.ee","article_modified_time":"2026-01-06T13:12:46+00:00","og_image":[{"width":400,"height":300,"url":"https:\/\/ranoja.ee\/wp-content\/uploads\/2023\/08\/9201-10000-L.jpg","type":"image\/jpeg"}],"twitter_card":"summary_large_image","twitter_misc":{"Est. reading time":"2 minutes"},"schema":{"@context":"https:\/\/schema.org","@graph":[{"@type":"WebPage","@id":"https:\/\/ranoja.ee\/toode\/rock-elektrivints-12v-907-kg-juhtmevaba-puldiga\/","url":"https:\/\/ranoja.ee\/toode\/rock-elektrivints-12v-907-kg-juhtmevaba-puldiga\/","name":"Rock elektrivints 12V 907 KG juhtmevaba puldiga","isPartOf":{"@id":"https:\/\/ranoja.ee\/#website"},"primaryImageOfPage":{"@id":"https:\/\/ranoja.ee\/toode\/rock-elektrivints-12v-907-kg-juhtmevaba-puldiga\/#primaryimage"},"image":{"@id":"https:\/\/ranoja.ee\/toode\/rock-elektrivints-12v-907-kg-juhtmevaba-puldiga\/#primaryimage"},"thumbnailUrl":"https:\/\/ranoja.ee\/wp-content\/uploads\/2023\/08\/9201-10000-L.jpg","datePublished":"2023-08-01T06:24:16+00:00","dateModified":"2026-01-06T13:12:46+00:00","description":"Rock elektrivints 12V 907 KG juhtmevaba puldiga Loodud taluma pori, niiskust ja tolmu, mis teeb need sobivaks kasutamiseks nii metsas kui ka p\u00e4\u00e4stet\u00f6\u00f6del.","breadcrumb":{"@id":"https:\/\/ranoja.ee\/toode\/rock-elektrivints-12v-907-kg-juhtmevaba-puldiga\/#breadcrumb"},"inLanguage":"en-US","potentialAction":[{"@type":"ReadAction","target":["https:\/\/ranoja.ee\/toode\/rock-elektrivints-12v-907-kg-juhtmevaba-puldiga\/"]}]},{"@type":"ImageObject","inLanguage":"en-US","@id":"https:\/\/ranoja.ee\/toode\/rock-elektrivints-12v-907-kg-juhtmevaba-puldiga\/#primaryimage","url":"https:\/\/ranoja.ee\/wp-content\/uploads\/2023\/08\/9201-10000-L.jpg","contentUrl":"https:\/\/ranoja.ee\/wp-content\/uploads\/2023\/08\/9201-10000-L.jpg","width":400,"height":300,"caption":"elektriline vints"},{"@type":"BreadcrumbList","@id":"https:\/\/ranoja.ee\/toode\/rock-elektrivints-12v-907-kg-juhtmevaba-puldiga\/#breadcrumb","itemListElement":[{"@type":"ListItem","position":1,"name":"Home","item":"https:\/\/ranoja.ee\/"},{"@type":"ListItem","position":2,"name":"Shop","item":"https:\/\/ranoja.ee\/en\/shop\/"},{"@type":"ListItem","position":3,"name":"Rock elektrivints 12V 907 KG juhtmevaba puldiga"}]},{"@type":"WebSite","@id":"https:\/\/ranoja.ee\/#website","url":"https:\/\/ranoja.ee\/","name":"Ranoja","description":"Equipment Shop WooCommerce WordPress Theme for Machine &amp; Tools","publisher":{"@id":"https:\/\/ranoja.ee\/#organization"},"potentialAction":[{"@type":"SearchAction","target":{"@type":"EntryPoint","urlTemplate":"https:\/\/ranoja.ee\/?s={search_term_string}"},"query-input":{"@type":"PropertyValueSpecification","valueRequired":true,"valueName":"search_term_string"}}],"inLanguage":"en-US"},{"@type":"Organization","@id":"https:\/\/ranoja.ee\/#organization","name":"Ranoja O\u00dc","url":"https:\/\/ranoja.ee\/","logo":{"@type":"ImageObject","inLanguage":"en-US","@id":"https:\/\/ranoja.ee\/#\/schema\/logo\/image\/","url":"https:\/\/ranoja.ee\/wp-content\/uploads\/2023\/11\/ranoja-Logo.png","contentUrl":"https:\/\/ranoja.ee\/wp-content\/uploads\/2023\/11\/ranoja-Logo.png","width":207,"height":58,"caption":"Ranoja O\u00dc"},"image":{"@id":"https:\/\/ranoja.ee\/#\/schema\/logo\/image\/"},"sameAs":["https:\/\/www.facebook.com\/ranoja.ee","https:\/\/www.instagram.com\/ranoja__\/"]}]}},"_links":{"self":[{"href":"https:\/\/ranoja.ee\/en\/wp-json\/wp\/v2\/product\/5180","targetHints":{"allow":["GET"]}}],"collection":[{"href":"https:\/\/ranoja.ee\/en\/wp-json\/wp\/v2\/product"}],"about":[{"href":"https:\/\/ranoja.ee\/en\/wp-json\/wp\/v2\/types\/product"}],"wp:featuredmedia":[{"embeddable":true,"href":"https:\/\/ranoja.ee\/en\/wp-json\/wp\/v2\/media\/6422"}],"wp:attachment":[{"href":"https:\/\/ranoja.ee\/en\/wp-json\/wp\/v2\/media?parent=5180"}],"wp:term":[{"taxonomy":"product_cat","embeddable":true,"href":"https:\/\/ranoja.ee\/en\/wp-json\/wp\/v2\/product_cat?post=5180"},{"taxonomy":"product_tag","embeddable":true,"href":"https:\/\/ranoja.ee\/en\/wp-json\/wp\/v2\/product_tag?post=5180"}],"curies":[{"name":"wp","href":"https:\/\/api.w.org\/{rel}","templated":true}]}}