{"id":5177,"date":"2023-08-01T09:21:06","date_gmt":"2023-08-01T06:21:06","guid":{"rendered":"https:\/\/www.ranoja.ee\/?post_type=product&#038;p=5177"},"modified":"2026-01-15T11:54:08","modified_gmt":"2026-01-15T08:54:08","slug":"ironx-elektrivints-12v-907-kg","status":"publish","type":"product","link":"https:\/\/ranoja.ee\/en\/toode\/ironx-elektrivints-12v-907-kg\/","title":{"rendered":"IRONX elektrivints 12V 907 kg"},"content":{"rendered":"<p>IRONX elektrivints 12V 907 kg <\/p>\n<p>IronX vintsid on vastupidavad ja t\u00f6\u00f6kindlad t\u00f5stmis- ja t\u00f5mbeseadmed, mis on loodud kasutamiseks olukordades, kus on vaja liigutada raskeid koormaid kontrollitult ja ohutult. Tegemist on kvaliteetsete vintsidega, mida hinnatakse eelk\u00f5ige nende tugeva konstruktsiooni, suure t\u00f5mbej\u00f5u ja pika kasutusea poolest. IronX vintsid on v\u00e4lja t\u00f6\u00f6tatud arvestades nii professionaalsete kasutajate kui ka n\u00f5udlike harrastajate vajadusi, mist\u00f5ttu sobivad need v\u00e4ga erinevatesse t\u00f6\u00f6tingimustesse.<\/p>\n<p>IronX vintse kasutatakse laialdaselt maastikus\u00f5idukitel, n\u00e4iteks ATV-del, UTV-del, maasturitel ja t\u00f6\u00f6masinatel, kus need on asendamatud abivahendid takistuste \u00fcletamisel, s\u00f5iduki v\u00e4ljat\u00f5mbamisel v\u00f5i koormate liigutamisel. Lisaks leiavad need kasutust metsanduses, ehituses, p\u00f5llumajanduses ja t\u00f6\u00f6stuses, kus on vaja t\u00f5mmata palke, seadmeid v\u00f5i muid raskeid esemeid. T\u00e4nu kompaktsele disainile ja lihtsale paigaldusele sobivad IronX vintsid h\u00e4sti ka statsionaarseteks lahendusteks, n\u00e4iteks haagistele, t\u00f6\u00f6lavadele v\u00f5i t\u00f6\u00f6pinkide juurde.<\/p>\n<p>IronX vintside iseloomulikeks omadusteks on tugev metallkorpus, kvaliteetne tross v\u00f5i s\u00fcnteetiline k\u00f6is ning usaldusv\u00e4\u00e4rne mootor ja reduktor. Paljud mudelid on varustatud automaatse piduris\u00fcsteemi ja \u00fclekoormuskaitsega, mis tagavad ohutu kasutamise ka rasketes tingimustes. Juhtimine toimub tavaliselt kas juhtmega v\u00f5i juhtmevaba puldi abil, mis suurendab kasutaja ohutust ja t\u00f6\u00f6 mugavust.<\/p>\n<p>IRONX elektrivints 12V 907 kg <\/p>\n","protected":false},"excerpt":{"rendered":"<p>IRONX elektrivints 12V 907 kg<br \/>\nT\u00fc\u00fcp: 907 kg<br \/>\nPinge: 12V<br \/>\nV\u00f5imsus: 1.4kW\/ 1.9hp<br \/>\nTerastross: 15 m x \u00f84mm<br \/>\nKonks: 3\/16&#8243;<br \/>\nKiire liinikiirus<br \/>\nMadal elektrivool<br \/>\nAutomaatpidur<br \/>\nSpoolivabastus<br \/>\nToide sisse\/v\u00e4lja<br \/>\n\u00dclekandearv: 153:1<br \/>\nPaigaldusplaadi m\u00f5\u00f5tmed\/paigaldusavad: 48 x 76 mm<br \/>\nKaal: 5.5kg<br \/>\nGarantii: 1 aasta<br \/>\n<strong><span style=\"color: #339966;\">Seadme eeldatav tarneaeg 3-4 t\u00f6\u00f6p\u00e4eva<\/span><\/strong><\/p>\n","protected":false},"featured_media":5178,"template":"","meta":{"inline_featured_image":false},"product_cat":[1116,1121],"product_tag":[960,972,2907,3010,733,2880,734,959],"class_list":{"0":"post-5177","1":"product","2":"type-product","3":"status-publish","4":"has-post-thumbnail","6":"product_brand-ironx","7":"product_cat-lisaseadmed-ehitusseadmed-led-lisatuled-cb-raadiod-lallar","8":"product_cat-vintsid","9":"product_tag-12v-vints","10":"product_tag-9201-10000","11":"product_tag-9201-10081","12":"product_tag-9201-10113","13":"product_tag-elektrivints","14":"product_tag-ironx-elektrivints-12v-907-kg","15":"product_tag-vints","16":"product_tag-vintsid","18":"first","19":"instock","20":"taxable","21":"shipping-taxable","22":"purchasable","23":"product-type-simple"},"yoast_head":"<!-- This site is optimized with the Yoast SEO plugin v27.4 - https:\/\/yoast.com\/product\/yoast-seo-wordpress\/ -->\n<title>IRONX elektrivints 12V 907 kg<\/title>\n<meta name=\"description\" content=\"IRONX elektrivints 12V 907 kg Tegemist on kvaliteetsete vintsidega, mida hinnatakse nende tugeva konstruktsiooni, suure t\u00f5mbej\u00f5u ja pika kasutusea poolest\" \/>\n<meta name=\"robots\" content=\"index, follow, max-snippet:-1, max-image-preview:large, max-video-preview:-1\" \/>\n<link rel=\"canonical\" href=\"https:\/\/ranoja.ee\/toode\/ironx-elektrivints-12v-907-kg\/\" \/>\n<meta property=\"og:locale\" content=\"en_US\" \/>\n<meta property=\"og:type\" content=\"article\" \/>\n<meta property=\"og:title\" content=\"IRONX elektrivints 12V 907 kg\" \/>\n<meta property=\"og:description\" content=\"IRONX elektrivints 12V 907 kg Tegemist on kvaliteetsete vintsidega, mida hinnatakse nende tugeva konstruktsiooni, suure t\u00f5mbej\u00f5u ja pika kasutusea poolest\" \/>\n<meta property=\"og:url\" content=\"https:\/\/ranoja.ee\/toode\/ironx-elektrivints-12v-907-kg\/\" \/>\n<meta property=\"og:site_name\" content=\"Ranoja\" \/>\n<meta property=\"article:publisher\" content=\"https:\/\/www.facebook.com\/ranoja.ee\" \/>\n<meta property=\"article:modified_time\" content=\"2026-01-15T08:54:08+00:00\" \/>\n<meta property=\"og:image\" content=\"https:\/\/ranoja.ee\/wp-content\/uploads\/2023\/08\/ROCK-IRONX-elektrivints-juhtmega-pult.jpg\" \/>\n\t<meta property=\"og:image:width\" content=\"400\" \/>\n\t<meta property=\"og:image:height\" content=\"300\" \/>\n\t<meta property=\"og:image:type\" content=\"image\/jpeg\" \/>\n<meta name=\"twitter:card\" content=\"summary_large_image\" \/>\n<meta name=\"twitter:label1\" content=\"Est. reading time\" \/>\n\t<meta name=\"twitter:data1\" content=\"2 minutes\" \/>\n<script type=\"application\/ld+json\" class=\"yoast-schema-graph\">{\"@context\":\"https:\\\/\\\/schema.org\",\"@graph\":[{\"@type\":\"WebPage\",\"@id\":\"https:\\\/\\\/ranoja.ee\\\/toode\\\/ironx-elektrivints-12v-907-kg\\\/\",\"url\":\"https:\\\/\\\/ranoja.ee\\\/toode\\\/ironx-elektrivints-12v-907-kg\\\/\",\"name\":\"IRONX elektrivints 12V 907 kg\",\"isPartOf\":{\"@id\":\"https:\\\/\\\/ranoja.ee\\\/#website\"},\"primaryImageOfPage\":{\"@id\":\"https:\\\/\\\/ranoja.ee\\\/toode\\\/ironx-elektrivints-12v-907-kg\\\/#primaryimage\"},\"image\":{\"@id\":\"https:\\\/\\\/ranoja.ee\\\/toode\\\/ironx-elektrivints-12v-907-kg\\\/#primaryimage\"},\"thumbnailUrl\":\"https:\\\/\\\/ranoja.ee\\\/wp-content\\\/uploads\\\/2023\\\/08\\\/ROCK-IRONX-elektrivints-juhtmega-pult.jpg\",\"datePublished\":\"2023-08-01T06:21:06+00:00\",\"dateModified\":\"2026-01-15T08:54:08+00:00\",\"description\":\"IRONX elektrivints 12V 907 kg Tegemist on kvaliteetsete vintsidega, mida hinnatakse nende tugeva konstruktsiooni, suure t\u00f5mbej\u00f5u ja pika kasutusea poolest\",\"breadcrumb\":{\"@id\":\"https:\\\/\\\/ranoja.ee\\\/toode\\\/ironx-elektrivints-12v-907-kg\\\/#breadcrumb\"},\"inLanguage\":\"en-US\",\"potentialAction\":[{\"@type\":\"ReadAction\",\"target\":[\"https:\\\/\\\/ranoja.ee\\\/toode\\\/ironx-elektrivints-12v-907-kg\\\/\"]}]},{\"@type\":\"ImageObject\",\"inLanguage\":\"en-US\",\"@id\":\"https:\\\/\\\/ranoja.ee\\\/toode\\\/ironx-elektrivints-12v-907-kg\\\/#primaryimage\",\"url\":\"https:\\\/\\\/ranoja.ee\\\/wp-content\\\/uploads\\\/2023\\\/08\\\/ROCK-IRONX-elektrivints-juhtmega-pult.jpg\",\"contentUrl\":\"https:\\\/\\\/ranoja.ee\\\/wp-content\\\/uploads\\\/2023\\\/08\\\/ROCK-IRONX-elektrivints-juhtmega-pult.jpg\",\"width\":400,\"height\":300,\"caption\":\"ROCK Elektrivints 12V 907 kg (juhtmega)\"},{\"@type\":\"BreadcrumbList\",\"@id\":\"https:\\\/\\\/ranoja.ee\\\/toode\\\/ironx-elektrivints-12v-907-kg\\\/#breadcrumb\",\"itemListElement\":[{\"@type\":\"ListItem\",\"position\":1,\"name\":\"Home\",\"item\":\"https:\\\/\\\/ranoja.ee\\\/\"},{\"@type\":\"ListItem\",\"position\":2,\"name\":\"Shop\",\"item\":\"https:\\\/\\\/ranoja.ee\\\/en\\\/shop\\\/\"},{\"@type\":\"ListItem\",\"position\":3,\"name\":\"IRONX elektrivints 12V 907 kg\"}]},{\"@type\":\"WebSite\",\"@id\":\"https:\\\/\\\/ranoja.ee\\\/#website\",\"url\":\"https:\\\/\\\/ranoja.ee\\\/\",\"name\":\"Ranoja\",\"description\":\"Equipment Shop WooCommerce WordPress Theme for Machine &amp; Tools\",\"publisher\":{\"@id\":\"https:\\\/\\\/ranoja.ee\\\/#organization\"},\"potentialAction\":[{\"@type\":\"SearchAction\",\"target\":{\"@type\":\"EntryPoint\",\"urlTemplate\":\"https:\\\/\\\/ranoja.ee\\\/?s={search_term_string}\"},\"query-input\":{\"@type\":\"PropertyValueSpecification\",\"valueRequired\":true,\"valueName\":\"search_term_string\"}}],\"inLanguage\":\"en-US\"},{\"@type\":\"Organization\",\"@id\":\"https:\\\/\\\/ranoja.ee\\\/#organization\",\"name\":\"Ranoja O\u00dc\",\"url\":\"https:\\\/\\\/ranoja.ee\\\/\",\"logo\":{\"@type\":\"ImageObject\",\"inLanguage\":\"en-US\",\"@id\":\"https:\\\/\\\/ranoja.ee\\\/#\\\/schema\\\/logo\\\/image\\\/\",\"url\":\"https:\\\/\\\/ranoja.ee\\\/wp-content\\\/uploads\\\/2023\\\/11\\\/ranoja-Logo.png\",\"contentUrl\":\"https:\\\/\\\/ranoja.ee\\\/wp-content\\\/uploads\\\/2023\\\/11\\\/ranoja-Logo.png\",\"width\":207,\"height\":58,\"caption\":\"Ranoja O\u00dc\"},\"image\":{\"@id\":\"https:\\\/\\\/ranoja.ee\\\/#\\\/schema\\\/logo\\\/image\\\/\"},\"sameAs\":[\"https:\\\/\\\/www.facebook.com\\\/ranoja.ee\",\"https:\\\/\\\/www.instagram.com\\\/ranoja__\\\/\"]}]}<\/script>\n<!-- \/ Yoast SEO plugin. -->","yoast_head_json":{"title":"IRONX elektrivints 12V 907 kg","description":"IRONX elektrivints 12V 907 kg Tegemist on kvaliteetsete vintsidega, mida hinnatakse nende tugeva konstruktsiooni, suure t\u00f5mbej\u00f5u ja pika kasutusea poolest","robots":{"index":"index","follow":"follow","max-snippet":"max-snippet:-1","max-image-preview":"max-image-preview:large","max-video-preview":"max-video-preview:-1"},"canonical":"https:\/\/ranoja.ee\/toode\/ironx-elektrivints-12v-907-kg\/","og_locale":"en_US","og_type":"article","og_title":"IRONX elektrivints 12V 907 kg","og_description":"IRONX elektrivints 12V 907 kg Tegemist on kvaliteetsete vintsidega, mida hinnatakse nende tugeva konstruktsiooni, suure t\u00f5mbej\u00f5u ja pika kasutusea poolest","og_url":"https:\/\/ranoja.ee\/toode\/ironx-elektrivints-12v-907-kg\/","og_site_name":"Ranoja","article_publisher":"https:\/\/www.facebook.com\/ranoja.ee","article_modified_time":"2026-01-15T08:54:08+00:00","og_image":[{"width":400,"height":300,"url":"https:\/\/ranoja.ee\/wp-content\/uploads\/2023\/08\/ROCK-IRONX-elektrivints-juhtmega-pult.jpg","type":"image\/jpeg"}],"twitter_card":"summary_large_image","twitter_misc":{"Est. reading time":"2 minutes"},"schema":{"@context":"https:\/\/schema.org","@graph":[{"@type":"WebPage","@id":"https:\/\/ranoja.ee\/toode\/ironx-elektrivints-12v-907-kg\/","url":"https:\/\/ranoja.ee\/toode\/ironx-elektrivints-12v-907-kg\/","name":"IRONX elektrivints 12V 907 kg","isPartOf":{"@id":"https:\/\/ranoja.ee\/#website"},"primaryImageOfPage":{"@id":"https:\/\/ranoja.ee\/toode\/ironx-elektrivints-12v-907-kg\/#primaryimage"},"image":{"@id":"https:\/\/ranoja.ee\/toode\/ironx-elektrivints-12v-907-kg\/#primaryimage"},"thumbnailUrl":"https:\/\/ranoja.ee\/wp-content\/uploads\/2023\/08\/ROCK-IRONX-elektrivints-juhtmega-pult.jpg","datePublished":"2023-08-01T06:21:06+00:00","dateModified":"2026-01-15T08:54:08+00:00","description":"IRONX elektrivints 12V 907 kg Tegemist on kvaliteetsete vintsidega, mida hinnatakse nende tugeva konstruktsiooni, suure t\u00f5mbej\u00f5u ja pika kasutusea poolest","breadcrumb":{"@id":"https:\/\/ranoja.ee\/toode\/ironx-elektrivints-12v-907-kg\/#breadcrumb"},"inLanguage":"en-US","potentialAction":[{"@type":"ReadAction","target":["https:\/\/ranoja.ee\/toode\/ironx-elektrivints-12v-907-kg\/"]}]},{"@type":"ImageObject","inLanguage":"en-US","@id":"https:\/\/ranoja.ee\/toode\/ironx-elektrivints-12v-907-kg\/#primaryimage","url":"https:\/\/ranoja.ee\/wp-content\/uploads\/2023\/08\/ROCK-IRONX-elektrivints-juhtmega-pult.jpg","contentUrl":"https:\/\/ranoja.ee\/wp-content\/uploads\/2023\/08\/ROCK-IRONX-elektrivints-juhtmega-pult.jpg","width":400,"height":300,"caption":"ROCK Elektrivints 12V 907 kg (juhtmega)"},{"@type":"BreadcrumbList","@id":"https:\/\/ranoja.ee\/toode\/ironx-elektrivints-12v-907-kg\/#breadcrumb","itemListElement":[{"@type":"ListItem","position":1,"name":"Home","item":"https:\/\/ranoja.ee\/"},{"@type":"ListItem","position":2,"name":"Shop","item":"https:\/\/ranoja.ee\/en\/shop\/"},{"@type":"ListItem","position":3,"name":"IRONX elektrivints 12V 907 kg"}]},{"@type":"WebSite","@id":"https:\/\/ranoja.ee\/#website","url":"https:\/\/ranoja.ee\/","name":"Ranoja","description":"Equipment Shop WooCommerce WordPress Theme for Machine &amp; Tools","publisher":{"@id":"https:\/\/ranoja.ee\/#organization"},"potentialAction":[{"@type":"SearchAction","target":{"@type":"EntryPoint","urlTemplate":"https:\/\/ranoja.ee\/?s={search_term_string}"},"query-input":{"@type":"PropertyValueSpecification","valueRequired":true,"valueName":"search_term_string"}}],"inLanguage":"en-US"},{"@type":"Organization","@id":"https:\/\/ranoja.ee\/#organization","name":"Ranoja O\u00dc","url":"https:\/\/ranoja.ee\/","logo":{"@type":"ImageObject","inLanguage":"en-US","@id":"https:\/\/ranoja.ee\/#\/schema\/logo\/image\/","url":"https:\/\/ranoja.ee\/wp-content\/uploads\/2023\/11\/ranoja-Logo.png","contentUrl":"https:\/\/ranoja.ee\/wp-content\/uploads\/2023\/11\/ranoja-Logo.png","width":207,"height":58,"caption":"Ranoja O\u00dc"},"image":{"@id":"https:\/\/ranoja.ee\/#\/schema\/logo\/image\/"},"sameAs":["https:\/\/www.facebook.com\/ranoja.ee","https:\/\/www.instagram.com\/ranoja__\/"]}]}},"_links":{"self":[{"href":"https:\/\/ranoja.ee\/en\/wp-json\/wp\/v2\/product\/5177","targetHints":{"allow":["GET"]}}],"collection":[{"href":"https:\/\/ranoja.ee\/en\/wp-json\/wp\/v2\/product"}],"about":[{"href":"https:\/\/ranoja.ee\/en\/wp-json\/wp\/v2\/types\/product"}],"wp:featuredmedia":[{"embeddable":true,"href":"https:\/\/ranoja.ee\/en\/wp-json\/wp\/v2\/media\/5178"}],"wp:attachment":[{"href":"https:\/\/ranoja.ee\/en\/wp-json\/wp\/v2\/media?parent=5177"}],"wp:term":[{"taxonomy":"product_cat","embeddable":true,"href":"https:\/\/ranoja.ee\/en\/wp-json\/wp\/v2\/product_cat?post=5177"},{"taxonomy":"product_tag","embeddable":true,"href":"https:\/\/ranoja.ee\/en\/wp-json\/wp\/v2\/product_tag?post=5177"}],"curies":[{"name":"wp","href":"https:\/\/api.w.org\/{rel}","templated":true}]}}