{"id":5018,"date":"2023-07-31T22:37:56","date_gmt":"2023-07-31T19:37:56","guid":{"rendered":"https:\/\/www.ranoja.ee\/?post_type=product&#038;p=5018"},"modified":"2025-12-10T16:10:41","modified_gmt":"2025-12-10T13:10:41","slug":"pistikukomplekt-deutsch-200-cm","status":"publish","type":"product","link":"https:\/\/ranoja.ee\/en\/toode\/pistikukomplekt-deutsch-200-cm\/","title":{"rendered":"Pistikukomplekt Deutsch 200 cm"},"content":{"rendered":"<p>Pistikukomplekt Deutsch 200 cm<\/p>\n<p>Pistikukaabel on disainitud t\u00f6\u00f6tamiseks t\u00f6\u00f6stuslikus v\u00f5i mashinakasutus-keskkonnas, mis t\u00e4hendab, et ta peab vastu vibratsioonile, niiskusele ja tolmule. Tingimused, millega t\u00f6\u00f6masinad ja t\u00f6\u00f6autod tihti kokku puutuvad. Pistik on DT-sarja t\u00fc\u00fcpi, mis v\u00e4ljendab kindlat standardit \u00fchenduste osas ning annab paigaldajale usaldusv\u00e4\u00e4rse ja lihtsa liidese s\u00f5iduki elektris\u00fcsteemiga.<\/p>\n<p>Kaabli pikkus umbes 2 meetrit annab paigaldajale paindlikkuse, et juhtmeid korralikult juhtida ja turvaliselt kinnitada. Olgu siis lisatule paigaldus esiosale v\u00f5i muu lighting-s\u00fcsteemi integreerimine. Materjaliline kvaliteet ja sobivus DT-liitmikuga tagavad korrektse elektri\u00fchenduse koos sobiva kaitsega.<\/p>\n<p>Sobib lisatulede v\u00f5i LED-paneelide paigaldamiseks, kui kasutusel on Deutsch DT-\u00fchendus \u2014 standard mitmetes t\u00f6\u00f6- ja maastikus\u00f5idukites.<br \/>\nPika kaabliga \u00fchendus annab paigaldamisel vabadust ja lihtsustab montaa\u017ei.<br \/>\nKvaliteetne juhtmestik-liides aitab v\u00e4hendada \u00fchendusk\u00f5lksu ja elektrikaod \u2013 oluline t\u00f6\u00f6- v\u00f5i maastikukeskkonnas.<\/p>\n<p>Pistikukomplekt Deutsch 200 cm<\/p>\n","protected":false},"excerpt":{"rendered":"<p>Pistikukomplekt Deutsch 200 cm<br \/>\n1605-N8K200<br \/>\nPistiku t\u00fc\u00fcp: 2-pin DT<br \/>\nJuhtme pikkus: 2 m<br \/>\nEmased klemmid<br \/>\nKaal: 30g<br \/>\nGarantii 1 aasta (eraisikule 2 aastat)<br \/>\n<strong><span style=\"color: #339966;\">Seadme eeldatav tarneaeg 3-4 t\u00f6\u00f6p\u00e4eva<\/span><\/strong><\/p>\n","protected":false},"featured_media":5019,"template":"","meta":{"inline_featured_image":false},"product_cat":[1116,1119],"product_tag":[1006,697,699,700],"class_list":{"0":"post-5018","1":"product","2":"type-product","3":"status-publish","4":"has-post-thumbnail","6":"product_brand-deutsch","7":"product_cat-lisaseadmed-ehitusseadmed-led-lisatuled-cb-raadiod-lallar","8":"product_cat-tulede-tarvikud","9":"product_tag-1605-n8k200","10":"product_tag-deutsch","11":"product_tag-juhtmekomplekt","12":"product_tag-tootulede-juhtmestik","14":"first","15":"instock","16":"taxable","17":"shipping-taxable","18":"purchasable","19":"product-type-simple"},"yoast_head":"<!-- This site is optimized with the Yoast SEO plugin v27.4 - https:\/\/yoast.com\/product\/yoast-seo-wordpress\/ -->\n<title>Pistikukomplekt Deutsch 200 cm<\/title>\n<meta name=\"description\" content=\"Pistikukomplekt Deutsch 200 cm Kaabli pikkus umbes 2 meetrit annab paigaldajale paindlikkuse, et juhtmeid korralikult juhtida ja turvaliselt kinnitada.\" \/>\n<meta name=\"robots\" content=\"index, follow, max-snippet:-1, max-image-preview:large, max-video-preview:-1\" \/>\n<link rel=\"canonical\" href=\"https:\/\/ranoja.ee\/toode\/pistikukomplekt-deutsch-200-cm\/\" \/>\n<meta property=\"og:locale\" content=\"en_US\" \/>\n<meta property=\"og:type\" content=\"article\" \/>\n<meta property=\"og:title\" content=\"Pistikukomplekt Deutsch 200 cm\" \/>\n<meta property=\"og:description\" content=\"Pistikukomplekt Deutsch 200 cm Kaabli pikkus umbes 2 meetrit annab paigaldajale paindlikkuse, et juhtmeid korralikult juhtida ja turvaliselt kinnitada.\" \/>\n<meta property=\"og:url\" content=\"https:\/\/ranoja.ee\/toode\/pistikukomplekt-deutsch-200-cm\/\" \/>\n<meta property=\"og:site_name\" content=\"Ranoja\" \/>\n<meta property=\"article:publisher\" content=\"https:\/\/www.facebook.com\/ranoja.ee\" \/>\n<meta property=\"article:modified_time\" content=\"2025-12-10T13:10:41+00:00\" \/>\n<meta property=\"og:image\" content=\"https:\/\/ranoja.ee\/wp-content\/uploads\/2023\/07\/Deutsch-juhtmekomplekt.jpg\" \/>\n\t<meta property=\"og:image:width\" content=\"300\" \/>\n\t<meta property=\"og:image:height\" content=\"225\" \/>\n\t<meta property=\"og:image:type\" content=\"image\/jpeg\" \/>\n<meta name=\"twitter:card\" content=\"summary_large_image\" \/>\n<meta name=\"twitter:label1\" content=\"Est. reading time\" \/>\n\t<meta name=\"twitter:data1\" content=\"1 minute\" \/>\n<script type=\"application\/ld+json\" class=\"yoast-schema-graph\">{\"@context\":\"https:\\\/\\\/schema.org\",\"@graph\":[{\"@type\":\"WebPage\",\"@id\":\"https:\\\/\\\/ranoja.ee\\\/toode\\\/pistikukomplekt-deutsch-200-cm\\\/\",\"url\":\"https:\\\/\\\/ranoja.ee\\\/toode\\\/pistikukomplekt-deutsch-200-cm\\\/\",\"name\":\"Pistikukomplekt Deutsch 200 cm\",\"isPartOf\":{\"@id\":\"https:\\\/\\\/ranoja.ee\\\/#website\"},\"primaryImageOfPage\":{\"@id\":\"https:\\\/\\\/ranoja.ee\\\/toode\\\/pistikukomplekt-deutsch-200-cm\\\/#primaryimage\"},\"image\":{\"@id\":\"https:\\\/\\\/ranoja.ee\\\/toode\\\/pistikukomplekt-deutsch-200-cm\\\/#primaryimage\"},\"thumbnailUrl\":\"https:\\\/\\\/ranoja.ee\\\/wp-content\\\/uploads\\\/2023\\\/07\\\/Deutsch-juhtmekomplekt.jpg\",\"datePublished\":\"2023-07-31T19:37:56+00:00\",\"dateModified\":\"2025-12-10T13:10:41+00:00\",\"description\":\"Pistikukomplekt Deutsch 200 cm Kaabli pikkus umbes 2 meetrit annab paigaldajale paindlikkuse, et juhtmeid korralikult juhtida ja turvaliselt kinnitada.\",\"breadcrumb\":{\"@id\":\"https:\\\/\\\/ranoja.ee\\\/toode\\\/pistikukomplekt-deutsch-200-cm\\\/#breadcrumb\"},\"inLanguage\":\"en-US\",\"potentialAction\":[{\"@type\":\"ReadAction\",\"target\":[\"https:\\\/\\\/ranoja.ee\\\/toode\\\/pistikukomplekt-deutsch-200-cm\\\/\"]}]},{\"@type\":\"ImageObject\",\"inLanguage\":\"en-US\",\"@id\":\"https:\\\/\\\/ranoja.ee\\\/toode\\\/pistikukomplekt-deutsch-200-cm\\\/#primaryimage\",\"url\":\"https:\\\/\\\/ranoja.ee\\\/wp-content\\\/uploads\\\/2023\\\/07\\\/Deutsch-juhtmekomplekt.jpg\",\"contentUrl\":\"https:\\\/\\\/ranoja.ee\\\/wp-content\\\/uploads\\\/2023\\\/07\\\/Deutsch-juhtmekomplekt.jpg\",\"width\":300,\"height\":225},{\"@type\":\"BreadcrumbList\",\"@id\":\"https:\\\/\\\/ranoja.ee\\\/toode\\\/pistikukomplekt-deutsch-200-cm\\\/#breadcrumb\",\"itemListElement\":[{\"@type\":\"ListItem\",\"position\":1,\"name\":\"Home\",\"item\":\"https:\\\/\\\/ranoja.ee\\\/\"},{\"@type\":\"ListItem\",\"position\":2,\"name\":\"Shop\",\"item\":\"https:\\\/\\\/ranoja.ee\\\/en\\\/shop\\\/\"},{\"@type\":\"ListItem\",\"position\":3,\"name\":\"Pistikukomplekt Deutsch 200 cm\"}]},{\"@type\":\"WebSite\",\"@id\":\"https:\\\/\\\/ranoja.ee\\\/#website\",\"url\":\"https:\\\/\\\/ranoja.ee\\\/\",\"name\":\"Ranoja\",\"description\":\"Equipment Shop WooCommerce WordPress Theme for Machine &amp; Tools\",\"publisher\":{\"@id\":\"https:\\\/\\\/ranoja.ee\\\/#organization\"},\"potentialAction\":[{\"@type\":\"SearchAction\",\"target\":{\"@type\":\"EntryPoint\",\"urlTemplate\":\"https:\\\/\\\/ranoja.ee\\\/?s={search_term_string}\"},\"query-input\":{\"@type\":\"PropertyValueSpecification\",\"valueRequired\":true,\"valueName\":\"search_term_string\"}}],\"inLanguage\":\"en-US\"},{\"@type\":\"Organization\",\"@id\":\"https:\\\/\\\/ranoja.ee\\\/#organization\",\"name\":\"Ranoja O\u00dc\",\"url\":\"https:\\\/\\\/ranoja.ee\\\/\",\"logo\":{\"@type\":\"ImageObject\",\"inLanguage\":\"en-US\",\"@id\":\"https:\\\/\\\/ranoja.ee\\\/#\\\/schema\\\/logo\\\/image\\\/\",\"url\":\"https:\\\/\\\/ranoja.ee\\\/wp-content\\\/uploads\\\/2023\\\/11\\\/ranoja-Logo.png\",\"contentUrl\":\"https:\\\/\\\/ranoja.ee\\\/wp-content\\\/uploads\\\/2023\\\/11\\\/ranoja-Logo.png\",\"width\":207,\"height\":58,\"caption\":\"Ranoja O\u00dc\"},\"image\":{\"@id\":\"https:\\\/\\\/ranoja.ee\\\/#\\\/schema\\\/logo\\\/image\\\/\"},\"sameAs\":[\"https:\\\/\\\/www.facebook.com\\\/ranoja.ee\",\"https:\\\/\\\/www.instagram.com\\\/ranoja__\\\/\"]}]}<\/script>\n<!-- \/ Yoast SEO plugin. -->","yoast_head_json":{"title":"Pistikukomplekt Deutsch 200 cm","description":"Pistikukomplekt Deutsch 200 cm Kaabli pikkus umbes 2 meetrit annab paigaldajale paindlikkuse, et juhtmeid korralikult juhtida ja turvaliselt kinnitada.","robots":{"index":"index","follow":"follow","max-snippet":"max-snippet:-1","max-image-preview":"max-image-preview:large","max-video-preview":"max-video-preview:-1"},"canonical":"https:\/\/ranoja.ee\/toode\/pistikukomplekt-deutsch-200-cm\/","og_locale":"en_US","og_type":"article","og_title":"Pistikukomplekt Deutsch 200 cm","og_description":"Pistikukomplekt Deutsch 200 cm Kaabli pikkus umbes 2 meetrit annab paigaldajale paindlikkuse, et juhtmeid korralikult juhtida ja turvaliselt kinnitada.","og_url":"https:\/\/ranoja.ee\/toode\/pistikukomplekt-deutsch-200-cm\/","og_site_name":"Ranoja","article_publisher":"https:\/\/www.facebook.com\/ranoja.ee","article_modified_time":"2025-12-10T13:10:41+00:00","og_image":[{"width":300,"height":225,"url":"https:\/\/ranoja.ee\/wp-content\/uploads\/2023\/07\/Deutsch-juhtmekomplekt.jpg","type":"image\/jpeg"}],"twitter_card":"summary_large_image","twitter_misc":{"Est. reading time":"1 minute"},"schema":{"@context":"https:\/\/schema.org","@graph":[{"@type":"WebPage","@id":"https:\/\/ranoja.ee\/toode\/pistikukomplekt-deutsch-200-cm\/","url":"https:\/\/ranoja.ee\/toode\/pistikukomplekt-deutsch-200-cm\/","name":"Pistikukomplekt Deutsch 200 cm","isPartOf":{"@id":"https:\/\/ranoja.ee\/#website"},"primaryImageOfPage":{"@id":"https:\/\/ranoja.ee\/toode\/pistikukomplekt-deutsch-200-cm\/#primaryimage"},"image":{"@id":"https:\/\/ranoja.ee\/toode\/pistikukomplekt-deutsch-200-cm\/#primaryimage"},"thumbnailUrl":"https:\/\/ranoja.ee\/wp-content\/uploads\/2023\/07\/Deutsch-juhtmekomplekt.jpg","datePublished":"2023-07-31T19:37:56+00:00","dateModified":"2025-12-10T13:10:41+00:00","description":"Pistikukomplekt Deutsch 200 cm Kaabli pikkus umbes 2 meetrit annab paigaldajale paindlikkuse, et juhtmeid korralikult juhtida ja turvaliselt kinnitada.","breadcrumb":{"@id":"https:\/\/ranoja.ee\/toode\/pistikukomplekt-deutsch-200-cm\/#breadcrumb"},"inLanguage":"en-US","potentialAction":[{"@type":"ReadAction","target":["https:\/\/ranoja.ee\/toode\/pistikukomplekt-deutsch-200-cm\/"]}]},{"@type":"ImageObject","inLanguage":"en-US","@id":"https:\/\/ranoja.ee\/toode\/pistikukomplekt-deutsch-200-cm\/#primaryimage","url":"https:\/\/ranoja.ee\/wp-content\/uploads\/2023\/07\/Deutsch-juhtmekomplekt.jpg","contentUrl":"https:\/\/ranoja.ee\/wp-content\/uploads\/2023\/07\/Deutsch-juhtmekomplekt.jpg","width":300,"height":225},{"@type":"BreadcrumbList","@id":"https:\/\/ranoja.ee\/toode\/pistikukomplekt-deutsch-200-cm\/#breadcrumb","itemListElement":[{"@type":"ListItem","position":1,"name":"Home","item":"https:\/\/ranoja.ee\/"},{"@type":"ListItem","position":2,"name":"Shop","item":"https:\/\/ranoja.ee\/en\/shop\/"},{"@type":"ListItem","position":3,"name":"Pistikukomplekt Deutsch 200 cm"}]},{"@type":"WebSite","@id":"https:\/\/ranoja.ee\/#website","url":"https:\/\/ranoja.ee\/","name":"Ranoja","description":"Equipment Shop WooCommerce WordPress Theme for Machine &amp; Tools","publisher":{"@id":"https:\/\/ranoja.ee\/#organization"},"potentialAction":[{"@type":"SearchAction","target":{"@type":"EntryPoint","urlTemplate":"https:\/\/ranoja.ee\/?s={search_term_string}"},"query-input":{"@type":"PropertyValueSpecification","valueRequired":true,"valueName":"search_term_string"}}],"inLanguage":"en-US"},{"@type":"Organization","@id":"https:\/\/ranoja.ee\/#organization","name":"Ranoja O\u00dc","url":"https:\/\/ranoja.ee\/","logo":{"@type":"ImageObject","inLanguage":"en-US","@id":"https:\/\/ranoja.ee\/#\/schema\/logo\/image\/","url":"https:\/\/ranoja.ee\/wp-content\/uploads\/2023\/11\/ranoja-Logo.png","contentUrl":"https:\/\/ranoja.ee\/wp-content\/uploads\/2023\/11\/ranoja-Logo.png","width":207,"height":58,"caption":"Ranoja O\u00dc"},"image":{"@id":"https:\/\/ranoja.ee\/#\/schema\/logo\/image\/"},"sameAs":["https:\/\/www.facebook.com\/ranoja.ee","https:\/\/www.instagram.com\/ranoja__\/"]}]}},"_links":{"self":[{"href":"https:\/\/ranoja.ee\/en\/wp-json\/wp\/v2\/product\/5018","targetHints":{"allow":["GET"]}}],"collection":[{"href":"https:\/\/ranoja.ee\/en\/wp-json\/wp\/v2\/product"}],"about":[{"href":"https:\/\/ranoja.ee\/en\/wp-json\/wp\/v2\/types\/product"}],"wp:featuredmedia":[{"embeddable":true,"href":"https:\/\/ranoja.ee\/en\/wp-json\/wp\/v2\/media\/5019"}],"wp:attachment":[{"href":"https:\/\/ranoja.ee\/en\/wp-json\/wp\/v2\/media?parent=5018"}],"wp:term":[{"taxonomy":"product_cat","embeddable":true,"href":"https:\/\/ranoja.ee\/en\/wp-json\/wp\/v2\/product_cat?post=5018"},{"taxonomy":"product_tag","embeddable":true,"href":"https:\/\/ranoja.ee\/en\/wp-json\/wp\/v2\/product_tag?post=5018"}],"curies":[{"name":"wp","href":"https:\/\/api.w.org\/{rel}","templated":true}]}}