{"id":4619,"date":"2023-07-27T11:07:37","date_gmt":"2023-07-27T08:07:37","guid":{"rendered":"https:\/\/www.ranoja.ee\/?post_type=product&#038;p=4619"},"modified":"2025-12-10T13:14:46","modified_gmt":"2025-12-10T10:14:46","slug":"cedrus-kompressor-24l-cedkm24-1t","status":"publish","type":"product","link":"https:\/\/ranoja.ee\/en\/toode\/cedrus-kompressor-24l-cedkm24-1t\/","title":{"rendered":"Cedrus kompressor 24L CEDKM24-1T"},"content":{"rendered":"<p>Cedrus kompressor 24L CEDKM24-1T on v\u00e4ga kasulik ja mitmek\u00fclgne t\u00f6\u00f6riist, mis leiab majapidamises palju rakendusi. <\/p>\n<p>\u00fcks levinumaid kasutusviise on rehvide t\u00e4itmine \u2013 kompressor v\u00f5imaldab kiiresti ja mugavalt pumbata \u00f5hku auto, jalgratta, murutraktori v\u00f5i k\u00e4rurehvidesse, tagades s\u00f5idukite ohutuse ja optimaalse k\u00fctusekulu. <\/p>\n<p>Lisaks rehvidele saab kompressoriga t\u00e4ita ka erinevaid \u00f5hkpatju, kummipaate ja m\u00e4nguasju, mis on eriti praktiline suvel.<\/p>\n<p>Kodustes remondi- ja hooldust\u00f6\u00f6des on kompressor samuti asendamatu. Seda saab kasutada mitmesuguste t\u00f6\u00f6riistade, nagu naelap\u00fcstolite, v\u00e4rvip\u00fcstolite ja \u00f5hupuhastajate, t\u00f6\u00f6le rakendamiseks. <\/p>\n<p>Naelap\u00fcstolite ja klambrip\u00fcstolite puhul muudab kompressoriga t\u00f6\u00f6tamine protsessi kiiremaks ja t\u00e4psemaks, kuna see v\u00f5imaldab suurendada l\u00f6\u00f6gij\u00f5udu ja t\u00f6\u00f6tempot. <\/p>\n<p>V\u00e4rvip\u00fcstoli kasutamisel tagab kompressor \u00fchtlase ja sileda v\u00e4rvikihi, mis on eriti vajalik, kui soovitakse v\u00e4rvida suuri pindu, n\u00e4iteks m\u00f6\u00f6blit v\u00f5i seinu.<\/p>\n<p>Cedrus kompressor 24L CEDKM24-1T saab t\u00f5husalt ka puhastada tolmu ja mustust kohtadest, kuhu tavaline tolmuimeja v\u00f5i lapiga ligi ei p\u00e4\u00e4se, n\u00e4iteks t\u00f6\u00f6riistadelt, garaa\u017einurkadest ja keerukate kujundustega pindadelt. See on eriti kasulik masinaosade, t\u00f6\u00f6riistade ja filtrite puhastamisel.<\/p>\n<p>Kokkuv\u00f5ttes on kompressor majapidamises h\u00e4davajalik, sest see v\u00f5imaldab kiiresti t\u00e4ita rehve ja \u00f5hkp\u00f5hiseid esemeid, toetab koduseid remondit\u00f6id ning aitab kaasa t\u00f5husale puhastamisele. See on t\u00f6\u00f6kindel ja mitmeotstarbeline abivahend, mis muudab kodused hooldus- ja puhastust\u00f6\u00f6d lihtsamaks ja mugavamaks.<\/p>\n","protected":false},"excerpt":{"rendered":"<p>Cedrus kompressor 24L CEDKM24-1T<br \/>\n\u00d5hupaak: 24L<br \/>\nToide: 230V\/50Hz<br \/>\nV\u00f5imsus: 1,5kW<br \/>\nP\u00f6\u00f6rlemiskiirus: 2800 rpm<br \/>\nJ\u00f5udlus: 200L\/min<br \/>\nT\u00f6\u00f6surve : 8bar\/116psi<br \/>\nAjam: 1 silindriga<br \/>\nKaal: 23,5kg<br \/>\n<strong>Seadme eeldatav tarneaeg 1-7 t\u00f6\u00f6p\u00e4eva<\/strong><\/p>\n[embed]https:\/\/www.youtube.com\/shorts\/k5ZN5S-ac4s[\/embed]\n","protected":false},"featured_media":14527,"template":"","meta":{"inline_featured_image":false},"product_cat":[1090,120],"product_tag":[598,137,599,600,592],"class_list":{"0":"post-4619","1":"product","2":"type-product","3":"status-publish","4":"has-post-thumbnail","6":"product_brand-cedrus","7":"product_cat-ehitustehnika","8":"product_cat-kompressorid","9":"product_tag-cedkm24-1t","10":"product_tag-cedrus","11":"product_tag-km24-1t","12":"product_tag-lompressor","13":"product_tag-ohukompressor","15":"first","16":"instock","17":"taxable","18":"shipping-taxable","19":"purchasable","20":"product-type-simple"},"yoast_head":"<!-- This site is optimized with the Yoast SEO plugin v27.4 - https:\/\/yoast.com\/product\/yoast-seo-wordpress\/ -->\n<title>Cedrus kompressor 24L CEDKM24-1T<\/title>\n<meta name=\"description\" content=\"Cedrus kompressor 24L CEDKM24-1T, \u00d5hupaak: 24L, Toide: 230V\/50Hz, V\u00f5imsus: 1,5kW, P\u00f6\u00f6rlemiskiirus: 2800 rpm, J\u00f5udlus: 200L\/min, T\u00f6\u00f6surve : 8bar\/116psi.\" \/>\n<meta name=\"robots\" content=\"index, follow, max-snippet:-1, max-image-preview:large, max-video-preview:-1\" \/>\n<link rel=\"canonical\" href=\"https:\/\/ranoja.ee\/toode\/cedrus-kompressor-24l-cedkm24-1t\/\" \/>\n<meta property=\"og:locale\" content=\"en_US\" \/>\n<meta property=\"og:type\" content=\"article\" \/>\n<meta property=\"og:title\" content=\"Cedrus kompressor 24L CEDKM24-1T\" \/>\n<meta property=\"og:description\" content=\"Cedrus kompressor 24L CEDKM24-1T, \u00d5hupaak: 24L, Toide: 230V\/50Hz, V\u00f5imsus: 1,5kW, P\u00f6\u00f6rlemiskiirus: 2800 rpm, J\u00f5udlus: 200L\/min, T\u00f6\u00f6surve : 8bar\/116psi.\" \/>\n<meta property=\"og:url\" content=\"https:\/\/ranoja.ee\/toode\/cedrus-kompressor-24l-cedkm24-1t\/\" \/>\n<meta property=\"og:site_name\" content=\"Ranoja\" \/>\n<meta property=\"article:publisher\" content=\"https:\/\/www.facebook.com\/ranoja.ee\" \/>\n<meta property=\"article:modified_time\" content=\"2025-12-10T10:14:46+00:00\" \/>\n<meta property=\"og:image\" content=\"https:\/\/ranoja.ee\/wp-content\/uploads\/2023\/07\/Cedrus-kompressor-24L-CEDKM24-1T-1.jpg\" \/>\n\t<meta property=\"og:image:width\" content=\"800\" \/>\n\t<meta property=\"og:image:height\" content=\"727\" \/>\n\t<meta property=\"og:image:type\" content=\"image\/jpeg\" \/>\n<meta name=\"twitter:card\" content=\"summary_large_image\" \/>\n<meta name=\"twitter:label1\" content=\"Est. reading time\" \/>\n\t<meta name=\"twitter:data1\" content=\"2 minutes\" \/>\n<script type=\"application\/ld+json\" class=\"yoast-schema-graph\">{\"@context\":\"https:\\\/\\\/schema.org\",\"@graph\":[{\"@type\":\"WebPage\",\"@id\":\"https:\\\/\\\/ranoja.ee\\\/toode\\\/cedrus-kompressor-24l-cedkm24-1t\\\/\",\"url\":\"https:\\\/\\\/ranoja.ee\\\/toode\\\/cedrus-kompressor-24l-cedkm24-1t\\\/\",\"name\":\"Cedrus kompressor 24L CEDKM24-1T\",\"isPartOf\":{\"@id\":\"https:\\\/\\\/ranoja.ee\\\/#website\"},\"primaryImageOfPage\":{\"@id\":\"https:\\\/\\\/ranoja.ee\\\/toode\\\/cedrus-kompressor-24l-cedkm24-1t\\\/#primaryimage\"},\"image\":{\"@id\":\"https:\\\/\\\/ranoja.ee\\\/toode\\\/cedrus-kompressor-24l-cedkm24-1t\\\/#primaryimage\"},\"thumbnailUrl\":\"https:\\\/\\\/ranoja.ee\\\/wp-content\\\/uploads\\\/2023\\\/07\\\/Cedrus-kompressor-24L-CEDKM24-1T-1.jpg\",\"datePublished\":\"2023-07-27T08:07:37+00:00\",\"dateModified\":\"2025-12-10T10:14:46+00:00\",\"description\":\"Cedrus kompressor 24L CEDKM24-1T, \u00d5hupaak: 24L, Toide: 230V\\\/50Hz, V\u00f5imsus: 1,5kW, P\u00f6\u00f6rlemiskiirus: 2800 rpm, J\u00f5udlus: 200L\\\/min, T\u00f6\u00f6surve : 8bar\\\/116psi.\",\"breadcrumb\":{\"@id\":\"https:\\\/\\\/ranoja.ee\\\/toode\\\/cedrus-kompressor-24l-cedkm24-1t\\\/#breadcrumb\"},\"inLanguage\":\"en-US\",\"potentialAction\":[{\"@type\":\"ReadAction\",\"target\":[\"https:\\\/\\\/ranoja.ee\\\/toode\\\/cedrus-kompressor-24l-cedkm24-1t\\\/\"]}]},{\"@type\":\"ImageObject\",\"inLanguage\":\"en-US\",\"@id\":\"https:\\\/\\\/ranoja.ee\\\/toode\\\/cedrus-kompressor-24l-cedkm24-1t\\\/#primaryimage\",\"url\":\"https:\\\/\\\/ranoja.ee\\\/wp-content\\\/uploads\\\/2023\\\/07\\\/Cedrus-kompressor-24L-CEDKM24-1T-1.jpg\",\"contentUrl\":\"https:\\\/\\\/ranoja.ee\\\/wp-content\\\/uploads\\\/2023\\\/07\\\/Cedrus-kompressor-24L-CEDKM24-1T-1.jpg\",\"width\":800,\"height\":727,\"caption\":\"Cedrus kompressor 24L CEDKM24-1T\"},{\"@type\":\"BreadcrumbList\",\"@id\":\"https:\\\/\\\/ranoja.ee\\\/toode\\\/cedrus-kompressor-24l-cedkm24-1t\\\/#breadcrumb\",\"itemListElement\":[{\"@type\":\"ListItem\",\"position\":1,\"name\":\"Home\",\"item\":\"https:\\\/\\\/ranoja.ee\\\/\"},{\"@type\":\"ListItem\",\"position\":2,\"name\":\"Shop\",\"item\":\"https:\\\/\\\/ranoja.ee\\\/en\\\/shop\\\/\"},{\"@type\":\"ListItem\",\"position\":3,\"name\":\"Cedrus kompressor 24L CEDKM24-1T\"}]},{\"@type\":\"WebSite\",\"@id\":\"https:\\\/\\\/ranoja.ee\\\/#website\",\"url\":\"https:\\\/\\\/ranoja.ee\\\/\",\"name\":\"Ranoja\",\"description\":\"Equipment Shop WooCommerce WordPress Theme for Machine &amp; Tools\",\"publisher\":{\"@id\":\"https:\\\/\\\/ranoja.ee\\\/#organization\"},\"potentialAction\":[{\"@type\":\"SearchAction\",\"target\":{\"@type\":\"EntryPoint\",\"urlTemplate\":\"https:\\\/\\\/ranoja.ee\\\/?s={search_term_string}\"},\"query-input\":{\"@type\":\"PropertyValueSpecification\",\"valueRequired\":true,\"valueName\":\"search_term_string\"}}],\"inLanguage\":\"en-US\"},{\"@type\":\"Organization\",\"@id\":\"https:\\\/\\\/ranoja.ee\\\/#organization\",\"name\":\"Ranoja O\u00dc\",\"url\":\"https:\\\/\\\/ranoja.ee\\\/\",\"logo\":{\"@type\":\"ImageObject\",\"inLanguage\":\"en-US\",\"@id\":\"https:\\\/\\\/ranoja.ee\\\/#\\\/schema\\\/logo\\\/image\\\/\",\"url\":\"https:\\\/\\\/ranoja.ee\\\/wp-content\\\/uploads\\\/2023\\\/11\\\/ranoja-Logo.png\",\"contentUrl\":\"https:\\\/\\\/ranoja.ee\\\/wp-content\\\/uploads\\\/2023\\\/11\\\/ranoja-Logo.png\",\"width\":207,\"height\":58,\"caption\":\"Ranoja O\u00dc\"},\"image\":{\"@id\":\"https:\\\/\\\/ranoja.ee\\\/#\\\/schema\\\/logo\\\/image\\\/\"},\"sameAs\":[\"https:\\\/\\\/www.facebook.com\\\/ranoja.ee\",\"https:\\\/\\\/www.instagram.com\\\/ranoja__\\\/\"]}]}<\/script>\n<!-- \/ Yoast SEO plugin. -->","yoast_head_json":{"title":"Cedrus kompressor 24L CEDKM24-1T","description":"Cedrus kompressor 24L CEDKM24-1T, \u00d5hupaak: 24L, Toide: 230V\/50Hz, V\u00f5imsus: 1,5kW, P\u00f6\u00f6rlemiskiirus: 2800 rpm, J\u00f5udlus: 200L\/min, T\u00f6\u00f6surve : 8bar\/116psi.","robots":{"index":"index","follow":"follow","max-snippet":"max-snippet:-1","max-image-preview":"max-image-preview:large","max-video-preview":"max-video-preview:-1"},"canonical":"https:\/\/ranoja.ee\/toode\/cedrus-kompressor-24l-cedkm24-1t\/","og_locale":"en_US","og_type":"article","og_title":"Cedrus kompressor 24L CEDKM24-1T","og_description":"Cedrus kompressor 24L CEDKM24-1T, \u00d5hupaak: 24L, Toide: 230V\/50Hz, V\u00f5imsus: 1,5kW, P\u00f6\u00f6rlemiskiirus: 2800 rpm, J\u00f5udlus: 200L\/min, T\u00f6\u00f6surve : 8bar\/116psi.","og_url":"https:\/\/ranoja.ee\/toode\/cedrus-kompressor-24l-cedkm24-1t\/","og_site_name":"Ranoja","article_publisher":"https:\/\/www.facebook.com\/ranoja.ee","article_modified_time":"2025-12-10T10:14:46+00:00","og_image":[{"width":800,"height":727,"url":"https:\/\/ranoja.ee\/wp-content\/uploads\/2023\/07\/Cedrus-kompressor-24L-CEDKM24-1T-1.jpg","type":"image\/jpeg"}],"twitter_card":"summary_large_image","twitter_misc":{"Est. reading time":"2 minutes"},"schema":{"@context":"https:\/\/schema.org","@graph":[{"@type":"WebPage","@id":"https:\/\/ranoja.ee\/toode\/cedrus-kompressor-24l-cedkm24-1t\/","url":"https:\/\/ranoja.ee\/toode\/cedrus-kompressor-24l-cedkm24-1t\/","name":"Cedrus kompressor 24L CEDKM24-1T","isPartOf":{"@id":"https:\/\/ranoja.ee\/#website"},"primaryImageOfPage":{"@id":"https:\/\/ranoja.ee\/toode\/cedrus-kompressor-24l-cedkm24-1t\/#primaryimage"},"image":{"@id":"https:\/\/ranoja.ee\/toode\/cedrus-kompressor-24l-cedkm24-1t\/#primaryimage"},"thumbnailUrl":"https:\/\/ranoja.ee\/wp-content\/uploads\/2023\/07\/Cedrus-kompressor-24L-CEDKM24-1T-1.jpg","datePublished":"2023-07-27T08:07:37+00:00","dateModified":"2025-12-10T10:14:46+00:00","description":"Cedrus kompressor 24L CEDKM24-1T, \u00d5hupaak: 24L, Toide: 230V\/50Hz, V\u00f5imsus: 1,5kW, P\u00f6\u00f6rlemiskiirus: 2800 rpm, J\u00f5udlus: 200L\/min, T\u00f6\u00f6surve : 8bar\/116psi.","breadcrumb":{"@id":"https:\/\/ranoja.ee\/toode\/cedrus-kompressor-24l-cedkm24-1t\/#breadcrumb"},"inLanguage":"en-US","potentialAction":[{"@type":"ReadAction","target":["https:\/\/ranoja.ee\/toode\/cedrus-kompressor-24l-cedkm24-1t\/"]}]},{"@type":"ImageObject","inLanguage":"en-US","@id":"https:\/\/ranoja.ee\/toode\/cedrus-kompressor-24l-cedkm24-1t\/#primaryimage","url":"https:\/\/ranoja.ee\/wp-content\/uploads\/2023\/07\/Cedrus-kompressor-24L-CEDKM24-1T-1.jpg","contentUrl":"https:\/\/ranoja.ee\/wp-content\/uploads\/2023\/07\/Cedrus-kompressor-24L-CEDKM24-1T-1.jpg","width":800,"height":727,"caption":"Cedrus kompressor 24L CEDKM24-1T"},{"@type":"BreadcrumbList","@id":"https:\/\/ranoja.ee\/toode\/cedrus-kompressor-24l-cedkm24-1t\/#breadcrumb","itemListElement":[{"@type":"ListItem","position":1,"name":"Home","item":"https:\/\/ranoja.ee\/"},{"@type":"ListItem","position":2,"name":"Shop","item":"https:\/\/ranoja.ee\/en\/shop\/"},{"@type":"ListItem","position":3,"name":"Cedrus kompressor 24L CEDKM24-1T"}]},{"@type":"WebSite","@id":"https:\/\/ranoja.ee\/#website","url":"https:\/\/ranoja.ee\/","name":"Ranoja","description":"Equipment Shop WooCommerce WordPress Theme for Machine &amp; Tools","publisher":{"@id":"https:\/\/ranoja.ee\/#organization"},"potentialAction":[{"@type":"SearchAction","target":{"@type":"EntryPoint","urlTemplate":"https:\/\/ranoja.ee\/?s={search_term_string}"},"query-input":{"@type":"PropertyValueSpecification","valueRequired":true,"valueName":"search_term_string"}}],"inLanguage":"en-US"},{"@type":"Organization","@id":"https:\/\/ranoja.ee\/#organization","name":"Ranoja O\u00dc","url":"https:\/\/ranoja.ee\/","logo":{"@type":"ImageObject","inLanguage":"en-US","@id":"https:\/\/ranoja.ee\/#\/schema\/logo\/image\/","url":"https:\/\/ranoja.ee\/wp-content\/uploads\/2023\/11\/ranoja-Logo.png","contentUrl":"https:\/\/ranoja.ee\/wp-content\/uploads\/2023\/11\/ranoja-Logo.png","width":207,"height":58,"caption":"Ranoja O\u00dc"},"image":{"@id":"https:\/\/ranoja.ee\/#\/schema\/logo\/image\/"},"sameAs":["https:\/\/www.facebook.com\/ranoja.ee","https:\/\/www.instagram.com\/ranoja__\/"]}]}},"_links":{"self":[{"href":"https:\/\/ranoja.ee\/en\/wp-json\/wp\/v2\/product\/4619","targetHints":{"allow":["GET"]}}],"collection":[{"href":"https:\/\/ranoja.ee\/en\/wp-json\/wp\/v2\/product"}],"about":[{"href":"https:\/\/ranoja.ee\/en\/wp-json\/wp\/v2\/types\/product"}],"wp:featuredmedia":[{"embeddable":true,"href":"https:\/\/ranoja.ee\/en\/wp-json\/wp\/v2\/media\/14527"}],"wp:attachment":[{"href":"https:\/\/ranoja.ee\/en\/wp-json\/wp\/v2\/media?parent=4619"}],"wp:term":[{"taxonomy":"product_cat","embeddable":true,"href":"https:\/\/ranoja.ee\/en\/wp-json\/wp\/v2\/product_cat?post=4619"},{"taxonomy":"product_tag","embeddable":true,"href":"https:\/\/ranoja.ee\/en\/wp-json\/wp\/v2\/product_tag?post=4619"}],"curies":[{"name":"wp","href":"https:\/\/api.w.org\/{rel}","templated":true}]}}