{"id":4562,"date":"2023-07-26T15:07:25","date_gmt":"2023-07-26T12:07:25","guid":{"rendered":"https:\/\/www.ranoja.ee\/?post_type=product&#038;p=4562"},"modified":"2025-12-12T15:10:45","modified_gmt":"2025-12-12T12:10:45","slug":"cedrus-survepesur-cedmc150","status":"publish","type":"product","link":"https:\/\/ranoja.ee\/en\/toode\/cedrus-survepesur-cedmc150\/","title":{"rendered":"Cedrus survepesur CEDMC150"},"content":{"rendered":"<p>Cedrus survepesur CEDMC150<br \/>\nSurvepesurid on seadmed, mis kasutavad survej\u00f5udu veejuga kaudu pindade puhastamiseks. Need seadmed v\u00f5ivad olla kas kodumajapidamises kasutatavad v\u00f5i t\u00f6\u00f6stuslikud, olenevalt nende v\u00f5imsusest ja otstarbest. Siin on m\u00f5ned olulised aspektid survepesurite ja nende kasutamise kohta:<\/p>\n<p>Survepesurite t\u00fc\u00fcbid:<br \/>\nElektrilised survepesurid: Need t\u00f6\u00f6tavad elektrivoolu abil ja on tavaliselt kerged ja vaiksed, sobides seega kodukasutajatele.<\/p>\n<p>Kasutusalad:<br \/>\nKoduhooldus: Survepesurid on kasulikud k\u00f5nniteede, terrasside, autode, aiateede ja muude v\u00e4listingimustes olevate pindade puhastamiseks.<\/p>\n<p>P\u00f5llumajandus: Neid v\u00f5ib kasutada loomafarmides, talupidamistes ja p\u00f5llumajandusettev\u00f5tetes seadmete, hoonete ja masinate puhastamiseks.<\/p>\n<p>Survepesurite kasutamise n\u00e4pun\u00e4ited:<br \/>\nJ\u00e4rgi juhiseid: Enne kasutamist tutvu kindlasti seadme kasutusjuhendiga, et v\u00e4ltida vigu ja tagada ohutus.<\/p>\n<p>Kaitsevahendid: Kanna kaitseriietust, sealhulgas kaitseprille ja kindaid, et kaitsta end survejuga seotud ohtude eest.<\/p>\n<p>\u00d5ige d\u00fc\u00fcsi valik: Kasuta \u00f5iget d\u00fc\u00fcsi vastavalt puhastatava pinna t\u00fc\u00fcbile ja puhastustsenaariumile. Erinevad d\u00fc\u00fcsid v\u00f5imaldavad erinevat survetaset ja pihustusnurki.<\/p>\n<p>T\u00f6\u00f6ohutus: Hoidu seadmest eemale, kui see t\u00f6\u00f6tab, et v\u00e4ltida vigastusi v\u00f5i pritsmete saamist.<\/p>\n<p>Survepesurid on v\u00f5imsad t\u00f6\u00f6riistad, mis v\u00f5ivad kiiresti ja t\u00f5husalt puhastada erinevaid pindu. \u00d5ige kasutamine ja hooldus tagavad nende ohutu ja efektiivse kasutamise aastateks.<br \/>\nCedrus survepesur CEDMC150<\/p>\n<p>CEDRUS on \u00fcks suurimaid aiandusmasinate, t\u00f6\u00f6riistade ning metsandus tarvikute edasim\u00fc\u00fcjaid Poolas.<br \/>\nMeie eesm\u00e4rk on pakkuda klientidele k\u00f5rgeima kvaliteediga tooteid konkurentsiv\u00f5imeliste hindadega.<br \/>\nAlates 2016. aastast oleme arendanud ka oma kaubam\u00e4rgi all olevat tootesarja Cedrus.<br \/>\nHetkel pakume enam kui 100 t\u00fc\u00fcpi CEDRUS kaubam\u00e4rgi aia- ja ehitusmasinaid, samuti k\u00f5iki hooldustarvikuid ja varuosi.<br \/>\n<img decoding=\"async\" class=\"alignnone size-medium wp-image-5896\" src=\"https:\/\/www.ranoja.ee\/wp-content\/uploads\/2023\/07\/cedrus-logo-vaike-1-300x99.png\" alt=\"\" width=\"300\" height=\"99\" srcset=\"https:\/\/ranoja.ee\/wp-content\/uploads\/2023\/07\/cedrus-logo-vaike-1-300x99.png 300w, https:\/\/ranoja.ee\/wp-content\/uploads\/2023\/07\/cedrus-logo-vaike-1.png 431w\" sizes=\"(max-width: 300px) 100vw, 300px\" \/><\/p>\n","protected":false},"excerpt":{"rendered":"<p>Cedrus survepesur CEDMC150<br \/>\nMootoriv\u00f5imsus: 3200W<br \/>\ntoide: 230V \/ 50Hz<br \/>\nt\u00f6\u00f6surve: 150bar<br \/>\nMax. t\u00f6\u00f6surve: 225bar<br \/>\nVeetarbimine: 450 l \/ h<br \/>\nMax. veetarbimine: 540l \/ h<br \/>\nKomplektis tugevdatud survevoolik pikkusega: 10m<br \/>\nPump: messingust<br \/>\nKaal: 26 kg<br \/>\nGarantii 1 aasta (eraisikule 2 aastat)<br \/>\n<strong>Seadme eeldatav tarneaeg 1-7 t\u00f6\u00f6p\u00e4eva<\/strong><\/p>\n<p>https:\/\/youtu.be\/sk0pQyDkjFg<\/p>\n","protected":false},"featured_media":12847,"template":"","meta":{"inline_featured_image":false},"product_cat":[1079,89],"product_tag":[832,137,588,586,589],"class_list":{"0":"post-4562","1":"product","2":"type-product","3":"status-publish","4":"has-post-thumbnail","6":"product_brand-cedrus","7":"product_cat-aiatehnika-ja-niidutehnika","8":"product_cat-survepesurid","9":"product_tag-cedmc150","10":"product_tag-cedrus","11":"product_tag-mc150","12":"product_tag-survekas","13":"product_tag-survespesur","15":"first","16":"instock","17":"taxable","18":"shipping-taxable","19":"purchasable","20":"product-type-simple"},"yoast_head":"<!-- This site is optimized with the Yoast SEO plugin v27.4 - https:\/\/yoast.com\/product\/yoast-seo-wordpress\/ -->\n<title>Cedrus survepesur CEDMC150<\/title>\n<meta name=\"description\" content=\"Cedrus survepesur CEDMC150 Mootoriv\u00f5imsus: 3200W, toide: 230V \/ 50Hz, t\u00f6\u00f6surve: 150bar, Max. t\u00f6\u00f6surve: 225bar, Pump: messingust\" \/>\n<meta name=\"robots\" content=\"index, follow, max-snippet:-1, max-image-preview:large, max-video-preview:-1\" \/>\n<link rel=\"canonical\" href=\"https:\/\/ranoja.ee\/toode\/cedrus-survepesur-cedmc150\/\" \/>\n<meta property=\"og:locale\" content=\"en_US\" \/>\n<meta property=\"og:type\" content=\"article\" \/>\n<meta property=\"og:title\" content=\"Cedrus survepesur CEDMC150\" \/>\n<meta property=\"og:description\" content=\"Cedrus survepesur CEDMC150 Mootoriv\u00f5imsus: 3200W, toide: 230V \/ 50Hz, t\u00f6\u00f6surve: 150bar, Max. t\u00f6\u00f6surve: 225bar, Pump: messingust\" \/>\n<meta property=\"og:url\" content=\"https:\/\/ranoja.ee\/toode\/cedrus-survepesur-cedmc150\/\" \/>\n<meta property=\"og:site_name\" content=\"Ranoja\" \/>\n<meta property=\"article:publisher\" content=\"https:\/\/www.facebook.com\/ranoja.ee\" \/>\n<meta property=\"article:modified_time\" content=\"2025-12-12T12:10:45+00:00\" \/>\n<meta property=\"og:image\" content=\"https:\/\/ranoja.ee\/wp-content\/uploads\/2023\/07\/Cedrus-survepesur-CEDMC150.jpg\" \/>\n\t<meta property=\"og:image:width\" content=\"497\" \/>\n\t<meta property=\"og:image:height\" content=\"800\" \/>\n\t<meta property=\"og:image:type\" content=\"image\/jpeg\" \/>\n<meta name=\"twitter:card\" content=\"summary_large_image\" \/>\n<meta name=\"twitter:label1\" content=\"Est. reading time\" \/>\n\t<meta name=\"twitter:data1\" content=\"2 minutes\" \/>\n<script type=\"application\/ld+json\" class=\"yoast-schema-graph\">{\"@context\":\"https:\\\/\\\/schema.org\",\"@graph\":[{\"@type\":\"WebPage\",\"@id\":\"https:\\\/\\\/ranoja.ee\\\/toode\\\/cedrus-survepesur-cedmc150\\\/\",\"url\":\"https:\\\/\\\/ranoja.ee\\\/toode\\\/cedrus-survepesur-cedmc150\\\/\",\"name\":\"Cedrus survepesur CEDMC150\",\"isPartOf\":{\"@id\":\"https:\\\/\\\/ranoja.ee\\\/#website\"},\"primaryImageOfPage\":{\"@id\":\"https:\\\/\\\/ranoja.ee\\\/toode\\\/cedrus-survepesur-cedmc150\\\/#primaryimage\"},\"image\":{\"@id\":\"https:\\\/\\\/ranoja.ee\\\/toode\\\/cedrus-survepesur-cedmc150\\\/#primaryimage\"},\"thumbnailUrl\":\"https:\\\/\\\/ranoja.ee\\\/wp-content\\\/uploads\\\/2023\\\/07\\\/Cedrus-survepesur-CEDMC150.jpg\",\"datePublished\":\"2023-07-26T12:07:25+00:00\",\"dateModified\":\"2025-12-12T12:10:45+00:00\",\"description\":\"Cedrus survepesur CEDMC150 Mootoriv\u00f5imsus: 3200W, toide: 230V \\\/ 50Hz, t\u00f6\u00f6surve: 150bar, Max. t\u00f6\u00f6surve: 225bar, Pump: messingust\",\"breadcrumb\":{\"@id\":\"https:\\\/\\\/ranoja.ee\\\/toode\\\/cedrus-survepesur-cedmc150\\\/#breadcrumb\"},\"inLanguage\":\"en-US\",\"potentialAction\":[{\"@type\":\"ReadAction\",\"target\":[\"https:\\\/\\\/ranoja.ee\\\/toode\\\/cedrus-survepesur-cedmc150\\\/\"]}]},{\"@type\":\"ImageObject\",\"inLanguage\":\"en-US\",\"@id\":\"https:\\\/\\\/ranoja.ee\\\/toode\\\/cedrus-survepesur-cedmc150\\\/#primaryimage\",\"url\":\"https:\\\/\\\/ranoja.ee\\\/wp-content\\\/uploads\\\/2023\\\/07\\\/Cedrus-survepesur-CEDMC150.jpg\",\"contentUrl\":\"https:\\\/\\\/ranoja.ee\\\/wp-content\\\/uploads\\\/2023\\\/07\\\/Cedrus-survepesur-CEDMC150.jpg\",\"width\":497,\"height\":800,\"caption\":\"Cedrus survepesur CEDMC150\"},{\"@type\":\"BreadcrumbList\",\"@id\":\"https:\\\/\\\/ranoja.ee\\\/toode\\\/cedrus-survepesur-cedmc150\\\/#breadcrumb\",\"itemListElement\":[{\"@type\":\"ListItem\",\"position\":1,\"name\":\"Home\",\"item\":\"https:\\\/\\\/ranoja.ee\\\/\"},{\"@type\":\"ListItem\",\"position\":2,\"name\":\"Shop\",\"item\":\"https:\\\/\\\/ranoja.ee\\\/en\\\/shop\\\/\"},{\"@type\":\"ListItem\",\"position\":3,\"name\":\"Cedrus survepesur CEDMC150\"}]},{\"@type\":\"WebSite\",\"@id\":\"https:\\\/\\\/ranoja.ee\\\/#website\",\"url\":\"https:\\\/\\\/ranoja.ee\\\/\",\"name\":\"Ranoja\",\"description\":\"Equipment Shop WooCommerce WordPress Theme for Machine &amp; Tools\",\"publisher\":{\"@id\":\"https:\\\/\\\/ranoja.ee\\\/#organization\"},\"potentialAction\":[{\"@type\":\"SearchAction\",\"target\":{\"@type\":\"EntryPoint\",\"urlTemplate\":\"https:\\\/\\\/ranoja.ee\\\/?s={search_term_string}\"},\"query-input\":{\"@type\":\"PropertyValueSpecification\",\"valueRequired\":true,\"valueName\":\"search_term_string\"}}],\"inLanguage\":\"en-US\"},{\"@type\":\"Organization\",\"@id\":\"https:\\\/\\\/ranoja.ee\\\/#organization\",\"name\":\"Ranoja O\u00dc\",\"url\":\"https:\\\/\\\/ranoja.ee\\\/\",\"logo\":{\"@type\":\"ImageObject\",\"inLanguage\":\"en-US\",\"@id\":\"https:\\\/\\\/ranoja.ee\\\/#\\\/schema\\\/logo\\\/image\\\/\",\"url\":\"https:\\\/\\\/ranoja.ee\\\/wp-content\\\/uploads\\\/2023\\\/11\\\/ranoja-Logo.png\",\"contentUrl\":\"https:\\\/\\\/ranoja.ee\\\/wp-content\\\/uploads\\\/2023\\\/11\\\/ranoja-Logo.png\",\"width\":207,\"height\":58,\"caption\":\"Ranoja O\u00dc\"},\"image\":{\"@id\":\"https:\\\/\\\/ranoja.ee\\\/#\\\/schema\\\/logo\\\/image\\\/\"},\"sameAs\":[\"https:\\\/\\\/www.facebook.com\\\/ranoja.ee\",\"https:\\\/\\\/www.instagram.com\\\/ranoja__\\\/\"]}]}<\/script>\n<!-- \/ Yoast SEO plugin. -->","yoast_head_json":{"title":"Cedrus survepesur CEDMC150","description":"Cedrus survepesur CEDMC150 Mootoriv\u00f5imsus: 3200W, toide: 230V \/ 50Hz, t\u00f6\u00f6surve: 150bar, Max. t\u00f6\u00f6surve: 225bar, Pump: messingust","robots":{"index":"index","follow":"follow","max-snippet":"max-snippet:-1","max-image-preview":"max-image-preview:large","max-video-preview":"max-video-preview:-1"},"canonical":"https:\/\/ranoja.ee\/toode\/cedrus-survepesur-cedmc150\/","og_locale":"en_US","og_type":"article","og_title":"Cedrus survepesur CEDMC150","og_description":"Cedrus survepesur CEDMC150 Mootoriv\u00f5imsus: 3200W, toide: 230V \/ 50Hz, t\u00f6\u00f6surve: 150bar, Max. t\u00f6\u00f6surve: 225bar, Pump: messingust","og_url":"https:\/\/ranoja.ee\/toode\/cedrus-survepesur-cedmc150\/","og_site_name":"Ranoja","article_publisher":"https:\/\/www.facebook.com\/ranoja.ee","article_modified_time":"2025-12-12T12:10:45+00:00","og_image":[{"width":497,"height":800,"url":"https:\/\/ranoja.ee\/wp-content\/uploads\/2023\/07\/Cedrus-survepesur-CEDMC150.jpg","type":"image\/jpeg"}],"twitter_card":"summary_large_image","twitter_misc":{"Est. reading time":"2 minutes"},"schema":{"@context":"https:\/\/schema.org","@graph":[{"@type":"WebPage","@id":"https:\/\/ranoja.ee\/toode\/cedrus-survepesur-cedmc150\/","url":"https:\/\/ranoja.ee\/toode\/cedrus-survepesur-cedmc150\/","name":"Cedrus survepesur CEDMC150","isPartOf":{"@id":"https:\/\/ranoja.ee\/#website"},"primaryImageOfPage":{"@id":"https:\/\/ranoja.ee\/toode\/cedrus-survepesur-cedmc150\/#primaryimage"},"image":{"@id":"https:\/\/ranoja.ee\/toode\/cedrus-survepesur-cedmc150\/#primaryimage"},"thumbnailUrl":"https:\/\/ranoja.ee\/wp-content\/uploads\/2023\/07\/Cedrus-survepesur-CEDMC150.jpg","datePublished":"2023-07-26T12:07:25+00:00","dateModified":"2025-12-12T12:10:45+00:00","description":"Cedrus survepesur CEDMC150 Mootoriv\u00f5imsus: 3200W, toide: 230V \/ 50Hz, t\u00f6\u00f6surve: 150bar, Max. t\u00f6\u00f6surve: 225bar, Pump: messingust","breadcrumb":{"@id":"https:\/\/ranoja.ee\/toode\/cedrus-survepesur-cedmc150\/#breadcrumb"},"inLanguage":"en-US","potentialAction":[{"@type":"ReadAction","target":["https:\/\/ranoja.ee\/toode\/cedrus-survepesur-cedmc150\/"]}]},{"@type":"ImageObject","inLanguage":"en-US","@id":"https:\/\/ranoja.ee\/toode\/cedrus-survepesur-cedmc150\/#primaryimage","url":"https:\/\/ranoja.ee\/wp-content\/uploads\/2023\/07\/Cedrus-survepesur-CEDMC150.jpg","contentUrl":"https:\/\/ranoja.ee\/wp-content\/uploads\/2023\/07\/Cedrus-survepesur-CEDMC150.jpg","width":497,"height":800,"caption":"Cedrus survepesur CEDMC150"},{"@type":"BreadcrumbList","@id":"https:\/\/ranoja.ee\/toode\/cedrus-survepesur-cedmc150\/#breadcrumb","itemListElement":[{"@type":"ListItem","position":1,"name":"Home","item":"https:\/\/ranoja.ee\/"},{"@type":"ListItem","position":2,"name":"Shop","item":"https:\/\/ranoja.ee\/en\/shop\/"},{"@type":"ListItem","position":3,"name":"Cedrus survepesur CEDMC150"}]},{"@type":"WebSite","@id":"https:\/\/ranoja.ee\/#website","url":"https:\/\/ranoja.ee\/","name":"Ranoja","description":"Equipment Shop WooCommerce WordPress Theme for Machine &amp; Tools","publisher":{"@id":"https:\/\/ranoja.ee\/#organization"},"potentialAction":[{"@type":"SearchAction","target":{"@type":"EntryPoint","urlTemplate":"https:\/\/ranoja.ee\/?s={search_term_string}"},"query-input":{"@type":"PropertyValueSpecification","valueRequired":true,"valueName":"search_term_string"}}],"inLanguage":"en-US"},{"@type":"Organization","@id":"https:\/\/ranoja.ee\/#organization","name":"Ranoja O\u00dc","url":"https:\/\/ranoja.ee\/","logo":{"@type":"ImageObject","inLanguage":"en-US","@id":"https:\/\/ranoja.ee\/#\/schema\/logo\/image\/","url":"https:\/\/ranoja.ee\/wp-content\/uploads\/2023\/11\/ranoja-Logo.png","contentUrl":"https:\/\/ranoja.ee\/wp-content\/uploads\/2023\/11\/ranoja-Logo.png","width":207,"height":58,"caption":"Ranoja O\u00dc"},"image":{"@id":"https:\/\/ranoja.ee\/#\/schema\/logo\/image\/"},"sameAs":["https:\/\/www.facebook.com\/ranoja.ee","https:\/\/www.instagram.com\/ranoja__\/"]}]}},"_links":{"self":[{"href":"https:\/\/ranoja.ee\/en\/wp-json\/wp\/v2\/product\/4562","targetHints":{"allow":["GET"]}}],"collection":[{"href":"https:\/\/ranoja.ee\/en\/wp-json\/wp\/v2\/product"}],"about":[{"href":"https:\/\/ranoja.ee\/en\/wp-json\/wp\/v2\/types\/product"}],"wp:featuredmedia":[{"embeddable":true,"href":"https:\/\/ranoja.ee\/en\/wp-json\/wp\/v2\/media\/12847"}],"wp:attachment":[{"href":"https:\/\/ranoja.ee\/en\/wp-json\/wp\/v2\/media?parent=4562"}],"wp:term":[{"taxonomy":"product_cat","embeddable":true,"href":"https:\/\/ranoja.ee\/en\/wp-json\/wp\/v2\/product_cat?post=4562"},{"taxonomy":"product_tag","embeddable":true,"href":"https:\/\/ranoja.ee\/en\/wp-json\/wp\/v2\/product_tag?post=4562"}],"curies":[{"name":"wp","href":"https:\/\/api.w.org\/{rel}","templated":true}]}}