{"id":45539,"date":"2026-03-08T19:10:08","date_gmt":"2026-03-08T16:10:08","guid":{"rendered":"https:\/\/ranoja.ee\/toode\/pruning-saw-bahco-curved\/"},"modified":"2026-03-09T12:11:48","modified_gmt":"2026-03-09T09:11:48","slug":"bahco-oksasaag","status":"publish","type":"product","link":"https:\/\/ranoja.ee\/en\/toode\/bahco-oksasaag\/","title":{"rendered":"BAHCO oksasaag"},"content":{"rendered":"<p>BAHCO oksasaag <\/p>\n<p>Kvaliteetne k\u00e4sisaag, mis on m\u00f5eldud eelk\u00f5ige puude ja okste l\u00f5ikamiseks ning erinevateks aiat\u00f6\u00f6deks. Tegemist on vastupidava oksasaega, mis sobib nii professionaalsetele haljastajatele kui ka koduaia hooldajatele. T\u00e4nu tugevale konstruktsioonile ja agressiivsele hammaste kujule v\u00f5imaldab see kiiresti ja t\u00f5husalt l\u00f5igata nii kuiva kui ka k\u00f5vemat puitu.<\/p>\n<p>Sael on 14-tolline ehk umbes 360 mm pikkune tera, mis annab piisava ulatuse erinevate okste ja puidut\u00fckkide l\u00f5ikamiseks. Teral on 6 hammast tolli kohta (6 TPI), mis t\u00e4hendab, et hambad on suhteliselt suured ja sobivad kiireks ning j\u00f5uliseks l\u00f5ikamiseks. Spetsiaalne hammaste geomeetria tagab hea l\u00f5ikeefektiivsuse ja aitab v\u00e4hendada takerdumist puidus.<\/p>\n<p>Bahco 4211-14-6T sael on kergelt kaardus tera, mis aitab l\u00f5ikamisel hoida saagi stabiilselt materjali sees ning v\u00f5imaldab l\u00f5igata sujuvalt ka suuremaid oksi. Tera hambad on karastatud, mis muudab need v\u00e4ga vastupidavaks ja aitab s\u00e4ilitada teravuse pikema aja jooksul. Lisaks aitab spetsiaalne lihvitud hammaste kuju l\u00f5igata puitu puhtamalt ja kiiremini.<\/p>\n<p>Saag on varustatud tugeva p\u00f6\u00f6gipuidust k\u00e4epidemega, mis tagab mugava ja kindla haarde ka pikema t\u00f6\u00f6 ajal. K\u00e4epide on ergonoomilise kujuga ning selle otsas on konks, mis aitab saagi turvaliselt hoida ja vajadusel riputada.<\/p>\n<p>BAHCO oksasaag <\/p>\n","protected":false},"excerpt":{"rendered":"<p>BAHCO oksasaag <\/p>\n<table class=\"cedrus-specs\">\n<tbody>\n<tr>\n<td>Catalog Number<\/td>\n<td>4211-14-6T<\/td>\n<\/tr>\n<tr>\n<td>EAN<\/td>\n<td>7311518128883<\/td>\n<\/tr>\n<tr>\n<td>Package Length<\/td>\n<td>523<\/td>\n<\/tr>\n<tr>\n<td>Package Width<\/td>\n<td>129<\/td>\n<\/tr>\n<tr>\n<td>Package Height<\/td>\n<td>52<\/td>\n<\/tr>\n<tr>\n<td>Weight<\/td>\n<td>0.260 Kg<\/td>\n<\/tr>\n<\/tbody>\n<\/table>\n","protected":false},"featured_media":45540,"template":"","meta":{"inline_featured_image":false},"product_cat":[3052],"product_tag":[4347,3789,4348,252],"class_list":{"0":"post-45539","1":"product","2":"type-product","3":"status-publish","4":"has-post-thumbnail","6":"product_brand-bahco","7":"product_cat-cedrus-tooted","8":"product_tag-4211-14-6t","9":"product_tag-bahco","10":"product_tag-bahco-oksasaag","11":"product_tag-oksasaag","13":"first","14":"instock","15":"taxable","16":"shipping-taxable","17":"purchasable","18":"product-type-simple"},"yoast_head":"<!-- This site is optimized with the Yoast SEO plugin v27.4 - https:\/\/yoast.com\/product\/yoast-seo-wordpress\/ -->\n<title>BAHCO oksasaag<\/title>\n<meta name=\"description\" content=\"BAHCO oksasaag T\u00e4nu tugevale konstruktsioonile ja agressiivsele hammaste kujule v\u00f5imaldab see kiiresti ja t\u00f5husalt l\u00f5igata nii kuiva kui ka k\u00f5vemat puitu.\" \/>\n<meta name=\"robots\" content=\"index, follow, max-snippet:-1, max-image-preview:large, max-video-preview:-1\" \/>\n<link rel=\"canonical\" href=\"https:\/\/ranoja.ee\/toode\/bahco-oksasaag\/\" \/>\n<meta property=\"og:locale\" content=\"en_US\" \/>\n<meta property=\"og:type\" content=\"article\" \/>\n<meta property=\"og:title\" content=\"BAHCO oksasaag\" \/>\n<meta property=\"og:description\" content=\"BAHCO oksasaag T\u00e4nu tugevale konstruktsioonile ja agressiivsele hammaste kujule v\u00f5imaldab see kiiresti ja t\u00f5husalt l\u00f5igata nii kuiva kui ka k\u00f5vemat puitu.\" \/>\n<meta property=\"og:url\" content=\"https:\/\/ranoja.ee\/toode\/bahco-oksasaag\/\" \/>\n<meta property=\"og:site_name\" content=\"Ranoja\" \/>\n<meta property=\"article:publisher\" content=\"https:\/\/www.facebook.com\/ranoja.ee\" \/>\n<meta property=\"article:modified_time\" content=\"2026-03-09T09:11:48+00:00\" \/>\n<meta property=\"og:image\" content=\"https:\/\/ranoja.ee\/wp-content\/uploads\/2026\/03\/13095_4211-14-6T_02_small.jpg\" \/>\n\t<meta property=\"og:image:width\" content=\"800\" \/>\n\t<meta property=\"og:image:height\" content=\"244\" \/>\n\t<meta property=\"og:image:type\" content=\"image\/jpeg\" \/>\n<meta name=\"twitter:card\" content=\"summary_large_image\" \/>\n<meta name=\"twitter:label1\" content=\"Est. reading time\" \/>\n\t<meta name=\"twitter:data1\" content=\"1 minute\" \/>\n<script type=\"application\/ld+json\" class=\"yoast-schema-graph\">{\"@context\":\"https:\\\/\\\/schema.org\",\"@graph\":[{\"@type\":\"WebPage\",\"@id\":\"https:\\\/\\\/ranoja.ee\\\/toode\\\/bahco-oksasaag\\\/\",\"url\":\"https:\\\/\\\/ranoja.ee\\\/toode\\\/bahco-oksasaag\\\/\",\"name\":\"BAHCO oksasaag\",\"isPartOf\":{\"@id\":\"https:\\\/\\\/ranoja.ee\\\/#website\"},\"primaryImageOfPage\":{\"@id\":\"https:\\\/\\\/ranoja.ee\\\/toode\\\/bahco-oksasaag\\\/#primaryimage\"},\"image\":{\"@id\":\"https:\\\/\\\/ranoja.ee\\\/toode\\\/bahco-oksasaag\\\/#primaryimage\"},\"thumbnailUrl\":\"https:\\\/\\\/ranoja.ee\\\/wp-content\\\/uploads\\\/2026\\\/03\\\/13095_4211-14-6T_02_small.jpg\",\"datePublished\":\"2026-03-08T16:10:08+00:00\",\"dateModified\":\"2026-03-09T09:11:48+00:00\",\"description\":\"BAHCO oksasaag T\u00e4nu tugevale konstruktsioonile ja agressiivsele hammaste kujule v\u00f5imaldab see kiiresti ja t\u00f5husalt l\u00f5igata nii kuiva kui ka k\u00f5vemat puitu.\",\"breadcrumb\":{\"@id\":\"https:\\\/\\\/ranoja.ee\\\/toode\\\/bahco-oksasaag\\\/#breadcrumb\"},\"inLanguage\":\"en-US\",\"potentialAction\":[{\"@type\":\"ReadAction\",\"target\":[\"https:\\\/\\\/ranoja.ee\\\/toode\\\/bahco-oksasaag\\\/\"]}]},{\"@type\":\"ImageObject\",\"inLanguage\":\"en-US\",\"@id\":\"https:\\\/\\\/ranoja.ee\\\/toode\\\/bahco-oksasaag\\\/#primaryimage\",\"url\":\"https:\\\/\\\/ranoja.ee\\\/wp-content\\\/uploads\\\/2026\\\/03\\\/13095_4211-14-6T_02_small.jpg\",\"contentUrl\":\"https:\\\/\\\/ranoja.ee\\\/wp-content\\\/uploads\\\/2026\\\/03\\\/13095_4211-14-6T_02_small.jpg\",\"width\":800,\"height\":244},{\"@type\":\"BreadcrumbList\",\"@id\":\"https:\\\/\\\/ranoja.ee\\\/toode\\\/bahco-oksasaag\\\/#breadcrumb\",\"itemListElement\":[{\"@type\":\"ListItem\",\"position\":1,\"name\":\"Home\",\"item\":\"https:\\\/\\\/ranoja.ee\\\/\"},{\"@type\":\"ListItem\",\"position\":2,\"name\":\"Shop\",\"item\":\"https:\\\/\\\/ranoja.ee\\\/en\\\/shop\\\/\"},{\"@type\":\"ListItem\",\"position\":3,\"name\":\"BAHCO oksasaag\"}]},{\"@type\":\"WebSite\",\"@id\":\"https:\\\/\\\/ranoja.ee\\\/#website\",\"url\":\"https:\\\/\\\/ranoja.ee\\\/\",\"name\":\"Ranoja\",\"description\":\"Equipment Shop WooCommerce WordPress Theme for Machine &amp; Tools\",\"publisher\":{\"@id\":\"https:\\\/\\\/ranoja.ee\\\/#organization\"},\"potentialAction\":[{\"@type\":\"SearchAction\",\"target\":{\"@type\":\"EntryPoint\",\"urlTemplate\":\"https:\\\/\\\/ranoja.ee\\\/?s={search_term_string}\"},\"query-input\":{\"@type\":\"PropertyValueSpecification\",\"valueRequired\":true,\"valueName\":\"search_term_string\"}}],\"inLanguage\":\"en-US\"},{\"@type\":\"Organization\",\"@id\":\"https:\\\/\\\/ranoja.ee\\\/#organization\",\"name\":\"Ranoja O\u00dc\",\"url\":\"https:\\\/\\\/ranoja.ee\\\/\",\"logo\":{\"@type\":\"ImageObject\",\"inLanguage\":\"en-US\",\"@id\":\"https:\\\/\\\/ranoja.ee\\\/#\\\/schema\\\/logo\\\/image\\\/\",\"url\":\"https:\\\/\\\/ranoja.ee\\\/wp-content\\\/uploads\\\/2023\\\/11\\\/ranoja-Logo.png\",\"contentUrl\":\"https:\\\/\\\/ranoja.ee\\\/wp-content\\\/uploads\\\/2023\\\/11\\\/ranoja-Logo.png\",\"width\":207,\"height\":58,\"caption\":\"Ranoja O\u00dc\"},\"image\":{\"@id\":\"https:\\\/\\\/ranoja.ee\\\/#\\\/schema\\\/logo\\\/image\\\/\"},\"sameAs\":[\"https:\\\/\\\/www.facebook.com\\\/ranoja.ee\",\"https:\\\/\\\/www.instagram.com\\\/ranoja__\\\/\"]}]}<\/script>\n<!-- \/ Yoast SEO plugin. -->","yoast_head_json":{"title":"BAHCO oksasaag","description":"BAHCO oksasaag T\u00e4nu tugevale konstruktsioonile ja agressiivsele hammaste kujule v\u00f5imaldab see kiiresti ja t\u00f5husalt l\u00f5igata nii kuiva kui ka k\u00f5vemat puitu.","robots":{"index":"index","follow":"follow","max-snippet":"max-snippet:-1","max-image-preview":"max-image-preview:large","max-video-preview":"max-video-preview:-1"},"canonical":"https:\/\/ranoja.ee\/toode\/bahco-oksasaag\/","og_locale":"en_US","og_type":"article","og_title":"BAHCO oksasaag","og_description":"BAHCO oksasaag T\u00e4nu tugevale konstruktsioonile ja agressiivsele hammaste kujule v\u00f5imaldab see kiiresti ja t\u00f5husalt l\u00f5igata nii kuiva kui ka k\u00f5vemat puitu.","og_url":"https:\/\/ranoja.ee\/toode\/bahco-oksasaag\/","og_site_name":"Ranoja","article_publisher":"https:\/\/www.facebook.com\/ranoja.ee","article_modified_time":"2026-03-09T09:11:48+00:00","og_image":[{"width":800,"height":244,"url":"https:\/\/ranoja.ee\/wp-content\/uploads\/2026\/03\/13095_4211-14-6T_02_small.jpg","type":"image\/jpeg"}],"twitter_card":"summary_large_image","twitter_misc":{"Est. reading time":"1 minute"},"schema":{"@context":"https:\/\/schema.org","@graph":[{"@type":"WebPage","@id":"https:\/\/ranoja.ee\/toode\/bahco-oksasaag\/","url":"https:\/\/ranoja.ee\/toode\/bahco-oksasaag\/","name":"BAHCO oksasaag","isPartOf":{"@id":"https:\/\/ranoja.ee\/#website"},"primaryImageOfPage":{"@id":"https:\/\/ranoja.ee\/toode\/bahco-oksasaag\/#primaryimage"},"image":{"@id":"https:\/\/ranoja.ee\/toode\/bahco-oksasaag\/#primaryimage"},"thumbnailUrl":"https:\/\/ranoja.ee\/wp-content\/uploads\/2026\/03\/13095_4211-14-6T_02_small.jpg","datePublished":"2026-03-08T16:10:08+00:00","dateModified":"2026-03-09T09:11:48+00:00","description":"BAHCO oksasaag T\u00e4nu tugevale konstruktsioonile ja agressiivsele hammaste kujule v\u00f5imaldab see kiiresti ja t\u00f5husalt l\u00f5igata nii kuiva kui ka k\u00f5vemat puitu.","breadcrumb":{"@id":"https:\/\/ranoja.ee\/toode\/bahco-oksasaag\/#breadcrumb"},"inLanguage":"en-US","potentialAction":[{"@type":"ReadAction","target":["https:\/\/ranoja.ee\/toode\/bahco-oksasaag\/"]}]},{"@type":"ImageObject","inLanguage":"en-US","@id":"https:\/\/ranoja.ee\/toode\/bahco-oksasaag\/#primaryimage","url":"https:\/\/ranoja.ee\/wp-content\/uploads\/2026\/03\/13095_4211-14-6T_02_small.jpg","contentUrl":"https:\/\/ranoja.ee\/wp-content\/uploads\/2026\/03\/13095_4211-14-6T_02_small.jpg","width":800,"height":244},{"@type":"BreadcrumbList","@id":"https:\/\/ranoja.ee\/toode\/bahco-oksasaag\/#breadcrumb","itemListElement":[{"@type":"ListItem","position":1,"name":"Home","item":"https:\/\/ranoja.ee\/"},{"@type":"ListItem","position":2,"name":"Shop","item":"https:\/\/ranoja.ee\/en\/shop\/"},{"@type":"ListItem","position":3,"name":"BAHCO oksasaag"}]},{"@type":"WebSite","@id":"https:\/\/ranoja.ee\/#website","url":"https:\/\/ranoja.ee\/","name":"Ranoja","description":"Equipment Shop WooCommerce WordPress Theme for Machine &amp; Tools","publisher":{"@id":"https:\/\/ranoja.ee\/#organization"},"potentialAction":[{"@type":"SearchAction","target":{"@type":"EntryPoint","urlTemplate":"https:\/\/ranoja.ee\/?s={search_term_string}"},"query-input":{"@type":"PropertyValueSpecification","valueRequired":true,"valueName":"search_term_string"}}],"inLanguage":"en-US"},{"@type":"Organization","@id":"https:\/\/ranoja.ee\/#organization","name":"Ranoja O\u00dc","url":"https:\/\/ranoja.ee\/","logo":{"@type":"ImageObject","inLanguage":"en-US","@id":"https:\/\/ranoja.ee\/#\/schema\/logo\/image\/","url":"https:\/\/ranoja.ee\/wp-content\/uploads\/2023\/11\/ranoja-Logo.png","contentUrl":"https:\/\/ranoja.ee\/wp-content\/uploads\/2023\/11\/ranoja-Logo.png","width":207,"height":58,"caption":"Ranoja O\u00dc"},"image":{"@id":"https:\/\/ranoja.ee\/#\/schema\/logo\/image\/"},"sameAs":["https:\/\/www.facebook.com\/ranoja.ee","https:\/\/www.instagram.com\/ranoja__\/"]}]}},"_links":{"self":[{"href":"https:\/\/ranoja.ee\/en\/wp-json\/wp\/v2\/product\/45539","targetHints":{"allow":["GET"]}}],"collection":[{"href":"https:\/\/ranoja.ee\/en\/wp-json\/wp\/v2\/product"}],"about":[{"href":"https:\/\/ranoja.ee\/en\/wp-json\/wp\/v2\/types\/product"}],"wp:featuredmedia":[{"embeddable":true,"href":"https:\/\/ranoja.ee\/en\/wp-json\/wp\/v2\/media\/45540"}],"wp:attachment":[{"href":"https:\/\/ranoja.ee\/en\/wp-json\/wp\/v2\/media?parent=45539"}],"wp:term":[{"taxonomy":"product_cat","embeddable":true,"href":"https:\/\/ranoja.ee\/en\/wp-json\/wp\/v2\/product_cat?post=45539"},{"taxonomy":"product_tag","embeddable":true,"href":"https:\/\/ranoja.ee\/en\/wp-json\/wp\/v2\/product_tag?post=45539"}],"curies":[{"name":"wp","href":"https:\/\/api.w.org\/{rel}","templated":true}]}}