{"id":45153,"date":"2026-03-05T19:10:02","date_gmt":"2026-03-05T16:10:02","guid":{"rendered":"https:\/\/ranoja.ee\/toode\/pruning-saw-bahco-with-extension-pole\/"},"modified":"2026-03-09T14:14:42","modified_gmt":"2026-03-09T11:14:42","slug":"bahco-okasaag","status":"publish","type":"product","link":"https:\/\/ranoja.ee\/en\/toode\/bahco-okasaag\/","title":{"rendered":"BAHCO okasaag"},"content":{"rendered":"<p>BAHCO okasaag<\/p>\n<p>Bahco 396-HP kokkupandav oksasaag on vastupidav ja praktiline t\u00f6\u00f6riist, mis sobib h\u00e4sti puude hooldamiseks, okste l\u00f5ikamiseks, aiat\u00f6\u00f6deks ning erinevateks puidut\u00f6\u00f6deks. T\u00e4nu oma kompaktsele disainile, kvaliteetsele terale ja mugavale k\u00e4epidemele on see usaldusv\u00e4\u00e4rne abivahend nii professionaalidele kui ka n\u00f5udlikele hobikasutajatele.<\/p>\n<p>Ergonoomiline kahekomponentne plastk\u00e4epide tagab kindla ja mugava haarde isegi pikema t\u00f6\u00f6 ajal. Libisemiskindel pind aitab hoida t\u00f6\u00f6riista kontrolli all ning v\u00e4hendab k\u00e4te v\u00e4simist. Turvalisuse suurendamiseks on sael lukustusmehhanism, mis fikseerib tera nii avatud kui ka suletud asendis. See muudab kasutamise ja transportimise turvaliseks.<\/p>\n<p>BAHCO okasaag  <\/p>\n","protected":false},"excerpt":{"rendered":"<p>BAHCO okasaag<\/p>\n<table class=\"cedrus-specs\">\n<tbody>\n<tr>\n<td>Catalog Number<\/td>\n<td>339-6T<\/td>\n<\/tr>\n<tr>\n<td>EAN<\/td>\n<td>7311518128371<\/td>\n<\/tr>\n<tr>\n<td>Package Length<\/td>\n<td>564<\/td>\n<\/tr>\n<tr>\n<td>Package Width<\/td>\n<td>100<\/td>\n<\/tr>\n<tr>\n<td>Package Height<\/td>\n<td>40<\/td>\n<\/tr>\n<tr>\n<td>Weight<\/td>\n<td>0.240 Kg<\/td>\n<\/tr>\n<\/tbody>\n<\/table>\n","protected":false},"featured_media":45154,"template":"","meta":{"inline_featured_image":false},"product_cat":[3052],"product_tag":[4373,4376,3789,4377,4374,4375],"class_list":{"0":"post-45153","1":"product","2":"type-product","3":"status-publish","4":"has-post-thumbnail","6":"product_brand-bahco","7":"product_cat-cedrus-tooted","8":"product_tag-240-kg","9":"product_tag-339-6t","10":"product_tag-bahco","11":"product_tag-bahco-okasaag","12":"product_tag-bahco-okasaag-pikendusvarrega","13":"product_tag-okasaag","15":"first","16":"instock","17":"taxable","18":"shipping-taxable","19":"purchasable","20":"product-type-simple"},"yoast_head":"<!-- This site is optimized with the Yoast SEO plugin v27.4 - https:\/\/yoast.com\/product\/yoast-seo-wordpress\/ -->\n<title>BAHCO okasaag<\/title>\n<meta name=\"description\" content=\"BAHCO okasaag Katalooginumber 339-6T. Paki pikkus on 564 mm. Paki laius 100 mm. Paki k\u00f5rgus 40 mm. Paki kaal on 0,240 kg.\" \/>\n<meta name=\"robots\" content=\"index, follow, max-snippet:-1, max-image-preview:large, max-video-preview:-1\" \/>\n<link rel=\"canonical\" href=\"https:\/\/ranoja.ee\/toode\/bahco-okasaag\/\" \/>\n<meta property=\"og:locale\" content=\"en_US\" \/>\n<meta property=\"og:type\" content=\"article\" \/>\n<meta property=\"og:title\" content=\"BAHCO okasaag\" \/>\n<meta property=\"og:description\" content=\"BAHCO okasaag Katalooginumber 339-6T. Paki pikkus on 564 mm. Paki laius 100 mm. Paki k\u00f5rgus 40 mm. Paki kaal on 0,240 kg.\" \/>\n<meta property=\"og:url\" content=\"https:\/\/ranoja.ee\/toode\/bahco-okasaag\/\" \/>\n<meta property=\"og:site_name\" content=\"Ranoja\" \/>\n<meta property=\"article:publisher\" content=\"https:\/\/www.facebook.com\/ranoja.ee\" \/>\n<meta property=\"article:modified_time\" content=\"2026-03-09T11:14:42+00:00\" \/>\n<meta property=\"og:image\" content=\"https:\/\/ranoja.ee\/wp-content\/uploads\/2026\/03\/1140_0cbd0c38c7961fd521a7668b83c6b4b7.jpg\" \/>\n\t<meta property=\"og:image:width\" content=\"205\" \/>\n\t<meta property=\"og:image:height\" content=\"205\" \/>\n\t<meta property=\"og:image:type\" content=\"image\/jpeg\" \/>\n<meta name=\"twitter:card\" content=\"summary_large_image\" \/>\n<meta name=\"twitter:label1\" content=\"Est. reading time\" \/>\n\t<meta name=\"twitter:data1\" content=\"1 minute\" \/>\n<script type=\"application\/ld+json\" class=\"yoast-schema-graph\">{\"@context\":\"https:\\\/\\\/schema.org\",\"@graph\":[{\"@type\":\"WebPage\",\"@id\":\"https:\\\/\\\/ranoja.ee\\\/toode\\\/bahco-okasaag\\\/\",\"url\":\"https:\\\/\\\/ranoja.ee\\\/toode\\\/bahco-okasaag\\\/\",\"name\":\"BAHCO okasaag\",\"isPartOf\":{\"@id\":\"https:\\\/\\\/ranoja.ee\\\/#website\"},\"primaryImageOfPage\":{\"@id\":\"https:\\\/\\\/ranoja.ee\\\/toode\\\/bahco-okasaag\\\/#primaryimage\"},\"image\":{\"@id\":\"https:\\\/\\\/ranoja.ee\\\/toode\\\/bahco-okasaag\\\/#primaryimage\"},\"thumbnailUrl\":\"https:\\\/\\\/ranoja.ee\\\/wp-content\\\/uploads\\\/2026\\\/03\\\/1140_0cbd0c38c7961fd521a7668b83c6b4b7.jpg\",\"datePublished\":\"2026-03-05T16:10:02+00:00\",\"dateModified\":\"2026-03-09T11:14:42+00:00\",\"description\":\"BAHCO okasaag Katalooginumber 339-6T. Paki pikkus on 564 mm. Paki laius 100 mm. Paki k\u00f5rgus 40 mm. Paki kaal on 0,240 kg.\",\"breadcrumb\":{\"@id\":\"https:\\\/\\\/ranoja.ee\\\/toode\\\/bahco-okasaag\\\/#breadcrumb\"},\"inLanguage\":\"en-US\",\"potentialAction\":[{\"@type\":\"ReadAction\",\"target\":[\"https:\\\/\\\/ranoja.ee\\\/toode\\\/bahco-okasaag\\\/\"]}]},{\"@type\":\"ImageObject\",\"inLanguage\":\"en-US\",\"@id\":\"https:\\\/\\\/ranoja.ee\\\/toode\\\/bahco-okasaag\\\/#primaryimage\",\"url\":\"https:\\\/\\\/ranoja.ee\\\/wp-content\\\/uploads\\\/2026\\\/03\\\/1140_0cbd0c38c7961fd521a7668b83c6b4b7.jpg\",\"contentUrl\":\"https:\\\/\\\/ranoja.ee\\\/wp-content\\\/uploads\\\/2026\\\/03\\\/1140_0cbd0c38c7961fd521a7668b83c6b4b7.jpg\",\"width\":205,\"height\":205},{\"@type\":\"BreadcrumbList\",\"@id\":\"https:\\\/\\\/ranoja.ee\\\/toode\\\/bahco-okasaag\\\/#breadcrumb\",\"itemListElement\":[{\"@type\":\"ListItem\",\"position\":1,\"name\":\"Home\",\"item\":\"https:\\\/\\\/ranoja.ee\\\/\"},{\"@type\":\"ListItem\",\"position\":2,\"name\":\"Shop\",\"item\":\"https:\\\/\\\/ranoja.ee\\\/en\\\/shop\\\/\"},{\"@type\":\"ListItem\",\"position\":3,\"name\":\"BAHCO okasaag\"}]},{\"@type\":\"WebSite\",\"@id\":\"https:\\\/\\\/ranoja.ee\\\/#website\",\"url\":\"https:\\\/\\\/ranoja.ee\\\/\",\"name\":\"Ranoja\",\"description\":\"Equipment Shop WooCommerce WordPress Theme for Machine &amp; Tools\",\"publisher\":{\"@id\":\"https:\\\/\\\/ranoja.ee\\\/#organization\"},\"potentialAction\":[{\"@type\":\"SearchAction\",\"target\":{\"@type\":\"EntryPoint\",\"urlTemplate\":\"https:\\\/\\\/ranoja.ee\\\/?s={search_term_string}\"},\"query-input\":{\"@type\":\"PropertyValueSpecification\",\"valueRequired\":true,\"valueName\":\"search_term_string\"}}],\"inLanguage\":\"en-US\"},{\"@type\":\"Organization\",\"@id\":\"https:\\\/\\\/ranoja.ee\\\/#organization\",\"name\":\"Ranoja O\u00dc\",\"url\":\"https:\\\/\\\/ranoja.ee\\\/\",\"logo\":{\"@type\":\"ImageObject\",\"inLanguage\":\"en-US\",\"@id\":\"https:\\\/\\\/ranoja.ee\\\/#\\\/schema\\\/logo\\\/image\\\/\",\"url\":\"https:\\\/\\\/ranoja.ee\\\/wp-content\\\/uploads\\\/2023\\\/11\\\/ranoja-Logo.png\",\"contentUrl\":\"https:\\\/\\\/ranoja.ee\\\/wp-content\\\/uploads\\\/2023\\\/11\\\/ranoja-Logo.png\",\"width\":207,\"height\":58,\"caption\":\"Ranoja O\u00dc\"},\"image\":{\"@id\":\"https:\\\/\\\/ranoja.ee\\\/#\\\/schema\\\/logo\\\/image\\\/\"},\"sameAs\":[\"https:\\\/\\\/www.facebook.com\\\/ranoja.ee\",\"https:\\\/\\\/www.instagram.com\\\/ranoja__\\\/\"]}]}<\/script>\n<!-- \/ Yoast SEO plugin. -->","yoast_head_json":{"title":"BAHCO okasaag","description":"BAHCO okasaag Katalooginumber 339-6T. Paki pikkus on 564 mm. Paki laius 100 mm. Paki k\u00f5rgus 40 mm. Paki kaal on 0,240 kg.","robots":{"index":"index","follow":"follow","max-snippet":"max-snippet:-1","max-image-preview":"max-image-preview:large","max-video-preview":"max-video-preview:-1"},"canonical":"https:\/\/ranoja.ee\/toode\/bahco-okasaag\/","og_locale":"en_US","og_type":"article","og_title":"BAHCO okasaag","og_description":"BAHCO okasaag Katalooginumber 339-6T. Paki pikkus on 564 mm. Paki laius 100 mm. Paki k\u00f5rgus 40 mm. Paki kaal on 0,240 kg.","og_url":"https:\/\/ranoja.ee\/toode\/bahco-okasaag\/","og_site_name":"Ranoja","article_publisher":"https:\/\/www.facebook.com\/ranoja.ee","article_modified_time":"2026-03-09T11:14:42+00:00","og_image":[{"width":205,"height":205,"url":"https:\/\/ranoja.ee\/wp-content\/uploads\/2026\/03\/1140_0cbd0c38c7961fd521a7668b83c6b4b7.jpg","type":"image\/jpeg"}],"twitter_card":"summary_large_image","twitter_misc":{"Est. reading time":"1 minute"},"schema":{"@context":"https:\/\/schema.org","@graph":[{"@type":"WebPage","@id":"https:\/\/ranoja.ee\/toode\/bahco-okasaag\/","url":"https:\/\/ranoja.ee\/toode\/bahco-okasaag\/","name":"BAHCO okasaag","isPartOf":{"@id":"https:\/\/ranoja.ee\/#website"},"primaryImageOfPage":{"@id":"https:\/\/ranoja.ee\/toode\/bahco-okasaag\/#primaryimage"},"image":{"@id":"https:\/\/ranoja.ee\/toode\/bahco-okasaag\/#primaryimage"},"thumbnailUrl":"https:\/\/ranoja.ee\/wp-content\/uploads\/2026\/03\/1140_0cbd0c38c7961fd521a7668b83c6b4b7.jpg","datePublished":"2026-03-05T16:10:02+00:00","dateModified":"2026-03-09T11:14:42+00:00","description":"BAHCO okasaag Katalooginumber 339-6T. Paki pikkus on 564 mm. Paki laius 100 mm. Paki k\u00f5rgus 40 mm. Paki kaal on 0,240 kg.","breadcrumb":{"@id":"https:\/\/ranoja.ee\/toode\/bahco-okasaag\/#breadcrumb"},"inLanguage":"en-US","potentialAction":[{"@type":"ReadAction","target":["https:\/\/ranoja.ee\/toode\/bahco-okasaag\/"]}]},{"@type":"ImageObject","inLanguage":"en-US","@id":"https:\/\/ranoja.ee\/toode\/bahco-okasaag\/#primaryimage","url":"https:\/\/ranoja.ee\/wp-content\/uploads\/2026\/03\/1140_0cbd0c38c7961fd521a7668b83c6b4b7.jpg","contentUrl":"https:\/\/ranoja.ee\/wp-content\/uploads\/2026\/03\/1140_0cbd0c38c7961fd521a7668b83c6b4b7.jpg","width":205,"height":205},{"@type":"BreadcrumbList","@id":"https:\/\/ranoja.ee\/toode\/bahco-okasaag\/#breadcrumb","itemListElement":[{"@type":"ListItem","position":1,"name":"Home","item":"https:\/\/ranoja.ee\/"},{"@type":"ListItem","position":2,"name":"Shop","item":"https:\/\/ranoja.ee\/en\/shop\/"},{"@type":"ListItem","position":3,"name":"BAHCO okasaag"}]},{"@type":"WebSite","@id":"https:\/\/ranoja.ee\/#website","url":"https:\/\/ranoja.ee\/","name":"Ranoja","description":"Equipment Shop WooCommerce WordPress Theme for Machine &amp; Tools","publisher":{"@id":"https:\/\/ranoja.ee\/#organization"},"potentialAction":[{"@type":"SearchAction","target":{"@type":"EntryPoint","urlTemplate":"https:\/\/ranoja.ee\/?s={search_term_string}"},"query-input":{"@type":"PropertyValueSpecification","valueRequired":true,"valueName":"search_term_string"}}],"inLanguage":"en-US"},{"@type":"Organization","@id":"https:\/\/ranoja.ee\/#organization","name":"Ranoja O\u00dc","url":"https:\/\/ranoja.ee\/","logo":{"@type":"ImageObject","inLanguage":"en-US","@id":"https:\/\/ranoja.ee\/#\/schema\/logo\/image\/","url":"https:\/\/ranoja.ee\/wp-content\/uploads\/2023\/11\/ranoja-Logo.png","contentUrl":"https:\/\/ranoja.ee\/wp-content\/uploads\/2023\/11\/ranoja-Logo.png","width":207,"height":58,"caption":"Ranoja O\u00dc"},"image":{"@id":"https:\/\/ranoja.ee\/#\/schema\/logo\/image\/"},"sameAs":["https:\/\/www.facebook.com\/ranoja.ee","https:\/\/www.instagram.com\/ranoja__\/"]}]}},"_links":{"self":[{"href":"https:\/\/ranoja.ee\/en\/wp-json\/wp\/v2\/product\/45153","targetHints":{"allow":["GET"]}}],"collection":[{"href":"https:\/\/ranoja.ee\/en\/wp-json\/wp\/v2\/product"}],"about":[{"href":"https:\/\/ranoja.ee\/en\/wp-json\/wp\/v2\/types\/product"}],"wp:featuredmedia":[{"embeddable":true,"href":"https:\/\/ranoja.ee\/en\/wp-json\/wp\/v2\/media\/45154"}],"wp:attachment":[{"href":"https:\/\/ranoja.ee\/en\/wp-json\/wp\/v2\/media?parent=45153"}],"wp:term":[{"taxonomy":"product_cat","embeddable":true,"href":"https:\/\/ranoja.ee\/en\/wp-json\/wp\/v2\/product_cat?post=45153"},{"taxonomy":"product_tag","embeddable":true,"href":"https:\/\/ranoja.ee\/en\/wp-json\/wp\/v2\/product_tag?post=45153"}],"curies":[{"name":"wp","href":"https:\/\/api.w.org\/{rel}","templated":true}]}}