{"id":4471,"date":"2023-07-26T14:08:04","date_gmt":"2023-07-26T11:08:04","guid":{"rendered":"https:\/\/www.ranoja.ee\/?post_type=product&#038;p=4471"},"modified":"2026-01-15T11:12:24","modified_gmt":"2026-01-15T08:12:24","slug":"cedrus-lumepuhur-tanavaharja-komplekt-cedruszm06-e-4in1","status":"publish","type":"product","link":"https:\/\/ranoja.ee\/en\/toode\/cedrus-lumepuhur-tanavaharja-komplekt-cedruszm06-e-4in1\/","title":{"rendered":"CEDRUS Lumepuhur\/t\u00e4navaharja komplekt CEDRUSZM06-E 4IN1"},"content":{"rendered":"<p>CEDRUS Lumepuhur\/t\u00e4navaharja komplekt CEDRUSZM06-E 4IN1<br \/>\nCedrus ZM06E 4in1 bensiiniga lumepuhur \/ p\u00fchkimismasin on universaalne seade, mis on standardina varustatud paljude lisaseadmetega. Komplekti kuulub 80 cm laiune p\u00fchkimismasin, mis on varustatud elektrik\u00e4ivitiga Loncin G200F mootoriga (mootor tuleb \u00fchendada 230V pistikupessa ja k\u00e4ivitada nupuga), lumekoristustera, konteiner p\u00fchitud mustuse jaoks ja p\u00f6\u00f6rdsahk , ehk siis kaheastmeline k\u00e4sitsi reguleeritava deflektoriga lumepuhur. P\u00fchkimismasina lumepuhuriks muutmine on kiir\u00fchenduse abil lihtne.<\/p>\n<p>CEDRUS Lumepuhur\/t\u00e4navaharja komplekt CEDRUSZM06-E 4IN1 p\u00fchkimismasin on varustatud 5 edasi- ja 2 tagurpidik\u00e4iguga. Harja p\u00fchkimisnurka reguleeritakse juhtpaneelil oleva hoova abil 15 kraadi v\u00f5rra paremale ja vasakule.<\/p>\n<p>Cedrus on br\u00e4nd, mis on tuntud oma kvaliteetsete aiat\u00f6\u00f6riistade ja aiatehnika lahenduste poolest, pakkudes kasutajatele usaldusv\u00e4\u00e4rseid vahendeid aia hooldamiseks ja kujundamiseks. Br\u00e4ndi filosoofia keskendub funktsionaalsusele, vastupidavusele ja kasutusmugavusele, mis teeb Cedrus toodetest atraktiivse valiku nii koduaednikele kui ka professionaalsetele aednikele.<\/p>\n<p>Cedrus on p\u00fchendunud innovatsioonile ja tehnoloogilisele arengule, tagades, et nende tooted vastaksid t\u00e4nap\u00e4evastele n\u00f5udmistele ja vajadustele. Br\u00e4ndi tootevalik h\u00f5lmab mitmesuguseid aiat\u00f6\u00f6riistu, alates oksapurustajatest ja muruniidukitest kuni trimmerite ja lehepuhuriteni. Iga toode on hoolikalt disainitud, arvestades kasutajate vajadusi ja keskkonnas\u00f5bralikkust.<\/p>\n<p>Cedrus panustab j\u00e4tkusuutlikkusse, pakkudes tooteid, mis aitavad v\u00e4hendada aiaj\u00e4\u00e4tmete kogust ja soodustavad taaskasutust. Lisaks on br\u00e4nd tuntud oma klienditeeninduse ja tootekvaliteedi poolest, pakkudes tarbijatele kindlustunnet oma valiku suhtes.<br \/>\nBr\u00e4ndi CEDRUS taga on p\u00fchendunud meeskond, kes usub, et iga aednik peaks saama nautida aiat\u00f6id ilma kompromissideta. Cedrus tooted on loodud selleks, et muuta aiat\u00f6\u00f6d lihtsamaks, t\u00f5husamaks ja nauditavamaks. Olgu tegemist aia korrastamise, rohu niitmise v\u00f5i oksapurustamisega \u2013 Cedrus br\u00e4ndi all leiab iga\u00fcks endale sobiva lahenduse oma aia eest hoolitsemiseks.<br \/>\n<img decoding=\"async\" class=\"alignnone size-medium wp-image-5896\" src=\"https:\/\/www.ranoja.ee\/wp-content\/uploads\/2023\/07\/cedrus-logo-vaike-1-300x99.png\" alt=\"\" width=\"300\" height=\"99\" srcset=\"https:\/\/ranoja.ee\/wp-content\/uploads\/2023\/07\/cedrus-logo-vaike-1-300x99.png 300w, https:\/\/ranoja.ee\/wp-content\/uploads\/2023\/07\/cedrus-logo-vaike-1.png 431w\" sizes=\"(max-width: 300px) 100vw, 300px\" \/><\/p>\n","protected":false},"excerpt":{"rendered":"<p>CEDRUS 4IN1 t\u00e4navaharja komplekt CEDRUSZM06-E 4IN1<br \/>\nMootor Loncin G200F 4,1 kw<br \/>\nT\u00f6\u00f6laius 80cm<br \/>\n5 k\u00e4iku edasi, 2 k\u00e4iku tagasi<br \/>\nT\u00e4navaharja asendit saab muuta 15 kraadi paremale\/vasakule juhtpaneelilt<br \/>\nKaal 80kg<br \/>\nKompelt sisaldab lisaks t\u00e4navaharjale:<br \/>\n1)Kogujat<br \/>\n2)Lumesahka<br \/>\n3)50cm laiusega lumefrees! Lumefrees \u00fchendatakse kiirkinnitusega!<br \/>\nKaal 80kg<br \/>\n<strong>Tarneaeg 1-7 t\u00f6\u00f6p\u00e4eva<\/strong><\/p>\n[embed]https:\/\/www.youtube.com\/watch?v=7d-ExbHZStw&#038;t=86s[\/embed]\n","protected":false},"featured_media":11973,"template":"","meta":{"inline_featured_image":false},"product_cat":[1090,90,1093],"product_tag":[137,576,575,577,578,558],"class_list":{"0":"post-4471","1":"product","2":"type-product","3":"status-publish","4":"has-post-thumbnail","6":"product_brand-cedrus","7":"product_cat-ehitustehnika","8":"product_cat-lumepuhurid","9":"product_cat-tanavapuhastusharjad","10":"product_tag-cedrus","11":"product_tag-cedruszm06-e","12":"product_tag-cedruszm06-e-4in1","13":"product_tag-lumefrees","14":"product_tag-lumepuhur","15":"product_tag-tanavahari","17":"first","18":"instock","19":"taxable","20":"shipping-taxable","21":"purchasable","22":"product-type-simple"},"yoast_head":"<!-- This site is optimized with the Yoast SEO plugin v27.4 - https:\/\/yoast.com\/product\/yoast-seo-wordpress\/ -->\n<title>CEDRUS Lumepuhur\/t\u00e4navaharja komplekt CEDRUSZM06-E 4IN1<\/title>\n<meta name=\"description\" content=\"CEDRUS 4IN1 t\u00e4navaharja komplekt CEDRUSZM06-E 4IN1 Mootor Loncin G200F 4,1 kw T\u00f6\u00f6laius 80cm CEDRUS Lumepuhur\/t\u00e4navaharja komplekt CEDRUSZM06-E 4IN1\" \/>\n<meta name=\"robots\" content=\"index, follow, max-snippet:-1, max-image-preview:large, max-video-preview:-1\" \/>\n<link rel=\"canonical\" href=\"https:\/\/ranoja.ee\/toode\/cedrus-lumepuhur-tanavaharja-komplekt-cedruszm06-e-4in1\/\" \/>\n<meta property=\"og:locale\" content=\"en_US\" \/>\n<meta property=\"og:type\" content=\"article\" \/>\n<meta property=\"og:title\" content=\"CEDRUS Lumepuhur\/t\u00e4navaharja komplekt CEDRUSZM06-E 4IN1\" \/>\n<meta property=\"og:description\" content=\"CEDRUS 4IN1 t\u00e4navaharja komplekt CEDRUSZM06-E 4IN1 Mootor Loncin G200F 4,1 kw T\u00f6\u00f6laius 80cm CEDRUS Lumepuhur\/t\u00e4navaharja komplekt CEDRUSZM06-E 4IN1\" \/>\n<meta property=\"og:url\" content=\"https:\/\/ranoja.ee\/toode\/cedrus-lumepuhur-tanavaharja-komplekt-cedruszm06-e-4in1\/\" \/>\n<meta property=\"og:site_name\" content=\"Ranoja\" \/>\n<meta property=\"article:publisher\" content=\"https:\/\/www.facebook.com\/ranoja.ee\" \/>\n<meta property=\"article:modified_time\" content=\"2026-01-15T08:12:24+00:00\" \/>\n<meta property=\"og:image\" content=\"https:\/\/ranoja.ee\/wp-content\/uploads\/2023\/07\/CEDRUS-Lumepuhurtanavaharja-komplekt-CEDRUSZM06-E-4IN1.jpg\" \/>\n\t<meta property=\"og:image:width\" content=\"1200\" \/>\n\t<meta property=\"og:image:height\" content=\"800\" \/>\n\t<meta property=\"og:image:type\" content=\"image\/jpeg\" \/>\n<meta name=\"twitter:card\" content=\"summary_large_image\" \/>\n<meta name=\"twitter:label1\" content=\"Est. reading time\" \/>\n\t<meta name=\"twitter:data1\" content=\"2 minutes\" \/>\n<script type=\"application\/ld+json\" class=\"yoast-schema-graph\">{\"@context\":\"https:\\\/\\\/schema.org\",\"@graph\":[{\"@type\":\"WebPage\",\"@id\":\"https:\\\/\\\/ranoja.ee\\\/toode\\\/cedrus-lumepuhur-tanavaharja-komplekt-cedruszm06-e-4in1\\\/\",\"url\":\"https:\\\/\\\/ranoja.ee\\\/toode\\\/cedrus-lumepuhur-tanavaharja-komplekt-cedruszm06-e-4in1\\\/\",\"name\":\"CEDRUS Lumepuhur\\\/t\u00e4navaharja komplekt CEDRUSZM06-E 4IN1\",\"isPartOf\":{\"@id\":\"https:\\\/\\\/ranoja.ee\\\/#website\"},\"primaryImageOfPage\":{\"@id\":\"https:\\\/\\\/ranoja.ee\\\/toode\\\/cedrus-lumepuhur-tanavaharja-komplekt-cedruszm06-e-4in1\\\/#primaryimage\"},\"image\":{\"@id\":\"https:\\\/\\\/ranoja.ee\\\/toode\\\/cedrus-lumepuhur-tanavaharja-komplekt-cedruszm06-e-4in1\\\/#primaryimage\"},\"thumbnailUrl\":\"https:\\\/\\\/ranoja.ee\\\/wp-content\\\/uploads\\\/2023\\\/07\\\/CEDRUS-Lumepuhurtanavaharja-komplekt-CEDRUSZM06-E-4IN1.jpg\",\"datePublished\":\"2023-07-26T11:08:04+00:00\",\"dateModified\":\"2026-01-15T08:12:24+00:00\",\"description\":\"CEDRUS 4IN1 t\u00e4navaharja komplekt CEDRUSZM06-E 4IN1 Mootor Loncin G200F 4,1 kw T\u00f6\u00f6laius 80cm CEDRUS Lumepuhur\\\/t\u00e4navaharja komplekt CEDRUSZM06-E 4IN1\",\"breadcrumb\":{\"@id\":\"https:\\\/\\\/ranoja.ee\\\/toode\\\/cedrus-lumepuhur-tanavaharja-komplekt-cedruszm06-e-4in1\\\/#breadcrumb\"},\"inLanguage\":\"en-US\",\"potentialAction\":[{\"@type\":\"ReadAction\",\"target\":[\"https:\\\/\\\/ranoja.ee\\\/toode\\\/cedrus-lumepuhur-tanavaharja-komplekt-cedruszm06-e-4in1\\\/\"]}]},{\"@type\":\"ImageObject\",\"inLanguage\":\"en-US\",\"@id\":\"https:\\\/\\\/ranoja.ee\\\/toode\\\/cedrus-lumepuhur-tanavaharja-komplekt-cedruszm06-e-4in1\\\/#primaryimage\",\"url\":\"https:\\\/\\\/ranoja.ee\\\/wp-content\\\/uploads\\\/2023\\\/07\\\/CEDRUS-Lumepuhurtanavaharja-komplekt-CEDRUSZM06-E-4IN1.jpg\",\"contentUrl\":\"https:\\\/\\\/ranoja.ee\\\/wp-content\\\/uploads\\\/2023\\\/07\\\/CEDRUS-Lumepuhurtanavaharja-komplekt-CEDRUSZM06-E-4IN1.jpg\",\"width\":1200,\"height\":800,\"caption\":\"CEDRUS Lumepuhurt\u00e4navaharja komplekt CEDRUSZM06-E 4IN1\"},{\"@type\":\"BreadcrumbList\",\"@id\":\"https:\\\/\\\/ranoja.ee\\\/toode\\\/cedrus-lumepuhur-tanavaharja-komplekt-cedruszm06-e-4in1\\\/#breadcrumb\",\"itemListElement\":[{\"@type\":\"ListItem\",\"position\":1,\"name\":\"Home\",\"item\":\"https:\\\/\\\/ranoja.ee\\\/\"},{\"@type\":\"ListItem\",\"position\":2,\"name\":\"Shop\",\"item\":\"https:\\\/\\\/ranoja.ee\\\/en\\\/shop\\\/\"},{\"@type\":\"ListItem\",\"position\":3,\"name\":\"CEDRUS Lumepuhur\\\/t\u00e4navaharja komplekt CEDRUSZM06-E 4IN1\"}]},{\"@type\":\"WebSite\",\"@id\":\"https:\\\/\\\/ranoja.ee\\\/#website\",\"url\":\"https:\\\/\\\/ranoja.ee\\\/\",\"name\":\"Ranoja\",\"description\":\"Equipment Shop WooCommerce WordPress Theme for Machine &amp; Tools\",\"publisher\":{\"@id\":\"https:\\\/\\\/ranoja.ee\\\/#organization\"},\"potentialAction\":[{\"@type\":\"SearchAction\",\"target\":{\"@type\":\"EntryPoint\",\"urlTemplate\":\"https:\\\/\\\/ranoja.ee\\\/?s={search_term_string}\"},\"query-input\":{\"@type\":\"PropertyValueSpecification\",\"valueRequired\":true,\"valueName\":\"search_term_string\"}}],\"inLanguage\":\"en-US\"},{\"@type\":\"Organization\",\"@id\":\"https:\\\/\\\/ranoja.ee\\\/#organization\",\"name\":\"Ranoja O\u00dc\",\"url\":\"https:\\\/\\\/ranoja.ee\\\/\",\"logo\":{\"@type\":\"ImageObject\",\"inLanguage\":\"en-US\",\"@id\":\"https:\\\/\\\/ranoja.ee\\\/#\\\/schema\\\/logo\\\/image\\\/\",\"url\":\"https:\\\/\\\/ranoja.ee\\\/wp-content\\\/uploads\\\/2023\\\/11\\\/ranoja-Logo.png\",\"contentUrl\":\"https:\\\/\\\/ranoja.ee\\\/wp-content\\\/uploads\\\/2023\\\/11\\\/ranoja-Logo.png\",\"width\":207,\"height\":58,\"caption\":\"Ranoja O\u00dc\"},\"image\":{\"@id\":\"https:\\\/\\\/ranoja.ee\\\/#\\\/schema\\\/logo\\\/image\\\/\"},\"sameAs\":[\"https:\\\/\\\/www.facebook.com\\\/ranoja.ee\",\"https:\\\/\\\/www.instagram.com\\\/ranoja__\\\/\"]}]}<\/script>\n<!-- \/ Yoast SEO plugin. -->","yoast_head_json":{"title":"CEDRUS Lumepuhur\/t\u00e4navaharja komplekt CEDRUSZM06-E 4IN1","description":"CEDRUS 4IN1 t\u00e4navaharja komplekt CEDRUSZM06-E 4IN1 Mootor Loncin G200F 4,1 kw T\u00f6\u00f6laius 80cm CEDRUS Lumepuhur\/t\u00e4navaharja komplekt CEDRUSZM06-E 4IN1","robots":{"index":"index","follow":"follow","max-snippet":"max-snippet:-1","max-image-preview":"max-image-preview:large","max-video-preview":"max-video-preview:-1"},"canonical":"https:\/\/ranoja.ee\/toode\/cedrus-lumepuhur-tanavaharja-komplekt-cedruszm06-e-4in1\/","og_locale":"en_US","og_type":"article","og_title":"CEDRUS Lumepuhur\/t\u00e4navaharja komplekt CEDRUSZM06-E 4IN1","og_description":"CEDRUS 4IN1 t\u00e4navaharja komplekt CEDRUSZM06-E 4IN1 Mootor Loncin G200F 4,1 kw T\u00f6\u00f6laius 80cm CEDRUS Lumepuhur\/t\u00e4navaharja komplekt CEDRUSZM06-E 4IN1","og_url":"https:\/\/ranoja.ee\/toode\/cedrus-lumepuhur-tanavaharja-komplekt-cedruszm06-e-4in1\/","og_site_name":"Ranoja","article_publisher":"https:\/\/www.facebook.com\/ranoja.ee","article_modified_time":"2026-01-15T08:12:24+00:00","og_image":[{"width":1200,"height":800,"url":"https:\/\/ranoja.ee\/wp-content\/uploads\/2023\/07\/CEDRUS-Lumepuhurtanavaharja-komplekt-CEDRUSZM06-E-4IN1.jpg","type":"image\/jpeg"}],"twitter_card":"summary_large_image","twitter_misc":{"Est. reading time":"2 minutes"},"schema":{"@context":"https:\/\/schema.org","@graph":[{"@type":"WebPage","@id":"https:\/\/ranoja.ee\/toode\/cedrus-lumepuhur-tanavaharja-komplekt-cedruszm06-e-4in1\/","url":"https:\/\/ranoja.ee\/toode\/cedrus-lumepuhur-tanavaharja-komplekt-cedruszm06-e-4in1\/","name":"CEDRUS Lumepuhur\/t\u00e4navaharja komplekt CEDRUSZM06-E 4IN1","isPartOf":{"@id":"https:\/\/ranoja.ee\/#website"},"primaryImageOfPage":{"@id":"https:\/\/ranoja.ee\/toode\/cedrus-lumepuhur-tanavaharja-komplekt-cedruszm06-e-4in1\/#primaryimage"},"image":{"@id":"https:\/\/ranoja.ee\/toode\/cedrus-lumepuhur-tanavaharja-komplekt-cedruszm06-e-4in1\/#primaryimage"},"thumbnailUrl":"https:\/\/ranoja.ee\/wp-content\/uploads\/2023\/07\/CEDRUS-Lumepuhurtanavaharja-komplekt-CEDRUSZM06-E-4IN1.jpg","datePublished":"2023-07-26T11:08:04+00:00","dateModified":"2026-01-15T08:12:24+00:00","description":"CEDRUS 4IN1 t\u00e4navaharja komplekt CEDRUSZM06-E 4IN1 Mootor Loncin G200F 4,1 kw T\u00f6\u00f6laius 80cm CEDRUS Lumepuhur\/t\u00e4navaharja komplekt CEDRUSZM06-E 4IN1","breadcrumb":{"@id":"https:\/\/ranoja.ee\/toode\/cedrus-lumepuhur-tanavaharja-komplekt-cedruszm06-e-4in1\/#breadcrumb"},"inLanguage":"en-US","potentialAction":[{"@type":"ReadAction","target":["https:\/\/ranoja.ee\/toode\/cedrus-lumepuhur-tanavaharja-komplekt-cedruszm06-e-4in1\/"]}]},{"@type":"ImageObject","inLanguage":"en-US","@id":"https:\/\/ranoja.ee\/toode\/cedrus-lumepuhur-tanavaharja-komplekt-cedruszm06-e-4in1\/#primaryimage","url":"https:\/\/ranoja.ee\/wp-content\/uploads\/2023\/07\/CEDRUS-Lumepuhurtanavaharja-komplekt-CEDRUSZM06-E-4IN1.jpg","contentUrl":"https:\/\/ranoja.ee\/wp-content\/uploads\/2023\/07\/CEDRUS-Lumepuhurtanavaharja-komplekt-CEDRUSZM06-E-4IN1.jpg","width":1200,"height":800,"caption":"CEDRUS Lumepuhurt\u00e4navaharja komplekt CEDRUSZM06-E 4IN1"},{"@type":"BreadcrumbList","@id":"https:\/\/ranoja.ee\/toode\/cedrus-lumepuhur-tanavaharja-komplekt-cedruszm06-e-4in1\/#breadcrumb","itemListElement":[{"@type":"ListItem","position":1,"name":"Home","item":"https:\/\/ranoja.ee\/"},{"@type":"ListItem","position":2,"name":"Shop","item":"https:\/\/ranoja.ee\/en\/shop\/"},{"@type":"ListItem","position":3,"name":"CEDRUS Lumepuhur\/t\u00e4navaharja komplekt CEDRUSZM06-E 4IN1"}]},{"@type":"WebSite","@id":"https:\/\/ranoja.ee\/#website","url":"https:\/\/ranoja.ee\/","name":"Ranoja","description":"Equipment Shop WooCommerce WordPress Theme for Machine &amp; Tools","publisher":{"@id":"https:\/\/ranoja.ee\/#organization"},"potentialAction":[{"@type":"SearchAction","target":{"@type":"EntryPoint","urlTemplate":"https:\/\/ranoja.ee\/?s={search_term_string}"},"query-input":{"@type":"PropertyValueSpecification","valueRequired":true,"valueName":"search_term_string"}}],"inLanguage":"en-US"},{"@type":"Organization","@id":"https:\/\/ranoja.ee\/#organization","name":"Ranoja O\u00dc","url":"https:\/\/ranoja.ee\/","logo":{"@type":"ImageObject","inLanguage":"en-US","@id":"https:\/\/ranoja.ee\/#\/schema\/logo\/image\/","url":"https:\/\/ranoja.ee\/wp-content\/uploads\/2023\/11\/ranoja-Logo.png","contentUrl":"https:\/\/ranoja.ee\/wp-content\/uploads\/2023\/11\/ranoja-Logo.png","width":207,"height":58,"caption":"Ranoja O\u00dc"},"image":{"@id":"https:\/\/ranoja.ee\/#\/schema\/logo\/image\/"},"sameAs":["https:\/\/www.facebook.com\/ranoja.ee","https:\/\/www.instagram.com\/ranoja__\/"]}]}},"_links":{"self":[{"href":"https:\/\/ranoja.ee\/en\/wp-json\/wp\/v2\/product\/4471","targetHints":{"allow":["GET"]}}],"collection":[{"href":"https:\/\/ranoja.ee\/en\/wp-json\/wp\/v2\/product"}],"about":[{"href":"https:\/\/ranoja.ee\/en\/wp-json\/wp\/v2\/types\/product"}],"wp:featuredmedia":[{"embeddable":true,"href":"https:\/\/ranoja.ee\/en\/wp-json\/wp\/v2\/media\/11973"}],"wp:attachment":[{"href":"https:\/\/ranoja.ee\/en\/wp-json\/wp\/v2\/media?parent=4471"}],"wp:term":[{"taxonomy":"product_cat","embeddable":true,"href":"https:\/\/ranoja.ee\/en\/wp-json\/wp\/v2\/product_cat?post=4471"},{"taxonomy":"product_tag","embeddable":true,"href":"https:\/\/ranoja.ee\/en\/wp-json\/wp\/v2\/product_tag?post=4471"}],"curies":[{"name":"wp","href":"https:\/\/api.w.org\/{rel}","templated":true}]}}