{"id":44377,"date":"2026-03-01T19:10:15","date_gmt":"2026-03-01T16:10:15","guid":{"rendered":"https:\/\/ranoja.ee\/toode\/throttle-shaft-assembly-carburetor-hda-195\/"},"modified":"2026-03-03T14:34:56","modified_gmt":"2026-03-03T11:34:56","slug":"drosselklapi-komplekt-karburaator-hda-195","status":"publish","type":"product","link":"https:\/\/ranoja.ee\/en\/toode\/drosselklapi-komplekt-karburaator-hda-195\/","title":{"rendered":"Drosselklapi komplekt &#8211; karburaator HDA-195"},"content":{"rendered":"<p>Drosselklapi komplekt &#8211; karburaator HDA-195<\/p>\n<p>Varuosa on valmistatud vastupidavast materjalist ning sobib kasutamiseks seadmete hooldusel ja remondil. T\u00e4nu t\u00e4psetele m\u00f5\u00f5tmetele ja kvaliteetsele viimistlusele tagab see usaldusv\u00e4\u00e4rse t\u00f6\u00f6 ning pika kasutusea. Sobib ideaalselt nii professionaalseks kasutamiseks kui ka koduseks remondiks.<\/p>\n<p>Drosselklapi komplekt &#8211; karburaator HDA-195<\/p>\n","protected":false},"excerpt":{"rendered":"<p>Drosselklapi komplekt &#8211; karburaator HDA-195<\/p>\n<table class=\"cedrus-specs\">\n<tbody>\n<tr>\n<td>Catalog Number<\/td>\n<td>30-1494<\/td>\n<\/tr>\n<tr>\n<td>EAN<\/td>\n<td>5906434074950<\/td>\n<\/tr>\n<tr>\n<td>Package Length<\/td>\n<td>74<\/td>\n<\/tr>\n<tr>\n<td>Package Width<\/td>\n<td>74<\/td>\n<\/tr>\n<tr>\n<td>Package Height<\/td>\n<td>12<\/td>\n<\/tr>\n<tr>\n<td>Weight<\/td>\n<td>0.009 Kg<\/td>\n<\/tr>\n<\/tbody>\n<\/table>\n","protected":false},"featured_media":44603,"template":"","meta":{"inline_featured_image":false},"product_cat":[3052],"product_tag":[4024,4023],"class_list":{"0":"post-44377","1":"product","2":"type-product","3":"status-publish","4":"has-post-thumbnail","6":"product_cat-cedrus-tooted","7":"product_tag-30-1494","8":"product_tag-drosselklapi-komplekt-karburaator-hda-195","10":"first","11":"outofstock","12":"taxable","13":"shipping-taxable","14":"purchasable","15":"product-type-simple"},"yoast_head":"<!-- This site is optimized with the Yoast SEO plugin v27.4 - https:\/\/yoast.com\/product\/yoast-seo-wordpress\/ -->\n<title>Drosselklapi komplekt - karburaator HDA-195<\/title>\n<meta name=\"description\" content=\"Drosselklapi komplekt - karburaator HDA-195 Katalooginumber on 30-1494. Pakendi pikkus on 74 mm. Pakendi pikkus on 74 mm. Pakendi laius on 74 mm.\" \/>\n<meta name=\"robots\" content=\"index, follow, max-snippet:-1, max-image-preview:large, max-video-preview:-1\" \/>\n<link rel=\"canonical\" href=\"https:\/\/ranoja.ee\/toode\/drosselklapi-komplekt-karburaator-hda-195\/\" \/>\n<meta property=\"og:locale\" content=\"en_US\" \/>\n<meta property=\"og:type\" content=\"article\" \/>\n<meta property=\"og:title\" content=\"Drosselklapi komplekt - karburaator HDA-195\" \/>\n<meta property=\"og:description\" content=\"Drosselklapi komplekt - karburaator HDA-195 Katalooginumber on 30-1494. Pakendi pikkus on 74 mm. Pakendi pikkus on 74 mm. Pakendi laius on 74 mm.\" \/>\n<meta property=\"og:url\" content=\"https:\/\/ranoja.ee\/toode\/drosselklapi-komplekt-karburaator-hda-195\/\" \/>\n<meta property=\"og:site_name\" content=\"Ranoja\" \/>\n<meta property=\"article:publisher\" content=\"https:\/\/www.facebook.com\/ranoja.ee\" \/>\n<meta property=\"article:modified_time\" content=\"2026-03-03T11:34:56+00:00\" \/>\n<meta property=\"og:image\" content=\"https:\/\/ranoja.ee\/wp-content\/uploads\/2026\/03\/Screenshot-2026-03-03-133413.png\" \/>\n\t<meta property=\"og:image:width\" content=\"576\" \/>\n\t<meta property=\"og:image:height\" content=\"726\" \/>\n\t<meta property=\"og:image:type\" content=\"image\/png\" \/>\n<meta name=\"twitter:card\" content=\"summary_large_image\" \/>\n<meta name=\"twitter:label1\" content=\"Est. reading time\" \/>\n\t<meta name=\"twitter:data1\" content=\"1 minute\" \/>\n<script type=\"application\/ld+json\" class=\"yoast-schema-graph\">{\"@context\":\"https:\\\/\\\/schema.org\",\"@graph\":[{\"@type\":\"WebPage\",\"@id\":\"https:\\\/\\\/ranoja.ee\\\/toode\\\/drosselklapi-komplekt-karburaator-hda-195\\\/\",\"url\":\"https:\\\/\\\/ranoja.ee\\\/toode\\\/drosselklapi-komplekt-karburaator-hda-195\\\/\",\"name\":\"Drosselklapi komplekt - karburaator HDA-195\",\"isPartOf\":{\"@id\":\"https:\\\/\\\/ranoja.ee\\\/#website\"},\"primaryImageOfPage\":{\"@id\":\"https:\\\/\\\/ranoja.ee\\\/toode\\\/drosselklapi-komplekt-karburaator-hda-195\\\/#primaryimage\"},\"image\":{\"@id\":\"https:\\\/\\\/ranoja.ee\\\/toode\\\/drosselklapi-komplekt-karburaator-hda-195\\\/#primaryimage\"},\"thumbnailUrl\":\"https:\\\/\\\/ranoja.ee\\\/wp-content\\\/uploads\\\/2026\\\/03\\\/Screenshot-2026-03-03-133413.png\",\"datePublished\":\"2026-03-01T16:10:15+00:00\",\"dateModified\":\"2026-03-03T11:34:56+00:00\",\"description\":\"Drosselklapi komplekt - karburaator HDA-195 Katalooginumber on 30-1494. Pakendi pikkus on 74 mm. Pakendi pikkus on 74 mm. Pakendi laius on 74 mm.\",\"breadcrumb\":{\"@id\":\"https:\\\/\\\/ranoja.ee\\\/toode\\\/drosselklapi-komplekt-karburaator-hda-195\\\/#breadcrumb\"},\"inLanguage\":\"en-US\",\"potentialAction\":[{\"@type\":\"ReadAction\",\"target\":[\"https:\\\/\\\/ranoja.ee\\\/toode\\\/drosselklapi-komplekt-karburaator-hda-195\\\/\"]}]},{\"@type\":\"ImageObject\",\"inLanguage\":\"en-US\",\"@id\":\"https:\\\/\\\/ranoja.ee\\\/toode\\\/drosselklapi-komplekt-karburaator-hda-195\\\/#primaryimage\",\"url\":\"https:\\\/\\\/ranoja.ee\\\/wp-content\\\/uploads\\\/2026\\\/03\\\/Screenshot-2026-03-03-133413.png\",\"contentUrl\":\"https:\\\/\\\/ranoja.ee\\\/wp-content\\\/uploads\\\/2026\\\/03\\\/Screenshot-2026-03-03-133413.png\",\"width\":576,\"height\":726,\"caption\":\"Drosselklapi komplekt - karburaator HDA-195\"},{\"@type\":\"BreadcrumbList\",\"@id\":\"https:\\\/\\\/ranoja.ee\\\/toode\\\/drosselklapi-komplekt-karburaator-hda-195\\\/#breadcrumb\",\"itemListElement\":[{\"@type\":\"ListItem\",\"position\":1,\"name\":\"Home\",\"item\":\"https:\\\/\\\/ranoja.ee\\\/\"},{\"@type\":\"ListItem\",\"position\":2,\"name\":\"Shop\",\"item\":\"https:\\\/\\\/ranoja.ee\\\/en\\\/shop\\\/\"},{\"@type\":\"ListItem\",\"position\":3,\"name\":\"Drosselklapi komplekt &#8211; karburaator HDA-195\"}]},{\"@type\":\"WebSite\",\"@id\":\"https:\\\/\\\/ranoja.ee\\\/#website\",\"url\":\"https:\\\/\\\/ranoja.ee\\\/\",\"name\":\"Ranoja\",\"description\":\"Equipment Shop WooCommerce WordPress Theme for Machine &amp; Tools\",\"publisher\":{\"@id\":\"https:\\\/\\\/ranoja.ee\\\/#organization\"},\"potentialAction\":[{\"@type\":\"SearchAction\",\"target\":{\"@type\":\"EntryPoint\",\"urlTemplate\":\"https:\\\/\\\/ranoja.ee\\\/?s={search_term_string}\"},\"query-input\":{\"@type\":\"PropertyValueSpecification\",\"valueRequired\":true,\"valueName\":\"search_term_string\"}}],\"inLanguage\":\"en-US\"},{\"@type\":\"Organization\",\"@id\":\"https:\\\/\\\/ranoja.ee\\\/#organization\",\"name\":\"Ranoja O\u00dc\",\"url\":\"https:\\\/\\\/ranoja.ee\\\/\",\"logo\":{\"@type\":\"ImageObject\",\"inLanguage\":\"en-US\",\"@id\":\"https:\\\/\\\/ranoja.ee\\\/#\\\/schema\\\/logo\\\/image\\\/\",\"url\":\"https:\\\/\\\/ranoja.ee\\\/wp-content\\\/uploads\\\/2023\\\/11\\\/ranoja-Logo.png\",\"contentUrl\":\"https:\\\/\\\/ranoja.ee\\\/wp-content\\\/uploads\\\/2023\\\/11\\\/ranoja-Logo.png\",\"width\":207,\"height\":58,\"caption\":\"Ranoja O\u00dc\"},\"image\":{\"@id\":\"https:\\\/\\\/ranoja.ee\\\/#\\\/schema\\\/logo\\\/image\\\/\"},\"sameAs\":[\"https:\\\/\\\/www.facebook.com\\\/ranoja.ee\",\"https:\\\/\\\/www.instagram.com\\\/ranoja__\\\/\"]}]}<\/script>\n<!-- \/ Yoast SEO plugin. -->","yoast_head_json":{"title":"Drosselklapi komplekt - karburaator HDA-195","description":"Drosselklapi komplekt - karburaator HDA-195 Katalooginumber on 30-1494. Pakendi pikkus on 74 mm. Pakendi pikkus on 74 mm. Pakendi laius on 74 mm.","robots":{"index":"index","follow":"follow","max-snippet":"max-snippet:-1","max-image-preview":"max-image-preview:large","max-video-preview":"max-video-preview:-1"},"canonical":"https:\/\/ranoja.ee\/toode\/drosselklapi-komplekt-karburaator-hda-195\/","og_locale":"en_US","og_type":"article","og_title":"Drosselklapi komplekt - karburaator HDA-195","og_description":"Drosselklapi komplekt - karburaator HDA-195 Katalooginumber on 30-1494. Pakendi pikkus on 74 mm. Pakendi pikkus on 74 mm. Pakendi laius on 74 mm.","og_url":"https:\/\/ranoja.ee\/toode\/drosselklapi-komplekt-karburaator-hda-195\/","og_site_name":"Ranoja","article_publisher":"https:\/\/www.facebook.com\/ranoja.ee","article_modified_time":"2026-03-03T11:34:56+00:00","og_image":[{"width":576,"height":726,"url":"https:\/\/ranoja.ee\/wp-content\/uploads\/2026\/03\/Screenshot-2026-03-03-133413.png","type":"image\/png"}],"twitter_card":"summary_large_image","twitter_misc":{"Est. reading time":"1 minute"},"schema":{"@context":"https:\/\/schema.org","@graph":[{"@type":"WebPage","@id":"https:\/\/ranoja.ee\/toode\/drosselklapi-komplekt-karburaator-hda-195\/","url":"https:\/\/ranoja.ee\/toode\/drosselklapi-komplekt-karburaator-hda-195\/","name":"Drosselklapi komplekt - karburaator HDA-195","isPartOf":{"@id":"https:\/\/ranoja.ee\/#website"},"primaryImageOfPage":{"@id":"https:\/\/ranoja.ee\/toode\/drosselklapi-komplekt-karburaator-hda-195\/#primaryimage"},"image":{"@id":"https:\/\/ranoja.ee\/toode\/drosselklapi-komplekt-karburaator-hda-195\/#primaryimage"},"thumbnailUrl":"https:\/\/ranoja.ee\/wp-content\/uploads\/2026\/03\/Screenshot-2026-03-03-133413.png","datePublished":"2026-03-01T16:10:15+00:00","dateModified":"2026-03-03T11:34:56+00:00","description":"Drosselklapi komplekt - karburaator HDA-195 Katalooginumber on 30-1494. Pakendi pikkus on 74 mm. Pakendi pikkus on 74 mm. Pakendi laius on 74 mm.","breadcrumb":{"@id":"https:\/\/ranoja.ee\/toode\/drosselklapi-komplekt-karburaator-hda-195\/#breadcrumb"},"inLanguage":"en-US","potentialAction":[{"@type":"ReadAction","target":["https:\/\/ranoja.ee\/toode\/drosselklapi-komplekt-karburaator-hda-195\/"]}]},{"@type":"ImageObject","inLanguage":"en-US","@id":"https:\/\/ranoja.ee\/toode\/drosselklapi-komplekt-karburaator-hda-195\/#primaryimage","url":"https:\/\/ranoja.ee\/wp-content\/uploads\/2026\/03\/Screenshot-2026-03-03-133413.png","contentUrl":"https:\/\/ranoja.ee\/wp-content\/uploads\/2026\/03\/Screenshot-2026-03-03-133413.png","width":576,"height":726,"caption":"Drosselklapi komplekt - karburaator HDA-195"},{"@type":"BreadcrumbList","@id":"https:\/\/ranoja.ee\/toode\/drosselklapi-komplekt-karburaator-hda-195\/#breadcrumb","itemListElement":[{"@type":"ListItem","position":1,"name":"Home","item":"https:\/\/ranoja.ee\/"},{"@type":"ListItem","position":2,"name":"Shop","item":"https:\/\/ranoja.ee\/en\/shop\/"},{"@type":"ListItem","position":3,"name":"Drosselklapi komplekt &#8211; karburaator HDA-195"}]},{"@type":"WebSite","@id":"https:\/\/ranoja.ee\/#website","url":"https:\/\/ranoja.ee\/","name":"Ranoja","description":"Equipment Shop WooCommerce WordPress Theme for Machine &amp; Tools","publisher":{"@id":"https:\/\/ranoja.ee\/#organization"},"potentialAction":[{"@type":"SearchAction","target":{"@type":"EntryPoint","urlTemplate":"https:\/\/ranoja.ee\/?s={search_term_string}"},"query-input":{"@type":"PropertyValueSpecification","valueRequired":true,"valueName":"search_term_string"}}],"inLanguage":"en-US"},{"@type":"Organization","@id":"https:\/\/ranoja.ee\/#organization","name":"Ranoja O\u00dc","url":"https:\/\/ranoja.ee\/","logo":{"@type":"ImageObject","inLanguage":"en-US","@id":"https:\/\/ranoja.ee\/#\/schema\/logo\/image\/","url":"https:\/\/ranoja.ee\/wp-content\/uploads\/2023\/11\/ranoja-Logo.png","contentUrl":"https:\/\/ranoja.ee\/wp-content\/uploads\/2023\/11\/ranoja-Logo.png","width":207,"height":58,"caption":"Ranoja O\u00dc"},"image":{"@id":"https:\/\/ranoja.ee\/#\/schema\/logo\/image\/"},"sameAs":["https:\/\/www.facebook.com\/ranoja.ee","https:\/\/www.instagram.com\/ranoja__\/"]}]}},"_links":{"self":[{"href":"https:\/\/ranoja.ee\/en\/wp-json\/wp\/v2\/product\/44377","targetHints":{"allow":["GET"]}}],"collection":[{"href":"https:\/\/ranoja.ee\/en\/wp-json\/wp\/v2\/product"}],"about":[{"href":"https:\/\/ranoja.ee\/en\/wp-json\/wp\/v2\/types\/product"}],"wp:featuredmedia":[{"embeddable":true,"href":"https:\/\/ranoja.ee\/en\/wp-json\/wp\/v2\/media\/44603"}],"wp:attachment":[{"href":"https:\/\/ranoja.ee\/en\/wp-json\/wp\/v2\/media?parent=44377"}],"wp:term":[{"taxonomy":"product_cat","embeddable":true,"href":"https:\/\/ranoja.ee\/en\/wp-json\/wp\/v2\/product_cat?post=44377"},{"taxonomy":"product_tag","embeddable":true,"href":"https:\/\/ranoja.ee\/en\/wp-json\/wp\/v2\/product_tag?post=44377"}],"curies":[{"name":"wp","href":"https:\/\/api.w.org\/{rel}","templated":true}]}}