{"id":44282,"date":"2026-02-28T19:11:06","date_gmt":"2026-02-28T16:11:06","guid":{"rendered":"https:\/\/ranoja.ee\/toode\/woodruff-voti-bs\/"},"modified":"2026-03-03T12:39:53","modified_gmt":"2026-03-03T09:39:53","slug":"poolkuu-kiil-24-034","status":"publish","type":"product","link":"https:\/\/ranoja.ee\/en\/toode\/poolkuu-kiil-24-034\/","title":{"rendered":"Poolkuu kiil 24-034"},"content":{"rendered":"<p>Poolkuu kiil 24-034<\/p>\n<p>Kvaliteetne poolkuu kiil (Woodruff key), mis sobib Briggs &#038; Stratton bensiinimootoritele. Kiil paigaldatakse v\u00e4ntv\u00f5lli ja hooratta vahele ning tagab nende korrektse joondamise ja j\u00f5u\u00fclekande.<\/p>\n<p>Poolkuu kiil on oluline detail mootori s\u00fc\u00fctes\u00fcsteemi t\u00e4pseks t\u00f6\u00f6ks, kuna see hoiab hooratta \u00f5iges asendis v\u00e4ntv\u00f5lli suhtes. Kahjustunud v\u00f5i nihkunud kiil v\u00f5ib p\u00f5hjustada s\u00fc\u00fcte ajastuse muutumist, raskendatud k\u00e4ivitust v\u00f5i mootori eba\u00fchtlast t\u00f6\u00f6d.<\/p>\n<p>Valmistatud vastupidavast metallist, mis talub koormust ja vibratsiooni. Sobib kulunud v\u00f5i murdunud originaaldetaili asendamiseks. Usaldusv\u00e4\u00e4rne varuosa mootori hoolduseks ja remondiks.<\/p>\n<p>Poolkuu kiil 24-034<\/p>\n","protected":false},"excerpt":{"rendered":"<p>Poolkuu kiil 24-034<\/p>\n<table class=\"cedrus-specs\">\n<tbody>\n<tr>\n<td>Tootekataloogi number<\/td>\n<td>24-034<\/td>\n<\/tr>\n<tr>\n<td>EAN<\/td>\n<td>4023055629404<\/td>\n<\/tr>\n<tr>\n<td>Paki pikkus<\/td>\n<td>15<\/td>\n<\/tr>\n<tr>\n<td>Paki laius<\/td>\n<td>6<\/td>\n<\/tr>\n<tr>\n<td>Paki k\u00f5rgus<\/td>\n<td>4<\/td>\n<\/tr>\n<tr>\n<td>Kaal<\/td>\n<td>0.003 Kg<\/td>\n<\/tr>\n<\/tbody>\n<\/table>\n","protected":false},"featured_media":44283,"template":"","meta":{"inline_featured_image":false},"product_cat":[3052],"product_tag":[3999,3998],"class_list":{"0":"post-44282","1":"product","2":"type-product","3":"status-publish","4":"has-post-thumbnail","6":"product_cat-cedrus-tooted","7":"product_tag-24-034","8":"product_tag-poolkuu-kiil","10":"first","11":"instock","12":"taxable","13":"shipping-taxable","14":"purchasable","15":"product-type-simple"},"yoast_head":"<!-- This site is optimized with the Yoast SEO plugin v27.4 - https:\/\/yoast.com\/product\/yoast-seo-wordpress\/ -->\n<title>Poolkuu kiil 24-034<\/title>\n<meta name=\"description\" content=\"Poolkuu kiil 24-034 Tootekataloogi number 24-034. Paki pikkus on 15 mm. Paki laius on 10 mm. Paki k\u00f5rgus on 40 mm. Kaal 0.003 kg.\" \/>\n<meta name=\"robots\" content=\"index, follow, max-snippet:-1, max-image-preview:large, max-video-preview:-1\" \/>\n<link rel=\"canonical\" href=\"https:\/\/ranoja.ee\/toode\/poolkuu-kiil-24-034\/\" \/>\n<meta property=\"og:locale\" content=\"en_US\" \/>\n<meta property=\"og:type\" content=\"article\" \/>\n<meta property=\"og:title\" content=\"Poolkuu kiil 24-034\" \/>\n<meta property=\"og:description\" content=\"Poolkuu kiil 24-034 Tootekataloogi number 24-034. Paki pikkus on 15 mm. Paki laius on 10 mm. Paki k\u00f5rgus on 40 mm. Kaal 0.003 kg.\" \/>\n<meta property=\"og:url\" content=\"https:\/\/ranoja.ee\/toode\/poolkuu-kiil-24-034\/\" \/>\n<meta property=\"og:site_name\" content=\"Ranoja\" \/>\n<meta property=\"article:publisher\" content=\"https:\/\/www.facebook.com\/ranoja.ee\" \/>\n<meta property=\"article:modified_time\" content=\"2026-03-03T09:39:53+00:00\" \/>\n<meta property=\"og:image\" content=\"https:\/\/ranoja.ee\/wp-content\/uploads\/2026\/02\/6638_24-034.jpg\" \/>\n\t<meta property=\"og:image:width\" content=\"400\" \/>\n\t<meta property=\"og:image:height\" content=\"291\" \/>\n\t<meta property=\"og:image:type\" content=\"image\/jpeg\" \/>\n<meta name=\"twitter:card\" content=\"summary_large_image\" \/>\n<meta name=\"twitter:label1\" content=\"Est. reading time\" \/>\n\t<meta name=\"twitter:data1\" content=\"1 minute\" \/>\n<script type=\"application\/ld+json\" class=\"yoast-schema-graph\">{\"@context\":\"https:\\\/\\\/schema.org\",\"@graph\":[{\"@type\":\"WebPage\",\"@id\":\"https:\\\/\\\/ranoja.ee\\\/toode\\\/poolkuu-kiil-24-034\\\/\",\"url\":\"https:\\\/\\\/ranoja.ee\\\/toode\\\/poolkuu-kiil-24-034\\\/\",\"name\":\"Poolkuu kiil 24-034\",\"isPartOf\":{\"@id\":\"https:\\\/\\\/ranoja.ee\\\/#website\"},\"primaryImageOfPage\":{\"@id\":\"https:\\\/\\\/ranoja.ee\\\/toode\\\/poolkuu-kiil-24-034\\\/#primaryimage\"},\"image\":{\"@id\":\"https:\\\/\\\/ranoja.ee\\\/toode\\\/poolkuu-kiil-24-034\\\/#primaryimage\"},\"thumbnailUrl\":\"https:\\\/\\\/ranoja.ee\\\/wp-content\\\/uploads\\\/2026\\\/02\\\/6638_24-034.jpg\",\"datePublished\":\"2026-02-28T16:11:06+00:00\",\"dateModified\":\"2026-03-03T09:39:53+00:00\",\"description\":\"Poolkuu kiil 24-034 Tootekataloogi number 24-034. Paki pikkus on 15 mm. Paki laius on 10 mm. Paki k\u00f5rgus on 40 mm. Kaal 0.003 kg.\",\"breadcrumb\":{\"@id\":\"https:\\\/\\\/ranoja.ee\\\/toode\\\/poolkuu-kiil-24-034\\\/#breadcrumb\"},\"inLanguage\":\"en-US\",\"potentialAction\":[{\"@type\":\"ReadAction\",\"target\":[\"https:\\\/\\\/ranoja.ee\\\/toode\\\/poolkuu-kiil-24-034\\\/\"]}]},{\"@type\":\"ImageObject\",\"inLanguage\":\"en-US\",\"@id\":\"https:\\\/\\\/ranoja.ee\\\/toode\\\/poolkuu-kiil-24-034\\\/#primaryimage\",\"url\":\"https:\\\/\\\/ranoja.ee\\\/wp-content\\\/uploads\\\/2026\\\/02\\\/6638_24-034.jpg\",\"contentUrl\":\"https:\\\/\\\/ranoja.ee\\\/wp-content\\\/uploads\\\/2026\\\/02\\\/6638_24-034.jpg\",\"width\":400,\"height\":291},{\"@type\":\"BreadcrumbList\",\"@id\":\"https:\\\/\\\/ranoja.ee\\\/toode\\\/poolkuu-kiil-24-034\\\/#breadcrumb\",\"itemListElement\":[{\"@type\":\"ListItem\",\"position\":1,\"name\":\"Home\",\"item\":\"https:\\\/\\\/ranoja.ee\\\/\"},{\"@type\":\"ListItem\",\"position\":2,\"name\":\"Shop\",\"item\":\"https:\\\/\\\/ranoja.ee\\\/en\\\/shop\\\/\"},{\"@type\":\"ListItem\",\"position\":3,\"name\":\"Poolkuu kiil 24-034\"}]},{\"@type\":\"WebSite\",\"@id\":\"https:\\\/\\\/ranoja.ee\\\/#website\",\"url\":\"https:\\\/\\\/ranoja.ee\\\/\",\"name\":\"Ranoja\",\"description\":\"Equipment Shop WooCommerce WordPress Theme for Machine &amp; Tools\",\"publisher\":{\"@id\":\"https:\\\/\\\/ranoja.ee\\\/#organization\"},\"potentialAction\":[{\"@type\":\"SearchAction\",\"target\":{\"@type\":\"EntryPoint\",\"urlTemplate\":\"https:\\\/\\\/ranoja.ee\\\/?s={search_term_string}\"},\"query-input\":{\"@type\":\"PropertyValueSpecification\",\"valueRequired\":true,\"valueName\":\"search_term_string\"}}],\"inLanguage\":\"en-US\"},{\"@type\":\"Organization\",\"@id\":\"https:\\\/\\\/ranoja.ee\\\/#organization\",\"name\":\"Ranoja O\u00dc\",\"url\":\"https:\\\/\\\/ranoja.ee\\\/\",\"logo\":{\"@type\":\"ImageObject\",\"inLanguage\":\"en-US\",\"@id\":\"https:\\\/\\\/ranoja.ee\\\/#\\\/schema\\\/logo\\\/image\\\/\",\"url\":\"https:\\\/\\\/ranoja.ee\\\/wp-content\\\/uploads\\\/2023\\\/11\\\/ranoja-Logo.png\",\"contentUrl\":\"https:\\\/\\\/ranoja.ee\\\/wp-content\\\/uploads\\\/2023\\\/11\\\/ranoja-Logo.png\",\"width\":207,\"height\":58,\"caption\":\"Ranoja O\u00dc\"},\"image\":{\"@id\":\"https:\\\/\\\/ranoja.ee\\\/#\\\/schema\\\/logo\\\/image\\\/\"},\"sameAs\":[\"https:\\\/\\\/www.facebook.com\\\/ranoja.ee\",\"https:\\\/\\\/www.instagram.com\\\/ranoja__\\\/\"]}]}<\/script>\n<!-- \/ Yoast SEO plugin. -->","yoast_head_json":{"title":"Poolkuu kiil 24-034","description":"Poolkuu kiil 24-034 Tootekataloogi number 24-034. Paki pikkus on 15 mm. Paki laius on 10 mm. Paki k\u00f5rgus on 40 mm. Kaal 0.003 kg.","robots":{"index":"index","follow":"follow","max-snippet":"max-snippet:-1","max-image-preview":"max-image-preview:large","max-video-preview":"max-video-preview:-1"},"canonical":"https:\/\/ranoja.ee\/toode\/poolkuu-kiil-24-034\/","og_locale":"en_US","og_type":"article","og_title":"Poolkuu kiil 24-034","og_description":"Poolkuu kiil 24-034 Tootekataloogi number 24-034. Paki pikkus on 15 mm. Paki laius on 10 mm. Paki k\u00f5rgus on 40 mm. Kaal 0.003 kg.","og_url":"https:\/\/ranoja.ee\/toode\/poolkuu-kiil-24-034\/","og_site_name":"Ranoja","article_publisher":"https:\/\/www.facebook.com\/ranoja.ee","article_modified_time":"2026-03-03T09:39:53+00:00","og_image":[{"width":400,"height":291,"url":"https:\/\/ranoja.ee\/wp-content\/uploads\/2026\/02\/6638_24-034.jpg","type":"image\/jpeg"}],"twitter_card":"summary_large_image","twitter_misc":{"Est. reading time":"1 minute"},"schema":{"@context":"https:\/\/schema.org","@graph":[{"@type":"WebPage","@id":"https:\/\/ranoja.ee\/toode\/poolkuu-kiil-24-034\/","url":"https:\/\/ranoja.ee\/toode\/poolkuu-kiil-24-034\/","name":"Poolkuu kiil 24-034","isPartOf":{"@id":"https:\/\/ranoja.ee\/#website"},"primaryImageOfPage":{"@id":"https:\/\/ranoja.ee\/toode\/poolkuu-kiil-24-034\/#primaryimage"},"image":{"@id":"https:\/\/ranoja.ee\/toode\/poolkuu-kiil-24-034\/#primaryimage"},"thumbnailUrl":"https:\/\/ranoja.ee\/wp-content\/uploads\/2026\/02\/6638_24-034.jpg","datePublished":"2026-02-28T16:11:06+00:00","dateModified":"2026-03-03T09:39:53+00:00","description":"Poolkuu kiil 24-034 Tootekataloogi number 24-034. Paki pikkus on 15 mm. Paki laius on 10 mm. Paki k\u00f5rgus on 40 mm. Kaal 0.003 kg.","breadcrumb":{"@id":"https:\/\/ranoja.ee\/toode\/poolkuu-kiil-24-034\/#breadcrumb"},"inLanguage":"en-US","potentialAction":[{"@type":"ReadAction","target":["https:\/\/ranoja.ee\/toode\/poolkuu-kiil-24-034\/"]}]},{"@type":"ImageObject","inLanguage":"en-US","@id":"https:\/\/ranoja.ee\/toode\/poolkuu-kiil-24-034\/#primaryimage","url":"https:\/\/ranoja.ee\/wp-content\/uploads\/2026\/02\/6638_24-034.jpg","contentUrl":"https:\/\/ranoja.ee\/wp-content\/uploads\/2026\/02\/6638_24-034.jpg","width":400,"height":291},{"@type":"BreadcrumbList","@id":"https:\/\/ranoja.ee\/toode\/poolkuu-kiil-24-034\/#breadcrumb","itemListElement":[{"@type":"ListItem","position":1,"name":"Home","item":"https:\/\/ranoja.ee\/"},{"@type":"ListItem","position":2,"name":"Shop","item":"https:\/\/ranoja.ee\/en\/shop\/"},{"@type":"ListItem","position":3,"name":"Poolkuu kiil 24-034"}]},{"@type":"WebSite","@id":"https:\/\/ranoja.ee\/#website","url":"https:\/\/ranoja.ee\/","name":"Ranoja","description":"Equipment Shop WooCommerce WordPress Theme for Machine &amp; Tools","publisher":{"@id":"https:\/\/ranoja.ee\/#organization"},"potentialAction":[{"@type":"SearchAction","target":{"@type":"EntryPoint","urlTemplate":"https:\/\/ranoja.ee\/?s={search_term_string}"},"query-input":{"@type":"PropertyValueSpecification","valueRequired":true,"valueName":"search_term_string"}}],"inLanguage":"en-US"},{"@type":"Organization","@id":"https:\/\/ranoja.ee\/#organization","name":"Ranoja O\u00dc","url":"https:\/\/ranoja.ee\/","logo":{"@type":"ImageObject","inLanguage":"en-US","@id":"https:\/\/ranoja.ee\/#\/schema\/logo\/image\/","url":"https:\/\/ranoja.ee\/wp-content\/uploads\/2023\/11\/ranoja-Logo.png","contentUrl":"https:\/\/ranoja.ee\/wp-content\/uploads\/2023\/11\/ranoja-Logo.png","width":207,"height":58,"caption":"Ranoja O\u00dc"},"image":{"@id":"https:\/\/ranoja.ee\/#\/schema\/logo\/image\/"},"sameAs":["https:\/\/www.facebook.com\/ranoja.ee","https:\/\/www.instagram.com\/ranoja__\/"]}]}},"_links":{"self":[{"href":"https:\/\/ranoja.ee\/en\/wp-json\/wp\/v2\/product\/44282","targetHints":{"allow":["GET"]}}],"collection":[{"href":"https:\/\/ranoja.ee\/en\/wp-json\/wp\/v2\/product"}],"about":[{"href":"https:\/\/ranoja.ee\/en\/wp-json\/wp\/v2\/types\/product"}],"wp:featuredmedia":[{"embeddable":true,"href":"https:\/\/ranoja.ee\/en\/wp-json\/wp\/v2\/media\/44283"}],"wp:attachment":[{"href":"https:\/\/ranoja.ee\/en\/wp-json\/wp\/v2\/media?parent=44282"}],"wp:term":[{"taxonomy":"product_cat","embeddable":true,"href":"https:\/\/ranoja.ee\/en\/wp-json\/wp\/v2\/product_cat?post=44282"},{"taxonomy":"product_tag","embeddable":true,"href":"https:\/\/ranoja.ee\/en\/wp-json\/wp\/v2\/product_tag?post=44282"}],"curies":[{"name":"wp","href":"https:\/\/api.w.org\/{rel}","templated":true}]}}