{"id":43998,"date":"2026-02-27T11:29:51","date_gmt":"2026-02-27T08:29:51","guid":{"rendered":"https:\/\/ranoja.ee\/?post_type=product&#038;p=43998"},"modified":"2026-02-27T11:33:11","modified_gmt":"2026-02-27T08:33:11","slug":"lumag-multsimisniiduk-hgm-87555-kasutatud","status":"publish","type":"product","link":"https:\/\/ranoja.ee\/en\/toode\/lumag-multsimisniiduk-hgm-87555-kasutatud\/","title":{"rendered":"Lumag mult\u0161imisniiduk HGM 87555 (kasutatud)"},"content":{"rendered":"<p>Lumag mult\u0161imisniiduk HGM 87555 (kasutatud)<br \/>\nLumagi j\u00e4relk\u00e4idav mult\u0161imisniiduk HGM-87555 on mitmek\u00fclgne seade aia- ja maastikuhoolduseks. <\/p>\n<p>Sellega saate niita ja purustada madalat kuni keskmise suurusega muru, et kasutada mahaj\u00e4\u00e4nud niidet looduslikuks v\u00e4etamiseks. <\/p>\n<p>Mult\u0161imisniiduk sobib ideaalselt tee\u00e4\u00e4rse haljastuse, liiklussaarte ja raskesti ligip\u00e4\u00e4setavate kinnistute hooldamiseks. T\u00e4nu oma kompaktsele disainile ja <\/p>\n<p>J\u00e4relk\u00e4idav mult\u0161imisniiduk on niiduk, mida juhitakse tavaliselt jalutades tagantpoolt. See niiduk niidab muru, purustab niidetud rohu v\u00e4ikesteks t\u00fckkideks ja seej\u00e4rel puhub need tagasi murule, tagades loodusliku v\u00e4etamise ja muru tervise parandamise. <\/p>\n<p>Siin on m\u00f5ned olulised aspektid, mida tuleks j\u00e4relk\u00e4idava mult\u0161imisniiduki kasutamisel arvestada:<\/p>\n<p>Mult\u0161imise eelised: J\u00e4relk\u00e4idav mult\u0161imisniiduk pakub mitmeid eeliseid, sealhulgas niidetud rohu tagasipuhumine murule, mis aitab kaasa looduslikule v\u00e4etamisele ja aitab s\u00e4ilitada muru tervist.<br \/>\nSobiv niitmistingimus: Niidukit tuleks kasutada siis, kui muru on kuiv, kuna kuivatatud rohi purustatakse ja jaotub \u00fchtlasemalt. Niiske rohi v\u00f5ib niiduki t\u00f6\u00f6d raskendada ja p\u00f5hjustada eba\u00fchtlast mult\u0161imist.<br \/>\n\u00d5ige niitmisk\u00f5rgus: Valige sobiv niitmisk\u00f5rgus vastavalt oma muru t\u00fc\u00fcbile ja kasvule, et tagada optimaalne niitmine ja mult\u0161imine.<\/p>\n<p>J\u00e4relk\u00e4idavad mult\u0161imisniidukid on t\u00f5husad ja mugavad t\u00f6\u00f6riistad, mis aitavad hoida muru tervislikuna ja hooldatuna, v\u00e4hendades samal ajal vajadust niidetud rohu k\u00f5rvaldamise j\u00e4rele. Neid kasutatakse nii kodu- kui ka avalikel aladel, kus on vaja hoida muru korras ja atraktiivsena.<br \/>\nLumag mult\u0161imisniiduk HGM 87555 (kasutatud)<\/p>\n","protected":false},"excerpt":{"rendered":"<p>Kasutatud eelmisel hooajal ca 4-5 rendi jaoks.<br \/>\nHeas korras masin.<\/p>\n<p>Lumag mult\u0161imisniiduk HGM 87555<br \/>\nBriggs &#038; Stratton 875. seeria OHV bensiinimootor<br \/>\nMootori v\u00f5imsus: 3,8 kW 3600 p \/ min, k\u00e4sistarter<br \/>\nL\u00f5ikelaius 550mm, k\u00f5rgus reguleeritav<br \/>\nOregon l\u00f5iketera<br \/>\n*Mult\u0161niiduk sobib ideaalselt aia ja maastiku hooldamiseks, tee\u00e4\u00e4rte, liiklussaarte ja raskesti ligip\u00e4\u00e4setavate kinnistute niitmiseks!<br \/>\nKaal 70kg<br \/>\n<strong>Juurde v\u00f5imalik tellida:<br \/>\n*<a href=\"https:\/\/www.ranoja.ee\/toode\/lumag-tugiratas-5hgmflr\/\">Tugiratas 5HGMFLR<\/a> <\/strong><\/p>\n[embed]https:\/\/www.youtube.com\/watch?v=NwDIFnO23X4[\/embed]\n","protected":false},"featured_media":43999,"template":"","meta":{"inline_featured_image":false},"product_cat":[1210],"product_tag":[856,570,134,571,567],"class_list":{"0":"post-43998","1":"product","2":"type-product","3":"status-publish","4":"has-post-thumbnail","6":"product_brand-lumag","7":"product_cat-kasutatud-masinad","8":"product_tag-hgm-87555","9":"product_tag-hgm87555","10":"product_tag-lumag","11":"product_tag-multsimisniiduk","12":"product_tag-niiduk","14":"first","15":"instock","16":"taxable","17":"shipping-taxable","18":"purchasable","19":"product-type-simple"},"yoast_head":"<!-- This site is optimized with the Yoast SEO plugin v27.4 - https:\/\/yoast.com\/product\/yoast-seo-wordpress\/ -->\n<title>Lumag mult\u0161imisniiduk HGM 87555 (kasutatud)<\/title>\n<meta name=\"description\" content=\"Lumag v\u00f5imekas ja kvaliteetne mult\u0161imisniiduk HGM 87555 Briggs &amp; Stratton 875. seeria Lumag mult\u0161imisniiduk HGM 87555 (kasutatud)\" \/>\n<meta name=\"robots\" content=\"index, follow, max-snippet:-1, max-image-preview:large, max-video-preview:-1\" \/>\n<link rel=\"canonical\" href=\"https:\/\/ranoja.ee\/toode\/lumag-multsimisniiduk-hgm-87555-kasutatud\/\" \/>\n<meta property=\"og:locale\" content=\"en_US\" \/>\n<meta property=\"og:type\" content=\"article\" \/>\n<meta property=\"og:title\" content=\"Lumag mult\u0161imisniiduk HGM 87555 (kasutatud)\" \/>\n<meta property=\"og:description\" content=\"Lumag v\u00f5imekas ja kvaliteetne mult\u0161imisniiduk HGM 87555 Briggs &amp; Stratton 875. seeria Lumag mult\u0161imisniiduk HGM 87555 (kasutatud)\" \/>\n<meta property=\"og:url\" content=\"https:\/\/ranoja.ee\/toode\/lumag-multsimisniiduk-hgm-87555-kasutatud\/\" \/>\n<meta property=\"og:site_name\" content=\"Ranoja\" \/>\n<meta property=\"article:publisher\" content=\"https:\/\/www.facebook.com\/ranoja.ee\" \/>\n<meta property=\"article:modified_time\" content=\"2026-02-27T08:33:11+00:00\" \/>\n<meta property=\"og:image\" content=\"https:\/\/ranoja.ee\/wp-content\/uploads\/2026\/02\/Korgrohuniiduk-hooldusniiduk-kasutatud-4.jpg\" \/>\n\t<meta property=\"og:image:width\" content=\"1024\" \/>\n\t<meta property=\"og:image:height\" content=\"768\" \/>\n\t<meta property=\"og:image:type\" content=\"image\/jpeg\" \/>\n<meta name=\"twitter:card\" content=\"summary_large_image\" \/>\n<meta name=\"twitter:label1\" content=\"Est. reading time\" \/>\n\t<meta name=\"twitter:data1\" content=\"2 minutes\" \/>\n<script type=\"application\/ld+json\" class=\"yoast-schema-graph\">{\"@context\":\"https:\\\/\\\/schema.org\",\"@graph\":[{\"@type\":\"WebPage\",\"@id\":\"https:\\\/\\\/ranoja.ee\\\/toode\\\/lumag-multsimisniiduk-hgm-87555-kasutatud\\\/\",\"url\":\"https:\\\/\\\/ranoja.ee\\\/toode\\\/lumag-multsimisniiduk-hgm-87555-kasutatud\\\/\",\"name\":\"Lumag mult\u0161imisniiduk HGM 87555 (kasutatud)\",\"isPartOf\":{\"@id\":\"https:\\\/\\\/ranoja.ee\\\/#website\"},\"primaryImageOfPage\":{\"@id\":\"https:\\\/\\\/ranoja.ee\\\/toode\\\/lumag-multsimisniiduk-hgm-87555-kasutatud\\\/#primaryimage\"},\"image\":{\"@id\":\"https:\\\/\\\/ranoja.ee\\\/toode\\\/lumag-multsimisniiduk-hgm-87555-kasutatud\\\/#primaryimage\"},\"thumbnailUrl\":\"https:\\\/\\\/ranoja.ee\\\/wp-content\\\/uploads\\\/2026\\\/02\\\/Korgrohuniiduk-hooldusniiduk-kasutatud-4.jpg\",\"datePublished\":\"2026-02-27T08:29:51+00:00\",\"dateModified\":\"2026-02-27T08:33:11+00:00\",\"description\":\"Lumag v\u00f5imekas ja kvaliteetne mult\u0161imisniiduk HGM 87555 Briggs & Stratton 875. seeria Lumag mult\u0161imisniiduk HGM 87555 (kasutatud)\",\"breadcrumb\":{\"@id\":\"https:\\\/\\\/ranoja.ee\\\/toode\\\/lumag-multsimisniiduk-hgm-87555-kasutatud\\\/#breadcrumb\"},\"inLanguage\":\"en-US\",\"potentialAction\":[{\"@type\":\"ReadAction\",\"target\":[\"https:\\\/\\\/ranoja.ee\\\/toode\\\/lumag-multsimisniiduk-hgm-87555-kasutatud\\\/\"]}]},{\"@type\":\"ImageObject\",\"inLanguage\":\"en-US\",\"@id\":\"https:\\\/\\\/ranoja.ee\\\/toode\\\/lumag-multsimisniiduk-hgm-87555-kasutatud\\\/#primaryimage\",\"url\":\"https:\\\/\\\/ranoja.ee\\\/wp-content\\\/uploads\\\/2026\\\/02\\\/Korgrohuniiduk-hooldusniiduk-kasutatud-4.jpg\",\"contentUrl\":\"https:\\\/\\\/ranoja.ee\\\/wp-content\\\/uploads\\\/2026\\\/02\\\/Korgrohuniiduk-hooldusniiduk-kasutatud-4.jpg\",\"width\":1024,\"height\":768,\"caption\":\"Lumag mult\u0161imisniiduk HGM 87555 (kasutatud)\"},{\"@type\":\"BreadcrumbList\",\"@id\":\"https:\\\/\\\/ranoja.ee\\\/toode\\\/lumag-multsimisniiduk-hgm-87555-kasutatud\\\/#breadcrumb\",\"itemListElement\":[{\"@type\":\"ListItem\",\"position\":1,\"name\":\"Home\",\"item\":\"https:\\\/\\\/ranoja.ee\\\/\"},{\"@type\":\"ListItem\",\"position\":2,\"name\":\"Shop\",\"item\":\"https:\\\/\\\/ranoja.ee\\\/en\\\/shop\\\/\"},{\"@type\":\"ListItem\",\"position\":3,\"name\":\"Lumag mult\u0161imisniiduk HGM 87555 (kasutatud)\"}]},{\"@type\":\"WebSite\",\"@id\":\"https:\\\/\\\/ranoja.ee\\\/#website\",\"url\":\"https:\\\/\\\/ranoja.ee\\\/\",\"name\":\"Ranoja\",\"description\":\"Equipment Shop WooCommerce WordPress Theme for Machine &amp; Tools\",\"publisher\":{\"@id\":\"https:\\\/\\\/ranoja.ee\\\/#organization\"},\"potentialAction\":[{\"@type\":\"SearchAction\",\"target\":{\"@type\":\"EntryPoint\",\"urlTemplate\":\"https:\\\/\\\/ranoja.ee\\\/?s={search_term_string}\"},\"query-input\":{\"@type\":\"PropertyValueSpecification\",\"valueRequired\":true,\"valueName\":\"search_term_string\"}}],\"inLanguage\":\"en-US\"},{\"@type\":\"Organization\",\"@id\":\"https:\\\/\\\/ranoja.ee\\\/#organization\",\"name\":\"Ranoja O\u00dc\",\"url\":\"https:\\\/\\\/ranoja.ee\\\/\",\"logo\":{\"@type\":\"ImageObject\",\"inLanguage\":\"en-US\",\"@id\":\"https:\\\/\\\/ranoja.ee\\\/#\\\/schema\\\/logo\\\/image\\\/\",\"url\":\"https:\\\/\\\/ranoja.ee\\\/wp-content\\\/uploads\\\/2023\\\/11\\\/ranoja-Logo.png\",\"contentUrl\":\"https:\\\/\\\/ranoja.ee\\\/wp-content\\\/uploads\\\/2023\\\/11\\\/ranoja-Logo.png\",\"width\":207,\"height\":58,\"caption\":\"Ranoja O\u00dc\"},\"image\":{\"@id\":\"https:\\\/\\\/ranoja.ee\\\/#\\\/schema\\\/logo\\\/image\\\/\"},\"sameAs\":[\"https:\\\/\\\/www.facebook.com\\\/ranoja.ee\",\"https:\\\/\\\/www.instagram.com\\\/ranoja__\\\/\"]}]}<\/script>\n<!-- \/ Yoast SEO plugin. -->","yoast_head_json":{"title":"Lumag mult\u0161imisniiduk HGM 87555 (kasutatud)","description":"Lumag v\u00f5imekas ja kvaliteetne mult\u0161imisniiduk HGM 87555 Briggs & Stratton 875. seeria Lumag mult\u0161imisniiduk HGM 87555 (kasutatud)","robots":{"index":"index","follow":"follow","max-snippet":"max-snippet:-1","max-image-preview":"max-image-preview:large","max-video-preview":"max-video-preview:-1"},"canonical":"https:\/\/ranoja.ee\/toode\/lumag-multsimisniiduk-hgm-87555-kasutatud\/","og_locale":"en_US","og_type":"article","og_title":"Lumag mult\u0161imisniiduk HGM 87555 (kasutatud)","og_description":"Lumag v\u00f5imekas ja kvaliteetne mult\u0161imisniiduk HGM 87555 Briggs & Stratton 875. seeria Lumag mult\u0161imisniiduk HGM 87555 (kasutatud)","og_url":"https:\/\/ranoja.ee\/toode\/lumag-multsimisniiduk-hgm-87555-kasutatud\/","og_site_name":"Ranoja","article_publisher":"https:\/\/www.facebook.com\/ranoja.ee","article_modified_time":"2026-02-27T08:33:11+00:00","og_image":[{"width":1024,"height":768,"url":"https:\/\/ranoja.ee\/wp-content\/uploads\/2026\/02\/Korgrohuniiduk-hooldusniiduk-kasutatud-4.jpg","type":"image\/jpeg"}],"twitter_card":"summary_large_image","twitter_misc":{"Est. reading time":"2 minutes"},"schema":{"@context":"https:\/\/schema.org","@graph":[{"@type":"WebPage","@id":"https:\/\/ranoja.ee\/toode\/lumag-multsimisniiduk-hgm-87555-kasutatud\/","url":"https:\/\/ranoja.ee\/toode\/lumag-multsimisniiduk-hgm-87555-kasutatud\/","name":"Lumag mult\u0161imisniiduk HGM 87555 (kasutatud)","isPartOf":{"@id":"https:\/\/ranoja.ee\/#website"},"primaryImageOfPage":{"@id":"https:\/\/ranoja.ee\/toode\/lumag-multsimisniiduk-hgm-87555-kasutatud\/#primaryimage"},"image":{"@id":"https:\/\/ranoja.ee\/toode\/lumag-multsimisniiduk-hgm-87555-kasutatud\/#primaryimage"},"thumbnailUrl":"https:\/\/ranoja.ee\/wp-content\/uploads\/2026\/02\/Korgrohuniiduk-hooldusniiduk-kasutatud-4.jpg","datePublished":"2026-02-27T08:29:51+00:00","dateModified":"2026-02-27T08:33:11+00:00","description":"Lumag v\u00f5imekas ja kvaliteetne mult\u0161imisniiduk HGM 87555 Briggs & Stratton 875. seeria Lumag mult\u0161imisniiduk HGM 87555 (kasutatud)","breadcrumb":{"@id":"https:\/\/ranoja.ee\/toode\/lumag-multsimisniiduk-hgm-87555-kasutatud\/#breadcrumb"},"inLanguage":"en-US","potentialAction":[{"@type":"ReadAction","target":["https:\/\/ranoja.ee\/toode\/lumag-multsimisniiduk-hgm-87555-kasutatud\/"]}]},{"@type":"ImageObject","inLanguage":"en-US","@id":"https:\/\/ranoja.ee\/toode\/lumag-multsimisniiduk-hgm-87555-kasutatud\/#primaryimage","url":"https:\/\/ranoja.ee\/wp-content\/uploads\/2026\/02\/Korgrohuniiduk-hooldusniiduk-kasutatud-4.jpg","contentUrl":"https:\/\/ranoja.ee\/wp-content\/uploads\/2026\/02\/Korgrohuniiduk-hooldusniiduk-kasutatud-4.jpg","width":1024,"height":768,"caption":"Lumag mult\u0161imisniiduk HGM 87555 (kasutatud)"},{"@type":"BreadcrumbList","@id":"https:\/\/ranoja.ee\/toode\/lumag-multsimisniiduk-hgm-87555-kasutatud\/#breadcrumb","itemListElement":[{"@type":"ListItem","position":1,"name":"Home","item":"https:\/\/ranoja.ee\/"},{"@type":"ListItem","position":2,"name":"Shop","item":"https:\/\/ranoja.ee\/en\/shop\/"},{"@type":"ListItem","position":3,"name":"Lumag mult\u0161imisniiduk HGM 87555 (kasutatud)"}]},{"@type":"WebSite","@id":"https:\/\/ranoja.ee\/#website","url":"https:\/\/ranoja.ee\/","name":"Ranoja","description":"Equipment Shop WooCommerce WordPress Theme for Machine &amp; Tools","publisher":{"@id":"https:\/\/ranoja.ee\/#organization"},"potentialAction":[{"@type":"SearchAction","target":{"@type":"EntryPoint","urlTemplate":"https:\/\/ranoja.ee\/?s={search_term_string}"},"query-input":{"@type":"PropertyValueSpecification","valueRequired":true,"valueName":"search_term_string"}}],"inLanguage":"en-US"},{"@type":"Organization","@id":"https:\/\/ranoja.ee\/#organization","name":"Ranoja O\u00dc","url":"https:\/\/ranoja.ee\/","logo":{"@type":"ImageObject","inLanguage":"en-US","@id":"https:\/\/ranoja.ee\/#\/schema\/logo\/image\/","url":"https:\/\/ranoja.ee\/wp-content\/uploads\/2023\/11\/ranoja-Logo.png","contentUrl":"https:\/\/ranoja.ee\/wp-content\/uploads\/2023\/11\/ranoja-Logo.png","width":207,"height":58,"caption":"Ranoja O\u00dc"},"image":{"@id":"https:\/\/ranoja.ee\/#\/schema\/logo\/image\/"},"sameAs":["https:\/\/www.facebook.com\/ranoja.ee","https:\/\/www.instagram.com\/ranoja__\/"]}]}},"_links":{"self":[{"href":"https:\/\/ranoja.ee\/en\/wp-json\/wp\/v2\/product\/43998","targetHints":{"allow":["GET"]}}],"collection":[{"href":"https:\/\/ranoja.ee\/en\/wp-json\/wp\/v2\/product"}],"about":[{"href":"https:\/\/ranoja.ee\/en\/wp-json\/wp\/v2\/types\/product"}],"wp:featuredmedia":[{"embeddable":true,"href":"https:\/\/ranoja.ee\/en\/wp-json\/wp\/v2\/media\/43999"}],"wp:attachment":[{"href":"https:\/\/ranoja.ee\/en\/wp-json\/wp\/v2\/media?parent=43998"}],"wp:term":[{"taxonomy":"product_cat","embeddable":true,"href":"https:\/\/ranoja.ee\/en\/wp-json\/wp\/v2\/product_cat?post=43998"},{"taxonomy":"product_tag","embeddable":true,"href":"https:\/\/ranoja.ee\/en\/wp-json\/wp\/v2\/product_tag?post=43998"}],"curies":[{"name":"wp","href":"https:\/\/api.w.org\/{rel}","templated":true}]}}