{"id":4389,"date":"2023-07-26T11:21:15","date_gmt":"2023-07-26T08:21:15","guid":{"rendered":"https:\/\/www.ranoja.ee\/?post_type=product&#038;p=4389"},"modified":"2025-12-10T11:48:38","modified_gmt":"2025-12-10T08:48:38","slug":"lumag-kreissaag-ws700zn-kardaanajamiga-pto","status":"publish","type":"product","link":"https:\/\/ranoja.ee\/en\/toode\/lumag-kreissaag-ws700zn-kardaanajamiga-pto\/","title":{"rendered":"Lumag kreissaag WS 700ZN kardaanajamiga (PTO)"},"content":{"rendered":"<p>Peaaegu 20 aastat tagasi alustas LUMAG ettev\u00f5ttena LVG \u200b\u200bHartham GmbH.<br \/>\nEesm\u00e4rk oli pakkuda kvaliteetseid ja soodsa hinnaga ehitusmasinaid algajatele ja hobimeistritele.<br \/>\nPidev edasiarendus ja Saksa insenerid on teinud LUMAGist tuntud kaubam\u00e4rgi.<br \/>\nLUMAG teenindab n\u00fc\u00fcd ka professionaale ja ehitusettev\u00f5tteid, kes saavad kasu meie kvaliteetsetest masinatest ja seadmetest.<br \/>\nTervikteenust pakutakse t\u00e4nu t\u00fctarettev\u00f5tetele ja partneritele kogu Euroopas.<br \/>\n<img decoding=\"async\" class=\"alignnone size-medium wp-image-5899\" src=\"https:\/\/www.ranoja.ee\/wp-content\/uploads\/2023\/07\/LUMAG_Germany_logo_black-300x105.png\" alt=\"\" width=\"300\" height=\"105\" srcset=\"https:\/\/ranoja.ee\/wp-content\/uploads\/2023\/07\/LUMAG_Germany_logo_black-300x105.png 300w, https:\/\/ranoja.ee\/wp-content\/uploads\/2023\/07\/LUMAG_Germany_logo_black-768x270.png 768w, https:\/\/ranoja.ee\/wp-content\/uploads\/2023\/07\/LUMAG_Germany_logo_black-850x299.png 850w, https:\/\/ranoja.ee\/wp-content\/uploads\/2023\/07\/LUMAG_Germany_logo_black-800x281.png 800w, https:\/\/ranoja.ee\/wp-content\/uploads\/2023\/07\/LUMAG_Germany_logo_black.png 852w\" sizes=\"(max-width: 300px) 100vw, 300px\" \/><\/p>\n","protected":false},"excerpt":{"rendered":"<p>Lumag kreissaag WS 700ZN kardaanajamiga (PTO)<br \/>\n<strong>Kardaan ei kuulu komplekti<\/strong>!<br \/>\nSaetera max kiirus 1540 p\/m<br \/>\nSaeleht \u00d8 = 700mm,60 hammast<br \/>\nL\u00f5ikes\u00fcgavus max 250mm<br \/>\nSeadme m\u00f5\u00f5tmed 1380 x 960 x 1140mm<br \/>\nKaal 189kg<br \/>\n<strong>Juurde v\u00f5imalik tellida:<br \/>\n*ketas \u00d8 700 mm 5WS700HM<\/strong><br \/>\nGarantii 1 aasta (eraisikule 2 aastat)<br \/>\n<strong>Seadme eeldatav tarneaeg 2-3 n\u00e4dalat<\/strong><\/p>\n","protected":false},"featured_media":4390,"template":"","meta":{"inline_featured_image":false},"product_cat":[1088,1087],"product_tag":[554,552,551,215,181,486,553,847,550],"class_list":{"0":"post-4389","1":"product","2":"type-product","3":"status-publish","4":"has-post-thumbnail","6":"product_brand-lumag","7":"product_cat-kreissaed","8":"product_cat-metsatehnika","9":"product_tag-5ws700hm","10":"product_tag-700mm","11":"product_tag-kardaanajamiga","12":"product_tag-ketassaag","13":"product_tag-kreissaag","14":"product_tag-pto","15":"product_tag-saag","16":"product_tag-ws-700zn","17":"product_tag-ws700zn","19":"first","20":"instock","21":"taxable","22":"shipping-taxable","23":"purchasable","24":"product-type-simple"},"yoast_head":"<!-- This site is optimized with the Yoast SEO plugin v27.4 - https:\/\/yoast.com\/product\/yoast-seo-wordpress\/ -->\n<title>Ranoja lumag-kreissaag-ws700zn-kardaanajamiga-pto<\/title>\n<meta name=\"description\" content=\"Saetera max kiirus 1540 p\/mSaeleht \u00d8 = 700mm,60 hammast L\u00f5ikes\u00fcgavus max 250mm lumag-kreissaag-ws700zn-kardaanajamiga-pto\" \/>\n<meta name=\"robots\" content=\"index, follow, max-snippet:-1, max-image-preview:large, max-video-preview:-1\" \/>\n<link rel=\"canonical\" href=\"https:\/\/ranoja.ee\/toode\/lumag-kreissaag-ws700zn-kardaanajamiga-pto\/\" \/>\n<meta property=\"og:locale\" content=\"en_US\" \/>\n<meta property=\"og:type\" content=\"article\" \/>\n<meta property=\"og:title\" content=\"Ranoja lumag-kreissaag-ws700zn-kardaanajamiga-pto\" \/>\n<meta property=\"og:description\" content=\"Saetera max kiirus 1540 p\/mSaeleht \u00d8 = 700mm,60 hammast L\u00f5ikes\u00fcgavus max 250mm lumag-kreissaag-ws700zn-kardaanajamiga-pto\" \/>\n<meta property=\"og:url\" content=\"https:\/\/ranoja.ee\/toode\/lumag-kreissaag-ws700zn-kardaanajamiga-pto\/\" \/>\n<meta property=\"og:site_name\" content=\"Ranoja\" \/>\n<meta property=\"article:publisher\" content=\"https:\/\/www.facebook.com\/ranoja.ee\" \/>\n<meta property=\"article:modified_time\" content=\"2025-12-10T08:48:38+00:00\" \/>\n<meta property=\"og:image\" content=\"https:\/\/ranoja.ee\/wp-content\/uploads\/2023\/07\/Lumag-kreissaag-WS700ZN-kardaanajamiga-PTO.jpg\" \/>\n\t<meta property=\"og:image:width\" content=\"1200\" \/>\n\t<meta property=\"og:image:height\" content=\"1165\" \/>\n\t<meta property=\"og:image:type\" content=\"image\/jpeg\" \/>\n<meta name=\"twitter:card\" content=\"summary_large_image\" \/>\n<meta name=\"twitter:label1\" content=\"Est. reading time\" \/>\n\t<meta name=\"twitter:data1\" content=\"1 minute\" \/>\n<script type=\"application\/ld+json\" class=\"yoast-schema-graph\">{\"@context\":\"https:\\\/\\\/schema.org\",\"@graph\":[{\"@type\":\"WebPage\",\"@id\":\"https:\\\/\\\/ranoja.ee\\\/toode\\\/lumag-kreissaag-ws700zn-kardaanajamiga-pto\\\/\",\"url\":\"https:\\\/\\\/ranoja.ee\\\/toode\\\/lumag-kreissaag-ws700zn-kardaanajamiga-pto\\\/\",\"name\":\"Ranoja lumag-kreissaag-ws700zn-kardaanajamiga-pto\",\"isPartOf\":{\"@id\":\"https:\\\/\\\/ranoja.ee\\\/#website\"},\"primaryImageOfPage\":{\"@id\":\"https:\\\/\\\/ranoja.ee\\\/toode\\\/lumag-kreissaag-ws700zn-kardaanajamiga-pto\\\/#primaryimage\"},\"image\":{\"@id\":\"https:\\\/\\\/ranoja.ee\\\/toode\\\/lumag-kreissaag-ws700zn-kardaanajamiga-pto\\\/#primaryimage\"},\"thumbnailUrl\":\"https:\\\/\\\/ranoja.ee\\\/wp-content\\\/uploads\\\/2023\\\/07\\\/Lumag-kreissaag-WS700ZN-kardaanajamiga-PTO.jpg\",\"datePublished\":\"2023-07-26T08:21:15+00:00\",\"dateModified\":\"2025-12-10T08:48:38+00:00\",\"description\":\"Saetera max kiirus 1540 p\\\/mSaeleht \u00d8 = 700mm,60 hammast L\u00f5ikes\u00fcgavus max 250mm lumag-kreissaag-ws700zn-kardaanajamiga-pto\",\"breadcrumb\":{\"@id\":\"https:\\\/\\\/ranoja.ee\\\/toode\\\/lumag-kreissaag-ws700zn-kardaanajamiga-pto\\\/#breadcrumb\"},\"inLanguage\":\"en-US\",\"potentialAction\":[{\"@type\":\"ReadAction\",\"target\":[\"https:\\\/\\\/ranoja.ee\\\/toode\\\/lumag-kreissaag-ws700zn-kardaanajamiga-pto\\\/\"]}]},{\"@type\":\"ImageObject\",\"inLanguage\":\"en-US\",\"@id\":\"https:\\\/\\\/ranoja.ee\\\/toode\\\/lumag-kreissaag-ws700zn-kardaanajamiga-pto\\\/#primaryimage\",\"url\":\"https:\\\/\\\/ranoja.ee\\\/wp-content\\\/uploads\\\/2023\\\/07\\\/Lumag-kreissaag-WS700ZN-kardaanajamiga-PTO.jpg\",\"contentUrl\":\"https:\\\/\\\/ranoja.ee\\\/wp-content\\\/uploads\\\/2023\\\/07\\\/Lumag-kreissaag-WS700ZN-kardaanajamiga-PTO.jpg\",\"width\":1200,\"height\":1165},{\"@type\":\"BreadcrumbList\",\"@id\":\"https:\\\/\\\/ranoja.ee\\\/toode\\\/lumag-kreissaag-ws700zn-kardaanajamiga-pto\\\/#breadcrumb\",\"itemListElement\":[{\"@type\":\"ListItem\",\"position\":1,\"name\":\"Home\",\"item\":\"https:\\\/\\\/ranoja.ee\\\/\"},{\"@type\":\"ListItem\",\"position\":2,\"name\":\"Shop\",\"item\":\"https:\\\/\\\/ranoja.ee\\\/en\\\/shop\\\/\"},{\"@type\":\"ListItem\",\"position\":3,\"name\":\"Lumag kreissaag WS 700ZN kardaanajamiga (PTO)\"}]},{\"@type\":\"WebSite\",\"@id\":\"https:\\\/\\\/ranoja.ee\\\/#website\",\"url\":\"https:\\\/\\\/ranoja.ee\\\/\",\"name\":\"Ranoja\",\"description\":\"Equipment Shop WooCommerce WordPress Theme for Machine &amp; Tools\",\"publisher\":{\"@id\":\"https:\\\/\\\/ranoja.ee\\\/#organization\"},\"potentialAction\":[{\"@type\":\"SearchAction\",\"target\":{\"@type\":\"EntryPoint\",\"urlTemplate\":\"https:\\\/\\\/ranoja.ee\\\/?s={search_term_string}\"},\"query-input\":{\"@type\":\"PropertyValueSpecification\",\"valueRequired\":true,\"valueName\":\"search_term_string\"}}],\"inLanguage\":\"en-US\"},{\"@type\":\"Organization\",\"@id\":\"https:\\\/\\\/ranoja.ee\\\/#organization\",\"name\":\"Ranoja O\u00dc\",\"url\":\"https:\\\/\\\/ranoja.ee\\\/\",\"logo\":{\"@type\":\"ImageObject\",\"inLanguage\":\"en-US\",\"@id\":\"https:\\\/\\\/ranoja.ee\\\/#\\\/schema\\\/logo\\\/image\\\/\",\"url\":\"https:\\\/\\\/ranoja.ee\\\/wp-content\\\/uploads\\\/2023\\\/11\\\/ranoja-Logo.png\",\"contentUrl\":\"https:\\\/\\\/ranoja.ee\\\/wp-content\\\/uploads\\\/2023\\\/11\\\/ranoja-Logo.png\",\"width\":207,\"height\":58,\"caption\":\"Ranoja O\u00dc\"},\"image\":{\"@id\":\"https:\\\/\\\/ranoja.ee\\\/#\\\/schema\\\/logo\\\/image\\\/\"},\"sameAs\":[\"https:\\\/\\\/www.facebook.com\\\/ranoja.ee\",\"https:\\\/\\\/www.instagram.com\\\/ranoja__\\\/\"]}]}<\/script>\n<!-- \/ Yoast SEO plugin. -->","yoast_head_json":{"title":"Ranoja lumag-kreissaag-ws700zn-kardaanajamiga-pto","description":"Saetera max kiirus 1540 p\/mSaeleht \u00d8 = 700mm,60 hammast L\u00f5ikes\u00fcgavus max 250mm lumag-kreissaag-ws700zn-kardaanajamiga-pto","robots":{"index":"index","follow":"follow","max-snippet":"max-snippet:-1","max-image-preview":"max-image-preview:large","max-video-preview":"max-video-preview:-1"},"canonical":"https:\/\/ranoja.ee\/toode\/lumag-kreissaag-ws700zn-kardaanajamiga-pto\/","og_locale":"en_US","og_type":"article","og_title":"Ranoja lumag-kreissaag-ws700zn-kardaanajamiga-pto","og_description":"Saetera max kiirus 1540 p\/mSaeleht \u00d8 = 700mm,60 hammast L\u00f5ikes\u00fcgavus max 250mm lumag-kreissaag-ws700zn-kardaanajamiga-pto","og_url":"https:\/\/ranoja.ee\/toode\/lumag-kreissaag-ws700zn-kardaanajamiga-pto\/","og_site_name":"Ranoja","article_publisher":"https:\/\/www.facebook.com\/ranoja.ee","article_modified_time":"2025-12-10T08:48:38+00:00","og_image":[{"width":1200,"height":1165,"url":"https:\/\/ranoja.ee\/wp-content\/uploads\/2023\/07\/Lumag-kreissaag-WS700ZN-kardaanajamiga-PTO.jpg","type":"image\/jpeg"}],"twitter_card":"summary_large_image","twitter_misc":{"Est. reading time":"1 minute"},"schema":{"@context":"https:\/\/schema.org","@graph":[{"@type":"WebPage","@id":"https:\/\/ranoja.ee\/toode\/lumag-kreissaag-ws700zn-kardaanajamiga-pto\/","url":"https:\/\/ranoja.ee\/toode\/lumag-kreissaag-ws700zn-kardaanajamiga-pto\/","name":"Ranoja lumag-kreissaag-ws700zn-kardaanajamiga-pto","isPartOf":{"@id":"https:\/\/ranoja.ee\/#website"},"primaryImageOfPage":{"@id":"https:\/\/ranoja.ee\/toode\/lumag-kreissaag-ws700zn-kardaanajamiga-pto\/#primaryimage"},"image":{"@id":"https:\/\/ranoja.ee\/toode\/lumag-kreissaag-ws700zn-kardaanajamiga-pto\/#primaryimage"},"thumbnailUrl":"https:\/\/ranoja.ee\/wp-content\/uploads\/2023\/07\/Lumag-kreissaag-WS700ZN-kardaanajamiga-PTO.jpg","datePublished":"2023-07-26T08:21:15+00:00","dateModified":"2025-12-10T08:48:38+00:00","description":"Saetera max kiirus 1540 p\/mSaeleht \u00d8 = 700mm,60 hammast L\u00f5ikes\u00fcgavus max 250mm lumag-kreissaag-ws700zn-kardaanajamiga-pto","breadcrumb":{"@id":"https:\/\/ranoja.ee\/toode\/lumag-kreissaag-ws700zn-kardaanajamiga-pto\/#breadcrumb"},"inLanguage":"en-US","potentialAction":[{"@type":"ReadAction","target":["https:\/\/ranoja.ee\/toode\/lumag-kreissaag-ws700zn-kardaanajamiga-pto\/"]}]},{"@type":"ImageObject","inLanguage":"en-US","@id":"https:\/\/ranoja.ee\/toode\/lumag-kreissaag-ws700zn-kardaanajamiga-pto\/#primaryimage","url":"https:\/\/ranoja.ee\/wp-content\/uploads\/2023\/07\/Lumag-kreissaag-WS700ZN-kardaanajamiga-PTO.jpg","contentUrl":"https:\/\/ranoja.ee\/wp-content\/uploads\/2023\/07\/Lumag-kreissaag-WS700ZN-kardaanajamiga-PTO.jpg","width":1200,"height":1165},{"@type":"BreadcrumbList","@id":"https:\/\/ranoja.ee\/toode\/lumag-kreissaag-ws700zn-kardaanajamiga-pto\/#breadcrumb","itemListElement":[{"@type":"ListItem","position":1,"name":"Home","item":"https:\/\/ranoja.ee\/"},{"@type":"ListItem","position":2,"name":"Shop","item":"https:\/\/ranoja.ee\/en\/shop\/"},{"@type":"ListItem","position":3,"name":"Lumag kreissaag WS 700ZN kardaanajamiga (PTO)"}]},{"@type":"WebSite","@id":"https:\/\/ranoja.ee\/#website","url":"https:\/\/ranoja.ee\/","name":"Ranoja","description":"Equipment Shop WooCommerce WordPress Theme for Machine &amp; Tools","publisher":{"@id":"https:\/\/ranoja.ee\/#organization"},"potentialAction":[{"@type":"SearchAction","target":{"@type":"EntryPoint","urlTemplate":"https:\/\/ranoja.ee\/?s={search_term_string}"},"query-input":{"@type":"PropertyValueSpecification","valueRequired":true,"valueName":"search_term_string"}}],"inLanguage":"en-US"},{"@type":"Organization","@id":"https:\/\/ranoja.ee\/#organization","name":"Ranoja O\u00dc","url":"https:\/\/ranoja.ee\/","logo":{"@type":"ImageObject","inLanguage":"en-US","@id":"https:\/\/ranoja.ee\/#\/schema\/logo\/image\/","url":"https:\/\/ranoja.ee\/wp-content\/uploads\/2023\/11\/ranoja-Logo.png","contentUrl":"https:\/\/ranoja.ee\/wp-content\/uploads\/2023\/11\/ranoja-Logo.png","width":207,"height":58,"caption":"Ranoja O\u00dc"},"image":{"@id":"https:\/\/ranoja.ee\/#\/schema\/logo\/image\/"},"sameAs":["https:\/\/www.facebook.com\/ranoja.ee","https:\/\/www.instagram.com\/ranoja__\/"]}]}},"_links":{"self":[{"href":"https:\/\/ranoja.ee\/en\/wp-json\/wp\/v2\/product\/4389","targetHints":{"allow":["GET"]}}],"collection":[{"href":"https:\/\/ranoja.ee\/en\/wp-json\/wp\/v2\/product"}],"about":[{"href":"https:\/\/ranoja.ee\/en\/wp-json\/wp\/v2\/types\/product"}],"wp:featuredmedia":[{"embeddable":true,"href":"https:\/\/ranoja.ee\/en\/wp-json\/wp\/v2\/media\/4390"}],"wp:attachment":[{"href":"https:\/\/ranoja.ee\/en\/wp-json\/wp\/v2\/media?parent=4389"}],"wp:term":[{"taxonomy":"product_cat","embeddable":true,"href":"https:\/\/ranoja.ee\/en\/wp-json\/wp\/v2\/product_cat?post=4389"},{"taxonomy":"product_tag","embeddable":true,"href":"https:\/\/ranoja.ee\/en\/wp-json\/wp\/v2\/product_tag?post=4389"}],"curies":[{"name":"wp","href":"https:\/\/api.w.org\/{rel}","templated":true}]}}