{"id":4321,"date":"2023-07-26T09:48:37","date_gmt":"2023-07-26T06:48:37","guid":{"rendered":"https:\/\/www.ranoja.ee\/?post_type=product&#038;p=4321"},"modified":"2025-12-10T11:48:38","modified_gmt":"2025-12-10T08:48:38","slug":"cedrus-vertikaalne-puulohkumismasin-22t-cedls10v","status":"publish","type":"product","link":"https:\/\/ranoja.ee\/en\/toode\/cedrus-vertikaalne-puulohkumismasin-22t-cedls10v\/","title":{"rendered":"Cedrus vertikaalne puul\u00f5hkumismasin 22T CEDLS10V"},"content":{"rendered":"<p>Cedrus vertikaalne puul\u00f5hkumismasin 22T CEDLS10V<br \/>\nPuul\u00f5hkuja Cedrus LS10V on lahendus professionaalidele, kes otsivad kvaliteetset, t\u00f6\u00f6kindlat ja t\u00f5husat tehnikat. T\u00e4nu tugevale konstruktsioonile ja kvaliteetsetele komponentidele sobib masin suurep\u00e4raselt inimestele, kes tegelevad k\u00fctte- ja k\u00fcttepuude professionaalse tootmisega. Cedrus vertikaalne poolitaja t\u00f6\u00f6tab suurep\u00e4raselt igap\u00e4evat\u00f6\u00f6s suurte ja raskete puidut\u00fckkidega.<\/p>\n<p>K\u00f5rgeimate parameetritega puul\u00f5hkuja<\/p>\n<p>Cedrus LS10V on \u00fclit\u00f5husa kolmefaasilise elektrimootoriga varustatud puul\u00f5hkuja, mille v\u00f5imsus on 5100 W. T\u00e4nu sellele on t\u00e4iturmehhanismi tekitatav r\u00f5hk lausa 22 tonni. See v\u00f5imaldab t\u00f5rgeteta l\u00f5hkuda mis tahes t\u00fc\u00fcpi puitu. L\u00f5hkuja saab suurep\u00e4raselt hakkama 56\u2013110 cm pikkuste palkidega. T\u00e4iendavaks mugavuseks operaatorile on puidut\u00f5stuk, mis v\u00f5imaldab l\u00f5hkumismaterjali lihtsalt korralikult paigutada.<\/p>\n<p>Mugav ja t\u00f5hus puul\u00f5hkuja<\/p>\n<p>Cedrus LS10V jaoturit iseloomustab kompaktne vertikaalne struktuur. T\u00e4ispuhutavad rattad h\u00f5lbustavad oluliselt transportimist ja \u00f5iget seadistamist. T\u00f6\u00f6 teeb lihtsamaks ka kaheastmeline kiiruse reguleerimine (6 ja 2,9 m\/min). Samuti on v\u00f5imalik paigaldada kiil, mis l\u00f5ikab puidu neljaks osaks.<\/p>\n<p>Puul\u00f5hkuja Cedrus on ka seade, millel on k\u00f5ik vajalikud turvaelemendid. Kahe k\u00e4ega juhtimine kangiga v\u00e4hendab \u00f5nnetuste ohtu masinaga t\u00f6\u00f6tamisel. Tugev konstruktsioon omakorda tagab masina k\u00f5rge vastupidavuse ja kasutusea.<br \/>\nCedrus vertikaalne puul\u00f5hkumismasin 22T CEDLS10V<\/p>\n<p>CEDRUS on \u00fcks suurimaid aiandusmasinate, t\u00f6\u00f6riistade ning metsandus tarvikute edasim\u00fc\u00fcjaid Poolas.<br \/>\nMeie eesm\u00e4rk on pakkuda klientidele k\u00f5rgeima kvaliteediga tooteid konkurentsiv\u00f5imeliste hindadega.<br \/>\nAlates 2016. aastast oleme arendanud ka oma kaubam\u00e4rgi all olevat tootesarja Cedrus.<br \/>\nHetkel pakume enam kui 100 t\u00fc\u00fcpi CEDRUS kaubam\u00e4rgi aia- ja ehitusmasinaid, samuti k\u00f5iki hooldustarvikuid ja varuosi.<br \/>\n<img decoding=\"async\" src=\"https:\/\/www.ranoja.ee\/wp-content\/uploads\/2023\/07\/cedrus-logo-vaike-1-300x99.png\" alt=\"\" width=\"300\" height=\"99\" class=\"alignnone size-medium wp-image-5896\" srcset=\"https:\/\/ranoja.ee\/wp-content\/uploads\/2023\/07\/cedrus-logo-vaike-1-300x99.png 300w, https:\/\/ranoja.ee\/wp-content\/uploads\/2023\/07\/cedrus-logo-vaike-1.png 431w\" sizes=\"(max-width: 300px) 100vw, 300px\" \/><\/p>\n","protected":false},"excerpt":{"rendered":"<p>Cedrus vertikaalne puul\u00f5hkumismasin 22T CEDLS10V<br \/>\nT\u00f6\u00f6pinge 400V \/ 50Hz, 5100W<br \/>\nL\u00f5hkumisj\u00f5ud 22 tonni<br \/>\nL\u00f5hkumiskiirused 6m\/min ja 2,9 cm\/s<br \/>\nMax pikkus 110cm<br \/>\nMax l\u00e4bim\u00f5\u00f5t 35cm<br \/>\n<strong>L\u00f5hkumissilindri l\u00e4bim\u00f5\u00f5t on 114mm<\/strong><br \/>\n*Pakut\u00f5stuk<br \/>\n*Transportrattad<br \/>\nH\u00fcdropaak 24L<br \/>\nKaal 308kg<br \/>\n<strong>Juurde v\u00f5imalik tellida:<br \/>\n*<a href=\"https:\/\/www.ranoja.ee\/toode\/cedrus-4-teraga-kiil-cedrls09\/\">4 teraga kiil CEDRLS09<\/a><\/strong><br \/>\nGarantii 1 aasta (eraisikule 2 aastat)<br \/>\n<strong>Seadme eeldatav tarneaeg 1-7 t\u00f6\u00f6p\u00e4eva<\/strong><\/p>\n[embed]https:\/\/www.youtube.com\/watch?v=FFdYaZzdvTg[\/embed]\n","protected":false},"featured_media":11785,"template":"","meta":{"inline_featured_image":false},"product_cat":[1087,1089],"product_tag":[534,535,137,481,521],"class_list":{"0":"post-4321","1":"product","2":"type-product","3":"status-publish","4":"has-post-thumbnail","6":"product_brand-cedrus","7":"product_cat-metsatehnika","8":"product_cat-puulohkumismasinad","9":"product_tag-cedls10v","10":"product_tag-cedrls09","11":"product_tag-cedrus","12":"product_tag-puulohkuja","13":"product_tag-vertikaalne-puulohkumismasin","15":"first","16":"instock","17":"taxable","18":"shipping-taxable","19":"purchasable","20":"product-type-simple"},"yoast_head":"<!-- This site is optimized with the Yoast SEO plugin v27.4 - https:\/\/yoast.com\/product\/yoast-seo-wordpress\/ -->\n<title>Cedrus vertikaalne puul\u00f5hkumismasin 22T CEDLS10V<\/title>\n<meta name=\"description\" content=\"T\u00f6\u00f6pinge 400V \/ 50Hz, 5100W L\u00f5hkumisj\u00f5ud 22 tonni Cedrus vertikaalne puul\u00f5hkumismasin 22T CEDLS10V Suured transportrattad ja tugiratas.\" \/>\n<meta name=\"robots\" content=\"index, follow, max-snippet:-1, max-image-preview:large, max-video-preview:-1\" \/>\n<link rel=\"canonical\" href=\"https:\/\/ranoja.ee\/toode\/cedrus-vertikaalne-puulohkumismasin-22t-cedls10v\/\" \/>\n<meta property=\"og:locale\" content=\"en_US\" \/>\n<meta property=\"og:type\" content=\"article\" \/>\n<meta property=\"og:title\" content=\"Cedrus vertikaalne puul\u00f5hkumismasin 22T CEDLS10V\" \/>\n<meta property=\"og:description\" content=\"T\u00f6\u00f6pinge 400V \/ 50Hz, 5100W L\u00f5hkumisj\u00f5ud 22 tonni Cedrus vertikaalne puul\u00f5hkumismasin 22T CEDLS10V Suured transportrattad ja tugiratas.\" \/>\n<meta property=\"og:url\" content=\"https:\/\/ranoja.ee\/toode\/cedrus-vertikaalne-puulohkumismasin-22t-cedls10v\/\" \/>\n<meta property=\"og:site_name\" content=\"Ranoja\" \/>\n<meta property=\"article:publisher\" content=\"https:\/\/www.facebook.com\/ranoja.ee\" \/>\n<meta property=\"article:modified_time\" content=\"2025-12-10T08:48:38+00:00\" \/>\n<meta property=\"og:image\" content=\"https:\/\/ranoja.ee\/wp-content\/uploads\/2023\/07\/Cedrus-vertikaalne-puulohkumismasin-22T-CEDLS10V.jpg\" \/>\n\t<meta property=\"og:image:width\" content=\"677\" \/>\n\t<meta property=\"og:image:height\" content=\"1200\" \/>\n\t<meta property=\"og:image:type\" content=\"image\/jpeg\" \/>\n<meta name=\"twitter:card\" content=\"summary_large_image\" \/>\n<meta name=\"twitter:label1\" content=\"Est. reading time\" \/>\n\t<meta name=\"twitter:data1\" content=\"2 minutes\" \/>\n<script type=\"application\/ld+json\" class=\"yoast-schema-graph\">{\"@context\":\"https:\\\/\\\/schema.org\",\"@graph\":[{\"@type\":\"WebPage\",\"@id\":\"https:\\\/\\\/ranoja.ee\\\/toode\\\/cedrus-vertikaalne-puulohkumismasin-22t-cedls10v\\\/\",\"url\":\"https:\\\/\\\/ranoja.ee\\\/toode\\\/cedrus-vertikaalne-puulohkumismasin-22t-cedls10v\\\/\",\"name\":\"Cedrus vertikaalne puul\u00f5hkumismasin 22T CEDLS10V\",\"isPartOf\":{\"@id\":\"https:\\\/\\\/ranoja.ee\\\/#website\"},\"primaryImageOfPage\":{\"@id\":\"https:\\\/\\\/ranoja.ee\\\/toode\\\/cedrus-vertikaalne-puulohkumismasin-22t-cedls10v\\\/#primaryimage\"},\"image\":{\"@id\":\"https:\\\/\\\/ranoja.ee\\\/toode\\\/cedrus-vertikaalne-puulohkumismasin-22t-cedls10v\\\/#primaryimage\"},\"thumbnailUrl\":\"https:\\\/\\\/ranoja.ee\\\/wp-content\\\/uploads\\\/2023\\\/07\\\/Cedrus-vertikaalne-puulohkumismasin-22T-CEDLS10V.jpg\",\"datePublished\":\"2023-07-26T06:48:37+00:00\",\"dateModified\":\"2025-12-10T08:48:38+00:00\",\"description\":\"T\u00f6\u00f6pinge 400V \\\/ 50Hz, 5100W L\u00f5hkumisj\u00f5ud 22 tonni Cedrus vertikaalne puul\u00f5hkumismasin 22T CEDLS10V Suured transportrattad ja tugiratas.\",\"breadcrumb\":{\"@id\":\"https:\\\/\\\/ranoja.ee\\\/toode\\\/cedrus-vertikaalne-puulohkumismasin-22t-cedls10v\\\/#breadcrumb\"},\"inLanguage\":\"en-US\",\"potentialAction\":[{\"@type\":\"ReadAction\",\"target\":[\"https:\\\/\\\/ranoja.ee\\\/toode\\\/cedrus-vertikaalne-puulohkumismasin-22t-cedls10v\\\/\"]}]},{\"@type\":\"ImageObject\",\"inLanguage\":\"en-US\",\"@id\":\"https:\\\/\\\/ranoja.ee\\\/toode\\\/cedrus-vertikaalne-puulohkumismasin-22t-cedls10v\\\/#primaryimage\",\"url\":\"https:\\\/\\\/ranoja.ee\\\/wp-content\\\/uploads\\\/2023\\\/07\\\/Cedrus-vertikaalne-puulohkumismasin-22T-CEDLS10V.jpg\",\"contentUrl\":\"https:\\\/\\\/ranoja.ee\\\/wp-content\\\/uploads\\\/2023\\\/07\\\/Cedrus-vertikaalne-puulohkumismasin-22T-CEDLS10V.jpg\",\"width\":677,\"height\":1200,\"caption\":\"Cedrus vertikaalne puul\u00f5hkumismasin 22T CEDLS10V\"},{\"@type\":\"BreadcrumbList\",\"@id\":\"https:\\\/\\\/ranoja.ee\\\/toode\\\/cedrus-vertikaalne-puulohkumismasin-22t-cedls10v\\\/#breadcrumb\",\"itemListElement\":[{\"@type\":\"ListItem\",\"position\":1,\"name\":\"Home\",\"item\":\"https:\\\/\\\/ranoja.ee\\\/\"},{\"@type\":\"ListItem\",\"position\":2,\"name\":\"Shop\",\"item\":\"https:\\\/\\\/ranoja.ee\\\/en\\\/shop\\\/\"},{\"@type\":\"ListItem\",\"position\":3,\"name\":\"Cedrus vertikaalne puul\u00f5hkumismasin 22T CEDLS10V\"}]},{\"@type\":\"WebSite\",\"@id\":\"https:\\\/\\\/ranoja.ee\\\/#website\",\"url\":\"https:\\\/\\\/ranoja.ee\\\/\",\"name\":\"Ranoja\",\"description\":\"Equipment Shop WooCommerce WordPress Theme for Machine &amp; Tools\",\"publisher\":{\"@id\":\"https:\\\/\\\/ranoja.ee\\\/#organization\"},\"potentialAction\":[{\"@type\":\"SearchAction\",\"target\":{\"@type\":\"EntryPoint\",\"urlTemplate\":\"https:\\\/\\\/ranoja.ee\\\/?s={search_term_string}\"},\"query-input\":{\"@type\":\"PropertyValueSpecification\",\"valueRequired\":true,\"valueName\":\"search_term_string\"}}],\"inLanguage\":\"en-US\"},{\"@type\":\"Organization\",\"@id\":\"https:\\\/\\\/ranoja.ee\\\/#organization\",\"name\":\"Ranoja O\u00dc\",\"url\":\"https:\\\/\\\/ranoja.ee\\\/\",\"logo\":{\"@type\":\"ImageObject\",\"inLanguage\":\"en-US\",\"@id\":\"https:\\\/\\\/ranoja.ee\\\/#\\\/schema\\\/logo\\\/image\\\/\",\"url\":\"https:\\\/\\\/ranoja.ee\\\/wp-content\\\/uploads\\\/2023\\\/11\\\/ranoja-Logo.png\",\"contentUrl\":\"https:\\\/\\\/ranoja.ee\\\/wp-content\\\/uploads\\\/2023\\\/11\\\/ranoja-Logo.png\",\"width\":207,\"height\":58,\"caption\":\"Ranoja O\u00dc\"},\"image\":{\"@id\":\"https:\\\/\\\/ranoja.ee\\\/#\\\/schema\\\/logo\\\/image\\\/\"},\"sameAs\":[\"https:\\\/\\\/www.facebook.com\\\/ranoja.ee\",\"https:\\\/\\\/www.instagram.com\\\/ranoja__\\\/\"]}]}<\/script>\n<!-- \/ Yoast SEO plugin. -->","yoast_head_json":{"title":"Cedrus vertikaalne puul\u00f5hkumismasin 22T CEDLS10V","description":"T\u00f6\u00f6pinge 400V \/ 50Hz, 5100W L\u00f5hkumisj\u00f5ud 22 tonni Cedrus vertikaalne puul\u00f5hkumismasin 22T CEDLS10V Suured transportrattad ja tugiratas.","robots":{"index":"index","follow":"follow","max-snippet":"max-snippet:-1","max-image-preview":"max-image-preview:large","max-video-preview":"max-video-preview:-1"},"canonical":"https:\/\/ranoja.ee\/toode\/cedrus-vertikaalne-puulohkumismasin-22t-cedls10v\/","og_locale":"en_US","og_type":"article","og_title":"Cedrus vertikaalne puul\u00f5hkumismasin 22T CEDLS10V","og_description":"T\u00f6\u00f6pinge 400V \/ 50Hz, 5100W L\u00f5hkumisj\u00f5ud 22 tonni Cedrus vertikaalne puul\u00f5hkumismasin 22T CEDLS10V Suured transportrattad ja tugiratas.","og_url":"https:\/\/ranoja.ee\/toode\/cedrus-vertikaalne-puulohkumismasin-22t-cedls10v\/","og_site_name":"Ranoja","article_publisher":"https:\/\/www.facebook.com\/ranoja.ee","article_modified_time":"2025-12-10T08:48:38+00:00","og_image":[{"width":677,"height":1200,"url":"https:\/\/ranoja.ee\/wp-content\/uploads\/2023\/07\/Cedrus-vertikaalne-puulohkumismasin-22T-CEDLS10V.jpg","type":"image\/jpeg"}],"twitter_card":"summary_large_image","twitter_misc":{"Est. reading time":"2 minutes"},"schema":{"@context":"https:\/\/schema.org","@graph":[{"@type":"WebPage","@id":"https:\/\/ranoja.ee\/toode\/cedrus-vertikaalne-puulohkumismasin-22t-cedls10v\/","url":"https:\/\/ranoja.ee\/toode\/cedrus-vertikaalne-puulohkumismasin-22t-cedls10v\/","name":"Cedrus vertikaalne puul\u00f5hkumismasin 22T CEDLS10V","isPartOf":{"@id":"https:\/\/ranoja.ee\/#website"},"primaryImageOfPage":{"@id":"https:\/\/ranoja.ee\/toode\/cedrus-vertikaalne-puulohkumismasin-22t-cedls10v\/#primaryimage"},"image":{"@id":"https:\/\/ranoja.ee\/toode\/cedrus-vertikaalne-puulohkumismasin-22t-cedls10v\/#primaryimage"},"thumbnailUrl":"https:\/\/ranoja.ee\/wp-content\/uploads\/2023\/07\/Cedrus-vertikaalne-puulohkumismasin-22T-CEDLS10V.jpg","datePublished":"2023-07-26T06:48:37+00:00","dateModified":"2025-12-10T08:48:38+00:00","description":"T\u00f6\u00f6pinge 400V \/ 50Hz, 5100W L\u00f5hkumisj\u00f5ud 22 tonni Cedrus vertikaalne puul\u00f5hkumismasin 22T CEDLS10V Suured transportrattad ja tugiratas.","breadcrumb":{"@id":"https:\/\/ranoja.ee\/toode\/cedrus-vertikaalne-puulohkumismasin-22t-cedls10v\/#breadcrumb"},"inLanguage":"en-US","potentialAction":[{"@type":"ReadAction","target":["https:\/\/ranoja.ee\/toode\/cedrus-vertikaalne-puulohkumismasin-22t-cedls10v\/"]}]},{"@type":"ImageObject","inLanguage":"en-US","@id":"https:\/\/ranoja.ee\/toode\/cedrus-vertikaalne-puulohkumismasin-22t-cedls10v\/#primaryimage","url":"https:\/\/ranoja.ee\/wp-content\/uploads\/2023\/07\/Cedrus-vertikaalne-puulohkumismasin-22T-CEDLS10V.jpg","contentUrl":"https:\/\/ranoja.ee\/wp-content\/uploads\/2023\/07\/Cedrus-vertikaalne-puulohkumismasin-22T-CEDLS10V.jpg","width":677,"height":1200,"caption":"Cedrus vertikaalne puul\u00f5hkumismasin 22T CEDLS10V"},{"@type":"BreadcrumbList","@id":"https:\/\/ranoja.ee\/toode\/cedrus-vertikaalne-puulohkumismasin-22t-cedls10v\/#breadcrumb","itemListElement":[{"@type":"ListItem","position":1,"name":"Home","item":"https:\/\/ranoja.ee\/"},{"@type":"ListItem","position":2,"name":"Shop","item":"https:\/\/ranoja.ee\/en\/shop\/"},{"@type":"ListItem","position":3,"name":"Cedrus vertikaalne puul\u00f5hkumismasin 22T CEDLS10V"}]},{"@type":"WebSite","@id":"https:\/\/ranoja.ee\/#website","url":"https:\/\/ranoja.ee\/","name":"Ranoja","description":"Equipment Shop WooCommerce WordPress Theme for Machine &amp; Tools","publisher":{"@id":"https:\/\/ranoja.ee\/#organization"},"potentialAction":[{"@type":"SearchAction","target":{"@type":"EntryPoint","urlTemplate":"https:\/\/ranoja.ee\/?s={search_term_string}"},"query-input":{"@type":"PropertyValueSpecification","valueRequired":true,"valueName":"search_term_string"}}],"inLanguage":"en-US"},{"@type":"Organization","@id":"https:\/\/ranoja.ee\/#organization","name":"Ranoja O\u00dc","url":"https:\/\/ranoja.ee\/","logo":{"@type":"ImageObject","inLanguage":"en-US","@id":"https:\/\/ranoja.ee\/#\/schema\/logo\/image\/","url":"https:\/\/ranoja.ee\/wp-content\/uploads\/2023\/11\/ranoja-Logo.png","contentUrl":"https:\/\/ranoja.ee\/wp-content\/uploads\/2023\/11\/ranoja-Logo.png","width":207,"height":58,"caption":"Ranoja O\u00dc"},"image":{"@id":"https:\/\/ranoja.ee\/#\/schema\/logo\/image\/"},"sameAs":["https:\/\/www.facebook.com\/ranoja.ee","https:\/\/www.instagram.com\/ranoja__\/"]}]}},"_links":{"self":[{"href":"https:\/\/ranoja.ee\/en\/wp-json\/wp\/v2\/product\/4321","targetHints":{"allow":["GET"]}}],"collection":[{"href":"https:\/\/ranoja.ee\/en\/wp-json\/wp\/v2\/product"}],"about":[{"href":"https:\/\/ranoja.ee\/en\/wp-json\/wp\/v2\/types\/product"}],"wp:featuredmedia":[{"embeddable":true,"href":"https:\/\/ranoja.ee\/en\/wp-json\/wp\/v2\/media\/11785"}],"wp:attachment":[{"href":"https:\/\/ranoja.ee\/en\/wp-json\/wp\/v2\/media?parent=4321"}],"wp:term":[{"taxonomy":"product_cat","embeddable":true,"href":"https:\/\/ranoja.ee\/en\/wp-json\/wp\/v2\/product_cat?post=4321"},{"taxonomy":"product_tag","embeddable":true,"href":"https:\/\/ranoja.ee\/en\/wp-json\/wp\/v2\/product_tag?post=4321"}],"curies":[{"name":"wp","href":"https:\/\/api.w.org\/{rel}","templated":true}]}}