{"id":43187,"date":"2026-02-24T19:12:18","date_gmt":"2026-02-24T16:12:18","guid":{"rendered":"https:\/\/ranoja.ee\/toode\/th34\/"},"modified":"2026-03-03T11:12:45","modified_gmt":"2026-03-03T08:12:45","slug":"suutekuunla-piibu-vedru-tj27-th34-th23-tj45e-tj35e","status":"publish","type":"product","link":"https:\/\/ranoja.ee\/en\/toode\/suutekuunla-piibu-vedru-tj27-th34-th23-tj45e-tj35e\/","title":{"rendered":"S\u00fc\u00fctek\u00fc\u00fcnla piibu vedru TJ27 TH34 TH23 TJ45E TJ35E"},"content":{"rendered":"<p>S\u00fc\u00fctek\u00fc\u00fcnla piibu vedru TJ27 TH34 TH23 TJ45E TJ35E <\/p>\n<p>Kvaliteetne s\u00fc\u00fctek\u00fc\u00fcnla piibu vedru, mis sobib mudelitele TJ27, TH34, TH23, TJ45E ja TJ35E. Vedru asub s\u00fc\u00fctek\u00fc\u00fcnla piibu sees ning tagab kindla ja stabiilse elektrilise \u00fchenduse s\u00fc\u00fctek\u00fc\u00fcnla ning s\u00fc\u00fctejuhtme vahel.<\/p>\n<p>See detail on oluline mootori korrektseks t\u00f6\u00f6ks, kuna aitab s\u00e4ilitada \u00fchtlase s\u00fc\u00fctesignaali ning v\u00e4hendab vibratsioonist tulenevaid \u00fchendusprobleeme. Kulunud v\u00f5i deformeerunud vedru v\u00f5ib p\u00f5hjustada k\u00e4ivitamisraskusi, mootori eba\u00fchtlast t\u00f6\u00f6d v\u00f5i s\u00fc\u00fctekatkestusi.<\/p>\n<p>Sobib kasutamiseks erinevatel v\u00e4ikemootoritel, n\u00e4iteks trimmeritel, v\u00f5sal\u00f5ikuritel ja muudel bensiinimootoriga aiat\u00f6\u00f6riistadel.<\/p>\n<p>S\u00fc\u00fctek\u00fc\u00fcnla piibu vedru TJ27 TH34 TH23 TJ45E TJ35E <\/p>\n","protected":false},"excerpt":{"rendered":"<p>S\u00fc\u00fctek\u00fc\u00fcnla piibu vedru TJ27 TH34 TH23 TJ45E TJ35E <\/p>\n<table class=\"cedrus-specs\">\n<tbody>\n<tr>\n<td>Kataloogi number<\/td>\n<td>21169-2051<\/td>\n<\/tr>\n<tr>\n<td>EAN<\/td>\n<td>5906434065811<\/td>\n<\/tr>\n<tr>\n<td>Paki pikkus<\/td>\n<td>57<\/td>\n<\/tr>\n<tr>\n<td>Paki laius<\/td>\n<td>40<\/td>\n<\/tr>\n<tr>\n<td>Paki k\u00f5rgus<\/td>\n<td>10<\/td>\n<\/tr>\n<tr>\n<td>Kaal<\/td>\n<td>0.002 Kg<\/td>\n<\/tr>\n<\/tbody>\n<\/table>\n","protected":false},"featured_media":43188,"template":"","meta":{"inline_featured_image":false},"product_cat":[3052],"product_tag":[3969,3970],"class_list":{"0":"post-43187","1":"product","2":"type-product","3":"status-publish","4":"has-post-thumbnail","6":"product_cat-cedrus-tooted","7":"product_tag-21169-2051","8":"product_tag-suutekuunla-piibu-vedru-tj27-th34-th23-tj45e-tj35e","10":"first","11":"instock","12":"taxable","13":"shipping-taxable","14":"purchasable","15":"product-type-simple"},"yoast_head":"<!-- This site is optimized with the Yoast SEO plugin v27.4 - https:\/\/yoast.com\/product\/yoast-seo-wordpress\/ -->\n<title>S\u00fc\u00fctek\u00fc\u00fcnla piibu vedru TJ27 TH34 TH23 TJ45E TJ35E<\/title>\n<meta name=\"description\" content=\"S\u00fc\u00fctek\u00fc\u00fcnla piibu vedru TJ27 TH34 TH23 TJ45E TJ35E Kataloogi number 21169-2051. Paki pikkus 57 mm. Paki laius 40 mm. Paki k\u00f5rgus 10 mm. Kaal 0.002 kg.\" \/>\n<meta name=\"robots\" content=\"index, follow, max-snippet:-1, max-image-preview:large, max-video-preview:-1\" \/>\n<link rel=\"canonical\" href=\"https:\/\/ranoja.ee\/toode\/suutekuunla-piibu-vedru-tj27-th34-th23-tj45e-tj35e\/\" \/>\n<meta property=\"og:locale\" content=\"en_US\" \/>\n<meta property=\"og:type\" content=\"article\" \/>\n<meta property=\"og:title\" content=\"S\u00fc\u00fctek\u00fc\u00fcnla piibu vedru TJ27 TH34 TH23 TJ45E TJ35E\" \/>\n<meta property=\"og:description\" content=\"S\u00fc\u00fctek\u00fc\u00fcnla piibu vedru TJ27 TH34 TH23 TJ45E TJ35E Kataloogi number 21169-2051. Paki pikkus 57 mm. Paki laius 40 mm. Paki k\u00f5rgus 10 mm. Kaal 0.002 kg.\" \/>\n<meta property=\"og:url\" content=\"https:\/\/ranoja.ee\/toode\/suutekuunla-piibu-vedru-tj27-th34-th23-tj45e-tj35e\/\" \/>\n<meta property=\"og:site_name\" content=\"Ranoja\" \/>\n<meta property=\"article:publisher\" content=\"https:\/\/www.facebook.com\/ranoja.ee\" \/>\n<meta property=\"article:modified_time\" content=\"2026-03-03T08:12:45+00:00\" \/>\n<meta property=\"og:image\" content=\"https:\/\/ranoja.ee\/wp-content\/uploads\/2026\/02\/21169-2051.jpg\" \/>\n\t<meta property=\"og:image:width\" content=\"1200\" \/>\n\t<meta property=\"og:image:height\" content=\"1200\" \/>\n\t<meta property=\"og:image:type\" content=\"image\/jpeg\" \/>\n<meta name=\"twitter:card\" content=\"summary_large_image\" \/>\n<meta name=\"twitter:label1\" content=\"Est. reading time\" \/>\n\t<meta name=\"twitter:data1\" content=\"1 minute\" \/>\n<script type=\"application\/ld+json\" class=\"yoast-schema-graph\">{\"@context\":\"https:\\\/\\\/schema.org\",\"@graph\":[{\"@type\":\"WebPage\",\"@id\":\"https:\\\/\\\/ranoja.ee\\\/toode\\\/suutekuunla-piibu-vedru-tj27-th34-th23-tj45e-tj35e\\\/\",\"url\":\"https:\\\/\\\/ranoja.ee\\\/toode\\\/suutekuunla-piibu-vedru-tj27-th34-th23-tj45e-tj35e\\\/\",\"name\":\"S\u00fc\u00fctek\u00fc\u00fcnla piibu vedru TJ27 TH34 TH23 TJ45E TJ35E\",\"isPartOf\":{\"@id\":\"https:\\\/\\\/ranoja.ee\\\/#website\"},\"primaryImageOfPage\":{\"@id\":\"https:\\\/\\\/ranoja.ee\\\/toode\\\/suutekuunla-piibu-vedru-tj27-th34-th23-tj45e-tj35e\\\/#primaryimage\"},\"image\":{\"@id\":\"https:\\\/\\\/ranoja.ee\\\/toode\\\/suutekuunla-piibu-vedru-tj27-th34-th23-tj45e-tj35e\\\/#primaryimage\"},\"thumbnailUrl\":\"https:\\\/\\\/ranoja.ee\\\/wp-content\\\/uploads\\\/2026\\\/02\\\/21169-2051.jpg\",\"datePublished\":\"2026-02-24T16:12:18+00:00\",\"dateModified\":\"2026-03-03T08:12:45+00:00\",\"description\":\"S\u00fc\u00fctek\u00fc\u00fcnla piibu vedru TJ27 TH34 TH23 TJ45E TJ35E Kataloogi number 21169-2051. Paki pikkus 57 mm. Paki laius 40 mm. Paki k\u00f5rgus 10 mm. Kaal 0.002 kg.\",\"breadcrumb\":{\"@id\":\"https:\\\/\\\/ranoja.ee\\\/toode\\\/suutekuunla-piibu-vedru-tj27-th34-th23-tj45e-tj35e\\\/#breadcrumb\"},\"inLanguage\":\"en-US\",\"potentialAction\":[{\"@type\":\"ReadAction\",\"target\":[\"https:\\\/\\\/ranoja.ee\\\/toode\\\/suutekuunla-piibu-vedru-tj27-th34-th23-tj45e-tj35e\\\/\"]}]},{\"@type\":\"ImageObject\",\"inLanguage\":\"en-US\",\"@id\":\"https:\\\/\\\/ranoja.ee\\\/toode\\\/suutekuunla-piibu-vedru-tj27-th34-th23-tj45e-tj35e\\\/#primaryimage\",\"url\":\"https:\\\/\\\/ranoja.ee\\\/wp-content\\\/uploads\\\/2026\\\/02\\\/21169-2051.jpg\",\"contentUrl\":\"https:\\\/\\\/ranoja.ee\\\/wp-content\\\/uploads\\\/2026\\\/02\\\/21169-2051.jpg\",\"width\":1200,\"height\":1200},{\"@type\":\"BreadcrumbList\",\"@id\":\"https:\\\/\\\/ranoja.ee\\\/toode\\\/suutekuunla-piibu-vedru-tj27-th34-th23-tj45e-tj35e\\\/#breadcrumb\",\"itemListElement\":[{\"@type\":\"ListItem\",\"position\":1,\"name\":\"Home\",\"item\":\"https:\\\/\\\/ranoja.ee\\\/\"},{\"@type\":\"ListItem\",\"position\":2,\"name\":\"Shop\",\"item\":\"https:\\\/\\\/ranoja.ee\\\/en\\\/shop\\\/\"},{\"@type\":\"ListItem\",\"position\":3,\"name\":\"S\u00fc\u00fctek\u00fc\u00fcnla piibu vedru TJ27 TH34 TH23 TJ45E TJ35E\"}]},{\"@type\":\"WebSite\",\"@id\":\"https:\\\/\\\/ranoja.ee\\\/#website\",\"url\":\"https:\\\/\\\/ranoja.ee\\\/\",\"name\":\"Ranoja\",\"description\":\"Equipment Shop WooCommerce WordPress Theme for Machine &amp; Tools\",\"publisher\":{\"@id\":\"https:\\\/\\\/ranoja.ee\\\/#organization\"},\"potentialAction\":[{\"@type\":\"SearchAction\",\"target\":{\"@type\":\"EntryPoint\",\"urlTemplate\":\"https:\\\/\\\/ranoja.ee\\\/?s={search_term_string}\"},\"query-input\":{\"@type\":\"PropertyValueSpecification\",\"valueRequired\":true,\"valueName\":\"search_term_string\"}}],\"inLanguage\":\"en-US\"},{\"@type\":\"Organization\",\"@id\":\"https:\\\/\\\/ranoja.ee\\\/#organization\",\"name\":\"Ranoja O\u00dc\",\"url\":\"https:\\\/\\\/ranoja.ee\\\/\",\"logo\":{\"@type\":\"ImageObject\",\"inLanguage\":\"en-US\",\"@id\":\"https:\\\/\\\/ranoja.ee\\\/#\\\/schema\\\/logo\\\/image\\\/\",\"url\":\"https:\\\/\\\/ranoja.ee\\\/wp-content\\\/uploads\\\/2023\\\/11\\\/ranoja-Logo.png\",\"contentUrl\":\"https:\\\/\\\/ranoja.ee\\\/wp-content\\\/uploads\\\/2023\\\/11\\\/ranoja-Logo.png\",\"width\":207,\"height\":58,\"caption\":\"Ranoja O\u00dc\"},\"image\":{\"@id\":\"https:\\\/\\\/ranoja.ee\\\/#\\\/schema\\\/logo\\\/image\\\/\"},\"sameAs\":[\"https:\\\/\\\/www.facebook.com\\\/ranoja.ee\",\"https:\\\/\\\/www.instagram.com\\\/ranoja__\\\/\"]}]}<\/script>\n<!-- \/ Yoast SEO plugin. -->","yoast_head_json":{"title":"S\u00fc\u00fctek\u00fc\u00fcnla piibu vedru TJ27 TH34 TH23 TJ45E TJ35E","description":"S\u00fc\u00fctek\u00fc\u00fcnla piibu vedru TJ27 TH34 TH23 TJ45E TJ35E Kataloogi number 21169-2051. Paki pikkus 57 mm. Paki laius 40 mm. Paki k\u00f5rgus 10 mm. Kaal 0.002 kg.","robots":{"index":"index","follow":"follow","max-snippet":"max-snippet:-1","max-image-preview":"max-image-preview:large","max-video-preview":"max-video-preview:-1"},"canonical":"https:\/\/ranoja.ee\/toode\/suutekuunla-piibu-vedru-tj27-th34-th23-tj45e-tj35e\/","og_locale":"en_US","og_type":"article","og_title":"S\u00fc\u00fctek\u00fc\u00fcnla piibu vedru TJ27 TH34 TH23 TJ45E TJ35E","og_description":"S\u00fc\u00fctek\u00fc\u00fcnla piibu vedru TJ27 TH34 TH23 TJ45E TJ35E Kataloogi number 21169-2051. Paki pikkus 57 mm. Paki laius 40 mm. Paki k\u00f5rgus 10 mm. Kaal 0.002 kg.","og_url":"https:\/\/ranoja.ee\/toode\/suutekuunla-piibu-vedru-tj27-th34-th23-tj45e-tj35e\/","og_site_name":"Ranoja","article_publisher":"https:\/\/www.facebook.com\/ranoja.ee","article_modified_time":"2026-03-03T08:12:45+00:00","og_image":[{"width":1200,"height":1200,"url":"https:\/\/ranoja.ee\/wp-content\/uploads\/2026\/02\/21169-2051.jpg","type":"image\/jpeg"}],"twitter_card":"summary_large_image","twitter_misc":{"Est. reading time":"1 minute"},"schema":{"@context":"https:\/\/schema.org","@graph":[{"@type":"WebPage","@id":"https:\/\/ranoja.ee\/toode\/suutekuunla-piibu-vedru-tj27-th34-th23-tj45e-tj35e\/","url":"https:\/\/ranoja.ee\/toode\/suutekuunla-piibu-vedru-tj27-th34-th23-tj45e-tj35e\/","name":"S\u00fc\u00fctek\u00fc\u00fcnla piibu vedru TJ27 TH34 TH23 TJ45E TJ35E","isPartOf":{"@id":"https:\/\/ranoja.ee\/#website"},"primaryImageOfPage":{"@id":"https:\/\/ranoja.ee\/toode\/suutekuunla-piibu-vedru-tj27-th34-th23-tj45e-tj35e\/#primaryimage"},"image":{"@id":"https:\/\/ranoja.ee\/toode\/suutekuunla-piibu-vedru-tj27-th34-th23-tj45e-tj35e\/#primaryimage"},"thumbnailUrl":"https:\/\/ranoja.ee\/wp-content\/uploads\/2026\/02\/21169-2051.jpg","datePublished":"2026-02-24T16:12:18+00:00","dateModified":"2026-03-03T08:12:45+00:00","description":"S\u00fc\u00fctek\u00fc\u00fcnla piibu vedru TJ27 TH34 TH23 TJ45E TJ35E Kataloogi number 21169-2051. Paki pikkus 57 mm. Paki laius 40 mm. Paki k\u00f5rgus 10 mm. Kaal 0.002 kg.","breadcrumb":{"@id":"https:\/\/ranoja.ee\/toode\/suutekuunla-piibu-vedru-tj27-th34-th23-tj45e-tj35e\/#breadcrumb"},"inLanguage":"en-US","potentialAction":[{"@type":"ReadAction","target":["https:\/\/ranoja.ee\/toode\/suutekuunla-piibu-vedru-tj27-th34-th23-tj45e-tj35e\/"]}]},{"@type":"ImageObject","inLanguage":"en-US","@id":"https:\/\/ranoja.ee\/toode\/suutekuunla-piibu-vedru-tj27-th34-th23-tj45e-tj35e\/#primaryimage","url":"https:\/\/ranoja.ee\/wp-content\/uploads\/2026\/02\/21169-2051.jpg","contentUrl":"https:\/\/ranoja.ee\/wp-content\/uploads\/2026\/02\/21169-2051.jpg","width":1200,"height":1200},{"@type":"BreadcrumbList","@id":"https:\/\/ranoja.ee\/toode\/suutekuunla-piibu-vedru-tj27-th34-th23-tj45e-tj35e\/#breadcrumb","itemListElement":[{"@type":"ListItem","position":1,"name":"Home","item":"https:\/\/ranoja.ee\/"},{"@type":"ListItem","position":2,"name":"Shop","item":"https:\/\/ranoja.ee\/en\/shop\/"},{"@type":"ListItem","position":3,"name":"S\u00fc\u00fctek\u00fc\u00fcnla piibu vedru TJ27 TH34 TH23 TJ45E TJ35E"}]},{"@type":"WebSite","@id":"https:\/\/ranoja.ee\/#website","url":"https:\/\/ranoja.ee\/","name":"Ranoja","description":"Equipment Shop WooCommerce WordPress Theme for Machine &amp; Tools","publisher":{"@id":"https:\/\/ranoja.ee\/#organization"},"potentialAction":[{"@type":"SearchAction","target":{"@type":"EntryPoint","urlTemplate":"https:\/\/ranoja.ee\/?s={search_term_string}"},"query-input":{"@type":"PropertyValueSpecification","valueRequired":true,"valueName":"search_term_string"}}],"inLanguage":"en-US"},{"@type":"Organization","@id":"https:\/\/ranoja.ee\/#organization","name":"Ranoja O\u00dc","url":"https:\/\/ranoja.ee\/","logo":{"@type":"ImageObject","inLanguage":"en-US","@id":"https:\/\/ranoja.ee\/#\/schema\/logo\/image\/","url":"https:\/\/ranoja.ee\/wp-content\/uploads\/2023\/11\/ranoja-Logo.png","contentUrl":"https:\/\/ranoja.ee\/wp-content\/uploads\/2023\/11\/ranoja-Logo.png","width":207,"height":58,"caption":"Ranoja O\u00dc"},"image":{"@id":"https:\/\/ranoja.ee\/#\/schema\/logo\/image\/"},"sameAs":["https:\/\/www.facebook.com\/ranoja.ee","https:\/\/www.instagram.com\/ranoja__\/"]}]}},"_links":{"self":[{"href":"https:\/\/ranoja.ee\/en\/wp-json\/wp\/v2\/product\/43187","targetHints":{"allow":["GET"]}}],"collection":[{"href":"https:\/\/ranoja.ee\/en\/wp-json\/wp\/v2\/product"}],"about":[{"href":"https:\/\/ranoja.ee\/en\/wp-json\/wp\/v2\/types\/product"}],"wp:featuredmedia":[{"embeddable":true,"href":"https:\/\/ranoja.ee\/en\/wp-json\/wp\/v2\/media\/43188"}],"wp:attachment":[{"href":"https:\/\/ranoja.ee\/en\/wp-json\/wp\/v2\/media?parent=43187"}],"wp:term":[{"taxonomy":"product_cat","embeddable":true,"href":"https:\/\/ranoja.ee\/en\/wp-json\/wp\/v2\/product_cat?post=43187"},{"taxonomy":"product_tag","embeddable":true,"href":"https:\/\/ranoja.ee\/en\/wp-json\/wp\/v2\/product_tag?post=43187"}],"curies":[{"name":"wp","href":"https:\/\/api.w.org\/{rel}","templated":true}]}}