{"id":43166,"date":"2026-02-24T19:11:51","date_gmt":"2026-02-24T16:11:51","guid":{"rendered":"https:\/\/ranoja.ee\/toode\/suutekuunla-kork-kawasaki-tj27e\/"},"modified":"2026-03-05T14:41:53","modified_gmt":"2026-03-05T11:41:53","slug":"suutekuunla-kork-kawasaki-tj27e","status":"publish","type":"product","link":"https:\/\/ranoja.ee\/en\/toode\/suutekuunla-kork-kawasaki-tj27e\/","title":{"rendered":"S\u00fc\u00fctek\u00fc\u00fcnla kork Kawasaki TJ27E"},"content":{"rendered":"<p>S\u00fc\u00fctek\u00fc\u00fcnla kork Kawasaki TJ27E<\/p>\n","protected":false},"excerpt":{"rendered":"<table class=\"cedrus-specs\">\n<tbody>\n<tr>\n<td>Tootekood<\/td>\n<td>21130-2071<\/td>\n<\/tr>\n<tr>\n<td>EAN<\/td>\n<td>5906434065576<\/td>\n<\/tr>\n<tr>\n<td>Paki pikkus<\/td>\n<td>72<\/td>\n<\/tr>\n<tr>\n<td>Paki laius<\/td>\n<td>53<\/td>\n<\/tr>\n<tr>\n<td>Paki k\u00f5rgus<\/td>\n<td>38<\/td>\n<\/tr>\n<tr>\n<td>Kaal<\/td>\n<td>0.018 Kg<\/td>\n<\/tr>\n<\/tbody>\n<\/table>\n","protected":false},"featured_media":43167,"template":"","meta":{"inline_featured_image":false},"product_cat":[3052],"product_tag":[900],"class_list":{"0":"post-43166","1":"product","2":"type-product","3":"status-publish","4":"has-post-thumbnail","6":"product_brand-kawasaki","7":"product_cat-cedrus-tooted","8":"product_tag-kawasaki","10":"first","11":"instock","12":"taxable","13":"shipping-taxable","14":"purchasable","15":"product-type-simple"},"yoast_head":"<!-- This site is optimized with the Yoast SEO plugin v27.4 - https:\/\/yoast.com\/product\/yoast-seo-wordpress\/ -->\n<title>S\u00fc\u00fctek\u00fc\u00fcnla kork Kawasaki TJ27E - Ranoja<\/title>\n<meta name=\"description\" content=\"S\u00fc\u00fctek\u00fc\u00fcnla kork Kawasaki TJ27E \u2013 Tootekood21130-2071EAN5906434065576Paki pikkus72Paki laius53Paki k\u00f5rgus38Kaal0.018 Kg\" \/>\n<meta name=\"robots\" content=\"index, follow, max-snippet:-1, max-image-preview:large, max-video-preview:-1\" \/>\n<link rel=\"canonical\" href=\"https:\/\/ranoja.ee\/toode\/suutekuunla-kork-kawasaki-tj27e\/\" \/>\n<meta property=\"og:locale\" content=\"en_US\" \/>\n<meta property=\"og:type\" content=\"article\" \/>\n<meta property=\"og:title\" content=\"S\u00fc\u00fctek\u00fc\u00fcnla kork Kawasaki TJ27E - Ranoja\" \/>\n<meta property=\"og:description\" content=\"S\u00fc\u00fctek\u00fc\u00fcnla kork Kawasaki TJ27E \u2013 Tootekood21130-2071EAN5906434065576Paki pikkus72Paki laius53Paki k\u00f5rgus38Kaal0.018 Kg\" \/>\n<meta property=\"og:url\" content=\"https:\/\/ranoja.ee\/toode\/suutekuunla-kork-kawasaki-tj27e\/\" \/>\n<meta property=\"og:site_name\" content=\"Ranoja\" \/>\n<meta property=\"article:publisher\" content=\"https:\/\/www.facebook.com\/ranoja.ee\" \/>\n<meta property=\"article:modified_time\" content=\"2026-03-05T11:41:53+00:00\" \/>\n<meta property=\"og:image\" content=\"https:\/\/ranoja.ee\/wp-content\/uploads\/2026\/02\/21130-2071_01.jpg\" \/>\n\t<meta property=\"og:image:width\" content=\"1200\" \/>\n\t<meta property=\"og:image:height\" content=\"1200\" \/>\n\t<meta property=\"og:image:type\" content=\"image\/jpeg\" \/>\n<meta name=\"twitter:card\" content=\"summary_large_image\" \/>\n<script type=\"application\/ld+json\" class=\"yoast-schema-graph\">{\"@context\":\"https:\\\/\\\/schema.org\",\"@graph\":[{\"@type\":\"WebPage\",\"@id\":\"https:\\\/\\\/ranoja.ee\\\/toode\\\/suutekuunla-kork-kawasaki-tj27e\\\/\",\"url\":\"https:\\\/\\\/ranoja.ee\\\/toode\\\/suutekuunla-kork-kawasaki-tj27e\\\/\",\"name\":\"S\u00fc\u00fctek\u00fc\u00fcnla kork Kawasaki TJ27E - Ranoja\",\"isPartOf\":{\"@id\":\"https:\\\/\\\/ranoja.ee\\\/#website\"},\"primaryImageOfPage\":{\"@id\":\"https:\\\/\\\/ranoja.ee\\\/toode\\\/suutekuunla-kork-kawasaki-tj27e\\\/#primaryimage\"},\"image\":{\"@id\":\"https:\\\/\\\/ranoja.ee\\\/toode\\\/suutekuunla-kork-kawasaki-tj27e\\\/#primaryimage\"},\"thumbnailUrl\":\"https:\\\/\\\/ranoja.ee\\\/wp-content\\\/uploads\\\/2026\\\/02\\\/21130-2071_01.jpg\",\"datePublished\":\"2026-02-24T16:11:51+00:00\",\"dateModified\":\"2026-03-05T11:41:53+00:00\",\"description\":\"S\u00fc\u00fctek\u00fc\u00fcnla kork Kawasaki TJ27E \u2013 Tootekood21130-2071EAN5906434065576Paki pikkus72Paki laius53Paki k\u00f5rgus38Kaal0.018 Kg\",\"breadcrumb\":{\"@id\":\"https:\\\/\\\/ranoja.ee\\\/toode\\\/suutekuunla-kork-kawasaki-tj27e\\\/#breadcrumb\"},\"inLanguage\":\"en-US\",\"potentialAction\":[{\"@type\":\"ReadAction\",\"target\":[\"https:\\\/\\\/ranoja.ee\\\/toode\\\/suutekuunla-kork-kawasaki-tj27e\\\/\"]}]},{\"@type\":\"ImageObject\",\"inLanguage\":\"en-US\",\"@id\":\"https:\\\/\\\/ranoja.ee\\\/toode\\\/suutekuunla-kork-kawasaki-tj27e\\\/#primaryimage\",\"url\":\"https:\\\/\\\/ranoja.ee\\\/wp-content\\\/uploads\\\/2026\\\/02\\\/21130-2071_01.jpg\",\"contentUrl\":\"https:\\\/\\\/ranoja.ee\\\/wp-content\\\/uploads\\\/2026\\\/02\\\/21130-2071_01.jpg\",\"width\":1200,\"height\":1200},{\"@type\":\"BreadcrumbList\",\"@id\":\"https:\\\/\\\/ranoja.ee\\\/toode\\\/suutekuunla-kork-kawasaki-tj27e\\\/#breadcrumb\",\"itemListElement\":[{\"@type\":\"ListItem\",\"position\":1,\"name\":\"Home\",\"item\":\"https:\\\/\\\/ranoja.ee\\\/\"},{\"@type\":\"ListItem\",\"position\":2,\"name\":\"Shop\",\"item\":\"https:\\\/\\\/ranoja.ee\\\/en\\\/shop\\\/\"},{\"@type\":\"ListItem\",\"position\":3,\"name\":\"S\u00fc\u00fctek\u00fc\u00fcnla kork Kawasaki TJ27E\"}]},{\"@type\":\"WebSite\",\"@id\":\"https:\\\/\\\/ranoja.ee\\\/#website\",\"url\":\"https:\\\/\\\/ranoja.ee\\\/\",\"name\":\"Ranoja\",\"description\":\"Equipment Shop WooCommerce WordPress Theme for Machine &amp; Tools\",\"publisher\":{\"@id\":\"https:\\\/\\\/ranoja.ee\\\/#organization\"},\"potentialAction\":[{\"@type\":\"SearchAction\",\"target\":{\"@type\":\"EntryPoint\",\"urlTemplate\":\"https:\\\/\\\/ranoja.ee\\\/?s={search_term_string}\"},\"query-input\":{\"@type\":\"PropertyValueSpecification\",\"valueRequired\":true,\"valueName\":\"search_term_string\"}}],\"inLanguage\":\"en-US\"},{\"@type\":\"Organization\",\"@id\":\"https:\\\/\\\/ranoja.ee\\\/#organization\",\"name\":\"Ranoja O\u00dc\",\"url\":\"https:\\\/\\\/ranoja.ee\\\/\",\"logo\":{\"@type\":\"ImageObject\",\"inLanguage\":\"en-US\",\"@id\":\"https:\\\/\\\/ranoja.ee\\\/#\\\/schema\\\/logo\\\/image\\\/\",\"url\":\"https:\\\/\\\/ranoja.ee\\\/wp-content\\\/uploads\\\/2023\\\/11\\\/ranoja-Logo.png\",\"contentUrl\":\"https:\\\/\\\/ranoja.ee\\\/wp-content\\\/uploads\\\/2023\\\/11\\\/ranoja-Logo.png\",\"width\":207,\"height\":58,\"caption\":\"Ranoja O\u00dc\"},\"image\":{\"@id\":\"https:\\\/\\\/ranoja.ee\\\/#\\\/schema\\\/logo\\\/image\\\/\"},\"sameAs\":[\"https:\\\/\\\/www.facebook.com\\\/ranoja.ee\",\"https:\\\/\\\/www.instagram.com\\\/ranoja__\\\/\"]}]}<\/script>\n<!-- \/ Yoast SEO plugin. -->","yoast_head_json":{"title":"S\u00fc\u00fctek\u00fc\u00fcnla kork Kawasaki TJ27E - Ranoja","description":"S\u00fc\u00fctek\u00fc\u00fcnla kork Kawasaki TJ27E \u2013 Tootekood21130-2071EAN5906434065576Paki pikkus72Paki laius53Paki k\u00f5rgus38Kaal0.018 Kg","robots":{"index":"index","follow":"follow","max-snippet":"max-snippet:-1","max-image-preview":"max-image-preview:large","max-video-preview":"max-video-preview:-1"},"canonical":"https:\/\/ranoja.ee\/toode\/suutekuunla-kork-kawasaki-tj27e\/","og_locale":"en_US","og_type":"article","og_title":"S\u00fc\u00fctek\u00fc\u00fcnla kork Kawasaki TJ27E - Ranoja","og_description":"S\u00fc\u00fctek\u00fc\u00fcnla kork Kawasaki TJ27E \u2013 Tootekood21130-2071EAN5906434065576Paki pikkus72Paki laius53Paki k\u00f5rgus38Kaal0.018 Kg","og_url":"https:\/\/ranoja.ee\/toode\/suutekuunla-kork-kawasaki-tj27e\/","og_site_name":"Ranoja","article_publisher":"https:\/\/www.facebook.com\/ranoja.ee","article_modified_time":"2026-03-05T11:41:53+00:00","og_image":[{"width":1200,"height":1200,"url":"https:\/\/ranoja.ee\/wp-content\/uploads\/2026\/02\/21130-2071_01.jpg","type":"image\/jpeg"}],"twitter_card":"summary_large_image","schema":{"@context":"https:\/\/schema.org","@graph":[{"@type":"WebPage","@id":"https:\/\/ranoja.ee\/toode\/suutekuunla-kork-kawasaki-tj27e\/","url":"https:\/\/ranoja.ee\/toode\/suutekuunla-kork-kawasaki-tj27e\/","name":"S\u00fc\u00fctek\u00fc\u00fcnla kork Kawasaki TJ27E - Ranoja","isPartOf":{"@id":"https:\/\/ranoja.ee\/#website"},"primaryImageOfPage":{"@id":"https:\/\/ranoja.ee\/toode\/suutekuunla-kork-kawasaki-tj27e\/#primaryimage"},"image":{"@id":"https:\/\/ranoja.ee\/toode\/suutekuunla-kork-kawasaki-tj27e\/#primaryimage"},"thumbnailUrl":"https:\/\/ranoja.ee\/wp-content\/uploads\/2026\/02\/21130-2071_01.jpg","datePublished":"2026-02-24T16:11:51+00:00","dateModified":"2026-03-05T11:41:53+00:00","description":"S\u00fc\u00fctek\u00fc\u00fcnla kork Kawasaki TJ27E \u2013 Tootekood21130-2071EAN5906434065576Paki pikkus72Paki laius53Paki k\u00f5rgus38Kaal0.018 Kg","breadcrumb":{"@id":"https:\/\/ranoja.ee\/toode\/suutekuunla-kork-kawasaki-tj27e\/#breadcrumb"},"inLanguage":"en-US","potentialAction":[{"@type":"ReadAction","target":["https:\/\/ranoja.ee\/toode\/suutekuunla-kork-kawasaki-tj27e\/"]}]},{"@type":"ImageObject","inLanguage":"en-US","@id":"https:\/\/ranoja.ee\/toode\/suutekuunla-kork-kawasaki-tj27e\/#primaryimage","url":"https:\/\/ranoja.ee\/wp-content\/uploads\/2026\/02\/21130-2071_01.jpg","contentUrl":"https:\/\/ranoja.ee\/wp-content\/uploads\/2026\/02\/21130-2071_01.jpg","width":1200,"height":1200},{"@type":"BreadcrumbList","@id":"https:\/\/ranoja.ee\/toode\/suutekuunla-kork-kawasaki-tj27e\/#breadcrumb","itemListElement":[{"@type":"ListItem","position":1,"name":"Home","item":"https:\/\/ranoja.ee\/"},{"@type":"ListItem","position":2,"name":"Shop","item":"https:\/\/ranoja.ee\/en\/shop\/"},{"@type":"ListItem","position":3,"name":"S\u00fc\u00fctek\u00fc\u00fcnla kork Kawasaki TJ27E"}]},{"@type":"WebSite","@id":"https:\/\/ranoja.ee\/#website","url":"https:\/\/ranoja.ee\/","name":"Ranoja","description":"Equipment Shop WooCommerce WordPress Theme for Machine &amp; Tools","publisher":{"@id":"https:\/\/ranoja.ee\/#organization"},"potentialAction":[{"@type":"SearchAction","target":{"@type":"EntryPoint","urlTemplate":"https:\/\/ranoja.ee\/?s={search_term_string}"},"query-input":{"@type":"PropertyValueSpecification","valueRequired":true,"valueName":"search_term_string"}}],"inLanguage":"en-US"},{"@type":"Organization","@id":"https:\/\/ranoja.ee\/#organization","name":"Ranoja O\u00dc","url":"https:\/\/ranoja.ee\/","logo":{"@type":"ImageObject","inLanguage":"en-US","@id":"https:\/\/ranoja.ee\/#\/schema\/logo\/image\/","url":"https:\/\/ranoja.ee\/wp-content\/uploads\/2023\/11\/ranoja-Logo.png","contentUrl":"https:\/\/ranoja.ee\/wp-content\/uploads\/2023\/11\/ranoja-Logo.png","width":207,"height":58,"caption":"Ranoja O\u00dc"},"image":{"@id":"https:\/\/ranoja.ee\/#\/schema\/logo\/image\/"},"sameAs":["https:\/\/www.facebook.com\/ranoja.ee","https:\/\/www.instagram.com\/ranoja__\/"]}]}},"_links":{"self":[{"href":"https:\/\/ranoja.ee\/en\/wp-json\/wp\/v2\/product\/43166","targetHints":{"allow":["GET"]}}],"collection":[{"href":"https:\/\/ranoja.ee\/en\/wp-json\/wp\/v2\/product"}],"about":[{"href":"https:\/\/ranoja.ee\/en\/wp-json\/wp\/v2\/types\/product"}],"wp:featuredmedia":[{"embeddable":true,"href":"https:\/\/ranoja.ee\/en\/wp-json\/wp\/v2\/media\/43167"}],"wp:attachment":[{"href":"https:\/\/ranoja.ee\/en\/wp-json\/wp\/v2\/media?parent=43166"}],"wp:term":[{"taxonomy":"product_cat","embeddable":true,"href":"https:\/\/ranoja.ee\/en\/wp-json\/wp\/v2\/product_cat?post=43166"},{"taxonomy":"product_tag","embeddable":true,"href":"https:\/\/ranoja.ee\/en\/wp-json\/wp\/v2\/product_tag?post=43166"}],"curies":[{"name":"wp","href":"https:\/\/api.w.org\/{rel}","templated":true}]}}