{"id":4286,"date":"2023-07-26T09:09:04","date_gmt":"2023-07-26T06:09:04","guid":{"rendered":"https:\/\/www.ranoja.ee\/?post_type=product&#038;p=4286"},"modified":"2025-12-10T11:48:38","modified_gmt":"2025-12-10T08:48:38","slug":"cedrus-4-teraga-kiil-cedrls04","status":"publish","type":"product","link":"https:\/\/ranoja.ee\/en\/toode\/cedrus-4-teraga-kiil-cedrls04\/","title":{"rendered":"Cedrus 4 teraga kiil CEDRLS04"},"content":{"rendered":"<p>Cedrus 4 teraga kiil CEDRLS04 on oluline komponent, mis suurendab masina efektiivsust ja tootlikkust. V\u00f5imaldab korraga t\u00fckeldada puuhalu mitmeks osaks. Kui tavaline kiil l\u00f5hub puu pooleks, siis neljane kiil jagab halu korraga neljaks. Kiirendades t\u00f6\u00f6protsessi ja v\u00e4hendab f\u00fc\u00fcsilist pingutust.<\/p>\n<p>Neljane kiil on eriti kasulik juhul kui t\u00f6\u00f6tletakse suuremahulisi ja tihedaid puidut\u00fckke. Sellega saab v\u00e4ltida mitmekordset l\u00f5hkumist ja t\u00f6\u00f6 muutub seet\u00f5ttu sujuvamaks. Tavap\u00e4rase l\u00f5hkumismasina kasutamisel tuleb suuremad puud sageli k\u00f5igepealt pooleks l\u00f5igata ja seej\u00e4rel mitmeks v\u00e4iksemaks t\u00fckiks teha, kuid neljane kiil v\u00f5imaldab selle protsessi \u00fche sammuga \u00e4ra teha.<\/p>\n<p>Cedrus 4 teraga kiil CEDRLS04 peamine eelis tuleneb ajas\u00e4\u00e4stust ja suuremast tootlikkusest eriti oluline kommertskasutajatele v\u00f5i neile, kes peavad t\u00f6\u00f6tlema suurt hulka puid kiirelt. Samuti v\u00e4hendab neljane kiil masina ja l\u00f5ikaja f\u00fc\u00fcsilist koormust kuna \u00fcks l\u00f5ige teeb rohkem t\u00f6\u00f6d. Kuigi neljane kiil v\u00f5ib olla veidi kallim ja n\u00f5uda v\u00f5imsamat masinat tasub see investeering end \u00e4ra kui on vaja regulaarselt ja kiiresti suures koguses halgusid l\u00f5hkuda.<\/p>\n<p>CEDRUS on \u00fcks suurimaid aiandusmasinate, t\u00f6\u00f6riistade ning metsandus tarvikute edasim\u00fc\u00fcjaid Poolas.<br \/>\nMeie eesm\u00e4rk on pakkuda klientidele k\u00f5rgeima kvaliteediga tooteid konkurentsiv\u00f5imeliste hindadega.<br \/>\nAlates 2016. aastast oleme arendanud ka oma kaubam\u00e4rgi all olevat tootesarja Cedrus.<br \/>\nHetkel pakume enam kui 100 t\u00fc\u00fcpi CEDRUS kaubam\u00e4rgi aia- ja ehitusmasinaid, samuti k\u00f5iki hooldustarvikuid ja varuosi.<br \/>\n<img decoding=\"async\" src=\"https:\/\/www.ranoja.ee\/wp-content\/uploads\/2023\/07\/cedrus-logo-vaike-1-300x99.png\" alt=\"\" width=\"300\" height=\"99\" class=\"alignnone size-medium wp-image-5896\" srcset=\"https:\/\/ranoja.ee\/wp-content\/uploads\/2023\/07\/cedrus-logo-vaike-1-300x99.png 300w, https:\/\/ranoja.ee\/wp-content\/uploads\/2023\/07\/cedrus-logo-vaike-1.png 431w\" sizes=\"(max-width: 300px) 100vw, 300px\" \/><\/p>\n","protected":false},"excerpt":{"rendered":"<p>Cedrus 4 teraga kiil CEDRLS04<br \/>\n<strong>Lisa sobib seadmetele:<br \/>\n<a href=\"https:\/\/www.ranoja.ee\/toode\/cedrus-horisontaalne-puulohkumismasin-8t-cedls07v\/\">CEDLS07V<\/a><\/strong><br \/>\nGarantii 1 aasta (eraisikule 2 aastat)<br \/>\n<strong>Seadme eeldatav tarneaeg 1-7 t\u00f6\u00f6p\u00e4eva<\/strong><\/p>\n","protected":false},"featured_media":11951,"template":"","meta":{"inline_featured_image":false},"product_cat":[1087,1089],"product_tag":[528,525,526,137,507],"class_list":{"0":"post-4286","1":"product","2":"type-product","3":"status-publish","4":"has-post-thumbnail","6":"product_brand-cedrus","7":"product_cat-metsatehnika","8":"product_cat-puulohkumismasinad","9":"product_tag-4-kiil","10":"product_tag-cedls07v","11":"product_tag-cedrls04","12":"product_tag-cedrus","13":"product_tag-kiil","15":"first","16":"instock","17":"taxable","18":"shipping-taxable","19":"purchasable","20":"product-type-simple"},"yoast_head":"<!-- This site is optimized with the Yoast SEO plugin v27.4 - https:\/\/yoast.com\/product\/yoast-seo-wordpress\/ -->\n<title>Cedrus 4 teraga kiil CEDRLS04<\/title>\n<meta name=\"description\" content=\"Cedrus 4 teraga kiil CEDRLS04 sobib seadmetele: Cedrus vertikaalne puul\u00f5hkumismasin 8T CEDLS07V, parandab t\u00f6\u00f6 kiirust ning efektiivsust!\" \/>\n<meta name=\"robots\" content=\"index, follow, max-snippet:-1, max-image-preview:large, max-video-preview:-1\" \/>\n<link rel=\"canonical\" href=\"https:\/\/ranoja.ee\/toode\/cedrus-4-teraga-kiil-cedrls04\/\" \/>\n<meta property=\"og:locale\" content=\"en_US\" \/>\n<meta property=\"og:type\" content=\"article\" \/>\n<meta property=\"og:title\" content=\"Cedrus 4 teraga kiil CEDRLS04\" \/>\n<meta property=\"og:description\" content=\"Cedrus 4 teraga kiil CEDRLS04 sobib seadmetele: Cedrus vertikaalne puul\u00f5hkumismasin 8T CEDLS07V, parandab t\u00f6\u00f6 kiirust ning efektiivsust!\" \/>\n<meta property=\"og:url\" content=\"https:\/\/ranoja.ee\/toode\/cedrus-4-teraga-kiil-cedrls04\/\" \/>\n<meta property=\"og:site_name\" content=\"Ranoja\" \/>\n<meta property=\"article:publisher\" content=\"https:\/\/www.facebook.com\/ranoja.ee\" \/>\n<meta property=\"article:modified_time\" content=\"2025-12-10T08:48:38+00:00\" \/>\n<meta property=\"og:image\" content=\"https:\/\/ranoja.ee\/wp-content\/uploads\/2023\/07\/Cedrus-4-teraga-kiil-CEDRLS04.jpg\" \/>\n\t<meta property=\"og:image:width\" content=\"800\" \/>\n\t<meta property=\"og:image:height\" content=\"681\" \/>\n\t<meta property=\"og:image:type\" content=\"image\/jpeg\" \/>\n<meta name=\"twitter:card\" content=\"summary_large_image\" \/>\n<meta name=\"twitter:label1\" content=\"Est. reading time\" \/>\n\t<meta name=\"twitter:data1\" content=\"1 minute\" \/>\n<script type=\"application\/ld+json\" class=\"yoast-schema-graph\">{\"@context\":\"https:\\\/\\\/schema.org\",\"@graph\":[{\"@type\":\"WebPage\",\"@id\":\"https:\\\/\\\/ranoja.ee\\\/toode\\\/cedrus-4-teraga-kiil-cedrls04\\\/\",\"url\":\"https:\\\/\\\/ranoja.ee\\\/toode\\\/cedrus-4-teraga-kiil-cedrls04\\\/\",\"name\":\"Cedrus 4 teraga kiil CEDRLS04\",\"isPartOf\":{\"@id\":\"https:\\\/\\\/ranoja.ee\\\/#website\"},\"primaryImageOfPage\":{\"@id\":\"https:\\\/\\\/ranoja.ee\\\/toode\\\/cedrus-4-teraga-kiil-cedrls04\\\/#primaryimage\"},\"image\":{\"@id\":\"https:\\\/\\\/ranoja.ee\\\/toode\\\/cedrus-4-teraga-kiil-cedrls04\\\/#primaryimage\"},\"thumbnailUrl\":\"https:\\\/\\\/ranoja.ee\\\/wp-content\\\/uploads\\\/2023\\\/07\\\/Cedrus-4-teraga-kiil-CEDRLS04.jpg\",\"datePublished\":\"2023-07-26T06:09:04+00:00\",\"dateModified\":\"2025-12-10T08:48:38+00:00\",\"description\":\"Cedrus 4 teraga kiil CEDRLS04 sobib seadmetele: Cedrus vertikaalne puul\u00f5hkumismasin 8T CEDLS07V, parandab t\u00f6\u00f6 kiirust ning efektiivsust!\",\"breadcrumb\":{\"@id\":\"https:\\\/\\\/ranoja.ee\\\/toode\\\/cedrus-4-teraga-kiil-cedrls04\\\/#breadcrumb\"},\"inLanguage\":\"en-US\",\"potentialAction\":[{\"@type\":\"ReadAction\",\"target\":[\"https:\\\/\\\/ranoja.ee\\\/toode\\\/cedrus-4-teraga-kiil-cedrls04\\\/\"]}]},{\"@type\":\"ImageObject\",\"inLanguage\":\"en-US\",\"@id\":\"https:\\\/\\\/ranoja.ee\\\/toode\\\/cedrus-4-teraga-kiil-cedrls04\\\/#primaryimage\",\"url\":\"https:\\\/\\\/ranoja.ee\\\/wp-content\\\/uploads\\\/2023\\\/07\\\/Cedrus-4-teraga-kiil-CEDRLS04.jpg\",\"contentUrl\":\"https:\\\/\\\/ranoja.ee\\\/wp-content\\\/uploads\\\/2023\\\/07\\\/Cedrus-4-teraga-kiil-CEDRLS04.jpg\",\"width\":800,\"height\":681,\"caption\":\"Cedrus 4 teraga kiil CEDRLS04\"},{\"@type\":\"BreadcrumbList\",\"@id\":\"https:\\\/\\\/ranoja.ee\\\/toode\\\/cedrus-4-teraga-kiil-cedrls04\\\/#breadcrumb\",\"itemListElement\":[{\"@type\":\"ListItem\",\"position\":1,\"name\":\"Home\",\"item\":\"https:\\\/\\\/ranoja.ee\\\/\"},{\"@type\":\"ListItem\",\"position\":2,\"name\":\"Shop\",\"item\":\"https:\\\/\\\/ranoja.ee\\\/en\\\/shop\\\/\"},{\"@type\":\"ListItem\",\"position\":3,\"name\":\"Cedrus 4 teraga kiil CEDRLS04\"}]},{\"@type\":\"WebSite\",\"@id\":\"https:\\\/\\\/ranoja.ee\\\/#website\",\"url\":\"https:\\\/\\\/ranoja.ee\\\/\",\"name\":\"Ranoja\",\"description\":\"Equipment Shop WooCommerce WordPress Theme for Machine &amp; Tools\",\"publisher\":{\"@id\":\"https:\\\/\\\/ranoja.ee\\\/#organization\"},\"potentialAction\":[{\"@type\":\"SearchAction\",\"target\":{\"@type\":\"EntryPoint\",\"urlTemplate\":\"https:\\\/\\\/ranoja.ee\\\/?s={search_term_string}\"},\"query-input\":{\"@type\":\"PropertyValueSpecification\",\"valueRequired\":true,\"valueName\":\"search_term_string\"}}],\"inLanguage\":\"en-US\"},{\"@type\":\"Organization\",\"@id\":\"https:\\\/\\\/ranoja.ee\\\/#organization\",\"name\":\"Ranoja O\u00dc\",\"url\":\"https:\\\/\\\/ranoja.ee\\\/\",\"logo\":{\"@type\":\"ImageObject\",\"inLanguage\":\"en-US\",\"@id\":\"https:\\\/\\\/ranoja.ee\\\/#\\\/schema\\\/logo\\\/image\\\/\",\"url\":\"https:\\\/\\\/ranoja.ee\\\/wp-content\\\/uploads\\\/2023\\\/11\\\/ranoja-Logo.png\",\"contentUrl\":\"https:\\\/\\\/ranoja.ee\\\/wp-content\\\/uploads\\\/2023\\\/11\\\/ranoja-Logo.png\",\"width\":207,\"height\":58,\"caption\":\"Ranoja O\u00dc\"},\"image\":{\"@id\":\"https:\\\/\\\/ranoja.ee\\\/#\\\/schema\\\/logo\\\/image\\\/\"},\"sameAs\":[\"https:\\\/\\\/www.facebook.com\\\/ranoja.ee\",\"https:\\\/\\\/www.instagram.com\\\/ranoja__\\\/\"]}]}<\/script>\n<!-- \/ Yoast SEO plugin. -->","yoast_head_json":{"title":"Cedrus 4 teraga kiil CEDRLS04","description":"Cedrus 4 teraga kiil CEDRLS04 sobib seadmetele: Cedrus vertikaalne puul\u00f5hkumismasin 8T CEDLS07V, parandab t\u00f6\u00f6 kiirust ning efektiivsust!","robots":{"index":"index","follow":"follow","max-snippet":"max-snippet:-1","max-image-preview":"max-image-preview:large","max-video-preview":"max-video-preview:-1"},"canonical":"https:\/\/ranoja.ee\/toode\/cedrus-4-teraga-kiil-cedrls04\/","og_locale":"en_US","og_type":"article","og_title":"Cedrus 4 teraga kiil CEDRLS04","og_description":"Cedrus 4 teraga kiil CEDRLS04 sobib seadmetele: Cedrus vertikaalne puul\u00f5hkumismasin 8T CEDLS07V, parandab t\u00f6\u00f6 kiirust ning efektiivsust!","og_url":"https:\/\/ranoja.ee\/toode\/cedrus-4-teraga-kiil-cedrls04\/","og_site_name":"Ranoja","article_publisher":"https:\/\/www.facebook.com\/ranoja.ee","article_modified_time":"2025-12-10T08:48:38+00:00","og_image":[{"width":800,"height":681,"url":"https:\/\/ranoja.ee\/wp-content\/uploads\/2023\/07\/Cedrus-4-teraga-kiil-CEDRLS04.jpg","type":"image\/jpeg"}],"twitter_card":"summary_large_image","twitter_misc":{"Est. reading time":"1 minute"},"schema":{"@context":"https:\/\/schema.org","@graph":[{"@type":"WebPage","@id":"https:\/\/ranoja.ee\/toode\/cedrus-4-teraga-kiil-cedrls04\/","url":"https:\/\/ranoja.ee\/toode\/cedrus-4-teraga-kiil-cedrls04\/","name":"Cedrus 4 teraga kiil CEDRLS04","isPartOf":{"@id":"https:\/\/ranoja.ee\/#website"},"primaryImageOfPage":{"@id":"https:\/\/ranoja.ee\/toode\/cedrus-4-teraga-kiil-cedrls04\/#primaryimage"},"image":{"@id":"https:\/\/ranoja.ee\/toode\/cedrus-4-teraga-kiil-cedrls04\/#primaryimage"},"thumbnailUrl":"https:\/\/ranoja.ee\/wp-content\/uploads\/2023\/07\/Cedrus-4-teraga-kiil-CEDRLS04.jpg","datePublished":"2023-07-26T06:09:04+00:00","dateModified":"2025-12-10T08:48:38+00:00","description":"Cedrus 4 teraga kiil CEDRLS04 sobib seadmetele: Cedrus vertikaalne puul\u00f5hkumismasin 8T CEDLS07V, parandab t\u00f6\u00f6 kiirust ning efektiivsust!","breadcrumb":{"@id":"https:\/\/ranoja.ee\/toode\/cedrus-4-teraga-kiil-cedrls04\/#breadcrumb"},"inLanguage":"en-US","potentialAction":[{"@type":"ReadAction","target":["https:\/\/ranoja.ee\/toode\/cedrus-4-teraga-kiil-cedrls04\/"]}]},{"@type":"ImageObject","inLanguage":"en-US","@id":"https:\/\/ranoja.ee\/toode\/cedrus-4-teraga-kiil-cedrls04\/#primaryimage","url":"https:\/\/ranoja.ee\/wp-content\/uploads\/2023\/07\/Cedrus-4-teraga-kiil-CEDRLS04.jpg","contentUrl":"https:\/\/ranoja.ee\/wp-content\/uploads\/2023\/07\/Cedrus-4-teraga-kiil-CEDRLS04.jpg","width":800,"height":681,"caption":"Cedrus 4 teraga kiil CEDRLS04"},{"@type":"BreadcrumbList","@id":"https:\/\/ranoja.ee\/toode\/cedrus-4-teraga-kiil-cedrls04\/#breadcrumb","itemListElement":[{"@type":"ListItem","position":1,"name":"Home","item":"https:\/\/ranoja.ee\/"},{"@type":"ListItem","position":2,"name":"Shop","item":"https:\/\/ranoja.ee\/en\/shop\/"},{"@type":"ListItem","position":3,"name":"Cedrus 4 teraga kiil CEDRLS04"}]},{"@type":"WebSite","@id":"https:\/\/ranoja.ee\/#website","url":"https:\/\/ranoja.ee\/","name":"Ranoja","description":"Equipment Shop WooCommerce WordPress Theme for Machine &amp; Tools","publisher":{"@id":"https:\/\/ranoja.ee\/#organization"},"potentialAction":[{"@type":"SearchAction","target":{"@type":"EntryPoint","urlTemplate":"https:\/\/ranoja.ee\/?s={search_term_string}"},"query-input":{"@type":"PropertyValueSpecification","valueRequired":true,"valueName":"search_term_string"}}],"inLanguage":"en-US"},{"@type":"Organization","@id":"https:\/\/ranoja.ee\/#organization","name":"Ranoja O\u00dc","url":"https:\/\/ranoja.ee\/","logo":{"@type":"ImageObject","inLanguage":"en-US","@id":"https:\/\/ranoja.ee\/#\/schema\/logo\/image\/","url":"https:\/\/ranoja.ee\/wp-content\/uploads\/2023\/11\/ranoja-Logo.png","contentUrl":"https:\/\/ranoja.ee\/wp-content\/uploads\/2023\/11\/ranoja-Logo.png","width":207,"height":58,"caption":"Ranoja O\u00dc"},"image":{"@id":"https:\/\/ranoja.ee\/#\/schema\/logo\/image\/"},"sameAs":["https:\/\/www.facebook.com\/ranoja.ee","https:\/\/www.instagram.com\/ranoja__\/"]}]}},"_links":{"self":[{"href":"https:\/\/ranoja.ee\/en\/wp-json\/wp\/v2\/product\/4286","targetHints":{"allow":["GET"]}}],"collection":[{"href":"https:\/\/ranoja.ee\/en\/wp-json\/wp\/v2\/product"}],"about":[{"href":"https:\/\/ranoja.ee\/en\/wp-json\/wp\/v2\/types\/product"}],"wp:featuredmedia":[{"embeddable":true,"href":"https:\/\/ranoja.ee\/en\/wp-json\/wp\/v2\/media\/11951"}],"wp:attachment":[{"href":"https:\/\/ranoja.ee\/en\/wp-json\/wp\/v2\/media?parent=4286"}],"wp:term":[{"taxonomy":"product_cat","embeddable":true,"href":"https:\/\/ranoja.ee\/en\/wp-json\/wp\/v2\/product_cat?post=4286"},{"taxonomy":"product_tag","embeddable":true,"href":"https:\/\/ranoja.ee\/en\/wp-json\/wp\/v2\/product_tag?post=4286"}],"curies":[{"name":"wp","href":"https:\/\/api.w.org\/{rel}","templated":true}]}}