{"id":4278,"date":"2023-07-26T09:03:33","date_gmt":"2023-07-26T06:03:33","guid":{"rendered":"https:\/\/www.ranoja.ee\/?post_type=product&#038;p=4278"},"modified":"2025-12-12T14:38:10","modified_gmt":"2025-12-12T11:38:10","slug":"cedrus-vertikaalne-puulohkumismasin-8t-cedls07v","status":"publish","type":"product","link":"https:\/\/ranoja.ee\/en\/toode\/cedrus-vertikaalne-puulohkumismasin-8t-cedls07v\/","title":{"rendered":"Cedrus vertikaalne puul\u00f5hkumismasin 8T CEDLS07V"},"content":{"rendered":"<p>Cedrus vertikaalne puul\u00f5hkumismasin 8T CEDLS07V<br \/>\nPuul\u00f5hkuja Cedrus LS07V on ideaalne seade nii \u00fcksikkasutajale kui ka v\u00e4ikesele aiandusfirmale. Selle kompaktsed m\u00f5\u00f5tmed (84 cm x 93,5 cm x 150 cm) koos moodsa ja t\u00f5husa kolmefaasilise elektrimootoriga, mille pinge on 400 V ja v\u00f5imsus 3500 W, muudavad selle seadme suurep\u00e4raseks k\u00f5ikides tingimustes. Cedrus LS07V poolitaja poolitab puidu tavaliselt pooleks. Meie pakkumises on ka valikuline kiil, mis v\u00f5imaldab jagada palgi neljaks osaks. T\u00e4nu sellele saab t\u00f6\u00f6 veelgi kiiremini tehtud.<\/p>\n<p>Kui palju survet puul\u00f5hkuja tekitab?<\/p>\n<p>Puidul\u00f5hkumismasin Cedrus LS07V tekitab kuni 8 tonni r\u00f5hku. T\u00e4nu sellele saab see h\u00f5lpsasti l\u00f5hustada igat t\u00fc\u00fcpi puitu. Pakutava pooliku tugevdatud konstruktsioon saab suurep\u00e4raselt hakkama kuni 55 cm (k\u00f5rgus) ja 30 cm (l\u00e4bim\u00f5\u00f5t) palgiga. T\u00e4nu sellele on tegemist seadmega, mis sobib ideaalselt nii koju, kodukamina palkide valmistamisel kui ka sellist toorainet tootvale ja tarnivale ettev\u00f5ttele. T\u00e4iendavaks eeliseks on t\u00e4issuuruses rattad, mis muudavad jaguri transportimise lihtsaks.<\/p>\n<p>Puidul\u00f5hkujate ohutus on k\u00f5rgeimal tasemel<\/p>\n<p>Cedrus LS07V splitter on seade, mille disainerid panid suurt r\u00f5hku ka kasutajate ohutusele. Spetsiaalselt tugevdatud konstruktsioon tagab seadme stabiilsuse t\u00f6\u00f6tamisel suure koormuse all. Kahe k\u00e4ega juhtimine hoova abil hoiab t\u00f5husalt \u00e4ra seadme juhusliku sissel\u00fclitamise. Lisaks on pakutav puul\u00f5hkuja varustatud spetsiaalsete tiibadega, mis takistavad puut\u00fcki kukkumist operaatori jalgadele.<br \/>\nCedrus vertikaalne puul\u00f5hkumismasin 8T CEDLS07V<\/p>\n<p>CEDRUS on \u00fcks suurimaid aiandusmasinate, t\u00f6\u00f6riistade ning metsandus tarvikute edasim\u00fc\u00fcjaid Poolas.<br \/>\nMeie eesm\u00e4rk on pakkuda klientidele k\u00f5rgeima kvaliteediga tooteid konkurentsiv\u00f5imeliste hindadega.<br \/>\nAlates 2016. aastast oleme arendanud ka oma kaubam\u00e4rgi all olevat tootesarja Cedrus.<br \/>\nHetkel pakume enam kui 100 t\u00fc\u00fcpi CEDRUS kaubam\u00e4rgi aia- ja ehitusmasinaid, samuti k\u00f5iki hooldustarvikuid ja varuosi.<br \/>\n<img decoding=\"async\" src=\"https:\/\/www.ranoja.ee\/wp-content\/uploads\/2023\/07\/cedrus-logo-vaike-1-300x99.png\" alt=\"\" width=\"300\" height=\"99\" class=\"alignnone size-medium wp-image-5896\" srcset=\"https:\/\/ranoja.ee\/wp-content\/uploads\/2023\/07\/cedrus-logo-vaike-1-300x99.png 300w, https:\/\/ranoja.ee\/wp-content\/uploads\/2023\/07\/cedrus-logo-vaike-1.png 431w\" sizes=\"(max-width: 300px) 100vw, 300px\" \/><\/p>\n","protected":false},"excerpt":{"rendered":"<p>Cedrus vertikaalne puul\u00f5hkumismasin 8T CEDLS07V<br \/>\nT\u00f6\u00f6pinge 400V \/ 50Hz, 3500W<br \/>\nL\u00f5hkumisj\u00f5ud 8 tonni<br \/>\nMax pikkus 55cm<br \/>\nMax l\u00e4bim\u00f5\u00f5t 30cm<br \/>\nM\u00f5\u00f5dud 84 x 93.5 x 150 cm<br \/>\nKaal 108kg<br \/>\n<strong>Juurde v\u00f5imalik tellida:<br \/>\n*<a href=\"https:\/\/www.ranoja.ee\/toode\/cedrus-4-teraga-kiil-cedrls04\/\">4 teraga kiil CEDRLS04<\/a><br \/>\n*<a href=\"https:\/\/www.ranoja.ee\/toode\/cedrus-laia-teraga-kiil-cedrls06\/\">laiem kiil CEDRLS06<\/a><\/strong><br \/>\nGarantii 1 aasta (eraisikule 2 aastat)<br \/>\n<strong>Seadme eeldatav tarneaeg 1-7 t\u00f6\u00f6p\u00e4eva<\/strong><\/p>\n","protected":false},"featured_media":11877,"template":"","meta":{"inline_featured_image":false},"product_cat":[1087,895,1089],"product_tag":[525,526,527,137,472,521],"class_list":{"0":"post-4278","1":"product","2":"type-product","3":"status-publish","4":"has-post-thumbnail","6":"product_brand-cedrus","7":"product_cat-metsatehnika","8":"product_cat-parimad-pakkumised-aiatehnikale-ja-ehitustehnikale","9":"product_cat-puulohkumismasinad","10":"product_tag-cedls07v","11":"product_tag-cedrls04","12":"product_tag-cedrls06","13":"product_tag-cedrus","14":"product_tag-puulohkumismasin","15":"product_tag-vertikaalne-puulohkumismasin","17":"first","18":"instock","19":"sale","20":"taxable","21":"shipping-taxable","22":"purchasable","23":"product-type-simple"},"yoast_head":"<!-- This site is optimized with the Yoast SEO plugin v27.4 - https:\/\/yoast.com\/product\/yoast-seo-wordpress\/ -->\n<title>Cedrus vertikaalne puul\u00f5hkumismasin 8T CEDLS07V<\/title>\n<meta name=\"description\" content=\"T\u00f6\u00f6pinge 400V \/ 50Hz, 3500W L\u00f5hkumisj\u00f5ud 8 tonni Max pikkus 55cmMax l\u00e4bim\u00f5\u00f5t 30cm Cedrus vertikaalne puul\u00f5hkumismasin 8T CEDLS07V\" \/>\n<meta name=\"robots\" content=\"index, follow, max-snippet:-1, max-image-preview:large, max-video-preview:-1\" \/>\n<link rel=\"canonical\" href=\"https:\/\/ranoja.ee\/toode\/cedrus-vertikaalne-puulohkumismasin-8t-cedls07v\/\" \/>\n<meta property=\"og:locale\" content=\"en_US\" \/>\n<meta property=\"og:type\" content=\"article\" \/>\n<meta property=\"og:title\" content=\"Cedrus vertikaalne puul\u00f5hkumismasin 8T CEDLS07V\" \/>\n<meta property=\"og:description\" content=\"T\u00f6\u00f6pinge 400V \/ 50Hz, 3500W L\u00f5hkumisj\u00f5ud 8 tonni Max pikkus 55cmMax l\u00e4bim\u00f5\u00f5t 30cm Cedrus vertikaalne puul\u00f5hkumismasin 8T CEDLS07V\" \/>\n<meta property=\"og:url\" content=\"https:\/\/ranoja.ee\/toode\/cedrus-vertikaalne-puulohkumismasin-8t-cedls07v\/\" \/>\n<meta property=\"og:site_name\" content=\"Ranoja\" \/>\n<meta property=\"article:publisher\" content=\"https:\/\/www.facebook.com\/ranoja.ee\" \/>\n<meta property=\"article:modified_time\" content=\"2025-12-12T11:38:10+00:00\" \/>\n<meta property=\"og:image\" content=\"https:\/\/ranoja.ee\/wp-content\/uploads\/2023\/07\/Cedrus-vertikaalne-puulohkumismasin-8T-CEDLS07V.jpg\" \/>\n\t<meta property=\"og:image:width\" content=\"720\" \/>\n\t<meta property=\"og:image:height\" content=\"800\" \/>\n\t<meta property=\"og:image:type\" content=\"image\/jpeg\" \/>\n<meta name=\"twitter:card\" content=\"summary_large_image\" \/>\n<meta name=\"twitter:label1\" content=\"Est. reading time\" \/>\n\t<meta name=\"twitter:data1\" content=\"2 minutes\" \/>\n<script type=\"application\/ld+json\" class=\"yoast-schema-graph\">{\"@context\":\"https:\\\/\\\/schema.org\",\"@graph\":[{\"@type\":\"WebPage\",\"@id\":\"https:\\\/\\\/ranoja.ee\\\/toode\\\/cedrus-vertikaalne-puulohkumismasin-8t-cedls07v\\\/\",\"url\":\"https:\\\/\\\/ranoja.ee\\\/toode\\\/cedrus-vertikaalne-puulohkumismasin-8t-cedls07v\\\/\",\"name\":\"Cedrus vertikaalne puul\u00f5hkumismasin 8T CEDLS07V\",\"isPartOf\":{\"@id\":\"https:\\\/\\\/ranoja.ee\\\/#website\"},\"primaryImageOfPage\":{\"@id\":\"https:\\\/\\\/ranoja.ee\\\/toode\\\/cedrus-vertikaalne-puulohkumismasin-8t-cedls07v\\\/#primaryimage\"},\"image\":{\"@id\":\"https:\\\/\\\/ranoja.ee\\\/toode\\\/cedrus-vertikaalne-puulohkumismasin-8t-cedls07v\\\/#primaryimage\"},\"thumbnailUrl\":\"https:\\\/\\\/ranoja.ee\\\/wp-content\\\/uploads\\\/2023\\\/07\\\/Cedrus-vertikaalne-puulohkumismasin-8T-CEDLS07V.jpg\",\"datePublished\":\"2023-07-26T06:03:33+00:00\",\"dateModified\":\"2025-12-12T11:38:10+00:00\",\"description\":\"T\u00f6\u00f6pinge 400V \\\/ 50Hz, 3500W L\u00f5hkumisj\u00f5ud 8 tonni Max pikkus 55cmMax l\u00e4bim\u00f5\u00f5t 30cm Cedrus vertikaalne puul\u00f5hkumismasin 8T CEDLS07V\",\"breadcrumb\":{\"@id\":\"https:\\\/\\\/ranoja.ee\\\/toode\\\/cedrus-vertikaalne-puulohkumismasin-8t-cedls07v\\\/#breadcrumb\"},\"inLanguage\":\"en-US\",\"potentialAction\":[{\"@type\":\"ReadAction\",\"target\":[\"https:\\\/\\\/ranoja.ee\\\/toode\\\/cedrus-vertikaalne-puulohkumismasin-8t-cedls07v\\\/\"]}]},{\"@type\":\"ImageObject\",\"inLanguage\":\"en-US\",\"@id\":\"https:\\\/\\\/ranoja.ee\\\/toode\\\/cedrus-vertikaalne-puulohkumismasin-8t-cedls07v\\\/#primaryimage\",\"url\":\"https:\\\/\\\/ranoja.ee\\\/wp-content\\\/uploads\\\/2023\\\/07\\\/Cedrus-vertikaalne-puulohkumismasin-8T-CEDLS07V.jpg\",\"contentUrl\":\"https:\\\/\\\/ranoja.ee\\\/wp-content\\\/uploads\\\/2023\\\/07\\\/Cedrus-vertikaalne-puulohkumismasin-8T-CEDLS07V.jpg\",\"width\":720,\"height\":800,\"caption\":\"Cedrus vertikaalne puul\u00f5hkumismasin 8T CEDLS07V\"},{\"@type\":\"BreadcrumbList\",\"@id\":\"https:\\\/\\\/ranoja.ee\\\/toode\\\/cedrus-vertikaalne-puulohkumismasin-8t-cedls07v\\\/#breadcrumb\",\"itemListElement\":[{\"@type\":\"ListItem\",\"position\":1,\"name\":\"Home\",\"item\":\"https:\\\/\\\/ranoja.ee\\\/\"},{\"@type\":\"ListItem\",\"position\":2,\"name\":\"Shop\",\"item\":\"https:\\\/\\\/ranoja.ee\\\/en\\\/shop\\\/\"},{\"@type\":\"ListItem\",\"position\":3,\"name\":\"Cedrus vertikaalne puul\u00f5hkumismasin 8T CEDLS07V\"}]},{\"@type\":\"WebSite\",\"@id\":\"https:\\\/\\\/ranoja.ee\\\/#website\",\"url\":\"https:\\\/\\\/ranoja.ee\\\/\",\"name\":\"Ranoja\",\"description\":\"Equipment Shop WooCommerce WordPress Theme for Machine &amp; Tools\",\"publisher\":{\"@id\":\"https:\\\/\\\/ranoja.ee\\\/#organization\"},\"potentialAction\":[{\"@type\":\"SearchAction\",\"target\":{\"@type\":\"EntryPoint\",\"urlTemplate\":\"https:\\\/\\\/ranoja.ee\\\/?s={search_term_string}\"},\"query-input\":{\"@type\":\"PropertyValueSpecification\",\"valueRequired\":true,\"valueName\":\"search_term_string\"}}],\"inLanguage\":\"en-US\"},{\"@type\":\"Organization\",\"@id\":\"https:\\\/\\\/ranoja.ee\\\/#organization\",\"name\":\"Ranoja O\u00dc\",\"url\":\"https:\\\/\\\/ranoja.ee\\\/\",\"logo\":{\"@type\":\"ImageObject\",\"inLanguage\":\"en-US\",\"@id\":\"https:\\\/\\\/ranoja.ee\\\/#\\\/schema\\\/logo\\\/image\\\/\",\"url\":\"https:\\\/\\\/ranoja.ee\\\/wp-content\\\/uploads\\\/2023\\\/11\\\/ranoja-Logo.png\",\"contentUrl\":\"https:\\\/\\\/ranoja.ee\\\/wp-content\\\/uploads\\\/2023\\\/11\\\/ranoja-Logo.png\",\"width\":207,\"height\":58,\"caption\":\"Ranoja O\u00dc\"},\"image\":{\"@id\":\"https:\\\/\\\/ranoja.ee\\\/#\\\/schema\\\/logo\\\/image\\\/\"},\"sameAs\":[\"https:\\\/\\\/www.facebook.com\\\/ranoja.ee\",\"https:\\\/\\\/www.instagram.com\\\/ranoja__\\\/\"]}]}<\/script>\n<!-- \/ Yoast SEO plugin. -->","yoast_head_json":{"title":"Cedrus vertikaalne puul\u00f5hkumismasin 8T CEDLS07V","description":"T\u00f6\u00f6pinge 400V \/ 50Hz, 3500W L\u00f5hkumisj\u00f5ud 8 tonni Max pikkus 55cmMax l\u00e4bim\u00f5\u00f5t 30cm Cedrus vertikaalne puul\u00f5hkumismasin 8T CEDLS07V","robots":{"index":"index","follow":"follow","max-snippet":"max-snippet:-1","max-image-preview":"max-image-preview:large","max-video-preview":"max-video-preview:-1"},"canonical":"https:\/\/ranoja.ee\/toode\/cedrus-vertikaalne-puulohkumismasin-8t-cedls07v\/","og_locale":"en_US","og_type":"article","og_title":"Cedrus vertikaalne puul\u00f5hkumismasin 8T CEDLS07V","og_description":"T\u00f6\u00f6pinge 400V \/ 50Hz, 3500W L\u00f5hkumisj\u00f5ud 8 tonni Max pikkus 55cmMax l\u00e4bim\u00f5\u00f5t 30cm Cedrus vertikaalne puul\u00f5hkumismasin 8T CEDLS07V","og_url":"https:\/\/ranoja.ee\/toode\/cedrus-vertikaalne-puulohkumismasin-8t-cedls07v\/","og_site_name":"Ranoja","article_publisher":"https:\/\/www.facebook.com\/ranoja.ee","article_modified_time":"2025-12-12T11:38:10+00:00","og_image":[{"width":720,"height":800,"url":"https:\/\/ranoja.ee\/wp-content\/uploads\/2023\/07\/Cedrus-vertikaalne-puulohkumismasin-8T-CEDLS07V.jpg","type":"image\/jpeg"}],"twitter_card":"summary_large_image","twitter_misc":{"Est. reading time":"2 minutes"},"schema":{"@context":"https:\/\/schema.org","@graph":[{"@type":"WebPage","@id":"https:\/\/ranoja.ee\/toode\/cedrus-vertikaalne-puulohkumismasin-8t-cedls07v\/","url":"https:\/\/ranoja.ee\/toode\/cedrus-vertikaalne-puulohkumismasin-8t-cedls07v\/","name":"Cedrus vertikaalne puul\u00f5hkumismasin 8T CEDLS07V","isPartOf":{"@id":"https:\/\/ranoja.ee\/#website"},"primaryImageOfPage":{"@id":"https:\/\/ranoja.ee\/toode\/cedrus-vertikaalne-puulohkumismasin-8t-cedls07v\/#primaryimage"},"image":{"@id":"https:\/\/ranoja.ee\/toode\/cedrus-vertikaalne-puulohkumismasin-8t-cedls07v\/#primaryimage"},"thumbnailUrl":"https:\/\/ranoja.ee\/wp-content\/uploads\/2023\/07\/Cedrus-vertikaalne-puulohkumismasin-8T-CEDLS07V.jpg","datePublished":"2023-07-26T06:03:33+00:00","dateModified":"2025-12-12T11:38:10+00:00","description":"T\u00f6\u00f6pinge 400V \/ 50Hz, 3500W L\u00f5hkumisj\u00f5ud 8 tonni Max pikkus 55cmMax l\u00e4bim\u00f5\u00f5t 30cm Cedrus vertikaalne puul\u00f5hkumismasin 8T CEDLS07V","breadcrumb":{"@id":"https:\/\/ranoja.ee\/toode\/cedrus-vertikaalne-puulohkumismasin-8t-cedls07v\/#breadcrumb"},"inLanguage":"en-US","potentialAction":[{"@type":"ReadAction","target":["https:\/\/ranoja.ee\/toode\/cedrus-vertikaalne-puulohkumismasin-8t-cedls07v\/"]}]},{"@type":"ImageObject","inLanguage":"en-US","@id":"https:\/\/ranoja.ee\/toode\/cedrus-vertikaalne-puulohkumismasin-8t-cedls07v\/#primaryimage","url":"https:\/\/ranoja.ee\/wp-content\/uploads\/2023\/07\/Cedrus-vertikaalne-puulohkumismasin-8T-CEDLS07V.jpg","contentUrl":"https:\/\/ranoja.ee\/wp-content\/uploads\/2023\/07\/Cedrus-vertikaalne-puulohkumismasin-8T-CEDLS07V.jpg","width":720,"height":800,"caption":"Cedrus vertikaalne puul\u00f5hkumismasin 8T CEDLS07V"},{"@type":"BreadcrumbList","@id":"https:\/\/ranoja.ee\/toode\/cedrus-vertikaalne-puulohkumismasin-8t-cedls07v\/#breadcrumb","itemListElement":[{"@type":"ListItem","position":1,"name":"Home","item":"https:\/\/ranoja.ee\/"},{"@type":"ListItem","position":2,"name":"Shop","item":"https:\/\/ranoja.ee\/en\/shop\/"},{"@type":"ListItem","position":3,"name":"Cedrus vertikaalne puul\u00f5hkumismasin 8T CEDLS07V"}]},{"@type":"WebSite","@id":"https:\/\/ranoja.ee\/#website","url":"https:\/\/ranoja.ee\/","name":"Ranoja","description":"Equipment Shop WooCommerce WordPress Theme for Machine &amp; Tools","publisher":{"@id":"https:\/\/ranoja.ee\/#organization"},"potentialAction":[{"@type":"SearchAction","target":{"@type":"EntryPoint","urlTemplate":"https:\/\/ranoja.ee\/?s={search_term_string}"},"query-input":{"@type":"PropertyValueSpecification","valueRequired":true,"valueName":"search_term_string"}}],"inLanguage":"en-US"},{"@type":"Organization","@id":"https:\/\/ranoja.ee\/#organization","name":"Ranoja O\u00dc","url":"https:\/\/ranoja.ee\/","logo":{"@type":"ImageObject","inLanguage":"en-US","@id":"https:\/\/ranoja.ee\/#\/schema\/logo\/image\/","url":"https:\/\/ranoja.ee\/wp-content\/uploads\/2023\/11\/ranoja-Logo.png","contentUrl":"https:\/\/ranoja.ee\/wp-content\/uploads\/2023\/11\/ranoja-Logo.png","width":207,"height":58,"caption":"Ranoja O\u00dc"},"image":{"@id":"https:\/\/ranoja.ee\/#\/schema\/logo\/image\/"},"sameAs":["https:\/\/www.facebook.com\/ranoja.ee","https:\/\/www.instagram.com\/ranoja__\/"]}]}},"_links":{"self":[{"href":"https:\/\/ranoja.ee\/en\/wp-json\/wp\/v2\/product\/4278","targetHints":{"allow":["GET"]}}],"collection":[{"href":"https:\/\/ranoja.ee\/en\/wp-json\/wp\/v2\/product"}],"about":[{"href":"https:\/\/ranoja.ee\/en\/wp-json\/wp\/v2\/types\/product"}],"wp:featuredmedia":[{"embeddable":true,"href":"https:\/\/ranoja.ee\/en\/wp-json\/wp\/v2\/media\/11877"}],"wp:attachment":[{"href":"https:\/\/ranoja.ee\/en\/wp-json\/wp\/v2\/media?parent=4278"}],"wp:term":[{"taxonomy":"product_cat","embeddable":true,"href":"https:\/\/ranoja.ee\/en\/wp-json\/wp\/v2\/product_cat?post=4278"},{"taxonomy":"product_tag","embeddable":true,"href":"https:\/\/ranoja.ee\/en\/wp-json\/wp\/v2\/product_tag?post=4278"}],"curies":[{"name":"wp","href":"https:\/\/api.w.org\/{rel}","templated":true}]}}