{"id":4275,"date":"2023-07-26T08:48:31","date_gmt":"2023-07-26T05:48:31","guid":{"rendered":"https:\/\/www.ranoja.ee\/?post_type=product&#038;p=4275"},"modified":"2025-12-10T11:50:23","modified_gmt":"2025-12-10T08:50:23","slug":"cedrus-laia-teraga-kiil-cedrls05","status":"publish","type":"product","link":"https:\/\/ranoja.ee\/en\/toode\/cedrus-laia-teraga-kiil-cedrls05\/","title":{"rendered":"Cedrus laia teraga kiil CEDRLS05"},"content":{"rendered":"<p>Cedrus laia teraga kiil CEDRLS05 on oluline komponent, mis suurendab l\u00f5hkumist\u00f6\u00f6de t\u00f5husust ja aitab parandada l\u00f5hketulemust. Lai kiil v\u00f5imaldab puuhalu laiemalt avada, mis kiirendab l\u00f5hkumisprotsessi ja muudab selle efektiivsemaks. Traditsioonilised kitsamad kiilud l\u00f5hestavad halud keskelt kaheks, kuid laia kiilu kasutamisel toimub halu laialdasem jaotamine, v\u00f5imaldades puidut\u00fckid kiiremini ja t\u00f5husamalt eraldada.<\/p>\n<p>Lai kiil on eriti kasulik suuremate ja tihedamate puude l\u00f5hkumisel, kus tavalisest kitsamast kiilust ei pruugi piisata. Tihedad ja s\u00f5lmelised puut\u00fckid v\u00f5ivad vajada rohkem j\u00f5udu ja paremat jaotust, et neid l\u00f5hestada. Laiem kiil jagab l\u00f5hkumisj\u00f5u suuremale pinnale, aidates puid kiiremini ja \u00fchtlasemalt laiali l\u00fc\u00fca, v\u00e4hendades masinale ja operaatorile avalduvat koormust.<\/p>\n<p>Lisaks v\u00e4hendab lai kiil sageli vajadust mitmekordse l\u00f5hkumise j\u00e4rele. Kui kitsam kiil v\u00f5ib vajada sama halu korduvat l\u00f5hkumist v\u00e4iksemateks t\u00fckkideks, siis lai kiil suudab sageli \u00fche l\u00f5ikega teha suurema osa t\u00f6\u00f6st, jagades halud kohe sobivaks k\u00fcttepuuks. See mitte ainult ei s\u00e4\u00e4sta aega, vaid v\u00e4hendab ka t\u00f6\u00f6koormust ja masina kulumist.<\/p>\n<p>Kuna laiem kiil v\u00f5imaldab puid efektiivsemalt jaotada, on see suurep\u00e4rane valik neile, kes peavad t\u00f6\u00f6tlema suures koguses puid kiiresti ja t\u00f5husalt. Seet\u00f5ttu on lai kiil puul\u00f5hkumismasina oluline t\u00f6\u00f6riist, mis suurendab tootlikkust ja v\u00e4hendab f\u00fc\u00fcsilist pingutust, pakkudes paremat ja stabiilsemat l\u00f5hkumist.<\/p>\n<p>CEDRUS on \u00fcks suurimaid aiandusmasinate, t\u00f6\u00f6riistade ning metsandus tarvikute edasim\u00fc\u00fcjaid Poolas.<br \/>\nMeie eesm\u00e4rk on pakkuda klientidele k\u00f5rgeima kvaliteediga tooteid konkurentsiv\u00f5imeliste hindadega.<br \/>\nAlates 2016. aastast oleme arendanud ka oma kaubam\u00e4rgi all olevat tootesarja Cedrus.<br \/>\nHetkel pakume enam kui 100 t\u00fc\u00fcpi CEDRUS kaubam\u00e4rgi aia- ja ehitusmasinaid, samuti k\u00f5iki hooldustarvikuid ja varuosi.<br \/>\n<img decoding=\"async\" src=\"https:\/\/www.ranoja.ee\/wp-content\/uploads\/2023\/07\/cedrus-logo-vaike-1-300x99.png\" alt=\"\" width=\"300\" height=\"99\" class=\"alignnone size-medium wp-image-5896\" srcset=\"https:\/\/ranoja.ee\/wp-content\/uploads\/2023\/07\/cedrus-logo-vaike-1-300x99.png 300w, https:\/\/ranoja.ee\/wp-content\/uploads\/2023\/07\/cedrus-logo-vaike-1.png 431w\" sizes=\"(max-width: 300px) 100vw, 300px\" \/><\/p>\n","protected":false},"excerpt":{"rendered":"<p>Cedrus laia teraga kiil CEDRLS05<br \/>\n<strong>Lisa sobib seadmetele:<br \/>\n<a href=\"https:\/\/www.ranoja.ee\/toode\/vertikaalne-hudrauliline-puulohkumismasin-cedrus-7t-cedls06v\/\">CEDLS06V<\/a><\/strong><br \/>\nGarantii 1 aasta (eraisikule 2 aastat)<br \/>\n<strong>Seadme eeldatav tarneaeg 1-7 t\u00f6\u00f6p\u00e4eva<\/strong><\/p>\n","protected":false},"featured_media":11948,"template":"","meta":{"inline_featured_image":false},"product_cat":[1087,1089],"product_tag":[520,524,137,507],"class_list":{"0":"post-4275","1":"product","2":"type-product","3":"status-publish","4":"has-post-thumbnail","6":"product_brand-cedrus","7":"product_cat-metsatehnika","8":"product_cat-puulohkumismasinad","9":"product_tag-cedls06v","10":"product_tag-cedrls05","11":"product_tag-cedrus","12":"product_tag-kiil","14":"first","15":"instock","16":"taxable","17":"shipping-taxable","18":"purchasable","19":"product-type-simple"},"yoast_head":"<!-- This site is optimized with the Yoast SEO plugin v27.4 - https:\/\/yoast.com\/product\/yoast-seo-wordpress\/ -->\n<title>Cedrus laia teraga kiil CEDRLS05<\/title>\n<meta name=\"description\" content=\"Cedrus laia teraga kiil CEDRLS05 sobib seadmetele: Cedrus vertikaalne puul\u00f5hkumismasin 7T CEDLS06V, kiirendab oluliselt t\u00f6\u00f6protsessi!\" \/>\n<meta name=\"robots\" content=\"index, follow, max-snippet:-1, max-image-preview:large, max-video-preview:-1\" \/>\n<link rel=\"canonical\" href=\"https:\/\/ranoja.ee\/toode\/cedrus-laia-teraga-kiil-cedrls05\/\" \/>\n<meta property=\"og:locale\" content=\"en_US\" \/>\n<meta property=\"og:type\" content=\"article\" \/>\n<meta property=\"og:title\" content=\"Cedrus laia teraga kiil CEDRLS05\" \/>\n<meta property=\"og:description\" content=\"Cedrus laia teraga kiil CEDRLS05 sobib seadmetele: Cedrus vertikaalne puul\u00f5hkumismasin 7T CEDLS06V, kiirendab oluliselt t\u00f6\u00f6protsessi!\" \/>\n<meta property=\"og:url\" content=\"https:\/\/ranoja.ee\/toode\/cedrus-laia-teraga-kiil-cedrls05\/\" \/>\n<meta property=\"og:site_name\" content=\"Ranoja\" \/>\n<meta property=\"article:publisher\" content=\"https:\/\/www.facebook.com\/ranoja.ee\" \/>\n<meta property=\"article:modified_time\" content=\"2025-12-10T08:50:23+00:00\" \/>\n<meta property=\"og:image\" content=\"https:\/\/ranoja.ee\/wp-content\/uploads\/2023\/07\/Cedrus-laia-teraga-kiil-CEDRLS05.jpg\" \/>\n\t<meta property=\"og:image:width\" content=\"800\" \/>\n\t<meta property=\"og:image:height\" content=\"753\" \/>\n\t<meta property=\"og:image:type\" content=\"image\/jpeg\" \/>\n<meta name=\"twitter:card\" content=\"summary_large_image\" \/>\n<meta name=\"twitter:label1\" content=\"Est. reading time\" \/>\n\t<meta name=\"twitter:data1\" content=\"1 minute\" \/>\n<script type=\"application\/ld+json\" class=\"yoast-schema-graph\">{\"@context\":\"https:\\\/\\\/schema.org\",\"@graph\":[{\"@type\":\"WebPage\",\"@id\":\"https:\\\/\\\/ranoja.ee\\\/toode\\\/cedrus-laia-teraga-kiil-cedrls05\\\/\",\"url\":\"https:\\\/\\\/ranoja.ee\\\/toode\\\/cedrus-laia-teraga-kiil-cedrls05\\\/\",\"name\":\"Cedrus laia teraga kiil CEDRLS05\",\"isPartOf\":{\"@id\":\"https:\\\/\\\/ranoja.ee\\\/#website\"},\"primaryImageOfPage\":{\"@id\":\"https:\\\/\\\/ranoja.ee\\\/toode\\\/cedrus-laia-teraga-kiil-cedrls05\\\/#primaryimage\"},\"image\":{\"@id\":\"https:\\\/\\\/ranoja.ee\\\/toode\\\/cedrus-laia-teraga-kiil-cedrls05\\\/#primaryimage\"},\"thumbnailUrl\":\"https:\\\/\\\/ranoja.ee\\\/wp-content\\\/uploads\\\/2023\\\/07\\\/Cedrus-laia-teraga-kiil-CEDRLS05.jpg\",\"datePublished\":\"2023-07-26T05:48:31+00:00\",\"dateModified\":\"2025-12-10T08:50:23+00:00\",\"description\":\"Cedrus laia teraga kiil CEDRLS05 sobib seadmetele: Cedrus vertikaalne puul\u00f5hkumismasin 7T CEDLS06V, kiirendab oluliselt t\u00f6\u00f6protsessi!\",\"breadcrumb\":{\"@id\":\"https:\\\/\\\/ranoja.ee\\\/toode\\\/cedrus-laia-teraga-kiil-cedrls05\\\/#breadcrumb\"},\"inLanguage\":\"en-US\",\"potentialAction\":[{\"@type\":\"ReadAction\",\"target\":[\"https:\\\/\\\/ranoja.ee\\\/toode\\\/cedrus-laia-teraga-kiil-cedrls05\\\/\"]}]},{\"@type\":\"ImageObject\",\"inLanguage\":\"en-US\",\"@id\":\"https:\\\/\\\/ranoja.ee\\\/toode\\\/cedrus-laia-teraga-kiil-cedrls05\\\/#primaryimage\",\"url\":\"https:\\\/\\\/ranoja.ee\\\/wp-content\\\/uploads\\\/2023\\\/07\\\/Cedrus-laia-teraga-kiil-CEDRLS05.jpg\",\"contentUrl\":\"https:\\\/\\\/ranoja.ee\\\/wp-content\\\/uploads\\\/2023\\\/07\\\/Cedrus-laia-teraga-kiil-CEDRLS05.jpg\",\"width\":800,\"height\":753,\"caption\":\"Cedrus laia teraga kiil CEDRLS05\"},{\"@type\":\"BreadcrumbList\",\"@id\":\"https:\\\/\\\/ranoja.ee\\\/toode\\\/cedrus-laia-teraga-kiil-cedrls05\\\/#breadcrumb\",\"itemListElement\":[{\"@type\":\"ListItem\",\"position\":1,\"name\":\"Home\",\"item\":\"https:\\\/\\\/ranoja.ee\\\/\"},{\"@type\":\"ListItem\",\"position\":2,\"name\":\"Shop\",\"item\":\"https:\\\/\\\/ranoja.ee\\\/en\\\/shop\\\/\"},{\"@type\":\"ListItem\",\"position\":3,\"name\":\"Cedrus laia teraga kiil CEDRLS05\"}]},{\"@type\":\"WebSite\",\"@id\":\"https:\\\/\\\/ranoja.ee\\\/#website\",\"url\":\"https:\\\/\\\/ranoja.ee\\\/\",\"name\":\"Ranoja\",\"description\":\"Equipment Shop WooCommerce WordPress Theme for Machine &amp; Tools\",\"publisher\":{\"@id\":\"https:\\\/\\\/ranoja.ee\\\/#organization\"},\"potentialAction\":[{\"@type\":\"SearchAction\",\"target\":{\"@type\":\"EntryPoint\",\"urlTemplate\":\"https:\\\/\\\/ranoja.ee\\\/?s={search_term_string}\"},\"query-input\":{\"@type\":\"PropertyValueSpecification\",\"valueRequired\":true,\"valueName\":\"search_term_string\"}}],\"inLanguage\":\"en-US\"},{\"@type\":\"Organization\",\"@id\":\"https:\\\/\\\/ranoja.ee\\\/#organization\",\"name\":\"Ranoja O\u00dc\",\"url\":\"https:\\\/\\\/ranoja.ee\\\/\",\"logo\":{\"@type\":\"ImageObject\",\"inLanguage\":\"en-US\",\"@id\":\"https:\\\/\\\/ranoja.ee\\\/#\\\/schema\\\/logo\\\/image\\\/\",\"url\":\"https:\\\/\\\/ranoja.ee\\\/wp-content\\\/uploads\\\/2023\\\/11\\\/ranoja-Logo.png\",\"contentUrl\":\"https:\\\/\\\/ranoja.ee\\\/wp-content\\\/uploads\\\/2023\\\/11\\\/ranoja-Logo.png\",\"width\":207,\"height\":58,\"caption\":\"Ranoja O\u00dc\"},\"image\":{\"@id\":\"https:\\\/\\\/ranoja.ee\\\/#\\\/schema\\\/logo\\\/image\\\/\"},\"sameAs\":[\"https:\\\/\\\/www.facebook.com\\\/ranoja.ee\",\"https:\\\/\\\/www.instagram.com\\\/ranoja__\\\/\"]}]}<\/script>\n<!-- \/ Yoast SEO plugin. -->","yoast_head_json":{"title":"Cedrus laia teraga kiil CEDRLS05","description":"Cedrus laia teraga kiil CEDRLS05 sobib seadmetele: Cedrus vertikaalne puul\u00f5hkumismasin 7T CEDLS06V, kiirendab oluliselt t\u00f6\u00f6protsessi!","robots":{"index":"index","follow":"follow","max-snippet":"max-snippet:-1","max-image-preview":"max-image-preview:large","max-video-preview":"max-video-preview:-1"},"canonical":"https:\/\/ranoja.ee\/toode\/cedrus-laia-teraga-kiil-cedrls05\/","og_locale":"en_US","og_type":"article","og_title":"Cedrus laia teraga kiil CEDRLS05","og_description":"Cedrus laia teraga kiil CEDRLS05 sobib seadmetele: Cedrus vertikaalne puul\u00f5hkumismasin 7T CEDLS06V, kiirendab oluliselt t\u00f6\u00f6protsessi!","og_url":"https:\/\/ranoja.ee\/toode\/cedrus-laia-teraga-kiil-cedrls05\/","og_site_name":"Ranoja","article_publisher":"https:\/\/www.facebook.com\/ranoja.ee","article_modified_time":"2025-12-10T08:50:23+00:00","og_image":[{"width":800,"height":753,"url":"https:\/\/ranoja.ee\/wp-content\/uploads\/2023\/07\/Cedrus-laia-teraga-kiil-CEDRLS05.jpg","type":"image\/jpeg"}],"twitter_card":"summary_large_image","twitter_misc":{"Est. reading time":"1 minute"},"schema":{"@context":"https:\/\/schema.org","@graph":[{"@type":"WebPage","@id":"https:\/\/ranoja.ee\/toode\/cedrus-laia-teraga-kiil-cedrls05\/","url":"https:\/\/ranoja.ee\/toode\/cedrus-laia-teraga-kiil-cedrls05\/","name":"Cedrus laia teraga kiil CEDRLS05","isPartOf":{"@id":"https:\/\/ranoja.ee\/#website"},"primaryImageOfPage":{"@id":"https:\/\/ranoja.ee\/toode\/cedrus-laia-teraga-kiil-cedrls05\/#primaryimage"},"image":{"@id":"https:\/\/ranoja.ee\/toode\/cedrus-laia-teraga-kiil-cedrls05\/#primaryimage"},"thumbnailUrl":"https:\/\/ranoja.ee\/wp-content\/uploads\/2023\/07\/Cedrus-laia-teraga-kiil-CEDRLS05.jpg","datePublished":"2023-07-26T05:48:31+00:00","dateModified":"2025-12-10T08:50:23+00:00","description":"Cedrus laia teraga kiil CEDRLS05 sobib seadmetele: Cedrus vertikaalne puul\u00f5hkumismasin 7T CEDLS06V, kiirendab oluliselt t\u00f6\u00f6protsessi!","breadcrumb":{"@id":"https:\/\/ranoja.ee\/toode\/cedrus-laia-teraga-kiil-cedrls05\/#breadcrumb"},"inLanguage":"en-US","potentialAction":[{"@type":"ReadAction","target":["https:\/\/ranoja.ee\/toode\/cedrus-laia-teraga-kiil-cedrls05\/"]}]},{"@type":"ImageObject","inLanguage":"en-US","@id":"https:\/\/ranoja.ee\/toode\/cedrus-laia-teraga-kiil-cedrls05\/#primaryimage","url":"https:\/\/ranoja.ee\/wp-content\/uploads\/2023\/07\/Cedrus-laia-teraga-kiil-CEDRLS05.jpg","contentUrl":"https:\/\/ranoja.ee\/wp-content\/uploads\/2023\/07\/Cedrus-laia-teraga-kiil-CEDRLS05.jpg","width":800,"height":753,"caption":"Cedrus laia teraga kiil CEDRLS05"},{"@type":"BreadcrumbList","@id":"https:\/\/ranoja.ee\/toode\/cedrus-laia-teraga-kiil-cedrls05\/#breadcrumb","itemListElement":[{"@type":"ListItem","position":1,"name":"Home","item":"https:\/\/ranoja.ee\/"},{"@type":"ListItem","position":2,"name":"Shop","item":"https:\/\/ranoja.ee\/en\/shop\/"},{"@type":"ListItem","position":3,"name":"Cedrus laia teraga kiil CEDRLS05"}]},{"@type":"WebSite","@id":"https:\/\/ranoja.ee\/#website","url":"https:\/\/ranoja.ee\/","name":"Ranoja","description":"Equipment Shop WooCommerce WordPress Theme for Machine &amp; Tools","publisher":{"@id":"https:\/\/ranoja.ee\/#organization"},"potentialAction":[{"@type":"SearchAction","target":{"@type":"EntryPoint","urlTemplate":"https:\/\/ranoja.ee\/?s={search_term_string}"},"query-input":{"@type":"PropertyValueSpecification","valueRequired":true,"valueName":"search_term_string"}}],"inLanguage":"en-US"},{"@type":"Organization","@id":"https:\/\/ranoja.ee\/#organization","name":"Ranoja O\u00dc","url":"https:\/\/ranoja.ee\/","logo":{"@type":"ImageObject","inLanguage":"en-US","@id":"https:\/\/ranoja.ee\/#\/schema\/logo\/image\/","url":"https:\/\/ranoja.ee\/wp-content\/uploads\/2023\/11\/ranoja-Logo.png","contentUrl":"https:\/\/ranoja.ee\/wp-content\/uploads\/2023\/11\/ranoja-Logo.png","width":207,"height":58,"caption":"Ranoja O\u00dc"},"image":{"@id":"https:\/\/ranoja.ee\/#\/schema\/logo\/image\/"},"sameAs":["https:\/\/www.facebook.com\/ranoja.ee","https:\/\/www.instagram.com\/ranoja__\/"]}]}},"_links":{"self":[{"href":"https:\/\/ranoja.ee\/en\/wp-json\/wp\/v2\/product\/4275","targetHints":{"allow":["GET"]}}],"collection":[{"href":"https:\/\/ranoja.ee\/en\/wp-json\/wp\/v2\/product"}],"about":[{"href":"https:\/\/ranoja.ee\/en\/wp-json\/wp\/v2\/types\/product"}],"wp:featuredmedia":[{"embeddable":true,"href":"https:\/\/ranoja.ee\/en\/wp-json\/wp\/v2\/media\/11948"}],"wp:attachment":[{"href":"https:\/\/ranoja.ee\/en\/wp-json\/wp\/v2\/media?parent=4275"}],"wp:term":[{"taxonomy":"product_cat","embeddable":true,"href":"https:\/\/ranoja.ee\/en\/wp-json\/wp\/v2\/product_cat?post=4275"},{"taxonomy":"product_tag","embeddable":true,"href":"https:\/\/ranoja.ee\/en\/wp-json\/wp\/v2\/product_tag?post=4275"}],"curies":[{"name":"wp","href":"https:\/\/api.w.org\/{rel}","templated":true}]}}