{"id":4263,"date":"2023-07-26T08:16:00","date_gmt":"2023-07-26T05:16:00","guid":{"rendered":"https:\/\/www.ranoja.ee\/?post_type=product&#038;p=4263"},"modified":"2025-12-10T11:50:23","modified_gmt":"2025-12-10T08:50:23","slug":"cedrus-vertikaalne-puulohkumismasin-7t-cedls06v","status":"publish","type":"product","link":"https:\/\/ranoja.ee\/en\/toode\/cedrus-vertikaalne-puulohkumismasin-7t-cedls06v\/","title":{"rendered":"Cedrus vertikaalne puul\u00f5hkumismasin 7T CEDLS06V"},"content":{"rendered":"<p>Cedrus vertikaalne puul\u00f5hkumismasin 7T CEDLS06V<br \/>\nPuul\u00f5hkuja Cedrus LS06V on lahendus professionaalidele, kes otsivad kvaliteetset, t\u00f6\u00f6kindlat ja t\u00f5husat tehnikat. T\u00e4nu tugevale konstruktsioonile ja kvaliteetsetele komponentidele sobib masin suurep\u00e4raselt inimestele, kes tegelevad k\u00fctte- ja k\u00fcttepuude professionaalse tootmisega. Cedrus vertikaalne poolitaja t\u00f6\u00f6tab suurep\u00e4raselt igap\u00e4evat\u00f6\u00f6s suurte ja raskete puidut\u00fckkidega.<\/p>\n<p>K\u00f5rgeimate parameetritega puul\u00f5hkuja<\/p>\n<p>Cedrus LS06V on \u00fclit\u00f5husa \u00fchefaasilise elektrimootoriga varustatud puul\u00f5hkuja, mille v\u00f5imsus on 3000 W. T\u00e4nu sellele on t\u00e4iturmehhanismi tekitatav r\u00f5hk lausa 7 tonni. See v\u00f5imaldab t\u00f5rgeteta l\u00f5hkuda mis tahes t\u00fc\u00fcpi puitu. L\u00f5hkuja saab suurep\u00e4raselt hakkama 30-55 cm pikkuste pakkudega.<br \/>\nMugav ja t\u00f5hus puul\u00f5hkuja<\/p>\n<p>Cedrus LS06V jaoturit iseloomustab kompaktne vertikaalne struktuur. Transport rattad h\u00f5lbustavad oluliselt transportimist ja \u00f5iget seadistamist. T\u00f6\u00f6 teeb lihtsamaks ka kaheastmeline kiiruse reguleerimine (6 ja 2,9 m\/min). Samuti on v\u00f5imalik paigaldada kiil, mis l\u00f5ikab puidu neljaks osaks.<\/p>\n<p>Puul\u00f5hkuja Cedrus on ka seade, millel on k\u00f5ik vajalikud turvaelemendid. Kahe k\u00e4ega juhtimine kangiga v\u00e4hendab \u00f5nnetuste ohtu masinaga t\u00f6\u00f6tamisel. Tugev konstruktsioon omakorda tagab masina k\u00f5rge vastupidavuse ja kasutusea.<\/p>\n<p>CEDRUS on \u00fcks suurimaid aiandusmasinate, t\u00f6\u00f6riistade ning metsandus tarvikute edasim\u00fc\u00fcjaid Poolas.<br \/>\nMeie eesm\u00e4rk on pakkuda klientidele k\u00f5rgeima kvaliteediga tooteid konkurentsiv\u00f5imeliste hindadega.<br \/>\nAlates 2016. aastast oleme arendanud ka oma kaubam\u00e4rgi all olevat tootesarja Cedrus.<br \/>\nHetkel pakume enam kui 100 t\u00fc\u00fcpi CEDRUS kaubam\u00e4rgi aia- ja ehitusmasinaid, samuti k\u00f5iki hooldustarvikuid ja varuosi.<br \/>\n<img decoding=\"async\" src=\"https:\/\/www.ranoja.ee\/wp-content\/uploads\/2023\/07\/cedrus-logo-vaike-1-300x99.png\" alt=\"\" width=\"300\" height=\"99\" class=\"alignnone size-medium wp-image-5896\" srcset=\"https:\/\/ranoja.ee\/wp-content\/uploads\/2023\/07\/cedrus-logo-vaike-1-300x99.png 300w, https:\/\/ranoja.ee\/wp-content\/uploads\/2023\/07\/cedrus-logo-vaike-1.png 431w\" sizes=\"(max-width: 300px) 100vw, 300px\" \/><\/p>\n","protected":false},"excerpt":{"rendered":"<p>Vertikaalne puul\u00f5hkumismasin Cedrus 7T CEDLS06V<br \/>\nT\u00f6\u00f6pinge 230V \/ 50Hz, 3000W<br \/>\nL\u00f5hkumisj\u00f5ud 7 tonni<br \/>\nMax pikkus 55cm<br \/>\nMax l\u00e4bim\u00f5\u00f5t 30cm<br \/>\nM\u00f5\u00f5dud 84 x 91.5 x 149.5 cm<br \/>\nKaal 99kg<br \/>\n<strong>Juurde v\u00f5imalik tellida:<br \/>\n*<a href=\"https:\/\/www.ranoja.ee\/toode\/cedrus-4-teraga-kiil-cedrls03\/\">4 teraga kiil CEDRLS03<\/a><br \/>\n*<a href=\"https:\/\/www.ranoja.ee\/toode\/cedrus-laia-teraga-kiil-cedrls05\/\">laiem kiil CEDRLS05<\/a><br \/>\n<\/strong>Garantii 1 aasta (eraisikule 2 aastat)<br \/>\n<strong><span style=\"color: #339966;\">ANTUD SEADMEGA SAAB TUTVUDA MEIE PAIDE ESINDUSES KOHAPEAL!<\/span><\/strong><\/strong><\/p>\n","protected":false},"featured_media":11883,"template":"","meta":{"inline_featured_image":false},"product_cat":[1087,1089],"product_tag":[522,520,137,337,472,521],"class_list":{"0":"post-4263","1":"product","2":"type-product","3":"status-publish","4":"has-post-thumbnail","6":"product_brand-cedrus","7":"product_cat-metsatehnika","8":"product_cat-puulohkumismasinad","9":"product_tag-7t","10":"product_tag-cedls06v","11":"product_tag-cedrus","12":"product_tag-hudrauliline","13":"product_tag-puulohkumismasin","14":"product_tag-vertikaalne-puulohkumismasin","16":"first","17":"instock","18":"taxable","19":"shipping-taxable","20":"purchasable","21":"product-type-simple"},"yoast_head":"<!-- This site is optimized with the Yoast SEO plugin v27.4 - https:\/\/yoast.com\/product\/yoast-seo-wordpress\/ -->\n<title>Cedrus vertikaalne puul\u00f5hkumismasin 7T CEDLS06V<\/title>\n<meta name=\"description\" content=\"T\u00f6\u00f6pinge 230V \/ 50Hz, 3000WL\u00f5hkumisj\u00f5ud 7 tonni Max pikkus 55cm Max l\u00e4bim\u00f5\u00f5t 30cm vertikaalne-hudrauliline-puulohkumismasin-cedrus-7t-cedls06v\" \/>\n<meta name=\"robots\" content=\"index, follow, max-snippet:-1, max-image-preview:large, max-video-preview:-1\" \/>\n<link rel=\"canonical\" href=\"https:\/\/ranoja.ee\/toode\/cedrus-vertikaalne-puulohkumismasin-7t-cedls06v\/\" \/>\n<meta property=\"og:locale\" content=\"en_US\" \/>\n<meta property=\"og:type\" content=\"article\" \/>\n<meta property=\"og:title\" content=\"Cedrus vertikaalne puul\u00f5hkumismasin 7T CEDLS06V\" \/>\n<meta property=\"og:description\" content=\"T\u00f6\u00f6pinge 230V \/ 50Hz, 3000WL\u00f5hkumisj\u00f5ud 7 tonni Max pikkus 55cm Max l\u00e4bim\u00f5\u00f5t 30cm vertikaalne-hudrauliline-puulohkumismasin-cedrus-7t-cedls06v\" \/>\n<meta property=\"og:url\" content=\"https:\/\/ranoja.ee\/toode\/cedrus-vertikaalne-puulohkumismasin-7t-cedls06v\/\" \/>\n<meta property=\"og:site_name\" content=\"Ranoja\" \/>\n<meta property=\"article:publisher\" content=\"https:\/\/www.facebook.com\/ranoja.ee\" \/>\n<meta property=\"article:modified_time\" content=\"2025-12-10T08:50:23+00:00\" \/>\n<meta property=\"og:image\" content=\"https:\/\/ranoja.ee\/wp-content\/uploads\/2023\/07\/Cedrus-vertikaalne-puulohkumismasin-7T-CEDLS06V.jpg\" \/>\n\t<meta property=\"og:image:width\" content=\"1200\" \/>\n\t<meta property=\"og:image:height\" content=\"1121\" \/>\n\t<meta property=\"og:image:type\" content=\"image\/jpeg\" \/>\n<meta name=\"twitter:card\" content=\"summary_large_image\" \/>\n<meta name=\"twitter:label1\" content=\"Est. reading time\" \/>\n\t<meta name=\"twitter:data1\" content=\"2 minutes\" \/>\n<script type=\"application\/ld+json\" class=\"yoast-schema-graph\">{\"@context\":\"https:\\\/\\\/schema.org\",\"@graph\":[{\"@type\":\"WebPage\",\"@id\":\"https:\\\/\\\/ranoja.ee\\\/toode\\\/cedrus-vertikaalne-puulohkumismasin-7t-cedls06v\\\/\",\"url\":\"https:\\\/\\\/ranoja.ee\\\/toode\\\/cedrus-vertikaalne-puulohkumismasin-7t-cedls06v\\\/\",\"name\":\"Cedrus vertikaalne puul\u00f5hkumismasin 7T CEDLS06V\",\"isPartOf\":{\"@id\":\"https:\\\/\\\/ranoja.ee\\\/#website\"},\"primaryImageOfPage\":{\"@id\":\"https:\\\/\\\/ranoja.ee\\\/toode\\\/cedrus-vertikaalne-puulohkumismasin-7t-cedls06v\\\/#primaryimage\"},\"image\":{\"@id\":\"https:\\\/\\\/ranoja.ee\\\/toode\\\/cedrus-vertikaalne-puulohkumismasin-7t-cedls06v\\\/#primaryimage\"},\"thumbnailUrl\":\"https:\\\/\\\/ranoja.ee\\\/wp-content\\\/uploads\\\/2023\\\/07\\\/Cedrus-vertikaalne-puulohkumismasin-7T-CEDLS06V.jpg\",\"datePublished\":\"2023-07-26T05:16:00+00:00\",\"dateModified\":\"2025-12-10T08:50:23+00:00\",\"description\":\"T\u00f6\u00f6pinge 230V \\\/ 50Hz, 3000WL\u00f5hkumisj\u00f5ud 7 tonni Max pikkus 55cm Max l\u00e4bim\u00f5\u00f5t 30cm vertikaalne-hudrauliline-puulohkumismasin-cedrus-7t-cedls06v\",\"breadcrumb\":{\"@id\":\"https:\\\/\\\/ranoja.ee\\\/toode\\\/cedrus-vertikaalne-puulohkumismasin-7t-cedls06v\\\/#breadcrumb\"},\"inLanguage\":\"en-US\",\"potentialAction\":[{\"@type\":\"ReadAction\",\"target\":[\"https:\\\/\\\/ranoja.ee\\\/toode\\\/cedrus-vertikaalne-puulohkumismasin-7t-cedls06v\\\/\"]}]},{\"@type\":\"ImageObject\",\"inLanguage\":\"en-US\",\"@id\":\"https:\\\/\\\/ranoja.ee\\\/toode\\\/cedrus-vertikaalne-puulohkumismasin-7t-cedls06v\\\/#primaryimage\",\"url\":\"https:\\\/\\\/ranoja.ee\\\/wp-content\\\/uploads\\\/2023\\\/07\\\/Cedrus-vertikaalne-puulohkumismasin-7T-CEDLS06V.jpg\",\"contentUrl\":\"https:\\\/\\\/ranoja.ee\\\/wp-content\\\/uploads\\\/2023\\\/07\\\/Cedrus-vertikaalne-puulohkumismasin-7T-CEDLS06V.jpg\",\"width\":1200,\"height\":1121,\"caption\":\"Cedrus vertikaalne puul\u00f5hkumismasin 7T CEDLS06V\"},{\"@type\":\"BreadcrumbList\",\"@id\":\"https:\\\/\\\/ranoja.ee\\\/toode\\\/cedrus-vertikaalne-puulohkumismasin-7t-cedls06v\\\/#breadcrumb\",\"itemListElement\":[{\"@type\":\"ListItem\",\"position\":1,\"name\":\"Home\",\"item\":\"https:\\\/\\\/ranoja.ee\\\/\"},{\"@type\":\"ListItem\",\"position\":2,\"name\":\"Shop\",\"item\":\"https:\\\/\\\/ranoja.ee\\\/en\\\/shop\\\/\"},{\"@type\":\"ListItem\",\"position\":3,\"name\":\"Cedrus vertikaalne puul\u00f5hkumismasin 7T CEDLS06V\"}]},{\"@type\":\"WebSite\",\"@id\":\"https:\\\/\\\/ranoja.ee\\\/#website\",\"url\":\"https:\\\/\\\/ranoja.ee\\\/\",\"name\":\"Ranoja\",\"description\":\"Equipment Shop WooCommerce WordPress Theme for Machine &amp; Tools\",\"publisher\":{\"@id\":\"https:\\\/\\\/ranoja.ee\\\/#organization\"},\"potentialAction\":[{\"@type\":\"SearchAction\",\"target\":{\"@type\":\"EntryPoint\",\"urlTemplate\":\"https:\\\/\\\/ranoja.ee\\\/?s={search_term_string}\"},\"query-input\":{\"@type\":\"PropertyValueSpecification\",\"valueRequired\":true,\"valueName\":\"search_term_string\"}}],\"inLanguage\":\"en-US\"},{\"@type\":\"Organization\",\"@id\":\"https:\\\/\\\/ranoja.ee\\\/#organization\",\"name\":\"Ranoja O\u00dc\",\"url\":\"https:\\\/\\\/ranoja.ee\\\/\",\"logo\":{\"@type\":\"ImageObject\",\"inLanguage\":\"en-US\",\"@id\":\"https:\\\/\\\/ranoja.ee\\\/#\\\/schema\\\/logo\\\/image\\\/\",\"url\":\"https:\\\/\\\/ranoja.ee\\\/wp-content\\\/uploads\\\/2023\\\/11\\\/ranoja-Logo.png\",\"contentUrl\":\"https:\\\/\\\/ranoja.ee\\\/wp-content\\\/uploads\\\/2023\\\/11\\\/ranoja-Logo.png\",\"width\":207,\"height\":58,\"caption\":\"Ranoja O\u00dc\"},\"image\":{\"@id\":\"https:\\\/\\\/ranoja.ee\\\/#\\\/schema\\\/logo\\\/image\\\/\"},\"sameAs\":[\"https:\\\/\\\/www.facebook.com\\\/ranoja.ee\",\"https:\\\/\\\/www.instagram.com\\\/ranoja__\\\/\"]}]}<\/script>\n<!-- \/ Yoast SEO plugin. -->","yoast_head_json":{"title":"Cedrus vertikaalne puul\u00f5hkumismasin 7T CEDLS06V","description":"T\u00f6\u00f6pinge 230V \/ 50Hz, 3000WL\u00f5hkumisj\u00f5ud 7 tonni Max pikkus 55cm Max l\u00e4bim\u00f5\u00f5t 30cm vertikaalne-hudrauliline-puulohkumismasin-cedrus-7t-cedls06v","robots":{"index":"index","follow":"follow","max-snippet":"max-snippet:-1","max-image-preview":"max-image-preview:large","max-video-preview":"max-video-preview:-1"},"canonical":"https:\/\/ranoja.ee\/toode\/cedrus-vertikaalne-puulohkumismasin-7t-cedls06v\/","og_locale":"en_US","og_type":"article","og_title":"Cedrus vertikaalne puul\u00f5hkumismasin 7T CEDLS06V","og_description":"T\u00f6\u00f6pinge 230V \/ 50Hz, 3000WL\u00f5hkumisj\u00f5ud 7 tonni Max pikkus 55cm Max l\u00e4bim\u00f5\u00f5t 30cm vertikaalne-hudrauliline-puulohkumismasin-cedrus-7t-cedls06v","og_url":"https:\/\/ranoja.ee\/toode\/cedrus-vertikaalne-puulohkumismasin-7t-cedls06v\/","og_site_name":"Ranoja","article_publisher":"https:\/\/www.facebook.com\/ranoja.ee","article_modified_time":"2025-12-10T08:50:23+00:00","og_image":[{"width":1200,"height":1121,"url":"https:\/\/ranoja.ee\/wp-content\/uploads\/2023\/07\/Cedrus-vertikaalne-puulohkumismasin-7T-CEDLS06V.jpg","type":"image\/jpeg"}],"twitter_card":"summary_large_image","twitter_misc":{"Est. reading time":"2 minutes"},"schema":{"@context":"https:\/\/schema.org","@graph":[{"@type":"WebPage","@id":"https:\/\/ranoja.ee\/toode\/cedrus-vertikaalne-puulohkumismasin-7t-cedls06v\/","url":"https:\/\/ranoja.ee\/toode\/cedrus-vertikaalne-puulohkumismasin-7t-cedls06v\/","name":"Cedrus vertikaalne puul\u00f5hkumismasin 7T CEDLS06V","isPartOf":{"@id":"https:\/\/ranoja.ee\/#website"},"primaryImageOfPage":{"@id":"https:\/\/ranoja.ee\/toode\/cedrus-vertikaalne-puulohkumismasin-7t-cedls06v\/#primaryimage"},"image":{"@id":"https:\/\/ranoja.ee\/toode\/cedrus-vertikaalne-puulohkumismasin-7t-cedls06v\/#primaryimage"},"thumbnailUrl":"https:\/\/ranoja.ee\/wp-content\/uploads\/2023\/07\/Cedrus-vertikaalne-puulohkumismasin-7T-CEDLS06V.jpg","datePublished":"2023-07-26T05:16:00+00:00","dateModified":"2025-12-10T08:50:23+00:00","description":"T\u00f6\u00f6pinge 230V \/ 50Hz, 3000WL\u00f5hkumisj\u00f5ud 7 tonni Max pikkus 55cm Max l\u00e4bim\u00f5\u00f5t 30cm vertikaalne-hudrauliline-puulohkumismasin-cedrus-7t-cedls06v","breadcrumb":{"@id":"https:\/\/ranoja.ee\/toode\/cedrus-vertikaalne-puulohkumismasin-7t-cedls06v\/#breadcrumb"},"inLanguage":"en-US","potentialAction":[{"@type":"ReadAction","target":["https:\/\/ranoja.ee\/toode\/cedrus-vertikaalne-puulohkumismasin-7t-cedls06v\/"]}]},{"@type":"ImageObject","inLanguage":"en-US","@id":"https:\/\/ranoja.ee\/toode\/cedrus-vertikaalne-puulohkumismasin-7t-cedls06v\/#primaryimage","url":"https:\/\/ranoja.ee\/wp-content\/uploads\/2023\/07\/Cedrus-vertikaalne-puulohkumismasin-7T-CEDLS06V.jpg","contentUrl":"https:\/\/ranoja.ee\/wp-content\/uploads\/2023\/07\/Cedrus-vertikaalne-puulohkumismasin-7T-CEDLS06V.jpg","width":1200,"height":1121,"caption":"Cedrus vertikaalne puul\u00f5hkumismasin 7T CEDLS06V"},{"@type":"BreadcrumbList","@id":"https:\/\/ranoja.ee\/toode\/cedrus-vertikaalne-puulohkumismasin-7t-cedls06v\/#breadcrumb","itemListElement":[{"@type":"ListItem","position":1,"name":"Home","item":"https:\/\/ranoja.ee\/"},{"@type":"ListItem","position":2,"name":"Shop","item":"https:\/\/ranoja.ee\/en\/shop\/"},{"@type":"ListItem","position":3,"name":"Cedrus vertikaalne puul\u00f5hkumismasin 7T CEDLS06V"}]},{"@type":"WebSite","@id":"https:\/\/ranoja.ee\/#website","url":"https:\/\/ranoja.ee\/","name":"Ranoja","description":"Equipment Shop WooCommerce WordPress Theme for Machine &amp; Tools","publisher":{"@id":"https:\/\/ranoja.ee\/#organization"},"potentialAction":[{"@type":"SearchAction","target":{"@type":"EntryPoint","urlTemplate":"https:\/\/ranoja.ee\/?s={search_term_string}"},"query-input":{"@type":"PropertyValueSpecification","valueRequired":true,"valueName":"search_term_string"}}],"inLanguage":"en-US"},{"@type":"Organization","@id":"https:\/\/ranoja.ee\/#organization","name":"Ranoja O\u00dc","url":"https:\/\/ranoja.ee\/","logo":{"@type":"ImageObject","inLanguage":"en-US","@id":"https:\/\/ranoja.ee\/#\/schema\/logo\/image\/","url":"https:\/\/ranoja.ee\/wp-content\/uploads\/2023\/11\/ranoja-Logo.png","contentUrl":"https:\/\/ranoja.ee\/wp-content\/uploads\/2023\/11\/ranoja-Logo.png","width":207,"height":58,"caption":"Ranoja O\u00dc"},"image":{"@id":"https:\/\/ranoja.ee\/#\/schema\/logo\/image\/"},"sameAs":["https:\/\/www.facebook.com\/ranoja.ee","https:\/\/www.instagram.com\/ranoja__\/"]}]}},"_links":{"self":[{"href":"https:\/\/ranoja.ee\/en\/wp-json\/wp\/v2\/product\/4263","targetHints":{"allow":["GET"]}}],"collection":[{"href":"https:\/\/ranoja.ee\/en\/wp-json\/wp\/v2\/product"}],"about":[{"href":"https:\/\/ranoja.ee\/en\/wp-json\/wp\/v2\/types\/product"}],"wp:featuredmedia":[{"embeddable":true,"href":"https:\/\/ranoja.ee\/en\/wp-json\/wp\/v2\/media\/11883"}],"wp:attachment":[{"href":"https:\/\/ranoja.ee\/en\/wp-json\/wp\/v2\/media?parent=4263"}],"wp:term":[{"taxonomy":"product_cat","embeddable":true,"href":"https:\/\/ranoja.ee\/en\/wp-json\/wp\/v2\/product_cat?post=4263"},{"taxonomy":"product_tag","embeddable":true,"href":"https:\/\/ranoja.ee\/en\/wp-json\/wp\/v2\/product_tag?post=4263"}],"curies":[{"name":"wp","href":"https:\/\/api.w.org\/{rel}","templated":true}]}}