{"id":4248,"date":"2023-07-25T22:54:57","date_gmt":"2023-07-25T19:54:57","guid":{"rendered":"https:\/\/www.ranoja.ee\/?post_type=product&#038;p=4248"},"modified":"2025-12-10T11:50:23","modified_gmt":"2025-12-10T08:50:23","slug":"cedrus-horisontaalne-puulohkumismasin-7t-cedls02h","status":"publish","type":"product","link":"https:\/\/ranoja.ee\/en\/toode\/cedrus-horisontaalne-puulohkumismasin-7t-cedls02h\/","title":{"rendered":"Cedrus horisontaalne puul\u00f5hkumismasin 7T CEDLS02H"},"content":{"rendered":"<p>Cedrus horisontaalne puul\u00f5hkumismasin 7T CEDLS02H<\/p>\n<p>Puul\u00f5hkuja Cedrus LS02H on kaasaegne ja t\u00f5hus disain, mis on varustatud elektrimootoriga. T\u00e4nu oma v\u00e4ikesele kaalule ja v\u00e4iksusele sobib see ideaalselt igasse koju. T\u00e4nu sellele saate kiiresti ja mugavalt ette valmistada k\u00fcttepuude varu pikkadeks talve\u00f5htuteks.<\/p>\n<p>Cedrus LS02H on jaotur, mis t\u00e4nu 2300 W mootorile tekitab 7-tonnise survej\u00f5u. T\u00e4nu sellele tuleb see suurep\u00e4raselt toime ka k\u00f5ige k\u00f5vema puiduga, maksimaalsete m\u00f5\u00f5tmetega: 52cm (pikkus) x 25cm (l\u00e4bim\u00f5\u00f5t). T\u00f6\u00f6de kiirendamiseks on v\u00f5imalik paigaldada ka lisavarustusena kiil, t\u00e4nu millele saab iga palgi kohe neljaks osaks jagada.<\/p>\n<p>Mugav ja kompaktne puul\u00f5hkuja<\/p>\n<p>Cedrus mudel LS02H on \u00e4\u00e4rmiselt kompaktne ja mugav kasutada ja hoida. Selle m\u00f5\u00f5dud on 116 x 42,5 x 61 cm ja kaal vaid 45 kg. K\u00f5ik see koos tugevate transpordiratastega teeb Cedruse puul\u00f5hkujast v\u00e4ga mobiilse masina. \u00dchelgi kasutajal ei tohiks selle transpordiga probleeme tekkida.<\/p>\n<p>Ohutu puul\u00f5hkuja<\/p>\n<p>Ka pakutav Cedrus LS02H puul\u00f5hkuja on \u00e4\u00e4rmiselt turvalise disainiga. Kvaliteetsetest komponentidest valmistatud masin vastab k\u00f5ige rangematele standarditele. Lisaks kaitseb kaitsev\u00f5rk operaatorit l\u00f5henemisest tekkivate puidukildude eest.<br \/>\nCedrus horisontaalne puul\u00f5hkumismasin 7T CEDLS02H<\/p>\n<p>CEDRUS on \u00fcks suurimaid aiandusmasinate, t\u00f6\u00f6riistade ning metsandus tarvikute edasim\u00fc\u00fcjaid Poolas.<br \/>\nMeie eesm\u00e4rk on pakkuda klientidele k\u00f5rgeima kvaliteediga tooteid konkurentsiv\u00f5imeliste hindadega.<br \/>\nAlates 2016. aastast oleme arendanud ka oma kaubam\u00e4rgi all olevat tootesarja Cedrus.<br \/>\nHetkel pakume enam kui 100 t\u00fc\u00fcpi CEDRUS kaubam\u00e4rgi aia- ja ehitusmasinaid, samuti k\u00f5iki hooldustarvikuid ja varuosi.<br \/>\n<img decoding=\"async\" src=\"https:\/\/www.ranoja.ee\/wp-content\/uploads\/2023\/07\/cedrus-logo-vaike-1-300x99.png\" alt=\"\" width=\"300\" height=\"99\" class=\"alignnone size-medium wp-image-5896\" srcset=\"https:\/\/ranoja.ee\/wp-content\/uploads\/2023\/07\/cedrus-logo-vaike-1-300x99.png 300w, https:\/\/ranoja.ee\/wp-content\/uploads\/2023\/07\/cedrus-logo-vaike-1.png 431w\" sizes=\"(max-width: 300px) 100vw, 300px\" \/><\/p>\n","protected":false},"excerpt":{"rendered":"<p>Cedrus horisontaalne puul\u00f5hkumismasin 7T CEDLS02H<br \/>\nMootor 230V \/ 50Hz 2200W<br \/>\nL\u00f5hkumisj\u00f5ud 7 tonni<br \/>\nMax pikkus 52cm<br \/>\nMax l\u00e4bim\u00f5\u00f5t 25cm<br \/>\nKaal 55kg<br \/>\n<strong>Juurde v\u00f5imalik tellida:<br \/>\n*<a href=\"https:\/\/www.ranoja.ee\/toode\/cedrus-raam-pustiseks-tooasendiks-cedrls01\/\">Raam p\u00fcstiseks t\u00f6\u00f6asendiks CEDRLS01<\/a><br \/>\n*<a href=\"https:\/\/www.ranoja.ee\/toode\/cedrus-4-teraga-kiil-cedrls02\/\">4 teraga kiil CEDRLS02<\/a><\/strong><br \/>\nGarantii 1 aasta (eraisikule 2 aastat)<\/p>\n[embed]https:\/\/www.youtube.com\/watch?v=GchHHX1wbCw[\/embed]\n","protected":false},"featured_media":11907,"template":"","meta":{"inline_featured_image":false},"product_cat":[1087,1089],"product_tag":[515,137,516,472],"class_list":{"0":"post-4248","1":"product","2":"type-product","3":"status-publish","4":"has-post-thumbnail","6":"product_brand-cedrus","7":"product_cat-metsatehnika","8":"product_cat-puulohkumismasinad","9":"product_tag-cedls02h","10":"product_tag-cedrus","11":"product_tag-horisontaalne-puulohkumismasin","12":"product_tag-puulohkumismasin","14":"first","15":"instock","16":"taxable","17":"shipping-taxable","18":"purchasable","19":"product-type-simple"},"yoast_head":"<!-- This site is optimized with the Yoast SEO plugin v27.4 - https:\/\/yoast.com\/product\/yoast-seo-wordpress\/ -->\n<title>Cedrus horisontaalne puul\u00f5hkumismasin 7T CEDLS02H<\/title>\n<meta name=\"description\" content=\"Cedrus horisontaalne puul\u00f5hkumismasin 7T CEDLS02H Mootor 230V \/ 50Hz 2200WL\u00f5hkumisj\u00f5ud 7 tonni cedrus-horisontaalne-puulohkumismasin-7ton-cedls02h\" \/>\n<meta name=\"robots\" content=\"index, follow, max-snippet:-1, max-image-preview:large, max-video-preview:-1\" \/>\n<link rel=\"canonical\" href=\"https:\/\/ranoja.ee\/toode\/cedrus-horisontaalne-puulohkumismasin-7t-cedls02h\/\" \/>\n<meta property=\"og:locale\" content=\"en_US\" \/>\n<meta property=\"og:type\" content=\"article\" \/>\n<meta property=\"og:title\" content=\"Cedrus horisontaalne puul\u00f5hkumismasin 7T CEDLS02H\" \/>\n<meta property=\"og:description\" content=\"Cedrus horisontaalne puul\u00f5hkumismasin 7T CEDLS02H Mootor 230V \/ 50Hz 2200WL\u00f5hkumisj\u00f5ud 7 tonni cedrus-horisontaalne-puulohkumismasin-7ton-cedls02h\" \/>\n<meta property=\"og:url\" content=\"https:\/\/ranoja.ee\/toode\/cedrus-horisontaalne-puulohkumismasin-7t-cedls02h\/\" \/>\n<meta property=\"og:site_name\" content=\"Ranoja\" \/>\n<meta property=\"article:publisher\" content=\"https:\/\/www.facebook.com\/ranoja.ee\" \/>\n<meta property=\"article:modified_time\" content=\"2025-12-10T08:50:23+00:00\" \/>\n<meta property=\"og:image\" content=\"https:\/\/ranoja.ee\/wp-content\/uploads\/2023\/07\/Cedrus-horisontaalne-puulohkumismasin-7T-CEDLS02H.jpg\" \/>\n\t<meta property=\"og:image:width\" content=\"800\" \/>\n\t<meta property=\"og:image:height\" content=\"473\" \/>\n\t<meta property=\"og:image:type\" content=\"image\/jpeg\" \/>\n<meta name=\"twitter:card\" content=\"summary_large_image\" \/>\n<meta name=\"twitter:label1\" content=\"Est. reading time\" \/>\n\t<meta name=\"twitter:data1\" content=\"2 minutes\" \/>\n<script type=\"application\/ld+json\" class=\"yoast-schema-graph\">{\"@context\":\"https:\\\/\\\/schema.org\",\"@graph\":[{\"@type\":\"WebPage\",\"@id\":\"https:\\\/\\\/ranoja.ee\\\/toode\\\/cedrus-horisontaalne-puulohkumismasin-7t-cedls02h\\\/\",\"url\":\"https:\\\/\\\/ranoja.ee\\\/toode\\\/cedrus-horisontaalne-puulohkumismasin-7t-cedls02h\\\/\",\"name\":\"Cedrus horisontaalne puul\u00f5hkumismasin 7T CEDLS02H\",\"isPartOf\":{\"@id\":\"https:\\\/\\\/ranoja.ee\\\/#website\"},\"primaryImageOfPage\":{\"@id\":\"https:\\\/\\\/ranoja.ee\\\/toode\\\/cedrus-horisontaalne-puulohkumismasin-7t-cedls02h\\\/#primaryimage\"},\"image\":{\"@id\":\"https:\\\/\\\/ranoja.ee\\\/toode\\\/cedrus-horisontaalne-puulohkumismasin-7t-cedls02h\\\/#primaryimage\"},\"thumbnailUrl\":\"https:\\\/\\\/ranoja.ee\\\/wp-content\\\/uploads\\\/2023\\\/07\\\/Cedrus-horisontaalne-puulohkumismasin-7T-CEDLS02H.jpg\",\"datePublished\":\"2023-07-25T19:54:57+00:00\",\"dateModified\":\"2025-12-10T08:50:23+00:00\",\"description\":\"Cedrus horisontaalne puul\u00f5hkumismasin 7T CEDLS02H Mootor 230V \\\/ 50Hz 2200WL\u00f5hkumisj\u00f5ud 7 tonni cedrus-horisontaalne-puulohkumismasin-7ton-cedls02h\",\"breadcrumb\":{\"@id\":\"https:\\\/\\\/ranoja.ee\\\/toode\\\/cedrus-horisontaalne-puulohkumismasin-7t-cedls02h\\\/#breadcrumb\"},\"inLanguage\":\"en-US\",\"potentialAction\":[{\"@type\":\"ReadAction\",\"target\":[\"https:\\\/\\\/ranoja.ee\\\/toode\\\/cedrus-horisontaalne-puulohkumismasin-7t-cedls02h\\\/\"]}]},{\"@type\":\"ImageObject\",\"inLanguage\":\"en-US\",\"@id\":\"https:\\\/\\\/ranoja.ee\\\/toode\\\/cedrus-horisontaalne-puulohkumismasin-7t-cedls02h\\\/#primaryimage\",\"url\":\"https:\\\/\\\/ranoja.ee\\\/wp-content\\\/uploads\\\/2023\\\/07\\\/Cedrus-horisontaalne-puulohkumismasin-7T-CEDLS02H.jpg\",\"contentUrl\":\"https:\\\/\\\/ranoja.ee\\\/wp-content\\\/uploads\\\/2023\\\/07\\\/Cedrus-horisontaalne-puulohkumismasin-7T-CEDLS02H.jpg\",\"width\":800,\"height\":473,\"caption\":\"Cedrus horisontaalne puul\u00f5hkumismasin 7T CEDLS02H\"},{\"@type\":\"BreadcrumbList\",\"@id\":\"https:\\\/\\\/ranoja.ee\\\/toode\\\/cedrus-horisontaalne-puulohkumismasin-7t-cedls02h\\\/#breadcrumb\",\"itemListElement\":[{\"@type\":\"ListItem\",\"position\":1,\"name\":\"Home\",\"item\":\"https:\\\/\\\/ranoja.ee\\\/\"},{\"@type\":\"ListItem\",\"position\":2,\"name\":\"Shop\",\"item\":\"https:\\\/\\\/ranoja.ee\\\/en\\\/shop\\\/\"},{\"@type\":\"ListItem\",\"position\":3,\"name\":\"Cedrus horisontaalne puul\u00f5hkumismasin 7T CEDLS02H\"}]},{\"@type\":\"WebSite\",\"@id\":\"https:\\\/\\\/ranoja.ee\\\/#website\",\"url\":\"https:\\\/\\\/ranoja.ee\\\/\",\"name\":\"Ranoja\",\"description\":\"Equipment Shop WooCommerce WordPress Theme for Machine &amp; Tools\",\"publisher\":{\"@id\":\"https:\\\/\\\/ranoja.ee\\\/#organization\"},\"potentialAction\":[{\"@type\":\"SearchAction\",\"target\":{\"@type\":\"EntryPoint\",\"urlTemplate\":\"https:\\\/\\\/ranoja.ee\\\/?s={search_term_string}\"},\"query-input\":{\"@type\":\"PropertyValueSpecification\",\"valueRequired\":true,\"valueName\":\"search_term_string\"}}],\"inLanguage\":\"en-US\"},{\"@type\":\"Organization\",\"@id\":\"https:\\\/\\\/ranoja.ee\\\/#organization\",\"name\":\"Ranoja O\u00dc\",\"url\":\"https:\\\/\\\/ranoja.ee\\\/\",\"logo\":{\"@type\":\"ImageObject\",\"inLanguage\":\"en-US\",\"@id\":\"https:\\\/\\\/ranoja.ee\\\/#\\\/schema\\\/logo\\\/image\\\/\",\"url\":\"https:\\\/\\\/ranoja.ee\\\/wp-content\\\/uploads\\\/2023\\\/11\\\/ranoja-Logo.png\",\"contentUrl\":\"https:\\\/\\\/ranoja.ee\\\/wp-content\\\/uploads\\\/2023\\\/11\\\/ranoja-Logo.png\",\"width\":207,\"height\":58,\"caption\":\"Ranoja O\u00dc\"},\"image\":{\"@id\":\"https:\\\/\\\/ranoja.ee\\\/#\\\/schema\\\/logo\\\/image\\\/\"},\"sameAs\":[\"https:\\\/\\\/www.facebook.com\\\/ranoja.ee\",\"https:\\\/\\\/www.instagram.com\\\/ranoja__\\\/\"]}]}<\/script>\n<!-- \/ Yoast SEO plugin. -->","yoast_head_json":{"title":"Cedrus horisontaalne puul\u00f5hkumismasin 7T CEDLS02H","description":"Cedrus horisontaalne puul\u00f5hkumismasin 7T CEDLS02H Mootor 230V \/ 50Hz 2200WL\u00f5hkumisj\u00f5ud 7 tonni cedrus-horisontaalne-puulohkumismasin-7ton-cedls02h","robots":{"index":"index","follow":"follow","max-snippet":"max-snippet:-1","max-image-preview":"max-image-preview:large","max-video-preview":"max-video-preview:-1"},"canonical":"https:\/\/ranoja.ee\/toode\/cedrus-horisontaalne-puulohkumismasin-7t-cedls02h\/","og_locale":"en_US","og_type":"article","og_title":"Cedrus horisontaalne puul\u00f5hkumismasin 7T CEDLS02H","og_description":"Cedrus horisontaalne puul\u00f5hkumismasin 7T CEDLS02H Mootor 230V \/ 50Hz 2200WL\u00f5hkumisj\u00f5ud 7 tonni cedrus-horisontaalne-puulohkumismasin-7ton-cedls02h","og_url":"https:\/\/ranoja.ee\/toode\/cedrus-horisontaalne-puulohkumismasin-7t-cedls02h\/","og_site_name":"Ranoja","article_publisher":"https:\/\/www.facebook.com\/ranoja.ee","article_modified_time":"2025-12-10T08:50:23+00:00","og_image":[{"width":800,"height":473,"url":"https:\/\/ranoja.ee\/wp-content\/uploads\/2023\/07\/Cedrus-horisontaalne-puulohkumismasin-7T-CEDLS02H.jpg","type":"image\/jpeg"}],"twitter_card":"summary_large_image","twitter_misc":{"Est. reading time":"2 minutes"},"schema":{"@context":"https:\/\/schema.org","@graph":[{"@type":"WebPage","@id":"https:\/\/ranoja.ee\/toode\/cedrus-horisontaalne-puulohkumismasin-7t-cedls02h\/","url":"https:\/\/ranoja.ee\/toode\/cedrus-horisontaalne-puulohkumismasin-7t-cedls02h\/","name":"Cedrus horisontaalne puul\u00f5hkumismasin 7T CEDLS02H","isPartOf":{"@id":"https:\/\/ranoja.ee\/#website"},"primaryImageOfPage":{"@id":"https:\/\/ranoja.ee\/toode\/cedrus-horisontaalne-puulohkumismasin-7t-cedls02h\/#primaryimage"},"image":{"@id":"https:\/\/ranoja.ee\/toode\/cedrus-horisontaalne-puulohkumismasin-7t-cedls02h\/#primaryimage"},"thumbnailUrl":"https:\/\/ranoja.ee\/wp-content\/uploads\/2023\/07\/Cedrus-horisontaalne-puulohkumismasin-7T-CEDLS02H.jpg","datePublished":"2023-07-25T19:54:57+00:00","dateModified":"2025-12-10T08:50:23+00:00","description":"Cedrus horisontaalne puul\u00f5hkumismasin 7T CEDLS02H Mootor 230V \/ 50Hz 2200WL\u00f5hkumisj\u00f5ud 7 tonni cedrus-horisontaalne-puulohkumismasin-7ton-cedls02h","breadcrumb":{"@id":"https:\/\/ranoja.ee\/toode\/cedrus-horisontaalne-puulohkumismasin-7t-cedls02h\/#breadcrumb"},"inLanguage":"en-US","potentialAction":[{"@type":"ReadAction","target":["https:\/\/ranoja.ee\/toode\/cedrus-horisontaalne-puulohkumismasin-7t-cedls02h\/"]}]},{"@type":"ImageObject","inLanguage":"en-US","@id":"https:\/\/ranoja.ee\/toode\/cedrus-horisontaalne-puulohkumismasin-7t-cedls02h\/#primaryimage","url":"https:\/\/ranoja.ee\/wp-content\/uploads\/2023\/07\/Cedrus-horisontaalne-puulohkumismasin-7T-CEDLS02H.jpg","contentUrl":"https:\/\/ranoja.ee\/wp-content\/uploads\/2023\/07\/Cedrus-horisontaalne-puulohkumismasin-7T-CEDLS02H.jpg","width":800,"height":473,"caption":"Cedrus horisontaalne puul\u00f5hkumismasin 7T CEDLS02H"},{"@type":"BreadcrumbList","@id":"https:\/\/ranoja.ee\/toode\/cedrus-horisontaalne-puulohkumismasin-7t-cedls02h\/#breadcrumb","itemListElement":[{"@type":"ListItem","position":1,"name":"Home","item":"https:\/\/ranoja.ee\/"},{"@type":"ListItem","position":2,"name":"Shop","item":"https:\/\/ranoja.ee\/en\/shop\/"},{"@type":"ListItem","position":3,"name":"Cedrus horisontaalne puul\u00f5hkumismasin 7T CEDLS02H"}]},{"@type":"WebSite","@id":"https:\/\/ranoja.ee\/#website","url":"https:\/\/ranoja.ee\/","name":"Ranoja","description":"Equipment Shop WooCommerce WordPress Theme for Machine &amp; Tools","publisher":{"@id":"https:\/\/ranoja.ee\/#organization"},"potentialAction":[{"@type":"SearchAction","target":{"@type":"EntryPoint","urlTemplate":"https:\/\/ranoja.ee\/?s={search_term_string}"},"query-input":{"@type":"PropertyValueSpecification","valueRequired":true,"valueName":"search_term_string"}}],"inLanguage":"en-US"},{"@type":"Organization","@id":"https:\/\/ranoja.ee\/#organization","name":"Ranoja O\u00dc","url":"https:\/\/ranoja.ee\/","logo":{"@type":"ImageObject","inLanguage":"en-US","@id":"https:\/\/ranoja.ee\/#\/schema\/logo\/image\/","url":"https:\/\/ranoja.ee\/wp-content\/uploads\/2023\/11\/ranoja-Logo.png","contentUrl":"https:\/\/ranoja.ee\/wp-content\/uploads\/2023\/11\/ranoja-Logo.png","width":207,"height":58,"caption":"Ranoja O\u00dc"},"image":{"@id":"https:\/\/ranoja.ee\/#\/schema\/logo\/image\/"},"sameAs":["https:\/\/www.facebook.com\/ranoja.ee","https:\/\/www.instagram.com\/ranoja__\/"]}]}},"_links":{"self":[{"href":"https:\/\/ranoja.ee\/en\/wp-json\/wp\/v2\/product\/4248","targetHints":{"allow":["GET"]}}],"collection":[{"href":"https:\/\/ranoja.ee\/en\/wp-json\/wp\/v2\/product"}],"about":[{"href":"https:\/\/ranoja.ee\/en\/wp-json\/wp\/v2\/types\/product"}],"wp:featuredmedia":[{"embeddable":true,"href":"https:\/\/ranoja.ee\/en\/wp-json\/wp\/v2\/media\/11907"}],"wp:attachment":[{"href":"https:\/\/ranoja.ee\/en\/wp-json\/wp\/v2\/media?parent=4248"}],"wp:term":[{"taxonomy":"product_cat","embeddable":true,"href":"https:\/\/ranoja.ee\/en\/wp-json\/wp\/v2\/product_cat?post=4248"},{"taxonomy":"product_tag","embeddable":true,"href":"https:\/\/ranoja.ee\/en\/wp-json\/wp\/v2\/product_tag?post=4248"}],"curies":[{"name":"wp","href":"https:\/\/api.w.org\/{rel}","templated":true}]}}