{"id":4246,"date":"2023-07-25T22:47:34","date_gmt":"2023-07-25T19:47:34","guid":{"rendered":"https:\/\/www.ranoja.ee\/?post_type=product&#038;p=4246"},"modified":"2025-11-25T17:30:24","modified_gmt":"2025-11-25T14:30:24","slug":"halumasina-lumag-hudraulika-olifilter","status":"publish","type":"product","link":"https:\/\/ranoja.ee\/en\/toode\/halumasina-lumag-hudraulika-olifilter\/","title":{"rendered":"Halumasina Lumag h\u00fcdraulika \u00f5lifilter"},"content":{"rendered":"<p>Lumagi tootevalik h\u00f5lmab mitmesuguseid ehitusseadmeid ja tarvikuid, alates k\u00f5rgkvaliteedilistest rasketest masinatest kuni kompaktsete t\u00f6\u00f6riistadeni. Br\u00e4ndi toodete disain on t\u00e4nap\u00e4evane, praktiline ja vastupidav, vastates professionaalsete ehitajate ja kodukasutajate k\u00f5rgeimatele standarditele.<\/p>\n<p>Ettev\u00f5te on tuntud oma tehnoloogilise innovatsiooni poolest, p\u00fc\u00fcdes pidevalt uuendada ja parandada oma tooteid vastavalt turu n\u00f5udmistele. Lumagi insenerid ja disainerid keskenduvad mitte ainult t\u00f5hususele ja vastupidavusele, vaid ka keskkonnas\u00f5bralike lahenduste leidmisele, et v\u00e4hendada \u00f6koloogilist jalaj\u00e4lge.<\/p>\n<p>Lumag on p\u00fchendunud ka klientide rahulolu tagamisele, pakkudes tipptasemel teenindust ja usaldusv\u00e4\u00e4rset tuge. Nende klientideks on nii suured ehitusettev\u00f5tted kui ka v\u00e4iksemad kohalikud ettev\u00f5tted ning kodukasutajad, kes hindavad vastupidavust ja j\u00f5udlust.<br \/>\n<img decoding=\"async\" src=\"https:\/\/www.ranoja.ee\/wp-content\/uploads\/2023\/07\/LUMAG_Germany_logo_black-300x105.png\" alt=\"\" width=\"300\" height=\"105\" class=\"alignnone size-medium wp-image-5899\" srcset=\"https:\/\/ranoja.ee\/wp-content\/uploads\/2023\/07\/LUMAG_Germany_logo_black-300x105.png 300w, https:\/\/ranoja.ee\/wp-content\/uploads\/2023\/07\/LUMAG_Germany_logo_black-768x270.png 768w, https:\/\/ranoja.ee\/wp-content\/uploads\/2023\/07\/LUMAG_Germany_logo_black-850x299.png 850w, https:\/\/ranoja.ee\/wp-content\/uploads\/2023\/07\/LUMAG_Germany_logo_black-800x281.png 800w, https:\/\/ranoja.ee\/wp-content\/uploads\/2023\/07\/LUMAG_Germany_logo_black.png 852w\" sizes=\"(max-width: 300px) 100vw, 300px\" \/><\/p>\n","protected":false},"excerpt":{"rendered":"<p>Halumasina Lumag h\u00fcdraulika \u00f5lifilter<br \/>\nTootekood: 3SSA400G044<br \/>\nSobib seadmetele: Halumasin Lumag SSA400 ja SSA500 seeriatele mis on varustatud v\u00e4lise filtriga.<br \/>\n<strong><span style=\"color: #339966;\">ANTUD TOOTEGA SAAB TUTVUDA MEIE PAIDE ESINDUSES KOHAPEAL!<\/span><\/strong><\/p>\n","protected":false},"featured_media":0,"template":"","meta":{"inline_featured_image":false},"product_cat":[1125,1123],"product_tag":[514,470,134,513,1227,512],"class_list":{"0":"post-4246","1":"product","2":"type-product","3":"status-publish","5":"product_brand-lumag","6":"product_cat-filtrid","7":"product_cat-varuosad","8":"product_tag-3ssa400g044","9":"product_tag-halumasin","10":"product_tag-lumag","11":"product_tag-lumag-hudrofilter","12":"product_tag-lumag-varuosad","13":"product_tag-ssa500","15":"first","16":"instock","17":"sale","18":"taxable","19":"shipping-taxable","20":"purchasable","21":"product-type-simple"},"yoast_head":"<!-- This site is optimized with the Yoast SEO plugin v27.4 - https:\/\/yoast.com\/product\/yoast-seo-wordpress\/ -->\n<title>Ranoja Halumasina Lumag h\u00fcdraulika \u00f5lifilter<\/title>\n<meta name=\"description\" content=\"Halumasina Lumag h\u00fcdraulika \u00f5lifilter Tootekood: 3SSA400G044 Sobib seadmetele: Lumag SSA400 ja SSA500 seeriatele mis on varustatud v\u00e4lise filtriga.\" \/>\n<meta name=\"robots\" content=\"index, follow, max-snippet:-1, max-image-preview:large, max-video-preview:-1\" \/>\n<link rel=\"canonical\" href=\"https:\/\/ranoja.ee\/toode\/halumasina-lumag-hudraulika-olifilter\/\" \/>\n<meta property=\"og:locale\" content=\"en_US\" \/>\n<meta property=\"og:type\" content=\"article\" \/>\n<meta property=\"og:title\" content=\"Ranoja Halumasina Lumag h\u00fcdraulika \u00f5lifilter\" \/>\n<meta property=\"og:description\" content=\"Halumasina Lumag h\u00fcdraulika \u00f5lifilter Tootekood: 3SSA400G044 Sobib seadmetele: Lumag SSA400 ja SSA500 seeriatele mis on varustatud v\u00e4lise filtriga.\" \/>\n<meta property=\"og:url\" content=\"https:\/\/ranoja.ee\/toode\/halumasina-lumag-hudraulika-olifilter\/\" \/>\n<meta property=\"og:site_name\" content=\"Ranoja\" \/>\n<meta property=\"article:publisher\" content=\"https:\/\/www.facebook.com\/ranoja.ee\" \/>\n<meta property=\"article:modified_time\" content=\"2025-11-25T14:30:24+00:00\" \/>\n<meta property=\"og:image\" content=\"https:\/\/ranoja.ee\/wp-content\/uploads\/2023\/07\/LUMAG_Germany_logo_black.png\" \/>\n\t<meta property=\"og:image:width\" content=\"852\" \/>\n\t<meta property=\"og:image:height\" content=\"299\" \/>\n\t<meta property=\"og:image:type\" content=\"image\/png\" \/>\n<meta name=\"twitter:card\" content=\"summary_large_image\" \/>\n<meta name=\"twitter:label1\" content=\"Est. reading time\" \/>\n\t<meta name=\"twitter:data1\" content=\"1 minute\" \/>\n<script type=\"application\/ld+json\" class=\"yoast-schema-graph\">{\"@context\":\"https:\\\/\\\/schema.org\",\"@graph\":[{\"@type\":\"WebPage\",\"@id\":\"https:\\\/\\\/ranoja.ee\\\/toode\\\/halumasina-lumag-hudraulika-olifilter\\\/\",\"url\":\"https:\\\/\\\/ranoja.ee\\\/toode\\\/halumasina-lumag-hudraulika-olifilter\\\/\",\"name\":\"Ranoja Halumasina Lumag h\u00fcdraulika \u00f5lifilter\",\"isPartOf\":{\"@id\":\"https:\\\/\\\/ranoja.ee\\\/#website\"},\"primaryImageOfPage\":{\"@id\":\"https:\\\/\\\/ranoja.ee\\\/toode\\\/halumasina-lumag-hudraulika-olifilter\\\/#primaryimage\"},\"image\":{\"@id\":\"https:\\\/\\\/ranoja.ee\\\/toode\\\/halumasina-lumag-hudraulika-olifilter\\\/#primaryimage\"},\"thumbnailUrl\":\"https:\\\/\\\/www.ranoja.ee\\\/wp-content\\\/uploads\\\/2023\\\/07\\\/LUMAG_Germany_logo_black-300x105.png\",\"datePublished\":\"2023-07-25T19:47:34+00:00\",\"dateModified\":\"2025-11-25T14:30:24+00:00\",\"description\":\"Halumasina Lumag h\u00fcdraulika \u00f5lifilter Tootekood: 3SSA400G044 Sobib seadmetele: Lumag SSA400 ja SSA500 seeriatele mis on varustatud v\u00e4lise filtriga.\",\"breadcrumb\":{\"@id\":\"https:\\\/\\\/ranoja.ee\\\/toode\\\/halumasina-lumag-hudraulika-olifilter\\\/#breadcrumb\"},\"inLanguage\":\"en-US\",\"potentialAction\":[{\"@type\":\"ReadAction\",\"target\":[\"https:\\\/\\\/ranoja.ee\\\/toode\\\/halumasina-lumag-hudraulika-olifilter\\\/\"]}]},{\"@type\":\"ImageObject\",\"inLanguage\":\"en-US\",\"@id\":\"https:\\\/\\\/ranoja.ee\\\/toode\\\/halumasina-lumag-hudraulika-olifilter\\\/#primaryimage\",\"url\":\"https:\\\/\\\/www.ranoja.ee\\\/wp-content\\\/uploads\\\/2023\\\/07\\\/LUMAG_Germany_logo_black-300x105.png\",\"contentUrl\":\"https:\\\/\\\/www.ranoja.ee\\\/wp-content\\\/uploads\\\/2023\\\/07\\\/LUMAG_Germany_logo_black-300x105.png\"},{\"@type\":\"BreadcrumbList\",\"@id\":\"https:\\\/\\\/ranoja.ee\\\/toode\\\/halumasina-lumag-hudraulika-olifilter\\\/#breadcrumb\",\"itemListElement\":[{\"@type\":\"ListItem\",\"position\":1,\"name\":\"Home\",\"item\":\"https:\\\/\\\/ranoja.ee\\\/\"},{\"@type\":\"ListItem\",\"position\":2,\"name\":\"Shop\",\"item\":\"https:\\\/\\\/ranoja.ee\\\/en\\\/shop\\\/\"},{\"@type\":\"ListItem\",\"position\":3,\"name\":\"Halumasina Lumag h\u00fcdraulika \u00f5lifilter\"}]},{\"@type\":\"WebSite\",\"@id\":\"https:\\\/\\\/ranoja.ee\\\/#website\",\"url\":\"https:\\\/\\\/ranoja.ee\\\/\",\"name\":\"Ranoja\",\"description\":\"Equipment Shop WooCommerce WordPress Theme for Machine &amp; Tools\",\"publisher\":{\"@id\":\"https:\\\/\\\/ranoja.ee\\\/#organization\"},\"potentialAction\":[{\"@type\":\"SearchAction\",\"target\":{\"@type\":\"EntryPoint\",\"urlTemplate\":\"https:\\\/\\\/ranoja.ee\\\/?s={search_term_string}\"},\"query-input\":{\"@type\":\"PropertyValueSpecification\",\"valueRequired\":true,\"valueName\":\"search_term_string\"}}],\"inLanguage\":\"en-US\"},{\"@type\":\"Organization\",\"@id\":\"https:\\\/\\\/ranoja.ee\\\/#organization\",\"name\":\"Ranoja O\u00dc\",\"url\":\"https:\\\/\\\/ranoja.ee\\\/\",\"logo\":{\"@type\":\"ImageObject\",\"inLanguage\":\"en-US\",\"@id\":\"https:\\\/\\\/ranoja.ee\\\/#\\\/schema\\\/logo\\\/image\\\/\",\"url\":\"https:\\\/\\\/ranoja.ee\\\/wp-content\\\/uploads\\\/2023\\\/11\\\/ranoja-Logo.png\",\"contentUrl\":\"https:\\\/\\\/ranoja.ee\\\/wp-content\\\/uploads\\\/2023\\\/11\\\/ranoja-Logo.png\",\"width\":207,\"height\":58,\"caption\":\"Ranoja O\u00dc\"},\"image\":{\"@id\":\"https:\\\/\\\/ranoja.ee\\\/#\\\/schema\\\/logo\\\/image\\\/\"},\"sameAs\":[\"https:\\\/\\\/www.facebook.com\\\/ranoja.ee\",\"https:\\\/\\\/www.instagram.com\\\/ranoja__\\\/\"]}]}<\/script>\n<!-- \/ Yoast SEO plugin. -->","yoast_head_json":{"title":"Ranoja Halumasina Lumag h\u00fcdraulika \u00f5lifilter","description":"Halumasina Lumag h\u00fcdraulika \u00f5lifilter Tootekood: 3SSA400G044 Sobib seadmetele: Lumag SSA400 ja SSA500 seeriatele mis on varustatud v\u00e4lise filtriga.","robots":{"index":"index","follow":"follow","max-snippet":"max-snippet:-1","max-image-preview":"max-image-preview:large","max-video-preview":"max-video-preview:-1"},"canonical":"https:\/\/ranoja.ee\/toode\/halumasina-lumag-hudraulika-olifilter\/","og_locale":"en_US","og_type":"article","og_title":"Ranoja Halumasina Lumag h\u00fcdraulika \u00f5lifilter","og_description":"Halumasina Lumag h\u00fcdraulika \u00f5lifilter Tootekood: 3SSA400G044 Sobib seadmetele: Lumag SSA400 ja SSA500 seeriatele mis on varustatud v\u00e4lise filtriga.","og_url":"https:\/\/ranoja.ee\/toode\/halumasina-lumag-hudraulika-olifilter\/","og_site_name":"Ranoja","article_publisher":"https:\/\/www.facebook.com\/ranoja.ee","article_modified_time":"2025-11-25T14:30:24+00:00","og_image":[{"width":852,"height":299,"url":"https:\/\/ranoja.ee\/wp-content\/uploads\/2023\/07\/LUMAG_Germany_logo_black.png","type":"image\/png"}],"twitter_card":"summary_large_image","twitter_misc":{"Est. reading time":"1 minute"},"schema":{"@context":"https:\/\/schema.org","@graph":[{"@type":"WebPage","@id":"https:\/\/ranoja.ee\/toode\/halumasina-lumag-hudraulika-olifilter\/","url":"https:\/\/ranoja.ee\/toode\/halumasina-lumag-hudraulika-olifilter\/","name":"Ranoja Halumasina Lumag h\u00fcdraulika \u00f5lifilter","isPartOf":{"@id":"https:\/\/ranoja.ee\/#website"},"primaryImageOfPage":{"@id":"https:\/\/ranoja.ee\/toode\/halumasina-lumag-hudraulika-olifilter\/#primaryimage"},"image":{"@id":"https:\/\/ranoja.ee\/toode\/halumasina-lumag-hudraulika-olifilter\/#primaryimage"},"thumbnailUrl":"https:\/\/www.ranoja.ee\/wp-content\/uploads\/2023\/07\/LUMAG_Germany_logo_black-300x105.png","datePublished":"2023-07-25T19:47:34+00:00","dateModified":"2025-11-25T14:30:24+00:00","description":"Halumasina Lumag h\u00fcdraulika \u00f5lifilter Tootekood: 3SSA400G044 Sobib seadmetele: Lumag SSA400 ja SSA500 seeriatele mis on varustatud v\u00e4lise filtriga.","breadcrumb":{"@id":"https:\/\/ranoja.ee\/toode\/halumasina-lumag-hudraulika-olifilter\/#breadcrumb"},"inLanguage":"en-US","potentialAction":[{"@type":"ReadAction","target":["https:\/\/ranoja.ee\/toode\/halumasina-lumag-hudraulika-olifilter\/"]}]},{"@type":"ImageObject","inLanguage":"en-US","@id":"https:\/\/ranoja.ee\/toode\/halumasina-lumag-hudraulika-olifilter\/#primaryimage","url":"https:\/\/www.ranoja.ee\/wp-content\/uploads\/2023\/07\/LUMAG_Germany_logo_black-300x105.png","contentUrl":"https:\/\/www.ranoja.ee\/wp-content\/uploads\/2023\/07\/LUMAG_Germany_logo_black-300x105.png"},{"@type":"BreadcrumbList","@id":"https:\/\/ranoja.ee\/toode\/halumasina-lumag-hudraulika-olifilter\/#breadcrumb","itemListElement":[{"@type":"ListItem","position":1,"name":"Home","item":"https:\/\/ranoja.ee\/"},{"@type":"ListItem","position":2,"name":"Shop","item":"https:\/\/ranoja.ee\/en\/shop\/"},{"@type":"ListItem","position":3,"name":"Halumasina Lumag h\u00fcdraulika \u00f5lifilter"}]},{"@type":"WebSite","@id":"https:\/\/ranoja.ee\/#website","url":"https:\/\/ranoja.ee\/","name":"Ranoja","description":"Equipment Shop WooCommerce WordPress Theme for Machine &amp; Tools","publisher":{"@id":"https:\/\/ranoja.ee\/#organization"},"potentialAction":[{"@type":"SearchAction","target":{"@type":"EntryPoint","urlTemplate":"https:\/\/ranoja.ee\/?s={search_term_string}"},"query-input":{"@type":"PropertyValueSpecification","valueRequired":true,"valueName":"search_term_string"}}],"inLanguage":"en-US"},{"@type":"Organization","@id":"https:\/\/ranoja.ee\/#organization","name":"Ranoja O\u00dc","url":"https:\/\/ranoja.ee\/","logo":{"@type":"ImageObject","inLanguage":"en-US","@id":"https:\/\/ranoja.ee\/#\/schema\/logo\/image\/","url":"https:\/\/ranoja.ee\/wp-content\/uploads\/2023\/11\/ranoja-Logo.png","contentUrl":"https:\/\/ranoja.ee\/wp-content\/uploads\/2023\/11\/ranoja-Logo.png","width":207,"height":58,"caption":"Ranoja O\u00dc"},"image":{"@id":"https:\/\/ranoja.ee\/#\/schema\/logo\/image\/"},"sameAs":["https:\/\/www.facebook.com\/ranoja.ee","https:\/\/www.instagram.com\/ranoja__\/"]}]}},"_links":{"self":[{"href":"https:\/\/ranoja.ee\/en\/wp-json\/wp\/v2\/product\/4246","targetHints":{"allow":["GET"]}}],"collection":[{"href":"https:\/\/ranoja.ee\/en\/wp-json\/wp\/v2\/product"}],"about":[{"href":"https:\/\/ranoja.ee\/en\/wp-json\/wp\/v2\/types\/product"}],"wp:attachment":[{"href":"https:\/\/ranoja.ee\/en\/wp-json\/wp\/v2\/media?parent=4246"}],"wp:term":[{"taxonomy":"product_cat","embeddable":true,"href":"https:\/\/ranoja.ee\/en\/wp-json\/wp\/v2\/product_cat?post=4246"},{"taxonomy":"product_tag","embeddable":true,"href":"https:\/\/ranoja.ee\/en\/wp-json\/wp\/v2\/product_tag?post=4246"}],"curies":[{"name":"wp","href":"https:\/\/api.w.org\/{rel}","templated":true}]}}