{"id":4211,"date":"2023-07-25T22:18:33","date_gmt":"2023-07-25T19:18:33","guid":{"rendered":"https:\/\/www.ranoja.ee\/?post_type=product&#038;p=4211"},"modified":"2025-12-10T11:50:23","modified_gmt":"2025-12-10T08:50:23","slug":"lumag-hudrauliline-palgitostuk-5ssa400sh","status":"publish","type":"product","link":"https:\/\/ranoja.ee\/en\/toode\/lumag-hudrauliline-palgitostuk-5ssa400sh\/","title":{"rendered":"Lumag h\u00fcdrauliline palgit\u00f5stuk 5SSA400SH"},"content":{"rendered":"<p>Lumag h\u00fcdrauliline palgit\u00f5stuk 5SSA400SH<br \/>\nH\u00fcdros\u00fcsteemilt t\u00f6\u00f6tav palgit\u00f5stuk on seade, mis kasutab h\u00fcdraulikat palgide t\u00f5stmiseks ja liigutamiseks. See v\u00f5ib olla varustatud h\u00fcdrauliliste silindrite, t\u00f5stekahvlite v\u00f5i muude mehhanismidega, mis v\u00f5imaldavad t\u00f5sta ja transportida palke erinevates suundades.<\/p>\n<p>K\u00fcttepuude valmistamisel v\u00f5ib h\u00fcdros\u00fcsteemilt t\u00f6\u00f6tavat palgit\u00f5stukit kasutada j\u00e4rgmiselt:<\/p>\n<p>Palgide t\u00f5stmine: Palgit\u00f5stuk v\u00f5imaldab operaatoril t\u00f5sta palke maapinnalt v\u00f5i kuhjast, et neid saaks t\u00f6\u00f6delda. See on eriti kasulik juhul, kui palgid on suured v\u00f5i rasked ning nende k\u00e4sitsi t\u00f5stmine v\u00f5i liigutamine oleks keeruline v\u00f5i ohtlik.<\/p>\n<p>Palgide transportimine: H\u00fcdros\u00fcsteemilt t\u00f6\u00f6tav palgit\u00f5stuk v\u00f5imaldab palke h\u00f5lpsasti transportida \u00fchest kohast teise. See v\u00f5ib h\u00f5lmata palgikuhjade liigutamist v\u00f5i palgipostide t\u00f5stmist ja transportimist k\u00fcttepuude t\u00f6\u00f6tlemisjaama v\u00f5i ladustamisalale.<\/p>\n<p>T\u00f6\u00f6 ohutus ja efektiivsus: Palgit\u00f5stuk suurendab t\u00f6\u00f6ohutust, kuna see v\u00e4hendab vajadust k\u00e4sitsi t\u00f5stmise ja kandmise j\u00e4rele, mis v\u00f5ib olla f\u00fc\u00fcsiliselt pingeline ja riskantne. Lisaks suurendab see t\u00f6\u00f6 efektiivsust, kuna palke saab kiiremini ja t\u00f5husamalt liigutada.<\/p>\n<p>T\u00e4pne asukohtade paigutamine: H\u00fcdros\u00fcsteemilt t\u00f6\u00f6tav palgit\u00f5stuk v\u00f5imaldab t\u00e4pset kontrolli palgide asukohtade \u00fcle. See v\u00f5imaldab operaatoril paigutada palgid l\u00f5ikamis- v\u00f5i l\u00f5hestamisjaamas t\u00e4pselt \u00f5igesse kohta, tagades t\u00e4psemad ja \u00fchtlasemad l\u00f5iked k\u00fcttepuudele.<\/p>\n<p>Kokkuv\u00f5ttes v\u00f5ib h\u00fcdros\u00fcsteemilt t\u00f6\u00f6tav palgit\u00f5stuk muuta k\u00fcttepuude valmistamise protsessi palju efektiivsemaks, ohutumaks ja mugavamaks. See v\u00f5imaldab kiiremat ja sujuvamat t\u00f6\u00f6tlemist ning v\u00e4hendab f\u00fc\u00fcsilist koormust operaatoritele.<br \/>\nLumag h\u00fcdrauliline palgit\u00f5stuk 5SSA400SH<\/p>\n<p>Peaaegu 20 aastat tagasi alustas LUMAG ettev\u00f5ttena LVG \u200b\u200bHartham GmbH.<br \/>\nEesm\u00e4rk oli pakkuda kvaliteetseid ja soodsa hinnaga ehitusmasinaid algajatele ja hobimeistritele.<br \/>\nPidev edasiarendus ja Saksa insenerid on teinud LUMAGist tuntud kaubam\u00e4rgi.<br \/>\nLUMAG teenindab n\u00fc\u00fcd ka professionaale ja ehitusettev\u00f5tteid, kes saavad kasu meie kvaliteetsetest masinatest ja seadmetest.<br \/>\nTervikteenust pakutakse t\u00e4nu t\u00fctarettev\u00f5tetele ja partneritele kogu Euroopas.<br \/>\n<img decoding=\"async\" class=\"alignnone size-medium wp-image-5899\" src=\"https:\/\/www.ranoja.ee\/wp-content\/uploads\/2023\/07\/LUMAG_Germany_logo_black-300x105.png\" alt=\"\" width=\"300\" height=\"105\" srcset=\"https:\/\/ranoja.ee\/wp-content\/uploads\/2023\/07\/LUMAG_Germany_logo_black-300x105.png 300w, https:\/\/ranoja.ee\/wp-content\/uploads\/2023\/07\/LUMAG_Germany_logo_black-768x270.png 768w, https:\/\/ranoja.ee\/wp-content\/uploads\/2023\/07\/LUMAG_Germany_logo_black-850x299.png 850w, https:\/\/ranoja.ee\/wp-content\/uploads\/2023\/07\/LUMAG_Germany_logo_black-800x281.png 800w, https:\/\/ranoja.ee\/wp-content\/uploads\/2023\/07\/LUMAG_Germany_logo_black.png 852w\" sizes=\"(max-width: 300px) 100vw, 300px\" \/><\/p>\n","protected":false},"excerpt":{"rendered":"<p>Lumag h\u00fcdrauliline palgit\u00f5stuk 5SSA400SH<br \/>\nT\u00f6\u00f6k\u00f5rgus: 840mm<br \/>\nLaius: 400mm<br \/>\nMaksimaalne koormus: 400kg<br \/>\nMaksimaalne kiirus t\u00f5stmisel: 0,5m \/ sekundis<br \/>\n<strong>Lisaseade sobib k\u00f5ikidele SSA400 ja SSA500 mudelitele!<\/strong><\/p>\n<p><strong><span style=\"color: #008000;\">SOOVID ANTUD TOODET ETTEV\u00d5TTELE SOETADA?<\/span><br \/>\n<a href=\"https:\/\/ranoja.ee\/seadmete-rent-kasutusrendi-pohimottel\/\">TUTVU MEIE &#8220;SEADMETE RENT KASUTUSRENDI P\u00d5HIM\u00d5TTEL&#8221; FINANTSEERIMIS LAHENDUSEGA SIIN!<\/a><\/strong><\/p>\n<p>Garantii 1 aasta (eraisikule 2 aastat)<br \/>\n<strong>Seadme eeldatav tarneaeg 2-3 n\u00e4dalat<\/strong><\/p>\n","protected":false},"featured_media":4212,"template":"","meta":{"inline_featured_image":false},"product_cat":[92,1087],"product_tag":[494,497,496,134,495],"class_list":{"0":"post-4211","1":"product","2":"type-product","3":"status-publish","4":"has-post-thumbnail","6":"product_brand-lumag","7":"product_cat-halumasinad","8":"product_cat-metsatehnika","9":"product_tag-5ssa400sh","10":"product_tag-halumaina-palgitostuk","11":"product_tag-hudrauliline-palgitostuk","12":"product_tag-lumag","13":"product_tag-palgitostuk","15":"first","16":"outofstock","17":"taxable","18":"shipping-taxable","19":"purchasable","20":"product-type-simple"},"yoast_head":"<!-- This site is optimized with the Yoast SEO plugin v27.4 - https:\/\/yoast.com\/product\/yoast-seo-wordpress\/ -->\n<title>Lumag h\u00fcdrauliline palgit\u00f5stuk 5SSA400SH<\/title>\n<meta name=\"description\" content=\"Lumag h\u00fcdrauliline palgit\u00f5stuk 5SSA400SH T\u00f6\u00f6k\u00f5rgus: 840mmLaius: 400mmMaksimaalne koormus: 400kg lumag-hudrauliline-palgitostuk-5ssa400sh\" \/>\n<meta name=\"robots\" content=\"index, follow, max-snippet:-1, max-image-preview:large, max-video-preview:-1\" \/>\n<link rel=\"canonical\" href=\"https:\/\/ranoja.ee\/toode\/lumag-hudrauliline-palgitostuk-5ssa400sh\/\" \/>\n<meta property=\"og:locale\" content=\"en_US\" \/>\n<meta property=\"og:type\" content=\"article\" \/>\n<meta property=\"og:title\" content=\"Lumag h\u00fcdrauliline palgit\u00f5stuk 5SSA400SH\" \/>\n<meta property=\"og:description\" content=\"Lumag h\u00fcdrauliline palgit\u00f5stuk 5SSA400SH T\u00f6\u00f6k\u00f5rgus: 840mmLaius: 400mmMaksimaalne koormus: 400kg lumag-hudrauliline-palgitostuk-5ssa400sh\" \/>\n<meta property=\"og:url\" content=\"https:\/\/ranoja.ee\/toode\/lumag-hudrauliline-palgitostuk-5ssa400sh\/\" \/>\n<meta property=\"og:site_name\" content=\"Ranoja\" \/>\n<meta property=\"article:publisher\" content=\"https:\/\/www.facebook.com\/ranoja.ee\" \/>\n<meta property=\"article:modified_time\" content=\"2025-12-10T08:50:23+00:00\" \/>\n<meta property=\"og:image\" content=\"https:\/\/ranoja.ee\/wp-content\/uploads\/2023\/07\/5SSA400SH-palgitostuk-loglifter-2.jpg\" \/>\n\t<meta property=\"og:image:width\" content=\"1024\" \/>\n\t<meta property=\"og:image:height\" content=\"1024\" \/>\n\t<meta property=\"og:image:type\" content=\"image\/jpeg\" \/>\n<meta name=\"twitter:card\" content=\"summary_large_image\" \/>\n<meta name=\"twitter:label1\" content=\"Est. reading time\" \/>\n\t<meta name=\"twitter:data1\" content=\"2 minutes\" \/>\n<script type=\"application\/ld+json\" class=\"yoast-schema-graph\">{\"@context\":\"https:\\\/\\\/schema.org\",\"@graph\":[{\"@type\":\"WebPage\",\"@id\":\"https:\\\/\\\/ranoja.ee\\\/toode\\\/lumag-hudrauliline-palgitostuk-5ssa400sh\\\/\",\"url\":\"https:\\\/\\\/ranoja.ee\\\/toode\\\/lumag-hudrauliline-palgitostuk-5ssa400sh\\\/\",\"name\":\"Lumag h\u00fcdrauliline palgit\u00f5stuk 5SSA400SH\",\"isPartOf\":{\"@id\":\"https:\\\/\\\/ranoja.ee\\\/#website\"},\"primaryImageOfPage\":{\"@id\":\"https:\\\/\\\/ranoja.ee\\\/toode\\\/lumag-hudrauliline-palgitostuk-5ssa400sh\\\/#primaryimage\"},\"image\":{\"@id\":\"https:\\\/\\\/ranoja.ee\\\/toode\\\/lumag-hudrauliline-palgitostuk-5ssa400sh\\\/#primaryimage\"},\"thumbnailUrl\":\"https:\\\/\\\/ranoja.ee\\\/wp-content\\\/uploads\\\/2023\\\/07\\\/5SSA400SH-palgitostuk-loglifter-2.jpg\",\"datePublished\":\"2023-07-25T19:18:33+00:00\",\"dateModified\":\"2025-12-10T08:50:23+00:00\",\"description\":\"Lumag h\u00fcdrauliline palgit\u00f5stuk 5SSA400SH T\u00f6\u00f6k\u00f5rgus: 840mmLaius: 400mmMaksimaalne koormus: 400kg lumag-hudrauliline-palgitostuk-5ssa400sh\",\"breadcrumb\":{\"@id\":\"https:\\\/\\\/ranoja.ee\\\/toode\\\/lumag-hudrauliline-palgitostuk-5ssa400sh\\\/#breadcrumb\"},\"inLanguage\":\"en-US\",\"potentialAction\":[{\"@type\":\"ReadAction\",\"target\":[\"https:\\\/\\\/ranoja.ee\\\/toode\\\/lumag-hudrauliline-palgitostuk-5ssa400sh\\\/\"]}]},{\"@type\":\"ImageObject\",\"inLanguage\":\"en-US\",\"@id\":\"https:\\\/\\\/ranoja.ee\\\/toode\\\/lumag-hudrauliline-palgitostuk-5ssa400sh\\\/#primaryimage\",\"url\":\"https:\\\/\\\/ranoja.ee\\\/wp-content\\\/uploads\\\/2023\\\/07\\\/5SSA400SH-palgitostuk-loglifter-2.jpg\",\"contentUrl\":\"https:\\\/\\\/ranoja.ee\\\/wp-content\\\/uploads\\\/2023\\\/07\\\/5SSA400SH-palgitostuk-loglifter-2.jpg\",\"width\":1024,\"height\":1024,\"caption\":\"Lumag h\u00fcdrauliline palgit\u00f5stuk 5SSA400SH palgiliin halumasina palgit\u00f5stuk\"},{\"@type\":\"BreadcrumbList\",\"@id\":\"https:\\\/\\\/ranoja.ee\\\/toode\\\/lumag-hudrauliline-palgitostuk-5ssa400sh\\\/#breadcrumb\",\"itemListElement\":[{\"@type\":\"ListItem\",\"position\":1,\"name\":\"Home\",\"item\":\"https:\\\/\\\/ranoja.ee\\\/\"},{\"@type\":\"ListItem\",\"position\":2,\"name\":\"Shop\",\"item\":\"https:\\\/\\\/ranoja.ee\\\/en\\\/shop\\\/\"},{\"@type\":\"ListItem\",\"position\":3,\"name\":\"Lumag h\u00fcdrauliline palgit\u00f5stuk 5SSA400SH\"}]},{\"@type\":\"WebSite\",\"@id\":\"https:\\\/\\\/ranoja.ee\\\/#website\",\"url\":\"https:\\\/\\\/ranoja.ee\\\/\",\"name\":\"Ranoja\",\"description\":\"Equipment Shop WooCommerce WordPress Theme for Machine &amp; Tools\",\"publisher\":{\"@id\":\"https:\\\/\\\/ranoja.ee\\\/#organization\"},\"potentialAction\":[{\"@type\":\"SearchAction\",\"target\":{\"@type\":\"EntryPoint\",\"urlTemplate\":\"https:\\\/\\\/ranoja.ee\\\/?s={search_term_string}\"},\"query-input\":{\"@type\":\"PropertyValueSpecification\",\"valueRequired\":true,\"valueName\":\"search_term_string\"}}],\"inLanguage\":\"en-US\"},{\"@type\":\"Organization\",\"@id\":\"https:\\\/\\\/ranoja.ee\\\/#organization\",\"name\":\"Ranoja O\u00dc\",\"url\":\"https:\\\/\\\/ranoja.ee\\\/\",\"logo\":{\"@type\":\"ImageObject\",\"inLanguage\":\"en-US\",\"@id\":\"https:\\\/\\\/ranoja.ee\\\/#\\\/schema\\\/logo\\\/image\\\/\",\"url\":\"https:\\\/\\\/ranoja.ee\\\/wp-content\\\/uploads\\\/2023\\\/11\\\/ranoja-Logo.png\",\"contentUrl\":\"https:\\\/\\\/ranoja.ee\\\/wp-content\\\/uploads\\\/2023\\\/11\\\/ranoja-Logo.png\",\"width\":207,\"height\":58,\"caption\":\"Ranoja O\u00dc\"},\"image\":{\"@id\":\"https:\\\/\\\/ranoja.ee\\\/#\\\/schema\\\/logo\\\/image\\\/\"},\"sameAs\":[\"https:\\\/\\\/www.facebook.com\\\/ranoja.ee\",\"https:\\\/\\\/www.instagram.com\\\/ranoja__\\\/\"]}]}<\/script>\n<!-- \/ Yoast SEO plugin. -->","yoast_head_json":{"title":"Lumag h\u00fcdrauliline palgit\u00f5stuk 5SSA400SH","description":"Lumag h\u00fcdrauliline palgit\u00f5stuk 5SSA400SH T\u00f6\u00f6k\u00f5rgus: 840mmLaius: 400mmMaksimaalne koormus: 400kg lumag-hudrauliline-palgitostuk-5ssa400sh","robots":{"index":"index","follow":"follow","max-snippet":"max-snippet:-1","max-image-preview":"max-image-preview:large","max-video-preview":"max-video-preview:-1"},"canonical":"https:\/\/ranoja.ee\/toode\/lumag-hudrauliline-palgitostuk-5ssa400sh\/","og_locale":"en_US","og_type":"article","og_title":"Lumag h\u00fcdrauliline palgit\u00f5stuk 5SSA400SH","og_description":"Lumag h\u00fcdrauliline palgit\u00f5stuk 5SSA400SH T\u00f6\u00f6k\u00f5rgus: 840mmLaius: 400mmMaksimaalne koormus: 400kg lumag-hudrauliline-palgitostuk-5ssa400sh","og_url":"https:\/\/ranoja.ee\/toode\/lumag-hudrauliline-palgitostuk-5ssa400sh\/","og_site_name":"Ranoja","article_publisher":"https:\/\/www.facebook.com\/ranoja.ee","article_modified_time":"2025-12-10T08:50:23+00:00","og_image":[{"width":1024,"height":1024,"url":"https:\/\/ranoja.ee\/wp-content\/uploads\/2023\/07\/5SSA400SH-palgitostuk-loglifter-2.jpg","type":"image\/jpeg"}],"twitter_card":"summary_large_image","twitter_misc":{"Est. reading time":"2 minutes"},"schema":{"@context":"https:\/\/schema.org","@graph":[{"@type":"WebPage","@id":"https:\/\/ranoja.ee\/toode\/lumag-hudrauliline-palgitostuk-5ssa400sh\/","url":"https:\/\/ranoja.ee\/toode\/lumag-hudrauliline-palgitostuk-5ssa400sh\/","name":"Lumag h\u00fcdrauliline palgit\u00f5stuk 5SSA400SH","isPartOf":{"@id":"https:\/\/ranoja.ee\/#website"},"primaryImageOfPage":{"@id":"https:\/\/ranoja.ee\/toode\/lumag-hudrauliline-palgitostuk-5ssa400sh\/#primaryimage"},"image":{"@id":"https:\/\/ranoja.ee\/toode\/lumag-hudrauliline-palgitostuk-5ssa400sh\/#primaryimage"},"thumbnailUrl":"https:\/\/ranoja.ee\/wp-content\/uploads\/2023\/07\/5SSA400SH-palgitostuk-loglifter-2.jpg","datePublished":"2023-07-25T19:18:33+00:00","dateModified":"2025-12-10T08:50:23+00:00","description":"Lumag h\u00fcdrauliline palgit\u00f5stuk 5SSA400SH T\u00f6\u00f6k\u00f5rgus: 840mmLaius: 400mmMaksimaalne koormus: 400kg lumag-hudrauliline-palgitostuk-5ssa400sh","breadcrumb":{"@id":"https:\/\/ranoja.ee\/toode\/lumag-hudrauliline-palgitostuk-5ssa400sh\/#breadcrumb"},"inLanguage":"en-US","potentialAction":[{"@type":"ReadAction","target":["https:\/\/ranoja.ee\/toode\/lumag-hudrauliline-palgitostuk-5ssa400sh\/"]}]},{"@type":"ImageObject","inLanguage":"en-US","@id":"https:\/\/ranoja.ee\/toode\/lumag-hudrauliline-palgitostuk-5ssa400sh\/#primaryimage","url":"https:\/\/ranoja.ee\/wp-content\/uploads\/2023\/07\/5SSA400SH-palgitostuk-loglifter-2.jpg","contentUrl":"https:\/\/ranoja.ee\/wp-content\/uploads\/2023\/07\/5SSA400SH-palgitostuk-loglifter-2.jpg","width":1024,"height":1024,"caption":"Lumag h\u00fcdrauliline palgit\u00f5stuk 5SSA400SH palgiliin halumasina palgit\u00f5stuk"},{"@type":"BreadcrumbList","@id":"https:\/\/ranoja.ee\/toode\/lumag-hudrauliline-palgitostuk-5ssa400sh\/#breadcrumb","itemListElement":[{"@type":"ListItem","position":1,"name":"Home","item":"https:\/\/ranoja.ee\/"},{"@type":"ListItem","position":2,"name":"Shop","item":"https:\/\/ranoja.ee\/en\/shop\/"},{"@type":"ListItem","position":3,"name":"Lumag h\u00fcdrauliline palgit\u00f5stuk 5SSA400SH"}]},{"@type":"WebSite","@id":"https:\/\/ranoja.ee\/#website","url":"https:\/\/ranoja.ee\/","name":"Ranoja","description":"Equipment Shop WooCommerce WordPress Theme for Machine &amp; Tools","publisher":{"@id":"https:\/\/ranoja.ee\/#organization"},"potentialAction":[{"@type":"SearchAction","target":{"@type":"EntryPoint","urlTemplate":"https:\/\/ranoja.ee\/?s={search_term_string}"},"query-input":{"@type":"PropertyValueSpecification","valueRequired":true,"valueName":"search_term_string"}}],"inLanguage":"en-US"},{"@type":"Organization","@id":"https:\/\/ranoja.ee\/#organization","name":"Ranoja O\u00dc","url":"https:\/\/ranoja.ee\/","logo":{"@type":"ImageObject","inLanguage":"en-US","@id":"https:\/\/ranoja.ee\/#\/schema\/logo\/image\/","url":"https:\/\/ranoja.ee\/wp-content\/uploads\/2023\/11\/ranoja-Logo.png","contentUrl":"https:\/\/ranoja.ee\/wp-content\/uploads\/2023\/11\/ranoja-Logo.png","width":207,"height":58,"caption":"Ranoja O\u00dc"},"image":{"@id":"https:\/\/ranoja.ee\/#\/schema\/logo\/image\/"},"sameAs":["https:\/\/www.facebook.com\/ranoja.ee","https:\/\/www.instagram.com\/ranoja__\/"]}]}},"_links":{"self":[{"href":"https:\/\/ranoja.ee\/en\/wp-json\/wp\/v2\/product\/4211","targetHints":{"allow":["GET"]}}],"collection":[{"href":"https:\/\/ranoja.ee\/en\/wp-json\/wp\/v2\/product"}],"about":[{"href":"https:\/\/ranoja.ee\/en\/wp-json\/wp\/v2\/types\/product"}],"wp:featuredmedia":[{"embeddable":true,"href":"https:\/\/ranoja.ee\/en\/wp-json\/wp\/v2\/media\/4212"}],"wp:attachment":[{"href":"https:\/\/ranoja.ee\/en\/wp-json\/wp\/v2\/media?parent=4211"}],"wp:term":[{"taxonomy":"product_cat","embeddable":true,"href":"https:\/\/ranoja.ee\/en\/wp-json\/wp\/v2\/product_cat?post=4211"},{"taxonomy":"product_tag","embeddable":true,"href":"https:\/\/ranoja.ee\/en\/wp-json\/wp\/v2\/product_tag?post=4211"}],"curies":[{"name":"wp","href":"https:\/\/api.w.org\/{rel}","templated":true}]}}