{"id":41246,"date":"2026-02-17T13:38:08","date_gmt":"2026-02-17T10:38:08","guid":{"rendered":"https:\/\/ranoja.ee\/toode\/tj45e\/"},"modified":"2026-03-05T14:41:55","modified_gmt":"2026-03-05T11:41:55","slug":"kolvisorm-kawasaki-th48-tj45e-mootoritele","status":"publish","type":"product","link":"https:\/\/ranoja.ee\/en\/toode\/kolvisorm-kawasaki-th48-tj45e-mootoritele\/","title":{"rendered":"Kolvis\u00f5rm Kawasaki TH48 \/ TJ45E mootoritele"},"content":{"rendered":"<p>Kolvis\u00f5rm Kawasaki TH48 \/ TJ45E mootoritele<\/p>\n<p>Kvaliteetne kolvis\u00f5rm, mis sobib Kawasaki TH48 ja TJ45E bensiinimootoritele. Kolvis\u00f5rm \u00fchendab kolvi kepsuga ning v\u00f5imaldab kolvil liikuda sujuvalt silindris, tagades mootori korrektse t\u00f6\u00f6 ja j\u00f5u\u00fclekande.<\/p>\n<p>Valmistatud vastupidavast ja kulumiskindlast materjalist, mis talub k\u00f5rget temperatuuri, survet ja vibratsiooni. Korralikult toimiv kolvis\u00f5rm on oluline mootori sujuva t\u00f6\u00f6 ning pika kasutusea tagamiseks. Kulunud v\u00f5i kahjustatud detail v\u00f5ib p\u00f5hjustada liigset m\u00fcra, j\u00f5udluse langust v\u00f5i t\u00f5sisemaid mootoririkkeid.<\/p>\n<p>Sobib kasutamiseks erinevatel v\u00e4ikemootoritel, sealhulgas trimmeritel ja v\u00f5sal\u00f5ikuritel, mis on varustatud Kawasaki TH48 v\u00f5i TJ45E mootoriga.<\/p>\n<p>Kolvis\u00f5rm Kawasaki TH48 \/ TJ45E mootoritele<\/p>\n","protected":false},"excerpt":{"rendered":"<p>Kolvis\u00f5rm Kawasaki TH48 \/ TJ45E mootoritele<\/p>\n<table class=\"cedrus-specs\">\n<tbody>\n<tr>\n<td>Katalooginumber<\/td>\n<td>13002-2067<\/td>\n<\/tr>\n<tr>\n<td>EAN<\/td>\n<td>5906434033704<\/td>\n<\/tr>\n<tr>\n<td>Paki pikkus<\/td>\n<td>59<\/td>\n<\/tr>\n<tr>\n<td>Paki laius<\/td>\n<td>47<\/td>\n<\/tr>\n<tr>\n<td>Paki k\u00f5rgus<\/td>\n<td>14<\/td>\n<\/tr>\n<tr>\n<td>Kaal<\/td>\n<td>0.014 Kg<\/td>\n<\/tr>\n<\/tbody>\n<\/table>\n","protected":false},"featured_media":41247,"template":"","meta":{"inline_featured_image":false},"product_cat":[3052],"product_tag":[4020,900,4019,4021,4022],"class_list":{"0":"post-41246","1":"product","2":"type-product","3":"status-publish","4":"has-post-thumbnail","6":"product_brand-kawasaki","7":"product_cat-cedrus-tooted","8":"product_tag-13002-2067","9":"product_tag-kawasaki","10":"product_tag-kolvisorm-kawasaki-th48-tj45e-mootoritele","11":"product_tag-th48","12":"product_tag-tj45e","14":"first","15":"instock","16":"taxable","17":"shipping-taxable","18":"purchasable","19":"product-type-simple"},"yoast_head":"<!-- This site is optimized with the Yoast SEO plugin v27.4 - https:\/\/yoast.com\/product\/yoast-seo-wordpress\/ -->\n<title>Kolvis\u00f5rm Kawasaki TH48 \/ TJ45E mootoritele<\/title>\n<meta name=\"description\" content=\"Kolvis\u00f5rm Kawasaki TH48 \/ TJ45E mootoritele Katalooginumber 13002-2067. Paki pikkus 59 mm. Paki laius 47 mm. Paki k\u00f5rgus 14 mm. Kaal 0.014 kg.\" \/>\n<meta name=\"robots\" content=\"index, follow, max-snippet:-1, max-image-preview:large, max-video-preview:-1\" \/>\n<link rel=\"canonical\" href=\"https:\/\/ranoja.ee\/toode\/kolvisorm-kawasaki-th48-tj45e-mootoritele\/\" \/>\n<meta property=\"og:locale\" content=\"en_US\" \/>\n<meta property=\"og:type\" content=\"article\" \/>\n<meta property=\"og:title\" content=\"Kolvis\u00f5rm Kawasaki TH48 \/ TJ45E mootoritele\" \/>\n<meta property=\"og:description\" content=\"Kolvis\u00f5rm Kawasaki TH48 \/ TJ45E mootoritele Katalooginumber 13002-2067. Paki pikkus 59 mm. Paki laius 47 mm. Paki k\u00f5rgus 14 mm. Kaal 0.014 kg.\" \/>\n<meta property=\"og:url\" content=\"https:\/\/ranoja.ee\/toode\/kolvisorm-kawasaki-th48-tj45e-mootoritele\/\" \/>\n<meta property=\"og:site_name\" content=\"Ranoja\" \/>\n<meta property=\"article:publisher\" content=\"https:\/\/www.facebook.com\/ranoja.ee\" \/>\n<meta property=\"article:modified_time\" content=\"2026-03-05T11:41:55+00:00\" \/>\n<meta property=\"og:image\" content=\"https:\/\/ranoja.ee\/wp-content\/uploads\/2026\/02\/1857_b3ec8e766153c660d5e1f7f4173b3b88.jpg\" \/>\n\t<meta property=\"og:image:width\" content=\"200\" \/>\n\t<meta property=\"og:image:height\" content=\"107\" \/>\n\t<meta property=\"og:image:type\" content=\"image\/jpeg\" \/>\n<meta name=\"twitter:card\" content=\"summary_large_image\" \/>\n<meta name=\"twitter:label1\" content=\"Est. reading time\" \/>\n\t<meta name=\"twitter:data1\" content=\"1 minute\" \/>\n<script type=\"application\/ld+json\" class=\"yoast-schema-graph\">{\"@context\":\"https:\\\/\\\/schema.org\",\"@graph\":[{\"@type\":\"WebPage\",\"@id\":\"https:\\\/\\\/ranoja.ee\\\/toode\\\/kolvisorm-kawasaki-th48-tj45e-mootoritele\\\/\",\"url\":\"https:\\\/\\\/ranoja.ee\\\/toode\\\/kolvisorm-kawasaki-th48-tj45e-mootoritele\\\/\",\"name\":\"Kolvis\u00f5rm Kawasaki TH48 \\\/ TJ45E mootoritele\",\"isPartOf\":{\"@id\":\"https:\\\/\\\/ranoja.ee\\\/#website\"},\"primaryImageOfPage\":{\"@id\":\"https:\\\/\\\/ranoja.ee\\\/toode\\\/kolvisorm-kawasaki-th48-tj45e-mootoritele\\\/#primaryimage\"},\"image\":{\"@id\":\"https:\\\/\\\/ranoja.ee\\\/toode\\\/kolvisorm-kawasaki-th48-tj45e-mootoritele\\\/#primaryimage\"},\"thumbnailUrl\":\"https:\\\/\\\/ranoja.ee\\\/wp-content\\\/uploads\\\/2026\\\/02\\\/1857_b3ec8e766153c660d5e1f7f4173b3b88.jpg\",\"datePublished\":\"2026-02-17T10:38:08+00:00\",\"dateModified\":\"2026-03-05T11:41:55+00:00\",\"description\":\"Kolvis\u00f5rm Kawasaki TH48 \\\/ TJ45E mootoritele Katalooginumber 13002-2067. Paki pikkus 59 mm. Paki laius 47 mm. Paki k\u00f5rgus 14 mm. Kaal 0.014 kg.\",\"breadcrumb\":{\"@id\":\"https:\\\/\\\/ranoja.ee\\\/toode\\\/kolvisorm-kawasaki-th48-tj45e-mootoritele\\\/#breadcrumb\"},\"inLanguage\":\"en-US\",\"potentialAction\":[{\"@type\":\"ReadAction\",\"target\":[\"https:\\\/\\\/ranoja.ee\\\/toode\\\/kolvisorm-kawasaki-th48-tj45e-mootoritele\\\/\"]}]},{\"@type\":\"ImageObject\",\"inLanguage\":\"en-US\",\"@id\":\"https:\\\/\\\/ranoja.ee\\\/toode\\\/kolvisorm-kawasaki-th48-tj45e-mootoritele\\\/#primaryimage\",\"url\":\"https:\\\/\\\/ranoja.ee\\\/wp-content\\\/uploads\\\/2026\\\/02\\\/1857_b3ec8e766153c660d5e1f7f4173b3b88.jpg\",\"contentUrl\":\"https:\\\/\\\/ranoja.ee\\\/wp-content\\\/uploads\\\/2026\\\/02\\\/1857_b3ec8e766153c660d5e1f7f4173b3b88.jpg\",\"width\":200,\"height\":107},{\"@type\":\"BreadcrumbList\",\"@id\":\"https:\\\/\\\/ranoja.ee\\\/toode\\\/kolvisorm-kawasaki-th48-tj45e-mootoritele\\\/#breadcrumb\",\"itemListElement\":[{\"@type\":\"ListItem\",\"position\":1,\"name\":\"Home\",\"item\":\"https:\\\/\\\/ranoja.ee\\\/\"},{\"@type\":\"ListItem\",\"position\":2,\"name\":\"Shop\",\"item\":\"https:\\\/\\\/ranoja.ee\\\/en\\\/shop\\\/\"},{\"@type\":\"ListItem\",\"position\":3,\"name\":\"Kolvis\u00f5rm Kawasaki TH48 \\\/ TJ45E mootoritele\"}]},{\"@type\":\"WebSite\",\"@id\":\"https:\\\/\\\/ranoja.ee\\\/#website\",\"url\":\"https:\\\/\\\/ranoja.ee\\\/\",\"name\":\"Ranoja\",\"description\":\"Equipment Shop WooCommerce WordPress Theme for Machine &amp; Tools\",\"publisher\":{\"@id\":\"https:\\\/\\\/ranoja.ee\\\/#organization\"},\"potentialAction\":[{\"@type\":\"SearchAction\",\"target\":{\"@type\":\"EntryPoint\",\"urlTemplate\":\"https:\\\/\\\/ranoja.ee\\\/?s={search_term_string}\"},\"query-input\":{\"@type\":\"PropertyValueSpecification\",\"valueRequired\":true,\"valueName\":\"search_term_string\"}}],\"inLanguage\":\"en-US\"},{\"@type\":\"Organization\",\"@id\":\"https:\\\/\\\/ranoja.ee\\\/#organization\",\"name\":\"Ranoja O\u00dc\",\"url\":\"https:\\\/\\\/ranoja.ee\\\/\",\"logo\":{\"@type\":\"ImageObject\",\"inLanguage\":\"en-US\",\"@id\":\"https:\\\/\\\/ranoja.ee\\\/#\\\/schema\\\/logo\\\/image\\\/\",\"url\":\"https:\\\/\\\/ranoja.ee\\\/wp-content\\\/uploads\\\/2023\\\/11\\\/ranoja-Logo.png\",\"contentUrl\":\"https:\\\/\\\/ranoja.ee\\\/wp-content\\\/uploads\\\/2023\\\/11\\\/ranoja-Logo.png\",\"width\":207,\"height\":58,\"caption\":\"Ranoja O\u00dc\"},\"image\":{\"@id\":\"https:\\\/\\\/ranoja.ee\\\/#\\\/schema\\\/logo\\\/image\\\/\"},\"sameAs\":[\"https:\\\/\\\/www.facebook.com\\\/ranoja.ee\",\"https:\\\/\\\/www.instagram.com\\\/ranoja__\\\/\"]}]}<\/script>\n<!-- \/ Yoast SEO plugin. -->","yoast_head_json":{"title":"Kolvis\u00f5rm Kawasaki TH48 \/ TJ45E mootoritele","description":"Kolvis\u00f5rm Kawasaki TH48 \/ TJ45E mootoritele Katalooginumber 13002-2067. Paki pikkus 59 mm. Paki laius 47 mm. Paki k\u00f5rgus 14 mm. Kaal 0.014 kg.","robots":{"index":"index","follow":"follow","max-snippet":"max-snippet:-1","max-image-preview":"max-image-preview:large","max-video-preview":"max-video-preview:-1"},"canonical":"https:\/\/ranoja.ee\/toode\/kolvisorm-kawasaki-th48-tj45e-mootoritele\/","og_locale":"en_US","og_type":"article","og_title":"Kolvis\u00f5rm Kawasaki TH48 \/ TJ45E mootoritele","og_description":"Kolvis\u00f5rm Kawasaki TH48 \/ TJ45E mootoritele Katalooginumber 13002-2067. Paki pikkus 59 mm. Paki laius 47 mm. Paki k\u00f5rgus 14 mm. Kaal 0.014 kg.","og_url":"https:\/\/ranoja.ee\/toode\/kolvisorm-kawasaki-th48-tj45e-mootoritele\/","og_site_name":"Ranoja","article_publisher":"https:\/\/www.facebook.com\/ranoja.ee","article_modified_time":"2026-03-05T11:41:55+00:00","og_image":[{"width":200,"height":107,"url":"https:\/\/ranoja.ee\/wp-content\/uploads\/2026\/02\/1857_b3ec8e766153c660d5e1f7f4173b3b88.jpg","type":"image\/jpeg"}],"twitter_card":"summary_large_image","twitter_misc":{"Est. reading time":"1 minute"},"schema":{"@context":"https:\/\/schema.org","@graph":[{"@type":"WebPage","@id":"https:\/\/ranoja.ee\/toode\/kolvisorm-kawasaki-th48-tj45e-mootoritele\/","url":"https:\/\/ranoja.ee\/toode\/kolvisorm-kawasaki-th48-tj45e-mootoritele\/","name":"Kolvis\u00f5rm Kawasaki TH48 \/ TJ45E mootoritele","isPartOf":{"@id":"https:\/\/ranoja.ee\/#website"},"primaryImageOfPage":{"@id":"https:\/\/ranoja.ee\/toode\/kolvisorm-kawasaki-th48-tj45e-mootoritele\/#primaryimage"},"image":{"@id":"https:\/\/ranoja.ee\/toode\/kolvisorm-kawasaki-th48-tj45e-mootoritele\/#primaryimage"},"thumbnailUrl":"https:\/\/ranoja.ee\/wp-content\/uploads\/2026\/02\/1857_b3ec8e766153c660d5e1f7f4173b3b88.jpg","datePublished":"2026-02-17T10:38:08+00:00","dateModified":"2026-03-05T11:41:55+00:00","description":"Kolvis\u00f5rm Kawasaki TH48 \/ TJ45E mootoritele Katalooginumber 13002-2067. Paki pikkus 59 mm. Paki laius 47 mm. Paki k\u00f5rgus 14 mm. Kaal 0.014 kg.","breadcrumb":{"@id":"https:\/\/ranoja.ee\/toode\/kolvisorm-kawasaki-th48-tj45e-mootoritele\/#breadcrumb"},"inLanguage":"en-US","potentialAction":[{"@type":"ReadAction","target":["https:\/\/ranoja.ee\/toode\/kolvisorm-kawasaki-th48-tj45e-mootoritele\/"]}]},{"@type":"ImageObject","inLanguage":"en-US","@id":"https:\/\/ranoja.ee\/toode\/kolvisorm-kawasaki-th48-tj45e-mootoritele\/#primaryimage","url":"https:\/\/ranoja.ee\/wp-content\/uploads\/2026\/02\/1857_b3ec8e766153c660d5e1f7f4173b3b88.jpg","contentUrl":"https:\/\/ranoja.ee\/wp-content\/uploads\/2026\/02\/1857_b3ec8e766153c660d5e1f7f4173b3b88.jpg","width":200,"height":107},{"@type":"BreadcrumbList","@id":"https:\/\/ranoja.ee\/toode\/kolvisorm-kawasaki-th48-tj45e-mootoritele\/#breadcrumb","itemListElement":[{"@type":"ListItem","position":1,"name":"Home","item":"https:\/\/ranoja.ee\/"},{"@type":"ListItem","position":2,"name":"Shop","item":"https:\/\/ranoja.ee\/en\/shop\/"},{"@type":"ListItem","position":3,"name":"Kolvis\u00f5rm Kawasaki TH48 \/ TJ45E mootoritele"}]},{"@type":"WebSite","@id":"https:\/\/ranoja.ee\/#website","url":"https:\/\/ranoja.ee\/","name":"Ranoja","description":"Equipment Shop WooCommerce WordPress Theme for Machine &amp; Tools","publisher":{"@id":"https:\/\/ranoja.ee\/#organization"},"potentialAction":[{"@type":"SearchAction","target":{"@type":"EntryPoint","urlTemplate":"https:\/\/ranoja.ee\/?s={search_term_string}"},"query-input":{"@type":"PropertyValueSpecification","valueRequired":true,"valueName":"search_term_string"}}],"inLanguage":"en-US"},{"@type":"Organization","@id":"https:\/\/ranoja.ee\/#organization","name":"Ranoja O\u00dc","url":"https:\/\/ranoja.ee\/","logo":{"@type":"ImageObject","inLanguage":"en-US","@id":"https:\/\/ranoja.ee\/#\/schema\/logo\/image\/","url":"https:\/\/ranoja.ee\/wp-content\/uploads\/2023\/11\/ranoja-Logo.png","contentUrl":"https:\/\/ranoja.ee\/wp-content\/uploads\/2023\/11\/ranoja-Logo.png","width":207,"height":58,"caption":"Ranoja O\u00dc"},"image":{"@id":"https:\/\/ranoja.ee\/#\/schema\/logo\/image\/"},"sameAs":["https:\/\/www.facebook.com\/ranoja.ee","https:\/\/www.instagram.com\/ranoja__\/"]}]}},"_links":{"self":[{"href":"https:\/\/ranoja.ee\/en\/wp-json\/wp\/v2\/product\/41246","targetHints":{"allow":["GET"]}}],"collection":[{"href":"https:\/\/ranoja.ee\/en\/wp-json\/wp\/v2\/product"}],"about":[{"href":"https:\/\/ranoja.ee\/en\/wp-json\/wp\/v2\/types\/product"}],"wp:featuredmedia":[{"embeddable":true,"href":"https:\/\/ranoja.ee\/en\/wp-json\/wp\/v2\/media\/41247"}],"wp:attachment":[{"href":"https:\/\/ranoja.ee\/en\/wp-json\/wp\/v2\/media?parent=41246"}],"wp:term":[{"taxonomy":"product_cat","embeddable":true,"href":"https:\/\/ranoja.ee\/en\/wp-json\/wp\/v2\/product_cat?post=41246"},{"taxonomy":"product_tag","embeddable":true,"href":"https:\/\/ranoja.ee\/en\/wp-json\/wp\/v2\/product_tag?post=41246"}],"curies":[{"name":"wp","href":"https:\/\/api.w.org\/{rel}","templated":true}]}}