{"id":4095,"date":"2023-07-24T16:31:11","date_gmt":"2023-07-24T13:31:11","guid":{"rendered":"https:\/\/www.ranoja.ee\/?post_type=product&#038;p=4095"},"modified":"2025-12-10T13:15:58","modified_gmt":"2025-12-10T10:15:58","slug":"cedrus-trassifrees-cedkp01","status":"publish","type":"product","link":"https:\/\/ranoja.ee\/en\/toode\/cedrus-trassifrees-cedkp01\/","title":{"rendered":"Cedrus trassifrees CEDKP01"},"content":{"rendered":"<p>Cedrus trassifrees CEDKP01 on asendamatu t\u00f6\u00f6riist kaabli paigaldamisel, eriti maa-aluste kaablite paigaldusprojektides. Selle seadme peamine eesm\u00e4rk on kaevata kiiresti ja t\u00e4pselt kitsaid kraave, kuhu saab paigaldada kaableid, torusid v\u00f5i muid kommunikatsioonivahendeid. Trassifreesi kasutamine aitab oluliselt v\u00e4hendada t\u00f6\u00f6aega ja t\u00f6\u00f6j\u00f5ukulu v\u00f5rreldes traditsiooniliste kaevamismeetoditega, nagu k\u00e4sitsi kaevamine v\u00f5i suurem\u00f5\u00f5tmeliste ekskavaatorite kasutamine.<\/p>\n<p>Cedrus trassifrees CEDKP01 eelis seisneb tema v\u00f5imes kaevata t\u00e4pselt vajalik s\u00fcgavus ja laius, mis v\u00e4hendab liigset pinnasekaevamist. See on oluline nii ehitusprojekti kulude v\u00e4hendamiseks kui ka keskkonnam\u00f5ju piiramiseks. V\u00e4iksem pinnaset\u00f6\u00f6de ulatus t\u00e4hendab ka v\u00e4hem hilisemaid taastust\u00f6id, n\u00e4iteks maastiku tasandamist ja haljastust.<\/p>\n<p>Lisaks v\u00f5imaldab trassifrees t\u00f6\u00f6tada keerulistes tingimustes, nagu kitsad alad, raskesti ligip\u00e4\u00e4setavad kohad v\u00f5i tihedalt asustatud linnakeskkond. T\u00e4nap\u00e4evased trassifreesid on varustatud t\u00e4pse juhitavuse ja v\u00f5imsate l\u00f5ikemehhanismidega, mis v\u00f5imaldavad t\u00f6\u00f6tada ka keerukatel pinnastel, sealhulgas kivistel ja tihendatud pinnastel.<\/p>\n<p>Kaabli paigaldamisel tagab trassifrees t\u00f6\u00f6 ohutuse ja kaabli t\u00e4pse paigutuse. See minimeerib riski, et kaabel saab paigaldamise k\u00e4igus kahjustada, kuna freesitud kraav on \u00fchtlane ja sobib t\u00e4pselt kaablile. Kokkuv\u00f5ttes aitab trassifrees kaabli paigaldusprotsessi muuta kiiremaks, kulut\u00f5husamaks ja keskkonnas\u00e4\u00e4stlikumaks, pakkudes samal ajal kvaliteetset tulemust ja v\u00e4hendades k\u00e4sitsit\u00f6\u00f6 vajadust.<\/p>\n<p>CEDRUS on \u00fcks suurimaid aiandusmasinate, t\u00f6\u00f6riistade ning metsandus tarvikute edasim\u00fc\u00fcjaid Poolas.<br \/>\nMeie eesm\u00e4rk on pakkuda klientidele k\u00f5rgeima kvaliteediga tooteid konkurentsiv\u00f5imeliste hindadega.<br \/>\nAlates 2016. aastast oleme arendanud ka oma kaubam\u00e4rgi all olevat tootesarja Cedrus.<br \/>\nHetkel pakume enam kui 100 t\u00fc\u00fcpi CEDRUS kaubam\u00e4rgi aia- ja ehitusmasinaid, samuti k\u00f5iki hooldustarvikuid ja varuosi.<br \/>\n<img decoding=\"async\" src=\"https:\/\/www.ranoja.ee\/wp-content\/uploads\/2023\/07\/cedrus-logo-vaike-1-300x99.png\" alt=\"\" width=\"300\" height=\"99\" class=\"alignnone size-medium wp-image-5896\" srcset=\"https:\/\/ranoja.ee\/wp-content\/uploads\/2023\/07\/cedrus-logo-vaike-1-300x99.png 300w, https:\/\/ranoja.ee\/wp-content\/uploads\/2023\/07\/cedrus-logo-vaike-1.png 431w\" sizes=\"(max-width: 300px) 100vw, 300px\" \/><\/p>\n","protected":false},"excerpt":{"rendered":"<p>Cedrus trassifrees CEDKP01<br \/>\nBensiinimootor Loncin G420F<br \/>\nK\u00fctusepaak 6,5L<br \/>\nTerade p\u00f6\u00f6rlemiskiirus: 550m\/min<br \/>\n27 tera<br \/>\nK\u00e4sistarter<br \/>\nKaevelaius 100mm<br \/>\nKaeves\u00fcgavus 200mm, 400mm ja 600mm<br \/>\nKaal 185kg<br \/>\n<strong>Seadme eeldatav tarneaeg 1-7 t\u00f6\u00f6p\u00e4eva<\/strong><br \/>\n[embed]https:\/\/www.youtube.com\/watch?v=uW75N0zKufc[\/embed]<\/p>\n","protected":false},"featured_media":14064,"template":"","meta":{"inline_featured_image":false},"product_cat":[1090,1092],"product_tag":[465,137,466,460],"class_list":{"0":"post-4095","1":"product","2":"type-product","3":"status-publish","4":"has-post-thumbnail","6":"product_brand-cedrus","7":"product_cat-ehitustehnika","8":"product_cat-trassifreesid","9":"product_tag-cedkp01","10":"product_tag-cedrus","11":"product_tag-kp01","12":"product_tag-trassifrees","14":"first","15":"instock","16":"taxable","17":"shipping-taxable","18":"purchasable","19":"product-type-simple"},"yoast_head":"<!-- This site is optimized with the Yoast SEO plugin v27.4 - https:\/\/yoast.com\/product\/yoast-seo-wordpress\/ -->\n<title>Cedrus trassifrees CEDKP01<\/title>\n<meta name=\"description\" content=\"Cedrus trassifrees CEDKP01, Bensiinimootor Loncin G420F, Terade p\u00f6\u00f6rlemiskiirus: 550m\/min, Kaevelaius 100mm, Kaeves\u00fcgavus 200mm, 400mm ja 600mm.\" \/>\n<meta name=\"robots\" content=\"index, follow, max-snippet:-1, max-image-preview:large, max-video-preview:-1\" \/>\n<link rel=\"canonical\" href=\"https:\/\/ranoja.ee\/toode\/cedrus-trassifrees-cedkp01\/\" \/>\n<meta property=\"og:locale\" content=\"en_US\" \/>\n<meta property=\"og:type\" content=\"article\" \/>\n<meta property=\"og:title\" content=\"Cedrus trassifrees CEDKP01\" \/>\n<meta property=\"og:description\" content=\"Cedrus trassifrees CEDKP01, Bensiinimootor Loncin G420F, Terade p\u00f6\u00f6rlemiskiirus: 550m\/min, Kaevelaius 100mm, Kaeves\u00fcgavus 200mm, 400mm ja 600mm.\" \/>\n<meta property=\"og:url\" content=\"https:\/\/ranoja.ee\/toode\/cedrus-trassifrees-cedkp01\/\" \/>\n<meta property=\"og:site_name\" content=\"Ranoja\" \/>\n<meta property=\"article:publisher\" content=\"https:\/\/www.facebook.com\/ranoja.ee\" \/>\n<meta property=\"article:modified_time\" content=\"2025-12-10T10:15:58+00:00\" \/>\n<meta property=\"og:image\" content=\"https:\/\/ranoja.ee\/wp-content\/uploads\/2023\/07\/Cedrus-trassifrees-CEDKP01-1.jpg\" \/>\n\t<meta property=\"og:image:width\" content=\"800\" \/>\n\t<meta property=\"og:image:height\" content=\"515\" \/>\n\t<meta property=\"og:image:type\" content=\"image\/jpeg\" \/>\n<meta name=\"twitter:card\" content=\"summary_large_image\" \/>\n<meta name=\"twitter:label1\" content=\"Est. reading time\" \/>\n\t<meta name=\"twitter:data1\" content=\"2 minutes\" \/>\n<script type=\"application\/ld+json\" class=\"yoast-schema-graph\">{\"@context\":\"https:\\\/\\\/schema.org\",\"@graph\":[{\"@type\":\"WebPage\",\"@id\":\"https:\\\/\\\/ranoja.ee\\\/toode\\\/cedrus-trassifrees-cedkp01\\\/\",\"url\":\"https:\\\/\\\/ranoja.ee\\\/toode\\\/cedrus-trassifrees-cedkp01\\\/\",\"name\":\"Cedrus trassifrees CEDKP01\",\"isPartOf\":{\"@id\":\"https:\\\/\\\/ranoja.ee\\\/#website\"},\"primaryImageOfPage\":{\"@id\":\"https:\\\/\\\/ranoja.ee\\\/toode\\\/cedrus-trassifrees-cedkp01\\\/#primaryimage\"},\"image\":{\"@id\":\"https:\\\/\\\/ranoja.ee\\\/toode\\\/cedrus-trassifrees-cedkp01\\\/#primaryimage\"},\"thumbnailUrl\":\"https:\\\/\\\/ranoja.ee\\\/wp-content\\\/uploads\\\/2023\\\/07\\\/Cedrus-trassifrees-CEDKP01-1.jpg\",\"datePublished\":\"2023-07-24T13:31:11+00:00\",\"dateModified\":\"2025-12-10T10:15:58+00:00\",\"description\":\"Cedrus trassifrees CEDKP01, Bensiinimootor Loncin G420F, Terade p\u00f6\u00f6rlemiskiirus: 550m\\\/min, Kaevelaius 100mm, Kaeves\u00fcgavus 200mm, 400mm ja 600mm.\",\"breadcrumb\":{\"@id\":\"https:\\\/\\\/ranoja.ee\\\/toode\\\/cedrus-trassifrees-cedkp01\\\/#breadcrumb\"},\"inLanguage\":\"en-US\",\"potentialAction\":[{\"@type\":\"ReadAction\",\"target\":[\"https:\\\/\\\/ranoja.ee\\\/toode\\\/cedrus-trassifrees-cedkp01\\\/\"]}]},{\"@type\":\"ImageObject\",\"inLanguage\":\"en-US\",\"@id\":\"https:\\\/\\\/ranoja.ee\\\/toode\\\/cedrus-trassifrees-cedkp01\\\/#primaryimage\",\"url\":\"https:\\\/\\\/ranoja.ee\\\/wp-content\\\/uploads\\\/2023\\\/07\\\/Cedrus-trassifrees-CEDKP01-1.jpg\",\"contentUrl\":\"https:\\\/\\\/ranoja.ee\\\/wp-content\\\/uploads\\\/2023\\\/07\\\/Cedrus-trassifrees-CEDKP01-1.jpg\",\"width\":800,\"height\":515,\"caption\":\"Cedrus trassifrees CEDKP01\"},{\"@type\":\"BreadcrumbList\",\"@id\":\"https:\\\/\\\/ranoja.ee\\\/toode\\\/cedrus-trassifrees-cedkp01\\\/#breadcrumb\",\"itemListElement\":[{\"@type\":\"ListItem\",\"position\":1,\"name\":\"Home\",\"item\":\"https:\\\/\\\/ranoja.ee\\\/\"},{\"@type\":\"ListItem\",\"position\":2,\"name\":\"Shop\",\"item\":\"https:\\\/\\\/ranoja.ee\\\/en\\\/shop\\\/\"},{\"@type\":\"ListItem\",\"position\":3,\"name\":\"Cedrus trassifrees CEDKP01\"}]},{\"@type\":\"WebSite\",\"@id\":\"https:\\\/\\\/ranoja.ee\\\/#website\",\"url\":\"https:\\\/\\\/ranoja.ee\\\/\",\"name\":\"Ranoja\",\"description\":\"Equipment Shop WooCommerce WordPress Theme for Machine &amp; Tools\",\"publisher\":{\"@id\":\"https:\\\/\\\/ranoja.ee\\\/#organization\"},\"potentialAction\":[{\"@type\":\"SearchAction\",\"target\":{\"@type\":\"EntryPoint\",\"urlTemplate\":\"https:\\\/\\\/ranoja.ee\\\/?s={search_term_string}\"},\"query-input\":{\"@type\":\"PropertyValueSpecification\",\"valueRequired\":true,\"valueName\":\"search_term_string\"}}],\"inLanguage\":\"en-US\"},{\"@type\":\"Organization\",\"@id\":\"https:\\\/\\\/ranoja.ee\\\/#organization\",\"name\":\"Ranoja O\u00dc\",\"url\":\"https:\\\/\\\/ranoja.ee\\\/\",\"logo\":{\"@type\":\"ImageObject\",\"inLanguage\":\"en-US\",\"@id\":\"https:\\\/\\\/ranoja.ee\\\/#\\\/schema\\\/logo\\\/image\\\/\",\"url\":\"https:\\\/\\\/ranoja.ee\\\/wp-content\\\/uploads\\\/2023\\\/11\\\/ranoja-Logo.png\",\"contentUrl\":\"https:\\\/\\\/ranoja.ee\\\/wp-content\\\/uploads\\\/2023\\\/11\\\/ranoja-Logo.png\",\"width\":207,\"height\":58,\"caption\":\"Ranoja O\u00dc\"},\"image\":{\"@id\":\"https:\\\/\\\/ranoja.ee\\\/#\\\/schema\\\/logo\\\/image\\\/\"},\"sameAs\":[\"https:\\\/\\\/www.facebook.com\\\/ranoja.ee\",\"https:\\\/\\\/www.instagram.com\\\/ranoja__\\\/\"]}]}<\/script>\n<!-- \/ Yoast SEO plugin. -->","yoast_head_json":{"title":"Cedrus trassifrees CEDKP01","description":"Cedrus trassifrees CEDKP01, Bensiinimootor Loncin G420F, Terade p\u00f6\u00f6rlemiskiirus: 550m\/min, Kaevelaius 100mm, Kaeves\u00fcgavus 200mm, 400mm ja 600mm.","robots":{"index":"index","follow":"follow","max-snippet":"max-snippet:-1","max-image-preview":"max-image-preview:large","max-video-preview":"max-video-preview:-1"},"canonical":"https:\/\/ranoja.ee\/toode\/cedrus-trassifrees-cedkp01\/","og_locale":"en_US","og_type":"article","og_title":"Cedrus trassifrees CEDKP01","og_description":"Cedrus trassifrees CEDKP01, Bensiinimootor Loncin G420F, Terade p\u00f6\u00f6rlemiskiirus: 550m\/min, Kaevelaius 100mm, Kaeves\u00fcgavus 200mm, 400mm ja 600mm.","og_url":"https:\/\/ranoja.ee\/toode\/cedrus-trassifrees-cedkp01\/","og_site_name":"Ranoja","article_publisher":"https:\/\/www.facebook.com\/ranoja.ee","article_modified_time":"2025-12-10T10:15:58+00:00","og_image":[{"width":800,"height":515,"url":"https:\/\/ranoja.ee\/wp-content\/uploads\/2023\/07\/Cedrus-trassifrees-CEDKP01-1.jpg","type":"image\/jpeg"}],"twitter_card":"summary_large_image","twitter_misc":{"Est. reading time":"2 minutes"},"schema":{"@context":"https:\/\/schema.org","@graph":[{"@type":"WebPage","@id":"https:\/\/ranoja.ee\/toode\/cedrus-trassifrees-cedkp01\/","url":"https:\/\/ranoja.ee\/toode\/cedrus-trassifrees-cedkp01\/","name":"Cedrus trassifrees CEDKP01","isPartOf":{"@id":"https:\/\/ranoja.ee\/#website"},"primaryImageOfPage":{"@id":"https:\/\/ranoja.ee\/toode\/cedrus-trassifrees-cedkp01\/#primaryimage"},"image":{"@id":"https:\/\/ranoja.ee\/toode\/cedrus-trassifrees-cedkp01\/#primaryimage"},"thumbnailUrl":"https:\/\/ranoja.ee\/wp-content\/uploads\/2023\/07\/Cedrus-trassifrees-CEDKP01-1.jpg","datePublished":"2023-07-24T13:31:11+00:00","dateModified":"2025-12-10T10:15:58+00:00","description":"Cedrus trassifrees CEDKP01, Bensiinimootor Loncin G420F, Terade p\u00f6\u00f6rlemiskiirus: 550m\/min, Kaevelaius 100mm, Kaeves\u00fcgavus 200mm, 400mm ja 600mm.","breadcrumb":{"@id":"https:\/\/ranoja.ee\/toode\/cedrus-trassifrees-cedkp01\/#breadcrumb"},"inLanguage":"en-US","potentialAction":[{"@type":"ReadAction","target":["https:\/\/ranoja.ee\/toode\/cedrus-trassifrees-cedkp01\/"]}]},{"@type":"ImageObject","inLanguage":"en-US","@id":"https:\/\/ranoja.ee\/toode\/cedrus-trassifrees-cedkp01\/#primaryimage","url":"https:\/\/ranoja.ee\/wp-content\/uploads\/2023\/07\/Cedrus-trassifrees-CEDKP01-1.jpg","contentUrl":"https:\/\/ranoja.ee\/wp-content\/uploads\/2023\/07\/Cedrus-trassifrees-CEDKP01-1.jpg","width":800,"height":515,"caption":"Cedrus trassifrees CEDKP01"},{"@type":"BreadcrumbList","@id":"https:\/\/ranoja.ee\/toode\/cedrus-trassifrees-cedkp01\/#breadcrumb","itemListElement":[{"@type":"ListItem","position":1,"name":"Home","item":"https:\/\/ranoja.ee\/"},{"@type":"ListItem","position":2,"name":"Shop","item":"https:\/\/ranoja.ee\/en\/shop\/"},{"@type":"ListItem","position":3,"name":"Cedrus trassifrees CEDKP01"}]},{"@type":"WebSite","@id":"https:\/\/ranoja.ee\/#website","url":"https:\/\/ranoja.ee\/","name":"Ranoja","description":"Equipment Shop WooCommerce WordPress Theme for Machine &amp; Tools","publisher":{"@id":"https:\/\/ranoja.ee\/#organization"},"potentialAction":[{"@type":"SearchAction","target":{"@type":"EntryPoint","urlTemplate":"https:\/\/ranoja.ee\/?s={search_term_string}"},"query-input":{"@type":"PropertyValueSpecification","valueRequired":true,"valueName":"search_term_string"}}],"inLanguage":"en-US"},{"@type":"Organization","@id":"https:\/\/ranoja.ee\/#organization","name":"Ranoja O\u00dc","url":"https:\/\/ranoja.ee\/","logo":{"@type":"ImageObject","inLanguage":"en-US","@id":"https:\/\/ranoja.ee\/#\/schema\/logo\/image\/","url":"https:\/\/ranoja.ee\/wp-content\/uploads\/2023\/11\/ranoja-Logo.png","contentUrl":"https:\/\/ranoja.ee\/wp-content\/uploads\/2023\/11\/ranoja-Logo.png","width":207,"height":58,"caption":"Ranoja O\u00dc"},"image":{"@id":"https:\/\/ranoja.ee\/#\/schema\/logo\/image\/"},"sameAs":["https:\/\/www.facebook.com\/ranoja.ee","https:\/\/www.instagram.com\/ranoja__\/"]}]}},"_links":{"self":[{"href":"https:\/\/ranoja.ee\/en\/wp-json\/wp\/v2\/product\/4095","targetHints":{"allow":["GET"]}}],"collection":[{"href":"https:\/\/ranoja.ee\/en\/wp-json\/wp\/v2\/product"}],"about":[{"href":"https:\/\/ranoja.ee\/en\/wp-json\/wp\/v2\/types\/product"}],"wp:featuredmedia":[{"embeddable":true,"href":"https:\/\/ranoja.ee\/en\/wp-json\/wp\/v2\/media\/14064"}],"wp:attachment":[{"href":"https:\/\/ranoja.ee\/en\/wp-json\/wp\/v2\/media?parent=4095"}],"wp:term":[{"taxonomy":"product_cat","embeddable":true,"href":"https:\/\/ranoja.ee\/en\/wp-json\/wp\/v2\/product_cat?post=4095"},{"taxonomy":"product_tag","embeddable":true,"href":"https:\/\/ranoja.ee\/en\/wp-json\/wp\/v2\/product_tag?post=4095"}],"curies":[{"name":"wp","href":"https:\/\/api.w.org\/{rel}","templated":true}]}}