{"id":40942,"date":"2026-02-17T13:32:10","date_gmt":"2026-02-17T10:32:10","guid":{"rendered":"https:\/\/ranoja.ee\/toode\/bypass-loikur-kaarpea-s-l72-powergear-112200\/"},"modified":"2026-03-05T10:43:20","modified_gmt":"2026-03-05T07:43:20","slug":"fiskars-oksakaarid-s-l72-powergear-112200","status":"publish","type":"product","link":"https:\/\/ranoja.ee\/en\/toode\/fiskars-oksakaarid-s-l72-powergear-112200\/","title":{"rendered":"Fiskars oksak\u00e4\u00e4rid (S) L72 PowerGear\u2122 112200"},"content":{"rendered":"<p>Fiskars oksak\u00e4\u00e4rid (S) L72 PowerGear\u2122 112200<\/p>\n<p>Fiskars on Soome p\u00e4ritolu ettev\u00f5te, mille aiat\u00f6\u00f6riistad on tuntud oma vastupidavuse, ergonoomika ja kaasaegse disaini poolest. Nende tooted sobivad nii koduaednikule kui ka professionaalsele haljastajale, pakkudes t\u00f6\u00f6kindlust ja mugavust igap\u00e4evastes aiat\u00f6\u00f6des. Fiskarsi t\u00f6\u00f6riistade erip\u00e4raks on kvaliteetsed materjalid, nutikad mehhanismid ning k\u00e4es\u00f5bralik kujundus, mis v\u00e4hendab f\u00fc\u00fcsilist koormust ja muudab t\u00f6\u00f6 efektiivsemaks.<\/p>\n<p>Fiskarsi valikusse kuuluvad erinevad oksak\u00e4\u00e4rid ja l\u00f5ikurid, mille seas on populaarsed PowerGear mehhanismiga mudelid. Need suurendavad l\u00f5ikej\u00f5udu ja teevad okste l\u00f5ikamise lihtsamaks ning sujuvamaks. M\u00f6\u00f6daviigul\u00f5ikega k\u00e4\u00e4rid sobivad v\u00e4rskete ja elusate okste l\u00f5ikamiseks, alasil\u00f5ikega variandid aga kuivade ja k\u00f5vemate okste jaoks. Lisaks pakub ettev\u00f5te pikavarrelisi oksal\u00f5ikureid, mis v\u00f5imaldavad l\u00f5igata k\u00f5rgemal asuvaid oksi ilma redelit kasutamata.<\/p>\n<p>Tootevalikust leiab ka tugevaid ja h\u00e4sti tasakaalustatud labidaid ning kaevet\u00f6\u00f6riistu, mis on valmistatud vastupidavast terasest ning varustatud ergonoomiliste k\u00e4epidemetega. Need sobivad mulla kaevamiseks, istutamiseks ja pinnase \u00fcmbert\u00f5stmiseks. Samuti toodab Fiskars leherehasid ja mururehasid, mis aitavad t\u00f5husalt koristada lehti ning tasandada pinnast. Painduvad, kuid tugevad piid muudavad t\u00f6\u00f6 kiireks ja mugavaks.<\/p>\n<p>Lisaks aiat\u00f6\u00f6riistadele valmistab Fiskars kvaliteetseid kirveid ja saage, mis on tuntud oma teravuse ja hea tasakaalu poolest. Kokkuv\u00f5ttes iseloomustavad Fiskarsi aiat\u00f6\u00f6riistu t\u00f6\u00f6kindlus, uuenduslikkus ja kasutajas\u00f5bralikkus, mis muudavad aiat\u00f6\u00f6d t\u00f5husamaks ja v\u00e4hem koormavaks.<\/p>\n<p>Fiskars oksak\u00e4\u00e4rid (S) L72 PowerGear\u2122 112200<\/p>\n","protected":false},"excerpt":{"rendered":"<p>Fiskars oksak\u00e4\u00e4rid (S) L72 PowerGear\u2122 112200<\/p>\n<table class=\"cedrus-specs\">\n<tbody>\n<tr>\n<td>Tootekataloogi number<\/td>\n<td>1001555<\/td>\n<\/tr>\n<tr>\n<td>EAN<\/td>\n<td>6411501122001<\/td>\n<\/tr>\n<tr>\n<td>Paki pikkus<\/td>\n<td>516<\/td>\n<\/tr>\n<tr>\n<td>Paki laius<\/td>\n<td>164<\/td>\n<\/tr>\n<tr>\n<td>Paki k\u00f5rgus<\/td>\n<td>26<\/td>\n<\/tr>\n<tr>\n<td>Kaal<\/td>\n<td>0.510 Kg<\/td>\n<\/tr>\n<\/tbody>\n<\/table>\n","protected":false},"featured_media":44809,"template":"","meta":{"inline_featured_image":false},"product_cat":[1079,4182],"product_tag":[4082,3736,4081,245],"class_list":{"0":"post-40942","1":"product","2":"type-product","3":"status-publish","4":"has-post-thumbnail","6":"product_brand-fiskars","7":"product_cat-aiatehnika-ja-niidutehnika","8":"product_cat-fiskars-kasitooriistad","9":"product_tag-4082","10":"product_tag-fiskars","11":"product_tag-fiskars-oksakaarid-s-l72-powergear-112200","12":"product_tag-oksakaarid","14":"first","15":"instock","16":"taxable","17":"shipping-taxable","18":"purchasable","19":"product-type-simple"},"yoast_head":"<!-- This site is optimized with the Yoast SEO plugin v27.4 - https:\/\/yoast.com\/product\/yoast-seo-wordpress\/ -->\n<title>Fiskars oksak\u00e4\u00e4rid (S) L72 PowerGear\u2122 112200<\/title>\n<meta name=\"description\" content=\"Fiskars oksak\u00e4\u00e4rid (S) L72 PowerGear\u2122 112200 Tootekataloogi number 1001555. Paki pikkus 516 mm. Paki laius 164 mm. Paki k\u00f5rgus 26 mm. Kaal 0.510 kg.\" \/>\n<meta name=\"robots\" content=\"index, follow, max-snippet:-1, max-image-preview:large, max-video-preview:-1\" \/>\n<link rel=\"canonical\" href=\"https:\/\/ranoja.ee\/toode\/fiskars-oksakaarid-s-l72-powergear-112200\/\" \/>\n<meta property=\"og:locale\" content=\"en_US\" \/>\n<meta property=\"og:type\" content=\"article\" \/>\n<meta property=\"og:title\" content=\"Fiskars oksak\u00e4\u00e4rid (S) L72 PowerGear\u2122 112200\" \/>\n<meta property=\"og:description\" content=\"Fiskars oksak\u00e4\u00e4rid (S) L72 PowerGear\u2122 112200 Tootekataloogi number 1001555. Paki pikkus 516 mm. Paki laius 164 mm. Paki k\u00f5rgus 26 mm. Kaal 0.510 kg.\" \/>\n<meta property=\"og:url\" content=\"https:\/\/ranoja.ee\/toode\/fiskars-oksakaarid-s-l72-powergear-112200\/\" \/>\n<meta property=\"og:site_name\" content=\"Ranoja\" \/>\n<meta property=\"article:publisher\" content=\"https:\/\/www.facebook.com\/ranoja.ee\" \/>\n<meta property=\"article:modified_time\" content=\"2026-03-05T07:43:20+00:00\" \/>\n<meta property=\"og:image\" content=\"https:\/\/ranoja.ee\/wp-content\/uploads\/2026\/02\/Screenshot-2026-03-04-093331.png\" \/>\n\t<meta property=\"og:image:width\" content=\"574\" \/>\n\t<meta property=\"og:image:height\" content=\"731\" \/>\n\t<meta property=\"og:image:type\" content=\"image\/png\" \/>\n<meta name=\"twitter:card\" content=\"summary_large_image\" \/>\n<meta name=\"twitter:label1\" content=\"Est. reading time\" \/>\n\t<meta name=\"twitter:data1\" content=\"1 minute\" \/>\n<script type=\"application\/ld+json\" class=\"yoast-schema-graph\">{\"@context\":\"https:\\\/\\\/schema.org\",\"@graph\":[{\"@type\":\"WebPage\",\"@id\":\"https:\\\/\\\/ranoja.ee\\\/toode\\\/fiskars-oksakaarid-s-l72-powergear-112200\\\/\",\"url\":\"https:\\\/\\\/ranoja.ee\\\/toode\\\/fiskars-oksakaarid-s-l72-powergear-112200\\\/\",\"name\":\"Fiskars oksak\u00e4\u00e4rid (S) L72 PowerGear\u2122 112200\",\"isPartOf\":{\"@id\":\"https:\\\/\\\/ranoja.ee\\\/#website\"},\"primaryImageOfPage\":{\"@id\":\"https:\\\/\\\/ranoja.ee\\\/toode\\\/fiskars-oksakaarid-s-l72-powergear-112200\\\/#primaryimage\"},\"image\":{\"@id\":\"https:\\\/\\\/ranoja.ee\\\/toode\\\/fiskars-oksakaarid-s-l72-powergear-112200\\\/#primaryimage\"},\"thumbnailUrl\":\"https:\\\/\\\/ranoja.ee\\\/wp-content\\\/uploads\\\/2026\\\/02\\\/Screenshot-2026-03-04-093331.png\",\"datePublished\":\"2026-02-17T10:32:10+00:00\",\"dateModified\":\"2026-03-05T07:43:20+00:00\",\"description\":\"Fiskars oksak\u00e4\u00e4rid (S) L72 PowerGear\u2122 112200 Tootekataloogi number 1001555. Paki pikkus 516 mm. Paki laius 164 mm. Paki k\u00f5rgus 26 mm. Kaal 0.510 kg.\",\"breadcrumb\":{\"@id\":\"https:\\\/\\\/ranoja.ee\\\/toode\\\/fiskars-oksakaarid-s-l72-powergear-112200\\\/#breadcrumb\"},\"inLanguage\":\"en-US\",\"potentialAction\":[{\"@type\":\"ReadAction\",\"target\":[\"https:\\\/\\\/ranoja.ee\\\/toode\\\/fiskars-oksakaarid-s-l72-powergear-112200\\\/\"]}]},{\"@type\":\"ImageObject\",\"inLanguage\":\"en-US\",\"@id\":\"https:\\\/\\\/ranoja.ee\\\/toode\\\/fiskars-oksakaarid-s-l72-powergear-112200\\\/#primaryimage\",\"url\":\"https:\\\/\\\/ranoja.ee\\\/wp-content\\\/uploads\\\/2026\\\/02\\\/Screenshot-2026-03-04-093331.png\",\"contentUrl\":\"https:\\\/\\\/ranoja.ee\\\/wp-content\\\/uploads\\\/2026\\\/02\\\/Screenshot-2026-03-04-093331.png\",\"width\":574,\"height\":731,\"caption\":\"Fiskars oksak\u00e4\u00e4rid (S) L72 PowerGear\u2122 112200\"},{\"@type\":\"BreadcrumbList\",\"@id\":\"https:\\\/\\\/ranoja.ee\\\/toode\\\/fiskars-oksakaarid-s-l72-powergear-112200\\\/#breadcrumb\",\"itemListElement\":[{\"@type\":\"ListItem\",\"position\":1,\"name\":\"Home\",\"item\":\"https:\\\/\\\/ranoja.ee\\\/\"},{\"@type\":\"ListItem\",\"position\":2,\"name\":\"Shop\",\"item\":\"https:\\\/\\\/ranoja.ee\\\/en\\\/shop\\\/\"},{\"@type\":\"ListItem\",\"position\":3,\"name\":\"Fiskars oksak\u00e4\u00e4rid (S) L72 PowerGear\u2122 112200\"}]},{\"@type\":\"WebSite\",\"@id\":\"https:\\\/\\\/ranoja.ee\\\/#website\",\"url\":\"https:\\\/\\\/ranoja.ee\\\/\",\"name\":\"Ranoja\",\"description\":\"Equipment Shop WooCommerce WordPress Theme for Machine &amp; Tools\",\"publisher\":{\"@id\":\"https:\\\/\\\/ranoja.ee\\\/#organization\"},\"potentialAction\":[{\"@type\":\"SearchAction\",\"target\":{\"@type\":\"EntryPoint\",\"urlTemplate\":\"https:\\\/\\\/ranoja.ee\\\/?s={search_term_string}\"},\"query-input\":{\"@type\":\"PropertyValueSpecification\",\"valueRequired\":true,\"valueName\":\"search_term_string\"}}],\"inLanguage\":\"en-US\"},{\"@type\":\"Organization\",\"@id\":\"https:\\\/\\\/ranoja.ee\\\/#organization\",\"name\":\"Ranoja O\u00dc\",\"url\":\"https:\\\/\\\/ranoja.ee\\\/\",\"logo\":{\"@type\":\"ImageObject\",\"inLanguage\":\"en-US\",\"@id\":\"https:\\\/\\\/ranoja.ee\\\/#\\\/schema\\\/logo\\\/image\\\/\",\"url\":\"https:\\\/\\\/ranoja.ee\\\/wp-content\\\/uploads\\\/2023\\\/11\\\/ranoja-Logo.png\",\"contentUrl\":\"https:\\\/\\\/ranoja.ee\\\/wp-content\\\/uploads\\\/2023\\\/11\\\/ranoja-Logo.png\",\"width\":207,\"height\":58,\"caption\":\"Ranoja O\u00dc\"},\"image\":{\"@id\":\"https:\\\/\\\/ranoja.ee\\\/#\\\/schema\\\/logo\\\/image\\\/\"},\"sameAs\":[\"https:\\\/\\\/www.facebook.com\\\/ranoja.ee\",\"https:\\\/\\\/www.instagram.com\\\/ranoja__\\\/\"]}]}<\/script>\n<!-- \/ Yoast SEO plugin. -->","yoast_head_json":{"title":"Fiskars oksak\u00e4\u00e4rid (S) L72 PowerGear\u2122 112200","description":"Fiskars oksak\u00e4\u00e4rid (S) L72 PowerGear\u2122 112200 Tootekataloogi number 1001555. Paki pikkus 516 mm. Paki laius 164 mm. Paki k\u00f5rgus 26 mm. Kaal 0.510 kg.","robots":{"index":"index","follow":"follow","max-snippet":"max-snippet:-1","max-image-preview":"max-image-preview:large","max-video-preview":"max-video-preview:-1"},"canonical":"https:\/\/ranoja.ee\/toode\/fiskars-oksakaarid-s-l72-powergear-112200\/","og_locale":"en_US","og_type":"article","og_title":"Fiskars oksak\u00e4\u00e4rid (S) L72 PowerGear\u2122 112200","og_description":"Fiskars oksak\u00e4\u00e4rid (S) L72 PowerGear\u2122 112200 Tootekataloogi number 1001555. Paki pikkus 516 mm. Paki laius 164 mm. Paki k\u00f5rgus 26 mm. Kaal 0.510 kg.","og_url":"https:\/\/ranoja.ee\/toode\/fiskars-oksakaarid-s-l72-powergear-112200\/","og_site_name":"Ranoja","article_publisher":"https:\/\/www.facebook.com\/ranoja.ee","article_modified_time":"2026-03-05T07:43:20+00:00","og_image":[{"width":574,"height":731,"url":"https:\/\/ranoja.ee\/wp-content\/uploads\/2026\/02\/Screenshot-2026-03-04-093331.png","type":"image\/png"}],"twitter_card":"summary_large_image","twitter_misc":{"Est. reading time":"1 minute"},"schema":{"@context":"https:\/\/schema.org","@graph":[{"@type":"WebPage","@id":"https:\/\/ranoja.ee\/toode\/fiskars-oksakaarid-s-l72-powergear-112200\/","url":"https:\/\/ranoja.ee\/toode\/fiskars-oksakaarid-s-l72-powergear-112200\/","name":"Fiskars oksak\u00e4\u00e4rid (S) L72 PowerGear\u2122 112200","isPartOf":{"@id":"https:\/\/ranoja.ee\/#website"},"primaryImageOfPage":{"@id":"https:\/\/ranoja.ee\/toode\/fiskars-oksakaarid-s-l72-powergear-112200\/#primaryimage"},"image":{"@id":"https:\/\/ranoja.ee\/toode\/fiskars-oksakaarid-s-l72-powergear-112200\/#primaryimage"},"thumbnailUrl":"https:\/\/ranoja.ee\/wp-content\/uploads\/2026\/02\/Screenshot-2026-03-04-093331.png","datePublished":"2026-02-17T10:32:10+00:00","dateModified":"2026-03-05T07:43:20+00:00","description":"Fiskars oksak\u00e4\u00e4rid (S) L72 PowerGear\u2122 112200 Tootekataloogi number 1001555. Paki pikkus 516 mm. Paki laius 164 mm. Paki k\u00f5rgus 26 mm. Kaal 0.510 kg.","breadcrumb":{"@id":"https:\/\/ranoja.ee\/toode\/fiskars-oksakaarid-s-l72-powergear-112200\/#breadcrumb"},"inLanguage":"en-US","potentialAction":[{"@type":"ReadAction","target":["https:\/\/ranoja.ee\/toode\/fiskars-oksakaarid-s-l72-powergear-112200\/"]}]},{"@type":"ImageObject","inLanguage":"en-US","@id":"https:\/\/ranoja.ee\/toode\/fiskars-oksakaarid-s-l72-powergear-112200\/#primaryimage","url":"https:\/\/ranoja.ee\/wp-content\/uploads\/2026\/02\/Screenshot-2026-03-04-093331.png","contentUrl":"https:\/\/ranoja.ee\/wp-content\/uploads\/2026\/02\/Screenshot-2026-03-04-093331.png","width":574,"height":731,"caption":"Fiskars oksak\u00e4\u00e4rid (S) L72 PowerGear\u2122 112200"},{"@type":"BreadcrumbList","@id":"https:\/\/ranoja.ee\/toode\/fiskars-oksakaarid-s-l72-powergear-112200\/#breadcrumb","itemListElement":[{"@type":"ListItem","position":1,"name":"Home","item":"https:\/\/ranoja.ee\/"},{"@type":"ListItem","position":2,"name":"Shop","item":"https:\/\/ranoja.ee\/en\/shop\/"},{"@type":"ListItem","position":3,"name":"Fiskars oksak\u00e4\u00e4rid (S) L72 PowerGear\u2122 112200"}]},{"@type":"WebSite","@id":"https:\/\/ranoja.ee\/#website","url":"https:\/\/ranoja.ee\/","name":"Ranoja","description":"Equipment Shop WooCommerce WordPress Theme for Machine &amp; Tools","publisher":{"@id":"https:\/\/ranoja.ee\/#organization"},"potentialAction":[{"@type":"SearchAction","target":{"@type":"EntryPoint","urlTemplate":"https:\/\/ranoja.ee\/?s={search_term_string}"},"query-input":{"@type":"PropertyValueSpecification","valueRequired":true,"valueName":"search_term_string"}}],"inLanguage":"en-US"},{"@type":"Organization","@id":"https:\/\/ranoja.ee\/#organization","name":"Ranoja O\u00dc","url":"https:\/\/ranoja.ee\/","logo":{"@type":"ImageObject","inLanguage":"en-US","@id":"https:\/\/ranoja.ee\/#\/schema\/logo\/image\/","url":"https:\/\/ranoja.ee\/wp-content\/uploads\/2023\/11\/ranoja-Logo.png","contentUrl":"https:\/\/ranoja.ee\/wp-content\/uploads\/2023\/11\/ranoja-Logo.png","width":207,"height":58,"caption":"Ranoja O\u00dc"},"image":{"@id":"https:\/\/ranoja.ee\/#\/schema\/logo\/image\/"},"sameAs":["https:\/\/www.facebook.com\/ranoja.ee","https:\/\/www.instagram.com\/ranoja__\/"]}]}},"_links":{"self":[{"href":"https:\/\/ranoja.ee\/en\/wp-json\/wp\/v2\/product\/40942","targetHints":{"allow":["GET"]}}],"collection":[{"href":"https:\/\/ranoja.ee\/en\/wp-json\/wp\/v2\/product"}],"about":[{"href":"https:\/\/ranoja.ee\/en\/wp-json\/wp\/v2\/types\/product"}],"wp:featuredmedia":[{"embeddable":true,"href":"https:\/\/ranoja.ee\/en\/wp-json\/wp\/v2\/media\/44809"}],"wp:attachment":[{"href":"https:\/\/ranoja.ee\/en\/wp-json\/wp\/v2\/media?parent=40942"}],"wp:term":[{"taxonomy":"product_cat","embeddable":true,"href":"https:\/\/ranoja.ee\/en\/wp-json\/wp\/v2\/product_cat?post=40942"},{"taxonomy":"product_tag","embeddable":true,"href":"https:\/\/ranoja.ee\/en\/wp-json\/wp\/v2\/product_tag?post=40942"}],"curies":[{"name":"wp","href":"https:\/\/api.w.org\/{rel}","templated":true}]}}