{"id":40804,"date":"2026-02-17T13:28:59","date_gmt":"2026-02-17T10:28:59","guid":{"rendered":"https:\/\/ranoja.ee\/toode\/plastist-itaalia-tuup\/"},"modified":"2026-03-03T11:03:22","modified_gmt":"2026-03-03T08:03:22","slug":"plastikust-maardepustol-itaalia-tuupi","status":"publish","type":"product","link":"https:\/\/ranoja.ee\/en\/toode\/plastikust-maardepustol-itaalia-tuupi\/","title":{"rendered":"Plastikust m\u00e4\u00e4rdep\u00fcstol Itaalia t\u00fc\u00fcpi"},"content":{"rendered":"<p>Plastikust m\u00e4\u00e4rdep\u00fcstol Itaalia t\u00fc\u00fcpi<\/p>\n<p>Kerge ja vastupidav plastkorpusega m\u00e4\u00e4rdep\u00fcstol, mis sobib igap\u00e4evaseks hooldus- ja m\u00e4\u00e4rimist\u00f6\u00f6ks nii t\u00f6\u00f6kojas, garaa\u017eis kui ka p\u00f5llumajandus- ja ehitusmasinate juures. Itaalia t\u00fc\u00fcpi konstruktsioon tagab t\u00f6\u00f6kindla ja sujuva m\u00e4\u00e4rde v\u00e4ljastamise, v\u00f5imaldades t\u00e4pselt doseerida vajalikku kogust m\u00e4\u00e4rdeainet.<\/p>\n<p>Tugev plastkorpus muudab t\u00f6\u00f6riista kergemaks v\u00f5rreldes metallp\u00fcstolitega, v\u00e4hendades k\u00e4e v\u00e4simust pikema kasutuse ajal. Samas on materjal piisavalt vastupidav, et taluda tavap\u00e4raseid t\u00f6\u00f6tingimusi ja mehaanilist koormust. Ergonoomiline k\u00e4epide tagab mugava haarde ning lihtsa k\u00e4sitsemise.<\/p>\n<p>M\u00e4\u00e4rdep\u00fcstol sobib kasutamiseks standardsete m\u00e4\u00e4rdeniplitega ning on ideaalne laagrite, liigendite, v\u00f5llide ja muude liikuvate osade hooldamiseks. Sobib nii professionaalseks kasutamiseks kui ka koduseks hooldust\u00f6\u00f6ks.<\/p>\n<p>Plastikust m\u00e4\u00e4rdep\u00fcstol Itaalia t\u00fc\u00fcpi<\/p>\n","protected":false},"excerpt":{"rendered":"<p>Plastikust m\u00e4\u00e4rdep\u00fcstol Itaalia t\u00fc\u00fcpi<\/p>\n<table class=\"cedrus-specs\">\n<tbody>\n<tr>\n<td>Tootekataloogi number<\/td>\n<td>1108001<\/td>\n<\/tr>\n<tr>\n<td>EAN<\/td>\n<td>5906434028632<\/td>\n<\/tr>\n<tr>\n<td>Paki pikkus<\/td>\n<td>116<\/td>\n<\/tr>\n<tr>\n<td>Paki laius<\/td>\n<td>28<\/td>\n<\/tr>\n<tr>\n<td>Paki k\u00f5rgus<\/td>\n<td>38<\/td>\n<\/tr>\n<tr>\n<td>Kaal<\/td>\n<td>0.030 Kg<\/td>\n<\/tr>\n<\/tbody>\n<\/table>\n","protected":false},"featured_media":40805,"template":"","meta":{"inline_featured_image":false},"product_cat":[3052],"product_tag":[3968,3967],"class_list":{"0":"post-40804","1":"product","2":"type-product","3":"status-publish","4":"has-post-thumbnail","6":"product_cat-cedrus-tooted","7":"product_tag-3968","8":"product_tag-plastikust-maardepustol-itaalia-tuupi","10":"first","11":"instock","12":"taxable","13":"shipping-taxable","14":"purchasable","15":"product-type-simple"},"yoast_head":"<!-- This site is optimized with the Yoast SEO plugin v27.4 - https:\/\/yoast.com\/product\/yoast-seo-wordpress\/ -->\n<title>Plastikust m\u00e4\u00e4rdep\u00fcstol Itaalia t\u00fc\u00fcpi<\/title>\n<meta name=\"description\" content=\"Plastikust m\u00e4\u00e4rdep\u00fcstol Itaalia t\u00fc\u00fcpi Tootekataloogi number 1108001. Paki pikkus 116 mm. Paki laius 28 mm. Paki k\u00f5rgus 38 mm. Kaal 0.030 kg.\" \/>\n<meta name=\"robots\" content=\"index, follow, max-snippet:-1, max-image-preview:large, max-video-preview:-1\" \/>\n<link rel=\"canonical\" href=\"https:\/\/ranoja.ee\/toode\/plastikust-maardepustol-itaalia-tuupi\/\" \/>\n<meta property=\"og:locale\" content=\"en_US\" \/>\n<meta property=\"og:type\" content=\"article\" \/>\n<meta property=\"og:title\" content=\"Plastikust m\u00e4\u00e4rdep\u00fcstol Itaalia t\u00fc\u00fcpi\" \/>\n<meta property=\"og:description\" content=\"Plastikust m\u00e4\u00e4rdep\u00fcstol Itaalia t\u00fc\u00fcpi Tootekataloogi number 1108001. Paki pikkus 116 mm. Paki laius 28 mm. Paki k\u00f5rgus 38 mm. Kaal 0.030 kg.\" \/>\n<meta property=\"og:url\" content=\"https:\/\/ranoja.ee\/toode\/plastikust-maardepustol-itaalia-tuupi\/\" \/>\n<meta property=\"og:site_name\" content=\"Ranoja\" \/>\n<meta property=\"article:publisher\" content=\"https:\/\/www.facebook.com\/ranoja.ee\" \/>\n<meta property=\"article:modified_time\" content=\"2026-03-03T08:03:22+00:00\" \/>\n<meta property=\"og:image\" content=\"https:\/\/ranoja.ee\/wp-content\/uploads\/2026\/02\/1108001.jpg\" \/>\n\t<meta property=\"og:image:width\" content=\"800\" \/>\n\t<meta property=\"og:image:height\" content=\"397\" \/>\n\t<meta property=\"og:image:type\" content=\"image\/jpeg\" \/>\n<meta name=\"twitter:card\" content=\"summary_large_image\" \/>\n<meta name=\"twitter:label1\" content=\"Est. reading time\" \/>\n\t<meta name=\"twitter:data1\" content=\"1 minute\" \/>\n<script type=\"application\/ld+json\" class=\"yoast-schema-graph\">{\"@context\":\"https:\\\/\\\/schema.org\",\"@graph\":[{\"@type\":\"WebPage\",\"@id\":\"https:\\\/\\\/ranoja.ee\\\/toode\\\/plastikust-maardepustol-itaalia-tuupi\\\/\",\"url\":\"https:\\\/\\\/ranoja.ee\\\/toode\\\/plastikust-maardepustol-itaalia-tuupi\\\/\",\"name\":\"Plastikust m\u00e4\u00e4rdep\u00fcstol Itaalia t\u00fc\u00fcpi\",\"isPartOf\":{\"@id\":\"https:\\\/\\\/ranoja.ee\\\/#website\"},\"primaryImageOfPage\":{\"@id\":\"https:\\\/\\\/ranoja.ee\\\/toode\\\/plastikust-maardepustol-itaalia-tuupi\\\/#primaryimage\"},\"image\":{\"@id\":\"https:\\\/\\\/ranoja.ee\\\/toode\\\/plastikust-maardepustol-itaalia-tuupi\\\/#primaryimage\"},\"thumbnailUrl\":\"https:\\\/\\\/ranoja.ee\\\/wp-content\\\/uploads\\\/2026\\\/02\\\/1108001.jpg\",\"datePublished\":\"2026-02-17T10:28:59+00:00\",\"dateModified\":\"2026-03-03T08:03:22+00:00\",\"description\":\"Plastikust m\u00e4\u00e4rdep\u00fcstol Itaalia t\u00fc\u00fcpi Tootekataloogi number 1108001. Paki pikkus 116 mm. Paki laius 28 mm. Paki k\u00f5rgus 38 mm. Kaal 0.030 kg.\",\"breadcrumb\":{\"@id\":\"https:\\\/\\\/ranoja.ee\\\/toode\\\/plastikust-maardepustol-itaalia-tuupi\\\/#breadcrumb\"},\"inLanguage\":\"en-US\",\"potentialAction\":[{\"@type\":\"ReadAction\",\"target\":[\"https:\\\/\\\/ranoja.ee\\\/toode\\\/plastikust-maardepustol-itaalia-tuupi\\\/\"]}]},{\"@type\":\"ImageObject\",\"inLanguage\":\"en-US\",\"@id\":\"https:\\\/\\\/ranoja.ee\\\/toode\\\/plastikust-maardepustol-itaalia-tuupi\\\/#primaryimage\",\"url\":\"https:\\\/\\\/ranoja.ee\\\/wp-content\\\/uploads\\\/2026\\\/02\\\/1108001.jpg\",\"contentUrl\":\"https:\\\/\\\/ranoja.ee\\\/wp-content\\\/uploads\\\/2026\\\/02\\\/1108001.jpg\",\"width\":800,\"height\":397},{\"@type\":\"BreadcrumbList\",\"@id\":\"https:\\\/\\\/ranoja.ee\\\/toode\\\/plastikust-maardepustol-itaalia-tuupi\\\/#breadcrumb\",\"itemListElement\":[{\"@type\":\"ListItem\",\"position\":1,\"name\":\"Home\",\"item\":\"https:\\\/\\\/ranoja.ee\\\/\"},{\"@type\":\"ListItem\",\"position\":2,\"name\":\"Shop\",\"item\":\"https:\\\/\\\/ranoja.ee\\\/en\\\/shop\\\/\"},{\"@type\":\"ListItem\",\"position\":3,\"name\":\"Plastikust m\u00e4\u00e4rdep\u00fcstol Itaalia t\u00fc\u00fcpi\"}]},{\"@type\":\"WebSite\",\"@id\":\"https:\\\/\\\/ranoja.ee\\\/#website\",\"url\":\"https:\\\/\\\/ranoja.ee\\\/\",\"name\":\"Ranoja\",\"description\":\"Equipment Shop WooCommerce WordPress Theme for Machine &amp; Tools\",\"publisher\":{\"@id\":\"https:\\\/\\\/ranoja.ee\\\/#organization\"},\"potentialAction\":[{\"@type\":\"SearchAction\",\"target\":{\"@type\":\"EntryPoint\",\"urlTemplate\":\"https:\\\/\\\/ranoja.ee\\\/?s={search_term_string}\"},\"query-input\":{\"@type\":\"PropertyValueSpecification\",\"valueRequired\":true,\"valueName\":\"search_term_string\"}}],\"inLanguage\":\"en-US\"},{\"@type\":\"Organization\",\"@id\":\"https:\\\/\\\/ranoja.ee\\\/#organization\",\"name\":\"Ranoja O\u00dc\",\"url\":\"https:\\\/\\\/ranoja.ee\\\/\",\"logo\":{\"@type\":\"ImageObject\",\"inLanguage\":\"en-US\",\"@id\":\"https:\\\/\\\/ranoja.ee\\\/#\\\/schema\\\/logo\\\/image\\\/\",\"url\":\"https:\\\/\\\/ranoja.ee\\\/wp-content\\\/uploads\\\/2023\\\/11\\\/ranoja-Logo.png\",\"contentUrl\":\"https:\\\/\\\/ranoja.ee\\\/wp-content\\\/uploads\\\/2023\\\/11\\\/ranoja-Logo.png\",\"width\":207,\"height\":58,\"caption\":\"Ranoja O\u00dc\"},\"image\":{\"@id\":\"https:\\\/\\\/ranoja.ee\\\/#\\\/schema\\\/logo\\\/image\\\/\"},\"sameAs\":[\"https:\\\/\\\/www.facebook.com\\\/ranoja.ee\",\"https:\\\/\\\/www.instagram.com\\\/ranoja__\\\/\"]}]}<\/script>\n<!-- \/ Yoast SEO plugin. -->","yoast_head_json":{"title":"Plastikust m\u00e4\u00e4rdep\u00fcstol Itaalia t\u00fc\u00fcpi","description":"Plastikust m\u00e4\u00e4rdep\u00fcstol Itaalia t\u00fc\u00fcpi Tootekataloogi number 1108001. Paki pikkus 116 mm. Paki laius 28 mm. Paki k\u00f5rgus 38 mm. Kaal 0.030 kg.","robots":{"index":"index","follow":"follow","max-snippet":"max-snippet:-1","max-image-preview":"max-image-preview:large","max-video-preview":"max-video-preview:-1"},"canonical":"https:\/\/ranoja.ee\/toode\/plastikust-maardepustol-itaalia-tuupi\/","og_locale":"en_US","og_type":"article","og_title":"Plastikust m\u00e4\u00e4rdep\u00fcstol Itaalia t\u00fc\u00fcpi","og_description":"Plastikust m\u00e4\u00e4rdep\u00fcstol Itaalia t\u00fc\u00fcpi Tootekataloogi number 1108001. Paki pikkus 116 mm. Paki laius 28 mm. Paki k\u00f5rgus 38 mm. Kaal 0.030 kg.","og_url":"https:\/\/ranoja.ee\/toode\/plastikust-maardepustol-itaalia-tuupi\/","og_site_name":"Ranoja","article_publisher":"https:\/\/www.facebook.com\/ranoja.ee","article_modified_time":"2026-03-03T08:03:22+00:00","og_image":[{"width":800,"height":397,"url":"https:\/\/ranoja.ee\/wp-content\/uploads\/2026\/02\/1108001.jpg","type":"image\/jpeg"}],"twitter_card":"summary_large_image","twitter_misc":{"Est. reading time":"1 minute"},"schema":{"@context":"https:\/\/schema.org","@graph":[{"@type":"WebPage","@id":"https:\/\/ranoja.ee\/toode\/plastikust-maardepustol-itaalia-tuupi\/","url":"https:\/\/ranoja.ee\/toode\/plastikust-maardepustol-itaalia-tuupi\/","name":"Plastikust m\u00e4\u00e4rdep\u00fcstol Itaalia t\u00fc\u00fcpi","isPartOf":{"@id":"https:\/\/ranoja.ee\/#website"},"primaryImageOfPage":{"@id":"https:\/\/ranoja.ee\/toode\/plastikust-maardepustol-itaalia-tuupi\/#primaryimage"},"image":{"@id":"https:\/\/ranoja.ee\/toode\/plastikust-maardepustol-itaalia-tuupi\/#primaryimage"},"thumbnailUrl":"https:\/\/ranoja.ee\/wp-content\/uploads\/2026\/02\/1108001.jpg","datePublished":"2026-02-17T10:28:59+00:00","dateModified":"2026-03-03T08:03:22+00:00","description":"Plastikust m\u00e4\u00e4rdep\u00fcstol Itaalia t\u00fc\u00fcpi Tootekataloogi number 1108001. Paki pikkus 116 mm. Paki laius 28 mm. Paki k\u00f5rgus 38 mm. Kaal 0.030 kg.","breadcrumb":{"@id":"https:\/\/ranoja.ee\/toode\/plastikust-maardepustol-itaalia-tuupi\/#breadcrumb"},"inLanguage":"en-US","potentialAction":[{"@type":"ReadAction","target":["https:\/\/ranoja.ee\/toode\/plastikust-maardepustol-itaalia-tuupi\/"]}]},{"@type":"ImageObject","inLanguage":"en-US","@id":"https:\/\/ranoja.ee\/toode\/plastikust-maardepustol-itaalia-tuupi\/#primaryimage","url":"https:\/\/ranoja.ee\/wp-content\/uploads\/2026\/02\/1108001.jpg","contentUrl":"https:\/\/ranoja.ee\/wp-content\/uploads\/2026\/02\/1108001.jpg","width":800,"height":397},{"@type":"BreadcrumbList","@id":"https:\/\/ranoja.ee\/toode\/plastikust-maardepustol-itaalia-tuupi\/#breadcrumb","itemListElement":[{"@type":"ListItem","position":1,"name":"Home","item":"https:\/\/ranoja.ee\/"},{"@type":"ListItem","position":2,"name":"Shop","item":"https:\/\/ranoja.ee\/en\/shop\/"},{"@type":"ListItem","position":3,"name":"Plastikust m\u00e4\u00e4rdep\u00fcstol Itaalia t\u00fc\u00fcpi"}]},{"@type":"WebSite","@id":"https:\/\/ranoja.ee\/#website","url":"https:\/\/ranoja.ee\/","name":"Ranoja","description":"Equipment Shop WooCommerce WordPress Theme for Machine &amp; Tools","publisher":{"@id":"https:\/\/ranoja.ee\/#organization"},"potentialAction":[{"@type":"SearchAction","target":{"@type":"EntryPoint","urlTemplate":"https:\/\/ranoja.ee\/?s={search_term_string}"},"query-input":{"@type":"PropertyValueSpecification","valueRequired":true,"valueName":"search_term_string"}}],"inLanguage":"en-US"},{"@type":"Organization","@id":"https:\/\/ranoja.ee\/#organization","name":"Ranoja O\u00dc","url":"https:\/\/ranoja.ee\/","logo":{"@type":"ImageObject","inLanguage":"en-US","@id":"https:\/\/ranoja.ee\/#\/schema\/logo\/image\/","url":"https:\/\/ranoja.ee\/wp-content\/uploads\/2023\/11\/ranoja-Logo.png","contentUrl":"https:\/\/ranoja.ee\/wp-content\/uploads\/2023\/11\/ranoja-Logo.png","width":207,"height":58,"caption":"Ranoja O\u00dc"},"image":{"@id":"https:\/\/ranoja.ee\/#\/schema\/logo\/image\/"},"sameAs":["https:\/\/www.facebook.com\/ranoja.ee","https:\/\/www.instagram.com\/ranoja__\/"]}]}},"_links":{"self":[{"href":"https:\/\/ranoja.ee\/en\/wp-json\/wp\/v2\/product\/40804","targetHints":{"allow":["GET"]}}],"collection":[{"href":"https:\/\/ranoja.ee\/en\/wp-json\/wp\/v2\/product"}],"about":[{"href":"https:\/\/ranoja.ee\/en\/wp-json\/wp\/v2\/types\/product"}],"wp:featuredmedia":[{"embeddable":true,"href":"https:\/\/ranoja.ee\/en\/wp-json\/wp\/v2\/media\/40805"}],"wp:attachment":[{"href":"https:\/\/ranoja.ee\/en\/wp-json\/wp\/v2\/media?parent=40804"}],"wp:term":[{"taxonomy":"product_cat","embeddable":true,"href":"https:\/\/ranoja.ee\/en\/wp-json\/wp\/v2\/product_cat?post=40804"},{"taxonomy":"product_tag","embeddable":true,"href":"https:\/\/ranoja.ee\/en\/wp-json\/wp\/v2\/product_tag?post=40804"}],"curies":[{"name":"wp","href":"https:\/\/api.w.org\/{rel}","templated":true}]}}