{"id":4026,"date":"2023-07-24T15:39:48","date_gmt":"2023-07-24T12:39:48","guid":{"rendered":"https:\/\/www.ranoja.ee\/?post_type=product&#038;p=4026"},"modified":"2025-12-10T13:15:58","modified_gmt":"2025-12-10T10:15:58","slug":"kivisaag-stm-350-800-kiviloikemasin","status":"publish","type":"product","link":"https:\/\/ranoja.ee\/en\/toode\/kivisaag-stm-350-800-kiviloikemasin\/","title":{"rendered":"Kivisaag STM 350-800 (kivil\u00f5ikemasin)"},"content":{"rendered":"<p>Kivisaag STM 350-800 (kivil\u00f5ikemasin)<br \/>\nLUMAG STM 350-800 kivil\u00f5ikusmasin on vastupidav ja t\u00f6\u00f6kindel t\u00f6\u00f6riist professionaalseks kasutamiseks aia- ja haljastust\u00f6\u00f6del. V\u00f5imsa 230-voldise mootori ja 350 mm pikkuse teemantl\u00f5ikekettaga saab h\u00f5lpsasti l\u00f5igata k\u00f5iki levinud kivi- ja plaadiformaate. Kivil\u00f5ikusmasinal on sujuvalt t\u00f6\u00f6tav rull-laud koos kummipadjaga, mis v\u00f5imaldab kive l\u00f5ikamise ajal h\u00f5lpsalt liigutada, samuti veevarustus l\u00f5ikeketta jahutamiseks ja tolmu summutamiseks. Kivil\u00f5ikamismasinat on t\u00e4nu eemaldatavatele jalgadele lihtne transportida ja sellel on ergonoomilise kujuga k\u00e4epidemed.<\/p>\n<p>Elektrimootoriga kivisaed on spetsiaalselt kavandatud seadmed, mis kasutavad elektrimootorit j\u00f5uallikana, et l\u00f5igata l\u00e4bi erinevaid kivimaterjale nagu graniit, marmor, lubjakivi jne. Need saed v\u00f5ivad olla m\u00f5eldud nii t\u00f6\u00f6stuslikuks kasutamiseks kui ka kodusteks v\u00f5i v\u00e4iksemateks t\u00f6\u00f6deks. Elektrimootoriga kivisae kasutamisel on mitmeid eeliseid:<\/p>\n<p>V\u00e4hem m\u00fcra: Elektrimootoriga kivisaed on tavaliselt vaiksemad v\u00f5rreldes sisep\u00f5lemismootoriga seadmetega. See on oluline eelis, eriti kui t\u00f6\u00f6tatakse siseruumides v\u00f5i tundlikes keskkondades.<br \/>\nParem kontroll: Elektrimootoriga kivisaed v\u00f5imaldavad sageli paremat kiiruse ja l\u00f5ikej\u00f5u kontrolli, mis v\u00f5ib viia t\u00e4psema ja sujuvama l\u00f5ikamistulemuseni.<br \/>\nLihtsam hooldus: Elektrimootoriga kivisael on tavaliselt lihtsam hooldada v\u00f5rreldes sisep\u00f5lemismootoriga seadmetega, kuna neil puuduvad keerulised mootoriosad ja v\u00e4hem liikuvaid osi.<br \/>\nKivisaag STM 350-800 (kivil\u00f5ikemasin)<\/p>\n<p>Peaaegu 20 aastat tagasi alustas LUMAG ettev\u00f5ttena LVG \u200b\u200bHartham GmbH.<br \/>\nEesm\u00e4rk oli pakkuda kvaliteetseid ja soodsa hinnaga ehitusmasinaid algajatele ja hobimeistritele.<br \/>\nPidev edasiarendus ja Saksa insenerid on teinud LUMAGist tuntud kaubam\u00e4rgi.<br \/>\nLUMAG teenindab n\u00fc\u00fcd ka professionaale ja ehitusettev\u00f5tteid, kes saavad kasu meie kvaliteetsetest masinatest ja seadmetest.<br \/>\nTervikteenust pakutakse t\u00e4nu t\u00fctarettev\u00f5tetele ja partneritele kogu Euroopas.<br \/>\n<img decoding=\"async\" src=\"https:\/\/www.ranoja.ee\/wp-content\/uploads\/2023\/07\/LUMAG_Germany_logo_black-300x105.png\" alt=\"\" width=\"300\" height=\"105\" class=\"alignnone size-medium wp-image-5899\" srcset=\"https:\/\/ranoja.ee\/wp-content\/uploads\/2023\/07\/LUMAG_Germany_logo_black-300x105.png 300w, https:\/\/ranoja.ee\/wp-content\/uploads\/2023\/07\/LUMAG_Germany_logo_black-768x270.png 768w, https:\/\/ranoja.ee\/wp-content\/uploads\/2023\/07\/LUMAG_Germany_logo_black-850x299.png 850w, https:\/\/ranoja.ee\/wp-content\/uploads\/2023\/07\/LUMAG_Germany_logo_black-800x281.png 800w, https:\/\/ranoja.ee\/wp-content\/uploads\/2023\/07\/LUMAG_Germany_logo_black.png 852w\" sizes=\"(max-width: 300px) 100vw, 300px\" \/><\/p>\n","protected":false},"excerpt":{"rendered":"<p>Kivisaag STM 350-800 (kivil\u00f5ikemasin)<br \/>\nToide 230 V \/ 50 Hz<br \/>\nV\u00f5imsus 2kw 2800 p\/m<br \/>\nT\u00f6\u00f6vool 8A, kaitseklass IP54<br \/>\nVesil\u00f5ikuse paak 37,8l<br \/>\nSeadme m\u00f5\u00f5dud: 1240 x 550 x 1190 mm<br \/>\nT\u00f6\u00f6laua suurus 530 x 430mm<br \/>\nL\u00f5ikeketas: Diamont cut \u00d8 350 x 30 mm<br \/>\nL\u00f5ikes\u00fcgavus max 120mm, pikkus 800mm<br \/>\nL\u00f5ikenurk 0 \u2013 45\u00b0<br \/>\nKaal ca 92kg<br \/>\nGarantii 1 aasta (eraisikule 2 aastat)<br \/>\n<strong>Seadme eeldatav tarneaeg 2-3 n\u00e4dalat<\/strong><\/p>\n[embed]https:\/\/youtu.be\/wgsxo0mK5ro[\/embed]\n","protected":false},"featured_media":4027,"template":"","meta":{"inline_featured_image":false},"product_cat":[1090,1133],"product_tag":[453,452,451,134,842,454],"class_list":{"0":"post-4026","1":"product","2":"type-product","3":"status-publish","4":"has-post-thumbnail","6":"product_brand-lumag","7":"product_cat-ehitustehnika","8":"product_cat-kiviloikemasinad","9":"product_tag-kiviloikemasin","10":"product_tag-kivisaag","11":"product_tag-kivisaag-stm350800","12":"product_tag-lumag","13":"product_tag-stm-350-800","14":"product_tag-stm350800","16":"first","17":"instock","18":"taxable","19":"shipping-taxable","20":"purchasable","21":"product-type-simple"},"yoast_head":"<!-- This site is optimized with the Yoast SEO plugin v27.4 - https:\/\/yoast.com\/product\/yoast-seo-wordpress\/ -->\n<title>Kivisaag STM 350-800 (kivil\u00f5ikemasin)<\/title>\n<meta name=\"description\" content=\"Kivisaag STM 350-800 (kivil\u00f5ikemasin) (kivil\u00f5ikemasin)Toide 230 V \/ 50 HzV\u00f5imsus 2kw 2800 p\/mT\u00f6\u00f6vool 8A, kaitseklass IP54 kivisaag-stm350800 betoonisaag\" \/>\n<meta name=\"robots\" content=\"index, follow, max-snippet:-1, max-image-preview:large, max-video-preview:-1\" \/>\n<link rel=\"canonical\" href=\"https:\/\/ranoja.ee\/toode\/kivisaag-stm-350-800-kiviloikemasin\/\" \/>\n<meta property=\"og:locale\" content=\"en_US\" \/>\n<meta property=\"og:type\" content=\"article\" \/>\n<meta property=\"og:title\" content=\"Kivisaag STM 350-800 (kivil\u00f5ikemasin)\" \/>\n<meta property=\"og:description\" content=\"Kivisaag STM 350-800 (kivil\u00f5ikemasin) (kivil\u00f5ikemasin)Toide 230 V \/ 50 HzV\u00f5imsus 2kw 2800 p\/mT\u00f6\u00f6vool 8A, kaitseklass IP54 kivisaag-stm350800 betoonisaag\" \/>\n<meta property=\"og:url\" content=\"https:\/\/ranoja.ee\/toode\/kivisaag-stm-350-800-kiviloikemasin\/\" \/>\n<meta property=\"og:site_name\" content=\"Ranoja\" \/>\n<meta property=\"article:publisher\" content=\"https:\/\/www.facebook.com\/ranoja.ee\" \/>\n<meta property=\"article:modified_time\" content=\"2025-12-10T10:15:58+00:00\" \/>\n<meta property=\"og:image\" content=\"https:\/\/ranoja.ee\/wp-content\/uploads\/2023\/07\/Kivisaag-STM350800-2.jpg\" \/>\n\t<meta property=\"og:image:width\" content=\"1600\" \/>\n\t<meta property=\"og:image:height\" content=\"1067\" \/>\n\t<meta property=\"og:image:type\" content=\"image\/jpeg\" \/>\n<meta name=\"twitter:card\" content=\"summary_large_image\" \/>\n<meta name=\"twitter:label1\" content=\"Est. reading time\" \/>\n\t<meta name=\"twitter:data1\" content=\"2 minutes\" \/>\n<script type=\"application\/ld+json\" class=\"yoast-schema-graph\">{\"@context\":\"https:\\\/\\\/schema.org\",\"@graph\":[{\"@type\":\"WebPage\",\"@id\":\"https:\\\/\\\/ranoja.ee\\\/toode\\\/kivisaag-stm-350-800-kiviloikemasin\\\/\",\"url\":\"https:\\\/\\\/ranoja.ee\\\/toode\\\/kivisaag-stm-350-800-kiviloikemasin\\\/\",\"name\":\"Kivisaag STM 350-800 (kivil\u00f5ikemasin)\",\"isPartOf\":{\"@id\":\"https:\\\/\\\/ranoja.ee\\\/#website\"},\"primaryImageOfPage\":{\"@id\":\"https:\\\/\\\/ranoja.ee\\\/toode\\\/kivisaag-stm-350-800-kiviloikemasin\\\/#primaryimage\"},\"image\":{\"@id\":\"https:\\\/\\\/ranoja.ee\\\/toode\\\/kivisaag-stm-350-800-kiviloikemasin\\\/#primaryimage\"},\"thumbnailUrl\":\"https:\\\/\\\/ranoja.ee\\\/wp-content\\\/uploads\\\/2023\\\/07\\\/Kivisaag-STM350800-2.jpg\",\"datePublished\":\"2023-07-24T12:39:48+00:00\",\"dateModified\":\"2025-12-10T10:15:58+00:00\",\"description\":\"Kivisaag STM 350-800 (kivil\u00f5ikemasin) (kivil\u00f5ikemasin)Toide 230 V \\\/ 50 HzV\u00f5imsus 2kw 2800 p\\\/mT\u00f6\u00f6vool 8A, kaitseklass IP54 kivisaag-stm350800 betoonisaag\",\"breadcrumb\":{\"@id\":\"https:\\\/\\\/ranoja.ee\\\/toode\\\/kivisaag-stm-350-800-kiviloikemasin\\\/#breadcrumb\"},\"inLanguage\":\"en-US\",\"potentialAction\":[{\"@type\":\"ReadAction\",\"target\":[\"https:\\\/\\\/ranoja.ee\\\/toode\\\/kivisaag-stm-350-800-kiviloikemasin\\\/\"]}]},{\"@type\":\"ImageObject\",\"inLanguage\":\"en-US\",\"@id\":\"https:\\\/\\\/ranoja.ee\\\/toode\\\/kivisaag-stm-350-800-kiviloikemasin\\\/#primaryimage\",\"url\":\"https:\\\/\\\/ranoja.ee\\\/wp-content\\\/uploads\\\/2023\\\/07\\\/Kivisaag-STM350800-2.jpg\",\"contentUrl\":\"https:\\\/\\\/ranoja.ee\\\/wp-content\\\/uploads\\\/2023\\\/07\\\/Kivisaag-STM350800-2.jpg\",\"width\":1600,\"height\":1067,\"caption\":\"Kivisaag STM 350-800 (kivil\u00f5ikemasin) beoonisaag kivisaag\"},{\"@type\":\"BreadcrumbList\",\"@id\":\"https:\\\/\\\/ranoja.ee\\\/toode\\\/kivisaag-stm-350-800-kiviloikemasin\\\/#breadcrumb\",\"itemListElement\":[{\"@type\":\"ListItem\",\"position\":1,\"name\":\"Home\",\"item\":\"https:\\\/\\\/ranoja.ee\\\/\"},{\"@type\":\"ListItem\",\"position\":2,\"name\":\"Shop\",\"item\":\"https:\\\/\\\/ranoja.ee\\\/en\\\/shop\\\/\"},{\"@type\":\"ListItem\",\"position\":3,\"name\":\"Kivisaag STM 350-800 (kivil\u00f5ikemasin)\"}]},{\"@type\":\"WebSite\",\"@id\":\"https:\\\/\\\/ranoja.ee\\\/#website\",\"url\":\"https:\\\/\\\/ranoja.ee\\\/\",\"name\":\"Ranoja\",\"description\":\"Equipment Shop WooCommerce WordPress Theme for Machine &amp; Tools\",\"publisher\":{\"@id\":\"https:\\\/\\\/ranoja.ee\\\/#organization\"},\"potentialAction\":[{\"@type\":\"SearchAction\",\"target\":{\"@type\":\"EntryPoint\",\"urlTemplate\":\"https:\\\/\\\/ranoja.ee\\\/?s={search_term_string}\"},\"query-input\":{\"@type\":\"PropertyValueSpecification\",\"valueRequired\":true,\"valueName\":\"search_term_string\"}}],\"inLanguage\":\"en-US\"},{\"@type\":\"Organization\",\"@id\":\"https:\\\/\\\/ranoja.ee\\\/#organization\",\"name\":\"Ranoja O\u00dc\",\"url\":\"https:\\\/\\\/ranoja.ee\\\/\",\"logo\":{\"@type\":\"ImageObject\",\"inLanguage\":\"en-US\",\"@id\":\"https:\\\/\\\/ranoja.ee\\\/#\\\/schema\\\/logo\\\/image\\\/\",\"url\":\"https:\\\/\\\/ranoja.ee\\\/wp-content\\\/uploads\\\/2023\\\/11\\\/ranoja-Logo.png\",\"contentUrl\":\"https:\\\/\\\/ranoja.ee\\\/wp-content\\\/uploads\\\/2023\\\/11\\\/ranoja-Logo.png\",\"width\":207,\"height\":58,\"caption\":\"Ranoja O\u00dc\"},\"image\":{\"@id\":\"https:\\\/\\\/ranoja.ee\\\/#\\\/schema\\\/logo\\\/image\\\/\"},\"sameAs\":[\"https:\\\/\\\/www.facebook.com\\\/ranoja.ee\",\"https:\\\/\\\/www.instagram.com\\\/ranoja__\\\/\"]}]}<\/script>\n<!-- \/ Yoast SEO plugin. -->","yoast_head_json":{"title":"Kivisaag STM 350-800 (kivil\u00f5ikemasin)","description":"Kivisaag STM 350-800 (kivil\u00f5ikemasin) (kivil\u00f5ikemasin)Toide 230 V \/ 50 HzV\u00f5imsus 2kw 2800 p\/mT\u00f6\u00f6vool 8A, kaitseklass IP54 kivisaag-stm350800 betoonisaag","robots":{"index":"index","follow":"follow","max-snippet":"max-snippet:-1","max-image-preview":"max-image-preview:large","max-video-preview":"max-video-preview:-1"},"canonical":"https:\/\/ranoja.ee\/toode\/kivisaag-stm-350-800-kiviloikemasin\/","og_locale":"en_US","og_type":"article","og_title":"Kivisaag STM 350-800 (kivil\u00f5ikemasin)","og_description":"Kivisaag STM 350-800 (kivil\u00f5ikemasin) (kivil\u00f5ikemasin)Toide 230 V \/ 50 HzV\u00f5imsus 2kw 2800 p\/mT\u00f6\u00f6vool 8A, kaitseklass IP54 kivisaag-stm350800 betoonisaag","og_url":"https:\/\/ranoja.ee\/toode\/kivisaag-stm-350-800-kiviloikemasin\/","og_site_name":"Ranoja","article_publisher":"https:\/\/www.facebook.com\/ranoja.ee","article_modified_time":"2025-12-10T10:15:58+00:00","og_image":[{"width":1600,"height":1067,"url":"https:\/\/ranoja.ee\/wp-content\/uploads\/2023\/07\/Kivisaag-STM350800-2.jpg","type":"image\/jpeg"}],"twitter_card":"summary_large_image","twitter_misc":{"Est. reading time":"2 minutes"},"schema":{"@context":"https:\/\/schema.org","@graph":[{"@type":"WebPage","@id":"https:\/\/ranoja.ee\/toode\/kivisaag-stm-350-800-kiviloikemasin\/","url":"https:\/\/ranoja.ee\/toode\/kivisaag-stm-350-800-kiviloikemasin\/","name":"Kivisaag STM 350-800 (kivil\u00f5ikemasin)","isPartOf":{"@id":"https:\/\/ranoja.ee\/#website"},"primaryImageOfPage":{"@id":"https:\/\/ranoja.ee\/toode\/kivisaag-stm-350-800-kiviloikemasin\/#primaryimage"},"image":{"@id":"https:\/\/ranoja.ee\/toode\/kivisaag-stm-350-800-kiviloikemasin\/#primaryimage"},"thumbnailUrl":"https:\/\/ranoja.ee\/wp-content\/uploads\/2023\/07\/Kivisaag-STM350800-2.jpg","datePublished":"2023-07-24T12:39:48+00:00","dateModified":"2025-12-10T10:15:58+00:00","description":"Kivisaag STM 350-800 (kivil\u00f5ikemasin) (kivil\u00f5ikemasin)Toide 230 V \/ 50 HzV\u00f5imsus 2kw 2800 p\/mT\u00f6\u00f6vool 8A, kaitseklass IP54 kivisaag-stm350800 betoonisaag","breadcrumb":{"@id":"https:\/\/ranoja.ee\/toode\/kivisaag-stm-350-800-kiviloikemasin\/#breadcrumb"},"inLanguage":"en-US","potentialAction":[{"@type":"ReadAction","target":["https:\/\/ranoja.ee\/toode\/kivisaag-stm-350-800-kiviloikemasin\/"]}]},{"@type":"ImageObject","inLanguage":"en-US","@id":"https:\/\/ranoja.ee\/toode\/kivisaag-stm-350-800-kiviloikemasin\/#primaryimage","url":"https:\/\/ranoja.ee\/wp-content\/uploads\/2023\/07\/Kivisaag-STM350800-2.jpg","contentUrl":"https:\/\/ranoja.ee\/wp-content\/uploads\/2023\/07\/Kivisaag-STM350800-2.jpg","width":1600,"height":1067,"caption":"Kivisaag STM 350-800 (kivil\u00f5ikemasin) beoonisaag kivisaag"},{"@type":"BreadcrumbList","@id":"https:\/\/ranoja.ee\/toode\/kivisaag-stm-350-800-kiviloikemasin\/#breadcrumb","itemListElement":[{"@type":"ListItem","position":1,"name":"Home","item":"https:\/\/ranoja.ee\/"},{"@type":"ListItem","position":2,"name":"Shop","item":"https:\/\/ranoja.ee\/en\/shop\/"},{"@type":"ListItem","position":3,"name":"Kivisaag STM 350-800 (kivil\u00f5ikemasin)"}]},{"@type":"WebSite","@id":"https:\/\/ranoja.ee\/#website","url":"https:\/\/ranoja.ee\/","name":"Ranoja","description":"Equipment Shop WooCommerce WordPress Theme for Machine &amp; Tools","publisher":{"@id":"https:\/\/ranoja.ee\/#organization"},"potentialAction":[{"@type":"SearchAction","target":{"@type":"EntryPoint","urlTemplate":"https:\/\/ranoja.ee\/?s={search_term_string}"},"query-input":{"@type":"PropertyValueSpecification","valueRequired":true,"valueName":"search_term_string"}}],"inLanguage":"en-US"},{"@type":"Organization","@id":"https:\/\/ranoja.ee\/#organization","name":"Ranoja O\u00dc","url":"https:\/\/ranoja.ee\/","logo":{"@type":"ImageObject","inLanguage":"en-US","@id":"https:\/\/ranoja.ee\/#\/schema\/logo\/image\/","url":"https:\/\/ranoja.ee\/wp-content\/uploads\/2023\/11\/ranoja-Logo.png","contentUrl":"https:\/\/ranoja.ee\/wp-content\/uploads\/2023\/11\/ranoja-Logo.png","width":207,"height":58,"caption":"Ranoja O\u00dc"},"image":{"@id":"https:\/\/ranoja.ee\/#\/schema\/logo\/image\/"},"sameAs":["https:\/\/www.facebook.com\/ranoja.ee","https:\/\/www.instagram.com\/ranoja__\/"]}]}},"_links":{"self":[{"href":"https:\/\/ranoja.ee\/en\/wp-json\/wp\/v2\/product\/4026","targetHints":{"allow":["GET"]}}],"collection":[{"href":"https:\/\/ranoja.ee\/en\/wp-json\/wp\/v2\/product"}],"about":[{"href":"https:\/\/ranoja.ee\/en\/wp-json\/wp\/v2\/types\/product"}],"wp:featuredmedia":[{"embeddable":true,"href":"https:\/\/ranoja.ee\/en\/wp-json\/wp\/v2\/media\/4027"}],"wp:attachment":[{"href":"https:\/\/ranoja.ee\/en\/wp-json\/wp\/v2\/media?parent=4026"}],"wp:term":[{"taxonomy":"product_cat","embeddable":true,"href":"https:\/\/ranoja.ee\/en\/wp-json\/wp\/v2\/product_cat?post=4026"},{"taxonomy":"product_tag","embeddable":true,"href":"https:\/\/ranoja.ee\/en\/wp-json\/wp\/v2\/product_tag?post=4026"}],"curies":[{"name":"wp","href":"https:\/\/api.w.org\/{rel}","templated":true}]}}