{"id":40244,"date":"2026-02-12T19:06:32","date_gmt":"2026-02-12T16:06:32","guid":{"rendered":"https:\/\/ranoja.ee\/toode\/teraskettasae-ketimurdja-lookriist\/"},"modified":"2026-02-12T19:06:32","modified_gmt":"2026-02-12T16:06:32","slug":"teraskettasae-ketimurdja-lookriist","status":"publish","type":"product","link":"https:\/\/ranoja.ee\/en\/toode\/teraskettasae-ketimurdja-lookriist\/","title":{"rendered":"Teraskettasae ketimurdja l\u00f6\u00f6kriist"},"content":{"rendered":"<p>Teraskettasae ketimurdja l\u00f6\u00f6kriist<\/p>\n","protected":false},"excerpt":{"rendered":"<table class=\"cedrus-specs\">\n<tbody>\n<tr>\n<td>Katalooginumber<\/td>\n<td>1020033E<\/td>\n<\/tr>\n<tr>\n<td>EAN<\/td>\n<td>5906434025556<\/td>\n<\/tr>\n<tr>\n<td>Paki pikkus<\/td>\n<td>37<\/td>\n<\/tr>\n<tr>\n<td>Paki laius<\/td>\n<td>17<\/td>\n<\/tr>\n<tr>\n<td>Paki k\u00f5rgus<\/td>\n<td>14<\/td>\n<\/tr>\n<tr>\n<td>Kaal<\/td>\n<td>0.020 Kg<\/td>\n<\/tr>\n<\/tbody>\n<\/table>\n","protected":false},"featured_media":40245,"template":"","meta":{"inline_featured_image":false},"product_cat":[3052],"product_tag":[],"class_list":{"0":"post-40244","1":"product","2":"type-product","3":"status-publish","4":"has-post-thumbnail","6":"product_cat-cedrus-tooted","8":"first","9":"outofstock","10":"taxable","11":"shipping-taxable","12":"purchasable","13":"product-type-simple"},"yoast_head":"<!-- This site is optimized with the Yoast SEO plugin v27.4 - https:\/\/yoast.com\/product\/yoast-seo-wordpress\/ -->\n<title>Teraskettasae ketimurdja l\u00f6\u00f6kriist - Ranoja<\/title>\n<meta name=\"description\" content=\"Teraskettasae ketimurdja l\u00f6\u00f6kriist \u2013 Katalooginumber1020033EEAN5906434025556Paki pikkus37Paki laius17Paki k\u00f5rgus14Kaal0.020 Kg\" \/>\n<meta name=\"robots\" content=\"index, follow, max-snippet:-1, max-image-preview:large, max-video-preview:-1\" \/>\n<link rel=\"canonical\" href=\"https:\/\/ranoja.ee\/toode\/teraskettasae-ketimurdja-lookriist\/\" \/>\n<meta property=\"og:locale\" content=\"en_US\" \/>\n<meta property=\"og:type\" content=\"article\" \/>\n<meta property=\"og:title\" content=\"Teraskettasae ketimurdja l\u00f6\u00f6kriist - Ranoja\" \/>\n<meta property=\"og:description\" content=\"Teraskettasae ketimurdja l\u00f6\u00f6kriist \u2013 Katalooginumber1020033EEAN5906434025556Paki pikkus37Paki laius17Paki k\u00f5rgus14Kaal0.020 Kg\" \/>\n<meta property=\"og:url\" content=\"https:\/\/ranoja.ee\/toode\/teraskettasae-ketimurdja-lookriist\/\" \/>\n<meta property=\"og:site_name\" content=\"Ranoja\" \/>\n<meta property=\"article:publisher\" content=\"https:\/\/www.facebook.com\/ranoja.ee\" \/>\n<meta property=\"og:image\" content=\"https:\/\/ranoja.ee\/wp-content\/uploads\/2026\/02\/2923_0f58d3e4d696b7090450720a674da318.jpg\" \/>\n\t<meta property=\"og:image:width\" content=\"400\" \/>\n\t<meta property=\"og:image:height\" content=\"270\" \/>\n\t<meta property=\"og:image:type\" content=\"image\/jpeg\" \/>\n<meta name=\"twitter:card\" content=\"summary_large_image\" \/>\n<script type=\"application\/ld+json\" class=\"yoast-schema-graph\">{\"@context\":\"https:\\\/\\\/schema.org\",\"@graph\":[{\"@type\":\"WebPage\",\"@id\":\"https:\\\/\\\/ranoja.ee\\\/toode\\\/teraskettasae-ketimurdja-lookriist\\\/\",\"url\":\"https:\\\/\\\/ranoja.ee\\\/toode\\\/teraskettasae-ketimurdja-lookriist\\\/\",\"name\":\"Teraskettasae ketimurdja l\u00f6\u00f6kriist - Ranoja\",\"isPartOf\":{\"@id\":\"https:\\\/\\\/ranoja.ee\\\/#website\"},\"primaryImageOfPage\":{\"@id\":\"https:\\\/\\\/ranoja.ee\\\/toode\\\/teraskettasae-ketimurdja-lookriist\\\/#primaryimage\"},\"image\":{\"@id\":\"https:\\\/\\\/ranoja.ee\\\/toode\\\/teraskettasae-ketimurdja-lookriist\\\/#primaryimage\"},\"thumbnailUrl\":\"https:\\\/\\\/ranoja.ee\\\/wp-content\\\/uploads\\\/2026\\\/02\\\/2923_0f58d3e4d696b7090450720a674da318.jpg\",\"datePublished\":\"2026-02-12T16:06:32+00:00\",\"description\":\"Teraskettasae ketimurdja l\u00f6\u00f6kriist \u2013 Katalooginumber1020033EEAN5906434025556Paki pikkus37Paki laius17Paki k\u00f5rgus14Kaal0.020 Kg\",\"breadcrumb\":{\"@id\":\"https:\\\/\\\/ranoja.ee\\\/toode\\\/teraskettasae-ketimurdja-lookriist\\\/#breadcrumb\"},\"inLanguage\":\"en-US\",\"potentialAction\":[{\"@type\":\"ReadAction\",\"target\":[\"https:\\\/\\\/ranoja.ee\\\/toode\\\/teraskettasae-ketimurdja-lookriist\\\/\"]}]},{\"@type\":\"ImageObject\",\"inLanguage\":\"en-US\",\"@id\":\"https:\\\/\\\/ranoja.ee\\\/toode\\\/teraskettasae-ketimurdja-lookriist\\\/#primaryimage\",\"url\":\"https:\\\/\\\/ranoja.ee\\\/wp-content\\\/uploads\\\/2026\\\/02\\\/2923_0f58d3e4d696b7090450720a674da318.jpg\",\"contentUrl\":\"https:\\\/\\\/ranoja.ee\\\/wp-content\\\/uploads\\\/2026\\\/02\\\/2923_0f58d3e4d696b7090450720a674da318.jpg\",\"width\":400,\"height\":270},{\"@type\":\"BreadcrumbList\",\"@id\":\"https:\\\/\\\/ranoja.ee\\\/toode\\\/teraskettasae-ketimurdja-lookriist\\\/#breadcrumb\",\"itemListElement\":[{\"@type\":\"ListItem\",\"position\":1,\"name\":\"Home\",\"item\":\"https:\\\/\\\/ranoja.ee\\\/\"},{\"@type\":\"ListItem\",\"position\":2,\"name\":\"Shop\",\"item\":\"https:\\\/\\\/ranoja.ee\\\/en\\\/shop\\\/\"},{\"@type\":\"ListItem\",\"position\":3,\"name\":\"Teraskettasae ketimurdja l\u00f6\u00f6kriist\"}]},{\"@type\":\"WebSite\",\"@id\":\"https:\\\/\\\/ranoja.ee\\\/#website\",\"url\":\"https:\\\/\\\/ranoja.ee\\\/\",\"name\":\"Ranoja\",\"description\":\"Equipment Shop WooCommerce WordPress Theme for Machine &amp; Tools\",\"publisher\":{\"@id\":\"https:\\\/\\\/ranoja.ee\\\/#organization\"},\"potentialAction\":[{\"@type\":\"SearchAction\",\"target\":{\"@type\":\"EntryPoint\",\"urlTemplate\":\"https:\\\/\\\/ranoja.ee\\\/?s={search_term_string}\"},\"query-input\":{\"@type\":\"PropertyValueSpecification\",\"valueRequired\":true,\"valueName\":\"search_term_string\"}}],\"inLanguage\":\"en-US\"},{\"@type\":\"Organization\",\"@id\":\"https:\\\/\\\/ranoja.ee\\\/#organization\",\"name\":\"Ranoja O\u00dc\",\"url\":\"https:\\\/\\\/ranoja.ee\\\/\",\"logo\":{\"@type\":\"ImageObject\",\"inLanguage\":\"en-US\",\"@id\":\"https:\\\/\\\/ranoja.ee\\\/#\\\/schema\\\/logo\\\/image\\\/\",\"url\":\"https:\\\/\\\/ranoja.ee\\\/wp-content\\\/uploads\\\/2023\\\/11\\\/ranoja-Logo.png\",\"contentUrl\":\"https:\\\/\\\/ranoja.ee\\\/wp-content\\\/uploads\\\/2023\\\/11\\\/ranoja-Logo.png\",\"width\":207,\"height\":58,\"caption\":\"Ranoja O\u00dc\"},\"image\":{\"@id\":\"https:\\\/\\\/ranoja.ee\\\/#\\\/schema\\\/logo\\\/image\\\/\"},\"sameAs\":[\"https:\\\/\\\/www.facebook.com\\\/ranoja.ee\",\"https:\\\/\\\/www.instagram.com\\\/ranoja__\\\/\"]}]}<\/script>\n<!-- \/ Yoast SEO plugin. -->","yoast_head_json":{"title":"Teraskettasae ketimurdja l\u00f6\u00f6kriist - Ranoja","description":"Teraskettasae ketimurdja l\u00f6\u00f6kriist \u2013 Katalooginumber1020033EEAN5906434025556Paki pikkus37Paki laius17Paki k\u00f5rgus14Kaal0.020 Kg","robots":{"index":"index","follow":"follow","max-snippet":"max-snippet:-1","max-image-preview":"max-image-preview:large","max-video-preview":"max-video-preview:-1"},"canonical":"https:\/\/ranoja.ee\/toode\/teraskettasae-ketimurdja-lookriist\/","og_locale":"en_US","og_type":"article","og_title":"Teraskettasae ketimurdja l\u00f6\u00f6kriist - Ranoja","og_description":"Teraskettasae ketimurdja l\u00f6\u00f6kriist \u2013 Katalooginumber1020033EEAN5906434025556Paki pikkus37Paki laius17Paki k\u00f5rgus14Kaal0.020 Kg","og_url":"https:\/\/ranoja.ee\/toode\/teraskettasae-ketimurdja-lookriist\/","og_site_name":"Ranoja","article_publisher":"https:\/\/www.facebook.com\/ranoja.ee","og_image":[{"width":400,"height":270,"url":"https:\/\/ranoja.ee\/wp-content\/uploads\/2026\/02\/2923_0f58d3e4d696b7090450720a674da318.jpg","type":"image\/jpeg"}],"twitter_card":"summary_large_image","schema":{"@context":"https:\/\/schema.org","@graph":[{"@type":"WebPage","@id":"https:\/\/ranoja.ee\/toode\/teraskettasae-ketimurdja-lookriist\/","url":"https:\/\/ranoja.ee\/toode\/teraskettasae-ketimurdja-lookriist\/","name":"Teraskettasae ketimurdja l\u00f6\u00f6kriist - Ranoja","isPartOf":{"@id":"https:\/\/ranoja.ee\/#website"},"primaryImageOfPage":{"@id":"https:\/\/ranoja.ee\/toode\/teraskettasae-ketimurdja-lookriist\/#primaryimage"},"image":{"@id":"https:\/\/ranoja.ee\/toode\/teraskettasae-ketimurdja-lookriist\/#primaryimage"},"thumbnailUrl":"https:\/\/ranoja.ee\/wp-content\/uploads\/2026\/02\/2923_0f58d3e4d696b7090450720a674da318.jpg","datePublished":"2026-02-12T16:06:32+00:00","description":"Teraskettasae ketimurdja l\u00f6\u00f6kriist \u2013 Katalooginumber1020033EEAN5906434025556Paki pikkus37Paki laius17Paki k\u00f5rgus14Kaal0.020 Kg","breadcrumb":{"@id":"https:\/\/ranoja.ee\/toode\/teraskettasae-ketimurdja-lookriist\/#breadcrumb"},"inLanguage":"en-US","potentialAction":[{"@type":"ReadAction","target":["https:\/\/ranoja.ee\/toode\/teraskettasae-ketimurdja-lookriist\/"]}]},{"@type":"ImageObject","inLanguage":"en-US","@id":"https:\/\/ranoja.ee\/toode\/teraskettasae-ketimurdja-lookriist\/#primaryimage","url":"https:\/\/ranoja.ee\/wp-content\/uploads\/2026\/02\/2923_0f58d3e4d696b7090450720a674da318.jpg","contentUrl":"https:\/\/ranoja.ee\/wp-content\/uploads\/2026\/02\/2923_0f58d3e4d696b7090450720a674da318.jpg","width":400,"height":270},{"@type":"BreadcrumbList","@id":"https:\/\/ranoja.ee\/toode\/teraskettasae-ketimurdja-lookriist\/#breadcrumb","itemListElement":[{"@type":"ListItem","position":1,"name":"Home","item":"https:\/\/ranoja.ee\/"},{"@type":"ListItem","position":2,"name":"Shop","item":"https:\/\/ranoja.ee\/en\/shop\/"},{"@type":"ListItem","position":3,"name":"Teraskettasae ketimurdja l\u00f6\u00f6kriist"}]},{"@type":"WebSite","@id":"https:\/\/ranoja.ee\/#website","url":"https:\/\/ranoja.ee\/","name":"Ranoja","description":"Equipment Shop WooCommerce WordPress Theme for Machine &amp; Tools","publisher":{"@id":"https:\/\/ranoja.ee\/#organization"},"potentialAction":[{"@type":"SearchAction","target":{"@type":"EntryPoint","urlTemplate":"https:\/\/ranoja.ee\/?s={search_term_string}"},"query-input":{"@type":"PropertyValueSpecification","valueRequired":true,"valueName":"search_term_string"}}],"inLanguage":"en-US"},{"@type":"Organization","@id":"https:\/\/ranoja.ee\/#organization","name":"Ranoja O\u00dc","url":"https:\/\/ranoja.ee\/","logo":{"@type":"ImageObject","inLanguage":"en-US","@id":"https:\/\/ranoja.ee\/#\/schema\/logo\/image\/","url":"https:\/\/ranoja.ee\/wp-content\/uploads\/2023\/11\/ranoja-Logo.png","contentUrl":"https:\/\/ranoja.ee\/wp-content\/uploads\/2023\/11\/ranoja-Logo.png","width":207,"height":58,"caption":"Ranoja O\u00dc"},"image":{"@id":"https:\/\/ranoja.ee\/#\/schema\/logo\/image\/"},"sameAs":["https:\/\/www.facebook.com\/ranoja.ee","https:\/\/www.instagram.com\/ranoja__\/"]}]}},"_links":{"self":[{"href":"https:\/\/ranoja.ee\/en\/wp-json\/wp\/v2\/product\/40244","targetHints":{"allow":["GET"]}}],"collection":[{"href":"https:\/\/ranoja.ee\/en\/wp-json\/wp\/v2\/product"}],"about":[{"href":"https:\/\/ranoja.ee\/en\/wp-json\/wp\/v2\/types\/product"}],"wp:featuredmedia":[{"embeddable":true,"href":"https:\/\/ranoja.ee\/en\/wp-json\/wp\/v2\/media\/40245"}],"wp:attachment":[{"href":"https:\/\/ranoja.ee\/en\/wp-json\/wp\/v2\/media?parent=40244"}],"wp:term":[{"taxonomy":"product_cat","embeddable":true,"href":"https:\/\/ranoja.ee\/en\/wp-json\/wp\/v2\/product_cat?post=40244"},{"taxonomy":"product_tag","embeddable":true,"href":"https:\/\/ranoja.ee\/en\/wp-json\/wp\/v2\/product_tag?post=40244"}],"curies":[{"name":"wp","href":"https:\/\/api.w.org\/{rel}","templated":true}]}}