{"id":4019,"date":"2023-07-24T15:35:37","date_gmt":"2023-07-24T12:35:37","guid":{"rendered":"https:\/\/www.ranoja.ee\/?post_type=product&#038;p=4019"},"modified":"2026-02-06T14:59:52","modified_gmt":"2026-02-06T11:59:52","slug":"lumag-tanavakivide-giljotiin-lst-33-14","status":"publish","type":"product","link":"https:\/\/ranoja.ee\/en\/toode\/lumag-tanavakivide-giljotiin-lst-33-14\/","title":{"rendered":"Lumag t\u00e4navakivide giljotiin LST 33\/14"},"content":{"rendered":"<p>Lumag t\u00e4navakivide giljotiin LST 33\/14<\/p>\n<p>Manuaalne kivide ja telliste l\u00f5ikamise t\u00f6\u00f6riist, mida kasutatakse peamiselt t\u00e4navakivide, betoonplaatide, \u00e4\u00e4rikivide ja muude sarnaste materjalide spaltimiseks v\u00f5i l\u00f5ikamiseks. See seade on disainitud nii professionaalseks kasutamiseks ehitust\u00f6\u00f6del kui ka DIY-projektideks, kus on vaja t\u00e4pseid ja puhtaid l\u00f5ikeid ilma elektri- v\u00f5i bensiinimootorita.<\/p>\n<p>Konstruktsioon p\u00f5hineb robustsel teraskarkassil ja mehaanilisel l\u00f5ikes\u00fcsteemil, kus kaks vastasm\u00f5jus olevat l\u00f5iketera tagavad t\u00e4pse ja sirge l\u00f5ike l\u00e4bi k\u00f5vema materjali. V\u00e4hendades pragunemist v\u00f5i killustumist, mis v\u00f5ib tekkida l\u00f5ikekettaga saagimisel. Seade on varustatud vahetatavate l\u00f5iketeradega, millel on mitu t\u00f6\u00f6pinda. Kui \u00fcks tera kulub, saab selle p\u00f6\u00f6rata v\u00f5i asendada, pikendades t\u00f6\u00f6riista kasutusiga.<\/p>\n<p>L\u00f5ikuri maksimaalne l\u00f5ikepind on umbes 330 mm lai ja kuni 140 mm k\u00f5rge. Mist\u00f5ttu saab sellega t\u00f6\u00f6tada enamiku standardsete munakivide ja \u00e4\u00e4rikividega. L\u00f5ikes\u00fcgavust reguleeritakse manuaalselt tsentraliseeritud p\u00f6\u00f6rdl\u00fcliti kaudu, mis v\u00f5imaldab kiiresti kohandada t\u00f6\u00f6k\u00f5rgust vastavalt materjali paksusele. Seadmega kaasneb vedruga toetatav t\u00f6\u00f6laud, mis hoiab materjali l\u00f5ikamise ajal turvaliselt paigal ja s\u00e4ilitab stabiilsuse.<\/p>\n<p>Giljotiin on varustatud rataste ja tugeva raamiga, mis lihtsustab transporti t\u00f6\u00f6platsil v\u00f5i hoiustamist, muutes selle seega praktiliseks t\u00f6\u00f6riistaks. See ei vaja suurt ruumi ega suurt ettevalmistust. Lihtne konstruktsioon t\u00e4hendab ka seda, et hooldus on minimaalne ning kasutaja ei pea muretsema keerukate mehhanismide p\u00e4rast.<\/p>\n<p>Lumag t\u00e4navakivide giljotiin LST 33\/14<\/p>\n","protected":false},"excerpt":{"rendered":"<p>Lumag t\u00e4navakivide giljotiin LST 33\/14<br \/>\nL\u00f5ikelaius: 330 mm<br \/>\nL\u00f5ikek\u00f5rgus minimaalne: 26 mm<br \/>\nL\u00f5ikek\u00f5rguse reguleerimine: K\u00e4sitsi<br \/>\nKaal: 41.6 kg<br \/>\nGarantii 1 aasta (eraisikule 2 aastat)<br \/>\n[embed]https:\/\/youtu.be\/SzXZyWa8_7k?si=1_-9G_7iFNsgox8W[\/embed]<\/p>\n","protected":false},"featured_media":30750,"template":"","meta":{"inline_featured_image":false},"product_cat":[1090,1133],"product_tag":[449,844,447,134,3488,450,448],"class_list":{"0":"post-4019","1":"product","2":"type-product","3":"status-publish","4":"has-post-thumbnail","6":"product_brand-lumag","7":"product_cat-ehitustehnika","8":"product_cat-kiviloikemasinad","9":"product_tag-giljotiin","10":"product_tag-lst-3314","11":"product_tag-lst3314","12":"product_tag-lumag","13":"product_tag-lumag-tanavakivide-giljotiin-lst-33-14","14":"product_tag-tanavakivide-giljotiin","15":"product_tag-tanavakivide-paigaldus","17":"first","18":"instock","19":"taxable","20":"shipping-taxable","21":"purchasable","22":"product-type-simple"},"yoast_head":"<!-- This site is optimized with the Yoast SEO plugin v27.4 - https:\/\/yoast.com\/product\/yoast-seo-wordpress\/ -->\n<title>Lumag t\u00e4navakivide giljotiin LST 33\/14<\/title>\n<meta name=\"description\" content=\"Lumag t\u00e4navakivide giljotiin LST 33\/14 Manuaalne kivide l\u00f5ikamise t\u00f6\u00f6riist, kasutatakse peamiselt t\u00e4navakivide, betoonplaatide, \u00e4\u00e4rekivide l\u00f5ikamiseks\" \/>\n<meta name=\"robots\" content=\"index, follow, max-snippet:-1, max-image-preview:large, max-video-preview:-1\" \/>\n<link rel=\"canonical\" href=\"https:\/\/ranoja.ee\/toode\/lumag-tanavakivide-giljotiin-lst-33-14\/\" \/>\n<meta property=\"og:locale\" content=\"en_US\" \/>\n<meta property=\"og:type\" content=\"article\" \/>\n<meta property=\"og:title\" content=\"Lumag t\u00e4navakivide giljotiin LST 33\/14\" \/>\n<meta property=\"og:description\" content=\"Lumag t\u00e4navakivide giljotiin LST 33\/14 Manuaalne kivide l\u00f5ikamise t\u00f6\u00f6riist, kasutatakse peamiselt t\u00e4navakivide, betoonplaatide, \u00e4\u00e4rekivide l\u00f5ikamiseks\" \/>\n<meta property=\"og:url\" content=\"https:\/\/ranoja.ee\/toode\/lumag-tanavakivide-giljotiin-lst-33-14\/\" \/>\n<meta property=\"og:site_name\" content=\"Ranoja\" \/>\n<meta property=\"article:publisher\" content=\"https:\/\/www.facebook.com\/ranoja.ee\" \/>\n<meta property=\"article:modified_time\" content=\"2026-02-06T11:59:52+00:00\" \/>\n<meta property=\"og:image\" content=\"https:\/\/ranoja.ee\/wp-content\/uploads\/2023\/07\/Lumag-tanavakivide-giljotiin-LST-33-14.png\" \/>\n\t<meta property=\"og:image:width\" content=\"1500\" \/>\n\t<meta property=\"og:image:height\" content=\"1500\" \/>\n\t<meta property=\"og:image:type\" content=\"image\/png\" \/>\n<meta name=\"twitter:card\" content=\"summary_large_image\" \/>\n<meta name=\"twitter:label1\" content=\"Est. reading time\" \/>\n\t<meta name=\"twitter:data1\" content=\"1 minute\" \/>\n<script type=\"application\/ld+json\" class=\"yoast-schema-graph\">{\"@context\":\"https:\\\/\\\/schema.org\",\"@graph\":[{\"@type\":\"WebPage\",\"@id\":\"https:\\\/\\\/ranoja.ee\\\/toode\\\/lumag-tanavakivide-giljotiin-lst-33-14\\\/\",\"url\":\"https:\\\/\\\/ranoja.ee\\\/toode\\\/lumag-tanavakivide-giljotiin-lst-33-14\\\/\",\"name\":\"Lumag t\u00e4navakivide giljotiin LST 33\\\/14\",\"isPartOf\":{\"@id\":\"https:\\\/\\\/ranoja.ee\\\/#website\"},\"primaryImageOfPage\":{\"@id\":\"https:\\\/\\\/ranoja.ee\\\/toode\\\/lumag-tanavakivide-giljotiin-lst-33-14\\\/#primaryimage\"},\"image\":{\"@id\":\"https:\\\/\\\/ranoja.ee\\\/toode\\\/lumag-tanavakivide-giljotiin-lst-33-14\\\/#primaryimage\"},\"thumbnailUrl\":\"https:\\\/\\\/ranoja.ee\\\/wp-content\\\/uploads\\\/2023\\\/07\\\/Lumag-tanavakivide-giljotiin-LST-33-14.png\",\"datePublished\":\"2023-07-24T12:35:37+00:00\",\"dateModified\":\"2026-02-06T11:59:52+00:00\",\"description\":\"Lumag t\u00e4navakivide giljotiin LST 33\\\/14 Manuaalne kivide l\u00f5ikamise t\u00f6\u00f6riist, kasutatakse peamiselt t\u00e4navakivide, betoonplaatide, \u00e4\u00e4rekivide l\u00f5ikamiseks\",\"breadcrumb\":{\"@id\":\"https:\\\/\\\/ranoja.ee\\\/toode\\\/lumag-tanavakivide-giljotiin-lst-33-14\\\/#breadcrumb\"},\"inLanguage\":\"en-US\",\"potentialAction\":[{\"@type\":\"ReadAction\",\"target\":[\"https:\\\/\\\/ranoja.ee\\\/toode\\\/lumag-tanavakivide-giljotiin-lst-33-14\\\/\"]}]},{\"@type\":\"ImageObject\",\"inLanguage\":\"en-US\",\"@id\":\"https:\\\/\\\/ranoja.ee\\\/toode\\\/lumag-tanavakivide-giljotiin-lst-33-14\\\/#primaryimage\",\"url\":\"https:\\\/\\\/ranoja.ee\\\/wp-content\\\/uploads\\\/2023\\\/07\\\/Lumag-tanavakivide-giljotiin-LST-33-14.png\",\"contentUrl\":\"https:\\\/\\\/ranoja.ee\\\/wp-content\\\/uploads\\\/2023\\\/07\\\/Lumag-tanavakivide-giljotiin-LST-33-14.png\",\"width\":1500,\"height\":1500,\"caption\":\"Lumag t\u00e4navakivide giljotiin LST 33\\\/14\"},{\"@type\":\"BreadcrumbList\",\"@id\":\"https:\\\/\\\/ranoja.ee\\\/toode\\\/lumag-tanavakivide-giljotiin-lst-33-14\\\/#breadcrumb\",\"itemListElement\":[{\"@type\":\"ListItem\",\"position\":1,\"name\":\"Home\",\"item\":\"https:\\\/\\\/ranoja.ee\\\/\"},{\"@type\":\"ListItem\",\"position\":2,\"name\":\"Shop\",\"item\":\"https:\\\/\\\/ranoja.ee\\\/en\\\/shop\\\/\"},{\"@type\":\"ListItem\",\"position\":3,\"name\":\"Lumag t\u00e4navakivide giljotiin LST 33\\\/14\"}]},{\"@type\":\"WebSite\",\"@id\":\"https:\\\/\\\/ranoja.ee\\\/#website\",\"url\":\"https:\\\/\\\/ranoja.ee\\\/\",\"name\":\"Ranoja\",\"description\":\"Equipment Shop WooCommerce WordPress Theme for Machine &amp; Tools\",\"publisher\":{\"@id\":\"https:\\\/\\\/ranoja.ee\\\/#organization\"},\"potentialAction\":[{\"@type\":\"SearchAction\",\"target\":{\"@type\":\"EntryPoint\",\"urlTemplate\":\"https:\\\/\\\/ranoja.ee\\\/?s={search_term_string}\"},\"query-input\":{\"@type\":\"PropertyValueSpecification\",\"valueRequired\":true,\"valueName\":\"search_term_string\"}}],\"inLanguage\":\"en-US\"},{\"@type\":\"Organization\",\"@id\":\"https:\\\/\\\/ranoja.ee\\\/#organization\",\"name\":\"Ranoja O\u00dc\",\"url\":\"https:\\\/\\\/ranoja.ee\\\/\",\"logo\":{\"@type\":\"ImageObject\",\"inLanguage\":\"en-US\",\"@id\":\"https:\\\/\\\/ranoja.ee\\\/#\\\/schema\\\/logo\\\/image\\\/\",\"url\":\"https:\\\/\\\/ranoja.ee\\\/wp-content\\\/uploads\\\/2023\\\/11\\\/ranoja-Logo.png\",\"contentUrl\":\"https:\\\/\\\/ranoja.ee\\\/wp-content\\\/uploads\\\/2023\\\/11\\\/ranoja-Logo.png\",\"width\":207,\"height\":58,\"caption\":\"Ranoja O\u00dc\"},\"image\":{\"@id\":\"https:\\\/\\\/ranoja.ee\\\/#\\\/schema\\\/logo\\\/image\\\/\"},\"sameAs\":[\"https:\\\/\\\/www.facebook.com\\\/ranoja.ee\",\"https:\\\/\\\/www.instagram.com\\\/ranoja__\\\/\"]}]}<\/script>\n<!-- \/ Yoast SEO plugin. -->","yoast_head_json":{"title":"Lumag t\u00e4navakivide giljotiin LST 33\/14","description":"Lumag t\u00e4navakivide giljotiin LST 33\/14 Manuaalne kivide l\u00f5ikamise t\u00f6\u00f6riist, kasutatakse peamiselt t\u00e4navakivide, betoonplaatide, \u00e4\u00e4rekivide l\u00f5ikamiseks","robots":{"index":"index","follow":"follow","max-snippet":"max-snippet:-1","max-image-preview":"max-image-preview:large","max-video-preview":"max-video-preview:-1"},"canonical":"https:\/\/ranoja.ee\/toode\/lumag-tanavakivide-giljotiin-lst-33-14\/","og_locale":"en_US","og_type":"article","og_title":"Lumag t\u00e4navakivide giljotiin LST 33\/14","og_description":"Lumag t\u00e4navakivide giljotiin LST 33\/14 Manuaalne kivide l\u00f5ikamise t\u00f6\u00f6riist, kasutatakse peamiselt t\u00e4navakivide, betoonplaatide, \u00e4\u00e4rekivide l\u00f5ikamiseks","og_url":"https:\/\/ranoja.ee\/toode\/lumag-tanavakivide-giljotiin-lst-33-14\/","og_site_name":"Ranoja","article_publisher":"https:\/\/www.facebook.com\/ranoja.ee","article_modified_time":"2026-02-06T11:59:52+00:00","og_image":[{"width":1500,"height":1500,"url":"https:\/\/ranoja.ee\/wp-content\/uploads\/2023\/07\/Lumag-tanavakivide-giljotiin-LST-33-14.png","type":"image\/png"}],"twitter_card":"summary_large_image","twitter_misc":{"Est. reading time":"1 minute"},"schema":{"@context":"https:\/\/schema.org","@graph":[{"@type":"WebPage","@id":"https:\/\/ranoja.ee\/toode\/lumag-tanavakivide-giljotiin-lst-33-14\/","url":"https:\/\/ranoja.ee\/toode\/lumag-tanavakivide-giljotiin-lst-33-14\/","name":"Lumag t\u00e4navakivide giljotiin LST 33\/14","isPartOf":{"@id":"https:\/\/ranoja.ee\/#website"},"primaryImageOfPage":{"@id":"https:\/\/ranoja.ee\/toode\/lumag-tanavakivide-giljotiin-lst-33-14\/#primaryimage"},"image":{"@id":"https:\/\/ranoja.ee\/toode\/lumag-tanavakivide-giljotiin-lst-33-14\/#primaryimage"},"thumbnailUrl":"https:\/\/ranoja.ee\/wp-content\/uploads\/2023\/07\/Lumag-tanavakivide-giljotiin-LST-33-14.png","datePublished":"2023-07-24T12:35:37+00:00","dateModified":"2026-02-06T11:59:52+00:00","description":"Lumag t\u00e4navakivide giljotiin LST 33\/14 Manuaalne kivide l\u00f5ikamise t\u00f6\u00f6riist, kasutatakse peamiselt t\u00e4navakivide, betoonplaatide, \u00e4\u00e4rekivide l\u00f5ikamiseks","breadcrumb":{"@id":"https:\/\/ranoja.ee\/toode\/lumag-tanavakivide-giljotiin-lst-33-14\/#breadcrumb"},"inLanguage":"en-US","potentialAction":[{"@type":"ReadAction","target":["https:\/\/ranoja.ee\/toode\/lumag-tanavakivide-giljotiin-lst-33-14\/"]}]},{"@type":"ImageObject","inLanguage":"en-US","@id":"https:\/\/ranoja.ee\/toode\/lumag-tanavakivide-giljotiin-lst-33-14\/#primaryimage","url":"https:\/\/ranoja.ee\/wp-content\/uploads\/2023\/07\/Lumag-tanavakivide-giljotiin-LST-33-14.png","contentUrl":"https:\/\/ranoja.ee\/wp-content\/uploads\/2023\/07\/Lumag-tanavakivide-giljotiin-LST-33-14.png","width":1500,"height":1500,"caption":"Lumag t\u00e4navakivide giljotiin LST 33\/14"},{"@type":"BreadcrumbList","@id":"https:\/\/ranoja.ee\/toode\/lumag-tanavakivide-giljotiin-lst-33-14\/#breadcrumb","itemListElement":[{"@type":"ListItem","position":1,"name":"Home","item":"https:\/\/ranoja.ee\/"},{"@type":"ListItem","position":2,"name":"Shop","item":"https:\/\/ranoja.ee\/en\/shop\/"},{"@type":"ListItem","position":3,"name":"Lumag t\u00e4navakivide giljotiin LST 33\/14"}]},{"@type":"WebSite","@id":"https:\/\/ranoja.ee\/#website","url":"https:\/\/ranoja.ee\/","name":"Ranoja","description":"Equipment Shop WooCommerce WordPress Theme for Machine &amp; Tools","publisher":{"@id":"https:\/\/ranoja.ee\/#organization"},"potentialAction":[{"@type":"SearchAction","target":{"@type":"EntryPoint","urlTemplate":"https:\/\/ranoja.ee\/?s={search_term_string}"},"query-input":{"@type":"PropertyValueSpecification","valueRequired":true,"valueName":"search_term_string"}}],"inLanguage":"en-US"},{"@type":"Organization","@id":"https:\/\/ranoja.ee\/#organization","name":"Ranoja O\u00dc","url":"https:\/\/ranoja.ee\/","logo":{"@type":"ImageObject","inLanguage":"en-US","@id":"https:\/\/ranoja.ee\/#\/schema\/logo\/image\/","url":"https:\/\/ranoja.ee\/wp-content\/uploads\/2023\/11\/ranoja-Logo.png","contentUrl":"https:\/\/ranoja.ee\/wp-content\/uploads\/2023\/11\/ranoja-Logo.png","width":207,"height":58,"caption":"Ranoja O\u00dc"},"image":{"@id":"https:\/\/ranoja.ee\/#\/schema\/logo\/image\/"},"sameAs":["https:\/\/www.facebook.com\/ranoja.ee","https:\/\/www.instagram.com\/ranoja__\/"]}]}},"_links":{"self":[{"href":"https:\/\/ranoja.ee\/en\/wp-json\/wp\/v2\/product\/4019","targetHints":{"allow":["GET"]}}],"collection":[{"href":"https:\/\/ranoja.ee\/en\/wp-json\/wp\/v2\/product"}],"about":[{"href":"https:\/\/ranoja.ee\/en\/wp-json\/wp\/v2\/types\/product"}],"wp:featuredmedia":[{"embeddable":true,"href":"https:\/\/ranoja.ee\/en\/wp-json\/wp\/v2\/media\/30750"}],"wp:attachment":[{"href":"https:\/\/ranoja.ee\/en\/wp-json\/wp\/v2\/media?parent=4019"}],"wp:term":[{"taxonomy":"product_cat","embeddable":true,"href":"https:\/\/ranoja.ee\/en\/wp-json\/wp\/v2\/product_cat?post=4019"},{"taxonomy":"product_tag","embeddable":true,"href":"https:\/\/ranoja.ee\/en\/wp-json\/wp\/v2\/product_tag?post=4019"}],"curies":[{"name":"wp","href":"https:\/\/api.w.org\/{rel}","templated":true}]}}