{"id":40039,"date":"2026-02-12T19:02:39","date_gmt":"2026-02-12T16:02:39","guid":{"rendered":"https:\/\/ranoja.ee\/toode\/toro-honda\/"},"modified":"2026-03-03T11:51:36","modified_gmt":"2026-03-03T08:51:36","slug":"rattalaager-muruniidukitele-28-5-x-12-7-mm","status":"publish","type":"product","link":"https:\/\/ranoja.ee\/en\/toode\/rattalaager-muruniidukitele-28-5-x-12-7-mm\/","title":{"rendered":"Rattalaager muruniidukitele 28.5 \u00d7 12.7 mm"},"content":{"rendered":"<p>Rattalaager muruniidukitele 28.5 \u00d7 12.7 mm <\/p>\n<p>Kvaliteetne rattalaager m\u00f5\u00f5tudega 28.5 \u00d7 12.7 mm, mis sobib mitmetele MTD, TORO, HONDA ja CUB CADET muruniidukite mudelitele. Laager tagab ratta sujuva p\u00f6\u00f6rlemise ning aitab v\u00e4hendada h\u00f5\u00f5rdumist ja kulumist niiduki liikumise ajal.<\/p>\n<p>Tugevast ja vastupidavast materjalist valmistatud rattalaager on loodud taluma muruniiduki t\u00f6\u00f6tingimusi, sealhulgas vibratsiooni, koormust ja kokkupuudet niiskuse ning mustusega. Korralikult toimiv laager parandab niiduki juhitavust ja pikendab ratta ning veermiku komponentide eluiga.<\/p>\n<p>Muruniiduki kulunud v\u00f5i kahjustunud rattalaager v\u00f5ib p\u00f5hjustada ratta loksumist, raskemat liikumist v\u00f5i eba\u00fchtlast kulumist. Soovitatav on laager \u00f5igeaegselt v\u00e4lja vahetada, et tagada muruniiduki sujuv ja ohutu t\u00f6\u00f6.<\/p>\n<p>Rattalaager muruniidukitele 28.5 \u00d7 12.7 mm <\/p>\n","protected":false},"excerpt":{"rendered":"<p>Rattalaager muruniidukitele 28.5 \u00d7 12.7 mm<br \/>\nRattalaager sobib MTD, TORO, HONDA ja CUB CADET muruniidukitele  <\/p>\n<table class=\"cedrus-specs\">\n<tbody>\n<tr>\n<td>Katalooginumber<\/td>\n<td>1-369<\/td>\n<\/tr>\n<tr>\n<td>EAN<\/td>\n<td>4023055102679<\/td>\n<\/tr>\n<tr>\n<td>Paki pikkus<\/td>\n<td>46<\/td>\n<\/tr>\n<tr>\n<td>Paki laius<\/td>\n<td>30<\/td>\n<\/tr>\n<tr>\n<td>Paki k\u00f5rgus<\/td>\n<td>14<\/td>\n<\/tr>\n<tr>\n<td>Kaal<\/td>\n<td>0.030 Kg<\/td>\n<\/tr>\n<\/tbody>\n<\/table>\n","protected":false},"featured_media":40040,"template":"","meta":{"inline_featured_image":false},"product_cat":[3052],"product_tag":[3725,3984,3983,3985],"class_list":{"0":"post-40039","1":"product","2":"type-product","3":"status-publish","4":"has-post-thumbnail","6":"product_cat-cedrus-tooted","7":"product_tag-honda","8":"product_tag-mtd","9":"product_tag-rattalaager-muruniidukitele-28-5-x-12-7-mm","10":"product_tag-toro","12":"first","13":"instock","14":"taxable","15":"shipping-taxable","16":"purchasable","17":"product-type-simple"},"yoast_head":"<!-- This site is optimized with the Yoast SEO plugin v27.4 - https:\/\/yoast.com\/product\/yoast-seo-wordpress\/ -->\n<title>Rattalaager muruniidukitele 28.5 \u00d7 12.7 mm<\/title>\n<meta name=\"description\" content=\"Rattalaager muruniidukitele 28.5 \u00d7 12.7 mm Katalooginumber 1-369. Paki pikkus 46 mm. Paki laius 30 mm. Paki k\u00f5rgus 20 mm. Kaal 0.030 kg.\" \/>\n<meta name=\"robots\" content=\"index, follow, max-snippet:-1, max-image-preview:large, max-video-preview:-1\" \/>\n<link rel=\"canonical\" href=\"https:\/\/ranoja.ee\/toode\/rattalaager-muruniidukitele-28-5-x-12-7-mm\/\" \/>\n<meta property=\"og:locale\" content=\"en_US\" \/>\n<meta property=\"og:type\" content=\"article\" \/>\n<meta property=\"og:title\" content=\"Rattalaager muruniidukitele 28.5 \u00d7 12.7 mm\" \/>\n<meta property=\"og:description\" content=\"Rattalaager muruniidukitele 28.5 \u00d7 12.7 mm Katalooginumber 1-369. Paki pikkus 46 mm. Paki laius 30 mm. Paki k\u00f5rgus 20 mm. Kaal 0.030 kg.\" \/>\n<meta property=\"og:url\" content=\"https:\/\/ranoja.ee\/toode\/rattalaager-muruniidukitele-28-5-x-12-7-mm\/\" \/>\n<meta property=\"og:site_name\" content=\"Ranoja\" \/>\n<meta property=\"article:publisher\" content=\"https:\/\/www.facebook.com\/ranoja.ee\" \/>\n<meta property=\"article:modified_time\" content=\"2026-03-03T08:51:36+00:00\" \/>\n<meta property=\"og:image\" content=\"https:\/\/ranoja.ee\/wp-content\/uploads\/2026\/02\/15684_1-369_01.jpg\" \/>\n\t<meta property=\"og:image:width\" content=\"800\" \/>\n\t<meta property=\"og:image:height\" content=\"615\" \/>\n\t<meta property=\"og:image:type\" content=\"image\/jpeg\" \/>\n<meta name=\"twitter:card\" content=\"summary_large_image\" \/>\n<meta name=\"twitter:label1\" content=\"Est. reading time\" \/>\n\t<meta name=\"twitter:data1\" content=\"1 minute\" \/>\n<script type=\"application\/ld+json\" class=\"yoast-schema-graph\">{\"@context\":\"https:\\\/\\\/schema.org\",\"@graph\":[{\"@type\":\"WebPage\",\"@id\":\"https:\\\/\\\/ranoja.ee\\\/toode\\\/rattalaager-muruniidukitele-28-5-x-12-7-mm\\\/\",\"url\":\"https:\\\/\\\/ranoja.ee\\\/toode\\\/rattalaager-muruniidukitele-28-5-x-12-7-mm\\\/\",\"name\":\"Rattalaager muruniidukitele 28.5 \u00d7 12.7 mm\",\"isPartOf\":{\"@id\":\"https:\\\/\\\/ranoja.ee\\\/#website\"},\"primaryImageOfPage\":{\"@id\":\"https:\\\/\\\/ranoja.ee\\\/toode\\\/rattalaager-muruniidukitele-28-5-x-12-7-mm\\\/#primaryimage\"},\"image\":{\"@id\":\"https:\\\/\\\/ranoja.ee\\\/toode\\\/rattalaager-muruniidukitele-28-5-x-12-7-mm\\\/#primaryimage\"},\"thumbnailUrl\":\"https:\\\/\\\/ranoja.ee\\\/wp-content\\\/uploads\\\/2026\\\/02\\\/15684_1-369_01.jpg\",\"datePublished\":\"2026-02-12T16:02:39+00:00\",\"dateModified\":\"2026-03-03T08:51:36+00:00\",\"description\":\"Rattalaager muruniidukitele 28.5 \u00d7 12.7 mm Katalooginumber 1-369. Paki pikkus 46 mm. Paki laius 30 mm. Paki k\u00f5rgus 20 mm. Kaal 0.030 kg.\",\"breadcrumb\":{\"@id\":\"https:\\\/\\\/ranoja.ee\\\/toode\\\/rattalaager-muruniidukitele-28-5-x-12-7-mm\\\/#breadcrumb\"},\"inLanguage\":\"en-US\",\"potentialAction\":[{\"@type\":\"ReadAction\",\"target\":[\"https:\\\/\\\/ranoja.ee\\\/toode\\\/rattalaager-muruniidukitele-28-5-x-12-7-mm\\\/\"]}]},{\"@type\":\"ImageObject\",\"inLanguage\":\"en-US\",\"@id\":\"https:\\\/\\\/ranoja.ee\\\/toode\\\/rattalaager-muruniidukitele-28-5-x-12-7-mm\\\/#primaryimage\",\"url\":\"https:\\\/\\\/ranoja.ee\\\/wp-content\\\/uploads\\\/2026\\\/02\\\/15684_1-369_01.jpg\",\"contentUrl\":\"https:\\\/\\\/ranoja.ee\\\/wp-content\\\/uploads\\\/2026\\\/02\\\/15684_1-369_01.jpg\",\"width\":800,\"height\":615},{\"@type\":\"BreadcrumbList\",\"@id\":\"https:\\\/\\\/ranoja.ee\\\/toode\\\/rattalaager-muruniidukitele-28-5-x-12-7-mm\\\/#breadcrumb\",\"itemListElement\":[{\"@type\":\"ListItem\",\"position\":1,\"name\":\"Home\",\"item\":\"https:\\\/\\\/ranoja.ee\\\/\"},{\"@type\":\"ListItem\",\"position\":2,\"name\":\"Shop\",\"item\":\"https:\\\/\\\/ranoja.ee\\\/en\\\/shop\\\/\"},{\"@type\":\"ListItem\",\"position\":3,\"name\":\"Rattalaager muruniidukitele 28.5 \u00d7 12.7 mm\"}]},{\"@type\":\"WebSite\",\"@id\":\"https:\\\/\\\/ranoja.ee\\\/#website\",\"url\":\"https:\\\/\\\/ranoja.ee\\\/\",\"name\":\"Ranoja\",\"description\":\"Equipment Shop WooCommerce WordPress Theme for Machine &amp; Tools\",\"publisher\":{\"@id\":\"https:\\\/\\\/ranoja.ee\\\/#organization\"},\"potentialAction\":[{\"@type\":\"SearchAction\",\"target\":{\"@type\":\"EntryPoint\",\"urlTemplate\":\"https:\\\/\\\/ranoja.ee\\\/?s={search_term_string}\"},\"query-input\":{\"@type\":\"PropertyValueSpecification\",\"valueRequired\":true,\"valueName\":\"search_term_string\"}}],\"inLanguage\":\"en-US\"},{\"@type\":\"Organization\",\"@id\":\"https:\\\/\\\/ranoja.ee\\\/#organization\",\"name\":\"Ranoja O\u00dc\",\"url\":\"https:\\\/\\\/ranoja.ee\\\/\",\"logo\":{\"@type\":\"ImageObject\",\"inLanguage\":\"en-US\",\"@id\":\"https:\\\/\\\/ranoja.ee\\\/#\\\/schema\\\/logo\\\/image\\\/\",\"url\":\"https:\\\/\\\/ranoja.ee\\\/wp-content\\\/uploads\\\/2023\\\/11\\\/ranoja-Logo.png\",\"contentUrl\":\"https:\\\/\\\/ranoja.ee\\\/wp-content\\\/uploads\\\/2023\\\/11\\\/ranoja-Logo.png\",\"width\":207,\"height\":58,\"caption\":\"Ranoja O\u00dc\"},\"image\":{\"@id\":\"https:\\\/\\\/ranoja.ee\\\/#\\\/schema\\\/logo\\\/image\\\/\"},\"sameAs\":[\"https:\\\/\\\/www.facebook.com\\\/ranoja.ee\",\"https:\\\/\\\/www.instagram.com\\\/ranoja__\\\/\"]}]}<\/script>\n<!-- \/ Yoast SEO plugin. -->","yoast_head_json":{"title":"Rattalaager muruniidukitele 28.5 \u00d7 12.7 mm","description":"Rattalaager muruniidukitele 28.5 \u00d7 12.7 mm Katalooginumber 1-369. Paki pikkus 46 mm. Paki laius 30 mm. Paki k\u00f5rgus 20 mm. Kaal 0.030 kg.","robots":{"index":"index","follow":"follow","max-snippet":"max-snippet:-1","max-image-preview":"max-image-preview:large","max-video-preview":"max-video-preview:-1"},"canonical":"https:\/\/ranoja.ee\/toode\/rattalaager-muruniidukitele-28-5-x-12-7-mm\/","og_locale":"en_US","og_type":"article","og_title":"Rattalaager muruniidukitele 28.5 \u00d7 12.7 mm","og_description":"Rattalaager muruniidukitele 28.5 \u00d7 12.7 mm Katalooginumber 1-369. Paki pikkus 46 mm. Paki laius 30 mm. Paki k\u00f5rgus 20 mm. Kaal 0.030 kg.","og_url":"https:\/\/ranoja.ee\/toode\/rattalaager-muruniidukitele-28-5-x-12-7-mm\/","og_site_name":"Ranoja","article_publisher":"https:\/\/www.facebook.com\/ranoja.ee","article_modified_time":"2026-03-03T08:51:36+00:00","og_image":[{"width":800,"height":615,"url":"https:\/\/ranoja.ee\/wp-content\/uploads\/2026\/02\/15684_1-369_01.jpg","type":"image\/jpeg"}],"twitter_card":"summary_large_image","twitter_misc":{"Est. reading time":"1 minute"},"schema":{"@context":"https:\/\/schema.org","@graph":[{"@type":"WebPage","@id":"https:\/\/ranoja.ee\/toode\/rattalaager-muruniidukitele-28-5-x-12-7-mm\/","url":"https:\/\/ranoja.ee\/toode\/rattalaager-muruniidukitele-28-5-x-12-7-mm\/","name":"Rattalaager muruniidukitele 28.5 \u00d7 12.7 mm","isPartOf":{"@id":"https:\/\/ranoja.ee\/#website"},"primaryImageOfPage":{"@id":"https:\/\/ranoja.ee\/toode\/rattalaager-muruniidukitele-28-5-x-12-7-mm\/#primaryimage"},"image":{"@id":"https:\/\/ranoja.ee\/toode\/rattalaager-muruniidukitele-28-5-x-12-7-mm\/#primaryimage"},"thumbnailUrl":"https:\/\/ranoja.ee\/wp-content\/uploads\/2026\/02\/15684_1-369_01.jpg","datePublished":"2026-02-12T16:02:39+00:00","dateModified":"2026-03-03T08:51:36+00:00","description":"Rattalaager muruniidukitele 28.5 \u00d7 12.7 mm Katalooginumber 1-369. Paki pikkus 46 mm. Paki laius 30 mm. Paki k\u00f5rgus 20 mm. Kaal 0.030 kg.","breadcrumb":{"@id":"https:\/\/ranoja.ee\/toode\/rattalaager-muruniidukitele-28-5-x-12-7-mm\/#breadcrumb"},"inLanguage":"en-US","potentialAction":[{"@type":"ReadAction","target":["https:\/\/ranoja.ee\/toode\/rattalaager-muruniidukitele-28-5-x-12-7-mm\/"]}]},{"@type":"ImageObject","inLanguage":"en-US","@id":"https:\/\/ranoja.ee\/toode\/rattalaager-muruniidukitele-28-5-x-12-7-mm\/#primaryimage","url":"https:\/\/ranoja.ee\/wp-content\/uploads\/2026\/02\/15684_1-369_01.jpg","contentUrl":"https:\/\/ranoja.ee\/wp-content\/uploads\/2026\/02\/15684_1-369_01.jpg","width":800,"height":615},{"@type":"BreadcrumbList","@id":"https:\/\/ranoja.ee\/toode\/rattalaager-muruniidukitele-28-5-x-12-7-mm\/#breadcrumb","itemListElement":[{"@type":"ListItem","position":1,"name":"Home","item":"https:\/\/ranoja.ee\/"},{"@type":"ListItem","position":2,"name":"Shop","item":"https:\/\/ranoja.ee\/en\/shop\/"},{"@type":"ListItem","position":3,"name":"Rattalaager muruniidukitele 28.5 \u00d7 12.7 mm"}]},{"@type":"WebSite","@id":"https:\/\/ranoja.ee\/#website","url":"https:\/\/ranoja.ee\/","name":"Ranoja","description":"Equipment Shop WooCommerce WordPress Theme for Machine &amp; Tools","publisher":{"@id":"https:\/\/ranoja.ee\/#organization"},"potentialAction":[{"@type":"SearchAction","target":{"@type":"EntryPoint","urlTemplate":"https:\/\/ranoja.ee\/?s={search_term_string}"},"query-input":{"@type":"PropertyValueSpecification","valueRequired":true,"valueName":"search_term_string"}}],"inLanguage":"en-US"},{"@type":"Organization","@id":"https:\/\/ranoja.ee\/#organization","name":"Ranoja O\u00dc","url":"https:\/\/ranoja.ee\/","logo":{"@type":"ImageObject","inLanguage":"en-US","@id":"https:\/\/ranoja.ee\/#\/schema\/logo\/image\/","url":"https:\/\/ranoja.ee\/wp-content\/uploads\/2023\/11\/ranoja-Logo.png","contentUrl":"https:\/\/ranoja.ee\/wp-content\/uploads\/2023\/11\/ranoja-Logo.png","width":207,"height":58,"caption":"Ranoja O\u00dc"},"image":{"@id":"https:\/\/ranoja.ee\/#\/schema\/logo\/image\/"},"sameAs":["https:\/\/www.facebook.com\/ranoja.ee","https:\/\/www.instagram.com\/ranoja__\/"]}]}},"_links":{"self":[{"href":"https:\/\/ranoja.ee\/en\/wp-json\/wp\/v2\/product\/40039","targetHints":{"allow":["GET"]}}],"collection":[{"href":"https:\/\/ranoja.ee\/en\/wp-json\/wp\/v2\/product"}],"about":[{"href":"https:\/\/ranoja.ee\/en\/wp-json\/wp\/v2\/types\/product"}],"wp:featuredmedia":[{"embeddable":true,"href":"https:\/\/ranoja.ee\/en\/wp-json\/wp\/v2\/media\/40040"}],"wp:attachment":[{"href":"https:\/\/ranoja.ee\/en\/wp-json\/wp\/v2\/media?parent=40039"}],"wp:term":[{"taxonomy":"product_cat","embeddable":true,"href":"https:\/\/ranoja.ee\/en\/wp-json\/wp\/v2\/product_cat?post=40039"},{"taxonomy":"product_tag","embeddable":true,"href":"https:\/\/ranoja.ee\/en\/wp-json\/wp\/v2\/product_tag?post=40039"}],"curies":[{"name":"wp","href":"https:\/\/api.w.org\/{rel}","templated":true}]}}