{"id":4001,"date":"2023-07-24T15:03:46","date_gmt":"2023-07-24T12:03:46","guid":{"rendered":"https:\/\/www.ranoja.ee\/?post_type=product&#038;p=4001"},"modified":"2026-04-14T11:59:27","modified_gmt":"2026-04-14T08:59:27","slug":"cedrus-diiselmootoriga-generaator-ceddg7e-3f","status":"publish","type":"product","link":"https:\/\/ranoja.ee\/en\/toode\/cedrus-diiselmootoriga-generaator-ceddg7e-3f\/","title":{"rendered":"Cedrus generaator CEDDG7E-3F Diesel 7,1 kw"},"content":{"rendered":"<p>Cedrus diiselmootoriga generaator CEDDG7E-3F<br \/>\nV\u00e4ga sageli valitakse avariitoites\u00fcsteemi jaoks diiselgeneraatorid. Kui AST-automaatika (SZR) tuvastab v\u00f5rgupinge languse, k\u00e4ivitub generaator automaatselt ja v\u00f5rgupinge taastumisel l\u00fclitab generaator end ise v\u00e4lja.<\/p>\n<p>Mitmek\u00fclgne kasutamine v\u00f5imaldab seadet kasutada erinevates olukordades mitu tundi. Spetsiaalselt projekteeritud kolmefaasiline vaskm\u00e4hisega generaator tagab t\u00f6\u00f6kindluse.<\/p>\n<p>T\u00f5hus Euro V diiselmootor \u2013 \u00fchesilindriline \u00f5hkjahutusega mootor t\u00f6\u00f6mahuga 532 cm3 genereerib konstantse v\u00f5imsuse 6,6 kW (nimiv\u00f5imsus\/3F) ja 7,1 kW (k\u00e4ivitusv\u00f5imsus\/3F). Seade on varustatud elektrilise starteriga. Seadme kogukaal on 175 kg.<\/p>\n<p>AVR-s\u00fcsteem tagab pinge stabiliseerimise, et kaitsta toiteallikaid pinge k\u00f5ikumiste eest.<\/p>\n<p>\u00d5liandur l\u00fclitab seadme v\u00e4lja, kui \u00f5litase on madal, kaitstes mootorit kinnikiilumise eest.<\/p>\n<p>Lisaks on meie seadmed varustatud vooluahela kaitsmetega.<\/p>\n<p>Cedrus diiselmootoriga generaator CEDDG7E-3F<\/p>\n<p>Diiselmootoriga generaatorid on veel \u00fcks oluline elektrienergia allikas, eriti olukordades, kus vajatakse pikaajalist ja usaldusv\u00e4\u00e4rset elektrivarustust. Diiselgeneraatorid on levinud nii kodudes kui ka \u00e4rilistes rakendustes ning neid kasutatakse sageli elektrikatkestuste, ehitusplatside, haiglate, hotellide, tehasete ja muude kohtade varustamiseks elektrienergiaga. Siin on m\u00f5ned olulised aspektid diiselmootoriga generaatoritest:<\/p>\n<p>Mootor:<br \/>\nDiiselmootorid on sisep\u00f5lemismootorid, mis t\u00f6\u00f6tavad diislik\u00fctusega. Need mootorid erinevad bensiinimootoritest, kuna diisel p\u00f5leb tavaliselt efektiivsemalt ja on k\u00fctuses\u00e4\u00e4stlikum. Diiselmootorid on tuntud ka vastupidavuse poolest ning neil on pikem eluiga v\u00f5rreldes bensiinimootoritega.<\/p>\n<p>K\u00fctusekulu ja T\u00f5husus:<br \/>\nDiiselgeneraatorid on tuntud k\u00fctuses\u00e4\u00e4stlikkuse poolest. Diislik\u00fctus sisaldab rohkem energiat kui bensiin, mis t\u00e4hendab, et diiselgeneraatorid suudavad toota rohkem elektrit v\u00e4iksema k\u00fctusekogusega v\u00f5rreldes bensiinimootoriga generaatoritega.<\/p>\n<p>CEDRUS on \u00fcks suurimaid aiandusmasinate, t\u00f6\u00f6riistade ning metsandus tarvikute edasim\u00fc\u00fcjaid Poolas.<br \/>\nMeie eesm\u00e4rk on pakkuda klientidele k\u00f5rgeima kvaliteediga tooteid konkurentsiv\u00f5imeliste hindadega.<br \/>\nAlates 2016. aastast oleme arendanud ka oma kaubam\u00e4rgi all olevat tootesarja Cedrus.<\/p>\n<p>Hetkel pakume enam kui 100 t\u00fc\u00fcpi CEDRUS kaubam\u00e4rgi aia- ja ehitusmasinaid, samuti k\u00f5iki hooldustarvikuid ja varuosi.<\/p>\n","protected":false},"excerpt":{"rendered":"<p>Cedrus generaator CEDDG7E-3F Diesel 6,6-7,1 kw<br \/>\nAVR pingeregulaator<br \/>\nDiiselmootor (euro v) 1 silindriga<br \/>\n\u00d5hkjahutusega<br \/>\nV\u00f5imsus nominaal 6,6kw\/Max 7,1kw<br \/>\n\u00dclekoormus kaitse.<br \/>\nKvaliteetne vaskm\u00e4his<br \/>\nK\u00fctusekulu: kuni 1,6L tunnis<br \/>\nEl.starter<br \/>\nK\u00fctusepaak 30L<br \/>\nMax j\u00f5udlus:(3F) 7.1 kW<br \/>\nNominaal j\u00f5udlus:(3F) 6.6 kW<br \/>\nMax j\u00f5udlus:(1F) 6.3 kW<br \/>\nNominaal j\u00f5udlus:(1F) 5.9 kW<br \/>\nDC socket 12V\/8.3A<br \/>\nM\u00f5\u00f5dud 910*530*840mm<br \/>\nKaal 175kg<br \/>\nRatastel ja mugav liigutada.<br \/>\nOsta juurde: <a href=\"https:\/\/ranoja.ee\/toode\/cedrus-ats-dg1-ats-generaatori-umberluliti\/\">Cedrus ATS-DG1 ATS generaatori \u00fcmberl\u00fcliti<\/a><br \/>\nGarantii 1 aasta (eraisikule 2 aastat)<br \/>\n<strong>Eeldatav tarneaeg 1-7 t\u00f6\u00f6p\u00e4eva<\/strong><\/p>\n","protected":false},"featured_media":12474,"template":"","meta":{"inline_featured_image":false},"product_cat":[1090,102],"product_tag":[422,440,137,441,442,421],"class_list":{"0":"post-4001","1":"product","2":"type-product","3":"status-publish","4":"has-post-thumbnail","6":"product_brand-cedrus","7":"product_cat-ehitustehnika","8":"product_cat-generaatorid-ja-inverterid","9":"product_tag-avr","10":"product_tag-ceddg7e-3f","11":"product_tag-cedrus","12":"product_tag-diesel","13":"product_tag-diiselgeneraator","14":"product_tag-generaator","16":"first","17":"outofstock","18":"taxable","19":"shipping-taxable","20":"purchasable","21":"product-type-simple"},"yoast_head":"<!-- This site is optimized with the Yoast SEO plugin v27.4 - https:\/\/yoast.com\/product\/yoast-seo-wordpress\/ -->\n<title>Cedrus diiselmootoriga generaator CEDDG7E-3F<\/title>\n<meta name=\"description\" content=\"Cedrus diiselmootoriga generaator CEDDG7E-3F AVR Diiselmootor (euro v) 1 silindriga \u00d5hkjahutusega cedrus-generaator-ceddg7e-3f-diesel-66-71-kw\" \/>\n<meta name=\"robots\" content=\"index, follow, max-snippet:-1, max-image-preview:large, max-video-preview:-1\" \/>\n<link rel=\"canonical\" href=\"https:\/\/ranoja.ee\/toode\/cedrus-diiselmootoriga-generaator-ceddg7e-3f\/\" \/>\n<meta property=\"og:locale\" content=\"en_US\" \/>\n<meta property=\"og:type\" content=\"article\" \/>\n<meta property=\"og:title\" content=\"Cedrus diiselmootoriga generaator CEDDG7E-3F\" \/>\n<meta property=\"og:description\" content=\"Cedrus diiselmootoriga generaator CEDDG7E-3F AVR Diiselmootor (euro v) 1 silindriga \u00d5hkjahutusega cedrus-generaator-ceddg7e-3f-diesel-66-71-kw\" \/>\n<meta property=\"og:url\" content=\"https:\/\/ranoja.ee\/toode\/cedrus-diiselmootoriga-generaator-ceddg7e-3f\/\" \/>\n<meta property=\"og:site_name\" content=\"Ranoja\" \/>\n<meta property=\"article:publisher\" content=\"https:\/\/www.facebook.com\/ranoja.ee\" \/>\n<meta property=\"article:modified_time\" content=\"2026-04-14T08:59:27+00:00\" \/>\n<meta property=\"og:image\" content=\"https:\/\/ranoja.ee\/wp-content\/uploads\/2023\/07\/Cedrus-generaator-CEDDG7E-3F-Diesel-71-kw.jpg\" \/>\n\t<meta property=\"og:image:width\" content=\"800\" \/>\n\t<meta property=\"og:image:height\" content=\"746\" \/>\n\t<meta property=\"og:image:type\" content=\"image\/jpeg\" \/>\n<meta name=\"twitter:card\" content=\"summary_large_image\" \/>\n<meta name=\"twitter:label1\" content=\"Est. reading time\" \/>\n\t<meta name=\"twitter:data1\" content=\"2 minutes\" \/>\n<script type=\"application\/ld+json\" class=\"yoast-schema-graph\">{\"@context\":\"https:\\\/\\\/schema.org\",\"@graph\":[{\"@type\":\"WebPage\",\"@id\":\"https:\\\/\\\/ranoja.ee\\\/toode\\\/cedrus-diiselmootoriga-generaator-ceddg7e-3f\\\/\",\"url\":\"https:\\\/\\\/ranoja.ee\\\/toode\\\/cedrus-diiselmootoriga-generaator-ceddg7e-3f\\\/\",\"name\":\"Cedrus diiselmootoriga generaator CEDDG7E-3F\",\"isPartOf\":{\"@id\":\"https:\\\/\\\/ranoja.ee\\\/#website\"},\"primaryImageOfPage\":{\"@id\":\"https:\\\/\\\/ranoja.ee\\\/toode\\\/cedrus-diiselmootoriga-generaator-ceddg7e-3f\\\/#primaryimage\"},\"image\":{\"@id\":\"https:\\\/\\\/ranoja.ee\\\/toode\\\/cedrus-diiselmootoriga-generaator-ceddg7e-3f\\\/#primaryimage\"},\"thumbnailUrl\":\"https:\\\/\\\/ranoja.ee\\\/wp-content\\\/uploads\\\/2023\\\/07\\\/Cedrus-generaator-CEDDG7E-3F-Diesel-71-kw.jpg\",\"datePublished\":\"2023-07-24T12:03:46+00:00\",\"dateModified\":\"2026-04-14T08:59:27+00:00\",\"description\":\"Cedrus diiselmootoriga generaator CEDDG7E-3F AVR Diiselmootor (euro v) 1 silindriga \u00d5hkjahutusega cedrus-generaator-ceddg7e-3f-diesel-66-71-kw\",\"breadcrumb\":{\"@id\":\"https:\\\/\\\/ranoja.ee\\\/toode\\\/cedrus-diiselmootoriga-generaator-ceddg7e-3f\\\/#breadcrumb\"},\"inLanguage\":\"en-US\",\"potentialAction\":[{\"@type\":\"ReadAction\",\"target\":[\"https:\\\/\\\/ranoja.ee\\\/toode\\\/cedrus-diiselmootoriga-generaator-ceddg7e-3f\\\/\"]}]},{\"@type\":\"ImageObject\",\"inLanguage\":\"en-US\",\"@id\":\"https:\\\/\\\/ranoja.ee\\\/toode\\\/cedrus-diiselmootoriga-generaator-ceddg7e-3f\\\/#primaryimage\",\"url\":\"https:\\\/\\\/ranoja.ee\\\/wp-content\\\/uploads\\\/2023\\\/07\\\/Cedrus-generaator-CEDDG7E-3F-Diesel-71-kw.jpg\",\"contentUrl\":\"https:\\\/\\\/ranoja.ee\\\/wp-content\\\/uploads\\\/2023\\\/07\\\/Cedrus-generaator-CEDDG7E-3F-Diesel-71-kw.jpg\",\"width\":800,\"height\":746,\"caption\":\"Cedrus generaator CEDDG7E-3F Diesel 7,1 kw\"},{\"@type\":\"BreadcrumbList\",\"@id\":\"https:\\\/\\\/ranoja.ee\\\/toode\\\/cedrus-diiselmootoriga-generaator-ceddg7e-3f\\\/#breadcrumb\",\"itemListElement\":[{\"@type\":\"ListItem\",\"position\":1,\"name\":\"Home\",\"item\":\"https:\\\/\\\/ranoja.ee\\\/\"},{\"@type\":\"ListItem\",\"position\":2,\"name\":\"Shop\",\"item\":\"https:\\\/\\\/ranoja.ee\\\/en\\\/shop\\\/\"},{\"@type\":\"ListItem\",\"position\":3,\"name\":\"Cedrus generaator CEDDG7E-3F Diesel 7,1 kw\"}]},{\"@type\":\"WebSite\",\"@id\":\"https:\\\/\\\/ranoja.ee\\\/#website\",\"url\":\"https:\\\/\\\/ranoja.ee\\\/\",\"name\":\"Ranoja\",\"description\":\"Equipment Shop WooCommerce WordPress Theme for Machine &amp; Tools\",\"publisher\":{\"@id\":\"https:\\\/\\\/ranoja.ee\\\/#organization\"},\"potentialAction\":[{\"@type\":\"SearchAction\",\"target\":{\"@type\":\"EntryPoint\",\"urlTemplate\":\"https:\\\/\\\/ranoja.ee\\\/?s={search_term_string}\"},\"query-input\":{\"@type\":\"PropertyValueSpecification\",\"valueRequired\":true,\"valueName\":\"search_term_string\"}}],\"inLanguage\":\"en-US\"},{\"@type\":\"Organization\",\"@id\":\"https:\\\/\\\/ranoja.ee\\\/#organization\",\"name\":\"Ranoja O\u00dc\",\"url\":\"https:\\\/\\\/ranoja.ee\\\/\",\"logo\":{\"@type\":\"ImageObject\",\"inLanguage\":\"en-US\",\"@id\":\"https:\\\/\\\/ranoja.ee\\\/#\\\/schema\\\/logo\\\/image\\\/\",\"url\":\"https:\\\/\\\/ranoja.ee\\\/wp-content\\\/uploads\\\/2023\\\/11\\\/ranoja-Logo.png\",\"contentUrl\":\"https:\\\/\\\/ranoja.ee\\\/wp-content\\\/uploads\\\/2023\\\/11\\\/ranoja-Logo.png\",\"width\":207,\"height\":58,\"caption\":\"Ranoja O\u00dc\"},\"image\":{\"@id\":\"https:\\\/\\\/ranoja.ee\\\/#\\\/schema\\\/logo\\\/image\\\/\"},\"sameAs\":[\"https:\\\/\\\/www.facebook.com\\\/ranoja.ee\",\"https:\\\/\\\/www.instagram.com\\\/ranoja__\\\/\"]}]}<\/script>\n<!-- \/ Yoast SEO plugin. -->","yoast_head_json":{"title":"Cedrus diiselmootoriga generaator CEDDG7E-3F","description":"Cedrus diiselmootoriga generaator CEDDG7E-3F AVR Diiselmootor (euro v) 1 silindriga \u00d5hkjahutusega cedrus-generaator-ceddg7e-3f-diesel-66-71-kw","robots":{"index":"index","follow":"follow","max-snippet":"max-snippet:-1","max-image-preview":"max-image-preview:large","max-video-preview":"max-video-preview:-1"},"canonical":"https:\/\/ranoja.ee\/toode\/cedrus-diiselmootoriga-generaator-ceddg7e-3f\/","og_locale":"en_US","og_type":"article","og_title":"Cedrus diiselmootoriga generaator CEDDG7E-3F","og_description":"Cedrus diiselmootoriga generaator CEDDG7E-3F AVR Diiselmootor (euro v) 1 silindriga \u00d5hkjahutusega cedrus-generaator-ceddg7e-3f-diesel-66-71-kw","og_url":"https:\/\/ranoja.ee\/toode\/cedrus-diiselmootoriga-generaator-ceddg7e-3f\/","og_site_name":"Ranoja","article_publisher":"https:\/\/www.facebook.com\/ranoja.ee","article_modified_time":"2026-04-14T08:59:27+00:00","og_image":[{"width":800,"height":746,"url":"https:\/\/ranoja.ee\/wp-content\/uploads\/2023\/07\/Cedrus-generaator-CEDDG7E-3F-Diesel-71-kw.jpg","type":"image\/jpeg"}],"twitter_card":"summary_large_image","twitter_misc":{"Est. reading time":"2 minutes"},"schema":{"@context":"https:\/\/schema.org","@graph":[{"@type":"WebPage","@id":"https:\/\/ranoja.ee\/toode\/cedrus-diiselmootoriga-generaator-ceddg7e-3f\/","url":"https:\/\/ranoja.ee\/toode\/cedrus-diiselmootoriga-generaator-ceddg7e-3f\/","name":"Cedrus diiselmootoriga generaator CEDDG7E-3F","isPartOf":{"@id":"https:\/\/ranoja.ee\/#website"},"primaryImageOfPage":{"@id":"https:\/\/ranoja.ee\/toode\/cedrus-diiselmootoriga-generaator-ceddg7e-3f\/#primaryimage"},"image":{"@id":"https:\/\/ranoja.ee\/toode\/cedrus-diiselmootoriga-generaator-ceddg7e-3f\/#primaryimage"},"thumbnailUrl":"https:\/\/ranoja.ee\/wp-content\/uploads\/2023\/07\/Cedrus-generaator-CEDDG7E-3F-Diesel-71-kw.jpg","datePublished":"2023-07-24T12:03:46+00:00","dateModified":"2026-04-14T08:59:27+00:00","description":"Cedrus diiselmootoriga generaator CEDDG7E-3F AVR Diiselmootor (euro v) 1 silindriga \u00d5hkjahutusega cedrus-generaator-ceddg7e-3f-diesel-66-71-kw","breadcrumb":{"@id":"https:\/\/ranoja.ee\/toode\/cedrus-diiselmootoriga-generaator-ceddg7e-3f\/#breadcrumb"},"inLanguage":"en-US","potentialAction":[{"@type":"ReadAction","target":["https:\/\/ranoja.ee\/toode\/cedrus-diiselmootoriga-generaator-ceddg7e-3f\/"]}]},{"@type":"ImageObject","inLanguage":"en-US","@id":"https:\/\/ranoja.ee\/toode\/cedrus-diiselmootoriga-generaator-ceddg7e-3f\/#primaryimage","url":"https:\/\/ranoja.ee\/wp-content\/uploads\/2023\/07\/Cedrus-generaator-CEDDG7E-3F-Diesel-71-kw.jpg","contentUrl":"https:\/\/ranoja.ee\/wp-content\/uploads\/2023\/07\/Cedrus-generaator-CEDDG7E-3F-Diesel-71-kw.jpg","width":800,"height":746,"caption":"Cedrus generaator CEDDG7E-3F Diesel 7,1 kw"},{"@type":"BreadcrumbList","@id":"https:\/\/ranoja.ee\/toode\/cedrus-diiselmootoriga-generaator-ceddg7e-3f\/#breadcrumb","itemListElement":[{"@type":"ListItem","position":1,"name":"Home","item":"https:\/\/ranoja.ee\/"},{"@type":"ListItem","position":2,"name":"Shop","item":"https:\/\/ranoja.ee\/en\/shop\/"},{"@type":"ListItem","position":3,"name":"Cedrus generaator CEDDG7E-3F Diesel 7,1 kw"}]},{"@type":"WebSite","@id":"https:\/\/ranoja.ee\/#website","url":"https:\/\/ranoja.ee\/","name":"Ranoja","description":"Equipment Shop WooCommerce WordPress Theme for Machine &amp; Tools","publisher":{"@id":"https:\/\/ranoja.ee\/#organization"},"potentialAction":[{"@type":"SearchAction","target":{"@type":"EntryPoint","urlTemplate":"https:\/\/ranoja.ee\/?s={search_term_string}"},"query-input":{"@type":"PropertyValueSpecification","valueRequired":true,"valueName":"search_term_string"}}],"inLanguage":"en-US"},{"@type":"Organization","@id":"https:\/\/ranoja.ee\/#organization","name":"Ranoja O\u00dc","url":"https:\/\/ranoja.ee\/","logo":{"@type":"ImageObject","inLanguage":"en-US","@id":"https:\/\/ranoja.ee\/#\/schema\/logo\/image\/","url":"https:\/\/ranoja.ee\/wp-content\/uploads\/2023\/11\/ranoja-Logo.png","contentUrl":"https:\/\/ranoja.ee\/wp-content\/uploads\/2023\/11\/ranoja-Logo.png","width":207,"height":58,"caption":"Ranoja O\u00dc"},"image":{"@id":"https:\/\/ranoja.ee\/#\/schema\/logo\/image\/"},"sameAs":["https:\/\/www.facebook.com\/ranoja.ee","https:\/\/www.instagram.com\/ranoja__\/"]}]}},"_links":{"self":[{"href":"https:\/\/ranoja.ee\/en\/wp-json\/wp\/v2\/product\/4001","targetHints":{"allow":["GET"]}}],"collection":[{"href":"https:\/\/ranoja.ee\/en\/wp-json\/wp\/v2\/product"}],"about":[{"href":"https:\/\/ranoja.ee\/en\/wp-json\/wp\/v2\/types\/product"}],"wp:featuredmedia":[{"embeddable":true,"href":"https:\/\/ranoja.ee\/en\/wp-json\/wp\/v2\/media\/12474"}],"wp:attachment":[{"href":"https:\/\/ranoja.ee\/en\/wp-json\/wp\/v2\/media?parent=4001"}],"wp:term":[{"taxonomy":"product_cat","embeddable":true,"href":"https:\/\/ranoja.ee\/en\/wp-json\/wp\/v2\/product_cat?post=4001"},{"taxonomy":"product_tag","embeddable":true,"href":"https:\/\/ranoja.ee\/en\/wp-json\/wp\/v2\/product_tag?post=4001"}],"curies":[{"name":"wp","href":"https:\/\/api.w.org\/{rel}","templated":true}]}}