{"id":39912,"date":"2026-02-12T18:04:38","date_gmt":"2026-02-12T15:04:38","guid":{"rendered":"https:\/\/ranoja.ee\/?post_type=product&#038;p=39912"},"modified":"2026-02-12T18:13:25","modified_gmt":"2026-02-12T15:13:25","slug":"cedfch8-kiirlaadija","status":"publish","type":"product","link":"https:\/\/ranoja.ee\/en\/toode\/cedfch8-kiirlaadija\/","title":{"rendered":"CEDFCH8 Kiirlaadija"},"content":{"rendered":"<p>CEDFCH8 Kiirlaadija<br \/>\nAkut\u00f6\u00f6riistade akud ja laadijad on olulised komponendid, mis tagavad t\u00f6\u00f6riistade n\u00f5uetekohase toimimise ja aku t\u00f6\u00f6ea pikendamise. Siin on m\u00f5ned olulised punktid akude ja laadijate kohta:<\/p>\n<p>T\u00e4iustatud statsionaarne laadija, mis on loodud intensiivseks kasutamiseks remondit\u00f6\u00f6kodades ja ettev\u00f5tetes. See toetab \u00fchte akut, kuid laeb kuni neli korda kiiremini kui tavalised laadijad. Varustatud jahutusventilaatori ja s\u00fcsteemiga, mis valib laadimisvoolu nutikalt aku mahutavuse p\u00f5hjal. LCD-ekraan kuvab praegust laadimise olekut. \u00dchildub Cedrus Power+ 20V s\u00fcsteemiga.<\/p>\n<p>Tootele kehtib 3-aastane garantii.<\/p>\n<p>CEDRUS on \u00fcks suurimaid aiandusmasinate, t\u00f6\u00f6riistade ning metsandus tarvikute edasim\u00fc\u00fcjaid Poolas.<br \/>\nMeie eesm\u00e4rk on pakkuda klientidele k\u00f5rgeima kvaliteediga tooteid konkurentsiv\u00f5imeliste hindadega.<br \/>\nAlates 2016. aastast oleme arendanud ka oma kaubam\u00e4rgi all olevat tootesarja Cedrus.<br \/>\nHetkel pakume enam kui 100 t\u00fc\u00fcpi CEDRUS kaubam\u00e4rgi aia- ja ehitusmasinaid, samuti k\u00f5iki hooldustarvikuid ja varuosi.<br \/>\n<img decoding=\"async\" src=\"https:\/\/www.ranoja.ee\/wp-content\/uploads\/2023\/07\/cedrus-logo-vaike-1-300x99.png\" alt=\"\" width=\"300\" height=\"99\" class=\"alignnone size-medium wp-image-5896\" srcset=\"https:\/\/ranoja.ee\/wp-content\/uploads\/2023\/07\/cedrus-logo-vaike-1-300x99.png 300w, https:\/\/ranoja.ee\/wp-content\/uploads\/2023\/07\/cedrus-logo-vaike-1.png 431w\" sizes=\"(max-width: 300px) 100vw, 300px\" \/><br \/>\nCEDFCH8 Kiirlaadija<\/p>\n","protected":false},"excerpt":{"rendered":"<p>CEDFCH8 Kiirlaadija<\/p>\n<p>Laadimisvool: 2.4 to 8.0 A<br \/>\nDisplei laadimise j\u00e4lgimiseks<br \/>\n<strong>Sobib k\u00f5ikide Cedrus power + akude laadimiseks!<\/strong><br \/>\n<span style=\"color: #000000;\"><strong>Garantii 1 aasta (eraisikule 3 aastat)<\/strong><\/span><br \/>\n<strong><span style=\"color: #339966;\">ANTUD SEADMEGA SAAB TUTVUDA MEIE PAIDE ESINDUSES KOHAPEAL!<\/span><\/strong><\/p>\n","protected":false},"featured_media":39914,"template":"","meta":{"inline_featured_image":false},"product_cat":[1115,1094],"product_tag":[200,201,199,203,879,202,137],"class_list":{"0":"post-39912","1":"product","2":"type-product","3":"status-publish","4":"has-post-thumbnail","6":"product_brand-cedrus","7":"product_cat-akud-ja-laadijad","8":"product_cat-akutooriistad","9":"product_tag-2ah","10":"product_tag-4ah","11":"product_tag-6ah","12":"product_tag-akulaadija","13":"product_tag-allahindlus","14":"product_tag-ceddch3-0","15":"product_tag-cedrus","17":"first","18":"instock","19":"taxable","20":"shipping-taxable","21":"purchasable","22":"product-type-simple"},"yoast_head":"<!-- This site is optimized with the Yoast SEO plugin v27.4 - https:\/\/yoast.com\/product\/yoast-seo-wordpress\/ -->\n<title>CEDFCH8 Kiirlaadija<\/title>\n<meta name=\"description\" content=\"CEDFCH8 Kiirlaadija - LCD-ekraan kuvab praegust laadimise olekut. \u00dchildub Cedrus Power+ 20V s\u00fcsteemiga. KIIRE LAADIMINE AKUT\u00d6\u00d6RIISTADELE!\" \/>\n<meta name=\"robots\" content=\"index, follow, max-snippet:-1, max-image-preview:large, max-video-preview:-1\" \/>\n<link rel=\"canonical\" href=\"https:\/\/ranoja.ee\/toode\/cedfch8-kiirlaadija\/\" \/>\n<meta property=\"og:locale\" content=\"en_US\" \/>\n<meta property=\"og:type\" content=\"article\" \/>\n<meta property=\"og:title\" content=\"CEDFCH8 Kiirlaadija\" \/>\n<meta property=\"og:description\" content=\"CEDFCH8 Kiirlaadija - LCD-ekraan kuvab praegust laadimise olekut. \u00dchildub Cedrus Power+ 20V s\u00fcsteemiga. KIIRE LAADIMINE AKUT\u00d6\u00d6RIISTADELE!\" \/>\n<meta property=\"og:url\" content=\"https:\/\/ranoja.ee\/toode\/cedfch8-kiirlaadija\/\" \/>\n<meta property=\"og:site_name\" content=\"Ranoja\" \/>\n<meta property=\"article:publisher\" content=\"https:\/\/www.facebook.com\/ranoja.ee\" \/>\n<meta property=\"article:modified_time\" content=\"2026-02-12T15:13:25+00:00\" \/>\n<meta property=\"og:image\" content=\"https:\/\/ranoja.ee\/wp-content\/uploads\/2026\/02\/CEDFCH8-Kiirlaadija.jpg\" \/>\n\t<meta property=\"og:image:width\" content=\"1200\" \/>\n\t<meta property=\"og:image:height\" content=\"800\" \/>\n\t<meta property=\"og:image:type\" content=\"image\/jpeg\" \/>\n<meta name=\"twitter:card\" content=\"summary_large_image\" \/>\n<meta name=\"twitter:label1\" content=\"Est. reading time\" \/>\n\t<meta name=\"twitter:data1\" content=\"2 minutes\" \/>\n<script type=\"application\/ld+json\" class=\"yoast-schema-graph\">{\"@context\":\"https:\\\/\\\/schema.org\",\"@graph\":[{\"@type\":\"WebPage\",\"@id\":\"https:\\\/\\\/ranoja.ee\\\/toode\\\/cedfch8-kiirlaadija\\\/\",\"url\":\"https:\\\/\\\/ranoja.ee\\\/toode\\\/cedfch8-kiirlaadija\\\/\",\"name\":\"CEDFCH8 Kiirlaadija\",\"isPartOf\":{\"@id\":\"https:\\\/\\\/ranoja.ee\\\/#website\"},\"primaryImageOfPage\":{\"@id\":\"https:\\\/\\\/ranoja.ee\\\/toode\\\/cedfch8-kiirlaadija\\\/#primaryimage\"},\"image\":{\"@id\":\"https:\\\/\\\/ranoja.ee\\\/toode\\\/cedfch8-kiirlaadija\\\/#primaryimage\"},\"thumbnailUrl\":\"https:\\\/\\\/ranoja.ee\\\/wp-content\\\/uploads\\\/2026\\\/02\\\/CEDFCH8-Kiirlaadija.jpg\",\"datePublished\":\"2026-02-12T15:04:38+00:00\",\"dateModified\":\"2026-02-12T15:13:25+00:00\",\"description\":\"CEDFCH8 Kiirlaadija - LCD-ekraan kuvab praegust laadimise olekut. \u00dchildub Cedrus Power+ 20V s\u00fcsteemiga. KIIRE LAADIMINE AKUT\u00d6\u00d6RIISTADELE!\",\"breadcrumb\":{\"@id\":\"https:\\\/\\\/ranoja.ee\\\/toode\\\/cedfch8-kiirlaadija\\\/#breadcrumb\"},\"inLanguage\":\"en-US\",\"potentialAction\":[{\"@type\":\"ReadAction\",\"target\":[\"https:\\\/\\\/ranoja.ee\\\/toode\\\/cedfch8-kiirlaadija\\\/\"]}]},{\"@type\":\"ImageObject\",\"inLanguage\":\"en-US\",\"@id\":\"https:\\\/\\\/ranoja.ee\\\/toode\\\/cedfch8-kiirlaadija\\\/#primaryimage\",\"url\":\"https:\\\/\\\/ranoja.ee\\\/wp-content\\\/uploads\\\/2026\\\/02\\\/CEDFCH8-Kiirlaadija.jpg\",\"contentUrl\":\"https:\\\/\\\/ranoja.ee\\\/wp-content\\\/uploads\\\/2026\\\/02\\\/CEDFCH8-Kiirlaadija.jpg\",\"width\":1200,\"height\":800,\"caption\":\"CEDFCH8 Kiirlaadija\"},{\"@type\":\"BreadcrumbList\",\"@id\":\"https:\\\/\\\/ranoja.ee\\\/toode\\\/cedfch8-kiirlaadija\\\/#breadcrumb\",\"itemListElement\":[{\"@type\":\"ListItem\",\"position\":1,\"name\":\"Home\",\"item\":\"https:\\\/\\\/ranoja.ee\\\/\"},{\"@type\":\"ListItem\",\"position\":2,\"name\":\"Shop\",\"item\":\"https:\\\/\\\/ranoja.ee\\\/en\\\/shop\\\/\"},{\"@type\":\"ListItem\",\"position\":3,\"name\":\"CEDFCH8 Kiirlaadija\"}]},{\"@type\":\"WebSite\",\"@id\":\"https:\\\/\\\/ranoja.ee\\\/#website\",\"url\":\"https:\\\/\\\/ranoja.ee\\\/\",\"name\":\"Ranoja\",\"description\":\"Equipment Shop WooCommerce WordPress Theme for Machine &amp; Tools\",\"publisher\":{\"@id\":\"https:\\\/\\\/ranoja.ee\\\/#organization\"},\"potentialAction\":[{\"@type\":\"SearchAction\",\"target\":{\"@type\":\"EntryPoint\",\"urlTemplate\":\"https:\\\/\\\/ranoja.ee\\\/?s={search_term_string}\"},\"query-input\":{\"@type\":\"PropertyValueSpecification\",\"valueRequired\":true,\"valueName\":\"search_term_string\"}}],\"inLanguage\":\"en-US\"},{\"@type\":\"Organization\",\"@id\":\"https:\\\/\\\/ranoja.ee\\\/#organization\",\"name\":\"Ranoja O\u00dc\",\"url\":\"https:\\\/\\\/ranoja.ee\\\/\",\"logo\":{\"@type\":\"ImageObject\",\"inLanguage\":\"en-US\",\"@id\":\"https:\\\/\\\/ranoja.ee\\\/#\\\/schema\\\/logo\\\/image\\\/\",\"url\":\"https:\\\/\\\/ranoja.ee\\\/wp-content\\\/uploads\\\/2023\\\/11\\\/ranoja-Logo.png\",\"contentUrl\":\"https:\\\/\\\/ranoja.ee\\\/wp-content\\\/uploads\\\/2023\\\/11\\\/ranoja-Logo.png\",\"width\":207,\"height\":58,\"caption\":\"Ranoja O\u00dc\"},\"image\":{\"@id\":\"https:\\\/\\\/ranoja.ee\\\/#\\\/schema\\\/logo\\\/image\\\/\"},\"sameAs\":[\"https:\\\/\\\/www.facebook.com\\\/ranoja.ee\",\"https:\\\/\\\/www.instagram.com\\\/ranoja__\\\/\"]}]}<\/script>\n<!-- \/ Yoast SEO plugin. -->","yoast_head_json":{"title":"CEDFCH8 Kiirlaadija","description":"CEDFCH8 Kiirlaadija - LCD-ekraan kuvab praegust laadimise olekut. \u00dchildub Cedrus Power+ 20V s\u00fcsteemiga. KIIRE LAADIMINE AKUT\u00d6\u00d6RIISTADELE!","robots":{"index":"index","follow":"follow","max-snippet":"max-snippet:-1","max-image-preview":"max-image-preview:large","max-video-preview":"max-video-preview:-1"},"canonical":"https:\/\/ranoja.ee\/toode\/cedfch8-kiirlaadija\/","og_locale":"en_US","og_type":"article","og_title":"CEDFCH8 Kiirlaadija","og_description":"CEDFCH8 Kiirlaadija - LCD-ekraan kuvab praegust laadimise olekut. \u00dchildub Cedrus Power+ 20V s\u00fcsteemiga. KIIRE LAADIMINE AKUT\u00d6\u00d6RIISTADELE!","og_url":"https:\/\/ranoja.ee\/toode\/cedfch8-kiirlaadija\/","og_site_name":"Ranoja","article_publisher":"https:\/\/www.facebook.com\/ranoja.ee","article_modified_time":"2026-02-12T15:13:25+00:00","og_image":[{"width":1200,"height":800,"url":"https:\/\/ranoja.ee\/wp-content\/uploads\/2026\/02\/CEDFCH8-Kiirlaadija.jpg","type":"image\/jpeg"}],"twitter_card":"summary_large_image","twitter_misc":{"Est. reading time":"2 minutes"},"schema":{"@context":"https:\/\/schema.org","@graph":[{"@type":"WebPage","@id":"https:\/\/ranoja.ee\/toode\/cedfch8-kiirlaadija\/","url":"https:\/\/ranoja.ee\/toode\/cedfch8-kiirlaadija\/","name":"CEDFCH8 Kiirlaadija","isPartOf":{"@id":"https:\/\/ranoja.ee\/#website"},"primaryImageOfPage":{"@id":"https:\/\/ranoja.ee\/toode\/cedfch8-kiirlaadija\/#primaryimage"},"image":{"@id":"https:\/\/ranoja.ee\/toode\/cedfch8-kiirlaadija\/#primaryimage"},"thumbnailUrl":"https:\/\/ranoja.ee\/wp-content\/uploads\/2026\/02\/CEDFCH8-Kiirlaadija.jpg","datePublished":"2026-02-12T15:04:38+00:00","dateModified":"2026-02-12T15:13:25+00:00","description":"CEDFCH8 Kiirlaadija - LCD-ekraan kuvab praegust laadimise olekut. \u00dchildub Cedrus Power+ 20V s\u00fcsteemiga. KIIRE LAADIMINE AKUT\u00d6\u00d6RIISTADELE!","breadcrumb":{"@id":"https:\/\/ranoja.ee\/toode\/cedfch8-kiirlaadija\/#breadcrumb"},"inLanguage":"en-US","potentialAction":[{"@type":"ReadAction","target":["https:\/\/ranoja.ee\/toode\/cedfch8-kiirlaadija\/"]}]},{"@type":"ImageObject","inLanguage":"en-US","@id":"https:\/\/ranoja.ee\/toode\/cedfch8-kiirlaadija\/#primaryimage","url":"https:\/\/ranoja.ee\/wp-content\/uploads\/2026\/02\/CEDFCH8-Kiirlaadija.jpg","contentUrl":"https:\/\/ranoja.ee\/wp-content\/uploads\/2026\/02\/CEDFCH8-Kiirlaadija.jpg","width":1200,"height":800,"caption":"CEDFCH8 Kiirlaadija"},{"@type":"BreadcrumbList","@id":"https:\/\/ranoja.ee\/toode\/cedfch8-kiirlaadija\/#breadcrumb","itemListElement":[{"@type":"ListItem","position":1,"name":"Home","item":"https:\/\/ranoja.ee\/"},{"@type":"ListItem","position":2,"name":"Shop","item":"https:\/\/ranoja.ee\/en\/shop\/"},{"@type":"ListItem","position":3,"name":"CEDFCH8 Kiirlaadija"}]},{"@type":"WebSite","@id":"https:\/\/ranoja.ee\/#website","url":"https:\/\/ranoja.ee\/","name":"Ranoja","description":"Equipment Shop WooCommerce WordPress Theme for Machine &amp; Tools","publisher":{"@id":"https:\/\/ranoja.ee\/#organization"},"potentialAction":[{"@type":"SearchAction","target":{"@type":"EntryPoint","urlTemplate":"https:\/\/ranoja.ee\/?s={search_term_string}"},"query-input":{"@type":"PropertyValueSpecification","valueRequired":true,"valueName":"search_term_string"}}],"inLanguage":"en-US"},{"@type":"Organization","@id":"https:\/\/ranoja.ee\/#organization","name":"Ranoja O\u00dc","url":"https:\/\/ranoja.ee\/","logo":{"@type":"ImageObject","inLanguage":"en-US","@id":"https:\/\/ranoja.ee\/#\/schema\/logo\/image\/","url":"https:\/\/ranoja.ee\/wp-content\/uploads\/2023\/11\/ranoja-Logo.png","contentUrl":"https:\/\/ranoja.ee\/wp-content\/uploads\/2023\/11\/ranoja-Logo.png","width":207,"height":58,"caption":"Ranoja O\u00dc"},"image":{"@id":"https:\/\/ranoja.ee\/#\/schema\/logo\/image\/"},"sameAs":["https:\/\/www.facebook.com\/ranoja.ee","https:\/\/www.instagram.com\/ranoja__\/"]}]}},"_links":{"self":[{"href":"https:\/\/ranoja.ee\/en\/wp-json\/wp\/v2\/product\/39912","targetHints":{"allow":["GET"]}}],"collection":[{"href":"https:\/\/ranoja.ee\/en\/wp-json\/wp\/v2\/product"}],"about":[{"href":"https:\/\/ranoja.ee\/en\/wp-json\/wp\/v2\/types\/product"}],"wp:featuredmedia":[{"embeddable":true,"href":"https:\/\/ranoja.ee\/en\/wp-json\/wp\/v2\/media\/39914"}],"wp:attachment":[{"href":"https:\/\/ranoja.ee\/en\/wp-json\/wp\/v2\/media?parent=39912"}],"wp:term":[{"taxonomy":"product_cat","embeddable":true,"href":"https:\/\/ranoja.ee\/en\/wp-json\/wp\/v2\/product_cat?post=39912"},{"taxonomy":"product_tag","embeddable":true,"href":"https:\/\/ranoja.ee\/en\/wp-json\/wp\/v2\/product_tag?post=39912"}],"curies":[{"name":"wp","href":"https:\/\/api.w.org\/{rel}","templated":true}]}}