{"id":39907,"date":"2026-02-12T17:47:00","date_gmt":"2026-02-12T14:47:00","guid":{"rendered":"https:\/\/ranoja.ee\/?post_type=product&#038;p=39907"},"modified":"2026-02-12T17:58:43","modified_gmt":"2026-02-12T14:58:43","slug":"cedli-ion-8ah-aku","status":"publish","type":"product","link":"https:\/\/ranoja.ee\/en\/toode\/cedli-ion-8ah-aku\/","title":{"rendered":"CEDLI-ION 8AH Aku"},"content":{"rendered":"<p>CEDLI-ION 8AH Aku<br \/>\nAkut\u00f6\u00f6riistade akud ja laadijad on olulised komponendid, mis tagavad t\u00f6\u00f6riistade n\u00f5uetekohase toimimise ja aku t\u00f6\u00f6ea pikendamise. Siin on m\u00f5ned olulised punktid akude ja laadijate kohta:<\/p>\n<p>Akud:<\/p>\n<p>T\u00fc\u00fcbid: Akut\u00f6\u00f6riistade jaoks kasutatakse tavaliselt mitmeid erinevaid akut\u00fc\u00fcpe, sealhulgas nikkel-kadmiumpatareisid (NiCd), nikkel-metallh\u00fcdriidakusid (NiMH) ja liitiumioonakusid (Li-ion).<br \/>\nMahutavus: Akude mahutavus m\u00e4\u00e4rab nende energiakoguse ja t\u00f6\u00f6aja \u00fche laadimise kohta. Suurema mahutavusega akud pakuvad pikemat t\u00f6\u00f6aega, kuid v\u00f5ivad olla raskemad ja kallimad.<br \/>\nPinge: Akude pinge m\u00f5jutab t\u00f6\u00f6riista v\u00f5imsust. Tavalised pinged on 12V, 18V ja 20V, kuid suuremad pinged v\u00f5ivad pakkuda suuremat j\u00f5udlust.<br \/>\nEluts\u00fckkel: Aku eluts\u00fckkel viitab sellele, kui palju laadimis- ja t\u00fchjenemists\u00fckleid aku suudab l\u00e4bida enne, kui selle j\u00f5udlus hakkab langema.<br \/>\nLaadijad:<\/p>\n<p>CEDRUS on \u00fcks suurimaid aiandusmasinate, t\u00f6\u00f6riistade ning metsandus tarvikute edasim\u00fc\u00fcjaid Poolas.<br \/>\nMeie eesm\u00e4rk on pakkuda klientidele k\u00f5rgeima kvaliteediga tooteid konkurentsiv\u00f5imeliste hindadega.<br \/>\nAlates 2016. aastast oleme arendanud ka oma kaubam\u00e4rgi all olevat tootesarja Cedrus.<br \/>\nHetkel pakume enam kui 100 t\u00fc\u00fcpi CEDRUS kaubam\u00e4rgi aia- ja ehitusmasinaid, samuti k\u00f5iki hooldustarvikuid ja varuosi.<br \/>\n<img decoding=\"async\" src=\"https:\/\/www.ranoja.ee\/wp-content\/uploads\/2023\/07\/cedrus-logo-vaike-1-300x99.png\" alt=\"\" width=\"300\" height=\"99\" class=\"alignnone size-medium wp-image-5896\" srcset=\"https:\/\/ranoja.ee\/wp-content\/uploads\/2023\/07\/cedrus-logo-vaike-1-300x99.png 300w, https:\/\/ranoja.ee\/wp-content\/uploads\/2023\/07\/cedrus-logo-vaike-1.png 431w\" sizes=\"(max-width: 300px) 100vw, 300px\" \/><br \/>\nCEDLI-ION 8AH Aku<\/p>\n","protected":false},"excerpt":{"rendered":"<p>CEDLI-ION 8AH Aku<br \/>\nAku<br \/>\n20V<br \/>\nLi-ion t\u00fc\u00fcp<br \/>\nMahutuvus 8ah<br \/>\nLed indikaator n\u00e4itab aku t\u00e4ituvust<br \/>\nLaadimisaeg ca 60 min<br \/>\n<span style=\"color: #000000;\"><strong>Garantii 1 aasta (eraisikule 3 aastat)<\/strong><\/span><br \/>\n<strong>Aku sobib k\u00f5ikidele Cedrus Power + seeria akut\u00f6\u00f6riistadele!<\/strong><br \/>\n<strong><span style=\"color: #339966;\">ANTUD SEADMEGA SAAB TUTVUDA MEIE PAIDE ESINDUSES KOHAPEAL!<\/span><\/strong><\/p>\n","protected":false},"featured_media":39908,"template":"","meta":{"inline_featured_image":false},"product_cat":[1115,1094,895],"product_tag":[192,879,191,3582,137],"class_list":{"0":"post-39907","1":"product","2":"type-product","3":"status-publish","4":"has-post-thumbnail","6":"product_brand-cedrus","7":"product_cat-akud-ja-laadijad","8":"product_cat-akutooriistad","9":"product_cat-parimad-pakkumised-aiatehnikale-ja-ehitustehnikale","10":"product_tag-aku","11":"product_tag-allahindlus","12":"product_tag-cedli-ion-2ah","13":"product_tag-cedli-ion-8ah-aku","14":"product_tag-cedrus","16":"first","17":"instock","18":"sale","19":"taxable","20":"shipping-taxable","21":"purchasable","22":"product-type-simple"},"yoast_head":"<!-- This site is optimized with the Yoast SEO plugin v27.4 - https:\/\/yoast.com\/product\/yoast-seo-wordpress\/ -->\n<title>CEDLI-ION 8AH Aku<\/title>\n<meta name=\"description\" content=\"CEDLI-ION 8AH Aku - Power+ seeria aku pakub pikka eluiga, stabiilset pinget ja kiiret laadimist. Led indikaator n\u00e4itab aku t\u00e4ituvust Laadimisaeg 60 min\" \/>\n<meta name=\"robots\" content=\"index, follow, max-snippet:-1, max-image-preview:large, max-video-preview:-1\" \/>\n<link rel=\"canonical\" href=\"https:\/\/ranoja.ee\/toode\/cedli-ion-8ah-aku\/\" \/>\n<meta property=\"og:locale\" content=\"en_US\" \/>\n<meta property=\"og:type\" content=\"article\" \/>\n<meta property=\"og:title\" content=\"CEDLI-ION 8AH Aku\" \/>\n<meta property=\"og:description\" content=\"CEDLI-ION 8AH Aku - Power+ seeria aku pakub pikka eluiga, stabiilset pinget ja kiiret laadimist. Led indikaator n\u00e4itab aku t\u00e4ituvust Laadimisaeg 60 min\" \/>\n<meta property=\"og:url\" content=\"https:\/\/ranoja.ee\/toode\/cedli-ion-8ah-aku\/\" \/>\n<meta property=\"og:site_name\" content=\"Ranoja\" \/>\n<meta property=\"article:publisher\" content=\"https:\/\/www.facebook.com\/ranoja.ee\" \/>\n<meta property=\"article:modified_time\" content=\"2026-02-12T14:58:43+00:00\" \/>\n<meta property=\"og:image\" content=\"https:\/\/ranoja.ee\/wp-content\/uploads\/2026\/02\/CEDLI-ION-8AH-Aku.jpg\" \/>\n\t<meta property=\"og:image:width\" content=\"1200\" \/>\n\t<meta property=\"og:image:height\" content=\"800\" \/>\n\t<meta property=\"og:image:type\" content=\"image\/jpeg\" \/>\n<meta name=\"twitter:card\" content=\"summary_large_image\" \/>\n<meta name=\"twitter:label1\" content=\"Est. reading time\" \/>\n\t<meta name=\"twitter:data1\" content=\"2 minutes\" \/>\n<script type=\"application\/ld+json\" class=\"yoast-schema-graph\">{\"@context\":\"https:\\\/\\\/schema.org\",\"@graph\":[{\"@type\":\"WebPage\",\"@id\":\"https:\\\/\\\/ranoja.ee\\\/toode\\\/cedli-ion-8ah-aku\\\/\",\"url\":\"https:\\\/\\\/ranoja.ee\\\/toode\\\/cedli-ion-8ah-aku\\\/\",\"name\":\"CEDLI-ION 8AH Aku\",\"isPartOf\":{\"@id\":\"https:\\\/\\\/ranoja.ee\\\/#website\"},\"primaryImageOfPage\":{\"@id\":\"https:\\\/\\\/ranoja.ee\\\/toode\\\/cedli-ion-8ah-aku\\\/#primaryimage\"},\"image\":{\"@id\":\"https:\\\/\\\/ranoja.ee\\\/toode\\\/cedli-ion-8ah-aku\\\/#primaryimage\"},\"thumbnailUrl\":\"https:\\\/\\\/ranoja.ee\\\/wp-content\\\/uploads\\\/2026\\\/02\\\/CEDLI-ION-8AH-Aku.jpg\",\"datePublished\":\"2026-02-12T14:47:00+00:00\",\"dateModified\":\"2026-02-12T14:58:43+00:00\",\"description\":\"CEDLI-ION 8AH Aku - Power+ seeria aku pakub pikka eluiga, stabiilset pinget ja kiiret laadimist. Led indikaator n\u00e4itab aku t\u00e4ituvust Laadimisaeg 60 min\",\"breadcrumb\":{\"@id\":\"https:\\\/\\\/ranoja.ee\\\/toode\\\/cedli-ion-8ah-aku\\\/#breadcrumb\"},\"inLanguage\":\"en-US\",\"potentialAction\":[{\"@type\":\"ReadAction\",\"target\":[\"https:\\\/\\\/ranoja.ee\\\/toode\\\/cedli-ion-8ah-aku\\\/\"]}]},{\"@type\":\"ImageObject\",\"inLanguage\":\"en-US\",\"@id\":\"https:\\\/\\\/ranoja.ee\\\/toode\\\/cedli-ion-8ah-aku\\\/#primaryimage\",\"url\":\"https:\\\/\\\/ranoja.ee\\\/wp-content\\\/uploads\\\/2026\\\/02\\\/CEDLI-ION-8AH-Aku.jpg\",\"contentUrl\":\"https:\\\/\\\/ranoja.ee\\\/wp-content\\\/uploads\\\/2026\\\/02\\\/CEDLI-ION-8AH-Aku.jpg\",\"width\":1200,\"height\":800,\"caption\":\"CEDLI-ION 8AH Aku\"},{\"@type\":\"BreadcrumbList\",\"@id\":\"https:\\\/\\\/ranoja.ee\\\/toode\\\/cedli-ion-8ah-aku\\\/#breadcrumb\",\"itemListElement\":[{\"@type\":\"ListItem\",\"position\":1,\"name\":\"Home\",\"item\":\"https:\\\/\\\/ranoja.ee\\\/\"},{\"@type\":\"ListItem\",\"position\":2,\"name\":\"Shop\",\"item\":\"https:\\\/\\\/ranoja.ee\\\/en\\\/shop\\\/\"},{\"@type\":\"ListItem\",\"position\":3,\"name\":\"CEDLI-ION 8AH Aku\"}]},{\"@type\":\"WebSite\",\"@id\":\"https:\\\/\\\/ranoja.ee\\\/#website\",\"url\":\"https:\\\/\\\/ranoja.ee\\\/\",\"name\":\"Ranoja\",\"description\":\"Equipment Shop WooCommerce WordPress Theme for Machine &amp; Tools\",\"publisher\":{\"@id\":\"https:\\\/\\\/ranoja.ee\\\/#organization\"},\"potentialAction\":[{\"@type\":\"SearchAction\",\"target\":{\"@type\":\"EntryPoint\",\"urlTemplate\":\"https:\\\/\\\/ranoja.ee\\\/?s={search_term_string}\"},\"query-input\":{\"@type\":\"PropertyValueSpecification\",\"valueRequired\":true,\"valueName\":\"search_term_string\"}}],\"inLanguage\":\"en-US\"},{\"@type\":\"Organization\",\"@id\":\"https:\\\/\\\/ranoja.ee\\\/#organization\",\"name\":\"Ranoja O\u00dc\",\"url\":\"https:\\\/\\\/ranoja.ee\\\/\",\"logo\":{\"@type\":\"ImageObject\",\"inLanguage\":\"en-US\",\"@id\":\"https:\\\/\\\/ranoja.ee\\\/#\\\/schema\\\/logo\\\/image\\\/\",\"url\":\"https:\\\/\\\/ranoja.ee\\\/wp-content\\\/uploads\\\/2023\\\/11\\\/ranoja-Logo.png\",\"contentUrl\":\"https:\\\/\\\/ranoja.ee\\\/wp-content\\\/uploads\\\/2023\\\/11\\\/ranoja-Logo.png\",\"width\":207,\"height\":58,\"caption\":\"Ranoja O\u00dc\"},\"image\":{\"@id\":\"https:\\\/\\\/ranoja.ee\\\/#\\\/schema\\\/logo\\\/image\\\/\"},\"sameAs\":[\"https:\\\/\\\/www.facebook.com\\\/ranoja.ee\",\"https:\\\/\\\/www.instagram.com\\\/ranoja__\\\/\"]}]}<\/script>\n<!-- \/ Yoast SEO plugin. -->","yoast_head_json":{"title":"CEDLI-ION 8AH Aku","description":"CEDLI-ION 8AH Aku - Power+ seeria aku pakub pikka eluiga, stabiilset pinget ja kiiret laadimist. Led indikaator n\u00e4itab aku t\u00e4ituvust Laadimisaeg 60 min","robots":{"index":"index","follow":"follow","max-snippet":"max-snippet:-1","max-image-preview":"max-image-preview:large","max-video-preview":"max-video-preview:-1"},"canonical":"https:\/\/ranoja.ee\/toode\/cedli-ion-8ah-aku\/","og_locale":"en_US","og_type":"article","og_title":"CEDLI-ION 8AH Aku","og_description":"CEDLI-ION 8AH Aku - Power+ seeria aku pakub pikka eluiga, stabiilset pinget ja kiiret laadimist. Led indikaator n\u00e4itab aku t\u00e4ituvust Laadimisaeg 60 min","og_url":"https:\/\/ranoja.ee\/toode\/cedli-ion-8ah-aku\/","og_site_name":"Ranoja","article_publisher":"https:\/\/www.facebook.com\/ranoja.ee","article_modified_time":"2026-02-12T14:58:43+00:00","og_image":[{"width":1200,"height":800,"url":"https:\/\/ranoja.ee\/wp-content\/uploads\/2026\/02\/CEDLI-ION-8AH-Aku.jpg","type":"image\/jpeg"}],"twitter_card":"summary_large_image","twitter_misc":{"Est. reading time":"2 minutes"},"schema":{"@context":"https:\/\/schema.org","@graph":[{"@type":"WebPage","@id":"https:\/\/ranoja.ee\/toode\/cedli-ion-8ah-aku\/","url":"https:\/\/ranoja.ee\/toode\/cedli-ion-8ah-aku\/","name":"CEDLI-ION 8AH Aku","isPartOf":{"@id":"https:\/\/ranoja.ee\/#website"},"primaryImageOfPage":{"@id":"https:\/\/ranoja.ee\/toode\/cedli-ion-8ah-aku\/#primaryimage"},"image":{"@id":"https:\/\/ranoja.ee\/toode\/cedli-ion-8ah-aku\/#primaryimage"},"thumbnailUrl":"https:\/\/ranoja.ee\/wp-content\/uploads\/2026\/02\/CEDLI-ION-8AH-Aku.jpg","datePublished":"2026-02-12T14:47:00+00:00","dateModified":"2026-02-12T14:58:43+00:00","description":"CEDLI-ION 8AH Aku - Power+ seeria aku pakub pikka eluiga, stabiilset pinget ja kiiret laadimist. Led indikaator n\u00e4itab aku t\u00e4ituvust Laadimisaeg 60 min","breadcrumb":{"@id":"https:\/\/ranoja.ee\/toode\/cedli-ion-8ah-aku\/#breadcrumb"},"inLanguage":"en-US","potentialAction":[{"@type":"ReadAction","target":["https:\/\/ranoja.ee\/toode\/cedli-ion-8ah-aku\/"]}]},{"@type":"ImageObject","inLanguage":"en-US","@id":"https:\/\/ranoja.ee\/toode\/cedli-ion-8ah-aku\/#primaryimage","url":"https:\/\/ranoja.ee\/wp-content\/uploads\/2026\/02\/CEDLI-ION-8AH-Aku.jpg","contentUrl":"https:\/\/ranoja.ee\/wp-content\/uploads\/2026\/02\/CEDLI-ION-8AH-Aku.jpg","width":1200,"height":800,"caption":"CEDLI-ION 8AH Aku"},{"@type":"BreadcrumbList","@id":"https:\/\/ranoja.ee\/toode\/cedli-ion-8ah-aku\/#breadcrumb","itemListElement":[{"@type":"ListItem","position":1,"name":"Home","item":"https:\/\/ranoja.ee\/"},{"@type":"ListItem","position":2,"name":"Shop","item":"https:\/\/ranoja.ee\/en\/shop\/"},{"@type":"ListItem","position":3,"name":"CEDLI-ION 8AH Aku"}]},{"@type":"WebSite","@id":"https:\/\/ranoja.ee\/#website","url":"https:\/\/ranoja.ee\/","name":"Ranoja","description":"Equipment Shop WooCommerce WordPress Theme for Machine &amp; Tools","publisher":{"@id":"https:\/\/ranoja.ee\/#organization"},"potentialAction":[{"@type":"SearchAction","target":{"@type":"EntryPoint","urlTemplate":"https:\/\/ranoja.ee\/?s={search_term_string}"},"query-input":{"@type":"PropertyValueSpecification","valueRequired":true,"valueName":"search_term_string"}}],"inLanguage":"en-US"},{"@type":"Organization","@id":"https:\/\/ranoja.ee\/#organization","name":"Ranoja O\u00dc","url":"https:\/\/ranoja.ee\/","logo":{"@type":"ImageObject","inLanguage":"en-US","@id":"https:\/\/ranoja.ee\/#\/schema\/logo\/image\/","url":"https:\/\/ranoja.ee\/wp-content\/uploads\/2023\/11\/ranoja-Logo.png","contentUrl":"https:\/\/ranoja.ee\/wp-content\/uploads\/2023\/11\/ranoja-Logo.png","width":207,"height":58,"caption":"Ranoja O\u00dc"},"image":{"@id":"https:\/\/ranoja.ee\/#\/schema\/logo\/image\/"},"sameAs":["https:\/\/www.facebook.com\/ranoja.ee","https:\/\/www.instagram.com\/ranoja__\/"]}]}},"_links":{"self":[{"href":"https:\/\/ranoja.ee\/en\/wp-json\/wp\/v2\/product\/39907","targetHints":{"allow":["GET"]}}],"collection":[{"href":"https:\/\/ranoja.ee\/en\/wp-json\/wp\/v2\/product"}],"about":[{"href":"https:\/\/ranoja.ee\/en\/wp-json\/wp\/v2\/types\/product"}],"wp:featuredmedia":[{"embeddable":true,"href":"https:\/\/ranoja.ee\/en\/wp-json\/wp\/v2\/media\/39908"}],"wp:attachment":[{"href":"https:\/\/ranoja.ee\/en\/wp-json\/wp\/v2\/media?parent=39907"}],"wp:term":[{"taxonomy":"product_cat","embeddable":true,"href":"https:\/\/ranoja.ee\/en\/wp-json\/wp\/v2\/product_cat?post=39907"},{"taxonomy":"product_tag","embeddable":true,"href":"https:\/\/ranoja.ee\/en\/wp-json\/wp\/v2\/product_tag?post=39907"}],"curies":[{"name":"wp","href":"https:\/\/api.w.org\/{rel}","templated":true}]}}