{"id":39632,"date":"2026-02-11T15:13:45","date_gmt":"2026-02-11T12:13:45","guid":{"rendered":"https:\/\/ranoja.ee\/?post_type=product&#038;p=39632"},"modified":"2026-02-11T15:27:48","modified_gmt":"2026-02-11T12:27:48","slug":"lumag-elektrimootoriga-vertikaalne-puulohkuja-gamul-t9-400","status":"publish","type":"product","link":"https:\/\/ranoja.ee\/en\/toode\/lumag-elektrimootoriga-vertikaalne-puulohkuja-gamul-t9-400\/","title":{"rendered":"Lumag elektrimootoriga vertikaalne puul\u00f5hkuja GAMUL-T9-400"},"content":{"rendered":"<p>Lumag elektrimootoriga vertikaalne puul\u00f5hkuja GAMUL-T9-400<\/p>\n<p>GAMUL-T9-400 elektrimootoriga vertikaalne puul\u00f5hkuja on v\u00f5imas ja t\u00f6\u00f6kindel seade. See aitab muuta k\u00fcttepuude ettevalmistamise kiireks, ohutuks ja f\u00fc\u00fcsiliselt v\u00e4hem koormavaks tegevuseks. See masin on m\u00f5eldud nii professionaalseks kasutamiseks kui ka p\u00fcsivaks koduseks t\u00f6\u00f6riistaks, kus on vaja t\u00f6\u00f6delda suuremaid ja j\u00e4medamaid halge efektiivselt. T\u00e4nu elektrimootorile on t\u00f6\u00f6 vaikne, puhas ja heitgaasivaba. Mis sobib h\u00e4sti nii siseruumides kui ka v\u00e4listingimustes kasutamiseks, kus on oluline t\u00f6\u00f6tada ilma m\u00fcra ja heitmeteta.<\/p>\n<p>Seade on varustatud 400 V \/ 50 Hz elektrimootoriga, mille v\u00f5imsus on 3.5 kW ning voolutarve 7.1 A. See annab piisava j\u00f5u suuremate puude l\u00f5hkumiseks. 9-tonnine l\u00f5hkumisj\u00f5ud (\u00b110%) tagab tugeva ja \u00fchtlase j\u00f5u\u00fclekande, mis v\u00f5imaldab t\u00f6\u00f6delda nii pehmeid kui k\u00f5vemaid puuliike. Masin sobib halgude m\u00f5\u00f5tudele vahemikus 100 &#8211; 300 mm l\u00e4bim\u00f5\u00f5t ja 560 \u2013 1040 mm pikkus.<\/p>\n<p>H\u00fcdrauliline s\u00fcsteem t\u00f6\u00f6tab r\u00f5hul kuni 25.5 MPa (255 bar) ning h\u00fcdro\u00f5li maht on kuni 7.0 liitrit (HLP46), mis tagab sujuva ning j\u00f5ulise l\u00f5hkumisliikumise. Masin t\u00f6\u00f6tab kahe t\u00f6\u00f6kiirusega, kus l\u00f5hkumistera kiirus v\u00f5ib olla ligikaudu 26.4 cm\/s v\u00f5i 6.0 cm\/s, ning tagastuskiirus on umbes 7.7 cm\/s.<\/p>\n<p>Vertikaalne konstruktsioon teeb puidu ettepaneku lihtsaks ja ergonoomiliseks, v\u00e4hendades vigastuste riski ja kasutaja f\u00fc\u00fcsilist pingutust. Tugev raam ja IP54 kaitseklass tagavad t\u00f6\u00f6kindluse ka karmimates oludes.<\/p>\n<p>Lumag elektrimootoriga vertikaalne puul\u00f5hkuja GAMUL-T9-400<\/p>\n","protected":false},"excerpt":{"rendered":"<p>Lumag elektrimootoriga vertikaalne puul\u00f5hkuja GAMUL-T9-400<br \/>\nToiteallikas: Elektrimootor 400 V \/ 50 Hz<br \/>\nMootori v\u00f5imsus: 3.5 kW 7.1 A<br \/>\nT\u00f6\u00f6re\u017eiim: S6 40%<br \/>\nKaitseklass: IP54<br \/>\nMootori p\u00f6\u00f6rded: 2800 p\/min<br \/>\nMootori kaitse: Jah<br \/>\nFaasiinverter: Jah<br \/>\nL\u00f5hkumisj\u00f5ud: 9 t \u00b110%<br \/>\nL\u00f5hkumisl\u00e4bim\u00f5\u00f5t: 100 \u2013 300 mm<br \/>\nL\u00f5hkumispikkus: 560 \u2013 1040 mm<br \/>\nH\u00fcdro\u00f5li maht: Maksimaalselt 7.0 l HLP46<br \/>\nH\u00fcdrauliline r\u00f5hk: 25.5 MPa 255 bar<br \/>\nTootlikkus: 11.2 l\/min<br \/>\nL\u00f5hkumisk\u00e4ik: 85 cm<br \/>\nT\u00f6\u00f6kiirused: Ligikaudu 26.4 cm\/s ja 6.0 cm\/s<br \/>\nTagastuskiirus: Ligikaudu 7.7 cm\/s<br \/>\nM\u00f5\u00f5dud P \u00d7 L \u00d7 K: 1420 \u00d7 1320 \u00d7 2280 mm<br \/>\nTootja: Lumag<br \/>\nMudel: GAMUL-T9-400<br \/>\nTootekood: GAMUL T9400<br \/>\nKaal: 177 kg<br \/>\n<strong>Eeldatav tarneaeg 2-3 n\u00e4dalat<\/strong><br \/>\n[embed]https:\/\/youtu.be\/3lchZruJzdk?si=CM9yQ4EBn0cb0EAC[\/embed]<\/p>\n","protected":false},"featured_media":39667,"template":"","meta":{"inline_featured_image":false},"product_cat":[1087,1089],"product_tag":[383,3557,3562,3561,3553,134,481,1724,3393],"class_list":{"0":"post-39632","1":"product","2":"type-product","3":"status-publish","4":"has-post-thumbnail","6":"product_brand-lumag","7":"product_cat-metsatehnika","8":"product_cat-puulohkumismasinad","9":"product_tag-400v","10":"product_tag-elektrimootoriga-vertikaalne-puulohkuja","11":"product_tag-gamul-t9400","12":"product_tag-gamul-t9-400","13":"product_tag-hudrauliline-vertikaalne-puulohkuja","14":"product_tag-lumag","15":"product_tag-puulohkuja","16":"product_tag-puulohkumismasinad","17":"product_tag-vertikaalne-puulohkuja","19":"first","20":"onbackorder","21":"taxable","22":"shipping-taxable","23":"purchasable","24":"product-type-simple"},"yoast_head":"<!-- This site is optimized with the Yoast SEO plugin v27.4 - https:\/\/yoast.com\/product\/yoast-seo-wordpress\/ -->\n<title>Lumag elektrimootoriga vertikaalne puul\u00f5hkuja GAMUL-T9-400<\/title>\n<meta name=\"description\" content=\"Lumag elektrimootoriga vertikaalne puul\u00f5hkuja GAMUL-T9-400 Seade on varustatud 400 V \/ 50 Hz elektrimootoriga, v\u00f5imsus on 3.5 kW ning voolutarve 7.1 A.\" \/>\n<meta name=\"robots\" content=\"index, follow, max-snippet:-1, max-image-preview:large, max-video-preview:-1\" \/>\n<link rel=\"canonical\" href=\"https:\/\/ranoja.ee\/toode\/lumag-elektrimootoriga-vertikaalne-puulohkuja-gamul-t9-400\/\" \/>\n<meta property=\"og:locale\" content=\"en_US\" \/>\n<meta property=\"og:type\" content=\"article\" \/>\n<meta property=\"og:title\" content=\"Lumag elektrimootoriga vertikaalne puul\u00f5hkuja GAMUL-T9-400\" \/>\n<meta property=\"og:description\" content=\"Lumag elektrimootoriga vertikaalne puul\u00f5hkuja GAMUL-T9-400 Seade on varustatud 400 V \/ 50 Hz elektrimootoriga, v\u00f5imsus on 3.5 kW ning voolutarve 7.1 A.\" \/>\n<meta property=\"og:url\" content=\"https:\/\/ranoja.ee\/toode\/lumag-elektrimootoriga-vertikaalne-puulohkuja-gamul-t9-400\/\" \/>\n<meta property=\"og:site_name\" content=\"Ranoja\" \/>\n<meta property=\"article:publisher\" content=\"https:\/\/www.facebook.com\/ranoja.ee\" \/>\n<meta property=\"article:modified_time\" content=\"2026-02-11T12:27:48+00:00\" \/>\n<meta property=\"og:image\" content=\"https:\/\/ranoja.ee\/wp-content\/uploads\/2026\/02\/Lumag-elektrimootoriga-vertikaalne-puulohkuja-GAMUL-T9-400-1.png\" \/>\n\t<meta property=\"og:image:width\" content=\"1500\" \/>\n\t<meta property=\"og:image:height\" content=\"1500\" \/>\n\t<meta property=\"og:image:type\" content=\"image\/png\" \/>\n<meta name=\"twitter:card\" content=\"summary_large_image\" \/>\n<meta name=\"twitter:label1\" content=\"Est. reading time\" \/>\n\t<meta name=\"twitter:data1\" content=\"2 minutes\" \/>\n<script type=\"application\/ld+json\" class=\"yoast-schema-graph\">{\"@context\":\"https:\\\/\\\/schema.org\",\"@graph\":[{\"@type\":\"WebPage\",\"@id\":\"https:\\\/\\\/ranoja.ee\\\/toode\\\/lumag-elektrimootoriga-vertikaalne-puulohkuja-gamul-t9-400\\\/\",\"url\":\"https:\\\/\\\/ranoja.ee\\\/toode\\\/lumag-elektrimootoriga-vertikaalne-puulohkuja-gamul-t9-400\\\/\",\"name\":\"Lumag elektrimootoriga vertikaalne puul\u00f5hkuja GAMUL-T9-400\",\"isPartOf\":{\"@id\":\"https:\\\/\\\/ranoja.ee\\\/#website\"},\"primaryImageOfPage\":{\"@id\":\"https:\\\/\\\/ranoja.ee\\\/toode\\\/lumag-elektrimootoriga-vertikaalne-puulohkuja-gamul-t9-400\\\/#primaryimage\"},\"image\":{\"@id\":\"https:\\\/\\\/ranoja.ee\\\/toode\\\/lumag-elektrimootoriga-vertikaalne-puulohkuja-gamul-t9-400\\\/#primaryimage\"},\"thumbnailUrl\":\"https:\\\/\\\/ranoja.ee\\\/wp-content\\\/uploads\\\/2026\\\/02\\\/Lumag-elektrimootoriga-vertikaalne-puulohkuja-GAMUL-T9-400-1.png\",\"datePublished\":\"2026-02-11T12:13:45+00:00\",\"dateModified\":\"2026-02-11T12:27:48+00:00\",\"description\":\"Lumag elektrimootoriga vertikaalne puul\u00f5hkuja GAMUL-T9-400 Seade on varustatud 400 V \\\/ 50 Hz elektrimootoriga, v\u00f5imsus on 3.5 kW ning voolutarve 7.1 A.\",\"breadcrumb\":{\"@id\":\"https:\\\/\\\/ranoja.ee\\\/toode\\\/lumag-elektrimootoriga-vertikaalne-puulohkuja-gamul-t9-400\\\/#breadcrumb\"},\"inLanguage\":\"en-US\",\"potentialAction\":[{\"@type\":\"ReadAction\",\"target\":[\"https:\\\/\\\/ranoja.ee\\\/toode\\\/lumag-elektrimootoriga-vertikaalne-puulohkuja-gamul-t9-400\\\/\"]}]},{\"@type\":\"ImageObject\",\"inLanguage\":\"en-US\",\"@id\":\"https:\\\/\\\/ranoja.ee\\\/toode\\\/lumag-elektrimootoriga-vertikaalne-puulohkuja-gamul-t9-400\\\/#primaryimage\",\"url\":\"https:\\\/\\\/ranoja.ee\\\/wp-content\\\/uploads\\\/2026\\\/02\\\/Lumag-elektrimootoriga-vertikaalne-puulohkuja-GAMUL-T9-400-1.png\",\"contentUrl\":\"https:\\\/\\\/ranoja.ee\\\/wp-content\\\/uploads\\\/2026\\\/02\\\/Lumag-elektrimootoriga-vertikaalne-puulohkuja-GAMUL-T9-400-1.png\",\"width\":1500,\"height\":1500,\"caption\":\"Lumag elektrimootoriga vertikaalne puul\u00f5hkuja GAMUL-T9-400\"},{\"@type\":\"BreadcrumbList\",\"@id\":\"https:\\\/\\\/ranoja.ee\\\/toode\\\/lumag-elektrimootoriga-vertikaalne-puulohkuja-gamul-t9-400\\\/#breadcrumb\",\"itemListElement\":[{\"@type\":\"ListItem\",\"position\":1,\"name\":\"Home\",\"item\":\"https:\\\/\\\/ranoja.ee\\\/\"},{\"@type\":\"ListItem\",\"position\":2,\"name\":\"Shop\",\"item\":\"https:\\\/\\\/ranoja.ee\\\/en\\\/shop\\\/\"},{\"@type\":\"ListItem\",\"position\":3,\"name\":\"Lumag elektrimootoriga vertikaalne puul\u00f5hkuja GAMUL-T9-400\"}]},{\"@type\":\"WebSite\",\"@id\":\"https:\\\/\\\/ranoja.ee\\\/#website\",\"url\":\"https:\\\/\\\/ranoja.ee\\\/\",\"name\":\"Ranoja\",\"description\":\"Equipment Shop WooCommerce WordPress Theme for Machine &amp; Tools\",\"publisher\":{\"@id\":\"https:\\\/\\\/ranoja.ee\\\/#organization\"},\"potentialAction\":[{\"@type\":\"SearchAction\",\"target\":{\"@type\":\"EntryPoint\",\"urlTemplate\":\"https:\\\/\\\/ranoja.ee\\\/?s={search_term_string}\"},\"query-input\":{\"@type\":\"PropertyValueSpecification\",\"valueRequired\":true,\"valueName\":\"search_term_string\"}}],\"inLanguage\":\"en-US\"},{\"@type\":\"Organization\",\"@id\":\"https:\\\/\\\/ranoja.ee\\\/#organization\",\"name\":\"Ranoja O\u00dc\",\"url\":\"https:\\\/\\\/ranoja.ee\\\/\",\"logo\":{\"@type\":\"ImageObject\",\"inLanguage\":\"en-US\",\"@id\":\"https:\\\/\\\/ranoja.ee\\\/#\\\/schema\\\/logo\\\/image\\\/\",\"url\":\"https:\\\/\\\/ranoja.ee\\\/wp-content\\\/uploads\\\/2023\\\/11\\\/ranoja-Logo.png\",\"contentUrl\":\"https:\\\/\\\/ranoja.ee\\\/wp-content\\\/uploads\\\/2023\\\/11\\\/ranoja-Logo.png\",\"width\":207,\"height\":58,\"caption\":\"Ranoja O\u00dc\"},\"image\":{\"@id\":\"https:\\\/\\\/ranoja.ee\\\/#\\\/schema\\\/logo\\\/image\\\/\"},\"sameAs\":[\"https:\\\/\\\/www.facebook.com\\\/ranoja.ee\",\"https:\\\/\\\/www.instagram.com\\\/ranoja__\\\/\"]}]}<\/script>\n<!-- \/ Yoast SEO plugin. -->","yoast_head_json":{"title":"Lumag elektrimootoriga vertikaalne puul\u00f5hkuja GAMUL-T9-400","description":"Lumag elektrimootoriga vertikaalne puul\u00f5hkuja GAMUL-T9-400 Seade on varustatud 400 V \/ 50 Hz elektrimootoriga, v\u00f5imsus on 3.5 kW ning voolutarve 7.1 A.","robots":{"index":"index","follow":"follow","max-snippet":"max-snippet:-1","max-image-preview":"max-image-preview:large","max-video-preview":"max-video-preview:-1"},"canonical":"https:\/\/ranoja.ee\/toode\/lumag-elektrimootoriga-vertikaalne-puulohkuja-gamul-t9-400\/","og_locale":"en_US","og_type":"article","og_title":"Lumag elektrimootoriga vertikaalne puul\u00f5hkuja GAMUL-T9-400","og_description":"Lumag elektrimootoriga vertikaalne puul\u00f5hkuja GAMUL-T9-400 Seade on varustatud 400 V \/ 50 Hz elektrimootoriga, v\u00f5imsus on 3.5 kW ning voolutarve 7.1 A.","og_url":"https:\/\/ranoja.ee\/toode\/lumag-elektrimootoriga-vertikaalne-puulohkuja-gamul-t9-400\/","og_site_name":"Ranoja","article_publisher":"https:\/\/www.facebook.com\/ranoja.ee","article_modified_time":"2026-02-11T12:27:48+00:00","og_image":[{"width":1500,"height":1500,"url":"https:\/\/ranoja.ee\/wp-content\/uploads\/2026\/02\/Lumag-elektrimootoriga-vertikaalne-puulohkuja-GAMUL-T9-400-1.png","type":"image\/png"}],"twitter_card":"summary_large_image","twitter_misc":{"Est. reading time":"2 minutes"},"schema":{"@context":"https:\/\/schema.org","@graph":[{"@type":"WebPage","@id":"https:\/\/ranoja.ee\/toode\/lumag-elektrimootoriga-vertikaalne-puulohkuja-gamul-t9-400\/","url":"https:\/\/ranoja.ee\/toode\/lumag-elektrimootoriga-vertikaalne-puulohkuja-gamul-t9-400\/","name":"Lumag elektrimootoriga vertikaalne puul\u00f5hkuja GAMUL-T9-400","isPartOf":{"@id":"https:\/\/ranoja.ee\/#website"},"primaryImageOfPage":{"@id":"https:\/\/ranoja.ee\/toode\/lumag-elektrimootoriga-vertikaalne-puulohkuja-gamul-t9-400\/#primaryimage"},"image":{"@id":"https:\/\/ranoja.ee\/toode\/lumag-elektrimootoriga-vertikaalne-puulohkuja-gamul-t9-400\/#primaryimage"},"thumbnailUrl":"https:\/\/ranoja.ee\/wp-content\/uploads\/2026\/02\/Lumag-elektrimootoriga-vertikaalne-puulohkuja-GAMUL-T9-400-1.png","datePublished":"2026-02-11T12:13:45+00:00","dateModified":"2026-02-11T12:27:48+00:00","description":"Lumag elektrimootoriga vertikaalne puul\u00f5hkuja GAMUL-T9-400 Seade on varustatud 400 V \/ 50 Hz elektrimootoriga, v\u00f5imsus on 3.5 kW ning voolutarve 7.1 A.","breadcrumb":{"@id":"https:\/\/ranoja.ee\/toode\/lumag-elektrimootoriga-vertikaalne-puulohkuja-gamul-t9-400\/#breadcrumb"},"inLanguage":"en-US","potentialAction":[{"@type":"ReadAction","target":["https:\/\/ranoja.ee\/toode\/lumag-elektrimootoriga-vertikaalne-puulohkuja-gamul-t9-400\/"]}]},{"@type":"ImageObject","inLanguage":"en-US","@id":"https:\/\/ranoja.ee\/toode\/lumag-elektrimootoriga-vertikaalne-puulohkuja-gamul-t9-400\/#primaryimage","url":"https:\/\/ranoja.ee\/wp-content\/uploads\/2026\/02\/Lumag-elektrimootoriga-vertikaalne-puulohkuja-GAMUL-T9-400-1.png","contentUrl":"https:\/\/ranoja.ee\/wp-content\/uploads\/2026\/02\/Lumag-elektrimootoriga-vertikaalne-puulohkuja-GAMUL-T9-400-1.png","width":1500,"height":1500,"caption":"Lumag elektrimootoriga vertikaalne puul\u00f5hkuja GAMUL-T9-400"},{"@type":"BreadcrumbList","@id":"https:\/\/ranoja.ee\/toode\/lumag-elektrimootoriga-vertikaalne-puulohkuja-gamul-t9-400\/#breadcrumb","itemListElement":[{"@type":"ListItem","position":1,"name":"Home","item":"https:\/\/ranoja.ee\/"},{"@type":"ListItem","position":2,"name":"Shop","item":"https:\/\/ranoja.ee\/en\/shop\/"},{"@type":"ListItem","position":3,"name":"Lumag elektrimootoriga vertikaalne puul\u00f5hkuja GAMUL-T9-400"}]},{"@type":"WebSite","@id":"https:\/\/ranoja.ee\/#website","url":"https:\/\/ranoja.ee\/","name":"Ranoja","description":"Equipment Shop WooCommerce WordPress Theme for Machine &amp; Tools","publisher":{"@id":"https:\/\/ranoja.ee\/#organization"},"potentialAction":[{"@type":"SearchAction","target":{"@type":"EntryPoint","urlTemplate":"https:\/\/ranoja.ee\/?s={search_term_string}"},"query-input":{"@type":"PropertyValueSpecification","valueRequired":true,"valueName":"search_term_string"}}],"inLanguage":"en-US"},{"@type":"Organization","@id":"https:\/\/ranoja.ee\/#organization","name":"Ranoja O\u00dc","url":"https:\/\/ranoja.ee\/","logo":{"@type":"ImageObject","inLanguage":"en-US","@id":"https:\/\/ranoja.ee\/#\/schema\/logo\/image\/","url":"https:\/\/ranoja.ee\/wp-content\/uploads\/2023\/11\/ranoja-Logo.png","contentUrl":"https:\/\/ranoja.ee\/wp-content\/uploads\/2023\/11\/ranoja-Logo.png","width":207,"height":58,"caption":"Ranoja O\u00dc"},"image":{"@id":"https:\/\/ranoja.ee\/#\/schema\/logo\/image\/"},"sameAs":["https:\/\/www.facebook.com\/ranoja.ee","https:\/\/www.instagram.com\/ranoja__\/"]}]}},"_links":{"self":[{"href":"https:\/\/ranoja.ee\/en\/wp-json\/wp\/v2\/product\/39632","targetHints":{"allow":["GET"]}}],"collection":[{"href":"https:\/\/ranoja.ee\/en\/wp-json\/wp\/v2\/product"}],"about":[{"href":"https:\/\/ranoja.ee\/en\/wp-json\/wp\/v2\/types\/product"}],"wp:featuredmedia":[{"embeddable":true,"href":"https:\/\/ranoja.ee\/en\/wp-json\/wp\/v2\/media\/39667"}],"wp:attachment":[{"href":"https:\/\/ranoja.ee\/en\/wp-json\/wp\/v2\/media?parent=39632"}],"wp:term":[{"taxonomy":"product_cat","embeddable":true,"href":"https:\/\/ranoja.ee\/en\/wp-json\/wp\/v2\/product_cat?post=39632"},{"taxonomy":"product_tag","embeddable":true,"href":"https:\/\/ranoja.ee\/en\/wp-json\/wp\/v2\/product_tag?post=39632"}],"curies":[{"name":"wp","href":"https:\/\/api.w.org\/{rel}","templated":true}]}}